{"id":103394,"date":"2026-03-25T09:31:49","date_gmt":"2026-03-25T08:31:49","guid":{"rendered":"https:\/\/www.upjs.sk\/tlacova-referentka\/"},"modified":"2026-03-25T11:27:57","modified_gmt":"2026-03-25T10:27:57","slug":"tlacova-referentka","status":"publish","type":"page","link":"https:\/\/www.upjs.sk\/en\/tlacova-referentka\/","title":{"rendered":"Press Officer and Spokesperson"},"content":{"rendered":"<style>.kb-row-layout-id103394_67dcb7-2a > .kt-row-column-wrap{align-content:start;}:where(.kb-row-layout-id103394_67dcb7-2a > .kt-row-column-wrap) > .wp-block-kadence-column{justify-content:start;}.kb-row-layout-id103394_67dcb7-2a > .kt-row-column-wrap{column-gap:var(--global-kb-gap-md, 2rem);row-gap:var(--global-kb-gap-md, 2rem);padding-top:var(--global-kb-spacing-sm, 1.5rem);padding-bottom:var(--global-kb-spacing-sm, 1.5rem);grid-template-columns:minmax(0, 1fr) minmax(0, 2fr);}.kb-row-layout-id103394_67dcb7-2a{background-color:#eeecec;}.kb-row-layout-id103394_67dcb7-2a > .kt-row-layout-overlay{opacity:0.30;}@media all and (max-width: 1024px){.kb-row-layout-id103394_67dcb7-2a > .kt-row-column-wrap{grid-template-columns:minmax(0, 1fr) minmax(0, 2fr);}}@media all and (max-width: 767px){.kb-row-layout-id103394_67dcb7-2a > .kt-row-column-wrap{grid-template-columns:minmax(0, 1fr);}}<\/style><div class=\"kb-row-layout-wrap kb-row-layout-id103394_67dcb7-2a alignnone kt-row-has-bg wp-block-kadence-rowlayout\"><div class=\"kt-row-column-wrap kt-has-2-columns kt-row-layout-right-golden kt-tab-layout-inherit kt-mobile-layout-row kt-row-valign-top\">\n<style>.kadence-column103394_ba02a6-46 > .kt-inside-inner-col,.kadence-column103394_ba02a6-46 > .kt-inside-inner-col:before{border-top-left-radius:0px;border-top-right-radius:0px;border-bottom-right-radius:0px;border-bottom-left-radius:0px;}.kadence-column103394_ba02a6-46 > .kt-inside-inner-col{column-gap:var(--global-kb-gap-sm, 1rem);}.kadence-column103394_ba02a6-46 > .kt-inside-inner-col{flex-direction:column;}.kadence-column103394_ba02a6-46 > .kt-inside-inner-col > .aligncenter{width:100%;}.kadence-column103394_ba02a6-46 > .kt-inside-inner-col:before{opacity:0.3;}.kadence-column103394_ba02a6-46{position:relative;}@media all and (max-width: 1024px){.kadence-column103394_ba02a6-46 > .kt-inside-inner-col{flex-direction:column;justify-content:center;}}@media all and (max-width: 767px){.kadence-column103394_ba02a6-46 > .kt-inside-inner-col{flex-direction:column;justify-content:center;}}<\/style>\n<div class=\"wp-block-kadence-column kadence-column103394_ba02a6-46\"><div class=\"kt-inside-inner-col\">\n<figure class=\"wp-block-image size-full\"><img decoding=\"async\" width=\"150\" height=\"224\" src=\"https:\/\/www.upjs.sk\/app\/uploads\/2022\/09\/L-Holanova.jpg\" alt=\"\" class=\"wp-image-3362\"\/><\/figure>\n<\/div><\/div>\n\n\n<style>.kadence-column103394_f559d3-ac > .kt-inside-inner-col,.kadence-column103394_f559d3-ac > .kt-inside-inner-col:before{border-top-left-radius:0px;border-top-right-radius:0px;border-bottom-right-radius:0px;border-bottom-left-radius:0px;}.kadence-column103394_f559d3-ac > .kt-inside-inner-col{column-gap:var(--global-kb-gap-sm, 1rem);}.kadence-column103394_f559d3-ac > .kt-inside-inner-col{flex-direction:column;}.kadence-column103394_f559d3-ac > .kt-inside-inner-col > .aligncenter{width:100%;}.kadence-column103394_f559d3-ac > .kt-inside-inner-col:before{opacity:0.3;}.kadence-column103394_f559d3-ac{position:relative;}@media all and (max-width: 1024px){.kadence-column103394_f559d3-ac > .kt-inside-inner-col{flex-direction:column;justify-content:center;}}@media all and (max-width: 767px){.kadence-column103394_f559d3-ac > .kt-inside-inner-col{flex-direction:column;justify-content:center;}}<\/style>\n<div class=\"wp-block-kadence-column kadence-column103394_f559d3-ac\"><div class=\"kt-inside-inner-col\">\n<p><strong>Press Officer and Spokesperson<\/strong> <strong>UPJ\u0160<\/strong><\/p>\n\n\n\n<p><strong><a href=\"https:\/\/www.upjs.sk\/karta-zamestnanca\/\" class=\"ek-link\">Mgr. Laura Ho\u013eanov\u00e1, PhD.<\/a><\/strong><br>e-mail: <a href=\"mailto:laura.holanova@upjs.sk\" class=\"ek-link\">laura.holanova@upjs.sk<\/a>, <a href=\"mailto:media@upjs.sk\" class=\"ek-link\">media@upjs.sk<\/a><br>phone: +421 55 234 1550<br>mob.: +421 905 385 911<\/p>\n<\/div><\/div>\n\n<\/div><\/div>\n\n\n<p><\/p>\n","protected":false},"excerpt":{"rendered":"<p>Press Officer and Spokesperson UPJ\u0160 Mgr. Laura Ho\u013eanov\u00e1, PhD.e-mail: laura.holanova@upjs.sk, media@upjs.skphone: +421 55 234 1550mob.: +421 905 385 911<\/p>\n","protected":false},"author":16,"featured_media":0,"parent":0,"menu_order":0,"comment_status":"closed","ping_status":"closed","template":"","meta":{"_acf_changed":false,"_editorskit_title_hidden":false,"_editorskit_reading_time":0,"_editorskit_is_block_options_detached":false,"_editorskit_block_options_position":"{}","footnotes":""},"categories":[],"tags":[],"class_list":["post-103394","page","type-page","status-publish","hentry"],"acf":{"acf_link_na_externy_obsah":""},"yoast_head":"<!-- This site is optimized with the Yoast SEO plugin v27.4 - https:\/\/yoast.com\/product\/yoast-seo-wordpress\/ -->\n<title>Press Officer and Spokesperson - UPJ\u0160 Ko\u0161ice<\/title>\n<meta name=\"robots\" content=\"index, follow, max-snippet:-1, max-image-preview:large, max-video-preview:-1\" \/>\n<link rel=\"canonical\" href=\"https:\/\/www.upjs.sk\/en\/tlacova-referentka\/\" \/>\n<meta property=\"og:locale\" content=\"en_US\" \/>\n<meta property=\"og:type\" content=\"article\" \/>\n<meta property=\"og:title\" content=\"Press Officer and Spokesperson - UPJ\u0160 Ko\u0161ice\" \/>\n<meta property=\"og:description\" content=\"Press Officer and Spokesperson UPJ\u0160 Mgr. Laura Ho\u013eanov\u00e1, PhD.e-mail: laura.holanova@upjs.sk, media@upjs.skphone: +421 55 234 1550mob.: +421 905 385 911\" \/>\n<meta property=\"og:url\" content=\"https:\/\/www.upjs.sk\/en\/tlacova-referentka\/\" \/>\n<meta property=\"og:site_name\" content=\"UPJ\u0160 Ko\u0161ice\" \/>\n<meta property=\"article:publisher\" content=\"https:\/\/www.facebook.com\/UniverzitaPavlaJozefaSafarikaVkosiciach\/\" \/>\n<meta property=\"article:modified_time\" content=\"2026-03-25T10:27:57+00:00\" \/>\n<meta property=\"og:image\" content=\"https:\/\/www.upjs.sk\/app\/uploads\/2022\/09\/L-Holanova.jpg\" \/>\n\t<meta property=\"og:image:width\" content=\"150\" \/>\n\t<meta property=\"og:image:height\" content=\"224\" \/>\n\t<meta property=\"og:image:type\" content=\"image\/jpeg\" \/>\n<meta name=\"twitter:card\" content=\"summary_large_image\" \/>\n<meta name=\"twitter:site\" content=\"@UPJS_kosice\" \/>\n<script type=\"application\/ld+json\" class=\"yoast-schema-graph\">{\"@context\":\"https:\\\/\\\/schema.org\",\"@graph\":[{\"@type\":\"WebPage\",\"@id\":\"https:\\\/\\\/www.upjs.sk\\\/en\\\/tlacova-referentka\\\/\",\"url\":\"https:\\\/\\\/www.upjs.sk\\\/en\\\/tlacova-referentka\\\/\",\"name\":\"Press Officer and Spokesperson - UPJ\u0160 Ko\u0161ice\",\"isPartOf\":{\"@id\":\"https:\\\/\\\/www.upjs.sk\\\/en\\\/#website\"},\"primaryImageOfPage\":{\"@id\":\"https:\\\/\\\/www.upjs.sk\\\/en\\\/tlacova-referentka\\\/#primaryimage\"},\"image\":{\"@id\":\"https:\\\/\\\/www.upjs.sk\\\/en\\\/tlacova-referentka\\\/#primaryimage\"},\"thumbnailUrl\":\"https:\\\/\\\/www.upjs.sk\\\/app\\\/uploads\\\/2022\\\/09\\\/L-Holanova.jpg\",\"datePublished\":\"2026-03-25T08:31:49+00:00\",\"dateModified\":\"2026-03-25T10:27:57+00:00\",\"breadcrumb\":{\"@id\":\"https:\\\/\\\/www.upjs.sk\\\/en\\\/tlacova-referentka\\\/#breadcrumb\"},\"inLanguage\":\"en-US\",\"potentialAction\":[{\"@type\":\"ReadAction\",\"target\":[\"https:\\\/\\\/www.upjs.sk\\\/en\\\/tlacova-referentka\\\/\"]}]},{\"@type\":\"ImageObject\",\"inLanguage\":\"en-US\",\"@id\":\"https:\\\/\\\/www.upjs.sk\\\/en\\\/tlacova-referentka\\\/#primaryimage\",\"url\":\"https:\\\/\\\/www.upjs.sk\\\/app\\\/uploads\\\/2022\\\/09\\\/L-Holanova.jpg\",\"contentUrl\":\"https:\\\/\\\/www.upjs.sk\\\/app\\\/uploads\\\/2022\\\/09\\\/L-Holanova.jpg\"},{\"@type\":\"BreadcrumbList\",\"@id\":\"https:\\\/\\\/www.upjs.sk\\\/en\\\/tlacova-referentka\\\/#breadcrumb\",\"itemListElement\":[{\"@type\":\"ListItem\",\"position\":1,\"name\":\"Home\",\"item\":\"https:\\\/\\\/www.upjs.sk\\\/en\\\/\"},{\"@type\":\"ListItem\",\"position\":2,\"name\":\"Press Officer and Spokesperson\"}]},{\"@type\":\"WebSite\",\"@id\":\"https:\\\/\\\/www.upjs.sk\\\/en\\\/#website\",\"url\":\"https:\\\/\\\/www.upjs.sk\\\/en\\\/\",\"name\":\"UPJ\u0160 Ko\u0161ice\",\"description\":\"Wisdom of the Past, Knowledge of the Present, Education of the Future\",\"publisher\":{\"@id\":\"https:\\\/\\\/www.upjs.sk\\\/en\\\/#organization\"},\"potentialAction\":[{\"@type\":\"SearchAction\",\"target\":{\"@type\":\"EntryPoint\",\"urlTemplate\":\"https:\\\/\\\/www.upjs.sk\\\/en\\\/?s={search_term_string}\"},\"query-input\":{\"@type\":\"PropertyValueSpecification\",\"valueRequired\":true,\"valueName\":\"search_term_string\"}}],\"inLanguage\":\"en-US\"},{\"@type\":\"Organization\",\"@id\":\"https:\\\/\\\/www.upjs.sk\\\/en\\\/#organization\",\"name\":\"UPJ\u0160 Ko\u0161ice\",\"url\":\"https:\\\/\\\/www.upjs.sk\\\/en\\\/\",\"logo\":{\"@type\":\"ImageObject\",\"inLanguage\":\"en-US\",\"@id\":\"https:\\\/\\\/www.upjs.sk\\\/en\\\/#\\\/schema\\\/logo\\\/image\\\/\",\"url\":\"https:\\\/\\\/www.upjs.sk\\\/app\\\/uploads\\\/2023\\\/01\\\/UPJS_ENG_esymbol.svg\",\"contentUrl\":\"https:\\\/\\\/www.upjs.sk\\\/app\\\/uploads\\\/2023\\\/01\\\/UPJS_ENG_esymbol.svg\",\"width\":448,\"height\":139,\"caption\":\"UPJ\u0160 Ko\u0161ice\"},\"image\":{\"@id\":\"https:\\\/\\\/www.upjs.sk\\\/en\\\/#\\\/schema\\\/logo\\\/image\\\/\"},\"sameAs\":[\"https:\\\/\\\/www.facebook.com\\\/UniverzitaPavlaJozefaSafarikaVkosiciach\\\/\",\"https:\\\/\\\/x.com\\\/UPJS_kosice\",\"https:\\\/\\\/www.instagram.com\\\/upjs_kosice\",\"https:\\\/\\\/www.linkedin.com\\\/company\\\/pavol-jozef-afrik-university-in-koice\\\/\"]}]}<\/script>\n<!-- \/ Yoast SEO plugin. -->","yoast_head_json":{"title":"Press Officer and Spokesperson - UPJ\u0160 Ko\u0161ice","robots":{"index":"index","follow":"follow","max-snippet":"max-snippet:-1","max-image-preview":"max-image-preview:large","max-video-preview":"max-video-preview:-1"},"canonical":"https:\/\/www.upjs.sk\/en\/tlacova-referentka\/","og_locale":"en_US","og_type":"article","og_title":"Press Officer and Spokesperson - UPJ\u0160 Ko\u0161ice","og_description":"Press Officer and Spokesperson UPJ\u0160 Mgr. Laura Ho\u013eanov\u00e1, PhD.e-mail: laura.holanova@upjs.sk, media@upjs.skphone: +421 55 234 1550mob.: +421 905 385 911","og_url":"https:\/\/www.upjs.sk\/en\/tlacova-referentka\/","og_site_name":"UPJ\u0160 Ko\u0161ice","article_publisher":"https:\/\/www.facebook.com\/UniverzitaPavlaJozefaSafarikaVkosiciach\/","article_modified_time":"2026-03-25T10:27:57+00:00","og_image":[{"width":150,"height":224,"url":"https:\/\/www.upjs.sk\/app\/uploads\/2022\/09\/L-Holanova.jpg","type":"image\/jpeg"}],"twitter_card":"summary_large_image","twitter_site":"@UPJS_kosice","schema":{"@context":"https:\/\/schema.org","@graph":[{"@type":"WebPage","@id":"https:\/\/www.upjs.sk\/en\/tlacova-referentka\/","url":"https:\/\/www.upjs.sk\/en\/tlacova-referentka\/","name":"Press Officer and Spokesperson - UPJ\u0160 Ko\u0161ice","isPartOf":{"@id":"https:\/\/www.upjs.sk\/en\/#website"},"primaryImageOfPage":{"@id":"https:\/\/www.upjs.sk\/en\/tlacova-referentka\/#primaryimage"},"image":{"@id":"https:\/\/www.upjs.sk\/en\/tlacova-referentka\/#primaryimage"},"thumbnailUrl":"https:\/\/www.upjs.sk\/app\/uploads\/2022\/09\/L-Holanova.jpg","datePublished":"2026-03-25T08:31:49+00:00","dateModified":"2026-03-25T10:27:57+00:00","breadcrumb":{"@id":"https:\/\/www.upjs.sk\/en\/tlacova-referentka\/#breadcrumb"},"inLanguage":"en-US","potentialAction":[{"@type":"ReadAction","target":["https:\/\/www.upjs.sk\/en\/tlacova-referentka\/"]}]},{"@type":"ImageObject","inLanguage":"en-US","@id":"https:\/\/www.upjs.sk\/en\/tlacova-referentka\/#primaryimage","url":"https:\/\/www.upjs.sk\/app\/uploads\/2022\/09\/L-Holanova.jpg","contentUrl":"https:\/\/www.upjs.sk\/app\/uploads\/2022\/09\/L-Holanova.jpg"},{"@type":"BreadcrumbList","@id":"https:\/\/www.upjs.sk\/en\/tlacova-referentka\/#breadcrumb","itemListElement":[{"@type":"ListItem","position":1,"name":"Home","item":"https:\/\/www.upjs.sk\/en\/"},{"@type":"ListItem","position":2,"name":"Press Officer and Spokesperson"}]},{"@type":"WebSite","@id":"https:\/\/www.upjs.sk\/en\/#website","url":"https:\/\/www.upjs.sk\/en\/","name":"UPJ\u0160 Ko\u0161ice","description":"Wisdom of the Past, Knowledge of the Present, Education of the Future","publisher":{"@id":"https:\/\/www.upjs.sk\/en\/#organization"},"potentialAction":[{"@type":"SearchAction","target":{"@type":"EntryPoint","urlTemplate":"https:\/\/www.upjs.sk\/en\/?s={search_term_string}"},"query-input":{"@type":"PropertyValueSpecification","valueRequired":true,"valueName":"search_term_string"}}],"inLanguage":"en-US"},{"@type":"Organization","@id":"https:\/\/www.upjs.sk\/en\/#organization","name":"UPJ\u0160 Ko\u0161ice","url":"https:\/\/www.upjs.sk\/en\/","logo":{"@type":"ImageObject","inLanguage":"en-US","@id":"https:\/\/www.upjs.sk\/en\/#\/schema\/logo\/image\/","url":"https:\/\/www.upjs.sk\/app\/uploads\/2023\/01\/UPJS_ENG_esymbol.svg","contentUrl":"https:\/\/www.upjs.sk\/app\/uploads\/2023\/01\/UPJS_ENG_esymbol.svg","width":448,"height":139,"caption":"UPJ\u0160 Ko\u0161ice"},"image":{"@id":"https:\/\/www.upjs.sk\/en\/#\/schema\/logo\/image\/"},"sameAs":["https:\/\/www.facebook.com\/UniverzitaPavlaJozefaSafarikaVkosiciach\/","https:\/\/x.com\/UPJS_kosice","https:\/\/www.instagram.com\/upjs_kosice","https:\/\/www.linkedin.com\/company\/pavol-jozef-afrik-university-in-koice\/"]}]}},"_links":{"self":[{"href":"https:\/\/www.upjs.sk\/en\/wp-json\/wp\/v2\/pages\/103394","targetHints":{"allow":["GET"]}}],"collection":[{"href":"https:\/\/www.upjs.sk\/en\/wp-json\/wp\/v2\/pages"}],"about":[{"href":"https:\/\/www.upjs.sk\/en\/wp-json\/wp\/v2\/types\/page"}],"author":[{"embeddable":true,"href":"https:\/\/www.upjs.sk\/en\/wp-json\/wp\/v2\/users\/16"}],"replies":[{"embeddable":true,"href":"https:\/\/www.upjs.sk\/en\/wp-json\/wp\/v2\/comments?post=103394"}],"version-history":[{"count":3,"href":"https:\/\/www.upjs.sk\/en\/wp-json\/wp\/v2\/pages\/103394\/revisions"}],"predecessor-version":[{"id":103403,"href":"https:\/\/www.upjs.sk\/en\/wp-json\/wp\/v2\/pages\/103394\/revisions\/103403"}],"wp:attachment":[{"href":"https:\/\/www.upjs.sk\/en\/wp-json\/wp\/v2\/media?parent=103394"}],"wp:term":[{"taxonomy":"category","embeddable":true,"href":"https:\/\/www.upjs.sk\/en\/wp-json\/wp\/v2\/categories?post=103394"},{"taxonomy":"post_tag","embeddable":true,"href":"https:\/\/www.upjs.sk\/en\/wp-json\/wp\/v2\/tags?post=103394"}],"curies":[{"name":"wp","href":"https:\/\/api.w.org\/{rel}","templated":true}]}}