{"id":104265,"date":"2026-03-30T10:57:25","date_gmt":"2026-03-30T08:57:25","guid":{"rendered":"https:\/\/www.upjs.sk\/university\/about-the-university\/basic-facts\/statut-upjs\/"},"modified":"2026-04-16T13:29:25","modified_gmt":"2026-04-16T11:29:25","slug":"statute-upjs","status":"publish","type":"page","link":"https:\/\/www.upjs.sk\/en\/university\/about-the-university\/basic-facts\/statute-upjs\/","title":{"rendered":"Statute of Pavol Jozef \u0160af\u00e1rik University in Ko\u0161ice\u0160tat\u00fat UPJ\u0160"},"content":{"rendered":"<style>.kb-row-layout-id104265_eebfc3-fd > .kt-row-column-wrap{align-content:start;}:where(.kb-row-layout-id104265_eebfc3-fd > .kt-row-column-wrap) > .wp-block-kadence-column{justify-content:start;}.kb-row-layout-id104265_eebfc3-fd > .kt-row-column-wrap{column-gap:var(--global-kb-gap-md, 2rem);row-gap:var(--global-kb-gap-md, 2rem);padding-top:var(--global-kb-spacing-sm, 1.5rem);padding-bottom:var(--global-kb-spacing-sm, 1.5rem);grid-template-columns:repeat(2, minmax(0, 1fr));}.kb-row-layout-id104265_eebfc3-fd > .kt-row-layout-overlay{opacity:0.30;}@media all and (max-width: 1024px){.kb-row-layout-id104265_eebfc3-fd > .kt-row-column-wrap{grid-template-columns:repeat(2, minmax(0, 1fr));}}@media all and (max-width: 767px){.kb-row-layout-id104265_eebfc3-fd > .kt-row-column-wrap{grid-template-columns:minmax(0, 1fr);}}<\/style><div class=\"kb-row-layout-wrap kb-row-layout-id104265_eebfc3-fd alignnone wp-block-kadence-rowlayout\"><div class=\"kt-row-column-wrap kt-has-2-columns kt-row-layout-equal kt-tab-layout-inherit kt-mobile-layout-row kt-row-valign-top\">\n<style>.kadence-column104265_a39e5a-ee > .kt-inside-inner-col,.kadence-column104265_a39e5a-ee > .kt-inside-inner-col:before{border-top-left-radius:0px;border-top-right-radius:0px;border-bottom-right-radius:0px;border-bottom-left-radius:0px;}.kadence-column104265_a39e5a-ee > .kt-inside-inner-col{column-gap:var(--global-kb-gap-sm, 1rem);}.kadence-column104265_a39e5a-ee > .kt-inside-inner-col{flex-direction:column;}.kadence-column104265_a39e5a-ee > .kt-inside-inner-col > .aligncenter{width:100%;}.kadence-column104265_a39e5a-ee > .kt-inside-inner-col:before{opacity:0.3;}.kadence-column104265_a39e5a-ee{position:relative;}@media all and (max-width: 1024px){.kadence-column104265_a39e5a-ee > .kt-inside-inner-col{flex-direction:column;justify-content:center;}}@media all and (max-width: 767px){.kadence-column104265_a39e5a-ee > .kt-inside-inner-col{flex-direction:column;justify-content:center;}}<\/style>\n<div class=\"wp-block-kadence-column kadence-column104265_a39e5a-ee\"><div class=\"kt-inside-inner-col\">\n<p><\/p>\n\n\n\n<p><\/p>\n\n\n\n<p><\/p>\n\n\n\n<p class=\"has-text-align-left\"><strong><a href=\"https:\/\/intranet.upjs.sk\/op\/op.Public.php?documentid=8236\" target=\"_blank\" rel=\"noreferrer noopener\">Statute of Pavol Jozef \u0160af\u00e1rik University in Ko\u0161ice<\/a><\/strong><br><strong><a href=\"https:\/\/intranet.upjs.sk\/op\/op.Public.php?documentid=10922\" target=\"_blank\" rel=\"noreferrer noopener\">Amendment No. 1 to the Statute of Pavol Jozef \u0160af\u00e1rik University in Ko\u0161ice<\/a><\/strong><\/p>\n<\/div><\/div>\n\n\n<style>.kadence-column104265_f9567d-fc > .kt-inside-inner-col,.kadence-column104265_f9567d-fc > .kt-inside-inner-col:before{border-top-left-radius:0px;border-top-right-radius:0px;border-bottom-right-radius:0px;border-bottom-left-radius:0px;}.kadence-column104265_f9567d-fc > .kt-inside-inner-col{column-gap:var(--global-kb-gap-sm, 1rem);}.kadence-column104265_f9567d-fc > .kt-inside-inner-col{flex-direction:column;}.kadence-column104265_f9567d-fc > .kt-inside-inner-col > .aligncenter{width:100%;}.kadence-column104265_f9567d-fc > .kt-inside-inner-col:before{opacity:0.3;}.kadence-column104265_f9567d-fc{position:relative;}@media all and (max-width: 1024px){.kadence-column104265_f9567d-fc > .kt-inside-inner-col{flex-direction:column;justify-content:center;}}@media all and (max-width: 767px){.kadence-column104265_f9567d-fc > .kt-inside-inner-col{flex-direction:column;justify-content:center;}}<\/style>\n<div class=\"wp-block-kadence-column kadence-column104265_f9567d-fc\"><div class=\"kt-inside-inner-col\">\n<figure class=\"wp-block-image size-full is-resized\"><img decoding=\"async\" width=\"1000\" height=\"920\" src=\"https:\/\/www.upjs.sk\/app\/uploads\/2023\/02\/statut-upjs-2022-obr.jpg\" alt=\"\" class=\"wp-image-52813\" style=\"aspect-ratio:1.0869798817981016;width:285px;height:auto\" srcset=\"https:\/\/www.upjs.sk\/app\/uploads\/2023\/02\/statut-upjs-2022-obr.jpg 1000w, https:\/\/www.upjs.sk\/app\/uploads\/2023\/02\/statut-upjs-2022-obr-300x276.jpg 300w, https:\/\/www.upjs.sk\/app\/uploads\/2023\/02\/statut-upjs-2022-obr-768x707.jpg 768w\" sizes=\"(max-width: 1000px) 100vw, 1000px\" \/><\/figure>\n<\/div><\/div>\n\n<\/div><\/div>\n\n\n<p><\/p>\n\n\n\n<p><\/p>\n","protected":false},"excerpt":{"rendered":"<p>Statute of Pavol Jozef \u0160af\u00e1rik University in Ko\u0161iceAmendment No. 1 to the Statute of Pavol Jozef \u0160af\u00e1rik University in Ko\u0161ice<\/p>\n","protected":false},"author":116,"featured_media":0,"parent":41339,"menu_order":1,"comment_status":"closed","ping_status":"closed","template":"","meta":{"_acf_changed":false,"_editorskit_title_hidden":false,"_editorskit_reading_time":0,"_editorskit_is_block_options_detached":false,"_editorskit_block_options_position":"{}","footnotes":""},"categories":[],"tags":[],"class_list":["post-104265","page","type-page","status-publish","hentry"],"acf":{"acf_link_na_externy_obsah":""},"yoast_head":"<!-- This site is optimized with the Yoast SEO plugin v27.4 - https:\/\/yoast.com\/product\/yoast-seo-wordpress\/ -->\n<title>Statute of Pavol Jozef \u0160af\u00e1rik University in Ko\u0161ice\u0160tat\u00fat UPJ\u0160 - UPJ\u0160 Ko\u0161ice<\/title>\n<meta name=\"robots\" content=\"index, follow, max-snippet:-1, max-image-preview:large, max-video-preview:-1\" \/>\n<link rel=\"canonical\" href=\"https:\/\/www.upjs.sk\/en\/university\/about-the-university\/basic-facts\/statute-upjs\/\" \/>\n<meta property=\"og:locale\" content=\"en_US\" \/>\n<meta property=\"og:type\" content=\"article\" \/>\n<meta property=\"og:title\" content=\"Statute of Pavol Jozef \u0160af\u00e1rik University in Ko\u0161ice\u0160tat\u00fat UPJ\u0160 - UPJ\u0160 Ko\u0161ice\" \/>\n<meta property=\"og:description\" content=\"Statute of Pavol Jozef \u0160af\u00e1rik University in Ko\u0161iceAmendment No. 1 to the Statute of Pavol Jozef \u0160af\u00e1rik University in Ko\u0161ice\" \/>\n<meta property=\"og:url\" content=\"https:\/\/www.upjs.sk\/en\/university\/about-the-university\/basic-facts\/statute-upjs\/\" \/>\n<meta property=\"og:site_name\" content=\"UPJ\u0160 Ko\u0161ice\" \/>\n<meta property=\"article:publisher\" content=\"https:\/\/www.facebook.com\/UniverzitaPavlaJozefaSafarikaVkosiciach\/\" \/>\n<meta property=\"article:modified_time\" content=\"2026-04-16T11:29:25+00:00\" \/>\n<meta property=\"og:image\" content=\"https:\/\/www.upjs.sk\/app\/uploads\/2023\/02\/statut-upjs-2022-obr.jpg\" \/>\n\t<meta property=\"og:image:width\" content=\"1000\" \/>\n\t<meta property=\"og:image:height\" content=\"920\" \/>\n\t<meta property=\"og:image:type\" content=\"image\/jpeg\" \/>\n<meta name=\"twitter:card\" content=\"summary_large_image\" \/>\n<meta name=\"twitter:site\" content=\"@UPJS_kosice\" \/>\n<script type=\"application\/ld+json\" class=\"yoast-schema-graph\">{\"@context\":\"https:\\\/\\\/schema.org\",\"@graph\":[{\"@type\":\"WebPage\",\"@id\":\"https:\\\/\\\/www.upjs.sk\\\/en\\\/university\\\/about-the-university\\\/basic-facts\\\/statute-upjs\\\/\",\"url\":\"https:\\\/\\\/www.upjs.sk\\\/en\\\/university\\\/about-the-university\\\/basic-facts\\\/statute-upjs\\\/\",\"name\":\"Statute of Pavol Jozef \u0160af\u00e1rik University in Ko\u0161ice\u0160tat\u00fat UPJ\u0160 - UPJ\u0160 Ko\u0161ice\",\"isPartOf\":{\"@id\":\"https:\\\/\\\/www.upjs.sk\\\/en\\\/#website\"},\"primaryImageOfPage\":{\"@id\":\"https:\\\/\\\/www.upjs.sk\\\/en\\\/university\\\/about-the-university\\\/basic-facts\\\/statute-upjs\\\/#primaryimage\"},\"image\":{\"@id\":\"https:\\\/\\\/www.upjs.sk\\\/en\\\/university\\\/about-the-university\\\/basic-facts\\\/statute-upjs\\\/#primaryimage\"},\"thumbnailUrl\":\"https:\\\/\\\/www.upjs.sk\\\/app\\\/uploads\\\/2023\\\/02\\\/statut-upjs-2022-obr.jpg\",\"datePublished\":\"2026-03-30T08:57:25+00:00\",\"dateModified\":\"2026-04-16T11:29:25+00:00\",\"breadcrumb\":{\"@id\":\"https:\\\/\\\/www.upjs.sk\\\/en\\\/university\\\/about-the-university\\\/basic-facts\\\/statute-upjs\\\/#breadcrumb\"},\"inLanguage\":\"en-US\",\"potentialAction\":[{\"@type\":\"ReadAction\",\"target\":[\"https:\\\/\\\/www.upjs.sk\\\/en\\\/university\\\/about-the-university\\\/basic-facts\\\/statute-upjs\\\/\"]}]},{\"@type\":\"ImageObject\",\"inLanguage\":\"en-US\",\"@id\":\"https:\\\/\\\/www.upjs.sk\\\/en\\\/university\\\/about-the-university\\\/basic-facts\\\/statute-upjs\\\/#primaryimage\",\"url\":\"https:\\\/\\\/www.upjs.sk\\\/app\\\/uploads\\\/2023\\\/02\\\/statut-upjs-2022-obr.jpg\",\"contentUrl\":\"https:\\\/\\\/www.upjs.sk\\\/app\\\/uploads\\\/2023\\\/02\\\/statut-upjs-2022-obr.jpg\"},{\"@type\":\"BreadcrumbList\",\"@id\":\"https:\\\/\\\/www.upjs.sk\\\/en\\\/university\\\/about-the-university\\\/basic-facts\\\/statute-upjs\\\/#breadcrumb\",\"itemListElement\":[{\"@type\":\"ListItem\",\"position\":1,\"name\":\"Home\",\"item\":\"https:\\\/\\\/www.upjs.sk\\\/en\\\/\"},{\"@type\":\"ListItem\",\"position\":2,\"name\":\"University\",\"item\":\"https:\\\/\\\/www.upjs.sk\\\/en\\\/university\\\/\"},{\"@type\":\"ListItem\",\"position\":3,\"name\":\"About the University\",\"item\":\"https:\\\/\\\/www.upjs.sk\\\/en\\\/university\\\/about-the-university\\\/\"},{\"@type\":\"ListItem\",\"position\":4,\"name\":\"Basic Facts\",\"item\":\"https:\\\/\\\/www.upjs.sk\\\/en\\\/university\\\/about-the-university\\\/basic-facts\\\/\"},{\"@type\":\"ListItem\",\"position\":5,\"name\":\"Statute of Pavol Jozef \u0160af\u00e1rik University in Ko\u0161ice\u0160tat\u00fat UPJ\u0160\"}]},{\"@type\":\"WebSite\",\"@id\":\"https:\\\/\\\/www.upjs.sk\\\/en\\\/#website\",\"url\":\"https:\\\/\\\/www.upjs.sk\\\/en\\\/\",\"name\":\"UPJ\u0160 Ko\u0161ice\",\"description\":\"Wisdom of the Past, Knowledge of the Present, Education of the Future\",\"publisher\":{\"@id\":\"https:\\\/\\\/www.upjs.sk\\\/en\\\/#organization\"},\"potentialAction\":[{\"@type\":\"SearchAction\",\"target\":{\"@type\":\"EntryPoint\",\"urlTemplate\":\"https:\\\/\\\/www.upjs.sk\\\/en\\\/?s={search_term_string}\"},\"query-input\":{\"@type\":\"PropertyValueSpecification\",\"valueRequired\":true,\"valueName\":\"search_term_string\"}}],\"inLanguage\":\"en-US\"},{\"@type\":\"Organization\",\"@id\":\"https:\\\/\\\/www.upjs.sk\\\/en\\\/#organization\",\"name\":\"UPJ\u0160 Ko\u0161ice\",\"url\":\"https:\\\/\\\/www.upjs.sk\\\/en\\\/\",\"logo\":{\"@type\":\"ImageObject\",\"inLanguage\":\"en-US\",\"@id\":\"https:\\\/\\\/www.upjs.sk\\\/en\\\/#\\\/schema\\\/logo\\\/image\\\/\",\"url\":\"https:\\\/\\\/www.upjs.sk\\\/app\\\/uploads\\\/2023\\\/01\\\/UPJS_ENG_esymbol.svg\",\"contentUrl\":\"https:\\\/\\\/www.upjs.sk\\\/app\\\/uploads\\\/2023\\\/01\\\/UPJS_ENG_esymbol.svg\",\"width\":448,\"height\":139,\"caption\":\"UPJ\u0160 Ko\u0161ice\"},\"image\":{\"@id\":\"https:\\\/\\\/www.upjs.sk\\\/en\\\/#\\\/schema\\\/logo\\\/image\\\/\"},\"sameAs\":[\"https:\\\/\\\/www.facebook.com\\\/UniverzitaPavlaJozefaSafarikaVkosiciach\\\/\",\"https:\\\/\\\/x.com\\\/UPJS_kosice\",\"https:\\\/\\\/www.instagram.com\\\/upjs_kosice\",\"https:\\\/\\\/www.linkedin.com\\\/company\\\/pavol-jozef-afrik-university-in-koice\\\/\"]}]}<\/script>\n<!-- \/ Yoast SEO plugin. -->","yoast_head_json":{"title":"Statute of Pavol Jozef \u0160af\u00e1rik University in Ko\u0161ice\u0160tat\u00fat UPJ\u0160 - UPJ\u0160 Ko\u0161ice","robots":{"index":"index","follow":"follow","max-snippet":"max-snippet:-1","max-image-preview":"max-image-preview:large","max-video-preview":"max-video-preview:-1"},"canonical":"https:\/\/www.upjs.sk\/en\/university\/about-the-university\/basic-facts\/statute-upjs\/","og_locale":"en_US","og_type":"article","og_title":"Statute of Pavol Jozef \u0160af\u00e1rik University in Ko\u0161ice\u0160tat\u00fat UPJ\u0160 - UPJ\u0160 Ko\u0161ice","og_description":"Statute of Pavol Jozef \u0160af\u00e1rik University in Ko\u0161iceAmendment No. 1 to the Statute of Pavol Jozef \u0160af\u00e1rik University in Ko\u0161ice","og_url":"https:\/\/www.upjs.sk\/en\/university\/about-the-university\/basic-facts\/statute-upjs\/","og_site_name":"UPJ\u0160 Ko\u0161ice","article_publisher":"https:\/\/www.facebook.com\/UniverzitaPavlaJozefaSafarikaVkosiciach\/","article_modified_time":"2026-04-16T11:29:25+00:00","og_image":[{"width":1000,"height":920,"url":"https:\/\/www.upjs.sk\/app\/uploads\/2023\/02\/statut-upjs-2022-obr.jpg","type":"image\/jpeg"}],"twitter_card":"summary_large_image","twitter_site":"@UPJS_kosice","schema":{"@context":"https:\/\/schema.org","@graph":[{"@type":"WebPage","@id":"https:\/\/www.upjs.sk\/en\/university\/about-the-university\/basic-facts\/statute-upjs\/","url":"https:\/\/www.upjs.sk\/en\/university\/about-the-university\/basic-facts\/statute-upjs\/","name":"Statute of Pavol Jozef \u0160af\u00e1rik University in Ko\u0161ice\u0160tat\u00fat UPJ\u0160 - UPJ\u0160 Ko\u0161ice","isPartOf":{"@id":"https:\/\/www.upjs.sk\/en\/#website"},"primaryImageOfPage":{"@id":"https:\/\/www.upjs.sk\/en\/university\/about-the-university\/basic-facts\/statute-upjs\/#primaryimage"},"image":{"@id":"https:\/\/www.upjs.sk\/en\/university\/about-the-university\/basic-facts\/statute-upjs\/#primaryimage"},"thumbnailUrl":"https:\/\/www.upjs.sk\/app\/uploads\/2023\/02\/statut-upjs-2022-obr.jpg","datePublished":"2026-03-30T08:57:25+00:00","dateModified":"2026-04-16T11:29:25+00:00","breadcrumb":{"@id":"https:\/\/www.upjs.sk\/en\/university\/about-the-university\/basic-facts\/statute-upjs\/#breadcrumb"},"inLanguage":"en-US","potentialAction":[{"@type":"ReadAction","target":["https:\/\/www.upjs.sk\/en\/university\/about-the-university\/basic-facts\/statute-upjs\/"]}]},{"@type":"ImageObject","inLanguage":"en-US","@id":"https:\/\/www.upjs.sk\/en\/university\/about-the-university\/basic-facts\/statute-upjs\/#primaryimage","url":"https:\/\/www.upjs.sk\/app\/uploads\/2023\/02\/statut-upjs-2022-obr.jpg","contentUrl":"https:\/\/www.upjs.sk\/app\/uploads\/2023\/02\/statut-upjs-2022-obr.jpg"},{"@type":"BreadcrumbList","@id":"https:\/\/www.upjs.sk\/en\/university\/about-the-university\/basic-facts\/statute-upjs\/#breadcrumb","itemListElement":[{"@type":"ListItem","position":1,"name":"Home","item":"https:\/\/www.upjs.sk\/en\/"},{"@type":"ListItem","position":2,"name":"University","item":"https:\/\/www.upjs.sk\/en\/university\/"},{"@type":"ListItem","position":3,"name":"About the University","item":"https:\/\/www.upjs.sk\/en\/university\/about-the-university\/"},{"@type":"ListItem","position":4,"name":"Basic Facts","item":"https:\/\/www.upjs.sk\/en\/university\/about-the-university\/basic-facts\/"},{"@type":"ListItem","position":5,"name":"Statute of Pavol Jozef \u0160af\u00e1rik University in Ko\u0161ice\u0160tat\u00fat UPJ\u0160"}]},{"@type":"WebSite","@id":"https:\/\/www.upjs.sk\/en\/#website","url":"https:\/\/www.upjs.sk\/en\/","name":"UPJ\u0160 Ko\u0161ice","description":"Wisdom of the Past, Knowledge of the Present, Education of the Future","publisher":{"@id":"https:\/\/www.upjs.sk\/en\/#organization"},"potentialAction":[{"@type":"SearchAction","target":{"@type":"EntryPoint","urlTemplate":"https:\/\/www.upjs.sk\/en\/?s={search_term_string}"},"query-input":{"@type":"PropertyValueSpecification","valueRequired":true,"valueName":"search_term_string"}}],"inLanguage":"en-US"},{"@type":"Organization","@id":"https:\/\/www.upjs.sk\/en\/#organization","name":"UPJ\u0160 Ko\u0161ice","url":"https:\/\/www.upjs.sk\/en\/","logo":{"@type":"ImageObject","inLanguage":"en-US","@id":"https:\/\/www.upjs.sk\/en\/#\/schema\/logo\/image\/","url":"https:\/\/www.upjs.sk\/app\/uploads\/2023\/01\/UPJS_ENG_esymbol.svg","contentUrl":"https:\/\/www.upjs.sk\/app\/uploads\/2023\/01\/UPJS_ENG_esymbol.svg","width":448,"height":139,"caption":"UPJ\u0160 Ko\u0161ice"},"image":{"@id":"https:\/\/www.upjs.sk\/en\/#\/schema\/logo\/image\/"},"sameAs":["https:\/\/www.facebook.com\/UniverzitaPavlaJozefaSafarikaVkosiciach\/","https:\/\/x.com\/UPJS_kosice","https:\/\/www.instagram.com\/upjs_kosice","https:\/\/www.linkedin.com\/company\/pavol-jozef-afrik-university-in-koice\/"]}]}},"_links":{"self":[{"href":"https:\/\/www.upjs.sk\/en\/wp-json\/wp\/v2\/pages\/104265","targetHints":{"allow":["GET"]}}],"collection":[{"href":"https:\/\/www.upjs.sk\/en\/wp-json\/wp\/v2\/pages"}],"about":[{"href":"https:\/\/www.upjs.sk\/en\/wp-json\/wp\/v2\/types\/page"}],"author":[{"embeddable":true,"href":"https:\/\/www.upjs.sk\/en\/wp-json\/wp\/v2\/users\/116"}],"replies":[{"embeddable":true,"href":"https:\/\/www.upjs.sk\/en\/wp-json\/wp\/v2\/comments?post=104265"}],"version-history":[{"count":5,"href":"https:\/\/www.upjs.sk\/en\/wp-json\/wp\/v2\/pages\/104265\/revisions"}],"predecessor-version":[{"id":104552,"href":"https:\/\/www.upjs.sk\/en\/wp-json\/wp\/v2\/pages\/104265\/revisions\/104552"}],"up":[{"embeddable":true,"href":"https:\/\/www.upjs.sk\/en\/wp-json\/wp\/v2\/pages\/41339"}],"wp:attachment":[{"href":"https:\/\/www.upjs.sk\/en\/wp-json\/wp\/v2\/media?parent=104265"}],"wp:term":[{"taxonomy":"category","embeddable":true,"href":"https:\/\/www.upjs.sk\/en\/wp-json\/wp\/v2\/categories?post=104265"},{"taxonomy":"post_tag","embeddable":true,"href":"https:\/\/www.upjs.sk\/en\/wp-json\/wp\/v2\/tags?post=104265"}],"curies":[{"name":"wp","href":"https:\/\/api.w.org\/{rel}","templated":true}]}}