{"id":23382,"date":"2008-08-28T14:22:19","date_gmt":"2008-08-28T14:22:19","guid":{"rendered":"https:\/\/www.upjs.sk\/information\/current-students\/documents-important-for-students\/"},"modified":"2024-04-23T14:07:24","modified_gmt":"2024-04-23T12:07:24","slug":"documents","status":"publish","type":"page","link":"https:\/\/www.upjs.sk\/en\/information\/current-students\/documents\/","title":{"rendered":"Documents important for students"},"content":{"rendered":"\n<ul class=\"wp-block-list\">\n<li><a href=\"https:\/\/intranet.upjs.sk\/op\/op.Public.php?documentid=5829\" target=\"_blank\" rel=\"noopener\">Study Rules of Procedure at Pavol Jozef \u0160af\u00e1rik University in Ko\u0161ice<\/a><\/li>\n\n\n\n<li><a href=\"https:\/\/www.upjs.sk\/public\/media\/2062\/phd-study-regulations-upjs-2019.pdf\" target=\"_blank\" rel=\"noopener\">PhD Study Rules of Procedure at Pavol Jozef \u0160af\u00e1rik University in Ko\u0161ice<\/a><\/li>\n\n\n\n<li><a href=\"https:\/\/intranet.upjs.sk\/op\/op.Public.php?documentid=8224\" target=\"_blank\" rel=\"noreferrer noopener\">Rector\u2019s Decision no. 4\/2023<\/a>\u00a0on the determination of tuition fees, fees associated with studies and on the reimbursement of costs associated with increasing qualifications in the academic year 2023\/2024 at UPJ\u0160 in Ko\u0161ice<\/li>\n\n\n\n<li><a href=\"https:\/\/intranet.upjs.sk\/op\/op.Public.php?documentid=9291\" target=\"_blank\" rel=\"noreferrer noopener\">Rector\u2019s Decision no. 6\/2024<\/a>\u00a0on the determination of tuition fees, fees associated with studies and on the reimbursement of costs associated with increasing qualifications in the academic year 2024\/2025 at UPJ\u0160 in Ko\u0161ice<\/li>\n\n\n\n<li><a href=\"\/public\/media\/2221\/SCHOLARSHIP-REGULATIONS-UPJS-in-Kosice-2015.pdf\" target=\"_blank\" rel=\"noopener\">Scholarship Regulations at Pavol Jozef \u0160af\u00e1rik University in Ko\u0161ice<\/a><\/li>\n\n\n\n<li><a href=\"http:\/\/www.upjs.sk\/public\/media\/2519\/cotutelle-de-these-upjs-04-2012.docx\" target=\"_blank\" rel=\"noopener\">Co-tutelle de th\u00e8se<\/a><\/li>\n\n\n\n<li><a href=\"https:\/\/intranet.upjs.sk\/op\/op.Public.php?documentid=9240\" target=\"_blank\" aria-label=\" (opens in a new tab)\" rel=\"noreferrer noopener\" class=\"ek-link\">House and Accommodation&nbsp;Rules of Pavol Jozef \u0160af\u00e1rik University in Ko\u0161ice<\/a><\/li>\n\n\n\n<li><a href=\"\/public\/media\/2221\/RR-13-2016-students-with-special-needs.pdf\" target=\"_blank\" rel=\"noopener\">Rector&#8217;s Decree No. 13\/2016<\/a> on minimum standards of support provided to students and applicants for the study with special needs at Pavol Jozef \u0160af\u00e1rik University in Ko\u0161ice and its units<br>\u2022 <a href=\"\/public\/media\/2221\/RR-13-2016-student-with-special-needs-Attachment.pdf\" target=\"_blank\" rel=\"noopener\">Attachment<\/a><\/li>\n\n\n\n<li><a href=\"https:\/\/www.upjs.sk\/public\/media\/10373\/rectors-decree-no-10-2013.pdf\" target=\"_blank\" rel=\"noopener\">Rector\u00b4s Decree No. 10\/2013<\/a> on the minimum standards of support provided to students and Applicants for study with special needs at Pavol Jozef \u0160af\u00e1rik University in Ko\u0161ice<\/li>\n\n\n\n<li><a href=\"\/public\/media\/3241\/smernica-1-2011-zaverecne-prace-en.pdf\" target=\"_blank\" rel=\"noopener\">DIRECTIVE No. 1 \/2011<\/a> on Essential Prerequisites of Final Theses, Doctorate Degree Theses, and Associate Professorship Degree Theses, Release and Making Available Thereof During the Time of Keeping the Same, and Originality Check Valid for Pavol Jozef \u0160af\u00e1rik University in Ko\u0161ice and Its Constituents.&nbsp; Amendment <a href=\"\/public\/media\/2221\/Directive-1-2011-Amendment-1.pdf\" target=\"_blank\" rel=\"noopener\">No. 1<\/a>, <a href=\"\/public\/media\/2221\/Directive-1-2011-Amendment-2.pdf\" target=\"_blank\" rel=\"noopener\">No. 2<\/a>, <a href=\"\/public\/media\/2221\/Directive-1-2011-Amendment-3.pdf\" target=\"_blank\" rel=\"noopener\">No. 3<\/a>, <a href=\"\/public\/media\/2221\/Directive-1-2011-Amendment-4.pdf\" target=\"_blank\" rel=\"noopener\">No. 4<\/a><\/li>\n\n\n\n<li><a href=\"\/public\/media\/2221\/UPJS-Student-Code-of-Ethics.pdf\" target=\"_blank\" rel=\"noopener\">Pavol Jozef \u0160af\u00e1rik University in Ko\u0161ice Student Code of Ethics<\/a> &nbsp;<\/li>\n<\/ul>\n","protected":false},"excerpt":{"rendered":"","protected":false},"author":1,"featured_media":0,"parent":23143,"menu_order":7,"comment_status":"closed","ping_status":"closed","template":"","meta":{"_acf_changed":false,"_editorskit_title_hidden":false,"_editorskit_reading_time":0,"_editorskit_is_block_options_detached":false,"_editorskit_block_options_position":"{}","footnotes":""},"categories":[],"tags":[],"class_list":["post-23382","page","type-page","status-publish","hentry"],"acf":{"acf_link_na_externy_obsah":""},"yoast_head":"<!-- This site is optimized with the Yoast SEO plugin v27.4 - https:\/\/yoast.com\/product\/yoast-seo-wordpress\/ -->\n<title>Documents important for students - UPJ\u0160 Ko\u0161ice<\/title>\n<meta name=\"robots\" content=\"index, follow, max-snippet:-1, max-image-preview:large, max-video-preview:-1\" \/>\n<link rel=\"canonical\" href=\"https:\/\/www.upjs.sk\/en\/information\/current-students\/documents\/\" \/>\n<meta property=\"og:locale\" content=\"en_US\" \/>\n<meta property=\"og:type\" content=\"article\" \/>\n<meta property=\"og:title\" content=\"Documents important for students - UPJ\u0160 Ko\u0161ice\" \/>\n<meta property=\"og:url\" content=\"https:\/\/www.upjs.sk\/en\/information\/current-students\/documents\/\" \/>\n<meta property=\"og:site_name\" content=\"UPJ\u0160 Ko\u0161ice\" \/>\n<meta property=\"article:publisher\" content=\"https:\/\/www.facebook.com\/UniverzitaPavlaJozefaSafarikaVkosiciach\/\" \/>\n<meta property=\"article:modified_time\" content=\"2024-04-23T12:07:24+00:00\" \/>\n<meta name=\"twitter:card\" content=\"summary_large_image\" \/>\n<meta name=\"twitter:site\" content=\"@UPJS_kosice\" \/>\n<meta name=\"twitter:label1\" content=\"Est. reading time\" \/>\n\t<meta name=\"twitter:data1\" content=\"1 minute\" \/>\n<script type=\"application\/ld+json\" class=\"yoast-schema-graph\">{\"@context\":\"https:\\\/\\\/schema.org\",\"@graph\":[{\"@type\":\"WebPage\",\"@id\":\"https:\\\/\\\/www.upjs.sk\\\/en\\\/information\\\/current-students\\\/documents\\\/\",\"url\":\"https:\\\/\\\/www.upjs.sk\\\/en\\\/information\\\/current-students\\\/documents\\\/\",\"name\":\"Documents important for students - UPJ\u0160 Ko\u0161ice\",\"isPartOf\":{\"@id\":\"https:\\\/\\\/www.upjs.sk\\\/en\\\/#website\"},\"datePublished\":\"2008-08-28T14:22:19+00:00\",\"dateModified\":\"2024-04-23T12:07:24+00:00\",\"breadcrumb\":{\"@id\":\"https:\\\/\\\/www.upjs.sk\\\/en\\\/information\\\/current-students\\\/documents\\\/#breadcrumb\"},\"inLanguage\":\"en-US\",\"potentialAction\":[{\"@type\":\"ReadAction\",\"target\":[\"https:\\\/\\\/www.upjs.sk\\\/en\\\/information\\\/current-students\\\/documents\\\/\"]}]},{\"@type\":\"BreadcrumbList\",\"@id\":\"https:\\\/\\\/www.upjs.sk\\\/en\\\/information\\\/current-students\\\/documents\\\/#breadcrumb\",\"itemListElement\":[{\"@type\":\"ListItem\",\"position\":1,\"name\":\"Home\",\"item\":\"https:\\\/\\\/www.upjs.sk\\\/en\\\/\"},{\"@type\":\"ListItem\",\"position\":2,\"name\":\"Information\",\"item\":\"https:\\\/\\\/www.upjs.sk\\\/en\\\/information\\\/\"},{\"@type\":\"ListItem\",\"position\":3,\"name\":\"Current Students\",\"item\":\"https:\\\/\\\/www.upjs.sk\\\/en\\\/information\\\/current-students\\\/\"},{\"@type\":\"ListItem\",\"position\":4,\"name\":\"Documents important for students\"}]},{\"@type\":\"WebSite\",\"@id\":\"https:\\\/\\\/www.upjs.sk\\\/en\\\/#website\",\"url\":\"https:\\\/\\\/www.upjs.sk\\\/en\\\/\",\"name\":\"UPJ\u0160 Ko\u0161ice\",\"description\":\"Wisdom of the Past, Knowledge of the Present, Education of the Future\",\"publisher\":{\"@id\":\"https:\\\/\\\/www.upjs.sk\\\/en\\\/#organization\"},\"potentialAction\":[{\"@type\":\"SearchAction\",\"target\":{\"@type\":\"EntryPoint\",\"urlTemplate\":\"https:\\\/\\\/www.upjs.sk\\\/en\\\/?s={search_term_string}\"},\"query-input\":{\"@type\":\"PropertyValueSpecification\",\"valueRequired\":true,\"valueName\":\"search_term_string\"}}],\"inLanguage\":\"en-US\"},{\"@type\":\"Organization\",\"@id\":\"https:\\\/\\\/www.upjs.sk\\\/en\\\/#organization\",\"name\":\"UPJ\u0160 Ko\u0161ice\",\"url\":\"https:\\\/\\\/www.upjs.sk\\\/en\\\/\",\"logo\":{\"@type\":\"ImageObject\",\"inLanguage\":\"en-US\",\"@id\":\"https:\\\/\\\/www.upjs.sk\\\/en\\\/#\\\/schema\\\/logo\\\/image\\\/\",\"url\":\"https:\\\/\\\/www.upjs.sk\\\/app\\\/uploads\\\/2023\\\/01\\\/UPJS_ENG_esymbol.svg\",\"contentUrl\":\"https:\\\/\\\/www.upjs.sk\\\/app\\\/uploads\\\/2023\\\/01\\\/UPJS_ENG_esymbol.svg\",\"width\":448,\"height\":139,\"caption\":\"UPJ\u0160 Ko\u0161ice\"},\"image\":{\"@id\":\"https:\\\/\\\/www.upjs.sk\\\/en\\\/#\\\/schema\\\/logo\\\/image\\\/\"},\"sameAs\":[\"https:\\\/\\\/www.facebook.com\\\/UniverzitaPavlaJozefaSafarikaVkosiciach\\\/\",\"https:\\\/\\\/x.com\\\/UPJS_kosice\",\"https:\\\/\\\/www.instagram.com\\\/upjs_kosice\",\"https:\\\/\\\/www.linkedin.com\\\/company\\\/pavol-jozef-afrik-university-in-koice\\\/\"]}]}<\/script>\n<!-- \/ Yoast SEO plugin. -->","yoast_head_json":{"title":"Documents important for students - UPJ\u0160 Ko\u0161ice","robots":{"index":"index","follow":"follow","max-snippet":"max-snippet:-1","max-image-preview":"max-image-preview:large","max-video-preview":"max-video-preview:-1"},"canonical":"https:\/\/www.upjs.sk\/en\/information\/current-students\/documents\/","og_locale":"en_US","og_type":"article","og_title":"Documents important for students - UPJ\u0160 Ko\u0161ice","og_url":"https:\/\/www.upjs.sk\/en\/information\/current-students\/documents\/","og_site_name":"UPJ\u0160 Ko\u0161ice","article_publisher":"https:\/\/www.facebook.com\/UniverzitaPavlaJozefaSafarikaVkosiciach\/","article_modified_time":"2024-04-23T12:07:24+00:00","twitter_card":"summary_large_image","twitter_site":"@UPJS_kosice","twitter_misc":{"Est. reading time":"1 minute"},"schema":{"@context":"https:\/\/schema.org","@graph":[{"@type":"WebPage","@id":"https:\/\/www.upjs.sk\/en\/information\/current-students\/documents\/","url":"https:\/\/www.upjs.sk\/en\/information\/current-students\/documents\/","name":"Documents important for students - UPJ\u0160 Ko\u0161ice","isPartOf":{"@id":"https:\/\/www.upjs.sk\/en\/#website"},"datePublished":"2008-08-28T14:22:19+00:00","dateModified":"2024-04-23T12:07:24+00:00","breadcrumb":{"@id":"https:\/\/www.upjs.sk\/en\/information\/current-students\/documents\/#breadcrumb"},"inLanguage":"en-US","potentialAction":[{"@type":"ReadAction","target":["https:\/\/www.upjs.sk\/en\/information\/current-students\/documents\/"]}]},{"@type":"BreadcrumbList","@id":"https:\/\/www.upjs.sk\/en\/information\/current-students\/documents\/#breadcrumb","itemListElement":[{"@type":"ListItem","position":1,"name":"Home","item":"https:\/\/www.upjs.sk\/en\/"},{"@type":"ListItem","position":2,"name":"Information","item":"https:\/\/www.upjs.sk\/en\/information\/"},{"@type":"ListItem","position":3,"name":"Current Students","item":"https:\/\/www.upjs.sk\/en\/information\/current-students\/"},{"@type":"ListItem","position":4,"name":"Documents important for students"}]},{"@type":"WebSite","@id":"https:\/\/www.upjs.sk\/en\/#website","url":"https:\/\/www.upjs.sk\/en\/","name":"UPJ\u0160 Ko\u0161ice","description":"Wisdom of the Past, Knowledge of the Present, Education of the Future","publisher":{"@id":"https:\/\/www.upjs.sk\/en\/#organization"},"potentialAction":[{"@type":"SearchAction","target":{"@type":"EntryPoint","urlTemplate":"https:\/\/www.upjs.sk\/en\/?s={search_term_string}"},"query-input":{"@type":"PropertyValueSpecification","valueRequired":true,"valueName":"search_term_string"}}],"inLanguage":"en-US"},{"@type":"Organization","@id":"https:\/\/www.upjs.sk\/en\/#organization","name":"UPJ\u0160 Ko\u0161ice","url":"https:\/\/www.upjs.sk\/en\/","logo":{"@type":"ImageObject","inLanguage":"en-US","@id":"https:\/\/www.upjs.sk\/en\/#\/schema\/logo\/image\/","url":"https:\/\/www.upjs.sk\/app\/uploads\/2023\/01\/UPJS_ENG_esymbol.svg","contentUrl":"https:\/\/www.upjs.sk\/app\/uploads\/2023\/01\/UPJS_ENG_esymbol.svg","width":448,"height":139,"caption":"UPJ\u0160 Ko\u0161ice"},"image":{"@id":"https:\/\/www.upjs.sk\/en\/#\/schema\/logo\/image\/"},"sameAs":["https:\/\/www.facebook.com\/UniverzitaPavlaJozefaSafarikaVkosiciach\/","https:\/\/x.com\/UPJS_kosice","https:\/\/www.instagram.com\/upjs_kosice","https:\/\/www.linkedin.com\/company\/pavol-jozef-afrik-university-in-koice\/"]}]}},"_links":{"self":[{"href":"https:\/\/www.upjs.sk\/en\/wp-json\/wp\/v2\/pages\/23382","targetHints":{"allow":["GET"]}}],"collection":[{"href":"https:\/\/www.upjs.sk\/en\/wp-json\/wp\/v2\/pages"}],"about":[{"href":"https:\/\/www.upjs.sk\/en\/wp-json\/wp\/v2\/types\/page"}],"author":[{"embeddable":true,"href":"https:\/\/www.upjs.sk\/en\/wp-json\/wp\/v2\/users\/1"}],"replies":[{"embeddable":true,"href":"https:\/\/www.upjs.sk\/en\/wp-json\/wp\/v2\/comments?post=23382"}],"version-history":[{"count":4,"href":"https:\/\/www.upjs.sk\/en\/wp-json\/wp\/v2\/pages\/23382\/revisions"}],"predecessor-version":[{"id":74671,"href":"https:\/\/www.upjs.sk\/en\/wp-json\/wp\/v2\/pages\/23382\/revisions\/74671"}],"up":[{"embeddable":true,"href":"https:\/\/www.upjs.sk\/en\/wp-json\/wp\/v2\/pages\/23143"}],"wp:attachment":[{"href":"https:\/\/www.upjs.sk\/en\/wp-json\/wp\/v2\/media?parent=23382"}],"wp:term":[{"taxonomy":"category","embeddable":true,"href":"https:\/\/www.upjs.sk\/en\/wp-json\/wp\/v2\/categories?post=23382"},{"taxonomy":"post_tag","embeddable":true,"href":"https:\/\/www.upjs.sk\/en\/wp-json\/wp\/v2\/tags?post=23382"}],"curies":[{"name":"wp","href":"https:\/\/api.w.org\/{rel}","templated":true}]}}