{"id":24738,"date":"2016-11-02T11:45:14","date_gmt":"2016-11-02T11:45:14","guid":{"rendered":"https:\/\/www.upjs.sk\/information\/science-research-and-development\/scientific-and-research-activities-phd-studies\/doctor-honoris-causa\/"},"modified":"2023-05-18T14:52:18","modified_gmt":"2023-05-18T13:52:18","slug":"dr-honoris-causa","status":"publish","type":"page","link":"https:\/\/www.upjs.sk\/en\/information\/science-and-research\/scientific-and-research-activities-phd-studies\/dr-honoris-causa\/","title":{"rendered":"Doctor Honoris Causa"},"content":{"rendered":"<p><center><\/p>\n<table cols=\"2\" style=\"width:90%\" cellspacing=\"0\" cellpadding=\"4\" border=\"1\" align=\"center\">\n<tbody>\n<tr>\n<td style=\"text-align:center; vertical-align:top\" width=\"10%\">2020<\/td>\n<td style=\"vertical-align:top\" width=\"80%\"><strong>Maciej Banach<\/strong> &#8211; Vn\u00fatorn\u00e9 choroby, Poland<\/td>\n<\/tr>\n<tr>\n<td style=\"text-align:center; vertical-align:top\" width=\"10%\">2019<\/td>\n<td style=\"vertical-align:top\" width=\"80%\"><strong>Rudolf Schuster <\/strong>\u2013 Politol\u00f3gia, Slovak Republic<\/td>\n<\/tr>\n<tr>\n<td style=\"text-align:center; vertical-align:top\" width=\"10%\">2018<\/td>\n<td style=\"vertical-align:top\" width=\"80%\"><strong>Robert Alexy<\/strong>&nbsp;\u2013 Law, Germany<\/td>\n<\/tr>\n<tr>\n<td align=\"center\">2016<\/td>\n<td style=\"text-align:left\"><strong>JUDr. Pavel Rychetsk\u00fd<\/strong>&nbsp;\u2013 Law, Czech Republic<\/td>\n<\/tr>\n<tr>\n<td align=\"center\">2015<\/td>\n<td style=\"text-align:left\"><strong>Jochen Harant&nbsp;<\/strong>\u2013<strong> <\/strong>Matematics, Germany<\/td>\n<\/tr>\n<tr>\n<td align=\"center\">2013<\/td>\n<td style=\"text-align:left\"><strong>Gianni Buquicchio&nbsp;<\/strong>\u2013<strong> <\/strong>Law, Italy<\/td>\n<\/tr>\n<tr>\n<td align=\"center\">2010<\/td>\n<td style=\"text-align:left\"><strong>Mark William Meisel<\/strong> \u2013 Physics, USA&nbsp;<\/td>\n<\/tr>\n<tr>\n<td width=\"10%\" align=\"center\">2009<\/td>\n<td width=\"80%\" align=\"left\"><strong>Mikl\u00f3s Bauer<\/strong>&nbsp;\u2013 Medicine, Hungary&nbsp;<\/td>\n<\/tr>\n<tr>\n<td style=\"text-align:center; vertical-align:top\">2008<\/td>\n<td style=\"text-align:left\"><strong>Jean-Paul Costa<\/strong> \u2013 Law,&nbsp;France<br \/>\n<strong>Milan Sobotka<\/strong> \u2013 History of Philosophy,&nbsp;Czech Republic&nbsp;<br \/>\n<strong>Teodor M\u0171nz<\/strong> \u2013 History of Philosophy,&nbsp;Slovak Republic<\/td>\n<\/tr>\n<tr>\n<td align=\"center\">2007<\/td>\n<td style=\"text-align:left\"><strong>Harvey B. Newman<\/strong> \u2013 Physics,&nbsp;USA&nbsp;<\/td>\n<\/tr>\n<tr>\n<td style=\"vertical-align:top\" align=\"center\">2006<\/td>\n<td style=\"text-align:left\"><strong>Christopher M. Loftus<\/strong>&nbsp;\u2013 Neurosurgery, USA<br \/>\n<strong>Vittorio Bonomini<\/strong>&nbsp;\u2013 Nephrology, Italy&nbsp;<\/td>\n<\/tr>\n<tr>\n<td style=\"vertical-align:top\" align=\"center\">2003<\/td>\n<td style=\"text-align:left\"><strong>Patrik W. Hitchon&nbsp;<\/strong>\u2013 Neurosurgery,&nbsp;USA<br \/>\n<strong>Pavol Pafko<\/strong> &#8211; Surgery, Czech Republic&nbsp;\u2013 born in Slovak Republic<br \/>\n<strong>Jean Claude Etienne<\/strong>&nbsp;\u2013 Internal medicine, France&nbsp;<\/td>\n<\/tr>\n<tr>\n<td align=\"center\">2002<\/td>\n<td style=\"text-align:left\"><strong>Jozef Sopko<\/strong>&nbsp;\u2013 Medicine, Slovak Republic&nbsp;<\/td>\n<\/tr>\n<tr>\n<td style=\"vertical-align:top\" align=\"center\">2001<\/td>\n<td style=\"text-align:left\"><strong>Yurij Bunkov<\/strong>&nbsp;\u2013 Physics, Russia<br \/>\n<strong>Emin. Jozef Kardin\u00e1l Tomko<\/strong> &#8211; Education and ethics, Slovak Republic&nbsp;<\/td>\n<\/tr>\n<tr>\n<td style=\"vertical-align:top\" align=\"center\">2000<\/td>\n<td style=\"text-align:left\"><strong>Michael Berger<\/strong>&nbsp;\u2013 Internal medicine, Germany<br \/>\n<strong>Hansjoachim Walther<\/strong>&nbsp;\u2013 Matematics, Germany<br \/>\n<strong>Milan \u010ci\u010d<\/strong>&nbsp;\u2013 Law, Slovak republic<br \/>\n<strong>Milan Posp\u00ed\u0161il<\/strong> &#8211;&nbsp;Biology, Czech Republic<br \/>\n<strong>Guido Bellinghieri<\/strong>&nbsp;\u2013 Internal medicine, Italy&nbsp;<\/td>\n<\/tr>\n<tr>\n<td style=\"text-align:center\">1999<\/td>\n<td style=\"text-align:left\"><strong>Natale G. De Santo&nbsp;<\/strong>\u2013<strong> <\/strong>Medicine, Italy<\/td>\n<\/tr>\n<tr>\n<td align=\"center\">1998<\/td>\n<td style=\"text-align:left\"><strong>David E. Gagnon&nbsp;<\/strong>\u2013<strong> <\/strong>Medicine,&nbsp;USA&nbsp;<\/td>\n<\/tr>\n<tr>\n<td style=\"vertical-align:top\" align=\"center\">1997<\/td>\n<td style=\"text-align:left\"><strong>Primo Nebiolo&nbsp;<\/strong>\u2013 Law, Spain<br \/>\n<strong>Franti\u0161ek Kokot&nbsp;<\/strong>\u2013<strong> <\/strong>Medicine, Poland<br \/>\n<strong>Horst Klinkmann&nbsp;<\/strong>\u2013 Medicine, Germany&nbsp;<\/td>\n<\/tr>\n<tr>\n<td style=\"vertical-align:top\" align=\"center\">1996<\/td>\n<td style=\"text-align:left\"><strong>Theodor Hellbrugge&nbsp;<\/strong>\u2013 Pediatrics, Germany<br \/>\n<strong>Mathias Sprinzl&nbsp;<\/strong>\u2013 Biochemistry, Germany &#8211; born&nbsp;in Slovak Republic<br \/>\n<strong>Cezary Kosikowski&nbsp;<\/strong>\u2013 Law, Poland&nbsp;<\/td>\n<\/tr>\n<tr>\n<td style=\"vertical-align:top\" align=\"center\">1995<\/td>\n<td style=\"text-align:left\"><strong>Klaus Dieter Wolff<\/strong>&nbsp;\u2013 Law, Germany<br \/>\n<strong>Joel D. Kopple&nbsp;<\/strong>\u2013 Medicine,&nbsp;USA<br \/>\n<strong>Franti\u0161ek Miko&nbsp;<\/strong>\u2013 Arts, Slovak Republic<br \/>\n<strong>Oleg Truba\u010dov&nbsp;<\/strong>\u2013 Philology, Russia<br \/>\n<strong>Viktor Knapp&nbsp;<\/strong>\u2013<strong> <\/strong>Law, Czech Republic&nbsp;<\/td>\n<\/tr>\n<tr>\n<td align=\"center\">1994<\/td>\n<td style=\"text-align:left\"><strong>J\u00e1n Horeck\u00fd&nbsp;<\/strong>\u2013 Linguistics, Slovak Republic<\/td>\n<\/tr>\n<tr>\n<td style=\"vertical-align:top\" align=\"center\">1993<\/td>\n<td style=\"text-align:left\"><strong>Vojtech Kri\u010dka Budinsk\u00fd&nbsp;<\/strong>\u2013<strong> <\/strong>History, Slovak Republic<br \/>\n<strong>Emanuel Vl\u010dek<\/strong>&nbsp;\u2013 Biology, Czech Republic<br \/>\n<strong>Shaul G. Massry<\/strong>&nbsp;\u2013 Medicine,&nbsp;USA<\/td>\n<\/tr>\n<\/tbody>\n<\/table>\n<p><\/center><\/p>\n","protected":false},"excerpt":{"rendered":"<p>2020 Maciej Banach &#8211; Vn\u00fatorn\u00e9 choroby, Poland 2019 Rudolf Schuster \u2013 Politol\u00f3gia, Slovak Republic 2018 Robert Alexy&nbsp;\u2013 Law, Germany 2016 JUDr. Pavel Rychetsk\u00fd&nbsp;\u2013 Law, Czech Republic 2015 Jochen Harant&nbsp;\u2013 Matematics, Germany 2013 Gianni Buquicchio&nbsp;\u2013 Law, Italy 2010 Mark William Meisel \u2013 Physics, USA&nbsp; 2009 Mikl\u00f3s Bauer&nbsp;\u2013 Medicine, Hungary&nbsp; 2008 Jean-Paul Costa \u2013 Law,&nbsp;France Milan Sobotka &hellip; <a href=\"https:\/\/www.upjs.sk\/en\/information\/science-and-research\/scientific-and-research-activities-phd-studies\/dr-honoris-causa\/\">Continued<\/a><\/p>\n","protected":false},"author":1,"featured_media":0,"parent":24600,"menu_order":4,"comment_status":"closed","ping_status":"closed","template":"","meta":{"_acf_changed":false,"_editorskit_title_hidden":false,"_editorskit_reading_time":0,"_editorskit_is_block_options_detached":false,"_editorskit_block_options_position":"{}","footnotes":""},"categories":[],"tags":[],"class_list":["post-24738","page","type-page","status-publish","hentry"],"acf":{"acf_link_na_externy_obsah":""},"yoast_head":"<!-- This site is optimized with the Yoast SEO plugin v27.4 - https:\/\/yoast.com\/product\/yoast-seo-wordpress\/ -->\n<title>Doctor Honoris Causa - UPJ\u0160 Ko\u0161ice<\/title>\n<meta name=\"robots\" content=\"index, follow, max-snippet:-1, max-image-preview:large, max-video-preview:-1\" \/>\n<link rel=\"canonical\" href=\"https:\/\/www.upjs.sk\/en\/information\/science-and-research\/scientific-and-research-activities-phd-studies\/dr-honoris-causa\/\" \/>\n<meta property=\"og:locale\" content=\"en_US\" \/>\n<meta property=\"og:type\" content=\"article\" \/>\n<meta property=\"og:title\" content=\"Doctor Honoris Causa - UPJ\u0160 Ko\u0161ice\" \/>\n<meta property=\"og:description\" content=\"2020 Maciej Banach &#8211; Vn\u00fatorn\u00e9 choroby, Poland 2019 Rudolf Schuster \u2013 Politol\u00f3gia, Slovak Republic 2018 Robert Alexy&nbsp;\u2013 Law, Germany 2016 JUDr. Pavel Rychetsk\u00fd&nbsp;\u2013 Law, Czech Republic 2015 Jochen Harant&nbsp;\u2013 Matematics, Germany 2013 Gianni Buquicchio&nbsp;\u2013 Law, Italy 2010 Mark William Meisel \u2013 Physics, USA&nbsp; 2009 Mikl\u00f3s Bauer&nbsp;\u2013 Medicine, Hungary&nbsp; 2008 Jean-Paul Costa \u2013 Law,&nbsp;France Milan Sobotka &hellip; Continued\" \/>\n<meta property=\"og:url\" content=\"https:\/\/www.upjs.sk\/en\/information\/science-and-research\/scientific-and-research-activities-phd-studies\/dr-honoris-causa\/\" \/>\n<meta property=\"og:site_name\" content=\"UPJ\u0160 Ko\u0161ice\" \/>\n<meta property=\"article:publisher\" content=\"https:\/\/www.facebook.com\/UniverzitaPavlaJozefaSafarikaVkosiciach\/\" \/>\n<meta property=\"article:modified_time\" content=\"2023-05-18T13:52:18+00:00\" \/>\n<meta name=\"twitter:card\" content=\"summary_large_image\" \/>\n<meta name=\"twitter:site\" content=\"@UPJS_kosice\" \/>\n<meta name=\"twitter:label1\" content=\"Est. reading time\" \/>\n\t<meta name=\"twitter:data1\" content=\"2 minutes\" \/>\n<script type=\"application\/ld+json\" class=\"yoast-schema-graph\">{\"@context\":\"https:\\\/\\\/schema.org\",\"@graph\":[{\"@type\":\"WebPage\",\"@id\":\"https:\\\/\\\/www.upjs.sk\\\/en\\\/information\\\/science-and-research\\\/scientific-and-research-activities-phd-studies\\\/dr-honoris-causa\\\/\",\"url\":\"https:\\\/\\\/www.upjs.sk\\\/en\\\/information\\\/science-and-research\\\/scientific-and-research-activities-phd-studies\\\/dr-honoris-causa\\\/\",\"name\":\"Doctor Honoris Causa - UPJ\u0160 Ko\u0161ice\",\"isPartOf\":{\"@id\":\"https:\\\/\\\/www.upjs.sk\\\/en\\\/#website\"},\"datePublished\":\"2016-11-02T11:45:14+00:00\",\"dateModified\":\"2023-05-18T13:52:18+00:00\",\"breadcrumb\":{\"@id\":\"https:\\\/\\\/www.upjs.sk\\\/en\\\/information\\\/science-and-research\\\/scientific-and-research-activities-phd-studies\\\/dr-honoris-causa\\\/#breadcrumb\"},\"inLanguage\":\"en-US\",\"potentialAction\":[{\"@type\":\"ReadAction\",\"target\":[\"https:\\\/\\\/www.upjs.sk\\\/en\\\/information\\\/science-and-research\\\/scientific-and-research-activities-phd-studies\\\/dr-honoris-causa\\\/\"]}]},{\"@type\":\"BreadcrumbList\",\"@id\":\"https:\\\/\\\/www.upjs.sk\\\/en\\\/information\\\/science-and-research\\\/scientific-and-research-activities-phd-studies\\\/dr-honoris-causa\\\/#breadcrumb\",\"itemListElement\":[{\"@type\":\"ListItem\",\"position\":1,\"name\":\"Home\",\"item\":\"https:\\\/\\\/www.upjs.sk\\\/en\\\/\"},{\"@type\":\"ListItem\",\"position\":2,\"name\":\"Information\",\"item\":\"https:\\\/\\\/www.upjs.sk\\\/en\\\/information\\\/\"},{\"@type\":\"ListItem\",\"position\":3,\"name\":\"Science, Research and Development\",\"item\":\"https:\\\/\\\/www.upjs.sk\\\/en\\\/information\\\/science-and-research\\\/\"},{\"@type\":\"ListItem\",\"position\":4,\"name\":\"Scientific and Research Activities, PhD Studies\",\"item\":\"https:\\\/\\\/www.upjs.sk\\\/en\\\/information\\\/science-and-research\\\/scientific-and-research-activities-phd-studies\\\/\"},{\"@type\":\"ListItem\",\"position\":5,\"name\":\"Doctor Honoris Causa\"}]},{\"@type\":\"WebSite\",\"@id\":\"https:\\\/\\\/www.upjs.sk\\\/en\\\/#website\",\"url\":\"https:\\\/\\\/www.upjs.sk\\\/en\\\/\",\"name\":\"UPJ\u0160 Ko\u0161ice\",\"description\":\"Wisdom of the Past, Knowledge of the Present, Education of the Future\",\"publisher\":{\"@id\":\"https:\\\/\\\/www.upjs.sk\\\/en\\\/#organization\"},\"potentialAction\":[{\"@type\":\"SearchAction\",\"target\":{\"@type\":\"EntryPoint\",\"urlTemplate\":\"https:\\\/\\\/www.upjs.sk\\\/en\\\/?s={search_term_string}\"},\"query-input\":{\"@type\":\"PropertyValueSpecification\",\"valueRequired\":true,\"valueName\":\"search_term_string\"}}],\"inLanguage\":\"en-US\"},{\"@type\":\"Organization\",\"@id\":\"https:\\\/\\\/www.upjs.sk\\\/en\\\/#organization\",\"name\":\"UPJ\u0160 Ko\u0161ice\",\"url\":\"https:\\\/\\\/www.upjs.sk\\\/en\\\/\",\"logo\":{\"@type\":\"ImageObject\",\"inLanguage\":\"en-US\",\"@id\":\"https:\\\/\\\/www.upjs.sk\\\/en\\\/#\\\/schema\\\/logo\\\/image\\\/\",\"url\":\"https:\\\/\\\/www.upjs.sk\\\/app\\\/uploads\\\/2023\\\/01\\\/UPJS_ENG_esymbol.svg\",\"contentUrl\":\"https:\\\/\\\/www.upjs.sk\\\/app\\\/uploads\\\/2023\\\/01\\\/UPJS_ENG_esymbol.svg\",\"width\":448,\"height\":139,\"caption\":\"UPJ\u0160 Ko\u0161ice\"},\"image\":{\"@id\":\"https:\\\/\\\/www.upjs.sk\\\/en\\\/#\\\/schema\\\/logo\\\/image\\\/\"},\"sameAs\":[\"https:\\\/\\\/www.facebook.com\\\/UniverzitaPavlaJozefaSafarikaVkosiciach\\\/\",\"https:\\\/\\\/x.com\\\/UPJS_kosice\",\"https:\\\/\\\/www.instagram.com\\\/upjs_kosice\",\"https:\\\/\\\/www.linkedin.com\\\/company\\\/pavol-jozef-afrik-university-in-koice\\\/\"]}]}<\/script>\n<!-- \/ Yoast SEO plugin. -->","yoast_head_json":{"title":"Doctor Honoris Causa - UPJ\u0160 Ko\u0161ice","robots":{"index":"index","follow":"follow","max-snippet":"max-snippet:-1","max-image-preview":"max-image-preview:large","max-video-preview":"max-video-preview:-1"},"canonical":"https:\/\/www.upjs.sk\/en\/information\/science-and-research\/scientific-and-research-activities-phd-studies\/dr-honoris-causa\/","og_locale":"en_US","og_type":"article","og_title":"Doctor Honoris Causa - UPJ\u0160 Ko\u0161ice","og_description":"2020 Maciej Banach &#8211; Vn\u00fatorn\u00e9 choroby, Poland 2019 Rudolf Schuster \u2013 Politol\u00f3gia, Slovak Republic 2018 Robert Alexy&nbsp;\u2013 Law, Germany 2016 JUDr. Pavel Rychetsk\u00fd&nbsp;\u2013 Law, Czech Republic 2015 Jochen Harant&nbsp;\u2013 Matematics, Germany 2013 Gianni Buquicchio&nbsp;\u2013 Law, Italy 2010 Mark William Meisel \u2013 Physics, USA&nbsp; 2009 Mikl\u00f3s Bauer&nbsp;\u2013 Medicine, Hungary&nbsp; 2008 Jean-Paul Costa \u2013 Law,&nbsp;France Milan Sobotka &hellip; Continued","og_url":"https:\/\/www.upjs.sk\/en\/information\/science-and-research\/scientific-and-research-activities-phd-studies\/dr-honoris-causa\/","og_site_name":"UPJ\u0160 Ko\u0161ice","article_publisher":"https:\/\/www.facebook.com\/UniverzitaPavlaJozefaSafarikaVkosiciach\/","article_modified_time":"2023-05-18T13:52:18+00:00","twitter_card":"summary_large_image","twitter_site":"@UPJS_kosice","twitter_misc":{"Est. reading time":"2 minutes"},"schema":{"@context":"https:\/\/schema.org","@graph":[{"@type":"WebPage","@id":"https:\/\/www.upjs.sk\/en\/information\/science-and-research\/scientific-and-research-activities-phd-studies\/dr-honoris-causa\/","url":"https:\/\/www.upjs.sk\/en\/information\/science-and-research\/scientific-and-research-activities-phd-studies\/dr-honoris-causa\/","name":"Doctor Honoris Causa - UPJ\u0160 Ko\u0161ice","isPartOf":{"@id":"https:\/\/www.upjs.sk\/en\/#website"},"datePublished":"2016-11-02T11:45:14+00:00","dateModified":"2023-05-18T13:52:18+00:00","breadcrumb":{"@id":"https:\/\/www.upjs.sk\/en\/information\/science-and-research\/scientific-and-research-activities-phd-studies\/dr-honoris-causa\/#breadcrumb"},"inLanguage":"en-US","potentialAction":[{"@type":"ReadAction","target":["https:\/\/www.upjs.sk\/en\/information\/science-and-research\/scientific-and-research-activities-phd-studies\/dr-honoris-causa\/"]}]},{"@type":"BreadcrumbList","@id":"https:\/\/www.upjs.sk\/en\/information\/science-and-research\/scientific-and-research-activities-phd-studies\/dr-honoris-causa\/#breadcrumb","itemListElement":[{"@type":"ListItem","position":1,"name":"Home","item":"https:\/\/www.upjs.sk\/en\/"},{"@type":"ListItem","position":2,"name":"Information","item":"https:\/\/www.upjs.sk\/en\/information\/"},{"@type":"ListItem","position":3,"name":"Science, Research and Development","item":"https:\/\/www.upjs.sk\/en\/information\/science-and-research\/"},{"@type":"ListItem","position":4,"name":"Scientific and Research Activities, PhD Studies","item":"https:\/\/www.upjs.sk\/en\/information\/science-and-research\/scientific-and-research-activities-phd-studies\/"},{"@type":"ListItem","position":5,"name":"Doctor Honoris Causa"}]},{"@type":"WebSite","@id":"https:\/\/www.upjs.sk\/en\/#website","url":"https:\/\/www.upjs.sk\/en\/","name":"UPJ\u0160 Ko\u0161ice","description":"Wisdom of the Past, Knowledge of the Present, Education of the Future","publisher":{"@id":"https:\/\/www.upjs.sk\/en\/#organization"},"potentialAction":[{"@type":"SearchAction","target":{"@type":"EntryPoint","urlTemplate":"https:\/\/www.upjs.sk\/en\/?s={search_term_string}"},"query-input":{"@type":"PropertyValueSpecification","valueRequired":true,"valueName":"search_term_string"}}],"inLanguage":"en-US"},{"@type":"Organization","@id":"https:\/\/www.upjs.sk\/en\/#organization","name":"UPJ\u0160 Ko\u0161ice","url":"https:\/\/www.upjs.sk\/en\/","logo":{"@type":"ImageObject","inLanguage":"en-US","@id":"https:\/\/www.upjs.sk\/en\/#\/schema\/logo\/image\/","url":"https:\/\/www.upjs.sk\/app\/uploads\/2023\/01\/UPJS_ENG_esymbol.svg","contentUrl":"https:\/\/www.upjs.sk\/app\/uploads\/2023\/01\/UPJS_ENG_esymbol.svg","width":448,"height":139,"caption":"UPJ\u0160 Ko\u0161ice"},"image":{"@id":"https:\/\/www.upjs.sk\/en\/#\/schema\/logo\/image\/"},"sameAs":["https:\/\/www.facebook.com\/UniverzitaPavlaJozefaSafarikaVkosiciach\/","https:\/\/x.com\/UPJS_kosice","https:\/\/www.instagram.com\/upjs_kosice","https:\/\/www.linkedin.com\/company\/pavol-jozef-afrik-university-in-koice\/"]}]}},"_links":{"self":[{"href":"https:\/\/www.upjs.sk\/en\/wp-json\/wp\/v2\/pages\/24738","targetHints":{"allow":["GET"]}}],"collection":[{"href":"https:\/\/www.upjs.sk\/en\/wp-json\/wp\/v2\/pages"}],"about":[{"href":"https:\/\/www.upjs.sk\/en\/wp-json\/wp\/v2\/types\/page"}],"author":[{"embeddable":true,"href":"https:\/\/www.upjs.sk\/en\/wp-json\/wp\/v2\/users\/1"}],"replies":[{"embeddable":true,"href":"https:\/\/www.upjs.sk\/en\/wp-json\/wp\/v2\/comments?post=24738"}],"version-history":[{"count":3,"href":"https:\/\/www.upjs.sk\/en\/wp-json\/wp\/v2\/pages\/24738\/revisions"}],"predecessor-version":[{"id":59890,"href":"https:\/\/www.upjs.sk\/en\/wp-json\/wp\/v2\/pages\/24738\/revisions\/59890"}],"up":[{"embeddable":true,"href":"https:\/\/www.upjs.sk\/en\/wp-json\/wp\/v2\/pages\/24600"}],"wp:attachment":[{"href":"https:\/\/www.upjs.sk\/en\/wp-json\/wp\/v2\/media?parent=24738"}],"wp:term":[{"taxonomy":"category","embeddable":true,"href":"https:\/\/www.upjs.sk\/en\/wp-json\/wp\/v2\/categories?post=24738"},{"taxonomy":"post_tag","embeddable":true,"href":"https:\/\/www.upjs.sk\/en\/wp-json\/wp\/v2\/tags?post=24738"}],"curies":[{"name":"wp","href":"https:\/\/api.w.org\/{rel}","templated":true}]}}