{"id":24739,"date":"2022-11-09T21:38:14","date_gmt":"2022-11-09T21:38:14","guid":{"rendered":"https:\/\/www.upjs.sk\/information\/science-research-and-development\/scientific-and-research-activities-phd-studies\/24739-2\/"},"modified":"2024-03-21T10:34:30","modified_gmt":"2024-03-21T09:34:30","slug":"phd-portal","status":"publish","type":"page","link":"https:\/\/www.upjs.sk\/en\/information\/science-and-research\/scientific-and-research-activities-phd-studies\/doctoral-studies\/phd-portal\/","title":{"rendered":"PhD Portal"},"content":{"rendered":"<style>.kb-row-layout-id24739_c9edd9-ab > .kt-row-column-wrap{align-content:start;}:where(.kb-row-layout-id24739_c9edd9-ab > .kt-row-column-wrap) > .wp-block-kadence-column{justify-content:start;}.kb-row-layout-id24739_c9edd9-ab > .kt-row-column-wrap{column-gap:var(--global-kb-gap-sm, 1rem);row-gap:var(--global-kb-gap-md, 2rem);padding-top:var(--global-kb-spacing-sm, 1.5rem);padding-bottom:var(--global-kb-spacing-sm, 1.5rem);grid-template-columns:minmax(0, 1fr) minmax(0, 2fr);}.kb-row-layout-id24739_c9edd9-ab{border-top-left-radius:0px;border-top-right-radius:0px;border-bottom-right-radius:0px;border-bottom-left-radius:0px;}.kb-row-layout-id24739_c9edd9-ab > .kt-row-layout-overlay{opacity:0.30;}.kb-row-layout-id24739_c9edd9-ab .kt-row-layout-bottom-sep{height:100px;}.kb-row-layout-id24739_c9edd9-ab .kt-row-layout-bottom-sep svg{width:100%;}.kb-row-layout-id24739_c9edd9-ab .kt-row-layout-bottom-sep svg{fill:#ffffff!important;}@media all and (max-width: 1024px){.kb-row-layout-id24739_c9edd9-ab > .kt-row-column-wrap{grid-template-columns:minmax(0, 1fr) minmax(0, 2fr);}}@media all and (max-width: 1024px){.kb-row-layout-id24739_c9edd9-ab .kt-row-layout-bottom-sep{height:px;}}@media all and (max-width: 1024px){.kb-row-layout-id24739_c9edd9-ab .kt-row-layout-bottom-sep svg{width:%;}}@media all and (max-width: 767px){.kb-row-layout-id24739_c9edd9-ab > .kt-row-column-wrap{grid-template-columns:minmax(0, 1fr);}.kb-row-layout-id24739_c9edd9-ab .kt-row-layout-bottom-sep{height:px;}.kb-row-layout-id24739_c9edd9-ab .kt-row-layout-bottom-sep svg{width:%;}}.kb-row-layout-id24739_c9edd9-ab h2 {  margin:0;  font-size:20px;  font-weight:bold;  line-height:revert;}.kb-row-layout-id24739_c9edd9-ab p {  margin:revert;}.kb-row-layout-id24739_c9edd9-ab ul {  margin:revert;}.alignnone {  margin: 0;}<\/style><div class=\"kb-row-layout-wrap kb-row-layout-id24739_c9edd9-ab alignnone wp-block-kadence-rowlayout\"><div class=\"kt-row-column-wrap kt-has-2-columns kt-row-layout-right-golden kt-tab-layout-inherit kt-mobile-layout-row kt-row-valign-top kt-inner-column-height-full\">\n<style>.kadence-column24739_27a60e-28 > .kt-inside-inner-col{display:flex;}.kadence-column24739_27a60e-28 > .kt-inside-inner-col{padding-top:20px;padding-right:20px;padding-bottom:20px;padding-left:20px;}.kadence-column24739_27a60e-28 > .kt-inside-inner-col,.kadence-column24739_27a60e-28 > .kt-inside-inner-col:before{border-top-left-radius:5px;border-top-right-radius:5px;border-bottom-right-radius:5px;border-bottom-left-radius:5px;}.kadence-column24739_27a60e-28 > .kt-inside-inner-col{column-gap:var(--global-kb-gap-sm, 1rem);}.kadence-column24739_27a60e-28 > .kt-inside-inner-col{flex-direction:column;justify-content:center;}.kadence-column24739_27a60e-28 > .kt-inside-inner-col > .aligncenter{width:100%;}.kt-row-column-wrap > .kadence-column24739_27a60e-28{align-self:center;}.kt-inner-column-height-full:not(.kt-has-1-columns) > .wp-block-kadence-column.kadence-column24739_27a60e-28{align-self:auto;}.kt-inner-column-height-full:not(.kt-has-1-columns) > .wp-block-kadence-column.kadence-column24739_27a60e-28 > .kt-inside-inner-col{flex-direction:column;justify-content:center;}.kadence-column24739_27a60e-28 > .kt-inside-inner-col{background-color:#f4f4f4;}.kadence-column24739_27a60e-28 > .kt-inside-inner-col:before{opacity:0.3;}.kadence-column24739_27a60e-28, .kadence-column24739_27a60e-28 h1, .kadence-column24739_27a60e-28 h2, .kadence-column24739_27a60e-28 h3, .kadence-column24739_27a60e-28 h4, .kadence-column24739_27a60e-28 h5, .kadence-column24739_27a60e-28 h6{color:#164082;}.kadence-column24739_27a60e-28{position:relative;}.kadence-column24739_27a60e-28, .kt-inside-inner-col > .kadence-column24739_27a60e-28:not(.specificity){margin-top:4px;margin-bottom:4px;}@media all and (max-width: 1024px){.kt-row-column-wrap > .kadence-column24739_27a60e-28{align-self:center;}}@media all and (max-width: 1024px){.kt-inner-column-height-full:not(.kt-has-1-columns) > .wp-block-kadence-column.kadence-column24739_27a60e-28{align-self:auto;}}@media all and (max-width: 1024px){.kt-inner-column-height-full:not(.kt-has-1-columns) > .wp-block-kadence-column.kadence-column24739_27a60e-28 > .kt-inside-inner-col{flex-direction:column;justify-content:center;}}@media all and (max-width: 1024px){.kadence-column24739_27a60e-28 > .kt-inside-inner-col{flex-direction:column;justify-content:center;}}@media all and (max-width: 767px){.kt-row-column-wrap > .kadence-column24739_27a60e-28{align-self:center;}.kt-inner-column-height-full:not(.kt-has-1-columns) > .wp-block-kadence-column.kadence-column24739_27a60e-28{align-self:auto;}.kt-inner-column-height-full:not(.kt-has-1-columns) > .wp-block-kadence-column.kadence-column24739_27a60e-28 > .kt-inside-inner-col{flex-direction:column;justify-content:center;}.kadence-column24739_27a60e-28 > .kt-inside-inner-col{flex-direction:column;justify-content:center;}}<\/style>\n<div class=\"wp-block-kadence-column kadence-column24739_27a60e-28 inner-column-1\"><div class=\"kt-inside-inner-col\">\n<h2 class=\"wp-block-heading\"><a href=\"https:\/\/studijne-programy.upjs.sk\/en\/phd\" class=\"ek-link\">Doctoral degree programmes at Pavol Jozef \u0160af\u00e1rik University in Ko\u0161ice<\/a><\/h2>\n\n\n\n<p>All about the accredited doctoral study programmes in one place:<\/p>\n\n\n\n<ul class=\"wp-block-list\">\n<li>Prerequisites and options<\/li>\n\n\n\n<li>Admission requirements<\/li>\n\n\n\n<li>Dissertation topics for the academic year<\/li>\n\n\n\n<li>Supervisors<\/li>\n\n\n\n<li>Requirements for successful completion of doctoral studies<\/li>\n\n\n\n<li>Career opportunities<\/li>\n<\/ul>\n<\/div><\/div>\n\n\n<style>.kadence-column24739_11f213-4f > .kt-inside-inner-col{display:flex;}.kadence-column24739_11f213-4f > .kt-inside-inner-col{padding-top:0px;padding-right:0px;padding-bottom:0px;padding-left:0px;}.kadence-column24739_11f213-4f > .kt-inside-inner-col,.kadence-column24739_11f213-4f > .kt-inside-inner-col:before{border-top-left-radius:0px;border-top-right-radius:0px;border-bottom-right-radius:0px;border-bottom-left-radius:0px;}.kadence-column24739_11f213-4f > .kt-inside-inner-col{column-gap:var(--global-kb-gap-sm, 1rem);}.kadence-column24739_11f213-4f > .kt-inside-inner-col{flex-direction:column;justify-content:center;}.kadence-column24739_11f213-4f > .kt-inside-inner-col > .aligncenter{width:100%;}.kt-row-column-wrap > .kadence-column24739_11f213-4f{align-self:center;}.kt-inner-column-height-full:not(.kt-has-1-columns) > .wp-block-kadence-column.kadence-column24739_11f213-4f{align-self:auto;}.kt-inner-column-height-full:not(.kt-has-1-columns) > .wp-block-kadence-column.kadence-column24739_11f213-4f > .kt-inside-inner-col{flex-direction:column;justify-content:center;}.kadence-column24739_11f213-4f > .kt-inside-inner-col:before{opacity:0.3;}.kadence-column24739_11f213-4f{position:relative;}.kadence-column24739_11f213-4f, .kt-inside-inner-col > .kadence-column24739_11f213-4f:not(.specificity){margin-top:0px;margin-right:0px;margin-bottom:0px;margin-left:0px;}@media all and (max-width: 1024px){.kt-row-column-wrap > .kadence-column24739_11f213-4f{align-self:center;}}@media all and (max-width: 1024px){.kt-inner-column-height-full:not(.kt-has-1-columns) > .wp-block-kadence-column.kadence-column24739_11f213-4f{align-self:auto;}}@media all and (max-width: 1024px){.kt-inner-column-height-full:not(.kt-has-1-columns) > .wp-block-kadence-column.kadence-column24739_11f213-4f > .kt-inside-inner-col{flex-direction:column;justify-content:center;}}@media all and (max-width: 1024px){.kadence-column24739_11f213-4f > .kt-inside-inner-col{flex-direction:column;justify-content:center;}}@media all and (max-width: 767px){.kt-row-column-wrap > .kadence-column24739_11f213-4f{align-self:center;}.kt-inner-column-height-full:not(.kt-has-1-columns) > .wp-block-kadence-column.kadence-column24739_11f213-4f{align-self:auto;}.kt-inner-column-height-full:not(.kt-has-1-columns) > .wp-block-kadence-column.kadence-column24739_11f213-4f > .kt-inside-inner-col{flex-direction:column;justify-content:center;}.kadence-column24739_11f213-4f > .kt-inside-inner-col{flex-direction:column;justify-content:center;}}<\/style>\n<div class=\"wp-block-kadence-column kadence-column24739_11f213-4f inner-column-2\"><div class=\"kt-inside-inner-col\"><style>.wp-block-kadence-advancedgallery.kb-gallery-wrap-id-24739_11de04-dc{overflow:hidden;}.kb-gallery-type-carousel.kb-gallery-id-24739_11de04-dc .kt-blocks-carousel .kt-blocks-carousel-init:not( .splide-initialized ){margin-left:-5px;margin-right:-5px;}.kb-gallery-type-carousel.kb-gallery-id-24739_11de04-dc .kt-blocks-carousel .kt-blocks-carousel-init:not( .splide-initialized ) .kb-slide-item{padding-left:5px;padding-right:5px;}.kb-gallery-id-24739_11de04-dc .kadence-blocks-gallery-item .kb-gal-image-radius, .kb-gallery-id-24739_11de04-dc .kb-slide-item .kb-gal-image-radius img{border-radius:5px 5px 5px 5px;;}.kb-gallery-id-24739_11de04-dc .kadence-blocks-gallery-item .kadence-blocks-gallery-item-inner .kadence-blocks-gallery-item__caption{font-size:1.2rem;}.kb-gallery-caption-style-bottom.kb-gallery-id-24739_11de04-dc .kadence-blocks-gallery-item .kadence-blocks-gallery-item-inner .kadence-blocks-gallery-item__caption, .kb-gallery-caption-style-bottom-hover.kb-gallery-id-24739_11de04-dc .kadence-blocks-gallery-item .kadence-blocks-gallery-item-inner .kadence-blocks-gallery-item__caption{background:linear-gradient(0deg, rgba(0, 0, 0, 0.5) 0, rgba(0, 0, 0, 0) 100%);}.kb-gallery-wrap-id-24739_11de04-dc.wp-block-kadence-advancedgallery{overflow:visible;}.kb-gallery-wrap-id-24739_11de04-dc.wp-block-kadence-advancedgallery .kt-blocks-carousel{overflow:visible;}<\/style><div class=\"kb-gallery-wrap-id-24739_11de04-dc alignnone wp-block-kadence-advancedgallery\"><div class=\"kb-gallery-ul kb-gallery-non-static kb-gallery-type-carousel kb-gallery-id-24739_11de04-dc kb-gallery-caption-style-bottom kb-gallery-filter-none\" data-image-filter=\"none\" data-lightbox-caption=\"true\"><div class=\"kt-blocks-carousel kt-carousel-container-dotstyle-none\"><div class=\"kt-blocks-carousel-init kb-gallery-carousel kt-carousel-arrowstyle-none kt-carousel-dotstyle-none kb-slider-group-arrow kb-slider-arrow-position-center\" data-columns-xxl=\"1\" data-columns-xl=\"1\" data-columns-md=\"1\" data-columns-sm=\"1\" data-columns-xs=\"1\" data-columns-ss=\"1\" data-slider-anim-speed=\"400\" data-slider-scroll=\"1\" data-slider-arrows=\"false\" data-slider-dots=\"false\" data-slider-hover-pause=\"false\" data-slider-auto=\"\" data-slider-speed=\"7000\" data-slider-gap=\"10px\" data-slider-gap-tablet=\"10px\" data-slider-gap-mobile=\"10px\" aria-label=\"Photo Gallery Carousel\"><div class=\"kb-slide-item kb-gallery-carousel-item\"><div class=\"kadence-blocks-gallery-item\"><div class=\"kadence-blocks-gallery-item-inner\"><figure class=\"kb-gallery-figure kb-gallery-item-has-link\"><a href=\"https:\/\/studijne-programy.upjs.sk\/en\/phd\" class=\"kb-gallery-item-link\" target=\"_blank\" rel=\"noopener noreferrer\"><div class=\"kb-gal-image-radius\"><div class=\"kb-gallery-image-contain kadence-blocks-gallery-intrinsic kb-gallery-image-ratio-land21 kb-has-image-ratio-land21\" ><img decoding=\"async\" src=\"https:\/\/www.upjs.sk\/app\/uploads\/2024\/03\/roll-layout-4.jpg\" width=\"780\" height=\"400\" alt=\"\" data-full-image=\"https:\/\/www.upjs.sk\/app\/uploads\/2024\/03\/roll-layout-4.jpg\" data-light-image=\"https:\/\/www.upjs.sk\/app\/uploads\/2024\/03\/roll-layout-4.jpg\" data-id=\"73553\" class=\"wp-image-73553 skip-lazy\" srcset=\"https:\/\/www.upjs.sk\/app\/uploads\/2024\/03\/roll-layout-4.jpg 780w, https:\/\/www.upjs.sk\/app\/uploads\/2024\/03\/roll-layout-4-300x154.jpg 300w, https:\/\/www.upjs.sk\/app\/uploads\/2024\/03\/roll-layout-4-768x394.jpg 768w\" sizes=\"(max-width: 780px) 100vw, 780px\" \/><\/div><\/div><\/a><\/figure><\/div><\/div><\/div><\/div><\/div><\/div><\/div><\/div><\/div>\n\n<\/div><\/div>","protected":false},"excerpt":{"rendered":"<p>Doctoral degree programmes at Pavol Jozef \u0160af\u00e1rik University in Ko\u0161ice All about the accredited doctoral study programmes in one place:<\/p>\n","protected":false},"author":1,"featured_media":0,"parent":59915,"menu_order":4,"comment_status":"closed","ping_status":"closed","template":"","meta":{"_acf_changed":false,"_editorskit_title_hidden":false,"_editorskit_reading_time":1,"_editorskit_is_block_options_detached":false,"_editorskit_block_options_position":"{}","footnotes":""},"categories":[],"tags":[],"class_list":["post-24739","page","type-page","status-publish","hentry"],"acf":{"acf_link_na_externy_obsah":""},"yoast_head":"<!-- This site is optimized with the Yoast SEO plugin v27.2 - https:\/\/yoast.com\/product\/yoast-seo-wordpress\/ -->\n<title>PhD Portal - UPJ\u0160 Ko\u0161ice<\/title>\n<meta name=\"robots\" content=\"index, follow, max-snippet:-1, max-image-preview:large, max-video-preview:-1\" \/>\n<link rel=\"canonical\" href=\"https:\/\/www.upjs.sk\/en\/information\/science-and-research\/scientific-and-research-activities-phd-studies\/doctoral-studies\/phd-portal\/\" \/>\n<meta property=\"og:locale\" content=\"en_US\" \/>\n<meta property=\"og:type\" content=\"article\" \/>\n<meta property=\"og:title\" content=\"PhD Portal - UPJ\u0160 Ko\u0161ice\" \/>\n<meta property=\"og:description\" content=\"Doctoral degree programmes at Pavol Jozef \u0160af\u00e1rik University in Ko\u0161ice All about the accredited doctoral study programmes in one place:\" \/>\n<meta property=\"og:url\" content=\"https:\/\/www.upjs.sk\/en\/information\/science-and-research\/scientific-and-research-activities-phd-studies\/doctoral-studies\/phd-portal\/\" \/>\n<meta property=\"og:site_name\" content=\"UPJ\u0160 Ko\u0161ice\" \/>\n<meta property=\"article:publisher\" content=\"https:\/\/www.facebook.com\/UniverzitaPavlaJozefaSafarikaVkosiciach\/\" \/>\n<meta property=\"article:modified_time\" content=\"2024-03-21T09:34:30+00:00\" \/>\n<meta name=\"twitter:card\" content=\"summary_large_image\" \/>\n<meta name=\"twitter:site\" content=\"@UPJS_kosice\" \/>\n<meta name=\"twitter:label1\" content=\"Est. reading time\" \/>\n\t<meta name=\"twitter:data1\" content=\"1 minute\" \/>\n<script type=\"application\/ld+json\" class=\"yoast-schema-graph\">{\"@context\":\"https:\/\/schema.org\",\"@graph\":[{\"@type\":\"WebPage\",\"@id\":\"https:\/\/www.upjs.sk\/en\/information\/science-and-research\/scientific-and-research-activities-phd-studies\/doctoral-studies\/phd-portal\/\",\"url\":\"https:\/\/www.upjs.sk\/en\/information\/science-and-research\/scientific-and-research-activities-phd-studies\/doctoral-studies\/phd-portal\/\",\"name\":\"PhD Portal - UPJ\u0160 Ko\u0161ice\",\"isPartOf\":{\"@id\":\"https:\/\/www.upjs.sk\/en\/#website\"},\"datePublished\":\"2022-11-09T21:38:14+00:00\",\"dateModified\":\"2024-03-21T09:34:30+00:00\",\"breadcrumb\":{\"@id\":\"https:\/\/www.upjs.sk\/en\/information\/science-and-research\/scientific-and-research-activities-phd-studies\/doctoral-studies\/phd-portal\/#breadcrumb\"},\"inLanguage\":\"en-US\",\"potentialAction\":[{\"@type\":\"ReadAction\",\"target\":[\"https:\/\/www.upjs.sk\/en\/information\/science-and-research\/scientific-and-research-activities-phd-studies\/doctoral-studies\/phd-portal\/\"]}]},{\"@type\":\"BreadcrumbList\",\"@id\":\"https:\/\/www.upjs.sk\/en\/information\/science-and-research\/scientific-and-research-activities-phd-studies\/doctoral-studies\/phd-portal\/#breadcrumb\",\"itemListElement\":[{\"@type\":\"ListItem\",\"position\":1,\"name\":\"Home\",\"item\":\"https:\/\/www.upjs.sk\/en\/\"},{\"@type\":\"ListItem\",\"position\":2,\"name\":\"Information\",\"item\":\"https:\/\/www.upjs.sk\/en\/information\/\"},{\"@type\":\"ListItem\",\"position\":3,\"name\":\"Science, Research and Development\",\"item\":\"https:\/\/www.upjs.sk\/en\/information\/science-and-research\/\"},{\"@type\":\"ListItem\",\"position\":4,\"name\":\"Scientific and Research Activities, PhD Studies\",\"item\":\"https:\/\/www.upjs.sk\/en\/information\/science-and-research\/scientific-and-research-activities-phd-studies\/\"},{\"@type\":\"ListItem\",\"position\":5,\"name\":\"Scientific research and doctoral studies\",\"item\":\"https:\/\/www.upjs.sk\/en\/information\/science-and-research\/scientific-and-research-activities-phd-studies\/doctoral-studies\/\"},{\"@type\":\"ListItem\",\"position\":6,\"name\":\"PhD Portal\"}]},{\"@type\":\"WebSite\",\"@id\":\"https:\/\/www.upjs.sk\/en\/#website\",\"url\":\"https:\/\/www.upjs.sk\/en\/\",\"name\":\"UPJ\u0160 Ko\u0161ice\",\"description\":\"Wisdom of the Past, Knowledge of the Present, Education of the Future\",\"publisher\":{\"@id\":\"https:\/\/www.upjs.sk\/en\/#organization\"},\"potentialAction\":[{\"@type\":\"SearchAction\",\"target\":{\"@type\":\"EntryPoint\",\"urlTemplate\":\"https:\/\/www.upjs.sk\/en\/?s={search_term_string}\"},\"query-input\":{\"@type\":\"PropertyValueSpecification\",\"valueRequired\":true,\"valueName\":\"search_term_string\"}}],\"inLanguage\":\"en-US\"},{\"@type\":\"Organization\",\"@id\":\"https:\/\/www.upjs.sk\/en\/#organization\",\"name\":\"UPJ\u0160 Ko\u0161ice\",\"url\":\"https:\/\/www.upjs.sk\/en\/\",\"logo\":{\"@type\":\"ImageObject\",\"inLanguage\":\"en-US\",\"@id\":\"https:\/\/www.upjs.sk\/en\/#\/schema\/logo\/image\/\",\"url\":\"https:\/\/www.upjs.sk\/app\/uploads\/2023\/01\/UPJS_ENG_esymbol.svg\",\"contentUrl\":\"https:\/\/www.upjs.sk\/app\/uploads\/2023\/01\/UPJS_ENG_esymbol.svg\",\"width\":448,\"height\":139,\"caption\":\"UPJ\u0160 Ko\u0161ice\"},\"image\":{\"@id\":\"https:\/\/www.upjs.sk\/en\/#\/schema\/logo\/image\/\"},\"sameAs\":[\"https:\/\/www.facebook.com\/UniverzitaPavlaJozefaSafarikaVkosiciach\/\",\"https:\/\/x.com\/UPJS_kosice\",\"https:\/\/www.instagram.com\/upjs_kosice\",\"https:\/\/www.linkedin.com\/company\/pavol-jozef-afrik-university-in-koice\/\"]}]}<\/script>\n<!-- \/ Yoast SEO plugin. -->","yoast_head_json":{"title":"PhD Portal - UPJ\u0160 Ko\u0161ice","robots":{"index":"index","follow":"follow","max-snippet":"max-snippet:-1","max-image-preview":"max-image-preview:large","max-video-preview":"max-video-preview:-1"},"canonical":"https:\/\/www.upjs.sk\/en\/information\/science-and-research\/scientific-and-research-activities-phd-studies\/doctoral-studies\/phd-portal\/","og_locale":"en_US","og_type":"article","og_title":"PhD Portal - UPJ\u0160 Ko\u0161ice","og_description":"Doctoral degree programmes at Pavol Jozef \u0160af\u00e1rik University in Ko\u0161ice All about the accredited doctoral study programmes in one place:","og_url":"https:\/\/www.upjs.sk\/en\/information\/science-and-research\/scientific-and-research-activities-phd-studies\/doctoral-studies\/phd-portal\/","og_site_name":"UPJ\u0160 Ko\u0161ice","article_publisher":"https:\/\/www.facebook.com\/UniverzitaPavlaJozefaSafarikaVkosiciach\/","article_modified_time":"2024-03-21T09:34:30+00:00","twitter_card":"summary_large_image","twitter_site":"@UPJS_kosice","twitter_misc":{"Est. reading time":"1 minute"},"schema":{"@context":"https:\/\/schema.org","@graph":[{"@type":"WebPage","@id":"https:\/\/www.upjs.sk\/en\/information\/science-and-research\/scientific-and-research-activities-phd-studies\/doctoral-studies\/phd-portal\/","url":"https:\/\/www.upjs.sk\/en\/information\/science-and-research\/scientific-and-research-activities-phd-studies\/doctoral-studies\/phd-portal\/","name":"PhD Portal - UPJ\u0160 Ko\u0161ice","isPartOf":{"@id":"https:\/\/www.upjs.sk\/en\/#website"},"datePublished":"2022-11-09T21:38:14+00:00","dateModified":"2024-03-21T09:34:30+00:00","breadcrumb":{"@id":"https:\/\/www.upjs.sk\/en\/information\/science-and-research\/scientific-and-research-activities-phd-studies\/doctoral-studies\/phd-portal\/#breadcrumb"},"inLanguage":"en-US","potentialAction":[{"@type":"ReadAction","target":["https:\/\/www.upjs.sk\/en\/information\/science-and-research\/scientific-and-research-activities-phd-studies\/doctoral-studies\/phd-portal\/"]}]},{"@type":"BreadcrumbList","@id":"https:\/\/www.upjs.sk\/en\/information\/science-and-research\/scientific-and-research-activities-phd-studies\/doctoral-studies\/phd-portal\/#breadcrumb","itemListElement":[{"@type":"ListItem","position":1,"name":"Home","item":"https:\/\/www.upjs.sk\/en\/"},{"@type":"ListItem","position":2,"name":"Information","item":"https:\/\/www.upjs.sk\/en\/information\/"},{"@type":"ListItem","position":3,"name":"Science, Research and Development","item":"https:\/\/www.upjs.sk\/en\/information\/science-and-research\/"},{"@type":"ListItem","position":4,"name":"Scientific and Research Activities, PhD Studies","item":"https:\/\/www.upjs.sk\/en\/information\/science-and-research\/scientific-and-research-activities-phd-studies\/"},{"@type":"ListItem","position":5,"name":"Scientific research and doctoral studies","item":"https:\/\/www.upjs.sk\/en\/information\/science-and-research\/scientific-and-research-activities-phd-studies\/doctoral-studies\/"},{"@type":"ListItem","position":6,"name":"PhD Portal"}]},{"@type":"WebSite","@id":"https:\/\/www.upjs.sk\/en\/#website","url":"https:\/\/www.upjs.sk\/en\/","name":"UPJ\u0160 Ko\u0161ice","description":"Wisdom of the Past, Knowledge of the Present, Education of the Future","publisher":{"@id":"https:\/\/www.upjs.sk\/en\/#organization"},"potentialAction":[{"@type":"SearchAction","target":{"@type":"EntryPoint","urlTemplate":"https:\/\/www.upjs.sk\/en\/?s={search_term_string}"},"query-input":{"@type":"PropertyValueSpecification","valueRequired":true,"valueName":"search_term_string"}}],"inLanguage":"en-US"},{"@type":"Organization","@id":"https:\/\/www.upjs.sk\/en\/#organization","name":"UPJ\u0160 Ko\u0161ice","url":"https:\/\/www.upjs.sk\/en\/","logo":{"@type":"ImageObject","inLanguage":"en-US","@id":"https:\/\/www.upjs.sk\/en\/#\/schema\/logo\/image\/","url":"https:\/\/www.upjs.sk\/app\/uploads\/2023\/01\/UPJS_ENG_esymbol.svg","contentUrl":"https:\/\/www.upjs.sk\/app\/uploads\/2023\/01\/UPJS_ENG_esymbol.svg","width":448,"height":139,"caption":"UPJ\u0160 Ko\u0161ice"},"image":{"@id":"https:\/\/www.upjs.sk\/en\/#\/schema\/logo\/image\/"},"sameAs":["https:\/\/www.facebook.com\/UniverzitaPavlaJozefaSafarikaVkosiciach\/","https:\/\/x.com\/UPJS_kosice","https:\/\/www.instagram.com\/upjs_kosice","https:\/\/www.linkedin.com\/company\/pavol-jozef-afrik-university-in-koice\/"]}]}},"_links":{"self":[{"href":"https:\/\/www.upjs.sk\/en\/wp-json\/wp\/v2\/pages\/24739","targetHints":{"allow":["GET"]}}],"collection":[{"href":"https:\/\/www.upjs.sk\/en\/wp-json\/wp\/v2\/pages"}],"about":[{"href":"https:\/\/www.upjs.sk\/en\/wp-json\/wp\/v2\/types\/page"}],"author":[{"embeddable":true,"href":"https:\/\/www.upjs.sk\/en\/wp-json\/wp\/v2\/users\/1"}],"replies":[{"embeddable":true,"href":"https:\/\/www.upjs.sk\/en\/wp-json\/wp\/v2\/comments?post=24739"}],"version-history":[{"count":7,"href":"https:\/\/www.upjs.sk\/en\/wp-json\/wp\/v2\/pages\/24739\/revisions"}],"predecessor-version":[{"id":73558,"href":"https:\/\/www.upjs.sk\/en\/wp-json\/wp\/v2\/pages\/24739\/revisions\/73558"}],"up":[{"embeddable":true,"href":"https:\/\/www.upjs.sk\/en\/wp-json\/wp\/v2\/pages\/59915"}],"wp:attachment":[{"href":"https:\/\/www.upjs.sk\/en\/wp-json\/wp\/v2\/media?parent=24739"}],"wp:term":[{"taxonomy":"category","embeddable":true,"href":"https:\/\/www.upjs.sk\/en\/wp-json\/wp\/v2\/categories?post=24739"},{"taxonomy":"post_tag","embeddable":true,"href":"https:\/\/www.upjs.sk\/en\/wp-json\/wp\/v2\/tags?post=24739"}],"curies":[{"name":"wp","href":"https:\/\/api.w.org\/{rel}","templated":true}]}}