{"id":24746,"date":"2016-11-02T14:25:13","date_gmt":"2016-11-02T14:25:13","guid":{"rendered":"https:\/\/www.upjs.sk\/information\/science-research-and-development\/scientific-and-research-activities-phd-studies\/top-research-teams\/"},"modified":"2023-09-27T10:45:33","modified_gmt":"2023-09-27T08:45:33","slug":"top-research-teams","status":"publish","type":"page","link":"https:\/\/www.upjs.sk\/en\/information\/science-and-research\/scientific-and-research-activities-phd-studies\/top-research-teams\/","title":{"rendered":"Top Research Teams"},"content":{"rendered":"\n<div style=\"height:30px\" aria-hidden=\"true\" class=\"wp-block-spacer\"><\/div>\n\n\n\n<p>There are six Top Research Teams at the Pavol Jozef \u0160af\u00e1rik University in Ko\u0161ice \u2013 the Quantum Magnetism and Nanophysics (QMAGNA) at the Faculty of Science, the Research Team of Bioactive Substances for Biomedical Applications (Bioaktiv) at the Faculty of Science, the Excellent Team for the Research into Atherosclerosis (EXTASY) at the Faculty of Medicine, the Team for Top Research into Anorganic Materials (TRIANGEL) at the Faculty of Science, the Ko\u0161ice Group of Discrete Mathematics (KOSDIM) at the Faculty of Science, and the Onomasiology \u2013 Word-Formation-Typology (OST) at the Faculty of Arts.<\/p>\n\n\n\n<div style=\"height:30px\" aria-hidden=\"true\" class=\"wp-block-spacer\"><\/div>\n\n\n<style>.wp-block-kadence-advancedgallery .kb-gallery-type-grid.kb-gallery-id-_1cf224-51{margin:-5px;}.kb-gallery-type-grid.kb-gallery-id-_1cf224-51 .kadence-blocks-gallery-item{padding:5px;}.kb-gallery-id-_1cf224-51 .kadence-blocks-gallery-item .kb-gal-image-radius, .kb-gallery-id-_1cf224-51 .kb-slide-item .kb-gal-image-radius img{border-radius:0px 0px 0px 0px;;}<\/style><div class=\"kb-gallery-wrap-id-_1cf224-51 alignfull alignfull wp-block-kadence-advancedgallery\"><ul class=\"kb-gallery-ul kb-gallery-non-static kb-gallery-type-grid kb-gallery-id-_1cf224-51 kb-gallery-caption-style-bottom-hover kb-gallery-filter-none\" data-image-filter=\"none\" data-item-selector=\".kadence-blocks-gallery-item\" data-lightbox-caption=\"true\" data-columns-xxl=\"3\" data-columns-xl=\"3\" data-columns-md=\"3\" data-columns-sm=\"2\" data-columns-xs=\"1\" data-columns-ss=\"1\"><li class=\"kadence-blocks-gallery-item\"><div class=\"kadence-blocks-gallery-item-inner\"><figure class=\"kb-gallery-figure kb-gallery-item-has-link kadence-blocks-gallery-item-hide-caption\"><a href=\"https:\/\/www.upjs.sk\/en\/information\/science-and-research\/scientific-and-research-activities-phd-studies\/top-research-teams\/qmagna-upjs\/\" class=\"kb-gallery-item-link\"  ><div class=\"kb-gal-image-radius\" style=\"max-width:1480px;\"><div class=\"kb-gallery-image-contain kadence-blocks-gallery-intrinsic kb-gallery-image-ratio-inherit kb-has-image-ratio-inherit\" style=\"padding-bottom:37%;\"><img decoding=\"async\" src=\"https:\/\/www.upjs.sk\/app\/uploads\/2023\/02\/tym-qmagna.png\" width=\"1480\" height=\"555\" alt=\"QMAGNA\" data-full-image=\"https:\/\/www.upjs.sk\/app\/uploads\/2023\/02\/tym-qmagna.png\" data-light-image=\"https:\/\/www.upjs.sk\/app\/uploads\/2023\/02\/tym-qmagna.png\" data-id=\"52142\" class=\"wp-image-52142\" srcset=\"https:\/\/www.upjs.sk\/app\/uploads\/2023\/02\/tym-qmagna.png 1480w, https:\/\/www.upjs.sk\/app\/uploads\/2023\/02\/tym-qmagna-300x113.png 300w, https:\/\/www.upjs.sk\/app\/uploads\/2023\/02\/tym-qmagna-1024x384.png 1024w, https:\/\/www.upjs.sk\/app\/uploads\/2023\/02\/tym-qmagna-768x288.png 768w\" sizes=\"(max-width: 1480px) 100vw, 1480px\" \/><\/div><\/div><\/a><\/figure><\/div><\/li><li class=\"kadence-blocks-gallery-item\"><div class=\"kadence-blocks-gallery-item-inner\"><figure class=\"kb-gallery-figure kb-gallery-item-has-link kadence-blocks-gallery-item-hide-caption\"><a href=\"https:\/\/www.upjs.sk\/en\/information\/science-and-research\/scientific-and-research-activities-phd-studies\/top-research-teams\/bioactiv\/\" class=\"kb-gallery-item-link\"  ><div class=\"kb-gal-image-radius\" style=\"max-width:1480px;\"><div class=\"kb-gallery-image-contain kadence-blocks-gallery-intrinsic kb-gallery-image-ratio-inherit kb-has-image-ratio-inherit\" style=\"padding-bottom:37%;\"><img decoding=\"async\" src=\"https:\/\/www.upjs.sk\/app\/uploads\/2023\/02\/tym-bioaktiv.png\" width=\"1480\" height=\"555\" alt=\"BIOAKTIV\" data-full-image=\"https:\/\/www.upjs.sk\/app\/uploads\/2023\/02\/tym-bioaktiv.png\" data-light-image=\"https:\/\/www.upjs.sk\/app\/uploads\/2023\/02\/tym-bioaktiv.png\" data-id=\"52139\" class=\"wp-image-52139\" srcset=\"https:\/\/www.upjs.sk\/app\/uploads\/2023\/02\/tym-bioaktiv.png 1480w, https:\/\/www.upjs.sk\/app\/uploads\/2023\/02\/tym-bioaktiv-300x113.png 300w, https:\/\/www.upjs.sk\/app\/uploads\/2023\/02\/tym-bioaktiv-1024x384.png 1024w, https:\/\/www.upjs.sk\/app\/uploads\/2023\/02\/tym-bioaktiv-768x288.png 768w\" sizes=\"(max-width: 1480px) 100vw, 1480px\" \/><\/div><\/div><\/a><\/figure><\/div><\/li><li class=\"kadence-blocks-gallery-item\"><div class=\"kadence-blocks-gallery-item-inner\"><figure class=\"kb-gallery-figure kb-gallery-item-has-link kadence-blocks-gallery-item-hide-caption\"><a href=\"https:\/\/www.upjs.sk\/en\/information\/science-and-research\/scientific-and-research-activities-phd-studies\/top-research-teams\/extasy-upjs\/\" class=\"kb-gallery-item-link\"  ><div class=\"kb-gal-image-radius\" style=\"max-width:1480px;\"><div class=\"kb-gallery-image-contain kadence-blocks-gallery-intrinsic kb-gallery-image-ratio-inherit kb-has-image-ratio-inherit\" style=\"padding-bottom:37%;\"><img decoding=\"async\" src=\"https:\/\/www.upjs.sk\/app\/uploads\/2023\/02\/tym-extasy.png\" width=\"1480\" height=\"555\" alt=\"EXTASY\" data-full-image=\"https:\/\/www.upjs.sk\/app\/uploads\/2023\/02\/tym-extasy.png\" data-light-image=\"https:\/\/www.upjs.sk\/app\/uploads\/2023\/02\/tym-extasy.png\" data-id=\"52133\" class=\"wp-image-52133\" srcset=\"https:\/\/www.upjs.sk\/app\/uploads\/2023\/02\/tym-extasy.png 1480w, https:\/\/www.upjs.sk\/app\/uploads\/2023\/02\/tym-extasy-300x113.png 300w, https:\/\/www.upjs.sk\/app\/uploads\/2023\/02\/tym-extasy-1024x384.png 1024w, https:\/\/www.upjs.sk\/app\/uploads\/2023\/02\/tym-extasy-768x288.png 768w\" sizes=\"(max-width: 1480px) 100vw, 1480px\" \/><\/div><\/div><\/a><\/figure><\/div><\/li><li class=\"kadence-blocks-gallery-item\"><div class=\"kadence-blocks-gallery-item-inner\"><figure class=\"kb-gallery-figure kb-gallery-item-has-link kadence-blocks-gallery-item-hide-caption\"><a href=\"https:\/\/www.upjs.sk\/en\/information\/science-and-research\/scientific-and-research-activities-phd-studies\/top-research-teams\/triangel\/\" class=\"kb-gallery-item-link\"  ><div class=\"kb-gal-image-radius\" style=\"max-width:1480px;\"><div class=\"kb-gallery-image-contain kadence-blocks-gallery-intrinsic kb-gallery-image-ratio-inherit kb-has-image-ratio-inherit\" style=\"padding-bottom:37%;\"><img decoding=\"async\" src=\"https:\/\/www.upjs.sk\/app\/uploads\/2023\/02\/tym-triangel.png\" width=\"1480\" height=\"555\" alt=\"TRIANGEL\" data-full-image=\"https:\/\/www.upjs.sk\/app\/uploads\/2023\/02\/tym-triangel.png\" data-light-image=\"https:\/\/www.upjs.sk\/app\/uploads\/2023\/02\/tym-triangel.png\" data-id=\"52136\" class=\"wp-image-52136\" srcset=\"https:\/\/www.upjs.sk\/app\/uploads\/2023\/02\/tym-triangel.png 1480w, https:\/\/www.upjs.sk\/app\/uploads\/2023\/02\/tym-triangel-300x113.png 300w, https:\/\/www.upjs.sk\/app\/uploads\/2023\/02\/tym-triangel-1024x384.png 1024w, https:\/\/www.upjs.sk\/app\/uploads\/2023\/02\/tym-triangel-768x288.png 768w\" sizes=\"(max-width: 1480px) 100vw, 1480px\" \/><\/div><\/div><\/a><\/figure><\/div><\/li><li class=\"kadence-blocks-gallery-item\"><div class=\"kadence-blocks-gallery-item-inner\"><figure class=\"kb-gallery-figure kb-gallery-item-has-link kadence-blocks-gallery-item-hide-caption\"><a href=\"https:\/\/www.upjs.sk\/en\/information\/science-and-research\/scientific-and-research-activities-phd-studies\/top-research-teams\/kosdim\/\" class=\"kb-gallery-item-link\"  ><div class=\"kb-gal-image-radius\" style=\"max-width:1480px;\"><div class=\"kb-gallery-image-contain kadence-blocks-gallery-intrinsic kb-gallery-image-ratio-inherit kb-has-image-ratio-inherit\" style=\"padding-bottom:37%;\"><img decoding=\"async\" src=\"https:\/\/www.upjs.sk\/app\/uploads\/2023\/02\/tym-kosdim-2.png\" width=\"1480\" height=\"555\" alt=\"KOSDIM\" data-full-image=\"https:\/\/www.upjs.sk\/app\/uploads\/2023\/02\/tym-kosdim-2.png\" data-light-image=\"https:\/\/www.upjs.sk\/app\/uploads\/2023\/02\/tym-kosdim-2.png\" data-id=\"52279\" class=\"wp-image-52279\" srcset=\"https:\/\/www.upjs.sk\/app\/uploads\/2023\/02\/tym-kosdim-2.png 1480w, https:\/\/www.upjs.sk\/app\/uploads\/2023\/02\/tym-kosdim-2-300x113.png 300w, https:\/\/www.upjs.sk\/app\/uploads\/2023\/02\/tym-kosdim-2-1024x384.png 1024w, https:\/\/www.upjs.sk\/app\/uploads\/2023\/02\/tym-kosdim-2-768x288.png 768w\" sizes=\"(max-width: 1480px) 100vw, 1480px\" \/><\/div><\/div><\/a><\/figure><\/div><\/li><li class=\"kadence-blocks-gallery-item\"><div class=\"kadence-blocks-gallery-item-inner\"><figure class=\"kb-gallery-figure kb-gallery-item-has-link kadence-blocks-gallery-item-hide-caption\"><a href=\"https:\/\/www.upjs.sk\/en\/information\/science-and-research\/scientific-and-research-activities-phd-studies\/top-research-teams\/ost\/\" class=\"kb-gallery-item-link\"  ><div class=\"kb-gal-image-radius\" style=\"max-width:1480px;\"><div class=\"kb-gallery-image-contain kadence-blocks-gallery-intrinsic kb-gallery-image-ratio-inherit kb-has-image-ratio-inherit\" style=\"padding-bottom:37%;\"><img decoding=\"async\" src=\"https:\/\/www.upjs.sk\/app\/uploads\/2023\/02\/tym-ost.png\" width=\"1480\" height=\"555\" alt=\"OST\" data-full-image=\"https:\/\/www.upjs.sk\/app\/uploads\/2023\/02\/tym-ost.png\" data-light-image=\"https:\/\/www.upjs.sk\/app\/uploads\/2023\/02\/tym-ost.png\" data-id=\"52155\" class=\"wp-image-52155\" srcset=\"https:\/\/www.upjs.sk\/app\/uploads\/2023\/02\/tym-ost.png 1480w, https:\/\/www.upjs.sk\/app\/uploads\/2023\/02\/tym-ost-300x113.png 300w, https:\/\/www.upjs.sk\/app\/uploads\/2023\/02\/tym-ost-1024x384.png 1024w, https:\/\/www.upjs.sk\/app\/uploads\/2023\/02\/tym-ost-768x288.png 768w\" sizes=\"(max-width: 1480px) 100vw, 1480px\" \/><\/div><\/div><\/a><\/figure><\/div><\/li><\/ul><\/div>","protected":false},"excerpt":{"rendered":"<p>There are six Top Research Teams at the Pavol Jozef \u0160af\u00e1rik University in Ko\u0161ice \u2013 the Quantum Magnetism and Nanophysics (QMAGNA) at the Faculty of Science, the Research Team of Bioactive Substances for Biomedical Applications (Bioaktiv) at the Faculty of Science, the Excellent Team for the Research into Atherosclerosis (EXTASY) at the Faculty of Medicine, &hellip; <a href=\"https:\/\/www.upjs.sk\/en\/information\/science-and-research\/scientific-and-research-activities-phd-studies\/top-research-teams\/\">Continued<\/a><\/p>\n","protected":false},"author":1,"featured_media":0,"parent":24600,"menu_order":5,"comment_status":"closed","ping_status":"closed","template":"","meta":{"_acf_changed":false,"_editorskit_title_hidden":false,"_editorskit_reading_time":0,"_editorskit_is_block_options_detached":false,"_editorskit_block_options_position":"{}","footnotes":""},"categories":[],"tags":[],"class_list":["post-24746","page","type-page","status-publish","hentry"],"acf":{"acf_link_na_externy_obsah":""},"yoast_head":"<!-- This site is optimized with the Yoast SEO plugin v27.4 - https:\/\/yoast.com\/product\/yoast-seo-wordpress\/ -->\n<title>Top Research Teams - UPJ\u0160 Ko\u0161ice<\/title>\n<meta name=\"robots\" content=\"index, follow, max-snippet:-1, max-image-preview:large, max-video-preview:-1\" \/>\n<link rel=\"canonical\" href=\"https:\/\/www.upjs.sk\/en\/information\/science-and-research\/scientific-and-research-activities-phd-studies\/top-research-teams\/\" \/>\n<meta property=\"og:locale\" content=\"en_US\" \/>\n<meta property=\"og:type\" content=\"article\" \/>\n<meta property=\"og:title\" content=\"Top Research Teams - UPJ\u0160 Ko\u0161ice\" \/>\n<meta property=\"og:description\" content=\"There are six Top Research Teams at the Pavol Jozef \u0160af\u00e1rik University in Ko\u0161ice \u2013 the Quantum Magnetism and Nanophysics (QMAGNA) at the Faculty of Science, the Research Team of Bioactive Substances for Biomedical Applications (Bioaktiv) at the Faculty of Science, the Excellent Team for the Research into Atherosclerosis (EXTASY) at the Faculty of Medicine, &hellip; Continued\" \/>\n<meta property=\"og:url\" content=\"https:\/\/www.upjs.sk\/en\/information\/science-and-research\/scientific-and-research-activities-phd-studies\/top-research-teams\/\" \/>\n<meta property=\"og:site_name\" content=\"UPJ\u0160 Ko\u0161ice\" \/>\n<meta property=\"article:publisher\" content=\"https:\/\/www.facebook.com\/UniverzitaPavlaJozefaSafarikaVkosiciach\/\" \/>\n<meta property=\"article:modified_time\" content=\"2023-09-27T08:45:33+00:00\" \/>\n<meta name=\"twitter:card\" content=\"summary_large_image\" \/>\n<meta name=\"twitter:site\" content=\"@UPJS_kosice\" \/>\n<meta name=\"twitter:label1\" content=\"Est. reading time\" \/>\n\t<meta name=\"twitter:data1\" content=\"1 minute\" \/>\n<script type=\"application\/ld+json\" class=\"yoast-schema-graph\">{\"@context\":\"https:\\\/\\\/schema.org\",\"@graph\":[{\"@type\":\"WebPage\",\"@id\":\"https:\\\/\\\/www.upjs.sk\\\/en\\\/information\\\/science-and-research\\\/scientific-and-research-activities-phd-studies\\\/top-research-teams\\\/\",\"url\":\"https:\\\/\\\/www.upjs.sk\\\/en\\\/information\\\/science-and-research\\\/scientific-and-research-activities-phd-studies\\\/top-research-teams\\\/\",\"name\":\"Top Research Teams - UPJ\u0160 Ko\u0161ice\",\"isPartOf\":{\"@id\":\"https:\\\/\\\/www.upjs.sk\\\/en\\\/#website\"},\"datePublished\":\"2016-11-02T14:25:13+00:00\",\"dateModified\":\"2023-09-27T08:45:33+00:00\",\"breadcrumb\":{\"@id\":\"https:\\\/\\\/www.upjs.sk\\\/en\\\/information\\\/science-and-research\\\/scientific-and-research-activities-phd-studies\\\/top-research-teams\\\/#breadcrumb\"},\"inLanguage\":\"en-US\",\"potentialAction\":[{\"@type\":\"ReadAction\",\"target\":[\"https:\\\/\\\/www.upjs.sk\\\/en\\\/information\\\/science-and-research\\\/scientific-and-research-activities-phd-studies\\\/top-research-teams\\\/\"]}]},{\"@type\":\"BreadcrumbList\",\"@id\":\"https:\\\/\\\/www.upjs.sk\\\/en\\\/information\\\/science-and-research\\\/scientific-and-research-activities-phd-studies\\\/top-research-teams\\\/#breadcrumb\",\"itemListElement\":[{\"@type\":\"ListItem\",\"position\":1,\"name\":\"Home\",\"item\":\"https:\\\/\\\/www.upjs.sk\\\/en\\\/\"},{\"@type\":\"ListItem\",\"position\":2,\"name\":\"Information\",\"item\":\"https:\\\/\\\/www.upjs.sk\\\/en\\\/information\\\/\"},{\"@type\":\"ListItem\",\"position\":3,\"name\":\"Science, Research and Development\",\"item\":\"https:\\\/\\\/www.upjs.sk\\\/en\\\/information\\\/science-and-research\\\/\"},{\"@type\":\"ListItem\",\"position\":4,\"name\":\"Scientific and Research Activities, PhD Studies\",\"item\":\"https:\\\/\\\/www.upjs.sk\\\/en\\\/information\\\/science-and-research\\\/scientific-and-research-activities-phd-studies\\\/\"},{\"@type\":\"ListItem\",\"position\":5,\"name\":\"Top Research Teams\"}]},{\"@type\":\"WebSite\",\"@id\":\"https:\\\/\\\/www.upjs.sk\\\/en\\\/#website\",\"url\":\"https:\\\/\\\/www.upjs.sk\\\/en\\\/\",\"name\":\"UPJ\u0160 Ko\u0161ice\",\"description\":\"Wisdom of the Past, Knowledge of the Present, Education of the Future\",\"publisher\":{\"@id\":\"https:\\\/\\\/www.upjs.sk\\\/en\\\/#organization\"},\"potentialAction\":[{\"@type\":\"SearchAction\",\"target\":{\"@type\":\"EntryPoint\",\"urlTemplate\":\"https:\\\/\\\/www.upjs.sk\\\/en\\\/?s={search_term_string}\"},\"query-input\":{\"@type\":\"PropertyValueSpecification\",\"valueRequired\":true,\"valueName\":\"search_term_string\"}}],\"inLanguage\":\"en-US\"},{\"@type\":\"Organization\",\"@id\":\"https:\\\/\\\/www.upjs.sk\\\/en\\\/#organization\",\"name\":\"UPJ\u0160 Ko\u0161ice\",\"url\":\"https:\\\/\\\/www.upjs.sk\\\/en\\\/\",\"logo\":{\"@type\":\"ImageObject\",\"inLanguage\":\"en-US\",\"@id\":\"https:\\\/\\\/www.upjs.sk\\\/en\\\/#\\\/schema\\\/logo\\\/image\\\/\",\"url\":\"https:\\\/\\\/www.upjs.sk\\\/app\\\/uploads\\\/2023\\\/01\\\/UPJS_ENG_esymbol.svg\",\"contentUrl\":\"https:\\\/\\\/www.upjs.sk\\\/app\\\/uploads\\\/2023\\\/01\\\/UPJS_ENG_esymbol.svg\",\"width\":448,\"height\":139,\"caption\":\"UPJ\u0160 Ko\u0161ice\"},\"image\":{\"@id\":\"https:\\\/\\\/www.upjs.sk\\\/en\\\/#\\\/schema\\\/logo\\\/image\\\/\"},\"sameAs\":[\"https:\\\/\\\/www.facebook.com\\\/UniverzitaPavlaJozefaSafarikaVkosiciach\\\/\",\"https:\\\/\\\/x.com\\\/UPJS_kosice\",\"https:\\\/\\\/www.instagram.com\\\/upjs_kosice\",\"https:\\\/\\\/www.linkedin.com\\\/company\\\/pavol-jozef-afrik-university-in-koice\\\/\"]}]}<\/script>\n<!-- \/ Yoast SEO plugin. -->","yoast_head_json":{"title":"Top Research Teams - UPJ\u0160 Ko\u0161ice","robots":{"index":"index","follow":"follow","max-snippet":"max-snippet:-1","max-image-preview":"max-image-preview:large","max-video-preview":"max-video-preview:-1"},"canonical":"https:\/\/www.upjs.sk\/en\/information\/science-and-research\/scientific-and-research-activities-phd-studies\/top-research-teams\/","og_locale":"en_US","og_type":"article","og_title":"Top Research Teams - UPJ\u0160 Ko\u0161ice","og_description":"There are six Top Research Teams at the Pavol Jozef \u0160af\u00e1rik University in Ko\u0161ice \u2013 the Quantum Magnetism and Nanophysics (QMAGNA) at the Faculty of Science, the Research Team of Bioactive Substances for Biomedical Applications (Bioaktiv) at the Faculty of Science, the Excellent Team for the Research into Atherosclerosis (EXTASY) at the Faculty of Medicine, &hellip; Continued","og_url":"https:\/\/www.upjs.sk\/en\/information\/science-and-research\/scientific-and-research-activities-phd-studies\/top-research-teams\/","og_site_name":"UPJ\u0160 Ko\u0161ice","article_publisher":"https:\/\/www.facebook.com\/UniverzitaPavlaJozefaSafarikaVkosiciach\/","article_modified_time":"2023-09-27T08:45:33+00:00","twitter_card":"summary_large_image","twitter_site":"@UPJS_kosice","twitter_misc":{"Est. reading time":"1 minute"},"schema":{"@context":"https:\/\/schema.org","@graph":[{"@type":"WebPage","@id":"https:\/\/www.upjs.sk\/en\/information\/science-and-research\/scientific-and-research-activities-phd-studies\/top-research-teams\/","url":"https:\/\/www.upjs.sk\/en\/information\/science-and-research\/scientific-and-research-activities-phd-studies\/top-research-teams\/","name":"Top Research Teams - UPJ\u0160 Ko\u0161ice","isPartOf":{"@id":"https:\/\/www.upjs.sk\/en\/#website"},"datePublished":"2016-11-02T14:25:13+00:00","dateModified":"2023-09-27T08:45:33+00:00","breadcrumb":{"@id":"https:\/\/www.upjs.sk\/en\/information\/science-and-research\/scientific-and-research-activities-phd-studies\/top-research-teams\/#breadcrumb"},"inLanguage":"en-US","potentialAction":[{"@type":"ReadAction","target":["https:\/\/www.upjs.sk\/en\/information\/science-and-research\/scientific-and-research-activities-phd-studies\/top-research-teams\/"]}]},{"@type":"BreadcrumbList","@id":"https:\/\/www.upjs.sk\/en\/information\/science-and-research\/scientific-and-research-activities-phd-studies\/top-research-teams\/#breadcrumb","itemListElement":[{"@type":"ListItem","position":1,"name":"Home","item":"https:\/\/www.upjs.sk\/en\/"},{"@type":"ListItem","position":2,"name":"Information","item":"https:\/\/www.upjs.sk\/en\/information\/"},{"@type":"ListItem","position":3,"name":"Science, Research and Development","item":"https:\/\/www.upjs.sk\/en\/information\/science-and-research\/"},{"@type":"ListItem","position":4,"name":"Scientific and Research Activities, PhD Studies","item":"https:\/\/www.upjs.sk\/en\/information\/science-and-research\/scientific-and-research-activities-phd-studies\/"},{"@type":"ListItem","position":5,"name":"Top Research Teams"}]},{"@type":"WebSite","@id":"https:\/\/www.upjs.sk\/en\/#website","url":"https:\/\/www.upjs.sk\/en\/","name":"UPJ\u0160 Ko\u0161ice","description":"Wisdom of the Past, Knowledge of the Present, Education of the Future","publisher":{"@id":"https:\/\/www.upjs.sk\/en\/#organization"},"potentialAction":[{"@type":"SearchAction","target":{"@type":"EntryPoint","urlTemplate":"https:\/\/www.upjs.sk\/en\/?s={search_term_string}"},"query-input":{"@type":"PropertyValueSpecification","valueRequired":true,"valueName":"search_term_string"}}],"inLanguage":"en-US"},{"@type":"Organization","@id":"https:\/\/www.upjs.sk\/en\/#organization","name":"UPJ\u0160 Ko\u0161ice","url":"https:\/\/www.upjs.sk\/en\/","logo":{"@type":"ImageObject","inLanguage":"en-US","@id":"https:\/\/www.upjs.sk\/en\/#\/schema\/logo\/image\/","url":"https:\/\/www.upjs.sk\/app\/uploads\/2023\/01\/UPJS_ENG_esymbol.svg","contentUrl":"https:\/\/www.upjs.sk\/app\/uploads\/2023\/01\/UPJS_ENG_esymbol.svg","width":448,"height":139,"caption":"UPJ\u0160 Ko\u0161ice"},"image":{"@id":"https:\/\/www.upjs.sk\/en\/#\/schema\/logo\/image\/"},"sameAs":["https:\/\/www.facebook.com\/UniverzitaPavlaJozefaSafarikaVkosiciach\/","https:\/\/x.com\/UPJS_kosice","https:\/\/www.instagram.com\/upjs_kosice","https:\/\/www.linkedin.com\/company\/pavol-jozef-afrik-university-in-koice\/"]}]}},"_links":{"self":[{"href":"https:\/\/www.upjs.sk\/en\/wp-json\/wp\/v2\/pages\/24746","targetHints":{"allow":["GET"]}}],"collection":[{"href":"https:\/\/www.upjs.sk\/en\/wp-json\/wp\/v2\/pages"}],"about":[{"href":"https:\/\/www.upjs.sk\/en\/wp-json\/wp\/v2\/types\/page"}],"author":[{"embeddable":true,"href":"https:\/\/www.upjs.sk\/en\/wp-json\/wp\/v2\/users\/1"}],"replies":[{"embeddable":true,"href":"https:\/\/www.upjs.sk\/en\/wp-json\/wp\/v2\/comments?post=24746"}],"version-history":[{"count":5,"href":"https:\/\/www.upjs.sk\/en\/wp-json\/wp\/v2\/pages\/24746\/revisions"}],"predecessor-version":[{"id":60448,"href":"https:\/\/www.upjs.sk\/en\/wp-json\/wp\/v2\/pages\/24746\/revisions\/60448"}],"up":[{"embeddable":true,"href":"https:\/\/www.upjs.sk\/en\/wp-json\/wp\/v2\/pages\/24600"}],"wp:attachment":[{"href":"https:\/\/www.upjs.sk\/en\/wp-json\/wp\/v2\/media?parent=24746"}],"wp:term":[{"taxonomy":"category","embeddable":true,"href":"https:\/\/www.upjs.sk\/en\/wp-json\/wp\/v2\/categories?post=24746"},{"taxonomy":"post_tag","embeddable":true,"href":"https:\/\/www.upjs.sk\/en\/wp-json\/wp\/v2\/tags?post=24746"}],"curies":[{"name":"wp","href":"https:\/\/api.w.org\/{rel}","templated":true}]}}