{"id":25050,"date":"2017-02-02T11:15:03","date_gmt":"2017-02-02T11:15:03","guid":{"rendered":"https:\/\/www.upjs.sk\/international-cooperation\/"},"modified":"2022-11-09T23:31:59","modified_gmt":"2022-11-09T23:31:59","slug":"international-cooperation","status":"publish","type":"page","link":"https:\/\/www.upjs.sk\/en\/information\/science-and-research\/scientific-and-research-activities-phd-studies\/top-research-teams\/qmagna-upjs\/international-cooperation\/","title":{"rendered":"International cooperation"},"content":{"rendered":"<p>Team members have a broad international cooperation with laboratories in Europe, America, and Asia:<\/p>\n<ul>\n<li>V. Sechovsk\u00fd, Faculty of Mathematics and Physics, Charles University, Prague, Czech Republic<\/li>\n<li>V. \u0160vor\u010d\u00edk, Institute of Chemical Technology, Prague, Czech Republic<\/li>\n<li>D. Legut, Institute of Mining, Ostrava, Czech Republic<\/li>\n<li>S. T. Bramwell, Department of Chemistry, University College London, UK<\/li>\n<li>T. Fennell, The Royal Institution of Great Britain, London, UK<\/li>\n<li>H. Godfrin, CRTBT CNRS, Grenoble, France<\/li>\n<li>J. Syrkin, E. Rudavskiy, E. Fertman,\u00a0 Institute for Low Temperature Physics and Engineering, Kharkov, Ukraine<\/li>\n<li>\u00a0I. Bradaric, The \u201eVin\u010da\u201c Institute of Nuclear Sciences, Belgrade, Serbia<\/li>\n<li>I. Savic, Faculty of Physics, University of Belgrade, Belgrade, Serbia<\/li>\n<li>N. Papanicolaou,\u00a0 University of Crete, Heraklion, Greece<\/li>\n<li>S.A. Zvyagin, Helmholtz-Zentrum Dresden-Rossendorf, Dresden, Germany<\/li>\n<li>K. Siemensmeyer, Helmholtz Zentrum Berlin, Germany<\/li>\n<li>P. Baker, ISIS, Rutherford Appleton Laboratory, Didcot, UK<\/li>\n<li>V. Starodub, The Jan Kochanowski University in Kielce, Poland<\/li>\n<li>V. Mitsa, V. Rizak, V. Bilanych, Uzhhorod National University, Uzhhorod, Ukraine<\/li>\n<li>V. Bunda, Faculty of Design and Decorative-Applied Arts, Transcarpathian Institute of Art, Uzhhorod, Ukraine<\/li>\n<li>\u00b7Y: Eliyashevskyy, Ivan Franko National University of Lviv, Lviv, Ukraine<\/li>\n<li>\u00b7V. V. Moshchalkov, Catholic University, Leuven, Belgium<\/li>\n<li>\u00b7J. G. Rodrigo, Universidad Autonoma de Madrid, Madrid, Spain<\/li>\n<li>\u00b7A. Menzel, Paul Scherrer Institute, Switzerland<\/li>\n<li>R. Vovk, V. Cheranovsky, G. Vasilets, V.\u00a0N.\u00a0Karazin Kharkiv National University, Kharkiv, Ukraine<\/li>\n<li>M. W. Meisel, J. L. Murray, University of Florida, Gainesville, USA<\/li>\n<li>J. van Tol, National High Magnetic Field Laboratory, Florida State University, Tallahassee, USA<\/li>\n<li>H. You, Argonne National Laboratory, USA<\/li>\n<li>M. Pierce, Rochester Institute of Technology, USA<\/li>\n<li>F. S. Guo, Beijing University, China<\/li>\n<li>H.C. Yeh, Wuhan University, China<\/li>\n<\/ul>\n","protected":false},"excerpt":{"rendered":"<p>Team members have a broad international cooperation with laboratories in Europe, America, and Asia: V. Sechovsk\u00fd, Faculty of Mathematics and Physics, Charles University, Prague, Czech Republic V. \u0160vor\u010d\u00edk, Institute of Chemical Technology, Prague, Czech Republic D. Legut, Institute of Mining, Ostrava, Czech Republic S. T. Bramwell, Department of Chemistry, University College London, UK T. Fennell, &hellip; <a href=\"https:\/\/www.upjs.sk\/en\/information\/science-and-research\/scientific-and-research-activities-phd-studies\/top-research-teams\/qmagna-upjs\/international-cooperation\/\">Continued<\/a><\/p>\n","protected":false},"author":1,"featured_media":0,"parent":24797,"menu_order":3,"comment_status":"closed","ping_status":"closed","template":"","meta":{"_acf_changed":false,"_editorskit_title_hidden":false,"_editorskit_reading_time":0,"_editorskit_is_block_options_detached":false,"_editorskit_block_options_position":"{}","footnotes":""},"categories":[],"tags":[],"class_list":["post-25050","page","type-page","status-publish","hentry"],"acf":{"acf_link_na_externy_obsah":""},"yoast_head":"<!-- This site is optimized with the Yoast SEO plugin v27.4 - https:\/\/yoast.com\/product\/yoast-seo-wordpress\/ -->\n<title>International cooperation - UPJ\u0160 Ko\u0161ice<\/title>\n<meta name=\"robots\" content=\"index, follow, max-snippet:-1, max-image-preview:large, max-video-preview:-1\" \/>\n<link rel=\"canonical\" href=\"https:\/\/www.upjs.sk\/en\/information\/science-and-research\/scientific-and-research-activities-phd-studies\/top-research-teams\/qmagna-upjs\/international-cooperation\/\" \/>\n<meta property=\"og:locale\" content=\"en_US\" \/>\n<meta property=\"og:type\" content=\"article\" \/>\n<meta property=\"og:title\" content=\"International cooperation - UPJ\u0160 Ko\u0161ice\" \/>\n<meta property=\"og:description\" content=\"Team members have a broad international cooperation with laboratories in Europe, America, and Asia: V. Sechovsk\u00fd, Faculty of Mathematics and Physics, Charles University, Prague, Czech Republic V. \u0160vor\u010d\u00edk, Institute of Chemical Technology, Prague, Czech Republic D. Legut, Institute of Mining, Ostrava, Czech Republic S. T. Bramwell, Department of Chemistry, University College London, UK T. Fennell, &hellip; Continued\" \/>\n<meta property=\"og:url\" content=\"https:\/\/www.upjs.sk\/en\/information\/science-and-research\/scientific-and-research-activities-phd-studies\/top-research-teams\/qmagna-upjs\/international-cooperation\/\" \/>\n<meta property=\"og:site_name\" content=\"UPJ\u0160 Ko\u0161ice\" \/>\n<meta property=\"article:publisher\" content=\"https:\/\/www.facebook.com\/UniverzitaPavlaJozefaSafarikaVkosiciach\/\" \/>\n<meta property=\"article:modified_time\" content=\"2022-11-09T23:31:59+00:00\" \/>\n<meta name=\"twitter:card\" content=\"summary_large_image\" \/>\n<meta name=\"twitter:site\" content=\"@UPJS_kosice\" \/>\n<meta name=\"twitter:label1\" content=\"Est. reading time\" \/>\n\t<meta name=\"twitter:data1\" content=\"1 minute\" \/>\n<script type=\"application\/ld+json\" class=\"yoast-schema-graph\">{\"@context\":\"https:\\\/\\\/schema.org\",\"@graph\":[{\"@type\":\"WebPage\",\"@id\":\"https:\\\/\\\/www.upjs.sk\\\/en\\\/information\\\/science-and-research\\\/scientific-and-research-activities-phd-studies\\\/top-research-teams\\\/qmagna-upjs\\\/international-cooperation\\\/\",\"url\":\"https:\\\/\\\/www.upjs.sk\\\/en\\\/information\\\/science-and-research\\\/scientific-and-research-activities-phd-studies\\\/top-research-teams\\\/qmagna-upjs\\\/international-cooperation\\\/\",\"name\":\"International cooperation - UPJ\u0160 Ko\u0161ice\",\"isPartOf\":{\"@id\":\"https:\\\/\\\/www.upjs.sk\\\/en\\\/#website\"},\"datePublished\":\"2017-02-02T11:15:03+00:00\",\"dateModified\":\"2022-11-09T23:31:59+00:00\",\"breadcrumb\":{\"@id\":\"https:\\\/\\\/www.upjs.sk\\\/en\\\/information\\\/science-and-research\\\/scientific-and-research-activities-phd-studies\\\/top-research-teams\\\/qmagna-upjs\\\/international-cooperation\\\/#breadcrumb\"},\"inLanguage\":\"en-US\",\"potentialAction\":[{\"@type\":\"ReadAction\",\"target\":[\"https:\\\/\\\/www.upjs.sk\\\/en\\\/information\\\/science-and-research\\\/scientific-and-research-activities-phd-studies\\\/top-research-teams\\\/qmagna-upjs\\\/international-cooperation\\\/\"]}]},{\"@type\":\"BreadcrumbList\",\"@id\":\"https:\\\/\\\/www.upjs.sk\\\/en\\\/information\\\/science-and-research\\\/scientific-and-research-activities-phd-studies\\\/top-research-teams\\\/qmagna-upjs\\\/international-cooperation\\\/#breadcrumb\",\"itemListElement\":[{\"@type\":\"ListItem\",\"position\":1,\"name\":\"Home\",\"item\":\"https:\\\/\\\/www.upjs.sk\\\/en\\\/\"},{\"@type\":\"ListItem\",\"position\":2,\"name\":\"Information\",\"item\":\"https:\\\/\\\/www.upjs.sk\\\/en\\\/information\\\/\"},{\"@type\":\"ListItem\",\"position\":3,\"name\":\"Science, Research and Development\",\"item\":\"https:\\\/\\\/www.upjs.sk\\\/en\\\/information\\\/science-and-research\\\/\"},{\"@type\":\"ListItem\",\"position\":4,\"name\":\"Scientific and Research Activities, PhD Studies\",\"item\":\"https:\\\/\\\/www.upjs.sk\\\/en\\\/information\\\/science-and-research\\\/scientific-and-research-activities-phd-studies\\\/\"},{\"@type\":\"ListItem\",\"position\":5,\"name\":\"Top Research Teams\",\"item\":\"https:\\\/\\\/www.upjs.sk\\\/en\\\/information\\\/science-and-research\\\/scientific-and-research-activities-phd-studies\\\/top-research-teams\\\/\"},{\"@type\":\"ListItem\",\"position\":6,\"name\":\"Quantum Magnetism and Nanophysics (QMAGNA)\",\"item\":\"https:\\\/\\\/www.upjs.sk\\\/en\\\/information\\\/science-and-research\\\/scientific-and-research-activities-phd-studies\\\/top-research-teams\\\/qmagna-upjs\\\/\"},{\"@type\":\"ListItem\",\"position\":7,\"name\":\"International cooperation\"}]},{\"@type\":\"WebSite\",\"@id\":\"https:\\\/\\\/www.upjs.sk\\\/en\\\/#website\",\"url\":\"https:\\\/\\\/www.upjs.sk\\\/en\\\/\",\"name\":\"UPJ\u0160 Ko\u0161ice\",\"description\":\"Wisdom of the Past, Knowledge of the Present, Education of the Future\",\"publisher\":{\"@id\":\"https:\\\/\\\/www.upjs.sk\\\/en\\\/#organization\"},\"potentialAction\":[{\"@type\":\"SearchAction\",\"target\":{\"@type\":\"EntryPoint\",\"urlTemplate\":\"https:\\\/\\\/www.upjs.sk\\\/en\\\/?s={search_term_string}\"},\"query-input\":{\"@type\":\"PropertyValueSpecification\",\"valueRequired\":true,\"valueName\":\"search_term_string\"}}],\"inLanguage\":\"en-US\"},{\"@type\":\"Organization\",\"@id\":\"https:\\\/\\\/www.upjs.sk\\\/en\\\/#organization\",\"name\":\"UPJ\u0160 Ko\u0161ice\",\"url\":\"https:\\\/\\\/www.upjs.sk\\\/en\\\/\",\"logo\":{\"@type\":\"ImageObject\",\"inLanguage\":\"en-US\",\"@id\":\"https:\\\/\\\/www.upjs.sk\\\/en\\\/#\\\/schema\\\/logo\\\/image\\\/\",\"url\":\"https:\\\/\\\/www.upjs.sk\\\/app\\\/uploads\\\/2023\\\/01\\\/UPJS_ENG_esymbol.svg\",\"contentUrl\":\"https:\\\/\\\/www.upjs.sk\\\/app\\\/uploads\\\/2023\\\/01\\\/UPJS_ENG_esymbol.svg\",\"width\":448,\"height\":139,\"caption\":\"UPJ\u0160 Ko\u0161ice\"},\"image\":{\"@id\":\"https:\\\/\\\/www.upjs.sk\\\/en\\\/#\\\/schema\\\/logo\\\/image\\\/\"},\"sameAs\":[\"https:\\\/\\\/www.facebook.com\\\/UniverzitaPavlaJozefaSafarikaVkosiciach\\\/\",\"https:\\\/\\\/x.com\\\/UPJS_kosice\",\"https:\\\/\\\/www.instagram.com\\\/upjs_kosice\",\"https:\\\/\\\/www.linkedin.com\\\/company\\\/pavol-jozef-afrik-university-in-koice\\\/\"]}]}<\/script>\n<!-- \/ Yoast SEO plugin. -->","yoast_head_json":{"title":"International cooperation - UPJ\u0160 Ko\u0161ice","robots":{"index":"index","follow":"follow","max-snippet":"max-snippet:-1","max-image-preview":"max-image-preview:large","max-video-preview":"max-video-preview:-1"},"canonical":"https:\/\/www.upjs.sk\/en\/information\/science-and-research\/scientific-and-research-activities-phd-studies\/top-research-teams\/qmagna-upjs\/international-cooperation\/","og_locale":"en_US","og_type":"article","og_title":"International cooperation - UPJ\u0160 Ko\u0161ice","og_description":"Team members have a broad international cooperation with laboratories in Europe, America, and Asia: V. Sechovsk\u00fd, Faculty of Mathematics and Physics, Charles University, Prague, Czech Republic V. \u0160vor\u010d\u00edk, Institute of Chemical Technology, Prague, Czech Republic D. Legut, Institute of Mining, Ostrava, Czech Republic S. T. Bramwell, Department of Chemistry, University College London, UK T. Fennell, &hellip; Continued","og_url":"https:\/\/www.upjs.sk\/en\/information\/science-and-research\/scientific-and-research-activities-phd-studies\/top-research-teams\/qmagna-upjs\/international-cooperation\/","og_site_name":"UPJ\u0160 Ko\u0161ice","article_publisher":"https:\/\/www.facebook.com\/UniverzitaPavlaJozefaSafarikaVkosiciach\/","article_modified_time":"2022-11-09T23:31:59+00:00","twitter_card":"summary_large_image","twitter_site":"@UPJS_kosice","twitter_misc":{"Est. reading time":"1 minute"},"schema":{"@context":"https:\/\/schema.org","@graph":[{"@type":"WebPage","@id":"https:\/\/www.upjs.sk\/en\/information\/science-and-research\/scientific-and-research-activities-phd-studies\/top-research-teams\/qmagna-upjs\/international-cooperation\/","url":"https:\/\/www.upjs.sk\/en\/information\/science-and-research\/scientific-and-research-activities-phd-studies\/top-research-teams\/qmagna-upjs\/international-cooperation\/","name":"International cooperation - UPJ\u0160 Ko\u0161ice","isPartOf":{"@id":"https:\/\/www.upjs.sk\/en\/#website"},"datePublished":"2017-02-02T11:15:03+00:00","dateModified":"2022-11-09T23:31:59+00:00","breadcrumb":{"@id":"https:\/\/www.upjs.sk\/en\/information\/science-and-research\/scientific-and-research-activities-phd-studies\/top-research-teams\/qmagna-upjs\/international-cooperation\/#breadcrumb"},"inLanguage":"en-US","potentialAction":[{"@type":"ReadAction","target":["https:\/\/www.upjs.sk\/en\/information\/science-and-research\/scientific-and-research-activities-phd-studies\/top-research-teams\/qmagna-upjs\/international-cooperation\/"]}]},{"@type":"BreadcrumbList","@id":"https:\/\/www.upjs.sk\/en\/information\/science-and-research\/scientific-and-research-activities-phd-studies\/top-research-teams\/qmagna-upjs\/international-cooperation\/#breadcrumb","itemListElement":[{"@type":"ListItem","position":1,"name":"Home","item":"https:\/\/www.upjs.sk\/en\/"},{"@type":"ListItem","position":2,"name":"Information","item":"https:\/\/www.upjs.sk\/en\/information\/"},{"@type":"ListItem","position":3,"name":"Science, Research and Development","item":"https:\/\/www.upjs.sk\/en\/information\/science-and-research\/"},{"@type":"ListItem","position":4,"name":"Scientific and Research Activities, PhD Studies","item":"https:\/\/www.upjs.sk\/en\/information\/science-and-research\/scientific-and-research-activities-phd-studies\/"},{"@type":"ListItem","position":5,"name":"Top Research Teams","item":"https:\/\/www.upjs.sk\/en\/information\/science-and-research\/scientific-and-research-activities-phd-studies\/top-research-teams\/"},{"@type":"ListItem","position":6,"name":"Quantum Magnetism and Nanophysics (QMAGNA)","item":"https:\/\/www.upjs.sk\/en\/information\/science-and-research\/scientific-and-research-activities-phd-studies\/top-research-teams\/qmagna-upjs\/"},{"@type":"ListItem","position":7,"name":"International cooperation"}]},{"@type":"WebSite","@id":"https:\/\/www.upjs.sk\/en\/#website","url":"https:\/\/www.upjs.sk\/en\/","name":"UPJ\u0160 Ko\u0161ice","description":"Wisdom of the Past, Knowledge of the Present, Education of the Future","publisher":{"@id":"https:\/\/www.upjs.sk\/en\/#organization"},"potentialAction":[{"@type":"SearchAction","target":{"@type":"EntryPoint","urlTemplate":"https:\/\/www.upjs.sk\/en\/?s={search_term_string}"},"query-input":{"@type":"PropertyValueSpecification","valueRequired":true,"valueName":"search_term_string"}}],"inLanguage":"en-US"},{"@type":"Organization","@id":"https:\/\/www.upjs.sk\/en\/#organization","name":"UPJ\u0160 Ko\u0161ice","url":"https:\/\/www.upjs.sk\/en\/","logo":{"@type":"ImageObject","inLanguage":"en-US","@id":"https:\/\/www.upjs.sk\/en\/#\/schema\/logo\/image\/","url":"https:\/\/www.upjs.sk\/app\/uploads\/2023\/01\/UPJS_ENG_esymbol.svg","contentUrl":"https:\/\/www.upjs.sk\/app\/uploads\/2023\/01\/UPJS_ENG_esymbol.svg","width":448,"height":139,"caption":"UPJ\u0160 Ko\u0161ice"},"image":{"@id":"https:\/\/www.upjs.sk\/en\/#\/schema\/logo\/image\/"},"sameAs":["https:\/\/www.facebook.com\/UniverzitaPavlaJozefaSafarikaVkosiciach\/","https:\/\/x.com\/UPJS_kosice","https:\/\/www.instagram.com\/upjs_kosice","https:\/\/www.linkedin.com\/company\/pavol-jozef-afrik-university-in-koice\/"]}]}},"_links":{"self":[{"href":"https:\/\/www.upjs.sk\/en\/wp-json\/wp\/v2\/pages\/25050","targetHints":{"allow":["GET"]}}],"collection":[{"href":"https:\/\/www.upjs.sk\/en\/wp-json\/wp\/v2\/pages"}],"about":[{"href":"https:\/\/www.upjs.sk\/en\/wp-json\/wp\/v2\/types\/page"}],"author":[{"embeddable":true,"href":"https:\/\/www.upjs.sk\/en\/wp-json\/wp\/v2\/users\/1"}],"replies":[{"embeddable":true,"href":"https:\/\/www.upjs.sk\/en\/wp-json\/wp\/v2\/comments?post=25050"}],"version-history":[{"count":2,"href":"https:\/\/www.upjs.sk\/en\/wp-json\/wp\/v2\/pages\/25050\/revisions"}],"predecessor-version":[{"id":41634,"href":"https:\/\/www.upjs.sk\/en\/wp-json\/wp\/v2\/pages\/25050\/revisions\/41634"}],"up":[{"embeddable":true,"href":"https:\/\/www.upjs.sk\/en\/wp-json\/wp\/v2\/pages\/24797"}],"wp:attachment":[{"href":"https:\/\/www.upjs.sk\/en\/wp-json\/wp\/v2\/media?parent=25050"}],"wp:term":[{"taxonomy":"category","embeddable":true,"href":"https:\/\/www.upjs.sk\/en\/wp-json\/wp\/v2\/categories?post=25050"},{"taxonomy":"post_tag","embeddable":true,"href":"https:\/\/www.upjs.sk\/en\/wp-json\/wp\/v2\/tags?post=25050"}],"curies":[{"name":"wp","href":"https:\/\/api.w.org\/{rel}","templated":true}]}}