{"id":25051,"date":"2017-02-03T07:46:33","date_gmt":"2017-02-03T07:46:33","guid":{"rendered":"https:\/\/www.upjs.sk\/research-projects\/"},"modified":"2022-11-09T23:31:59","modified_gmt":"2022-11-09T23:31:59","slug":"research-projects","status":"publish","type":"page","link":"https:\/\/www.upjs.sk\/en\/information\/science-and-research\/scientific-and-research-activities-phd-studies\/top-research-teams\/qmagna-upjs\/research-projects\/","title":{"rendered":"Research Projects"},"content":{"rendered":"<p style=\"text-align:justify\">The QMAGNA team participated in\u00a013 international projects:<\/p>\n<ul>\n<li style=\"text-align: justify;\">Theoretical and experimental study of spin dynamics in the planar S = 1 Heisenberg magnetics (1996-1998), Slovak &#8211; Greek project N8<\/li>\n<li style=\"text-align: justify;\">Physics and Technology at very low temperatures, (1995-1998), PECO ERB 3563 PL 935002<\/li>\n<li style=\"text-align: justify;\">New magnetic excitations in low-dimensional magnetic systems, (1998-2000), NSF &#8211; INT 97 22935<\/li>\n<li style=\"text-align: justify;\">Characterization of new low-dimensional magnetic systems (2001-2004), NSF INT &#8211; 00 89 140<\/li>\n<li style=\"text-align: justify;\">Magnetism and superconductivity in systems with strongly correlated electrons, (2006-2007), CZ117, SK92<\/li>\n<li style=\"text-align: justify;\">Magnetism of thin layers of nanoparticles and frustrated systems based on molecular magnets, (2007-2010), NSF, DMR-0701400<\/li>\n<li style=\"text-align: justify;\">The relationship between magnetism and superconductivity in new metal systems with strongly correlated electrons, (2008-2009), SK-SRB-01006<\/li>\n<li style=\"text-align: justify;\">Cryocourse, Marie-Curie Program EU, (2007 \u2013 2009)<\/li>\n<li style=\"text-align: justify;\">Highly frustrated magnetism, a\u00a0la carte program (ESF RNP HFM8) (2005 &#8211; 2008)<\/li>\n<li style=\"text-align: justify;\">Relaxation phenomena in new materials based on molecular magnets, SK \u2013 CN \u2013 0008-09, (2008, 2009)<\/li>\n<li style=\"text-align: justify;\">Anisotropy studies in molecular magnets, SK \u2013 CN \u2013 0013 \u2013 12 (2013, 2014)<\/li>\n<li style=\"text-align: justify;\">Smart magnetic materials \u2013 from bulk systems towards spinterface, GA\u010cR 20-01768S (2019 &#8211; 2023)<\/li>\n<li style=\"text-align: justify;\">Novel environment-friendly materials for microelectronics based on complex bismuth-containing oxides with perovskite structure synthesized under high pressure, APVV-SK-BY-RD-19-0008 (2019-2021)<\/li>\n<\/ul>\n<p style=\"text-align:center\"><strong>Successful user projects at Large-scale facilities<\/strong><\/p>\n<ul>\n<li style=\"text-align: justify;\">Dresden High Magnetic Field Laboratory, Helmholtz-Zentrum Dresden-Rossendorf, Germany<\/li>\n<li style=\"text-align: justify;\">CNRS Grenoble, France<\/li>\n<li style=\"text-align: justify;\">National High Magnetic Field Laboratory, NHMFL, Florida, USA<\/li>\n<li style=\"text-align: justify;\">Helmholtz-Zentrum Berlin, HZB, Germany<\/li>\n<li style=\"text-align: justify;\">ISIS, Rutherford Appleton Laboratory, Didcot, UK<\/li>\n<\/ul>\n<p style=\"text-align:justify\">Participation in the Slovak Research and Development Agency bilateral projects with partners from the Beijing National Laboratory for Molecular Sciences, Beijing, China, has contributed to increasing the competences of the team members in an interdisciplinary research and helped to know the approach to the scientific work at renowned Asian universities better.<\/p>\n<p style=\"text-align:justify\">Successful joint projects with US partners, supported by the National Science Foundation enabled to pursue our research activities in the milieu of University of Florida, to gain access to the so-called Large-scale facility (NHMFL Tallahassee) and led to a postdoctoral stay of the team member (Dr. E. \u010ci\u017em\u00e1r) at the above university.<\/p>\n<p style=\"text-align:justify\">The team participated in the EU project &#8220;Highly Frustrated Magnetism&#8221; within the so-called a la carte program (ESF RNP HFM8), with Prof. M. Orend\u00e1\u010d acting as the project coordinator for Slovakia. This led to the presentation of the team in the field of magnetism of frustrated systems within the European Research Area, enabled the implementation of the proposed experiments in European large-scale facilities and led to collaboration with renowned European groups.<\/p>\n<p style=\"text-align:justify\">The team is a partner in the bilateral project between UPJ\u0160 and the Argonne National Laboratory awarded by the US Department of Energy with the aim to study the surfaces using synchrotron radiation. Access to measurements at the Advanced Photon Source equipment, which is one of the most powerful source of X-ray radiation in the Western hemisphere, significantly expands our experimental possibilities for the characterization of surfaces and processes on them by means of most advanced experimental facilities.<\/p>\n<p style=\"text-align:justify\">The team is also a part of European project European Microkelvin Platform, INTEGRATING AND OPENING RESEARCH INFRASTRUCTURES OF EUROPEAN INTEREST under the call H2020-INFRAIA-2014-2015.<\/p>\n<p style=\"text-align:justify\">In addition, members of the team were principal investigators of 25 projects in total, of which 10 were financed by the Slovak Research and Development Agency, 12 by the Scientific grant agency of the Ministry of Education Science, Research and Sport of the Slovak Republic and of Slovak Academy of Sciences and 3 by the Agency of the Ministry of Education, Science, Research and Sport of the Slovak Republic for the Structural Funds of EU.<\/p>\n<p style=\"text-align:justify\">\u00a0<\/p>\n","protected":false},"excerpt":{"rendered":"<p>The QMAGNA team participated in\u00a013 international projects: Theoretical and experimental study of spin dynamics in the planar S = 1 Heisenberg magnetics (1996-1998), Slovak &#8211; Greek project N8 Physics and Technology at very low temperatures, (1995-1998), PECO ERB 3563 PL 935002 New magnetic excitations in low-dimensional magnetic systems, (1998-2000), NSF &#8211; INT 97 22935 Characterization &hellip; <a href=\"https:\/\/www.upjs.sk\/en\/information\/science-and-research\/scientific-and-research-activities-phd-studies\/top-research-teams\/qmagna-upjs\/research-projects\/\">Continued<\/a><\/p>\n","protected":false},"author":1,"featured_media":0,"parent":24797,"menu_order":4,"comment_status":"closed","ping_status":"closed","template":"","meta":{"_acf_changed":false,"_editorskit_title_hidden":false,"_editorskit_reading_time":0,"_editorskit_is_block_options_detached":false,"_editorskit_block_options_position":"{}","footnotes":""},"categories":[],"tags":[],"class_list":["post-25051","page","type-page","status-publish","hentry"],"acf":{"acf_link_na_externy_obsah":""},"yoast_head":"<!-- This site is optimized with the Yoast SEO plugin v27.5 - https:\/\/yoast.com\/product\/yoast-seo-wordpress\/ -->\n<title>Research Projects - UPJ\u0160 Ko\u0161ice<\/title>\n<meta name=\"robots\" content=\"index, follow, max-snippet:-1, max-image-preview:large, max-video-preview:-1\" \/>\n<link rel=\"canonical\" href=\"https:\/\/www.upjs.sk\/en\/information\/science-and-research\/scientific-and-research-activities-phd-studies\/top-research-teams\/qmagna-upjs\/research-projects\/\" \/>\n<meta property=\"og:locale\" content=\"en_US\" \/>\n<meta property=\"og:type\" content=\"article\" \/>\n<meta property=\"og:title\" content=\"Research Projects - UPJ\u0160 Ko\u0161ice\" \/>\n<meta property=\"og:description\" content=\"The QMAGNA team participated in\u00a013 international projects: Theoretical and experimental study of spin dynamics in the planar S = 1 Heisenberg magnetics (1996-1998), Slovak &#8211; Greek project N8 Physics and Technology at very low temperatures, (1995-1998), PECO ERB 3563 PL 935002 New magnetic excitations in low-dimensional magnetic systems, (1998-2000), NSF &#8211; INT 97 22935 Characterization &hellip; Continued\" \/>\n<meta property=\"og:url\" content=\"https:\/\/www.upjs.sk\/en\/information\/science-and-research\/scientific-and-research-activities-phd-studies\/top-research-teams\/qmagna-upjs\/research-projects\/\" \/>\n<meta property=\"og:site_name\" content=\"UPJ\u0160 Ko\u0161ice\" \/>\n<meta property=\"article:publisher\" content=\"https:\/\/www.facebook.com\/UniverzitaPavlaJozefaSafarikaVkosiciach\/\" \/>\n<meta property=\"article:modified_time\" content=\"2022-11-09T23:31:59+00:00\" \/>\n<meta name=\"twitter:card\" content=\"summary_large_image\" \/>\n<meta name=\"twitter:site\" content=\"@UPJS_kosice\" \/>\n<meta name=\"twitter:label1\" content=\"Est. reading time\" \/>\n\t<meta name=\"twitter:data1\" content=\"3 minutes\" \/>\n<script type=\"application\/ld+json\" class=\"yoast-schema-graph\">{\"@context\":\"https:\\\/\\\/schema.org\",\"@graph\":[{\"@type\":\"WebPage\",\"@id\":\"https:\\\/\\\/www.upjs.sk\\\/en\\\/information\\\/science-and-research\\\/scientific-and-research-activities-phd-studies\\\/top-research-teams\\\/qmagna-upjs\\\/research-projects\\\/\",\"url\":\"https:\\\/\\\/www.upjs.sk\\\/en\\\/information\\\/science-and-research\\\/scientific-and-research-activities-phd-studies\\\/top-research-teams\\\/qmagna-upjs\\\/research-projects\\\/\",\"name\":\"Research Projects - UPJ\u0160 Ko\u0161ice\",\"isPartOf\":{\"@id\":\"https:\\\/\\\/www.upjs.sk\\\/en\\\/#website\"},\"datePublished\":\"2017-02-03T07:46:33+00:00\",\"dateModified\":\"2022-11-09T23:31:59+00:00\",\"breadcrumb\":{\"@id\":\"https:\\\/\\\/www.upjs.sk\\\/en\\\/information\\\/science-and-research\\\/scientific-and-research-activities-phd-studies\\\/top-research-teams\\\/qmagna-upjs\\\/research-projects\\\/#breadcrumb\"},\"inLanguage\":\"en-US\",\"potentialAction\":[{\"@type\":\"ReadAction\",\"target\":[\"https:\\\/\\\/www.upjs.sk\\\/en\\\/information\\\/science-and-research\\\/scientific-and-research-activities-phd-studies\\\/top-research-teams\\\/qmagna-upjs\\\/research-projects\\\/\"]}]},{\"@type\":\"BreadcrumbList\",\"@id\":\"https:\\\/\\\/www.upjs.sk\\\/en\\\/information\\\/science-and-research\\\/scientific-and-research-activities-phd-studies\\\/top-research-teams\\\/qmagna-upjs\\\/research-projects\\\/#breadcrumb\",\"itemListElement\":[{\"@type\":\"ListItem\",\"position\":1,\"name\":\"Home\",\"item\":\"https:\\\/\\\/www.upjs.sk\\\/en\\\/\"},{\"@type\":\"ListItem\",\"position\":2,\"name\":\"Information\",\"item\":\"https:\\\/\\\/www.upjs.sk\\\/en\\\/information\\\/\"},{\"@type\":\"ListItem\",\"position\":3,\"name\":\"Science, Research and Development\",\"item\":\"https:\\\/\\\/www.upjs.sk\\\/en\\\/information\\\/science-and-research\\\/\"},{\"@type\":\"ListItem\",\"position\":4,\"name\":\"Scientific and Research Activities, PhD Studies\",\"item\":\"https:\\\/\\\/www.upjs.sk\\\/en\\\/information\\\/science-and-research\\\/scientific-and-research-activities-phd-studies\\\/\"},{\"@type\":\"ListItem\",\"position\":5,\"name\":\"Top Research Teams\",\"item\":\"https:\\\/\\\/www.upjs.sk\\\/en\\\/information\\\/science-and-research\\\/scientific-and-research-activities-phd-studies\\\/top-research-teams\\\/\"},{\"@type\":\"ListItem\",\"position\":6,\"name\":\"Quantum Magnetism and Nanophysics (QMAGNA)\",\"item\":\"https:\\\/\\\/www.upjs.sk\\\/en\\\/information\\\/science-and-research\\\/scientific-and-research-activities-phd-studies\\\/top-research-teams\\\/qmagna-upjs\\\/\"},{\"@type\":\"ListItem\",\"position\":7,\"name\":\"Research Projects\"}]},{\"@type\":\"WebSite\",\"@id\":\"https:\\\/\\\/www.upjs.sk\\\/en\\\/#website\",\"url\":\"https:\\\/\\\/www.upjs.sk\\\/en\\\/\",\"name\":\"UPJ\u0160 Ko\u0161ice\",\"description\":\"Wisdom of the Past, Knowledge of the Present, Education of the Future\",\"publisher\":{\"@id\":\"https:\\\/\\\/www.upjs.sk\\\/en\\\/#organization\"},\"potentialAction\":[{\"@type\":\"SearchAction\",\"target\":{\"@type\":\"EntryPoint\",\"urlTemplate\":\"https:\\\/\\\/www.upjs.sk\\\/en\\\/?s={search_term_string}\"},\"query-input\":{\"@type\":\"PropertyValueSpecification\",\"valueRequired\":true,\"valueName\":\"search_term_string\"}}],\"inLanguage\":\"en-US\"},{\"@type\":\"Organization\",\"@id\":\"https:\\\/\\\/www.upjs.sk\\\/en\\\/#organization\",\"name\":\"UPJ\u0160 Ko\u0161ice\",\"url\":\"https:\\\/\\\/www.upjs.sk\\\/en\\\/\",\"logo\":{\"@type\":\"ImageObject\",\"inLanguage\":\"en-US\",\"@id\":\"https:\\\/\\\/www.upjs.sk\\\/en\\\/#\\\/schema\\\/logo\\\/image\\\/\",\"url\":\"https:\\\/\\\/www.upjs.sk\\\/app\\\/uploads\\\/2023\\\/01\\\/UPJS_ENG_esymbol.svg\",\"contentUrl\":\"https:\\\/\\\/www.upjs.sk\\\/app\\\/uploads\\\/2023\\\/01\\\/UPJS_ENG_esymbol.svg\",\"width\":448,\"height\":139,\"caption\":\"UPJ\u0160 Ko\u0161ice\"},\"image\":{\"@id\":\"https:\\\/\\\/www.upjs.sk\\\/en\\\/#\\\/schema\\\/logo\\\/image\\\/\"},\"sameAs\":[\"https:\\\/\\\/www.facebook.com\\\/UniverzitaPavlaJozefaSafarikaVkosiciach\\\/\",\"https:\\\/\\\/x.com\\\/UPJS_kosice\",\"https:\\\/\\\/www.instagram.com\\\/upjs_kosice\",\"https:\\\/\\\/www.linkedin.com\\\/company\\\/pavol-jozef-afrik-university-in-koice\\\/\"]}]}<\/script>\n<!-- \/ Yoast SEO plugin. -->","yoast_head_json":{"title":"Research Projects - UPJ\u0160 Ko\u0161ice","robots":{"index":"index","follow":"follow","max-snippet":"max-snippet:-1","max-image-preview":"max-image-preview:large","max-video-preview":"max-video-preview:-1"},"canonical":"https:\/\/www.upjs.sk\/en\/information\/science-and-research\/scientific-and-research-activities-phd-studies\/top-research-teams\/qmagna-upjs\/research-projects\/","og_locale":"en_US","og_type":"article","og_title":"Research Projects - UPJ\u0160 Ko\u0161ice","og_description":"The QMAGNA team participated in\u00a013 international projects: Theoretical and experimental study of spin dynamics in the planar S = 1 Heisenberg magnetics (1996-1998), Slovak &#8211; Greek project N8 Physics and Technology at very low temperatures, (1995-1998), PECO ERB 3563 PL 935002 New magnetic excitations in low-dimensional magnetic systems, (1998-2000), NSF &#8211; INT 97 22935 Characterization &hellip; Continued","og_url":"https:\/\/www.upjs.sk\/en\/information\/science-and-research\/scientific-and-research-activities-phd-studies\/top-research-teams\/qmagna-upjs\/research-projects\/","og_site_name":"UPJ\u0160 Ko\u0161ice","article_publisher":"https:\/\/www.facebook.com\/UniverzitaPavlaJozefaSafarikaVkosiciach\/","article_modified_time":"2022-11-09T23:31:59+00:00","twitter_card":"summary_large_image","twitter_site":"@UPJS_kosice","twitter_misc":{"Est. reading time":"3 minutes"},"schema":{"@context":"https:\/\/schema.org","@graph":[{"@type":"WebPage","@id":"https:\/\/www.upjs.sk\/en\/information\/science-and-research\/scientific-and-research-activities-phd-studies\/top-research-teams\/qmagna-upjs\/research-projects\/","url":"https:\/\/www.upjs.sk\/en\/information\/science-and-research\/scientific-and-research-activities-phd-studies\/top-research-teams\/qmagna-upjs\/research-projects\/","name":"Research Projects - UPJ\u0160 Ko\u0161ice","isPartOf":{"@id":"https:\/\/www.upjs.sk\/en\/#website"},"datePublished":"2017-02-03T07:46:33+00:00","dateModified":"2022-11-09T23:31:59+00:00","breadcrumb":{"@id":"https:\/\/www.upjs.sk\/en\/information\/science-and-research\/scientific-and-research-activities-phd-studies\/top-research-teams\/qmagna-upjs\/research-projects\/#breadcrumb"},"inLanguage":"en-US","potentialAction":[{"@type":"ReadAction","target":["https:\/\/www.upjs.sk\/en\/information\/science-and-research\/scientific-and-research-activities-phd-studies\/top-research-teams\/qmagna-upjs\/research-projects\/"]}]},{"@type":"BreadcrumbList","@id":"https:\/\/www.upjs.sk\/en\/information\/science-and-research\/scientific-and-research-activities-phd-studies\/top-research-teams\/qmagna-upjs\/research-projects\/#breadcrumb","itemListElement":[{"@type":"ListItem","position":1,"name":"Home","item":"https:\/\/www.upjs.sk\/en\/"},{"@type":"ListItem","position":2,"name":"Information","item":"https:\/\/www.upjs.sk\/en\/information\/"},{"@type":"ListItem","position":3,"name":"Science, Research and Development","item":"https:\/\/www.upjs.sk\/en\/information\/science-and-research\/"},{"@type":"ListItem","position":4,"name":"Scientific and Research Activities, PhD Studies","item":"https:\/\/www.upjs.sk\/en\/information\/science-and-research\/scientific-and-research-activities-phd-studies\/"},{"@type":"ListItem","position":5,"name":"Top Research Teams","item":"https:\/\/www.upjs.sk\/en\/information\/science-and-research\/scientific-and-research-activities-phd-studies\/top-research-teams\/"},{"@type":"ListItem","position":6,"name":"Quantum Magnetism and Nanophysics (QMAGNA)","item":"https:\/\/www.upjs.sk\/en\/information\/science-and-research\/scientific-and-research-activities-phd-studies\/top-research-teams\/qmagna-upjs\/"},{"@type":"ListItem","position":7,"name":"Research Projects"}]},{"@type":"WebSite","@id":"https:\/\/www.upjs.sk\/en\/#website","url":"https:\/\/www.upjs.sk\/en\/","name":"UPJ\u0160 Ko\u0161ice","description":"Wisdom of the Past, Knowledge of the Present, Education of the Future","publisher":{"@id":"https:\/\/www.upjs.sk\/en\/#organization"},"potentialAction":[{"@type":"SearchAction","target":{"@type":"EntryPoint","urlTemplate":"https:\/\/www.upjs.sk\/en\/?s={search_term_string}"},"query-input":{"@type":"PropertyValueSpecification","valueRequired":true,"valueName":"search_term_string"}}],"inLanguage":"en-US"},{"@type":"Organization","@id":"https:\/\/www.upjs.sk\/en\/#organization","name":"UPJ\u0160 Ko\u0161ice","url":"https:\/\/www.upjs.sk\/en\/","logo":{"@type":"ImageObject","inLanguage":"en-US","@id":"https:\/\/www.upjs.sk\/en\/#\/schema\/logo\/image\/","url":"https:\/\/www.upjs.sk\/app\/uploads\/2023\/01\/UPJS_ENG_esymbol.svg","contentUrl":"https:\/\/www.upjs.sk\/app\/uploads\/2023\/01\/UPJS_ENG_esymbol.svg","width":448,"height":139,"caption":"UPJ\u0160 Ko\u0161ice"},"image":{"@id":"https:\/\/www.upjs.sk\/en\/#\/schema\/logo\/image\/"},"sameAs":["https:\/\/www.facebook.com\/UniverzitaPavlaJozefaSafarikaVkosiciach\/","https:\/\/x.com\/UPJS_kosice","https:\/\/www.instagram.com\/upjs_kosice","https:\/\/www.linkedin.com\/company\/pavol-jozef-afrik-university-in-koice\/"]}]}},"_links":{"self":[{"href":"https:\/\/www.upjs.sk\/en\/wp-json\/wp\/v2\/pages\/25051","targetHints":{"allow":["GET"]}}],"collection":[{"href":"https:\/\/www.upjs.sk\/en\/wp-json\/wp\/v2\/pages"}],"about":[{"href":"https:\/\/www.upjs.sk\/en\/wp-json\/wp\/v2\/types\/page"}],"author":[{"embeddable":true,"href":"https:\/\/www.upjs.sk\/en\/wp-json\/wp\/v2\/users\/1"}],"replies":[{"embeddable":true,"href":"https:\/\/www.upjs.sk\/en\/wp-json\/wp\/v2\/comments?post=25051"}],"version-history":[{"count":2,"href":"https:\/\/www.upjs.sk\/en\/wp-json\/wp\/v2\/pages\/25051\/revisions"}],"predecessor-version":[{"id":41635,"href":"https:\/\/www.upjs.sk\/en\/wp-json\/wp\/v2\/pages\/25051\/revisions\/41635"}],"up":[{"embeddable":true,"href":"https:\/\/www.upjs.sk\/en\/wp-json\/wp\/v2\/pages\/24797"}],"wp:attachment":[{"href":"https:\/\/www.upjs.sk\/en\/wp-json\/wp\/v2\/media?parent=25051"}],"wp:term":[{"taxonomy":"category","embeddable":true,"href":"https:\/\/www.upjs.sk\/en\/wp-json\/wp\/v2\/categories?post=25051"},{"taxonomy":"post_tag","embeddable":true,"href":"https:\/\/www.upjs.sk\/en\/wp-json\/wp\/v2\/tags?post=25051"}],"curies":[{"name":"wp","href":"https:\/\/api.w.org\/{rel}","templated":true}]}}