{"id":25159,"date":"2017-03-03T11:21:39","date_gmt":"2017-03-03T11:21:39","guid":{"rendered":"https:\/\/www.upjs.sk\/doctoral-graduates\/"},"modified":"2022-11-09T23:32:03","modified_gmt":"2022-11-09T23:32:03","slug":"doctoral-graduates","status":"publish","type":"page","link":"https:\/\/www.upjs.sk\/en\/information\/science-and-research\/scientific-and-research-activities-phd-studies\/top-research-teams\/bioactiv\/doctoral-graduates\/","title":{"rendered":"Doctoral graduates"},"content":{"rendered":"<p style=\"text-align: justify;\">The leaders of the top team supervised altogether 30 doctoral graduates, most of them in Genetics or Molecular Cytology. At present there are 8 doctoral candidates currently working in the research team. The graduates successfully applied for a job in research, educational and entrepreneurial sphere in Slovakia and abroad (University of Tennessee, USA, University of Glasgow, Clinical operations at LIFT, BioSciences Ltd., Sysmex Slovakia, Eppendorf and others).<br \/> \u00a0<br \/> Doctoral graduates:<br \/> \u00a0<br \/> Assoc. Prof. RNDr. Katar\u00edna Kim\u00e1kov\u00e1, CSc., supervisor prof. RNDr. Eva \u010cell\u00e1rov\u00e1, DrSc., defence 1995<br \/> RNDr. Ren\u00e1ta Brutovsk\u00e1, PhD., supervisor prof. RNDr. Eva \u010cell\u00e1rov\u00e1, DrSc., defence 1997<br \/> RNDr. Jana Halu\u0161kov\u00e1, PhD., supervisor prof. RNDr. Eva \u010cell\u00e1rov\u00e1, DrSc., defence 1997<br \/> RNDr. Vanda \u0160vehl\u00edkov\u00e1, PhD., supervisor prof. RNDr. Eva \u010cell\u00e1rov\u00e1, DrSc., defence 2002<br \/> RNDr. Katar\u00edna Bru\u0148\u00e1kov\u00e1, PhD., supervisor prof. RNDr. Eva \u010cell\u00e1rov\u00e1, DrSc., defence 2003<br \/> RNDr. Patr\u00edcia Saxov\u00e1, PhD., supervisor prof. RNDr. Eva \u010cell\u00e1rov\u00e1, DrSc., defence 2003<br \/> RNDr. M\u00e1ria \u010cekanov\u00e1, PhD., supervisor prof. RNDr. Peter Fedoro\u010dko, CSc., defence 2005<br \/> Ing. Viktor Horv\u00e1th, PhD., supervisor prof. RNDr. Peter Fedoro\u010dko, CSc., defence 2006<br \/> RNDr. Jana Koperd\u00e1kov\u00e1, PhD., supervisor prof. RNDr. Eva \u010cell\u00e1rov\u00e1, DrSc., defence 2006<br \/> RNDr. Martina Urbanov\u00e1, PhD., supervisor prof. RNDr. Eva \u010cell\u00e1rov\u00e1, DrSc., defence 2006<br \/> RNDr. J\u00e1n Kleban, PhD., supervisor prof. RNDr. Peter Fedoro\u010dko, CSc., defence 2007<br \/> RNDr. J\u00e1n Ko\u0161uth, PhD., supervisor prof. RNDr. Eva \u010cell\u00e1rov\u00e1, DrSc., defence 2007<br \/> RNDr. Zuzana Katkov\u010dinov\u00e1, PhD., supervisor prof. RNDr. Eva \u010cell\u00e1rov\u00e1, DrSc., defence 2008<br \/> RNDr. Jarom\u00edr Mike\u0161, PhD, supervisor prof. RNDr. Peter Fedoro\u010dko, CSc., defence 2008<br \/> RNDr. Hedviga Komarovsk\u00e1, PhD., supervisor prof. RNDr. Eva \u010cell\u00e1rov\u00e1, DrSc., defence 2010<br \/> RNDr. Lucia Grada Kulikov\u00e1, PhD., supervisor prof. RNDr. Peter Fedoro\u010dko, CSc., defence 2010<br \/> RNDr. J\u00e1n Kova\u013e, PhD, supervisor prof. RNDr. Peter Fedoro\u010dko, CSc., defence 2010<br \/> RNDr. Rastislav Jend\u017eelovsk\u00fd, PhD, supervisor prof. RNDr. Peter Fedoro\u010dko, CSc., defence 2010<br \/> RNDr. Peter Ferenc, PhD, supervisor prof. RNDr. Peter Fedoro\u010dko, CSc., defence 2010<br \/> RNDr. Mat\u00fa\u0161 Skyba, PhD., supervisor prof. RNDr. Eva \u010cell\u00e1rov\u00e1, DrSc., defence 2011<br \/> RNDr. Martin Kello, PhD supervisor prof. RNDr. Peter Fedoro\u010dko, CSc., defence 2011<br \/> RNDr. Miriam Ba\u010dkorov\u00e1, PhD. supervisor prof. RNDr. Peter Fedoro\u010dko, CSc., defence 2011<br \/> RNDr. Lucia Mike\u0161ov\u00e1, PhD, supervisor prof. RNDr. Peter Fedoro\u010dko, CSc., defence 2013<br \/> RNDr. Zuzana Jend\u017eelovsk\u00e1, PhD., supervisor prof. RNDr. Peter Fedoro\u010dko, CSc., defence 2014,<br \/> consultant doc. RNDr. Jarom\u00edr Mike\u0161, PhD.<br \/> RNDr. Linda Petijov\u00e1, PhD., supervisor prof. RNDr. Eva \u010cell\u00e1rov\u00e1, DrSc., defence 2015<br \/> RNDr. Daniela Zubrick\u00e1, PhD. supervisor prof. RNDr. Eva \u010cell\u00e1rov\u00e1, DrSc., defence 2015<br \/> RNDr. Anna Mi\u0161ianikov\u00e1, PhD. supervisor prof. RNDr. Eva \u010cell\u00e1rov\u00e1, DrSc., defence 2015<br \/> RNDr. Lucia Hi\u013eovsk\u00e1, PhD., supervisor prof. RNDr. Peter Fedoro\u010dko, CSc., defence 2015<br \/> RNDr. Barbora Kuch\u00e1rov\u00e1: supervisor prof. RNDr. Peter Fedoro\u010dko, CSc., defence 2015<br \/> consultant doc. RNDr. Jarom\u00edr Mike\u0161, PhD.<br \/> Mgr. Katar\u00edna Gyur\u00e1szov\u00e1: supervisor prof. RNDr. Peter Fedoro\u010dko, CSc., defence 2016<br \/> consultant doc. RNDr. Jarom\u00edr Mike\u0161, PhD.<\/p>\n","protected":false},"excerpt":{"rendered":"<p>The leaders of the top team supervised altogether 30 doctoral graduates, most of them in Genetics or Molecular Cytology. At present there are 8 doctoral candidates currently working in the research team. The graduates successfully applied for a job in research, educational and entrepreneurial sphere in Slovakia and abroad (University of Tennessee, USA, University of &hellip; <a href=\"https:\/\/www.upjs.sk\/en\/information\/science-and-research\/scientific-and-research-activities-phd-studies\/top-research-teams\/bioactiv\/doctoral-graduates\/\">Continued<\/a><\/p>\n","protected":false},"author":1,"featured_media":0,"parent":25073,"menu_order":4,"comment_status":"closed","ping_status":"closed","template":"","meta":{"_acf_changed":false,"_editorskit_title_hidden":false,"_editorskit_reading_time":0,"_editorskit_is_block_options_detached":false,"_editorskit_block_options_position":"{}","footnotes":""},"categories":[],"tags":[],"class_list":["post-25159","page","type-page","status-publish","hentry"],"acf":{"acf_link_na_externy_obsah":""},"yoast_head":"<!-- This site is optimized with the Yoast SEO plugin v27.4 - https:\/\/yoast.com\/product\/yoast-seo-wordpress\/ -->\n<title>Doctoral graduates - UPJ\u0160 Ko\u0161ice<\/title>\n<meta name=\"robots\" content=\"index, follow, max-snippet:-1, max-image-preview:large, max-video-preview:-1\" \/>\n<link rel=\"canonical\" href=\"https:\/\/www.upjs.sk\/en\/information\/science-and-research\/scientific-and-research-activities-phd-studies\/top-research-teams\/bioactiv\/doctoral-graduates\/\" \/>\n<meta property=\"og:locale\" content=\"en_US\" \/>\n<meta property=\"og:type\" content=\"article\" \/>\n<meta property=\"og:title\" content=\"Doctoral graduates - UPJ\u0160 Ko\u0161ice\" \/>\n<meta property=\"og:description\" content=\"The leaders of the top team supervised altogether 30 doctoral graduates, most of them in Genetics or Molecular Cytology. At present there are 8 doctoral candidates currently working in the research team. The graduates successfully applied for a job in research, educational and entrepreneurial sphere in Slovakia and abroad (University of Tennessee, USA, University of &hellip; Continued\" \/>\n<meta property=\"og:url\" content=\"https:\/\/www.upjs.sk\/en\/information\/science-and-research\/scientific-and-research-activities-phd-studies\/top-research-teams\/bioactiv\/doctoral-graduates\/\" \/>\n<meta property=\"og:site_name\" content=\"UPJ\u0160 Ko\u0161ice\" \/>\n<meta property=\"article:publisher\" content=\"https:\/\/www.facebook.com\/UniverzitaPavlaJozefaSafarikaVkosiciach\/\" \/>\n<meta property=\"article:modified_time\" content=\"2022-11-09T23:32:03+00:00\" \/>\n<meta name=\"twitter:card\" content=\"summary_large_image\" \/>\n<meta name=\"twitter:site\" content=\"@UPJS_kosice\" \/>\n<meta name=\"twitter:label1\" content=\"Est. reading time\" \/>\n\t<meta name=\"twitter:data1\" content=\"2 minutes\" \/>\n<script type=\"application\/ld+json\" class=\"yoast-schema-graph\">{\"@context\":\"https:\\\/\\\/schema.org\",\"@graph\":[{\"@type\":\"WebPage\",\"@id\":\"https:\\\/\\\/www.upjs.sk\\\/en\\\/information\\\/science-and-research\\\/scientific-and-research-activities-phd-studies\\\/top-research-teams\\\/bioactiv\\\/doctoral-graduates\\\/\",\"url\":\"https:\\\/\\\/www.upjs.sk\\\/en\\\/information\\\/science-and-research\\\/scientific-and-research-activities-phd-studies\\\/top-research-teams\\\/bioactiv\\\/doctoral-graduates\\\/\",\"name\":\"Doctoral graduates - UPJ\u0160 Ko\u0161ice\",\"isPartOf\":{\"@id\":\"https:\\\/\\\/www.upjs.sk\\\/en\\\/#website\"},\"datePublished\":\"2017-03-03T11:21:39+00:00\",\"dateModified\":\"2022-11-09T23:32:03+00:00\",\"breadcrumb\":{\"@id\":\"https:\\\/\\\/www.upjs.sk\\\/en\\\/information\\\/science-and-research\\\/scientific-and-research-activities-phd-studies\\\/top-research-teams\\\/bioactiv\\\/doctoral-graduates\\\/#breadcrumb\"},\"inLanguage\":\"en-US\",\"potentialAction\":[{\"@type\":\"ReadAction\",\"target\":[\"https:\\\/\\\/www.upjs.sk\\\/en\\\/information\\\/science-and-research\\\/scientific-and-research-activities-phd-studies\\\/top-research-teams\\\/bioactiv\\\/doctoral-graduates\\\/\"]}]},{\"@type\":\"BreadcrumbList\",\"@id\":\"https:\\\/\\\/www.upjs.sk\\\/en\\\/information\\\/science-and-research\\\/scientific-and-research-activities-phd-studies\\\/top-research-teams\\\/bioactiv\\\/doctoral-graduates\\\/#breadcrumb\",\"itemListElement\":[{\"@type\":\"ListItem\",\"position\":1,\"name\":\"Home\",\"item\":\"https:\\\/\\\/www.upjs.sk\\\/en\\\/\"},{\"@type\":\"ListItem\",\"position\":2,\"name\":\"Information\",\"item\":\"https:\\\/\\\/www.upjs.sk\\\/en\\\/information\\\/\"},{\"@type\":\"ListItem\",\"position\":3,\"name\":\"Science, Research and Development\",\"item\":\"https:\\\/\\\/www.upjs.sk\\\/en\\\/information\\\/science-and-research\\\/\"},{\"@type\":\"ListItem\",\"position\":4,\"name\":\"Scientific and Research Activities, PhD Studies\",\"item\":\"https:\\\/\\\/www.upjs.sk\\\/en\\\/information\\\/science-and-research\\\/scientific-and-research-activities-phd-studies\\\/\"},{\"@type\":\"ListItem\",\"position\":5,\"name\":\"Top Research Teams\",\"item\":\"https:\\\/\\\/www.upjs.sk\\\/en\\\/information\\\/science-and-research\\\/scientific-and-research-activities-phd-studies\\\/top-research-teams\\\/\"},{\"@type\":\"ListItem\",\"position\":6,\"name\":\"The Research Team of Bioactive Substances for Biomedical Applications (BIOACTIV)\",\"item\":\"https:\\\/\\\/www.upjs.sk\\\/en\\\/information\\\/science-and-research\\\/scientific-and-research-activities-phd-studies\\\/top-research-teams\\\/bioactiv\\\/\"},{\"@type\":\"ListItem\",\"position\":7,\"name\":\"Doctoral graduates\"}]},{\"@type\":\"WebSite\",\"@id\":\"https:\\\/\\\/www.upjs.sk\\\/en\\\/#website\",\"url\":\"https:\\\/\\\/www.upjs.sk\\\/en\\\/\",\"name\":\"UPJ\u0160 Ko\u0161ice\",\"description\":\"Wisdom of the Past, Knowledge of the Present, Education of the Future\",\"publisher\":{\"@id\":\"https:\\\/\\\/www.upjs.sk\\\/en\\\/#organization\"},\"potentialAction\":[{\"@type\":\"SearchAction\",\"target\":{\"@type\":\"EntryPoint\",\"urlTemplate\":\"https:\\\/\\\/www.upjs.sk\\\/en\\\/?s={search_term_string}\"},\"query-input\":{\"@type\":\"PropertyValueSpecification\",\"valueRequired\":true,\"valueName\":\"search_term_string\"}}],\"inLanguage\":\"en-US\"},{\"@type\":\"Organization\",\"@id\":\"https:\\\/\\\/www.upjs.sk\\\/en\\\/#organization\",\"name\":\"UPJ\u0160 Ko\u0161ice\",\"url\":\"https:\\\/\\\/www.upjs.sk\\\/en\\\/\",\"logo\":{\"@type\":\"ImageObject\",\"inLanguage\":\"en-US\",\"@id\":\"https:\\\/\\\/www.upjs.sk\\\/en\\\/#\\\/schema\\\/logo\\\/image\\\/\",\"url\":\"https:\\\/\\\/www.upjs.sk\\\/app\\\/uploads\\\/2023\\\/01\\\/UPJS_ENG_esymbol.svg\",\"contentUrl\":\"https:\\\/\\\/www.upjs.sk\\\/app\\\/uploads\\\/2023\\\/01\\\/UPJS_ENG_esymbol.svg\",\"width\":448,\"height\":139,\"caption\":\"UPJ\u0160 Ko\u0161ice\"},\"image\":{\"@id\":\"https:\\\/\\\/www.upjs.sk\\\/en\\\/#\\\/schema\\\/logo\\\/image\\\/\"},\"sameAs\":[\"https:\\\/\\\/www.facebook.com\\\/UniverzitaPavlaJozefaSafarikaVkosiciach\\\/\",\"https:\\\/\\\/x.com\\\/UPJS_kosice\",\"https:\\\/\\\/www.instagram.com\\\/upjs_kosice\",\"https:\\\/\\\/www.linkedin.com\\\/company\\\/pavol-jozef-afrik-university-in-koice\\\/\"]}]}<\/script>\n<!-- \/ Yoast SEO plugin. -->","yoast_head_json":{"title":"Doctoral graduates - UPJ\u0160 Ko\u0161ice","robots":{"index":"index","follow":"follow","max-snippet":"max-snippet:-1","max-image-preview":"max-image-preview:large","max-video-preview":"max-video-preview:-1"},"canonical":"https:\/\/www.upjs.sk\/en\/information\/science-and-research\/scientific-and-research-activities-phd-studies\/top-research-teams\/bioactiv\/doctoral-graduates\/","og_locale":"en_US","og_type":"article","og_title":"Doctoral graduates - UPJ\u0160 Ko\u0161ice","og_description":"The leaders of the top team supervised altogether 30 doctoral graduates, most of them in Genetics or Molecular Cytology. At present there are 8 doctoral candidates currently working in the research team. The graduates successfully applied for a job in research, educational and entrepreneurial sphere in Slovakia and abroad (University of Tennessee, USA, University of &hellip; Continued","og_url":"https:\/\/www.upjs.sk\/en\/information\/science-and-research\/scientific-and-research-activities-phd-studies\/top-research-teams\/bioactiv\/doctoral-graduates\/","og_site_name":"UPJ\u0160 Ko\u0161ice","article_publisher":"https:\/\/www.facebook.com\/UniverzitaPavlaJozefaSafarikaVkosiciach\/","article_modified_time":"2022-11-09T23:32:03+00:00","twitter_card":"summary_large_image","twitter_site":"@UPJS_kosice","twitter_misc":{"Est. reading time":"2 minutes"},"schema":{"@context":"https:\/\/schema.org","@graph":[{"@type":"WebPage","@id":"https:\/\/www.upjs.sk\/en\/information\/science-and-research\/scientific-and-research-activities-phd-studies\/top-research-teams\/bioactiv\/doctoral-graduates\/","url":"https:\/\/www.upjs.sk\/en\/information\/science-and-research\/scientific-and-research-activities-phd-studies\/top-research-teams\/bioactiv\/doctoral-graduates\/","name":"Doctoral graduates - UPJ\u0160 Ko\u0161ice","isPartOf":{"@id":"https:\/\/www.upjs.sk\/en\/#website"},"datePublished":"2017-03-03T11:21:39+00:00","dateModified":"2022-11-09T23:32:03+00:00","breadcrumb":{"@id":"https:\/\/www.upjs.sk\/en\/information\/science-and-research\/scientific-and-research-activities-phd-studies\/top-research-teams\/bioactiv\/doctoral-graduates\/#breadcrumb"},"inLanguage":"en-US","potentialAction":[{"@type":"ReadAction","target":["https:\/\/www.upjs.sk\/en\/information\/science-and-research\/scientific-and-research-activities-phd-studies\/top-research-teams\/bioactiv\/doctoral-graduates\/"]}]},{"@type":"BreadcrumbList","@id":"https:\/\/www.upjs.sk\/en\/information\/science-and-research\/scientific-and-research-activities-phd-studies\/top-research-teams\/bioactiv\/doctoral-graduates\/#breadcrumb","itemListElement":[{"@type":"ListItem","position":1,"name":"Home","item":"https:\/\/www.upjs.sk\/en\/"},{"@type":"ListItem","position":2,"name":"Information","item":"https:\/\/www.upjs.sk\/en\/information\/"},{"@type":"ListItem","position":3,"name":"Science, Research and Development","item":"https:\/\/www.upjs.sk\/en\/information\/science-and-research\/"},{"@type":"ListItem","position":4,"name":"Scientific and Research Activities, PhD Studies","item":"https:\/\/www.upjs.sk\/en\/information\/science-and-research\/scientific-and-research-activities-phd-studies\/"},{"@type":"ListItem","position":5,"name":"Top Research Teams","item":"https:\/\/www.upjs.sk\/en\/information\/science-and-research\/scientific-and-research-activities-phd-studies\/top-research-teams\/"},{"@type":"ListItem","position":6,"name":"The Research Team of Bioactive Substances for Biomedical Applications (BIOACTIV)","item":"https:\/\/www.upjs.sk\/en\/information\/science-and-research\/scientific-and-research-activities-phd-studies\/top-research-teams\/bioactiv\/"},{"@type":"ListItem","position":7,"name":"Doctoral graduates"}]},{"@type":"WebSite","@id":"https:\/\/www.upjs.sk\/en\/#website","url":"https:\/\/www.upjs.sk\/en\/","name":"UPJ\u0160 Ko\u0161ice","description":"Wisdom of the Past, Knowledge of the Present, Education of the Future","publisher":{"@id":"https:\/\/www.upjs.sk\/en\/#organization"},"potentialAction":[{"@type":"SearchAction","target":{"@type":"EntryPoint","urlTemplate":"https:\/\/www.upjs.sk\/en\/?s={search_term_string}"},"query-input":{"@type":"PropertyValueSpecification","valueRequired":true,"valueName":"search_term_string"}}],"inLanguage":"en-US"},{"@type":"Organization","@id":"https:\/\/www.upjs.sk\/en\/#organization","name":"UPJ\u0160 Ko\u0161ice","url":"https:\/\/www.upjs.sk\/en\/","logo":{"@type":"ImageObject","inLanguage":"en-US","@id":"https:\/\/www.upjs.sk\/en\/#\/schema\/logo\/image\/","url":"https:\/\/www.upjs.sk\/app\/uploads\/2023\/01\/UPJS_ENG_esymbol.svg","contentUrl":"https:\/\/www.upjs.sk\/app\/uploads\/2023\/01\/UPJS_ENG_esymbol.svg","width":448,"height":139,"caption":"UPJ\u0160 Ko\u0161ice"},"image":{"@id":"https:\/\/www.upjs.sk\/en\/#\/schema\/logo\/image\/"},"sameAs":["https:\/\/www.facebook.com\/UniverzitaPavlaJozefaSafarikaVkosiciach\/","https:\/\/x.com\/UPJS_kosice","https:\/\/www.instagram.com\/upjs_kosice","https:\/\/www.linkedin.com\/company\/pavol-jozef-afrik-university-in-koice\/"]}]}},"_links":{"self":[{"href":"https:\/\/www.upjs.sk\/en\/wp-json\/wp\/v2\/pages\/25159","targetHints":{"allow":["GET"]}}],"collection":[{"href":"https:\/\/www.upjs.sk\/en\/wp-json\/wp\/v2\/pages"}],"about":[{"href":"https:\/\/www.upjs.sk\/en\/wp-json\/wp\/v2\/types\/page"}],"author":[{"embeddable":true,"href":"https:\/\/www.upjs.sk\/en\/wp-json\/wp\/v2\/users\/1"}],"replies":[{"embeddable":true,"href":"https:\/\/www.upjs.sk\/en\/wp-json\/wp\/v2\/comments?post=25159"}],"version-history":[{"count":2,"href":"https:\/\/www.upjs.sk\/en\/wp-json\/wp\/v2\/pages\/25159\/revisions"}],"predecessor-version":[{"id":41642,"href":"https:\/\/www.upjs.sk\/en\/wp-json\/wp\/v2\/pages\/25159\/revisions\/41642"}],"up":[{"embeddable":true,"href":"https:\/\/www.upjs.sk\/en\/wp-json\/wp\/v2\/pages\/25073"}],"wp:attachment":[{"href":"https:\/\/www.upjs.sk\/en\/wp-json\/wp\/v2\/media?parent=25159"}],"wp:term":[{"taxonomy":"category","embeddable":true,"href":"https:\/\/www.upjs.sk\/en\/wp-json\/wp\/v2\/categories?post=25159"},{"taxonomy":"post_tag","embeddable":true,"href":"https:\/\/www.upjs.sk\/en\/wp-json\/wp\/v2\/tags?post=25159"}],"curies":[{"name":"wp","href":"https:\/\/api.w.org\/{rel}","templated":true}]}}