{"id":25804,"date":"2017-12-12T08:13:21","date_gmt":"2017-12-12T08:13:21","guid":{"rendered":"https:\/\/www.upjs.sk\/international-cooperation-3\/"},"modified":"2022-11-09T23:32:17","modified_gmt":"2022-11-09T23:32:17","slug":"international-cooperation","status":"publish","type":"page","link":"https:\/\/www.upjs.sk\/en\/information\/science-and-research\/scientific-and-research-activities-phd-studies\/top-research-teams\/kosdim\/international-cooperation\/","title":{"rendered":"International cooperation"},"content":{"rendered":"<p>\u2022 Australia &#8211; The University of Newcastle, Newcastle (J. Ryan, Y. Lin, O. Phanalasy)<br \/> \u2022 Belgium &#8211; Ghent University, Ghent (C. Zamfirescu)<br \/> \u2022 China &#8211; Beijing University of Chemical Technology, Beijing (J. Tu)<br \/> \u2022 China &#8211; Zhejiang Normal University, Jinhua (W. F. Wang, D. J. Huang)<br \/> \u2022 Czech Republic &#8211; Charles University, Praha (J. Ne\u0161et\u0159il, J. Kratochv\u00edl, J. Fiala, P. Gregor)<br \/> \u2022 Czech Republic &#8211; University of West Bohemia, Plze\u0148 (Z. Ryj\u00e1\u010dek, R. Nedela, T. Kaiser, P.\u00a0Holub, M.\u00a0Mockov\u010diakov\u00e1, E. Rollov\u00e1)<br \/> \u2022 France &#8211; University of Bordeaux, Bordeaux (F. Kardo\u0161, E. Sopena)<br \/> \u2022 France &#8211; University of Montpellier, Montpellier (M. Montassier)<br \/> \u2022 Germany &#8211; Technische Universit\u00e4t Ilmenau, Ilmenau (J. Harant, E. Hexel, J.\u00a0M.\u00a0Schmidt, S.\u00a0Mohr)<br \/> \u2022 Germany &#8211; TU Bergakademie Freiberg, Freiberg (I. Schiermeyer, Ch. Brause)<br \/> \u2022 Germany &#8211; Technische Universit\u00e4t Chemnitz, Chemnitz (F. G\u00f6ring)<br \/> \u2022 Germany &#8211; University of Applied Sciences Dresden, Dresden (M. Voigt)<br \/> \u2022 Germany &#8211; Technische Universit\u00e4t Braunschweig, Braunschweig (A.\u00a0Kemnitz, M.\u00a0Marangio)<br \/> \u2022 Hungary &#8211; Hungarian Academy of Sciences, Budapest (Zs. Tuza, E. Gy\u0151ri)<br \/> \u2022 India &#8211; AYYA Nadar Janaki Ammal College, Sivakasi (K. Kathiresam)<br \/> \u2022 India &#8211; Rajal Serfoji Goverment College, Thanjavur (K. Muthugurupackiam)<br \/> \u2022 Indonesia &#8211; Institut Teknologi Bandung, Bandung (E. T. Baskoro)<br \/> \u2022 Indonesia &#8211; University of Jember, Jember (Slamin)<br \/> \u2022 Italy &#8211; Politecnico di Milano, Milano (N. Zagaglia Salvi)<br \/> \u2022 Japan &#8211; Keio University, Yokohama (H. Enomoto)<br \/> \u2022 Japan &#8211; Niigata University, Niigata (Y. Suzuki)<br \/> \u2022 Mexico &#8211; Universidad Nacional Auton\u00f3ma de M\u00e9xico, Mexico City (R. Zuazua)<br \/> \u2022 Poland &#8211; Rzeszow University of Technology, Rzeszow (A. W\u0142och, I. W\u0142och)<br \/> \u2022 Poland &#8211; University of Zielona G\u00f3ra, Zielona G\u00f3ra (M.\u00a0Borowiecki, E.\u00a0Sidorowicz, E.\u00a0Drgas-Burchardt)<br \/> \u2022 Poland &#8211; AGH University of Science and Technology, Krakow (Z.\u00a0Skupie\u0144, M.\u00a0Wo\u017aniak, R. Kalinowski, M. Meszka, J. Przyby\u0142o, S. Cichacz, A. Marczyk)<br \/> \u2022 Poland &#8211; Gda\u0144sk University of Technology, Gda\u0144sk (M.\u00a0Lema\u0144ska, M.\u00a0Detlaff, P.\u00a0Borowiecki)<br \/> \u2022 Slovenia &#8211; University of Maribor, Maribor (B. Bre\u0161ar, M. Jakovac, T. Kos)<br \/> \u2022 Slovenia &#8211; University of Ljubljana, Ljubljana (R. \u0160krekovski, B. Lu\u017ear)<br \/> \u2022 Slovenia &#8211; Faculty of Information Studies in Novo mesto, Novo mesto (J.\u00a0Klisara, B.\u00a0Lu\u017ear)<br \/> \u2022 South Africa &#8211; University of Pretoria, Pretoria (I. Broere, M. Frick)<br \/> \u2022 South Africa &#8211; University of South Africa, Pretoria (S. van Aardt)<br \/> \u2022 Spain &#8211; Universitat Polyt\u00e8cnica de Catalunya, Barcelona (S. Gago)<br \/> \u2022 United Kingdom &#8211; Dundee University, Dundee (K. Edwards)<br \/> \u2022 United States &#8211; University of Montana, Missoula (C. Palmer)<br \/> \u2022 United States &#8211; Rochester Institute of Technology, Rochester (D. Narayan)<\/p>\n","protected":false},"excerpt":{"rendered":"<p>\u2022 Australia &#8211; The University of Newcastle, Newcastle (J. Ryan, Y. Lin, O. Phanalasy) \u2022 Belgium &#8211; Ghent University, Ghent (C. Zamfirescu) \u2022 China &#8211; Beijing University of Chemical Technology, Beijing (J. Tu) \u2022 China &#8211; Zhejiang Normal University, Jinhua (W. F. Wang, D. J. Huang) \u2022 Czech Republic &#8211; Charles University, Praha (J. Ne\u0161et\u0159il, &hellip; <a href=\"https:\/\/www.upjs.sk\/en\/information\/science-and-research\/scientific-and-research-activities-phd-studies\/top-research-teams\/kosdim\/international-cooperation\/\">Continued<\/a><\/p>\n","protected":false},"author":1,"featured_media":0,"parent":25635,"menu_order":3,"comment_status":"closed","ping_status":"closed","template":"","meta":{"_acf_changed":false,"_editorskit_title_hidden":false,"_editorskit_reading_time":0,"_editorskit_is_block_options_detached":false,"_editorskit_block_options_position":"{}","footnotes":""},"categories":[],"tags":[],"class_list":["post-25804","page","type-page","status-publish","hentry"],"acf":{"acf_link_na_externy_obsah":""},"yoast_head":"<!-- This site is optimized with the Yoast SEO plugin v27.4 - https:\/\/yoast.com\/product\/yoast-seo-wordpress\/ -->\n<title>International cooperation - UPJ\u0160 Ko\u0161ice<\/title>\n<meta name=\"robots\" content=\"index, follow, max-snippet:-1, max-image-preview:large, max-video-preview:-1\" \/>\n<link rel=\"canonical\" href=\"https:\/\/www.upjs.sk\/en\/information\/science-and-research\/scientific-and-research-activities-phd-studies\/top-research-teams\/kosdim\/international-cooperation\/\" \/>\n<meta property=\"og:locale\" content=\"en_US\" \/>\n<meta property=\"og:type\" content=\"article\" \/>\n<meta property=\"og:title\" content=\"International cooperation - UPJ\u0160 Ko\u0161ice\" \/>\n<meta property=\"og:description\" content=\"\u2022 Australia &#8211; The University of Newcastle, Newcastle (J. Ryan, Y. Lin, O. Phanalasy) \u2022 Belgium &#8211; Ghent University, Ghent (C. Zamfirescu) \u2022 China &#8211; Beijing University of Chemical Technology, Beijing (J. Tu) \u2022 China &#8211; Zhejiang Normal University, Jinhua (W. F. Wang, D. J. Huang) \u2022 Czech Republic &#8211; Charles University, Praha (J. Ne\u0161et\u0159il, &hellip; Continued\" \/>\n<meta property=\"og:url\" content=\"https:\/\/www.upjs.sk\/en\/information\/science-and-research\/scientific-and-research-activities-phd-studies\/top-research-teams\/kosdim\/international-cooperation\/\" \/>\n<meta property=\"og:site_name\" content=\"UPJ\u0160 Ko\u0161ice\" \/>\n<meta property=\"article:publisher\" content=\"https:\/\/www.facebook.com\/UniverzitaPavlaJozefaSafarikaVkosiciach\/\" \/>\n<meta property=\"article:modified_time\" content=\"2022-11-09T23:32:17+00:00\" \/>\n<meta name=\"twitter:card\" content=\"summary_large_image\" \/>\n<meta name=\"twitter:site\" content=\"@UPJS_kosice\" \/>\n<meta name=\"twitter:label1\" content=\"Est. reading time\" \/>\n\t<meta name=\"twitter:data1\" content=\"2 minutes\" \/>\n<script type=\"application\/ld+json\" class=\"yoast-schema-graph\">{\"@context\":\"https:\\\/\\\/schema.org\",\"@graph\":[{\"@type\":\"WebPage\",\"@id\":\"https:\\\/\\\/www.upjs.sk\\\/en\\\/information\\\/science-and-research\\\/scientific-and-research-activities-phd-studies\\\/top-research-teams\\\/kosdim\\\/international-cooperation\\\/\",\"url\":\"https:\\\/\\\/www.upjs.sk\\\/en\\\/information\\\/science-and-research\\\/scientific-and-research-activities-phd-studies\\\/top-research-teams\\\/kosdim\\\/international-cooperation\\\/\",\"name\":\"International cooperation - UPJ\u0160 Ko\u0161ice\",\"isPartOf\":{\"@id\":\"https:\\\/\\\/www.upjs.sk\\\/en\\\/#website\"},\"datePublished\":\"2017-12-12T08:13:21+00:00\",\"dateModified\":\"2022-11-09T23:32:17+00:00\",\"breadcrumb\":{\"@id\":\"https:\\\/\\\/www.upjs.sk\\\/en\\\/information\\\/science-and-research\\\/scientific-and-research-activities-phd-studies\\\/top-research-teams\\\/kosdim\\\/international-cooperation\\\/#breadcrumb\"},\"inLanguage\":\"en-US\",\"potentialAction\":[{\"@type\":\"ReadAction\",\"target\":[\"https:\\\/\\\/www.upjs.sk\\\/en\\\/information\\\/science-and-research\\\/scientific-and-research-activities-phd-studies\\\/top-research-teams\\\/kosdim\\\/international-cooperation\\\/\"]}]},{\"@type\":\"BreadcrumbList\",\"@id\":\"https:\\\/\\\/www.upjs.sk\\\/en\\\/information\\\/science-and-research\\\/scientific-and-research-activities-phd-studies\\\/top-research-teams\\\/kosdim\\\/international-cooperation\\\/#breadcrumb\",\"itemListElement\":[{\"@type\":\"ListItem\",\"position\":1,\"name\":\"Home\",\"item\":\"https:\\\/\\\/www.upjs.sk\\\/en\\\/\"},{\"@type\":\"ListItem\",\"position\":2,\"name\":\"Information\",\"item\":\"https:\\\/\\\/www.upjs.sk\\\/en\\\/information\\\/\"},{\"@type\":\"ListItem\",\"position\":3,\"name\":\"Science, Research and Development\",\"item\":\"https:\\\/\\\/www.upjs.sk\\\/en\\\/information\\\/science-and-research\\\/\"},{\"@type\":\"ListItem\",\"position\":4,\"name\":\"Scientific and Research Activities, PhD Studies\",\"item\":\"https:\\\/\\\/www.upjs.sk\\\/en\\\/information\\\/science-and-research\\\/scientific-and-research-activities-phd-studies\\\/\"},{\"@type\":\"ListItem\",\"position\":5,\"name\":\"Top Research Teams\",\"item\":\"https:\\\/\\\/www.upjs.sk\\\/en\\\/information\\\/science-and-research\\\/scientific-and-research-activities-phd-studies\\\/top-research-teams\\\/\"},{\"@type\":\"ListItem\",\"position\":6,\"name\":\"The Ko\u0161ice Group of Discrete Mathematics (KOSDIM)\",\"item\":\"https:\\\/\\\/www.upjs.sk\\\/en\\\/information\\\/science-and-research\\\/scientific-and-research-activities-phd-studies\\\/top-research-teams\\\/kosdim\\\/\"},{\"@type\":\"ListItem\",\"position\":7,\"name\":\"International cooperation\"}]},{\"@type\":\"WebSite\",\"@id\":\"https:\\\/\\\/www.upjs.sk\\\/en\\\/#website\",\"url\":\"https:\\\/\\\/www.upjs.sk\\\/en\\\/\",\"name\":\"UPJ\u0160 Ko\u0161ice\",\"description\":\"Wisdom of the Past, Knowledge of the Present, Education of the Future\",\"publisher\":{\"@id\":\"https:\\\/\\\/www.upjs.sk\\\/en\\\/#organization\"},\"potentialAction\":[{\"@type\":\"SearchAction\",\"target\":{\"@type\":\"EntryPoint\",\"urlTemplate\":\"https:\\\/\\\/www.upjs.sk\\\/en\\\/?s={search_term_string}\"},\"query-input\":{\"@type\":\"PropertyValueSpecification\",\"valueRequired\":true,\"valueName\":\"search_term_string\"}}],\"inLanguage\":\"en-US\"},{\"@type\":\"Organization\",\"@id\":\"https:\\\/\\\/www.upjs.sk\\\/en\\\/#organization\",\"name\":\"UPJ\u0160 Ko\u0161ice\",\"url\":\"https:\\\/\\\/www.upjs.sk\\\/en\\\/\",\"logo\":{\"@type\":\"ImageObject\",\"inLanguage\":\"en-US\",\"@id\":\"https:\\\/\\\/www.upjs.sk\\\/en\\\/#\\\/schema\\\/logo\\\/image\\\/\",\"url\":\"https:\\\/\\\/www.upjs.sk\\\/app\\\/uploads\\\/2023\\\/01\\\/UPJS_ENG_esymbol.svg\",\"contentUrl\":\"https:\\\/\\\/www.upjs.sk\\\/app\\\/uploads\\\/2023\\\/01\\\/UPJS_ENG_esymbol.svg\",\"width\":448,\"height\":139,\"caption\":\"UPJ\u0160 Ko\u0161ice\"},\"image\":{\"@id\":\"https:\\\/\\\/www.upjs.sk\\\/en\\\/#\\\/schema\\\/logo\\\/image\\\/\"},\"sameAs\":[\"https:\\\/\\\/www.facebook.com\\\/UniverzitaPavlaJozefaSafarikaVkosiciach\\\/\",\"https:\\\/\\\/x.com\\\/UPJS_kosice\",\"https:\\\/\\\/www.instagram.com\\\/upjs_kosice\",\"https:\\\/\\\/www.linkedin.com\\\/company\\\/pavol-jozef-afrik-university-in-koice\\\/\"]}]}<\/script>\n<!-- \/ Yoast SEO plugin. -->","yoast_head_json":{"title":"International cooperation - UPJ\u0160 Ko\u0161ice","robots":{"index":"index","follow":"follow","max-snippet":"max-snippet:-1","max-image-preview":"max-image-preview:large","max-video-preview":"max-video-preview:-1"},"canonical":"https:\/\/www.upjs.sk\/en\/information\/science-and-research\/scientific-and-research-activities-phd-studies\/top-research-teams\/kosdim\/international-cooperation\/","og_locale":"en_US","og_type":"article","og_title":"International cooperation - UPJ\u0160 Ko\u0161ice","og_description":"\u2022 Australia &#8211; The University of Newcastle, Newcastle (J. Ryan, Y. Lin, O. Phanalasy) \u2022 Belgium &#8211; Ghent University, Ghent (C. Zamfirescu) \u2022 China &#8211; Beijing University of Chemical Technology, Beijing (J. Tu) \u2022 China &#8211; Zhejiang Normal University, Jinhua (W. F. Wang, D. J. Huang) \u2022 Czech Republic &#8211; Charles University, Praha (J. Ne\u0161et\u0159il, &hellip; Continued","og_url":"https:\/\/www.upjs.sk\/en\/information\/science-and-research\/scientific-and-research-activities-phd-studies\/top-research-teams\/kosdim\/international-cooperation\/","og_site_name":"UPJ\u0160 Ko\u0161ice","article_publisher":"https:\/\/www.facebook.com\/UniverzitaPavlaJozefaSafarikaVkosiciach\/","article_modified_time":"2022-11-09T23:32:17+00:00","twitter_card":"summary_large_image","twitter_site":"@UPJS_kosice","twitter_misc":{"Est. reading time":"2 minutes"},"schema":{"@context":"https:\/\/schema.org","@graph":[{"@type":"WebPage","@id":"https:\/\/www.upjs.sk\/en\/information\/science-and-research\/scientific-and-research-activities-phd-studies\/top-research-teams\/kosdim\/international-cooperation\/","url":"https:\/\/www.upjs.sk\/en\/information\/science-and-research\/scientific-and-research-activities-phd-studies\/top-research-teams\/kosdim\/international-cooperation\/","name":"International cooperation - UPJ\u0160 Ko\u0161ice","isPartOf":{"@id":"https:\/\/www.upjs.sk\/en\/#website"},"datePublished":"2017-12-12T08:13:21+00:00","dateModified":"2022-11-09T23:32:17+00:00","breadcrumb":{"@id":"https:\/\/www.upjs.sk\/en\/information\/science-and-research\/scientific-and-research-activities-phd-studies\/top-research-teams\/kosdim\/international-cooperation\/#breadcrumb"},"inLanguage":"en-US","potentialAction":[{"@type":"ReadAction","target":["https:\/\/www.upjs.sk\/en\/information\/science-and-research\/scientific-and-research-activities-phd-studies\/top-research-teams\/kosdim\/international-cooperation\/"]}]},{"@type":"BreadcrumbList","@id":"https:\/\/www.upjs.sk\/en\/information\/science-and-research\/scientific-and-research-activities-phd-studies\/top-research-teams\/kosdim\/international-cooperation\/#breadcrumb","itemListElement":[{"@type":"ListItem","position":1,"name":"Home","item":"https:\/\/www.upjs.sk\/en\/"},{"@type":"ListItem","position":2,"name":"Information","item":"https:\/\/www.upjs.sk\/en\/information\/"},{"@type":"ListItem","position":3,"name":"Science, Research and Development","item":"https:\/\/www.upjs.sk\/en\/information\/science-and-research\/"},{"@type":"ListItem","position":4,"name":"Scientific and Research Activities, PhD Studies","item":"https:\/\/www.upjs.sk\/en\/information\/science-and-research\/scientific-and-research-activities-phd-studies\/"},{"@type":"ListItem","position":5,"name":"Top Research Teams","item":"https:\/\/www.upjs.sk\/en\/information\/science-and-research\/scientific-and-research-activities-phd-studies\/top-research-teams\/"},{"@type":"ListItem","position":6,"name":"The Ko\u0161ice Group of Discrete Mathematics (KOSDIM)","item":"https:\/\/www.upjs.sk\/en\/information\/science-and-research\/scientific-and-research-activities-phd-studies\/top-research-teams\/kosdim\/"},{"@type":"ListItem","position":7,"name":"International cooperation"}]},{"@type":"WebSite","@id":"https:\/\/www.upjs.sk\/en\/#website","url":"https:\/\/www.upjs.sk\/en\/","name":"UPJ\u0160 Ko\u0161ice","description":"Wisdom of the Past, Knowledge of the Present, Education of the Future","publisher":{"@id":"https:\/\/www.upjs.sk\/en\/#organization"},"potentialAction":[{"@type":"SearchAction","target":{"@type":"EntryPoint","urlTemplate":"https:\/\/www.upjs.sk\/en\/?s={search_term_string}"},"query-input":{"@type":"PropertyValueSpecification","valueRequired":true,"valueName":"search_term_string"}}],"inLanguage":"en-US"},{"@type":"Organization","@id":"https:\/\/www.upjs.sk\/en\/#organization","name":"UPJ\u0160 Ko\u0161ice","url":"https:\/\/www.upjs.sk\/en\/","logo":{"@type":"ImageObject","inLanguage":"en-US","@id":"https:\/\/www.upjs.sk\/en\/#\/schema\/logo\/image\/","url":"https:\/\/www.upjs.sk\/app\/uploads\/2023\/01\/UPJS_ENG_esymbol.svg","contentUrl":"https:\/\/www.upjs.sk\/app\/uploads\/2023\/01\/UPJS_ENG_esymbol.svg","width":448,"height":139,"caption":"UPJ\u0160 Ko\u0161ice"},"image":{"@id":"https:\/\/www.upjs.sk\/en\/#\/schema\/logo\/image\/"},"sameAs":["https:\/\/www.facebook.com\/UniverzitaPavlaJozefaSafarikaVkosiciach\/","https:\/\/x.com\/UPJS_kosice","https:\/\/www.instagram.com\/upjs_kosice","https:\/\/www.linkedin.com\/company\/pavol-jozef-afrik-university-in-koice\/"]}]}},"_links":{"self":[{"href":"https:\/\/www.upjs.sk\/en\/wp-json\/wp\/v2\/pages\/25804","targetHints":{"allow":["GET"]}}],"collection":[{"href":"https:\/\/www.upjs.sk\/en\/wp-json\/wp\/v2\/pages"}],"about":[{"href":"https:\/\/www.upjs.sk\/en\/wp-json\/wp\/v2\/types\/page"}],"author":[{"embeddable":true,"href":"https:\/\/www.upjs.sk\/en\/wp-json\/wp\/v2\/users\/1"}],"replies":[{"embeddable":true,"href":"https:\/\/www.upjs.sk\/en\/wp-json\/wp\/v2\/comments?post=25804"}],"version-history":[{"count":2,"href":"https:\/\/www.upjs.sk\/en\/wp-json\/wp\/v2\/pages\/25804\/revisions"}],"predecessor-version":[{"id":41663,"href":"https:\/\/www.upjs.sk\/en\/wp-json\/wp\/v2\/pages\/25804\/revisions\/41663"}],"up":[{"embeddable":true,"href":"https:\/\/www.upjs.sk\/en\/wp-json\/wp\/v2\/pages\/25635"}],"wp:attachment":[{"href":"https:\/\/www.upjs.sk\/en\/wp-json\/wp\/v2\/media?parent=25804"}],"wp:term":[{"taxonomy":"category","embeddable":true,"href":"https:\/\/www.upjs.sk\/en\/wp-json\/wp\/v2\/categories?post=25804"},{"taxonomy":"post_tag","embeddable":true,"href":"https:\/\/www.upjs.sk\/en\/wp-json\/wp\/v2\/tags?post=25804"}],"curies":[{"name":"wp","href":"https:\/\/api.w.org\/{rel}","templated":true}]}}