{"id":26143,"date":"2018-01-30T11:23:39","date_gmt":"2018-01-30T11:23:39","guid":{"rendered":"https:\/\/www.upjs.sk\/phd-study\/"},"modified":"2022-11-09T23:32:26","modified_gmt":"2022-11-09T23:32:26","slug":"phd-study","status":"publish","type":"page","link":"https:\/\/www.upjs.sk\/en\/information\/science-and-research\/scientific-and-research-activities-phd-studies\/top-research-teams\/triangel\/phd-study\/","title":{"rendered":"PhD study"},"content":{"rendered":"<p style=\"text-align: justify;\">The team has significantly contributed to the development of a modern scientific and pedagogical workplace at UPJ\u0160 with a focus on the third level of education and the study of advanced materials, especially in the field of nanoporous materials and the MOFs, magnetic nanoparticles and micro wires. Under PhD studies, PhD students training were\/are undergoing by co-toutelle de these with workplaces in Marseille (Frace), Oviedo (Spain), San Sebastian (Spain), and Paris-Sud (France). The co-toutelle doctoral students are supervised by V. Zele\u0148\u00e1k and R. Varga.<\/p>\n<p><strong><em><u>Defended PhD students:<\/u><\/em><\/strong><\/p>\n<ul>\n<li>RNDr. Miroslav Alm\u00e1\u0161i, PhD., 2012-2015, supervisor Assoc. Prof. RNDr. Vladim\u00edr Zele\u0148\u00e1k, PhD., the programme of Anorganic Chemistry<\/li>\n<li>RNDr. M\u00e1ria Sk\u0159\u00ednska, PhD. n\u00e9e Badani\u010dov\u00e1, 2008-2012, supervisor Assoc. Prof. RNDr. Vladim\u00edr Zele\u0148\u00e1k, PhD., the programme of Anorganic Chemistry<\/li>\n<li>RNDr. D\u00e1\u0161a Halamov\u00e1, PhD., 2006-2011, supervisor Assoc. Prof. RNDr. Vladim\u00edr Zele\u0148\u00e1k, PhD., the programme of Anorganic Chemistry<\/li>\n<li>RNDr. Romana Smolkov\u00e1, PhD., rod. Gogolov\u00e1, 2012-2017, supervisor Assoc. Prof. RNDr. Vladim\u00edr Zele\u0148\u00e1k, PhD., the programme of Anorganic Chemistry<\/li>\n<li>RNDr. Peter Klein, PhD., 2007-2012, supervisor Prof. RNDr. Rastislav Varga, DrSc., the programme of Physics of Condensed Matter and Acoustics<\/li>\n<li>RNDr. Kornel Richter, PhD. 2009-2013, supervisor Prof. RNDr. Rastislav Varga, DrSc. and\u00a0Prof. Andre Thiaville (co-tutelle with\u00a0Paris-Sud), the programme of Physics of Condensed Matter and Acoustics<\/li>\n<li>Mgr. Tom\u00e1\u0161 Ryba, PhD., 2010-2014, supervisor Prof. RNDr. Rastislav Varga, DrSc., the programme of Physics of Condensed Matter and Acoustics<\/li>\n<li>RNDr. Juraj Kostyk, PhD., 2008-2015, supervisor Prof. RNDr. Rastislav Varga, DrSc., the programme of Physics of Condensed Matter<\/li>\n<li>RNDr. Jakub Mi\u0148o, PhD., 2013-2017, supervisor Prof. RNDr. Rastislav Varga, DrSc. and\u00a0Prof. A. Zhukov (co-tutelle with\u00a0UPV San Sebastian), the programme of Progressive Materials<\/li>\n<li>RNDr. Pavol Hrubov\u010d\u00e1k, PhD., 2012-2015, supervisor Assoc. Prof. RNDr. Adri\u00e1na Zele\u0148\u00e1kov\u00e1, PhD., the programme of Physics of Condensed Matter<\/li>\n<\/ul>\n<p><strong><em><u>PhD students in the process of training:<\/u><\/em><\/strong><\/p>\n<ul>\n<li>Mgr. Eva Popjakov\u00e1, supervisor Assoc. Prof. RNDr. Vladim\u00edr Zele\u0148\u00e1k, PhD and\u00a0Dr. Virginie Hornebecq (Marseille)., the programme of Anorganic Chemistry<\/li>\n<li>Mgr. Luk\u00e1\u0161 \u017did, supervisor Assoc. Prof. RNDr. Vladim\u00edr Zele\u0148\u00e1k, PhD., the programme of Anorganic Chemistry<\/li>\n<li>Mgr. Jozef Magura, supervisor Assoc. Prof. RNDr. Vladim\u00edr Zele\u0148\u00e1k, PhD., the programme of Anorganic Chemistry<\/li>\n<li>RNDr. Ingrida Rost\u00e1\u0161ov\u00e1, supervisor Assoc. Prof. RNDr. Zuzana Vargov\u00e1, PhD., the programme of Anorganic Chemistry<\/li>\n<li>Mgr. Michaela Rendo\u0161ov\u00e1, supervisor Assoc. Prof. RNDr. Zuzana Vargov\u00e1, PhD., the programme of Anorganic Chemistry<\/li>\n<li>Mgr. Lucia Fro\u013eov\u00e1, supervisor Assoc. Prof. RNDr. Zuzana Vargov\u00e1, PhD., the programme of Progressive Materials<\/li>\n<li>Ing. Jaroslava Sz\u0171csov\u00e1, supervisor Assoc. Prof. RNDr. Adri\u00e1na Zele\u0148\u00e1kov\u00e1, PhD., the programme of Progressive Materials<\/li>\n<li>RNDr. Ondrej Kapusta, supervisor Assoc. Prof. RNDr. Adri\u00e1na Zele\u0148\u00e1kov\u00e1, PhD., the programme of Progressive Materials<\/li>\n<li>Mgr. Anna Berkutov\u00e1, supervisor Assoc. Prof. RNDr. Adri\u00e1na Zele\u0148\u00e1kov\u00e1, PhD., the programme of Physics of Condensed Matter<\/li>\n<li>RNDr. Ladislav Galdun, supervisor Prof. RNDr. Rastislav Varga, DrSc., and Prof. V. Prida (co-tutelle with\u00a0Univ. Oviedo), the programme of Progressive Materials<\/li>\n<li>Ing. Daniela Ko\u017eejov\u00e1, supervisor Prof. RNDr. Rastislav Varga, DrSc., PhD., the programme of Progressive Materials<br \/> \t\u00a0<\/li>\n<\/ul>\n","protected":false},"excerpt":{"rendered":"<p>The team has significantly contributed to the development of a modern scientific and pedagogical workplace at UPJ\u0160 with a focus on the third level of education and the study of advanced materials, especially in the field of nanoporous materials and the MOFs, magnetic nanoparticles and micro wires. Under PhD studies, PhD students training were\/are undergoing &hellip; <a href=\"https:\/\/www.upjs.sk\/en\/information\/science-and-research\/scientific-and-research-activities-phd-studies\/top-research-teams\/triangel\/phd-study\/\">Continued<\/a><\/p>\n","protected":false},"author":1,"featured_media":0,"parent":25830,"menu_order":4,"comment_status":"closed","ping_status":"closed","template":"","meta":{"_acf_changed":false,"_editorskit_title_hidden":false,"_editorskit_reading_time":0,"_editorskit_is_block_options_detached":false,"_editorskit_block_options_position":"{}","footnotes":""},"categories":[],"tags":[],"class_list":["post-26143","page","type-page","status-publish","hentry"],"acf":{"acf_link_na_externy_obsah":""},"yoast_head":"<!-- This site is optimized with the Yoast SEO plugin v27.5 - https:\/\/yoast.com\/product\/yoast-seo-wordpress\/ -->\n<title>PhD study - UPJ\u0160 Ko\u0161ice<\/title>\n<meta name=\"robots\" content=\"index, follow, max-snippet:-1, max-image-preview:large, max-video-preview:-1\" \/>\n<link rel=\"canonical\" href=\"https:\/\/www.upjs.sk\/en\/information\/science-and-research\/scientific-and-research-activities-phd-studies\/top-research-teams\/triangel\/phd-study\/\" \/>\n<meta property=\"og:locale\" content=\"en_US\" \/>\n<meta property=\"og:type\" content=\"article\" \/>\n<meta property=\"og:title\" content=\"PhD study - UPJ\u0160 Ko\u0161ice\" \/>\n<meta property=\"og:description\" content=\"The team has significantly contributed to the development of a modern scientific and pedagogical workplace at UPJ\u0160 with a focus on the third level of education and the study of advanced materials, especially in the field of nanoporous materials and the MOFs, magnetic nanoparticles and micro wires. Under PhD studies, PhD students training were\/are undergoing &hellip; Continued\" \/>\n<meta property=\"og:url\" content=\"https:\/\/www.upjs.sk\/en\/information\/science-and-research\/scientific-and-research-activities-phd-studies\/top-research-teams\/triangel\/phd-study\/\" \/>\n<meta property=\"og:site_name\" content=\"UPJ\u0160 Ko\u0161ice\" \/>\n<meta property=\"article:publisher\" content=\"https:\/\/www.facebook.com\/UniverzitaPavlaJozefaSafarikaVkosiciach\/\" \/>\n<meta property=\"article:modified_time\" content=\"2022-11-09T23:32:26+00:00\" \/>\n<meta name=\"twitter:card\" content=\"summary_large_image\" \/>\n<meta name=\"twitter:site\" content=\"@UPJS_kosice\" \/>\n<meta name=\"twitter:label1\" content=\"Est. reading time\" \/>\n\t<meta name=\"twitter:data1\" content=\"3 minutes\" \/>\n<script type=\"application\/ld+json\" class=\"yoast-schema-graph\">{\"@context\":\"https:\\\/\\\/schema.org\",\"@graph\":[{\"@type\":\"WebPage\",\"@id\":\"https:\\\/\\\/www.upjs.sk\\\/en\\\/information\\\/science-and-research\\\/scientific-and-research-activities-phd-studies\\\/top-research-teams\\\/triangel\\\/phd-study\\\/\",\"url\":\"https:\\\/\\\/www.upjs.sk\\\/en\\\/information\\\/science-and-research\\\/scientific-and-research-activities-phd-studies\\\/top-research-teams\\\/triangel\\\/phd-study\\\/\",\"name\":\"PhD study - UPJ\u0160 Ko\u0161ice\",\"isPartOf\":{\"@id\":\"https:\\\/\\\/www.upjs.sk\\\/en\\\/#website\"},\"datePublished\":\"2018-01-30T11:23:39+00:00\",\"dateModified\":\"2022-11-09T23:32:26+00:00\",\"breadcrumb\":{\"@id\":\"https:\\\/\\\/www.upjs.sk\\\/en\\\/information\\\/science-and-research\\\/scientific-and-research-activities-phd-studies\\\/top-research-teams\\\/triangel\\\/phd-study\\\/#breadcrumb\"},\"inLanguage\":\"en-US\",\"potentialAction\":[{\"@type\":\"ReadAction\",\"target\":[\"https:\\\/\\\/www.upjs.sk\\\/en\\\/information\\\/science-and-research\\\/scientific-and-research-activities-phd-studies\\\/top-research-teams\\\/triangel\\\/phd-study\\\/\"]}]},{\"@type\":\"BreadcrumbList\",\"@id\":\"https:\\\/\\\/www.upjs.sk\\\/en\\\/information\\\/science-and-research\\\/scientific-and-research-activities-phd-studies\\\/top-research-teams\\\/triangel\\\/phd-study\\\/#breadcrumb\",\"itemListElement\":[{\"@type\":\"ListItem\",\"position\":1,\"name\":\"Home\",\"item\":\"https:\\\/\\\/www.upjs.sk\\\/en\\\/\"},{\"@type\":\"ListItem\",\"position\":2,\"name\":\"Information\",\"item\":\"https:\\\/\\\/www.upjs.sk\\\/en\\\/information\\\/\"},{\"@type\":\"ListItem\",\"position\":3,\"name\":\"Science, Research and Development\",\"item\":\"https:\\\/\\\/www.upjs.sk\\\/en\\\/information\\\/science-and-research\\\/\"},{\"@type\":\"ListItem\",\"position\":4,\"name\":\"Scientific and Research Activities, PhD Studies\",\"item\":\"https:\\\/\\\/www.upjs.sk\\\/en\\\/information\\\/science-and-research\\\/scientific-and-research-activities-phd-studies\\\/\"},{\"@type\":\"ListItem\",\"position\":5,\"name\":\"Top Research Teams\",\"item\":\"https:\\\/\\\/www.upjs.sk\\\/en\\\/information\\\/science-and-research\\\/scientific-and-research-activities-phd-studies\\\/top-research-teams\\\/\"},{\"@type\":\"ListItem\",\"position\":6,\"name\":\"Team for Top Research into Anorganic Materials &#8211; TRIANGEL\",\"item\":\"https:\\\/\\\/www.upjs.sk\\\/en\\\/information\\\/science-and-research\\\/scientific-and-research-activities-phd-studies\\\/top-research-teams\\\/triangel\\\/\"},{\"@type\":\"ListItem\",\"position\":7,\"name\":\"PhD study\"}]},{\"@type\":\"WebSite\",\"@id\":\"https:\\\/\\\/www.upjs.sk\\\/en\\\/#website\",\"url\":\"https:\\\/\\\/www.upjs.sk\\\/en\\\/\",\"name\":\"UPJ\u0160 Ko\u0161ice\",\"description\":\"Wisdom of the Past, Knowledge of the Present, Education of the Future\",\"publisher\":{\"@id\":\"https:\\\/\\\/www.upjs.sk\\\/en\\\/#organization\"},\"potentialAction\":[{\"@type\":\"SearchAction\",\"target\":{\"@type\":\"EntryPoint\",\"urlTemplate\":\"https:\\\/\\\/www.upjs.sk\\\/en\\\/?s={search_term_string}\"},\"query-input\":{\"@type\":\"PropertyValueSpecification\",\"valueRequired\":true,\"valueName\":\"search_term_string\"}}],\"inLanguage\":\"en-US\"},{\"@type\":\"Organization\",\"@id\":\"https:\\\/\\\/www.upjs.sk\\\/en\\\/#organization\",\"name\":\"UPJ\u0160 Ko\u0161ice\",\"url\":\"https:\\\/\\\/www.upjs.sk\\\/en\\\/\",\"logo\":{\"@type\":\"ImageObject\",\"inLanguage\":\"en-US\",\"@id\":\"https:\\\/\\\/www.upjs.sk\\\/en\\\/#\\\/schema\\\/logo\\\/image\\\/\",\"url\":\"https:\\\/\\\/www.upjs.sk\\\/app\\\/uploads\\\/2023\\\/01\\\/UPJS_ENG_esymbol.svg\",\"contentUrl\":\"https:\\\/\\\/www.upjs.sk\\\/app\\\/uploads\\\/2023\\\/01\\\/UPJS_ENG_esymbol.svg\",\"width\":448,\"height\":139,\"caption\":\"UPJ\u0160 Ko\u0161ice\"},\"image\":{\"@id\":\"https:\\\/\\\/www.upjs.sk\\\/en\\\/#\\\/schema\\\/logo\\\/image\\\/\"},\"sameAs\":[\"https:\\\/\\\/www.facebook.com\\\/UniverzitaPavlaJozefaSafarikaVkosiciach\\\/\",\"https:\\\/\\\/x.com\\\/UPJS_kosice\",\"https:\\\/\\\/www.instagram.com\\\/upjs_kosice\",\"https:\\\/\\\/www.linkedin.com\\\/company\\\/pavol-jozef-afrik-university-in-koice\\\/\"]}]}<\/script>\n<!-- \/ Yoast SEO plugin. -->","yoast_head_json":{"title":"PhD study - UPJ\u0160 Ko\u0161ice","robots":{"index":"index","follow":"follow","max-snippet":"max-snippet:-1","max-image-preview":"max-image-preview:large","max-video-preview":"max-video-preview:-1"},"canonical":"https:\/\/www.upjs.sk\/en\/information\/science-and-research\/scientific-and-research-activities-phd-studies\/top-research-teams\/triangel\/phd-study\/","og_locale":"en_US","og_type":"article","og_title":"PhD study - UPJ\u0160 Ko\u0161ice","og_description":"The team has significantly contributed to the development of a modern scientific and pedagogical workplace at UPJ\u0160 with a focus on the third level of education and the study of advanced materials, especially in the field of nanoporous materials and the MOFs, magnetic nanoparticles and micro wires. Under PhD studies, PhD students training were\/are undergoing &hellip; Continued","og_url":"https:\/\/www.upjs.sk\/en\/information\/science-and-research\/scientific-and-research-activities-phd-studies\/top-research-teams\/triangel\/phd-study\/","og_site_name":"UPJ\u0160 Ko\u0161ice","article_publisher":"https:\/\/www.facebook.com\/UniverzitaPavlaJozefaSafarikaVkosiciach\/","article_modified_time":"2022-11-09T23:32:26+00:00","twitter_card":"summary_large_image","twitter_site":"@UPJS_kosice","twitter_misc":{"Est. reading time":"3 minutes"},"schema":{"@context":"https:\/\/schema.org","@graph":[{"@type":"WebPage","@id":"https:\/\/www.upjs.sk\/en\/information\/science-and-research\/scientific-and-research-activities-phd-studies\/top-research-teams\/triangel\/phd-study\/","url":"https:\/\/www.upjs.sk\/en\/information\/science-and-research\/scientific-and-research-activities-phd-studies\/top-research-teams\/triangel\/phd-study\/","name":"PhD study - UPJ\u0160 Ko\u0161ice","isPartOf":{"@id":"https:\/\/www.upjs.sk\/en\/#website"},"datePublished":"2018-01-30T11:23:39+00:00","dateModified":"2022-11-09T23:32:26+00:00","breadcrumb":{"@id":"https:\/\/www.upjs.sk\/en\/information\/science-and-research\/scientific-and-research-activities-phd-studies\/top-research-teams\/triangel\/phd-study\/#breadcrumb"},"inLanguage":"en-US","potentialAction":[{"@type":"ReadAction","target":["https:\/\/www.upjs.sk\/en\/information\/science-and-research\/scientific-and-research-activities-phd-studies\/top-research-teams\/triangel\/phd-study\/"]}]},{"@type":"BreadcrumbList","@id":"https:\/\/www.upjs.sk\/en\/information\/science-and-research\/scientific-and-research-activities-phd-studies\/top-research-teams\/triangel\/phd-study\/#breadcrumb","itemListElement":[{"@type":"ListItem","position":1,"name":"Home","item":"https:\/\/www.upjs.sk\/en\/"},{"@type":"ListItem","position":2,"name":"Information","item":"https:\/\/www.upjs.sk\/en\/information\/"},{"@type":"ListItem","position":3,"name":"Science, Research and Development","item":"https:\/\/www.upjs.sk\/en\/information\/science-and-research\/"},{"@type":"ListItem","position":4,"name":"Scientific and Research Activities, PhD Studies","item":"https:\/\/www.upjs.sk\/en\/information\/science-and-research\/scientific-and-research-activities-phd-studies\/"},{"@type":"ListItem","position":5,"name":"Top Research Teams","item":"https:\/\/www.upjs.sk\/en\/information\/science-and-research\/scientific-and-research-activities-phd-studies\/top-research-teams\/"},{"@type":"ListItem","position":6,"name":"Team for Top Research into Anorganic Materials &#8211; TRIANGEL","item":"https:\/\/www.upjs.sk\/en\/information\/science-and-research\/scientific-and-research-activities-phd-studies\/top-research-teams\/triangel\/"},{"@type":"ListItem","position":7,"name":"PhD study"}]},{"@type":"WebSite","@id":"https:\/\/www.upjs.sk\/en\/#website","url":"https:\/\/www.upjs.sk\/en\/","name":"UPJ\u0160 Ko\u0161ice","description":"Wisdom of the Past, Knowledge of the Present, Education of the Future","publisher":{"@id":"https:\/\/www.upjs.sk\/en\/#organization"},"potentialAction":[{"@type":"SearchAction","target":{"@type":"EntryPoint","urlTemplate":"https:\/\/www.upjs.sk\/en\/?s={search_term_string}"},"query-input":{"@type":"PropertyValueSpecification","valueRequired":true,"valueName":"search_term_string"}}],"inLanguage":"en-US"},{"@type":"Organization","@id":"https:\/\/www.upjs.sk\/en\/#organization","name":"UPJ\u0160 Ko\u0161ice","url":"https:\/\/www.upjs.sk\/en\/","logo":{"@type":"ImageObject","inLanguage":"en-US","@id":"https:\/\/www.upjs.sk\/en\/#\/schema\/logo\/image\/","url":"https:\/\/www.upjs.sk\/app\/uploads\/2023\/01\/UPJS_ENG_esymbol.svg","contentUrl":"https:\/\/www.upjs.sk\/app\/uploads\/2023\/01\/UPJS_ENG_esymbol.svg","width":448,"height":139,"caption":"UPJ\u0160 Ko\u0161ice"},"image":{"@id":"https:\/\/www.upjs.sk\/en\/#\/schema\/logo\/image\/"},"sameAs":["https:\/\/www.facebook.com\/UniverzitaPavlaJozefaSafarikaVkosiciach\/","https:\/\/x.com\/UPJS_kosice","https:\/\/www.instagram.com\/upjs_kosice","https:\/\/www.linkedin.com\/company\/pavol-jozef-afrik-university-in-koice\/"]}]}},"_links":{"self":[{"href":"https:\/\/www.upjs.sk\/en\/wp-json\/wp\/v2\/pages\/26143","targetHints":{"allow":["GET"]}}],"collection":[{"href":"https:\/\/www.upjs.sk\/en\/wp-json\/wp\/v2\/pages"}],"about":[{"href":"https:\/\/www.upjs.sk\/en\/wp-json\/wp\/v2\/types\/page"}],"author":[{"embeddable":true,"href":"https:\/\/www.upjs.sk\/en\/wp-json\/wp\/v2\/users\/1"}],"replies":[{"embeddable":true,"href":"https:\/\/www.upjs.sk\/en\/wp-json\/wp\/v2\/comments?post=26143"}],"version-history":[{"count":2,"href":"https:\/\/www.upjs.sk\/en\/wp-json\/wp\/v2\/pages\/26143\/revisions"}],"predecessor-version":[{"id":41670,"href":"https:\/\/www.upjs.sk\/en\/wp-json\/wp\/v2\/pages\/26143\/revisions\/41670"}],"up":[{"embeddable":true,"href":"https:\/\/www.upjs.sk\/en\/wp-json\/wp\/v2\/pages\/25830"}],"wp:attachment":[{"href":"https:\/\/www.upjs.sk\/en\/wp-json\/wp\/v2\/media?parent=26143"}],"wp:term":[{"taxonomy":"category","embeddable":true,"href":"https:\/\/www.upjs.sk\/en\/wp-json\/wp\/v2\/categories?post=26143"},{"taxonomy":"post_tag","embeddable":true,"href":"https:\/\/www.upjs.sk\/en\/wp-json\/wp\/v2\/tags?post=26143"}],"curies":[{"name":"wp","href":"https:\/\/api.w.org\/{rel}","templated":true}]}}