{"id":26150,"date":"2018-01-30T11:27:33","date_gmt":"2018-01-30T11:27:33","guid":{"rendered":"https:\/\/www.upjs.sk\/lecturing-international-cooperation\/"},"modified":"2022-11-09T23:32:26","modified_gmt":"2022-11-09T23:32:26","slug":"lecturing-cooperation","status":"publish","type":"page","link":"https:\/\/www.upjs.sk\/en\/information\/science-and-research\/scientific-and-research-activities-phd-studies\/top-research-teams\/triangel\/lecturing-cooperation\/","title":{"rendered":"Lecturing, international cooperation"},"content":{"rendered":"<p><strong><em><u>Team members lectures given at significant international conferences:<\/u><\/em><\/strong><\/p>\n<ol>\n<li>V. Zele\u0148\u00e1k: Mesoporous silica based stimuli-responsive drug delivery systems, lecture, Advances in Functional Materials, UCLA, Los Angeles, 14 \u2013 17\/08\/2017, USA.<\/li>\n<li>V. Zele\u0148\u00e1k: Nanoporous materials for controlled drug delivery, EMN Nanoparticles, San Sebastian, 9.5.-13.5.2017, Spain<\/li>\n<li>V. Zele\u0148\u00e1k: Nanoporous\u00a0materials\u00a0in\u00a0the\u00a0light\u00a0of\u00a0emerging\u00a0applications, Plenary lecture, Solid State Chemistry Conference (SSC 2016), September 2016, Prague, Czech Republic.<\/li>\n<li>V, Zele\u0148\u00e1k, Periodic nanoporous silica as an intelligent drug delivery system, 18th International zeolite conference, June 19-26, 2016, Rio de Janeiro, Brasil.<\/li>\n<li>V. Zele\u0148\u00e1k, Nanoporus silica for biomedical applications: drug delivery using physical and chemical stimuli, Workshop on Layered Materials, 15-19 September 2015, Castle Hotel T\u0159e\u0161\u0165, Czech Republic, Organized by Heyrovsky Institute of Physical Chemistry, Czech Republic.<\/li>\n<li>V. Zele\u0148\u00e1k, Nanoporous materials for carbon dioxide adsorption, lecture, Zeolite workshop 2014, 11. \u2013 15. 9. 2014, T\u0159e\u0161\u0165, Czech Republic<\/li>\n<li>V. Zele\u0148\u00e1k, Nanoporous materials for carbon dioxide separation, invited lecture, ENM Fall Meeting, Energy Materials Nanotechnology, December 2013, Orlando, Forida, USA.<\/li>\n<li>V. Zele\u0148\u00e1k, The use of the synchrotron-related techniques in the characterization of nanoporous materials, Characterization of molecular Sieves. X-ray diffraction, Adsorption, Spectroscopy, Microscopy, Solid State NMR, Structure Solving, 10 &#8211; 12 March 2013, Prague, lecture, Czech Republic.<\/li>\n<li>V. Zele\u0148\u00e1k, Mesoporous Materials \u2013 Synthesis, Properties, Opportunities, Invited lecture, Molecular Sieves, J. Heyrovsky Institute of Physical Chemistry, Prague, April 2012.<\/li>\n<li>V. Zele\u0148\u00e1k, Layered coordination polymers based on pyrazine and 4,4\u00b4-azobis(pyridine), Challenges in layered materials: Synthesis, Characterization, Properties, 11 &#8211; 14 September 2013, Liblice, lecture.<\/li>\n<li>V. Zele\u0148\u00e1k, Carbon dioxide sorption on SBA-15 silica modified by metal ions, 7 &#8211; 8 November 2011, Prague, lecture.<\/li>\n<li>V. Zele\u0148\u00e1k, Periodic nanoporous silica and its composites as promising materials for magnetic, drug delivery or sorption applications, 1-2 November 2010, Prague, lecture.<\/li>\n<li>V. Zele\u0148\u00e1k, Novel Zinc and Copper Metal-Organic Frameworks Built from 4,4&#8242;-azobis(pyridine) and 1,4-BDC or 1,3,5-BTC with 4<sup>2<\/sup>, 4<sup>3<\/sup>.4<sup>3<\/sup> and 4<sup>4<\/sup> network topologies, 8 &#8211; 10 October 2008, Augsburg, lecture, Germany.<\/li>\n<li>V. Zele\u0148\u00e1k, Performace and properties of organomodified periodic nanoporous silica for greenhouse gas removal, ANM 2008, 22-25 June 2008, Aveiro, lecture, Portugal.<\/li>\n<li>V. Zele\u0148\u00e1k, Amine-modified hexagonal mesoporous silica: influence of amine concentration on the structure and porosity, Characterisation of\u00a0 Porous Solids (COPS-VIII) : 8<sup>th<\/sup> International Symposium, 10-13 June 2008, Edinburgh, lecture, the United Kingdom.<\/li>\n<li>V. Zele\u0148\u00e1k, SAXS study of amine modified nonoporous silica materials for carbon dioxide capture, ISMANAM 2007, 26-30 August, Korfu, 2007, lecture, Greece.<\/li>\n<li>V. Zele\u0148\u00e1k, Sorption of carbon dioxide over organomodified mesoporous silica studied by the methods of thermal analysis, MEDICTA 2007, Palermo, 25-29 September 2007, lecture, Italy.<\/li>\n<li>R. Varga, plenary lecture: \u201cTECHNICAL AND BIOMEDICAL APPLICATIONS OF GLASS-COATED MICROWIRES\u201c BICMM, August 2016, Irkutsk, RF.<\/li>\n<li>R. Varga, invited lecture: \u201cRapidly quenched Heusler alloys.\u201d DIWEMN, San Sebastian, Spain.<\/li>\n<li>R. Varga, invited lecture: \u201cAPPLICATION OF BISTABLE MICROWIRES AS MICROSENSORS\u201c, 7<sup>th<\/sup> international workshop on amorphous and nanocrystalline magnetic materials, Sept. 2015, Iasi, Romania.<\/li>\n<li>R. Varga, invited lecture: \u201cSTUDY OF THE SINGLE DOMAIN WALL STRUCTURE IN GLASS-COATED MICROWIRES\u201c Int. Workshop on Magn. Wires, June 2015, Ordizia, Spain.<\/li>\n<li>R. Varga, invited lecture: \u201cBISTABLE GLASS-COATED MICROWIRES FOR SENSING APPLICATIONS\u201c, Applied Mineralogy Advanced Materials, May 2015, Italy.<\/li>\n<li>R. Varga, invited lecture: &#8220;Nanocrystalline glass-coated microwires &#8211; magnetization process and applications.&#8221; EMN, November 2014, Orlando, USA.<\/li>\n<li>R. Varga, invited lecture: \u201cSINGLE DOMAIN WALL AND ITS DYNAMICS IN BISTABLE MICROWIRES&#8221;, BICMM, August 2014, Irkutsk, RF.<\/li>\n<li>R. Varga, invited lecture: &#8220;MAGNETOCALORIC EFFECT IN HEUSLER-BASED GLASS-COATED MICROWIRES&#8221; XXII IMRC, august 2013, Cancun, Mexico.<\/li>\n<li>R. Varga, invited lecture: &#8220;Domain wall dynamics in Thin Magnetic Wires&#8221; III. Int. Conf. Superconductivity and Magnetism, April-May 2012, Istanbul, Turkey.<\/li>\n<li>R. Varga, invited lecture: &#8220;Temperature, stress and frequency dependence of the switching field in bistable magnetic microwires.&#8221; 20. Soft Magnetic Materials, Sept. 2011, Kos, Greece.<\/li>\n<li>R. Varga, invited lecture: &#8220;Fast domain wall dynamics in amorphous and nanocrystalline magnetic microwires&#8221;, Moscow International Symposium on Magnetism 2011, Aug. 2011, Moscow, RF.<\/li>\n<li>R. Varga, invited lecture: &#8220;Fast domain wall propagation in soft magnetic wires&#8221; Joint European Magnetic Symposia 2010, Sept.2010, Krakow, Poland.<\/li>\n<li>R. Varga, invited lecture &#8220;Anomalous effects in the domain wall dynamics in magnetic microwires&#8221; Int. Workshop on Magn. Wires, July 2010, Bodrum, Turkey.<\/li>\n<li>R. Varga, invited lecture: &#8220;The domain wall propagation in thin magnetic wires under the applied perpendicular field&#8221; Joint European Magnetic Symposia 2008, Sept.2008, Dublin, Ireland.<\/li>\n<li>R. Varga, invited lecture: &#8220;Supersonic domain wall in thin ferromagnetic wires&#8221; Moscow International Symposium on Magnetism 2008, June 2008, Moskva, RF.<\/li>\n<li>R. Varga, invited lecture: &#8220;Domain wall propagation in thin magnetic wires.&#8221; INTERMAG, May 2008, Madrid, Spain.<\/li>\n<li>R. Varga, invited lecture: &#8220;SINGLE DOMAIN WALL DYNAMICS IN THIN MAGNETIC WIRES&#8221; Int. Workshop on Non-Cryst. Solids, April 2008, Porto, Portugal.<\/li>\n<li>R. Varga, invited lecture: &#8220;Magnetization processes in thin magnetic wires&#8221; Moscow International Symposium on Magnetism 2005, June 2005, Moscow, RF.<\/li>\n<li>A. Zele\u0148\u00e1kov\u00e1, Magnetic properties of FeAu nanoparticles, CSMAG2010, Ko\u0161ice 2010, lecture.<\/li>\n<li>A. Zele\u0148\u00e1kov\u00e1: Superspin Glass State in Magnetic Nanoparticles, invited lecture, 5<sup>th<\/sup> International Conference on Superconductivity and Magnetism ICSM), May 2016, Fetyie, Turkey.<\/li>\n<\/ol>\n<p> <strong><em><u>International cooperation:<\/u><\/em><\/strong><\/p>\n<ul>\n<li>Laboratoire Madirel, Aix-Marseille University and CNRS, Marseille, France<\/li>\n<li>Heyrovsk\u00fd Institute of Physical Chemistry of the AS CR Prague, Czech Republic<\/li>\n<li>University of Sevilla, Spain<\/li>\n<li>Faculty of Science, Charles University, Prague, Czech Republic<\/li>\n<li>UPV San Sebastian, Spain<\/li>\n<li>Univ. Oviedo, Spain<\/li>\n<li>Univ. Paris-Sud, France<\/li>\n<li>ICMM CSIC Madrid, Spain<\/li>\n<li>FU AS CR, Prague, Czech Republic<br \/> \t\u00a0<\/li>\n<\/ul>\n","protected":false},"excerpt":{"rendered":"<p>Team members lectures given at significant international conferences: V. Zele\u0148\u00e1k: Mesoporous silica based stimuli-responsive drug delivery systems, lecture, Advances in Functional Materials, UCLA, Los Angeles, 14 \u2013 17\/08\/2017, USA. V. Zele\u0148\u00e1k: Nanoporous materials for controlled drug delivery, EMN Nanoparticles, San Sebastian, 9.5.-13.5.2017, Spain V. Zele\u0148\u00e1k: Nanoporous\u00a0materials\u00a0in\u00a0the\u00a0light\u00a0of\u00a0emerging\u00a0applications, Plenary lecture, Solid State Chemistry Conference (SSC 2016), September &hellip; <a href=\"https:\/\/www.upjs.sk\/en\/information\/science-and-research\/scientific-and-research-activities-phd-studies\/top-research-teams\/triangel\/lecturing-cooperation\/\">Continued<\/a><\/p>\n","protected":false},"author":1,"featured_media":0,"parent":25830,"menu_order":5,"comment_status":"closed","ping_status":"closed","template":"","meta":{"_acf_changed":false,"_editorskit_title_hidden":false,"_editorskit_reading_time":0,"_editorskit_is_block_options_detached":false,"_editorskit_block_options_position":"{}","footnotes":""},"categories":[],"tags":[],"class_list":["post-26150","page","type-page","status-publish","hentry"],"acf":{"acf_link_na_externy_obsah":""},"yoast_head":"<!-- This site is optimized with the Yoast SEO plugin v27.4 - https:\/\/yoast.com\/product\/yoast-seo-wordpress\/ -->\n<title>Lecturing, international cooperation - UPJ\u0160 Ko\u0161ice<\/title>\n<meta name=\"robots\" content=\"index, follow, max-snippet:-1, max-image-preview:large, max-video-preview:-1\" \/>\n<link rel=\"canonical\" href=\"https:\/\/www.upjs.sk\/en\/information\/science-and-research\/scientific-and-research-activities-phd-studies\/top-research-teams\/triangel\/lecturing-cooperation\/\" \/>\n<meta property=\"og:locale\" content=\"en_US\" \/>\n<meta property=\"og:type\" content=\"article\" \/>\n<meta property=\"og:title\" content=\"Lecturing, international cooperation - UPJ\u0160 Ko\u0161ice\" \/>\n<meta property=\"og:description\" content=\"Team members lectures given at significant international conferences: V. Zele\u0148\u00e1k: Mesoporous silica based stimuli-responsive drug delivery systems, lecture, Advances in Functional Materials, UCLA, Los Angeles, 14 \u2013 17\/08\/2017, USA. V. Zele\u0148\u00e1k: Nanoporous materials for controlled drug delivery, EMN Nanoparticles, San Sebastian, 9.5.-13.5.2017, Spain V. Zele\u0148\u00e1k: Nanoporous\u00a0materials\u00a0in\u00a0the\u00a0light\u00a0of\u00a0emerging\u00a0applications, Plenary lecture, Solid State Chemistry Conference (SSC 2016), September &hellip; Continued\" \/>\n<meta property=\"og:url\" content=\"https:\/\/www.upjs.sk\/en\/information\/science-and-research\/scientific-and-research-activities-phd-studies\/top-research-teams\/triangel\/lecturing-cooperation\/\" \/>\n<meta property=\"og:site_name\" content=\"UPJ\u0160 Ko\u0161ice\" \/>\n<meta property=\"article:publisher\" content=\"https:\/\/www.facebook.com\/UniverzitaPavlaJozefaSafarikaVkosiciach\/\" \/>\n<meta property=\"article:modified_time\" content=\"2022-11-09T23:32:26+00:00\" \/>\n<meta name=\"twitter:card\" content=\"summary_large_image\" \/>\n<meta name=\"twitter:site\" content=\"@UPJS_kosice\" \/>\n<meta name=\"twitter:label1\" content=\"Est. reading time\" \/>\n\t<meta name=\"twitter:data1\" content=\"4 minutes\" \/>\n<script type=\"application\/ld+json\" class=\"yoast-schema-graph\">{\"@context\":\"https:\\\/\\\/schema.org\",\"@graph\":[{\"@type\":\"WebPage\",\"@id\":\"https:\\\/\\\/www.upjs.sk\\\/en\\\/information\\\/science-and-research\\\/scientific-and-research-activities-phd-studies\\\/top-research-teams\\\/triangel\\\/lecturing-cooperation\\\/\",\"url\":\"https:\\\/\\\/www.upjs.sk\\\/en\\\/information\\\/science-and-research\\\/scientific-and-research-activities-phd-studies\\\/top-research-teams\\\/triangel\\\/lecturing-cooperation\\\/\",\"name\":\"Lecturing, international cooperation - UPJ\u0160 Ko\u0161ice\",\"isPartOf\":{\"@id\":\"https:\\\/\\\/www.upjs.sk\\\/en\\\/#website\"},\"datePublished\":\"2018-01-30T11:27:33+00:00\",\"dateModified\":\"2022-11-09T23:32:26+00:00\",\"breadcrumb\":{\"@id\":\"https:\\\/\\\/www.upjs.sk\\\/en\\\/information\\\/science-and-research\\\/scientific-and-research-activities-phd-studies\\\/top-research-teams\\\/triangel\\\/lecturing-cooperation\\\/#breadcrumb\"},\"inLanguage\":\"en-US\",\"potentialAction\":[{\"@type\":\"ReadAction\",\"target\":[\"https:\\\/\\\/www.upjs.sk\\\/en\\\/information\\\/science-and-research\\\/scientific-and-research-activities-phd-studies\\\/top-research-teams\\\/triangel\\\/lecturing-cooperation\\\/\"]}]},{\"@type\":\"BreadcrumbList\",\"@id\":\"https:\\\/\\\/www.upjs.sk\\\/en\\\/information\\\/science-and-research\\\/scientific-and-research-activities-phd-studies\\\/top-research-teams\\\/triangel\\\/lecturing-cooperation\\\/#breadcrumb\",\"itemListElement\":[{\"@type\":\"ListItem\",\"position\":1,\"name\":\"Home\",\"item\":\"https:\\\/\\\/www.upjs.sk\\\/en\\\/\"},{\"@type\":\"ListItem\",\"position\":2,\"name\":\"Information\",\"item\":\"https:\\\/\\\/www.upjs.sk\\\/en\\\/information\\\/\"},{\"@type\":\"ListItem\",\"position\":3,\"name\":\"Science, Research and Development\",\"item\":\"https:\\\/\\\/www.upjs.sk\\\/en\\\/information\\\/science-and-research\\\/\"},{\"@type\":\"ListItem\",\"position\":4,\"name\":\"Scientific and Research Activities, PhD Studies\",\"item\":\"https:\\\/\\\/www.upjs.sk\\\/en\\\/information\\\/science-and-research\\\/scientific-and-research-activities-phd-studies\\\/\"},{\"@type\":\"ListItem\",\"position\":5,\"name\":\"Top Research Teams\",\"item\":\"https:\\\/\\\/www.upjs.sk\\\/en\\\/information\\\/science-and-research\\\/scientific-and-research-activities-phd-studies\\\/top-research-teams\\\/\"},{\"@type\":\"ListItem\",\"position\":6,\"name\":\"Team for Top Research into Anorganic Materials &#8211; TRIANGEL\",\"item\":\"https:\\\/\\\/www.upjs.sk\\\/en\\\/information\\\/science-and-research\\\/scientific-and-research-activities-phd-studies\\\/top-research-teams\\\/triangel\\\/\"},{\"@type\":\"ListItem\",\"position\":7,\"name\":\"Lecturing, international cooperation\"}]},{\"@type\":\"WebSite\",\"@id\":\"https:\\\/\\\/www.upjs.sk\\\/en\\\/#website\",\"url\":\"https:\\\/\\\/www.upjs.sk\\\/en\\\/\",\"name\":\"UPJ\u0160 Ko\u0161ice\",\"description\":\"Wisdom of the Past, Knowledge of the Present, Education of the Future\",\"publisher\":{\"@id\":\"https:\\\/\\\/www.upjs.sk\\\/en\\\/#organization\"},\"potentialAction\":[{\"@type\":\"SearchAction\",\"target\":{\"@type\":\"EntryPoint\",\"urlTemplate\":\"https:\\\/\\\/www.upjs.sk\\\/en\\\/?s={search_term_string}\"},\"query-input\":{\"@type\":\"PropertyValueSpecification\",\"valueRequired\":true,\"valueName\":\"search_term_string\"}}],\"inLanguage\":\"en-US\"},{\"@type\":\"Organization\",\"@id\":\"https:\\\/\\\/www.upjs.sk\\\/en\\\/#organization\",\"name\":\"UPJ\u0160 Ko\u0161ice\",\"url\":\"https:\\\/\\\/www.upjs.sk\\\/en\\\/\",\"logo\":{\"@type\":\"ImageObject\",\"inLanguage\":\"en-US\",\"@id\":\"https:\\\/\\\/www.upjs.sk\\\/en\\\/#\\\/schema\\\/logo\\\/image\\\/\",\"url\":\"https:\\\/\\\/www.upjs.sk\\\/app\\\/uploads\\\/2023\\\/01\\\/UPJS_ENG_esymbol.svg\",\"contentUrl\":\"https:\\\/\\\/www.upjs.sk\\\/app\\\/uploads\\\/2023\\\/01\\\/UPJS_ENG_esymbol.svg\",\"width\":448,\"height\":139,\"caption\":\"UPJ\u0160 Ko\u0161ice\"},\"image\":{\"@id\":\"https:\\\/\\\/www.upjs.sk\\\/en\\\/#\\\/schema\\\/logo\\\/image\\\/\"},\"sameAs\":[\"https:\\\/\\\/www.facebook.com\\\/UniverzitaPavlaJozefaSafarikaVkosiciach\\\/\",\"https:\\\/\\\/x.com\\\/UPJS_kosice\",\"https:\\\/\\\/www.instagram.com\\\/upjs_kosice\",\"https:\\\/\\\/www.linkedin.com\\\/company\\\/pavol-jozef-afrik-university-in-koice\\\/\"]}]}<\/script>\n<!-- \/ Yoast SEO plugin. -->","yoast_head_json":{"title":"Lecturing, international cooperation - UPJ\u0160 Ko\u0161ice","robots":{"index":"index","follow":"follow","max-snippet":"max-snippet:-1","max-image-preview":"max-image-preview:large","max-video-preview":"max-video-preview:-1"},"canonical":"https:\/\/www.upjs.sk\/en\/information\/science-and-research\/scientific-and-research-activities-phd-studies\/top-research-teams\/triangel\/lecturing-cooperation\/","og_locale":"en_US","og_type":"article","og_title":"Lecturing, international cooperation - UPJ\u0160 Ko\u0161ice","og_description":"Team members lectures given at significant international conferences: V. Zele\u0148\u00e1k: Mesoporous silica based stimuli-responsive drug delivery systems, lecture, Advances in Functional Materials, UCLA, Los Angeles, 14 \u2013 17\/08\/2017, USA. V. Zele\u0148\u00e1k: Nanoporous materials for controlled drug delivery, EMN Nanoparticles, San Sebastian, 9.5.-13.5.2017, Spain V. Zele\u0148\u00e1k: Nanoporous\u00a0materials\u00a0in\u00a0the\u00a0light\u00a0of\u00a0emerging\u00a0applications, Plenary lecture, Solid State Chemistry Conference (SSC 2016), September &hellip; Continued","og_url":"https:\/\/www.upjs.sk\/en\/information\/science-and-research\/scientific-and-research-activities-phd-studies\/top-research-teams\/triangel\/lecturing-cooperation\/","og_site_name":"UPJ\u0160 Ko\u0161ice","article_publisher":"https:\/\/www.facebook.com\/UniverzitaPavlaJozefaSafarikaVkosiciach\/","article_modified_time":"2022-11-09T23:32:26+00:00","twitter_card":"summary_large_image","twitter_site":"@UPJS_kosice","twitter_misc":{"Est. reading time":"4 minutes"},"schema":{"@context":"https:\/\/schema.org","@graph":[{"@type":"WebPage","@id":"https:\/\/www.upjs.sk\/en\/information\/science-and-research\/scientific-and-research-activities-phd-studies\/top-research-teams\/triangel\/lecturing-cooperation\/","url":"https:\/\/www.upjs.sk\/en\/information\/science-and-research\/scientific-and-research-activities-phd-studies\/top-research-teams\/triangel\/lecturing-cooperation\/","name":"Lecturing, international cooperation - UPJ\u0160 Ko\u0161ice","isPartOf":{"@id":"https:\/\/www.upjs.sk\/en\/#website"},"datePublished":"2018-01-30T11:27:33+00:00","dateModified":"2022-11-09T23:32:26+00:00","breadcrumb":{"@id":"https:\/\/www.upjs.sk\/en\/information\/science-and-research\/scientific-and-research-activities-phd-studies\/top-research-teams\/triangel\/lecturing-cooperation\/#breadcrumb"},"inLanguage":"en-US","potentialAction":[{"@type":"ReadAction","target":["https:\/\/www.upjs.sk\/en\/information\/science-and-research\/scientific-and-research-activities-phd-studies\/top-research-teams\/triangel\/lecturing-cooperation\/"]}]},{"@type":"BreadcrumbList","@id":"https:\/\/www.upjs.sk\/en\/information\/science-and-research\/scientific-and-research-activities-phd-studies\/top-research-teams\/triangel\/lecturing-cooperation\/#breadcrumb","itemListElement":[{"@type":"ListItem","position":1,"name":"Home","item":"https:\/\/www.upjs.sk\/en\/"},{"@type":"ListItem","position":2,"name":"Information","item":"https:\/\/www.upjs.sk\/en\/information\/"},{"@type":"ListItem","position":3,"name":"Science, Research and Development","item":"https:\/\/www.upjs.sk\/en\/information\/science-and-research\/"},{"@type":"ListItem","position":4,"name":"Scientific and Research Activities, PhD Studies","item":"https:\/\/www.upjs.sk\/en\/information\/science-and-research\/scientific-and-research-activities-phd-studies\/"},{"@type":"ListItem","position":5,"name":"Top Research Teams","item":"https:\/\/www.upjs.sk\/en\/information\/science-and-research\/scientific-and-research-activities-phd-studies\/top-research-teams\/"},{"@type":"ListItem","position":6,"name":"Team for Top Research into Anorganic Materials &#8211; TRIANGEL","item":"https:\/\/www.upjs.sk\/en\/information\/science-and-research\/scientific-and-research-activities-phd-studies\/top-research-teams\/triangel\/"},{"@type":"ListItem","position":7,"name":"Lecturing, international cooperation"}]},{"@type":"WebSite","@id":"https:\/\/www.upjs.sk\/en\/#website","url":"https:\/\/www.upjs.sk\/en\/","name":"UPJ\u0160 Ko\u0161ice","description":"Wisdom of the Past, Knowledge of the Present, Education of the Future","publisher":{"@id":"https:\/\/www.upjs.sk\/en\/#organization"},"potentialAction":[{"@type":"SearchAction","target":{"@type":"EntryPoint","urlTemplate":"https:\/\/www.upjs.sk\/en\/?s={search_term_string}"},"query-input":{"@type":"PropertyValueSpecification","valueRequired":true,"valueName":"search_term_string"}}],"inLanguage":"en-US"},{"@type":"Organization","@id":"https:\/\/www.upjs.sk\/en\/#organization","name":"UPJ\u0160 Ko\u0161ice","url":"https:\/\/www.upjs.sk\/en\/","logo":{"@type":"ImageObject","inLanguage":"en-US","@id":"https:\/\/www.upjs.sk\/en\/#\/schema\/logo\/image\/","url":"https:\/\/www.upjs.sk\/app\/uploads\/2023\/01\/UPJS_ENG_esymbol.svg","contentUrl":"https:\/\/www.upjs.sk\/app\/uploads\/2023\/01\/UPJS_ENG_esymbol.svg","width":448,"height":139,"caption":"UPJ\u0160 Ko\u0161ice"},"image":{"@id":"https:\/\/www.upjs.sk\/en\/#\/schema\/logo\/image\/"},"sameAs":["https:\/\/www.facebook.com\/UniverzitaPavlaJozefaSafarikaVkosiciach\/","https:\/\/x.com\/UPJS_kosice","https:\/\/www.instagram.com\/upjs_kosice","https:\/\/www.linkedin.com\/company\/pavol-jozef-afrik-university-in-koice\/"]}]}},"_links":{"self":[{"href":"https:\/\/www.upjs.sk\/en\/wp-json\/wp\/v2\/pages\/26150","targetHints":{"allow":["GET"]}}],"collection":[{"href":"https:\/\/www.upjs.sk\/en\/wp-json\/wp\/v2\/pages"}],"about":[{"href":"https:\/\/www.upjs.sk\/en\/wp-json\/wp\/v2\/types\/page"}],"author":[{"embeddable":true,"href":"https:\/\/www.upjs.sk\/en\/wp-json\/wp\/v2\/users\/1"}],"replies":[{"embeddable":true,"href":"https:\/\/www.upjs.sk\/en\/wp-json\/wp\/v2\/comments?post=26150"}],"version-history":[{"count":2,"href":"https:\/\/www.upjs.sk\/en\/wp-json\/wp\/v2\/pages\/26150\/revisions"}],"predecessor-version":[{"id":41671,"href":"https:\/\/www.upjs.sk\/en\/wp-json\/wp\/v2\/pages\/26150\/revisions\/41671"}],"up":[{"embeddable":true,"href":"https:\/\/www.upjs.sk\/en\/wp-json\/wp\/v2\/pages\/25830"}],"wp:attachment":[{"href":"https:\/\/www.upjs.sk\/en\/wp-json\/wp\/v2\/media?parent=26150"}],"wp:term":[{"taxonomy":"category","embeddable":true,"href":"https:\/\/www.upjs.sk\/en\/wp-json\/wp\/v2\/categories?post=26150"},{"taxonomy":"post_tag","embeddable":true,"href":"https:\/\/www.upjs.sk\/en\/wp-json\/wp\/v2\/tags?post=26150"}],"curies":[{"name":"wp","href":"https:\/\/api.w.org\/{rel}","templated":true}]}}