{"id":26157,"date":"2018-01-31T09:41:24","date_gmt":"2018-01-31T09:41:24","guid":{"rendered":"https:\/\/www.upjs.sk\/projects-and-selected-publications\/"},"modified":"2022-11-09T23:32:26","modified_gmt":"2022-11-09T23:32:26","slug":"projects-and-publications","status":"publish","type":"page","link":"https:\/\/www.upjs.sk\/en\/information\/science-and-research\/scientific-and-research-activities-phd-studies\/top-research-teams\/triangel\/projects-and-publications\/","title":{"rendered":"Projects and selected publications"},"content":{"rendered":"<p style=\"text-align: justify;\"><strong><em><u>International projects<\/u><\/em><\/strong><\/p>\n<p style=\"text-align: justify;\">1. STREP project 6. RP EU, FP6, SUSTDEV-1.2.7 Capture and sequestration of CO2, SES6 &#8211; DeSANNS \u2013 020133, Advanced separation and storage of carbon dioxide: Design, Synthesis and Applications of Novel Nanoporous Sorbents, Period of addressing the project: 01\/01\/2006 \u2013 31\/12\/2008, The consortium included 8 EU countries departments, the principal investigator for the Slovak Republic: V. Zele\u0148\u00e1k.<\/p>\n<p style=\"text-align: justify;\">2. DESY (Deutshe Electronen Synchrotron) \/ Hasylab I-20110282 EC project, \u201cAdvanced nanomaterials for sorption and magnetic applications\u201c 2011-2012, project financed by DESY, principal investigator: V. Zele\u0148\u00e1k.<\/p>\n<p style=\"text-align: justify;\">3. DESY (or sorption and magnetic applications 2010-2011, project financed by DESY, principal investigator: V. Zele\u0148\u00e1k Deutshe Electronen Synchrotron) \/ Hasylab I-20100131 EC \u201cStudy of the periodic nanoporous materials.<\/p>\n<p style=\"text-align: justify;\">4. \u201cDEVMAGMIWIRTEC &#8211; Development of Magnetic Micro-Wires for Technical Applications\u201c, which was included within 50 \u201cSucces Stories\u201c in the call of the 6<sup>th<\/sup> RP EU \u2013 MANUNET call 2007 \u00a0\u00a0Project head A. Zhukov, TAMAG Iberica S.L., Spain, the person in charge of addressing the project at UPJ\u0160: R. Varga.<\/p>\n<p style=\"text-align: justify;\">(http:\/\/www.manunet.net\/index.php?option=com_content&#038;view=article&#038;id=31:development-of-magnetic-micro-wires-for-technical-applications&#038;catid=24&#038;Itemid=199).<\/p>\n<p style=\"text-align: justify;\">5.\u201cSoMaMicSens &#8211; Development of soft Magnetic Microwires with GMI effect for Micro-Sensors\u201c, ktor\u00fd bol vyhodnoten\u00fd medzi 50 \u201eSucces stories\u201c vo v\u00fdzve 7. RP E\u00da \u2013 MANUNET call 2011. Project head O. Zhukova, TAMAG Iberica S.L., Spain, in charge of UPJ\u0160 for addressing the project: R. Varga (http:\/\/www.manunet.net\/index.php?option=com_content&#038;view=article&#038;id=238:somamicsens-development-of-soft-magnetic-microwires-with-gmi-effect-for-micro-sensors&#038;catid=28&#038;Itemid=239).<\/p>\n<p style=\"text-align: justify;\"><strong><em><u>APVV projects<\/u><\/em><\/strong><\/p>\n<ol>\n<li style=\"text-align: justify;\"><strong>In<\/strong>teligentn\u00e9 nanop\u00f3rovit\u00e9 <strong>s<\/strong>ys<strong>t<\/strong>\u00e9my <strong>a<\/strong>ko nosi\u010de <strong>l<\/strong>ie\u010div (<strong>INSTAL<\/strong>), APVV-15-0520, (2016-2020): principal investigator V. Zele\u0148\u00e1k<\/li>\n<li style=\"text-align: justify;\"><strong>D<\/strong>es<strong>I<\/strong>gn of <strong>N<\/strong>an<strong>O<\/strong>porou<strong>S<\/strong> <strong>A<\/strong>dvanced materials for controlled dr<strong>U<\/strong>gs <strong>R<\/strong>elease (<strong>DINOSAUR<\/strong>), APVV SK-FR-2017-0011, (2018-2020): principal investigator V. Zele\u0148\u00e1k<\/li>\n<li style=\"text-align: justify;\"><strong>Or<\/strong>dered <strong>Na<\/strong>noporous matrices for preparation of advanced <strong>Ma<\/strong>terials (<strong>OrNaMat<\/strong>): grantov\u00e1 agent\u00fara APVV RPEU-0027-06 (2006-2009), principal investigator V. Zele\u0148\u00e1k<\/li>\n<li style=\"text-align: justify;\"><strong>Na<\/strong>nomateri\u00e1ly pre <strong>en<\/strong>vironment\u00e1lne aplik\u00e1cie: bud\u00facnos\u0165 je v ruk\u00e1ch \u0161tudentov (<strong>NaEnS<\/strong>): grant agency APVV LPP\u20130093\u201309, (2009-2012): principal investigator V. Zele\u0148\u00e1k<\/li>\n<li style=\"text-align: justify;\">Modern\u00e9 amorfn\u00e9 a polykry\u0161talick\u00e9 funk\u010dn\u00e9 materi\u00e1ly pre senzory a\u00a0aktu\u00e1tory, APVV-16-0079, (2017 \u2013 2020): principal investigator R. Varga<\/li>\n<li style=\"text-align: justify;\">Dynamika dom\u00e9novej steny v tenk\u00fdch magnetick\u00fdch dr\u00f4toch, APVV-0027-11, (2011 \u2013 2015):\u00a0 principal investigator R. Varga<\/li>\n<li style=\"text-align: justify;\">Senzory na b\u00e1ze magnetick\u00fdch mikrodr\u00f4tov, APVV-0266-10, (2010 \u2013 2014): principal investigator J. Bla\u017eek (TUKE), R. Varga (UPJ\u0160)<\/li>\n<\/ol>\n<p style=\"text-align: justify;\"><strong><em><u>VEGA projects<\/u><\/em><\/strong><\/p>\n<ol>\n<li style=\"text-align: justify;\">Metalo-organick\u00e9 siete pre energetick\u00e9 aplik\u00e1cie, VEGA 1\/0745\/17, (2017-2020): principal investigator V. Zele\u0148\u00e1k<\/li>\n<li style=\"text-align: justify;\">Nanop\u00f3rovit\u00e9 materi\u00e1ly pre separ\u00e1ciu technologicky d\u00f4le\u017eit\u00fdch molek\u00fal, VEGA 1\/0583\/11,(2011-2014): principal investigator V. Zele\u0148\u00e1k<\/li>\n<li style=\"text-align: justify;\">Nanop\u00f3rovit\u00e9 sorbenty pre z\u00e1chyt a separ\u00e1ciu oxidu uhli\u010dit\u00e9ho: grantov\u00e1 agent\u00fara VEGA 1\/0119\/08 (2008-2011): principal investigator V. Zele\u0148\u00e1k<\/li>\n<li style=\"text-align: justify;\">Magnetick\u00e9 vlastnosti magnetick\u00fdch mikrodr\u00f4tov ako perspekt\u00edvnych materi\u00e1lov pre spintroniku a technick\u00e9 aplik\u00e1cie, VEGA 1\/0076\/09, (2009 \u2013 2012): principal investigator R. Varga<\/li>\n<li style=\"text-align: justify;\">R\u00fdchlochladen\u00e9 amorfn\u00e9 a Heuslerove zliatiny s v\u00fdzna\u010dn\u00fdmi vlastnos\u0165ami. Pr\u00edprava a\u00a0charakteriz\u00e1cia, VEGA 1\/0164\/16, (2016 \u2013 2018): principal investigator R. Varga<\/li>\n<\/ol>\n<p style=\"text-align: justify;\"><strong><em><u>Selected publications<\/u><\/em><\/strong><\/p>\n<ol>\n<li style=\"text-align: justify;\">E. Be\u0148ov\u00e1, V. Zele\u0148\u00e1k, D. Halamov\u00e1, M. Alm\u00e1\u0161i, V. Petru\u013eov\u00e1, M. Psotka, A. Zele\u0148\u00e1kov\u00e1, M. Ba\u010dkor, V. Hornebecq: A drug delivery system based on switchable photo-controlled p-coumaric acid derivatives anchored on mesoporous silica, Journal of Materials Chemistry B, 5 (2017) 817-825 (IF: 4.543).<\/li>\n<li style=\"text-align: justify;\">R. Smolkov\u00e1, V. Zele\u0148\u00e1k, L. Smolko, J. Kuch\u00e1r, M. Rabajdova, M. Feren\u010d\u00e1kov\u00e1, M. Marekova, Novel zinc complexes of a non-steroidal anti-inflammatory drug, niflumic acid: Structural characterization, human-DNA and albumin binding properties, European Journal of Medicinal Chemistry, 2017, DOI:10.1016\/j.ejmech.2017.05.009, (IF: 4.519).<\/li>\n<li style=\"text-align: justify;\">M. Alm\u00e1\u0161i, V. Zele\u0148\u00e1k, A. Zukal, J. Kuch\u00e1r, J. \u010cejka, A novel zinc(II) metal-organic framework with a diamond-like structure: synthesis, study of thermal robustness and gas adsorption properties, Dalton Transactions, 45 (2016) 1233-1242 (IF: 4.029).<\/li>\n<li style=\"text-align: justify;\">V. Zele\u0148\u00e1k, A. Zele\u0148\u00e1kov\u00e1, J. Kov\u00e1\u010d, U. Vainio, N. Murafa, Influence of Surface Effects on Magnetic Behavior of Hematite Nanoparticles Embedded in Porous Silica Matrix, Journal of Physical CHemistry C, 113 (2009) 13045-13050 (IF: 4.536).<\/li>\n<li style=\"text-align: justify;\">V. Zele\u0148\u00e1k, D. Halamov\u00e1, L. Gaberov\u00e1, E. Bloch, P. Llewellyn, Amine-modified SBA-12 mesoporous silica for carbon dioxide capture: Effect of amine basicity on sorption properties, Microporous Mesoporous Materials, 116 (2008) 358-364 (IF: 3.615).<\/li>\n<li style=\"text-align: justify;\">V. Zele\u0148\u00e1k M. Badani\u010dov\u00e1, D. Halamov\u00e1, J. \u010cejka, A. Zukal, Nat\u00e1lia Murafa, Gunter Goerigk: Amine-modified ordered mesoporous silica: Effect of pore size on carbon dioxide capture, Chemical Engineering Journal, 144 (2008) 336-342 (IF: 6.216).<\/li>\n<li style=\"text-align: justify;\">M. Alm\u00e1\u0161i, V. Zele\u0148\u00e1k, M. Opanasenko, I. C\u00edsa\u0159ov\u00e1, Ce(III) and Lu(III) metal-organic frameworks with Lewis acid metal sites: Preparation, sorption properties and catalytic activity in Knoevenagel condensation, Cat. Today, 243 (2015) 184-194. (IF: 4.636).<\/li>\n<\/ol>\n","protected":false},"excerpt":{"rendered":"<p>International projects 1. STREP project 6. RP EU, FP6, SUSTDEV-1.2.7 Capture and sequestration of CO2, SES6 &#8211; DeSANNS \u2013 020133, Advanced separation and storage of carbon dioxide: Design, Synthesis and Applications of Novel Nanoporous Sorbents, Period of addressing the project: 01\/01\/2006 \u2013 31\/12\/2008, The consortium included 8 EU countries departments, the principal investigator for the &hellip; <a href=\"https:\/\/www.upjs.sk\/en\/information\/science-and-research\/scientific-and-research-activities-phd-studies\/top-research-teams\/triangel\/projects-and-publications\/\">Continued<\/a><\/p>\n","protected":false},"author":1,"featured_media":0,"parent":25830,"menu_order":6,"comment_status":"closed","ping_status":"closed","template":"","meta":{"_acf_changed":false,"_editorskit_title_hidden":false,"_editorskit_reading_time":0,"_editorskit_is_block_options_detached":false,"_editorskit_block_options_position":"{}","footnotes":""},"categories":[],"tags":[],"class_list":["post-26157","page","type-page","status-publish","hentry"],"acf":{"acf_link_na_externy_obsah":""},"yoast_head":"<!-- This site is optimized with the Yoast SEO plugin v27.4 - https:\/\/yoast.com\/product\/yoast-seo-wordpress\/ -->\n<title>Projects and selected publications - UPJ\u0160 Ko\u0161ice<\/title>\n<meta name=\"robots\" content=\"index, follow, max-snippet:-1, max-image-preview:large, max-video-preview:-1\" \/>\n<link rel=\"canonical\" href=\"https:\/\/www.upjs.sk\/en\/information\/science-and-research\/scientific-and-research-activities-phd-studies\/top-research-teams\/triangel\/projects-and-publications\/\" \/>\n<meta property=\"og:locale\" content=\"en_US\" \/>\n<meta property=\"og:type\" content=\"article\" \/>\n<meta property=\"og:title\" content=\"Projects and selected publications - UPJ\u0160 Ko\u0161ice\" \/>\n<meta property=\"og:description\" content=\"International projects 1. STREP project 6. RP EU, FP6, SUSTDEV-1.2.7 Capture and sequestration of CO2, SES6 &#8211; DeSANNS \u2013 020133, Advanced separation and storage of carbon dioxide: Design, Synthesis and Applications of Novel Nanoporous Sorbents, Period of addressing the project: 01\/01\/2006 \u2013 31\/12\/2008, The consortium included 8 EU countries departments, the principal investigator for the &hellip; Continued\" \/>\n<meta property=\"og:url\" content=\"https:\/\/www.upjs.sk\/en\/information\/science-and-research\/scientific-and-research-activities-phd-studies\/top-research-teams\/triangel\/projects-and-publications\/\" \/>\n<meta property=\"og:site_name\" content=\"UPJ\u0160 Ko\u0161ice\" \/>\n<meta property=\"article:publisher\" content=\"https:\/\/www.facebook.com\/UniverzitaPavlaJozefaSafarikaVkosiciach\/\" \/>\n<meta property=\"article:modified_time\" content=\"2022-11-09T23:32:26+00:00\" \/>\n<meta name=\"twitter:card\" content=\"summary_large_image\" \/>\n<meta name=\"twitter:site\" content=\"@UPJS_kosice\" \/>\n<meta name=\"twitter:label1\" content=\"Est. reading time\" \/>\n\t<meta name=\"twitter:data1\" content=\"4 minutes\" \/>\n<script type=\"application\/ld+json\" class=\"yoast-schema-graph\">{\"@context\":\"https:\\\/\\\/schema.org\",\"@graph\":[{\"@type\":\"WebPage\",\"@id\":\"https:\\\/\\\/www.upjs.sk\\\/en\\\/information\\\/science-and-research\\\/scientific-and-research-activities-phd-studies\\\/top-research-teams\\\/triangel\\\/projects-and-publications\\\/\",\"url\":\"https:\\\/\\\/www.upjs.sk\\\/en\\\/information\\\/science-and-research\\\/scientific-and-research-activities-phd-studies\\\/top-research-teams\\\/triangel\\\/projects-and-publications\\\/\",\"name\":\"Projects and selected publications - UPJ\u0160 Ko\u0161ice\",\"isPartOf\":{\"@id\":\"https:\\\/\\\/www.upjs.sk\\\/en\\\/#website\"},\"datePublished\":\"2018-01-31T09:41:24+00:00\",\"dateModified\":\"2022-11-09T23:32:26+00:00\",\"breadcrumb\":{\"@id\":\"https:\\\/\\\/www.upjs.sk\\\/en\\\/information\\\/science-and-research\\\/scientific-and-research-activities-phd-studies\\\/top-research-teams\\\/triangel\\\/projects-and-publications\\\/#breadcrumb\"},\"inLanguage\":\"en-US\",\"potentialAction\":[{\"@type\":\"ReadAction\",\"target\":[\"https:\\\/\\\/www.upjs.sk\\\/en\\\/information\\\/science-and-research\\\/scientific-and-research-activities-phd-studies\\\/top-research-teams\\\/triangel\\\/projects-and-publications\\\/\"]}]},{\"@type\":\"BreadcrumbList\",\"@id\":\"https:\\\/\\\/www.upjs.sk\\\/en\\\/information\\\/science-and-research\\\/scientific-and-research-activities-phd-studies\\\/top-research-teams\\\/triangel\\\/projects-and-publications\\\/#breadcrumb\",\"itemListElement\":[{\"@type\":\"ListItem\",\"position\":1,\"name\":\"Home\",\"item\":\"https:\\\/\\\/www.upjs.sk\\\/en\\\/\"},{\"@type\":\"ListItem\",\"position\":2,\"name\":\"Information\",\"item\":\"https:\\\/\\\/www.upjs.sk\\\/en\\\/information\\\/\"},{\"@type\":\"ListItem\",\"position\":3,\"name\":\"Science, Research and Development\",\"item\":\"https:\\\/\\\/www.upjs.sk\\\/en\\\/information\\\/science-and-research\\\/\"},{\"@type\":\"ListItem\",\"position\":4,\"name\":\"Scientific and Research Activities, PhD Studies\",\"item\":\"https:\\\/\\\/www.upjs.sk\\\/en\\\/information\\\/science-and-research\\\/scientific-and-research-activities-phd-studies\\\/\"},{\"@type\":\"ListItem\",\"position\":5,\"name\":\"Top Research Teams\",\"item\":\"https:\\\/\\\/www.upjs.sk\\\/en\\\/information\\\/science-and-research\\\/scientific-and-research-activities-phd-studies\\\/top-research-teams\\\/\"},{\"@type\":\"ListItem\",\"position\":6,\"name\":\"Team for Top Research into Anorganic Materials &#8211; TRIANGEL\",\"item\":\"https:\\\/\\\/www.upjs.sk\\\/en\\\/information\\\/science-and-research\\\/scientific-and-research-activities-phd-studies\\\/top-research-teams\\\/triangel\\\/\"},{\"@type\":\"ListItem\",\"position\":7,\"name\":\"Projects and selected publications\"}]},{\"@type\":\"WebSite\",\"@id\":\"https:\\\/\\\/www.upjs.sk\\\/en\\\/#website\",\"url\":\"https:\\\/\\\/www.upjs.sk\\\/en\\\/\",\"name\":\"UPJ\u0160 Ko\u0161ice\",\"description\":\"Wisdom of the Past, Knowledge of the Present, Education of the Future\",\"publisher\":{\"@id\":\"https:\\\/\\\/www.upjs.sk\\\/en\\\/#organization\"},\"potentialAction\":[{\"@type\":\"SearchAction\",\"target\":{\"@type\":\"EntryPoint\",\"urlTemplate\":\"https:\\\/\\\/www.upjs.sk\\\/en\\\/?s={search_term_string}\"},\"query-input\":{\"@type\":\"PropertyValueSpecification\",\"valueRequired\":true,\"valueName\":\"search_term_string\"}}],\"inLanguage\":\"en-US\"},{\"@type\":\"Organization\",\"@id\":\"https:\\\/\\\/www.upjs.sk\\\/en\\\/#organization\",\"name\":\"UPJ\u0160 Ko\u0161ice\",\"url\":\"https:\\\/\\\/www.upjs.sk\\\/en\\\/\",\"logo\":{\"@type\":\"ImageObject\",\"inLanguage\":\"en-US\",\"@id\":\"https:\\\/\\\/www.upjs.sk\\\/en\\\/#\\\/schema\\\/logo\\\/image\\\/\",\"url\":\"https:\\\/\\\/www.upjs.sk\\\/app\\\/uploads\\\/2023\\\/01\\\/UPJS_ENG_esymbol.svg\",\"contentUrl\":\"https:\\\/\\\/www.upjs.sk\\\/app\\\/uploads\\\/2023\\\/01\\\/UPJS_ENG_esymbol.svg\",\"width\":448,\"height\":139,\"caption\":\"UPJ\u0160 Ko\u0161ice\"},\"image\":{\"@id\":\"https:\\\/\\\/www.upjs.sk\\\/en\\\/#\\\/schema\\\/logo\\\/image\\\/\"},\"sameAs\":[\"https:\\\/\\\/www.facebook.com\\\/UniverzitaPavlaJozefaSafarikaVkosiciach\\\/\",\"https:\\\/\\\/x.com\\\/UPJS_kosice\",\"https:\\\/\\\/www.instagram.com\\\/upjs_kosice\",\"https:\\\/\\\/www.linkedin.com\\\/company\\\/pavol-jozef-afrik-university-in-koice\\\/\"]}]}<\/script>\n<!-- \/ Yoast SEO plugin. -->","yoast_head_json":{"title":"Projects and selected publications - UPJ\u0160 Ko\u0161ice","robots":{"index":"index","follow":"follow","max-snippet":"max-snippet:-1","max-image-preview":"max-image-preview:large","max-video-preview":"max-video-preview:-1"},"canonical":"https:\/\/www.upjs.sk\/en\/information\/science-and-research\/scientific-and-research-activities-phd-studies\/top-research-teams\/triangel\/projects-and-publications\/","og_locale":"en_US","og_type":"article","og_title":"Projects and selected publications - UPJ\u0160 Ko\u0161ice","og_description":"International projects 1. STREP project 6. RP EU, FP6, SUSTDEV-1.2.7 Capture and sequestration of CO2, SES6 &#8211; DeSANNS \u2013 020133, Advanced separation and storage of carbon dioxide: Design, Synthesis and Applications of Novel Nanoporous Sorbents, Period of addressing the project: 01\/01\/2006 \u2013 31\/12\/2008, The consortium included 8 EU countries departments, the principal investigator for the &hellip; Continued","og_url":"https:\/\/www.upjs.sk\/en\/information\/science-and-research\/scientific-and-research-activities-phd-studies\/top-research-teams\/triangel\/projects-and-publications\/","og_site_name":"UPJ\u0160 Ko\u0161ice","article_publisher":"https:\/\/www.facebook.com\/UniverzitaPavlaJozefaSafarikaVkosiciach\/","article_modified_time":"2022-11-09T23:32:26+00:00","twitter_card":"summary_large_image","twitter_site":"@UPJS_kosice","twitter_misc":{"Est. reading time":"4 minutes"},"schema":{"@context":"https:\/\/schema.org","@graph":[{"@type":"WebPage","@id":"https:\/\/www.upjs.sk\/en\/information\/science-and-research\/scientific-and-research-activities-phd-studies\/top-research-teams\/triangel\/projects-and-publications\/","url":"https:\/\/www.upjs.sk\/en\/information\/science-and-research\/scientific-and-research-activities-phd-studies\/top-research-teams\/triangel\/projects-and-publications\/","name":"Projects and selected publications - UPJ\u0160 Ko\u0161ice","isPartOf":{"@id":"https:\/\/www.upjs.sk\/en\/#website"},"datePublished":"2018-01-31T09:41:24+00:00","dateModified":"2022-11-09T23:32:26+00:00","breadcrumb":{"@id":"https:\/\/www.upjs.sk\/en\/information\/science-and-research\/scientific-and-research-activities-phd-studies\/top-research-teams\/triangel\/projects-and-publications\/#breadcrumb"},"inLanguage":"en-US","potentialAction":[{"@type":"ReadAction","target":["https:\/\/www.upjs.sk\/en\/information\/science-and-research\/scientific-and-research-activities-phd-studies\/top-research-teams\/triangel\/projects-and-publications\/"]}]},{"@type":"BreadcrumbList","@id":"https:\/\/www.upjs.sk\/en\/information\/science-and-research\/scientific-and-research-activities-phd-studies\/top-research-teams\/triangel\/projects-and-publications\/#breadcrumb","itemListElement":[{"@type":"ListItem","position":1,"name":"Home","item":"https:\/\/www.upjs.sk\/en\/"},{"@type":"ListItem","position":2,"name":"Information","item":"https:\/\/www.upjs.sk\/en\/information\/"},{"@type":"ListItem","position":3,"name":"Science, Research and Development","item":"https:\/\/www.upjs.sk\/en\/information\/science-and-research\/"},{"@type":"ListItem","position":4,"name":"Scientific and Research Activities, PhD Studies","item":"https:\/\/www.upjs.sk\/en\/information\/science-and-research\/scientific-and-research-activities-phd-studies\/"},{"@type":"ListItem","position":5,"name":"Top Research Teams","item":"https:\/\/www.upjs.sk\/en\/information\/science-and-research\/scientific-and-research-activities-phd-studies\/top-research-teams\/"},{"@type":"ListItem","position":6,"name":"Team for Top Research into Anorganic Materials &#8211; TRIANGEL","item":"https:\/\/www.upjs.sk\/en\/information\/science-and-research\/scientific-and-research-activities-phd-studies\/top-research-teams\/triangel\/"},{"@type":"ListItem","position":7,"name":"Projects and selected publications"}]},{"@type":"WebSite","@id":"https:\/\/www.upjs.sk\/en\/#website","url":"https:\/\/www.upjs.sk\/en\/","name":"UPJ\u0160 Ko\u0161ice","description":"Wisdom of the Past, Knowledge of the Present, Education of the Future","publisher":{"@id":"https:\/\/www.upjs.sk\/en\/#organization"},"potentialAction":[{"@type":"SearchAction","target":{"@type":"EntryPoint","urlTemplate":"https:\/\/www.upjs.sk\/en\/?s={search_term_string}"},"query-input":{"@type":"PropertyValueSpecification","valueRequired":true,"valueName":"search_term_string"}}],"inLanguage":"en-US"},{"@type":"Organization","@id":"https:\/\/www.upjs.sk\/en\/#organization","name":"UPJ\u0160 Ko\u0161ice","url":"https:\/\/www.upjs.sk\/en\/","logo":{"@type":"ImageObject","inLanguage":"en-US","@id":"https:\/\/www.upjs.sk\/en\/#\/schema\/logo\/image\/","url":"https:\/\/www.upjs.sk\/app\/uploads\/2023\/01\/UPJS_ENG_esymbol.svg","contentUrl":"https:\/\/www.upjs.sk\/app\/uploads\/2023\/01\/UPJS_ENG_esymbol.svg","width":448,"height":139,"caption":"UPJ\u0160 Ko\u0161ice"},"image":{"@id":"https:\/\/www.upjs.sk\/en\/#\/schema\/logo\/image\/"},"sameAs":["https:\/\/www.facebook.com\/UniverzitaPavlaJozefaSafarikaVkosiciach\/","https:\/\/x.com\/UPJS_kosice","https:\/\/www.instagram.com\/upjs_kosice","https:\/\/www.linkedin.com\/company\/pavol-jozef-afrik-university-in-koice\/"]}]}},"_links":{"self":[{"href":"https:\/\/www.upjs.sk\/en\/wp-json\/wp\/v2\/pages\/26157","targetHints":{"allow":["GET"]}}],"collection":[{"href":"https:\/\/www.upjs.sk\/en\/wp-json\/wp\/v2\/pages"}],"about":[{"href":"https:\/\/www.upjs.sk\/en\/wp-json\/wp\/v2\/types\/page"}],"author":[{"embeddable":true,"href":"https:\/\/www.upjs.sk\/en\/wp-json\/wp\/v2\/users\/1"}],"replies":[{"embeddable":true,"href":"https:\/\/www.upjs.sk\/en\/wp-json\/wp\/v2\/comments?post=26157"}],"version-history":[{"count":2,"href":"https:\/\/www.upjs.sk\/en\/wp-json\/wp\/v2\/pages\/26157\/revisions"}],"predecessor-version":[{"id":41672,"href":"https:\/\/www.upjs.sk\/en\/wp-json\/wp\/v2\/pages\/26157\/revisions\/41672"}],"up":[{"embeddable":true,"href":"https:\/\/www.upjs.sk\/en\/wp-json\/wp\/v2\/pages\/25830"}],"wp:attachment":[{"href":"https:\/\/www.upjs.sk\/en\/wp-json\/wp\/v2\/media?parent=26157"}],"wp:term":[{"taxonomy":"category","embeddable":true,"href":"https:\/\/www.upjs.sk\/en\/wp-json\/wp\/v2\/categories?post=26157"},{"taxonomy":"post_tag","embeddable":true,"href":"https:\/\/www.upjs.sk\/en\/wp-json\/wp\/v2\/tags?post=26157"}],"curies":[{"name":"wp","href":"https:\/\/api.w.org\/{rel}","templated":true}]}}