{"id":26361,"date":"2016-11-03T11:45:43","date_gmt":"2016-11-03T11:45:43","guid":{"rendered":"https:\/\/www.upjs.sk\/information\/science-research-and-development\/innovation-development-and-european-agenda\/eu-structural-funds-projects-at-upjs\/"},"modified":"2022-11-09T23:32:29","modified_gmt":"2022-11-09T23:32:29","slug":"eu-structural-funds-projects-upjs","status":"publish","type":"page","link":"https:\/\/www.upjs.sk\/en\/information\/science-and-research\/innovation-development-and-european-agenda\/eu-structural-funds-projects-upjs\/","title":{"rendered":"EU Structural Funds Projects at UPJ\u0160"},"content":{"rendered":"<ul>\n<li><a href=\"http:\/\/www.upjs.sk\/en\/university\/research\/scientific-and-research-activities-phd-studies\/research-projects\/eu-structural-funds-projects-at-upjs\/\">Approved projects<\/a>\u00a0<\/li>\n<li><a href=\"\/en\/university\/research\/innovation-development-and-european-agenda\/eu-structural-funds-projects-upjs\/useful-links\/\">Useful Links<\/a><\/li>\n<li><a href=\"\/en\/university\/research\/innovation-development-and-european-agenda\/eu-structural-funds-projects-upjs\/gallery\/\">Gallery<\/a><\/li>\n<\/ul>\n","protected":false},"excerpt":{"rendered":"<p>Approved projects\u00a0 Useful Links Gallery<\/p>\n","protected":false},"author":1,"featured_media":0,"parent":26326,"menu_order":3,"comment_status":"closed","ping_status":"closed","template":"","meta":{"_acf_changed":false,"_editorskit_title_hidden":false,"_editorskit_reading_time":0,"_editorskit_is_block_options_detached":false,"_editorskit_block_options_position":"{}","footnotes":""},"categories":[],"tags":[],"class_list":["post-26361","page","type-page","status-publish","hentry"],"acf":{"acf_link_na_externy_obsah":""},"yoast_head":"<!-- This site is optimized with the Yoast SEO plugin v27.4 - https:\/\/yoast.com\/product\/yoast-seo-wordpress\/ -->\n<title>EU Structural Funds Projects at UPJ\u0160 - UPJ\u0160 Ko\u0161ice<\/title>\n<meta name=\"robots\" content=\"index, follow, max-snippet:-1, max-image-preview:large, max-video-preview:-1\" \/>\n<link rel=\"canonical\" href=\"https:\/\/www.upjs.sk\/en\/information\/science-and-research\/innovation-development-and-european-agenda\/eu-structural-funds-projects-upjs\/\" \/>\n<meta property=\"og:locale\" content=\"en_US\" \/>\n<meta property=\"og:type\" content=\"article\" \/>\n<meta property=\"og:title\" content=\"EU Structural Funds Projects at UPJ\u0160 - UPJ\u0160 Ko\u0161ice\" \/>\n<meta property=\"og:description\" content=\"Approved projects\u00a0 Useful Links Gallery\" \/>\n<meta property=\"og:url\" content=\"https:\/\/www.upjs.sk\/en\/information\/science-and-research\/innovation-development-and-european-agenda\/eu-structural-funds-projects-upjs\/\" \/>\n<meta property=\"og:site_name\" content=\"UPJ\u0160 Ko\u0161ice\" \/>\n<meta property=\"article:publisher\" content=\"https:\/\/www.facebook.com\/UniverzitaPavlaJozefaSafarikaVkosiciach\/\" \/>\n<meta property=\"article:modified_time\" content=\"2022-11-09T23:32:29+00:00\" \/>\n<meta name=\"twitter:card\" content=\"summary_large_image\" \/>\n<meta name=\"twitter:site\" content=\"@UPJS_kosice\" \/>\n<script type=\"application\/ld+json\" class=\"yoast-schema-graph\">{\"@context\":\"https:\\\/\\\/schema.org\",\"@graph\":[{\"@type\":\"WebPage\",\"@id\":\"https:\\\/\\\/www.upjs.sk\\\/en\\\/information\\\/science-and-research\\\/innovation-development-and-european-agenda\\\/eu-structural-funds-projects-upjs\\\/\",\"url\":\"https:\\\/\\\/www.upjs.sk\\\/en\\\/information\\\/science-and-research\\\/innovation-development-and-european-agenda\\\/eu-structural-funds-projects-upjs\\\/\",\"name\":\"EU Structural Funds Projects at UPJ\u0160 - UPJ\u0160 Ko\u0161ice\",\"isPartOf\":{\"@id\":\"https:\\\/\\\/www.upjs.sk\\\/en\\\/#website\"},\"datePublished\":\"2016-11-03T11:45:43+00:00\",\"dateModified\":\"2022-11-09T23:32:29+00:00\",\"breadcrumb\":{\"@id\":\"https:\\\/\\\/www.upjs.sk\\\/en\\\/information\\\/science-and-research\\\/innovation-development-and-european-agenda\\\/eu-structural-funds-projects-upjs\\\/#breadcrumb\"},\"inLanguage\":\"en-US\",\"potentialAction\":[{\"@type\":\"ReadAction\",\"target\":[\"https:\\\/\\\/www.upjs.sk\\\/en\\\/information\\\/science-and-research\\\/innovation-development-and-european-agenda\\\/eu-structural-funds-projects-upjs\\\/\"]}]},{\"@type\":\"BreadcrumbList\",\"@id\":\"https:\\\/\\\/www.upjs.sk\\\/en\\\/information\\\/science-and-research\\\/innovation-development-and-european-agenda\\\/eu-structural-funds-projects-upjs\\\/#breadcrumb\",\"itemListElement\":[{\"@type\":\"ListItem\",\"position\":1,\"name\":\"Home\",\"item\":\"https:\\\/\\\/www.upjs.sk\\\/en\\\/\"},{\"@type\":\"ListItem\",\"position\":2,\"name\":\"Information\",\"item\":\"https:\\\/\\\/www.upjs.sk\\\/en\\\/information\\\/\"},{\"@type\":\"ListItem\",\"position\":3,\"name\":\"Science, Research and Development\",\"item\":\"https:\\\/\\\/www.upjs.sk\\\/en\\\/information\\\/science-and-research\\\/\"},{\"@type\":\"ListItem\",\"position\":4,\"name\":\"Innovation, Development and European Agenda\",\"item\":\"https:\\\/\\\/www.upjs.sk\\\/en\\\/information\\\/science-and-research\\\/innovation-development-and-european-agenda\\\/\"},{\"@type\":\"ListItem\",\"position\":5,\"name\":\"EU Structural Funds Projects at UPJ\u0160\"}]},{\"@type\":\"WebSite\",\"@id\":\"https:\\\/\\\/www.upjs.sk\\\/en\\\/#website\",\"url\":\"https:\\\/\\\/www.upjs.sk\\\/en\\\/\",\"name\":\"UPJ\u0160 Ko\u0161ice\",\"description\":\"Wisdom of the Past, Knowledge of the Present, Education of the Future\",\"publisher\":{\"@id\":\"https:\\\/\\\/www.upjs.sk\\\/en\\\/#organization\"},\"potentialAction\":[{\"@type\":\"SearchAction\",\"target\":{\"@type\":\"EntryPoint\",\"urlTemplate\":\"https:\\\/\\\/www.upjs.sk\\\/en\\\/?s={search_term_string}\"},\"query-input\":{\"@type\":\"PropertyValueSpecification\",\"valueRequired\":true,\"valueName\":\"search_term_string\"}}],\"inLanguage\":\"en-US\"},{\"@type\":\"Organization\",\"@id\":\"https:\\\/\\\/www.upjs.sk\\\/en\\\/#organization\",\"name\":\"UPJ\u0160 Ko\u0161ice\",\"url\":\"https:\\\/\\\/www.upjs.sk\\\/en\\\/\",\"logo\":{\"@type\":\"ImageObject\",\"inLanguage\":\"en-US\",\"@id\":\"https:\\\/\\\/www.upjs.sk\\\/en\\\/#\\\/schema\\\/logo\\\/image\\\/\",\"url\":\"https:\\\/\\\/www.upjs.sk\\\/app\\\/uploads\\\/2023\\\/01\\\/UPJS_ENG_esymbol.svg\",\"contentUrl\":\"https:\\\/\\\/www.upjs.sk\\\/app\\\/uploads\\\/2023\\\/01\\\/UPJS_ENG_esymbol.svg\",\"width\":448,\"height\":139,\"caption\":\"UPJ\u0160 Ko\u0161ice\"},\"image\":{\"@id\":\"https:\\\/\\\/www.upjs.sk\\\/en\\\/#\\\/schema\\\/logo\\\/image\\\/\"},\"sameAs\":[\"https:\\\/\\\/www.facebook.com\\\/UniverzitaPavlaJozefaSafarikaVkosiciach\\\/\",\"https:\\\/\\\/x.com\\\/UPJS_kosice\",\"https:\\\/\\\/www.instagram.com\\\/upjs_kosice\",\"https:\\\/\\\/www.linkedin.com\\\/company\\\/pavol-jozef-afrik-university-in-koice\\\/\"]}]}<\/script>\n<!-- \/ Yoast SEO plugin. -->","yoast_head_json":{"title":"EU Structural Funds Projects at UPJ\u0160 - UPJ\u0160 Ko\u0161ice","robots":{"index":"index","follow":"follow","max-snippet":"max-snippet:-1","max-image-preview":"max-image-preview:large","max-video-preview":"max-video-preview:-1"},"canonical":"https:\/\/www.upjs.sk\/en\/information\/science-and-research\/innovation-development-and-european-agenda\/eu-structural-funds-projects-upjs\/","og_locale":"en_US","og_type":"article","og_title":"EU Structural Funds Projects at UPJ\u0160 - UPJ\u0160 Ko\u0161ice","og_description":"Approved projects\u00a0 Useful Links Gallery","og_url":"https:\/\/www.upjs.sk\/en\/information\/science-and-research\/innovation-development-and-european-agenda\/eu-structural-funds-projects-upjs\/","og_site_name":"UPJ\u0160 Ko\u0161ice","article_publisher":"https:\/\/www.facebook.com\/UniverzitaPavlaJozefaSafarikaVkosiciach\/","article_modified_time":"2022-11-09T23:32:29+00:00","twitter_card":"summary_large_image","twitter_site":"@UPJS_kosice","schema":{"@context":"https:\/\/schema.org","@graph":[{"@type":"WebPage","@id":"https:\/\/www.upjs.sk\/en\/information\/science-and-research\/innovation-development-and-european-agenda\/eu-structural-funds-projects-upjs\/","url":"https:\/\/www.upjs.sk\/en\/information\/science-and-research\/innovation-development-and-european-agenda\/eu-structural-funds-projects-upjs\/","name":"EU Structural Funds Projects at UPJ\u0160 - UPJ\u0160 Ko\u0161ice","isPartOf":{"@id":"https:\/\/www.upjs.sk\/en\/#website"},"datePublished":"2016-11-03T11:45:43+00:00","dateModified":"2022-11-09T23:32:29+00:00","breadcrumb":{"@id":"https:\/\/www.upjs.sk\/en\/information\/science-and-research\/innovation-development-and-european-agenda\/eu-structural-funds-projects-upjs\/#breadcrumb"},"inLanguage":"en-US","potentialAction":[{"@type":"ReadAction","target":["https:\/\/www.upjs.sk\/en\/information\/science-and-research\/innovation-development-and-european-agenda\/eu-structural-funds-projects-upjs\/"]}]},{"@type":"BreadcrumbList","@id":"https:\/\/www.upjs.sk\/en\/information\/science-and-research\/innovation-development-and-european-agenda\/eu-structural-funds-projects-upjs\/#breadcrumb","itemListElement":[{"@type":"ListItem","position":1,"name":"Home","item":"https:\/\/www.upjs.sk\/en\/"},{"@type":"ListItem","position":2,"name":"Information","item":"https:\/\/www.upjs.sk\/en\/information\/"},{"@type":"ListItem","position":3,"name":"Science, Research and Development","item":"https:\/\/www.upjs.sk\/en\/information\/science-and-research\/"},{"@type":"ListItem","position":4,"name":"Innovation, Development and European Agenda","item":"https:\/\/www.upjs.sk\/en\/information\/science-and-research\/innovation-development-and-european-agenda\/"},{"@type":"ListItem","position":5,"name":"EU Structural Funds Projects at UPJ\u0160"}]},{"@type":"WebSite","@id":"https:\/\/www.upjs.sk\/en\/#website","url":"https:\/\/www.upjs.sk\/en\/","name":"UPJ\u0160 Ko\u0161ice","description":"Wisdom of the Past, Knowledge of the Present, Education of the Future","publisher":{"@id":"https:\/\/www.upjs.sk\/en\/#organization"},"potentialAction":[{"@type":"SearchAction","target":{"@type":"EntryPoint","urlTemplate":"https:\/\/www.upjs.sk\/en\/?s={search_term_string}"},"query-input":{"@type":"PropertyValueSpecification","valueRequired":true,"valueName":"search_term_string"}}],"inLanguage":"en-US"},{"@type":"Organization","@id":"https:\/\/www.upjs.sk\/en\/#organization","name":"UPJ\u0160 Ko\u0161ice","url":"https:\/\/www.upjs.sk\/en\/","logo":{"@type":"ImageObject","inLanguage":"en-US","@id":"https:\/\/www.upjs.sk\/en\/#\/schema\/logo\/image\/","url":"https:\/\/www.upjs.sk\/app\/uploads\/2023\/01\/UPJS_ENG_esymbol.svg","contentUrl":"https:\/\/www.upjs.sk\/app\/uploads\/2023\/01\/UPJS_ENG_esymbol.svg","width":448,"height":139,"caption":"UPJ\u0160 Ko\u0161ice"},"image":{"@id":"https:\/\/www.upjs.sk\/en\/#\/schema\/logo\/image\/"},"sameAs":["https:\/\/www.facebook.com\/UniverzitaPavlaJozefaSafarikaVkosiciach\/","https:\/\/x.com\/UPJS_kosice","https:\/\/www.instagram.com\/upjs_kosice","https:\/\/www.linkedin.com\/company\/pavol-jozef-afrik-university-in-koice\/"]}]}},"_links":{"self":[{"href":"https:\/\/www.upjs.sk\/en\/wp-json\/wp\/v2\/pages\/26361","targetHints":{"allow":["GET"]}}],"collection":[{"href":"https:\/\/www.upjs.sk\/en\/wp-json\/wp\/v2\/pages"}],"about":[{"href":"https:\/\/www.upjs.sk\/en\/wp-json\/wp\/v2\/types\/page"}],"author":[{"embeddable":true,"href":"https:\/\/www.upjs.sk\/en\/wp-json\/wp\/v2\/users\/1"}],"replies":[{"embeddable":true,"href":"https:\/\/www.upjs.sk\/en\/wp-json\/wp\/v2\/comments?post=26361"}],"version-history":[{"count":2,"href":"https:\/\/www.upjs.sk\/en\/wp-json\/wp\/v2\/pages\/26361\/revisions"}],"predecessor-version":[{"id":41677,"href":"https:\/\/www.upjs.sk\/en\/wp-json\/wp\/v2\/pages\/26361\/revisions\/41677"}],"up":[{"embeddable":true,"href":"https:\/\/www.upjs.sk\/en\/wp-json\/wp\/v2\/pages\/26326"}],"wp:attachment":[{"href":"https:\/\/www.upjs.sk\/en\/wp-json\/wp\/v2\/media?parent=26361"}],"wp:term":[{"taxonomy":"category","embeddable":true,"href":"https:\/\/www.upjs.sk\/en\/wp-json\/wp\/v2\/categories?post=26361"},{"taxonomy":"post_tag","embeddable":true,"href":"https:\/\/www.upjs.sk\/en\/wp-json\/wp\/v2\/tags?post=26361"}],"curies":[{"name":"wp","href":"https:\/\/api.w.org\/{rel}","templated":true}]}}