{"id":39921,"date":"2017-02-12T19:03:31","date_gmt":"2017-02-12T19:03:31","guid":{"rendered":"https:\/\/www.upjs.sk\/public-relations-kat_id-2175\/clubs-and-interest-groups-kat_id-2189\/"},"modified":"2022-11-09T23:33:51","modified_gmt":"2022-11-09T23:33:51","slug":"clubs-and-interest-groups","status":"publish","type":"page","link":"https:\/\/www.upjs.sk\/en\/information\/public-relations\/clubs-and-interest-groups\/","title":{"rendered":"Clubs and Interest Groups"},"content":{"rendered":"<ul>\n<li><a href=\"https:\/\/sites.google.com\/site\/histochemical\" target=\"_blank\" rel=\"noopener\">Slovak Histochemical Society<\/a><\/li>\n<li><a href=\"http:\/\/www.upjs.sk\/pracoviska\/ustav-telesnej-vychovy\/o-nas-utvs\/tj-slavia-upjs-kosice\/\">University Sports Club Sl\u00e1via, Pavol Jozef \u0160af\u00e1rik University in Ko\u0161ice<\/a><\/li>\n<li><a href=\"https:\/\/www.upjs.sk\/verejnost-media\/vztahy-s-verejnostou\/zdruzenia-a-organizacie\/koordinacna-odborova-rada\/\">Co-ordination Council of Trade Union at Pavol Jozef \u0160af\u00e1rik University in Ko\u0161ice<\/a><\/li>\n<li><a href=\"https:\/\/www.upjs.sk\/pravnicka-fakulta\/elsa\/\" target=\"_blank\" rel=\"noopener\">ELSA -European Law Student Association<\/a><\/li>\n<li><a href=\"https:\/\/www.upjs.sk\/lekarska-fakulta\/studentsky-zivot\/smmk\/\" target=\"_blank\" rel=\"noopener\">The Ko\u0161ice Association of Medical Students<\/a><\/li>\n<li><a href=\"http:\/\/www.ssszl.sk\/\" target=\"_blank\" rel=\"noopener\">Slovak Association of Dental Students (SADS)<\/a><\/li>\n<li>Civic Association \u2013 The Student Council of the Faculty of Public Administration, Pavol Jozef \u0160af\u00e1rik University in Ko\u0161ice<\/li>\n<li>SoFFia oz &#8211; Student Association of Faculty of Arts, Pavol Jozef \u0160af\u00e1rik University in Ko\u0161ice<\/li>\n<li><a href=\"http:\/\/www.respublica.szm.com\/\" target=\"_blank\" rel=\"noopener\">Civic Association Res Publica<\/a><\/li>\n<li><a href=\"https:\/\/www.facebook.com\/Ecce-Historia-Spolok-%C5%A1tudentov-hist%C3%B3rie-UPJ%C5%A0-1436811233300984\/\" target=\"_blank\" rel=\"noopener\">Ecce Historia<\/a> &#8211; SoFFia oz &#8211; Student Association of Faculty of Arts, Pavol Jozef \u0160af\u00e1rik University in Ko\u0161ice<\/li>\n<li><a href=\"https:\/\/www.upjs.sk\/prirodovedecka-fakulta\/informacie-pre-ostatnych-zaujemcov\/verejnost-a-media\/prirodovedec\/\" target=\"_blank\" rel=\"noopener\">SCIENTIST &#8211; Civic Association<\/a><\/li>\n<li><a href=\"http:\/\/sbs.sav.sk\/\" target=\"_blank\" rel=\"noopener\">Slovak Botanical Society<\/a><\/li>\n<li><a href=\"http:\/\/sfs.sav.sk\/\" target=\"_blank\" rel=\"noopener\">Slovak Physicist Society<\/a><\/li>\n<li><a href=\"http:\/\/bioflab.upjs.sk\/\" target=\"_blank\" rel=\"noopener\">Slovak Biophysical Society<\/a><\/li>\n<li><a href=\"http:\/\/www.informatika.sk\/\" target=\"_blank\" rel=\"noopener\">Slovak Informatics Society<\/a><\/li>\n<li><a href=\"http:\/\/sms.savbb.sk\/index_en.html\" target=\"_blank\" rel=\"noopener\">Slovak Mathematical Society<\/a><\/li>\n<li><a href=\"http:\/\/www.schems.sk\/\" target=\"_blank\" rel=\"noopener\">Slovak Chemical Society<\/a><\/li>\n<\/ul>\n","protected":false},"excerpt":{"rendered":"<p>Slovak Histochemical Society University Sports Club Sl\u00e1via, Pavol Jozef \u0160af\u00e1rik University in Ko\u0161ice Co-ordination Council of Trade Union at Pavol Jozef \u0160af\u00e1rik University in Ko\u0161ice ELSA -European Law Student Association The Ko\u0161ice Association of Medical Students Slovak Association of Dental Students (SADS) Civic Association \u2013 The Student Council of the Faculty of Public Administration, Pavol &hellip; <a href=\"https:\/\/www.upjs.sk\/en\/information\/public-relations\/clubs-and-interest-groups\/\">Continued<\/a><\/p>\n","protected":false},"author":1,"featured_media":0,"parent":39858,"menu_order":11,"comment_status":"closed","ping_status":"closed","template":"","meta":{"_acf_changed":false,"_editorskit_title_hidden":false,"_editorskit_reading_time":0,"_editorskit_is_block_options_detached":false,"_editorskit_block_options_position":"{}","footnotes":""},"categories":[],"tags":[],"class_list":["post-39921","page","type-page","status-publish","hentry"],"acf":{"acf_link_na_externy_obsah":""},"yoast_head":"<!-- This site is optimized with the Yoast SEO plugin v27.2 - https:\/\/yoast.com\/product\/yoast-seo-wordpress\/ -->\n<title>Clubs and Interest Groups - UPJ\u0160 Ko\u0161ice<\/title>\n<meta name=\"robots\" content=\"index, follow, max-snippet:-1, max-image-preview:large, max-video-preview:-1\" \/>\n<link rel=\"canonical\" href=\"https:\/\/www.upjs.sk\/en\/information\/public-relations\/clubs-and-interest-groups\/\" \/>\n<meta property=\"og:locale\" content=\"en_US\" \/>\n<meta property=\"og:type\" content=\"article\" \/>\n<meta property=\"og:title\" content=\"Clubs and Interest Groups - UPJ\u0160 Ko\u0161ice\" \/>\n<meta property=\"og:description\" content=\"Slovak Histochemical Society University Sports Club Sl\u00e1via, Pavol Jozef \u0160af\u00e1rik University in Ko\u0161ice Co-ordination Council of Trade Union at Pavol Jozef \u0160af\u00e1rik University in Ko\u0161ice ELSA -European Law Student Association The Ko\u0161ice Association of Medical Students Slovak Association of Dental Students (SADS) Civic Association \u2013 The Student Council of the Faculty of Public Administration, Pavol &hellip; Continued\" \/>\n<meta property=\"og:url\" content=\"https:\/\/www.upjs.sk\/en\/information\/public-relations\/clubs-and-interest-groups\/\" \/>\n<meta property=\"og:site_name\" content=\"UPJ\u0160 Ko\u0161ice\" \/>\n<meta property=\"article:publisher\" content=\"https:\/\/www.facebook.com\/UniverzitaPavlaJozefaSafarikaVkosiciach\/\" \/>\n<meta property=\"article:modified_time\" content=\"2022-11-09T23:33:51+00:00\" \/>\n<meta name=\"twitter:card\" content=\"summary_large_image\" \/>\n<meta name=\"twitter:site\" content=\"@UPJS_kosice\" \/>\n<meta name=\"twitter:label1\" content=\"Est. reading time\" \/>\n\t<meta name=\"twitter:data1\" content=\"1 minute\" \/>\n<script type=\"application\/ld+json\" class=\"yoast-schema-graph\">{\"@context\":\"https:\/\/schema.org\",\"@graph\":[{\"@type\":\"WebPage\",\"@id\":\"https:\/\/www.upjs.sk\/en\/information\/public-relations\/clubs-and-interest-groups\/\",\"url\":\"https:\/\/www.upjs.sk\/en\/information\/public-relations\/clubs-and-interest-groups\/\",\"name\":\"Clubs and Interest Groups - UPJ\u0160 Ko\u0161ice\",\"isPartOf\":{\"@id\":\"https:\/\/www.upjs.sk\/en\/#website\"},\"datePublished\":\"2017-02-12T19:03:31+00:00\",\"dateModified\":\"2022-11-09T23:33:51+00:00\",\"breadcrumb\":{\"@id\":\"https:\/\/www.upjs.sk\/en\/information\/public-relations\/clubs-and-interest-groups\/#breadcrumb\"},\"inLanguage\":\"en-US\",\"potentialAction\":[{\"@type\":\"ReadAction\",\"target\":[\"https:\/\/www.upjs.sk\/en\/information\/public-relations\/clubs-and-interest-groups\/\"]}]},{\"@type\":\"BreadcrumbList\",\"@id\":\"https:\/\/www.upjs.sk\/en\/information\/public-relations\/clubs-and-interest-groups\/#breadcrumb\",\"itemListElement\":[{\"@type\":\"ListItem\",\"position\":1,\"name\":\"Home\",\"item\":\"https:\/\/www.upjs.sk\/en\/\"},{\"@type\":\"ListItem\",\"position\":2,\"name\":\"Information\",\"item\":\"https:\/\/www.upjs.sk\/en\/information\/\"},{\"@type\":\"ListItem\",\"position\":3,\"name\":\"Public Relations\",\"item\":\"https:\/\/www.upjs.sk\/en\/information\/public-relations\/\"},{\"@type\":\"ListItem\",\"position\":4,\"name\":\"Clubs and Interest Groups\"}]},{\"@type\":\"WebSite\",\"@id\":\"https:\/\/www.upjs.sk\/en\/#website\",\"url\":\"https:\/\/www.upjs.sk\/en\/\",\"name\":\"UPJ\u0160 Ko\u0161ice\",\"description\":\"Wisdom of the Past, Knowledge of the Present, Education of the Future\",\"publisher\":{\"@id\":\"https:\/\/www.upjs.sk\/en\/#organization\"},\"potentialAction\":[{\"@type\":\"SearchAction\",\"target\":{\"@type\":\"EntryPoint\",\"urlTemplate\":\"https:\/\/www.upjs.sk\/en\/?s={search_term_string}\"},\"query-input\":{\"@type\":\"PropertyValueSpecification\",\"valueRequired\":true,\"valueName\":\"search_term_string\"}}],\"inLanguage\":\"en-US\"},{\"@type\":\"Organization\",\"@id\":\"https:\/\/www.upjs.sk\/en\/#organization\",\"name\":\"UPJ\u0160 Ko\u0161ice\",\"url\":\"https:\/\/www.upjs.sk\/en\/\",\"logo\":{\"@type\":\"ImageObject\",\"inLanguage\":\"en-US\",\"@id\":\"https:\/\/www.upjs.sk\/en\/#\/schema\/logo\/image\/\",\"url\":\"https:\/\/www.upjs.sk\/app\/uploads\/2023\/01\/UPJS_ENG_esymbol.svg\",\"contentUrl\":\"https:\/\/www.upjs.sk\/app\/uploads\/2023\/01\/UPJS_ENG_esymbol.svg\",\"width\":448,\"height\":139,\"caption\":\"UPJ\u0160 Ko\u0161ice\"},\"image\":{\"@id\":\"https:\/\/www.upjs.sk\/en\/#\/schema\/logo\/image\/\"},\"sameAs\":[\"https:\/\/www.facebook.com\/UniverzitaPavlaJozefaSafarikaVkosiciach\/\",\"https:\/\/x.com\/UPJS_kosice\",\"https:\/\/www.instagram.com\/upjs_kosice\",\"https:\/\/www.linkedin.com\/company\/pavol-jozef-afrik-university-in-koice\/\"]}]}<\/script>\n<!-- \/ Yoast SEO plugin. -->","yoast_head_json":{"title":"Clubs and Interest Groups - UPJ\u0160 Ko\u0161ice","robots":{"index":"index","follow":"follow","max-snippet":"max-snippet:-1","max-image-preview":"max-image-preview:large","max-video-preview":"max-video-preview:-1"},"canonical":"https:\/\/www.upjs.sk\/en\/information\/public-relations\/clubs-and-interest-groups\/","og_locale":"en_US","og_type":"article","og_title":"Clubs and Interest Groups - UPJ\u0160 Ko\u0161ice","og_description":"Slovak Histochemical Society University Sports Club Sl\u00e1via, Pavol Jozef \u0160af\u00e1rik University in Ko\u0161ice Co-ordination Council of Trade Union at Pavol Jozef \u0160af\u00e1rik University in Ko\u0161ice ELSA -European Law Student Association The Ko\u0161ice Association of Medical Students Slovak Association of Dental Students (SADS) Civic Association \u2013 The Student Council of the Faculty of Public Administration, Pavol &hellip; Continued","og_url":"https:\/\/www.upjs.sk\/en\/information\/public-relations\/clubs-and-interest-groups\/","og_site_name":"UPJ\u0160 Ko\u0161ice","article_publisher":"https:\/\/www.facebook.com\/UniverzitaPavlaJozefaSafarikaVkosiciach\/","article_modified_time":"2022-11-09T23:33:51+00:00","twitter_card":"summary_large_image","twitter_site":"@UPJS_kosice","twitter_misc":{"Est. reading time":"1 minute"},"schema":{"@context":"https:\/\/schema.org","@graph":[{"@type":"WebPage","@id":"https:\/\/www.upjs.sk\/en\/information\/public-relations\/clubs-and-interest-groups\/","url":"https:\/\/www.upjs.sk\/en\/information\/public-relations\/clubs-and-interest-groups\/","name":"Clubs and Interest Groups - UPJ\u0160 Ko\u0161ice","isPartOf":{"@id":"https:\/\/www.upjs.sk\/en\/#website"},"datePublished":"2017-02-12T19:03:31+00:00","dateModified":"2022-11-09T23:33:51+00:00","breadcrumb":{"@id":"https:\/\/www.upjs.sk\/en\/information\/public-relations\/clubs-and-interest-groups\/#breadcrumb"},"inLanguage":"en-US","potentialAction":[{"@type":"ReadAction","target":["https:\/\/www.upjs.sk\/en\/information\/public-relations\/clubs-and-interest-groups\/"]}]},{"@type":"BreadcrumbList","@id":"https:\/\/www.upjs.sk\/en\/information\/public-relations\/clubs-and-interest-groups\/#breadcrumb","itemListElement":[{"@type":"ListItem","position":1,"name":"Home","item":"https:\/\/www.upjs.sk\/en\/"},{"@type":"ListItem","position":2,"name":"Information","item":"https:\/\/www.upjs.sk\/en\/information\/"},{"@type":"ListItem","position":3,"name":"Public Relations","item":"https:\/\/www.upjs.sk\/en\/information\/public-relations\/"},{"@type":"ListItem","position":4,"name":"Clubs and Interest Groups"}]},{"@type":"WebSite","@id":"https:\/\/www.upjs.sk\/en\/#website","url":"https:\/\/www.upjs.sk\/en\/","name":"UPJ\u0160 Ko\u0161ice","description":"Wisdom of the Past, Knowledge of the Present, Education of the Future","publisher":{"@id":"https:\/\/www.upjs.sk\/en\/#organization"},"potentialAction":[{"@type":"SearchAction","target":{"@type":"EntryPoint","urlTemplate":"https:\/\/www.upjs.sk\/en\/?s={search_term_string}"},"query-input":{"@type":"PropertyValueSpecification","valueRequired":true,"valueName":"search_term_string"}}],"inLanguage":"en-US"},{"@type":"Organization","@id":"https:\/\/www.upjs.sk\/en\/#organization","name":"UPJ\u0160 Ko\u0161ice","url":"https:\/\/www.upjs.sk\/en\/","logo":{"@type":"ImageObject","inLanguage":"en-US","@id":"https:\/\/www.upjs.sk\/en\/#\/schema\/logo\/image\/","url":"https:\/\/www.upjs.sk\/app\/uploads\/2023\/01\/UPJS_ENG_esymbol.svg","contentUrl":"https:\/\/www.upjs.sk\/app\/uploads\/2023\/01\/UPJS_ENG_esymbol.svg","width":448,"height":139,"caption":"UPJ\u0160 Ko\u0161ice"},"image":{"@id":"https:\/\/www.upjs.sk\/en\/#\/schema\/logo\/image\/"},"sameAs":["https:\/\/www.facebook.com\/UniverzitaPavlaJozefaSafarikaVkosiciach\/","https:\/\/x.com\/UPJS_kosice","https:\/\/www.instagram.com\/upjs_kosice","https:\/\/www.linkedin.com\/company\/pavol-jozef-afrik-university-in-koice\/"]}]}},"_links":{"self":[{"href":"https:\/\/www.upjs.sk\/en\/wp-json\/wp\/v2\/pages\/39921","targetHints":{"allow":["GET"]}}],"collection":[{"href":"https:\/\/www.upjs.sk\/en\/wp-json\/wp\/v2\/pages"}],"about":[{"href":"https:\/\/www.upjs.sk\/en\/wp-json\/wp\/v2\/types\/page"}],"author":[{"embeddable":true,"href":"https:\/\/www.upjs.sk\/en\/wp-json\/wp\/v2\/users\/1"}],"replies":[{"embeddable":true,"href":"https:\/\/www.upjs.sk\/en\/wp-json\/wp\/v2\/comments?post=39921"}],"version-history":[{"count":2,"href":"https:\/\/www.upjs.sk\/en\/wp-json\/wp\/v2\/pages\/39921\/revisions"}],"predecessor-version":[{"id":41716,"href":"https:\/\/www.upjs.sk\/en\/wp-json\/wp\/v2\/pages\/39921\/revisions\/41716"}],"up":[{"embeddable":true,"href":"https:\/\/www.upjs.sk\/en\/wp-json\/wp\/v2\/pages\/39858"}],"wp:attachment":[{"href":"https:\/\/www.upjs.sk\/en\/wp-json\/wp\/v2\/media?parent=39921"}],"wp:term":[{"taxonomy":"category","embeddable":true,"href":"https:\/\/www.upjs.sk\/en\/wp-json\/wp\/v2\/categories?post=39921"},{"taxonomy":"post_tag","embeddable":true,"href":"https:\/\/www.upjs.sk\/en\/wp-json\/wp\/v2\/tags?post=39921"}],"curies":[{"name":"wp","href":"https:\/\/api.w.org\/{rel}","templated":true}]}}