{"id":39961,"date":"2019-01-30T09:10:40","date_gmt":"2019-01-30T09:10:40","guid":{"rendered":"https:\/\/www.upjs.sk\/information\/current-students-kat_id-324\/further-information-for-students-kat_id-2485\/cic\/"},"modified":"2022-11-09T22:14:55","modified_gmt":"2022-11-09T22:14:55","slug":"cic","status":"publish","type":"page","link":"https:\/\/www.upjs.sk\/en\/information\/current-students\/recommendation\/cic\/","title":{"rendered":"Certified Interdisciplinary Courses"},"content":{"rendered":"<p style=\"text-align: justify;\">UPJ\u0160 in Ko\u0161ice has a unique offer of 13 certified interdisciplinary courses (CIK) for students of all their faculties, which was extended in AR 2017\/2018 by the offer of a new subject: Skills for success &#8211; from university to practice. CIK contribute to the improvement of three-level education involving bachelor, master and doctoral degree at UPJ\u0160, close linking of the content with the needs of the economy and the labor market. They help to make future graduates more ready for practical application in the area of \u200b\u200bcompetence skills, especially as regards the development of their linguistic, communication and managerial skills and entrepreneurial skills.<\/p>\n<ul>\n<li>Overview of the CIK:<\/li>\n<li>IK1 Ethics in Biomedical Sciences for Health Practice<\/li>\n<li>IK2 Legal minimum &#8211; private aspects<\/li>\n<li>IK3 Legal minimum &#8211; public law aspects<\/li>\n<li>IK4 Project Management<\/li>\n<li>IK5 Managerial Economics<\/li>\n<li>IK6 Solving Conflict and Crisis Situations in School Practice<\/li>\n<li>IK7 Practice Statistics<\/li>\n<li>IK8 Environmental aspects of environmental burdens<\/li>\n<li>IK9 International TOEFL Certificate<\/li>\n<li>IK10 International Certificate ECo-C<\/li>\n<li>IK11 International ECDL Certificate<\/li>\n<li>IK12 Use, administration and development in SAP<\/li>\n<li>IK13 Psychological, social and cultural aspects of health<\/li>\n<li>SFS Skills for Success &#8211; From University to Practice<\/li>\n<\/ul>\n<p>Many of the CIK graduates have also received one of the <strong>internationally accredited certificates<\/strong> that are part of CIK, such as: TOEFL iBT, ECo-C, ECDL, or a certificate for working with SAP technology &#8211; CRATIFICATE SAP Academy. The selected CIKs are also offered in English.<br \/> \u00a0<\/p>\n<p><a href=\"http:\/\/ecdl.org\/\" target=\"_blank\" rel=\"noopener\"><img decoding=\"async\" alt=\"\" src=\"https:\/\/www.upjs.sk\/app\/uploads\/2022\/11\/ECDL.gif\" style=\"height:100px; width:280px\" \/><\/a>\u00a0\u00a0 <a href=\"https:\/\/www.eco-c.eu\/en\/\" target=\"_blank\" rel=\"noopener\"><img decoding=\"async\" alt=\"\" src=\"https:\/\/www.upjs.sk\/app\/uploads\/2022\/11\/ECO-C.gif\" style=\"height:92px; width:240px\" \/><\/a><\/p>\n","protected":false},"excerpt":{"rendered":"<p>UPJ\u0160 in Ko\u0161ice has a unique offer of 13 certified interdisciplinary courses (CIK) for students of all their faculties, which was extended in AR 2017\/2018 by the offer of a new subject: Skills for success &#8211; from university to practice. CIK contribute to the improvement of three-level education involving bachelor, master and doctoral degree at &hellip; <a href=\"https:\/\/www.upjs.sk\/en\/information\/current-students\/recommendation\/cic\/\">Continued<\/a><\/p>\n","protected":false},"author":1,"featured_media":39962,"parent":23696,"menu_order":2,"comment_status":"closed","ping_status":"closed","template":"","meta":{"_acf_changed":false,"_editorskit_title_hidden":false,"_editorskit_reading_time":0,"_editorskit_is_block_options_detached":false,"_editorskit_block_options_position":"{}","footnotes":""},"categories":[],"tags":[],"class_list":["post-39961","page","type-page","status-publish","has-post-thumbnail","hentry"],"acf":{"acf_link_na_externy_obsah":""},"yoast_head":"<!-- This site is optimized with the Yoast SEO plugin v27.4 - https:\/\/yoast.com\/product\/yoast-seo-wordpress\/ -->\n<title>Certified Interdisciplinary Courses - UPJ\u0160 Ko\u0161ice<\/title>\n<meta name=\"robots\" content=\"index, follow, max-snippet:-1, max-image-preview:large, max-video-preview:-1\" \/>\n<link rel=\"canonical\" href=\"https:\/\/www.upjs.sk\/en\/information\/current-students\/recommendation\/cic\/\" \/>\n<meta property=\"og:locale\" content=\"en_US\" \/>\n<meta property=\"og:type\" content=\"article\" \/>\n<meta property=\"og:title\" content=\"Certified Interdisciplinary Courses - UPJ\u0160 Ko\u0161ice\" \/>\n<meta property=\"og:description\" content=\"UPJ\u0160 in Ko\u0161ice has a unique offer of 13 certified interdisciplinary courses (CIK) for students of all their faculties, which was extended in AR 2017\/2018 by the offer of a new subject: Skills for success &#8211; from university to practice. CIK contribute to the improvement of three-level education involving bachelor, master and doctoral degree at &hellip; Continued\" \/>\n<meta property=\"og:url\" content=\"https:\/\/www.upjs.sk\/en\/information\/current-students\/recommendation\/cic\/\" \/>\n<meta property=\"og:site_name\" content=\"UPJ\u0160 Ko\u0161ice\" \/>\n<meta property=\"article:publisher\" content=\"https:\/\/www.facebook.com\/UniverzitaPavlaJozefaSafarikaVkosiciach\/\" \/>\n<meta property=\"article:modified_time\" content=\"2022-11-09T22:14:55+00:00\" \/>\n<meta property=\"og:image\" content=\"https:\/\/www.upjs.sk\/app\/uploads\/2022\/11\/ECDL.gif\" \/>\n\t<meta property=\"og:image:width\" content=\"280\" \/>\n\t<meta property=\"og:image:height\" content=\"100\" \/>\n\t<meta property=\"og:image:type\" content=\"image\/gif\" \/>\n<meta name=\"twitter:card\" content=\"summary_large_image\" \/>\n<meta name=\"twitter:site\" content=\"@UPJS_kosice\" \/>\n<meta name=\"twitter:label1\" content=\"Est. reading time\" \/>\n\t<meta name=\"twitter:data1\" content=\"1 minute\" \/>\n<script type=\"application\/ld+json\" class=\"yoast-schema-graph\">{\"@context\":\"https:\\\/\\\/schema.org\",\"@graph\":[{\"@type\":\"WebPage\",\"@id\":\"https:\\\/\\\/www.upjs.sk\\\/en\\\/information\\\/current-students\\\/recommendation\\\/cic\\\/\",\"url\":\"https:\\\/\\\/www.upjs.sk\\\/en\\\/information\\\/current-students\\\/recommendation\\\/cic\\\/\",\"name\":\"Certified Interdisciplinary Courses - UPJ\u0160 Ko\u0161ice\",\"isPartOf\":{\"@id\":\"https:\\\/\\\/www.upjs.sk\\\/en\\\/#website\"},\"primaryImageOfPage\":{\"@id\":\"https:\\\/\\\/www.upjs.sk\\\/en\\\/information\\\/current-students\\\/recommendation\\\/cic\\\/#primaryimage\"},\"image\":{\"@id\":\"https:\\\/\\\/www.upjs.sk\\\/en\\\/information\\\/current-students\\\/recommendation\\\/cic\\\/#primaryimage\"},\"thumbnailUrl\":\"https:\\\/\\\/www.upjs.sk\\\/app\\\/uploads\\\/2022\\\/11\\\/ECDL.gif\",\"datePublished\":\"2019-01-30T09:10:40+00:00\",\"dateModified\":\"2022-11-09T22:14:55+00:00\",\"breadcrumb\":{\"@id\":\"https:\\\/\\\/www.upjs.sk\\\/en\\\/information\\\/current-students\\\/recommendation\\\/cic\\\/#breadcrumb\"},\"inLanguage\":\"en-US\",\"potentialAction\":[{\"@type\":\"ReadAction\",\"target\":[\"https:\\\/\\\/www.upjs.sk\\\/en\\\/information\\\/current-students\\\/recommendation\\\/cic\\\/\"]}]},{\"@type\":\"ImageObject\",\"inLanguage\":\"en-US\",\"@id\":\"https:\\\/\\\/www.upjs.sk\\\/en\\\/information\\\/current-students\\\/recommendation\\\/cic\\\/#primaryimage\",\"url\":\"https:\\\/\\\/www.upjs.sk\\\/app\\\/uploads\\\/2022\\\/11\\\/ECDL.gif\",\"contentUrl\":\"https:\\\/\\\/www.upjs.sk\\\/app\\\/uploads\\\/2022\\\/11\\\/ECDL.gif\",\"width\":280,\"height\":100},{\"@type\":\"BreadcrumbList\",\"@id\":\"https:\\\/\\\/www.upjs.sk\\\/en\\\/information\\\/current-students\\\/recommendation\\\/cic\\\/#breadcrumb\",\"itemListElement\":[{\"@type\":\"ListItem\",\"position\":1,\"name\":\"Home\",\"item\":\"https:\\\/\\\/www.upjs.sk\\\/en\\\/\"},{\"@type\":\"ListItem\",\"position\":2,\"name\":\"Information\",\"item\":\"https:\\\/\\\/www.upjs.sk\\\/en\\\/information\\\/\"},{\"@type\":\"ListItem\",\"position\":3,\"name\":\"Current Students\",\"item\":\"https:\\\/\\\/www.upjs.sk\\\/en\\\/information\\\/current-students\\\/\"},{\"@type\":\"ListItem\",\"position\":4,\"name\":\"Further information for students\",\"item\":\"https:\\\/\\\/www.upjs.sk\\\/en\\\/information\\\/current-students\\\/recommendation\\\/\"},{\"@type\":\"ListItem\",\"position\":5,\"name\":\"Certified Interdisciplinary Courses\"}]},{\"@type\":\"WebSite\",\"@id\":\"https:\\\/\\\/www.upjs.sk\\\/en\\\/#website\",\"url\":\"https:\\\/\\\/www.upjs.sk\\\/en\\\/\",\"name\":\"UPJ\u0160 Ko\u0161ice\",\"description\":\"Wisdom of the Past, Knowledge of the Present, Education of the Future\",\"publisher\":{\"@id\":\"https:\\\/\\\/www.upjs.sk\\\/en\\\/#organization\"},\"potentialAction\":[{\"@type\":\"SearchAction\",\"target\":{\"@type\":\"EntryPoint\",\"urlTemplate\":\"https:\\\/\\\/www.upjs.sk\\\/en\\\/?s={search_term_string}\"},\"query-input\":{\"@type\":\"PropertyValueSpecification\",\"valueRequired\":true,\"valueName\":\"search_term_string\"}}],\"inLanguage\":\"en-US\"},{\"@type\":\"Organization\",\"@id\":\"https:\\\/\\\/www.upjs.sk\\\/en\\\/#organization\",\"name\":\"UPJ\u0160 Ko\u0161ice\",\"url\":\"https:\\\/\\\/www.upjs.sk\\\/en\\\/\",\"logo\":{\"@type\":\"ImageObject\",\"inLanguage\":\"en-US\",\"@id\":\"https:\\\/\\\/www.upjs.sk\\\/en\\\/#\\\/schema\\\/logo\\\/image\\\/\",\"url\":\"https:\\\/\\\/www.upjs.sk\\\/app\\\/uploads\\\/2023\\\/01\\\/UPJS_ENG_esymbol.svg\",\"contentUrl\":\"https:\\\/\\\/www.upjs.sk\\\/app\\\/uploads\\\/2023\\\/01\\\/UPJS_ENG_esymbol.svg\",\"width\":448,\"height\":139,\"caption\":\"UPJ\u0160 Ko\u0161ice\"},\"image\":{\"@id\":\"https:\\\/\\\/www.upjs.sk\\\/en\\\/#\\\/schema\\\/logo\\\/image\\\/\"},\"sameAs\":[\"https:\\\/\\\/www.facebook.com\\\/UniverzitaPavlaJozefaSafarikaVkosiciach\\\/\",\"https:\\\/\\\/x.com\\\/UPJS_kosice\",\"https:\\\/\\\/www.instagram.com\\\/upjs_kosice\",\"https:\\\/\\\/www.linkedin.com\\\/company\\\/pavol-jozef-afrik-university-in-koice\\\/\"]}]}<\/script>\n<!-- \/ Yoast SEO plugin. -->","yoast_head_json":{"title":"Certified Interdisciplinary Courses - UPJ\u0160 Ko\u0161ice","robots":{"index":"index","follow":"follow","max-snippet":"max-snippet:-1","max-image-preview":"max-image-preview:large","max-video-preview":"max-video-preview:-1"},"canonical":"https:\/\/www.upjs.sk\/en\/information\/current-students\/recommendation\/cic\/","og_locale":"en_US","og_type":"article","og_title":"Certified Interdisciplinary Courses - UPJ\u0160 Ko\u0161ice","og_description":"UPJ\u0160 in Ko\u0161ice has a unique offer of 13 certified interdisciplinary courses (CIK) for students of all their faculties, which was extended in AR 2017\/2018 by the offer of a new subject: Skills for success &#8211; from university to practice. CIK contribute to the improvement of three-level education involving bachelor, master and doctoral degree at &hellip; Continued","og_url":"https:\/\/www.upjs.sk\/en\/information\/current-students\/recommendation\/cic\/","og_site_name":"UPJ\u0160 Ko\u0161ice","article_publisher":"https:\/\/www.facebook.com\/UniverzitaPavlaJozefaSafarikaVkosiciach\/","article_modified_time":"2022-11-09T22:14:55+00:00","og_image":[{"width":280,"height":100,"url":"https:\/\/www.upjs.sk\/app\/uploads\/2022\/11\/ECDL.gif","type":"image\/gif"}],"twitter_card":"summary_large_image","twitter_site":"@UPJS_kosice","twitter_misc":{"Est. reading time":"1 minute"},"schema":{"@context":"https:\/\/schema.org","@graph":[{"@type":"WebPage","@id":"https:\/\/www.upjs.sk\/en\/information\/current-students\/recommendation\/cic\/","url":"https:\/\/www.upjs.sk\/en\/information\/current-students\/recommendation\/cic\/","name":"Certified Interdisciplinary Courses - UPJ\u0160 Ko\u0161ice","isPartOf":{"@id":"https:\/\/www.upjs.sk\/en\/#website"},"primaryImageOfPage":{"@id":"https:\/\/www.upjs.sk\/en\/information\/current-students\/recommendation\/cic\/#primaryimage"},"image":{"@id":"https:\/\/www.upjs.sk\/en\/information\/current-students\/recommendation\/cic\/#primaryimage"},"thumbnailUrl":"https:\/\/www.upjs.sk\/app\/uploads\/2022\/11\/ECDL.gif","datePublished":"2019-01-30T09:10:40+00:00","dateModified":"2022-11-09T22:14:55+00:00","breadcrumb":{"@id":"https:\/\/www.upjs.sk\/en\/information\/current-students\/recommendation\/cic\/#breadcrumb"},"inLanguage":"en-US","potentialAction":[{"@type":"ReadAction","target":["https:\/\/www.upjs.sk\/en\/information\/current-students\/recommendation\/cic\/"]}]},{"@type":"ImageObject","inLanguage":"en-US","@id":"https:\/\/www.upjs.sk\/en\/information\/current-students\/recommendation\/cic\/#primaryimage","url":"https:\/\/www.upjs.sk\/app\/uploads\/2022\/11\/ECDL.gif","contentUrl":"https:\/\/www.upjs.sk\/app\/uploads\/2022\/11\/ECDL.gif","width":280,"height":100},{"@type":"BreadcrumbList","@id":"https:\/\/www.upjs.sk\/en\/information\/current-students\/recommendation\/cic\/#breadcrumb","itemListElement":[{"@type":"ListItem","position":1,"name":"Home","item":"https:\/\/www.upjs.sk\/en\/"},{"@type":"ListItem","position":2,"name":"Information","item":"https:\/\/www.upjs.sk\/en\/information\/"},{"@type":"ListItem","position":3,"name":"Current Students","item":"https:\/\/www.upjs.sk\/en\/information\/current-students\/"},{"@type":"ListItem","position":4,"name":"Further information for students","item":"https:\/\/www.upjs.sk\/en\/information\/current-students\/recommendation\/"},{"@type":"ListItem","position":5,"name":"Certified Interdisciplinary Courses"}]},{"@type":"WebSite","@id":"https:\/\/www.upjs.sk\/en\/#website","url":"https:\/\/www.upjs.sk\/en\/","name":"UPJ\u0160 Ko\u0161ice","description":"Wisdom of the Past, Knowledge of the Present, Education of the Future","publisher":{"@id":"https:\/\/www.upjs.sk\/en\/#organization"},"potentialAction":[{"@type":"SearchAction","target":{"@type":"EntryPoint","urlTemplate":"https:\/\/www.upjs.sk\/en\/?s={search_term_string}"},"query-input":{"@type":"PropertyValueSpecification","valueRequired":true,"valueName":"search_term_string"}}],"inLanguage":"en-US"},{"@type":"Organization","@id":"https:\/\/www.upjs.sk\/en\/#organization","name":"UPJ\u0160 Ko\u0161ice","url":"https:\/\/www.upjs.sk\/en\/","logo":{"@type":"ImageObject","inLanguage":"en-US","@id":"https:\/\/www.upjs.sk\/en\/#\/schema\/logo\/image\/","url":"https:\/\/www.upjs.sk\/app\/uploads\/2023\/01\/UPJS_ENG_esymbol.svg","contentUrl":"https:\/\/www.upjs.sk\/app\/uploads\/2023\/01\/UPJS_ENG_esymbol.svg","width":448,"height":139,"caption":"UPJ\u0160 Ko\u0161ice"},"image":{"@id":"https:\/\/www.upjs.sk\/en\/#\/schema\/logo\/image\/"},"sameAs":["https:\/\/www.facebook.com\/UniverzitaPavlaJozefaSafarikaVkosiciach\/","https:\/\/x.com\/UPJS_kosice","https:\/\/www.instagram.com\/upjs_kosice","https:\/\/www.linkedin.com\/company\/pavol-jozef-afrik-university-in-koice\/"]}]}},"_links":{"self":[{"href":"https:\/\/www.upjs.sk\/en\/wp-json\/wp\/v2\/pages\/39961","targetHints":{"allow":["GET"]}}],"collection":[{"href":"https:\/\/www.upjs.sk\/en\/wp-json\/wp\/v2\/pages"}],"about":[{"href":"https:\/\/www.upjs.sk\/en\/wp-json\/wp\/v2\/types\/page"}],"author":[{"embeddable":true,"href":"https:\/\/www.upjs.sk\/en\/wp-json\/wp\/v2\/users\/1"}],"replies":[{"embeddable":true,"href":"https:\/\/www.upjs.sk\/en\/wp-json\/wp\/v2\/comments?post=39961"}],"version-history":[{"count":1,"href":"https:\/\/www.upjs.sk\/en\/wp-json\/wp\/v2\/pages\/39961\/revisions"}],"predecessor-version":[{"id":39968,"href":"https:\/\/www.upjs.sk\/en\/wp-json\/wp\/v2\/pages\/39961\/revisions\/39968"}],"up":[{"embeddable":true,"href":"https:\/\/www.upjs.sk\/en\/wp-json\/wp\/v2\/pages\/23696"}],"wp:featuredmedia":[{"embeddable":true,"href":"https:\/\/www.upjs.sk\/en\/wp-json\/wp\/v2\/media\/39962"}],"wp:attachment":[{"href":"https:\/\/www.upjs.sk\/en\/wp-json\/wp\/v2\/media?parent=39961"}],"wp:term":[{"taxonomy":"category","embeddable":true,"href":"https:\/\/www.upjs.sk\/en\/wp-json\/wp\/v2\/categories?post=39961"},{"taxonomy":"post_tag","embeddable":true,"href":"https:\/\/www.upjs.sk\/en\/wp-json\/wp\/v2\/tags?post=39961"}],"curies":[{"name":"wp","href":"https:\/\/api.w.org\/{rel}","templated":true}]}}