{"id":40021,"date":"2016-10-28T14:23:50","date_gmt":"2016-10-28T14:23:50","guid":{"rendered":"https:\/\/www.upjs.sk\/information\/science-research-and-development-kat_id-327\/scientific-and-research-activities-phd-studies-kat_id-353\/research-projects-kat_id-2079\/survey-of-reseach-projects\/"},"modified":"2016-10-28T14:23:50","modified_gmt":"2016-10-28T14:23:50","slug":"survey-of-reseach-projects","status":"publish","type":"page","link":"https:\/\/www.upjs.sk\/en\/information\/science-and-research\/scientific-and-research-activities-phd-studies\/research-projects\/survey-of-reseach-projects\/","title":{"rendered":"Survey of research projects of Pavol Jozef \u0160af\u00e1rik University in Ko\u0161ice"},"content":{"rendered":"<ul>\n<li><a href=\"\/public\/media\/14633\/survey-of-research-projects-of-upjs-2015.pdf\" target=\"_blank\" rel=\"noopener\">Survey of research projects of Pavol Jozef \u0160af\u00e1rik University in Ko\u0161ice in 2015<\/a><\/li>\n<li><a href=\"\/public\/media\/14633\/survey-of-research-projects-of-upjs-2014.pdf\" target=\"_blank\" rel=\"noopener\">Survey of research projects of Pavol Jozef \u0160af\u00e1rik University in Ko\u0161ice in 2014<\/a><\/li>\n<li><a href=\"\/public\/media\/14633\/survey-of-research-projects-of-upjs-2013.pdf\" target=\"_blank\" rel=\"noopener\">Survey of research projects of Pavol Jozef \u0160af\u00e1rik University in Ko\u0161ice in 2013<\/a><\/li>\n<li><a href=\"\/public\/media\/14633\/survey-of-research-projects-of-upjs-2012.pdf\" target=\"_blank\" rel=\"noopener\">Survey of research projects of Pavol Jozef \u0160af\u00e1rik University in Ko\u0161ice in 2012<\/a><\/li>\n<li><a href=\"\/public\/media\/14633\/survey-of-research-projects-of-upjs-2011.pdf\" target=\"_blank\" rel=\"noopener\">Survey of research projects of Pavol Jozef \u0160af\u00e1rik University in Ko\u0161ice in 2011<\/a><\/li>\n<li><a href=\"\/public\/media\/14633\/survey-of-research-projects-of-upjs-2010.pdf\" target=\"_blank\" rel=\"noopener\">Survey of research projects of Pavol Jozef \u0160af\u00e1rik University in Ko\u0161ice in 2010<\/a><\/li>\n<li><a href=\"\/public\/media\/14633\/survey-of-research-projects-of-upjs-2009.pdf\" target=\"_blank\" rel=\"noopener\">Survey of research projects of Pavol Jozef \u0160af\u00e1rik University in Ko\u0161ice in 2009<\/a><\/li>\n<li><a href=\"\/public\/media\/14633\/survey-of-research-projects-of-upjs-2008.pdf\" target=\"_blank\" rel=\"noopener\">Survey of research projects of Pavol Jozef \u0160af\u00e1rik University in Ko\u0161ice in 2008<\/a>\n<p> \t\u00a0<\/li>\n<\/ul>\n","protected":false},"excerpt":{"rendered":"<p>Survey of research projects of Pavol Jozef \u0160af\u00e1rik University in Ko\u0161ice in 2015 Survey of research projects of Pavol Jozef \u0160af\u00e1rik University in Ko\u0161ice in 2014 Survey of research projects of Pavol Jozef \u0160af\u00e1rik University in Ko\u0161ice in 2013 Survey of research projects of Pavol Jozef \u0160af\u00e1rik University in Ko\u0161ice in 2012 Survey of research &hellip; <a href=\"https:\/\/www.upjs.sk\/en\/information\/science-and-research\/scientific-and-research-activities-phd-studies\/research-projects\/survey-of-reseach-projects\/\">Continued<\/a><\/p>\n","protected":false},"author":1,"featured_media":0,"parent":24634,"menu_order":1,"comment_status":"closed","ping_status":"closed","template":"","meta":{"_acf_changed":false,"_editorskit_title_hidden":false,"_editorskit_reading_time":0,"_editorskit_is_block_options_detached":false,"_editorskit_block_options_position":"{}","footnotes":""},"categories":[],"tags":[],"class_list":["post-40021","page","type-page","status-publish","hentry"],"acf":{"acf_link_na_externy_obsah":""},"yoast_head":"<!-- This site is optimized with the Yoast SEO plugin v27.2 - https:\/\/yoast.com\/product\/yoast-seo-wordpress\/ -->\n<title>Survey of research projects of Pavol Jozef \u0160af\u00e1rik University in Ko\u0161ice - UPJ\u0160 Ko\u0161ice<\/title>\n<meta name=\"robots\" content=\"index, follow, max-snippet:-1, max-image-preview:large, max-video-preview:-1\" \/>\n<link rel=\"canonical\" href=\"https:\/\/www.upjs.sk\/en\/information\/science-and-research\/scientific-and-research-activities-phd-studies\/research-projects\/survey-of-reseach-projects\/\" \/>\n<meta property=\"og:locale\" content=\"en_US\" \/>\n<meta property=\"og:type\" content=\"article\" \/>\n<meta property=\"og:title\" content=\"Survey of research projects of Pavol Jozef \u0160af\u00e1rik University in Ko\u0161ice - UPJ\u0160 Ko\u0161ice\" \/>\n<meta property=\"og:description\" content=\"Survey of research projects of Pavol Jozef \u0160af\u00e1rik University in Ko\u0161ice in 2015 Survey of research projects of Pavol Jozef \u0160af\u00e1rik University in Ko\u0161ice in 2014 Survey of research projects of Pavol Jozef \u0160af\u00e1rik University in Ko\u0161ice in 2013 Survey of research projects of Pavol Jozef \u0160af\u00e1rik University in Ko\u0161ice in 2012 Survey of research &hellip; Continued\" \/>\n<meta property=\"og:url\" content=\"https:\/\/www.upjs.sk\/en\/information\/science-and-research\/scientific-and-research-activities-phd-studies\/research-projects\/survey-of-reseach-projects\/\" \/>\n<meta property=\"og:site_name\" content=\"UPJ\u0160 Ko\u0161ice\" \/>\n<meta property=\"article:publisher\" content=\"https:\/\/www.facebook.com\/UniverzitaPavlaJozefaSafarikaVkosiciach\/\" \/>\n<meta name=\"twitter:card\" content=\"summary_large_image\" \/>\n<meta name=\"twitter:site\" content=\"@UPJS_kosice\" \/>\n<meta name=\"twitter:label1\" content=\"Est. reading time\" \/>\n\t<meta name=\"twitter:data1\" content=\"1 minute\" \/>\n<script type=\"application\/ld+json\" class=\"yoast-schema-graph\">{\"@context\":\"https:\/\/schema.org\",\"@graph\":[{\"@type\":\"WebPage\",\"@id\":\"https:\/\/www.upjs.sk\/en\/information\/science-and-research\/scientific-and-research-activities-phd-studies\/research-projects\/survey-of-reseach-projects\/\",\"url\":\"https:\/\/www.upjs.sk\/en\/information\/science-and-research\/scientific-and-research-activities-phd-studies\/research-projects\/survey-of-reseach-projects\/\",\"name\":\"Survey of research projects of Pavol Jozef \u0160af\u00e1rik University in Ko\u0161ice - UPJ\u0160 Ko\u0161ice\",\"isPartOf\":{\"@id\":\"https:\/\/www.upjs.sk\/en\/#website\"},\"datePublished\":\"2016-10-28T14:23:50+00:00\",\"breadcrumb\":{\"@id\":\"https:\/\/www.upjs.sk\/en\/information\/science-and-research\/scientific-and-research-activities-phd-studies\/research-projects\/survey-of-reseach-projects\/#breadcrumb\"},\"inLanguage\":\"en-US\",\"potentialAction\":[{\"@type\":\"ReadAction\",\"target\":[\"https:\/\/www.upjs.sk\/en\/information\/science-and-research\/scientific-and-research-activities-phd-studies\/research-projects\/survey-of-reseach-projects\/\"]}]},{\"@type\":\"BreadcrumbList\",\"@id\":\"https:\/\/www.upjs.sk\/en\/information\/science-and-research\/scientific-and-research-activities-phd-studies\/research-projects\/survey-of-reseach-projects\/#breadcrumb\",\"itemListElement\":[{\"@type\":\"ListItem\",\"position\":1,\"name\":\"Home\",\"item\":\"https:\/\/www.upjs.sk\/en\/\"},{\"@type\":\"ListItem\",\"position\":2,\"name\":\"Information\",\"item\":\"https:\/\/www.upjs.sk\/en\/information\/\"},{\"@type\":\"ListItem\",\"position\":3,\"name\":\"Science, Research and Development\",\"item\":\"https:\/\/www.upjs.sk\/en\/information\/science-and-research\/\"},{\"@type\":\"ListItem\",\"position\":4,\"name\":\"Scientific and Research Activities, PhD Studies\",\"item\":\"https:\/\/www.upjs.sk\/en\/information\/science-and-research\/scientific-and-research-activities-phd-studies\/\"},{\"@type\":\"ListItem\",\"position\":5,\"name\":\"Research Projects\",\"item\":\"https:\/\/www.upjs.sk\/en\/information\/science-and-research\/scientific-and-research-activities-phd-studies\/research-projects\/\"},{\"@type\":\"ListItem\",\"position\":6,\"name\":\"Survey of research projects of Pavol Jozef \u0160af\u00e1rik University in Ko\u0161ice\"}]},{\"@type\":\"WebSite\",\"@id\":\"https:\/\/www.upjs.sk\/en\/#website\",\"url\":\"https:\/\/www.upjs.sk\/en\/\",\"name\":\"UPJ\u0160 Ko\u0161ice\",\"description\":\"Wisdom of the Past, Knowledge of the Present, Education of the Future\",\"publisher\":{\"@id\":\"https:\/\/www.upjs.sk\/en\/#organization\"},\"potentialAction\":[{\"@type\":\"SearchAction\",\"target\":{\"@type\":\"EntryPoint\",\"urlTemplate\":\"https:\/\/www.upjs.sk\/en\/?s={search_term_string}\"},\"query-input\":{\"@type\":\"PropertyValueSpecification\",\"valueRequired\":true,\"valueName\":\"search_term_string\"}}],\"inLanguage\":\"en-US\"},{\"@type\":\"Organization\",\"@id\":\"https:\/\/www.upjs.sk\/en\/#organization\",\"name\":\"UPJ\u0160 Ko\u0161ice\",\"url\":\"https:\/\/www.upjs.sk\/en\/\",\"logo\":{\"@type\":\"ImageObject\",\"inLanguage\":\"en-US\",\"@id\":\"https:\/\/www.upjs.sk\/en\/#\/schema\/logo\/image\/\",\"url\":\"https:\/\/www.upjs.sk\/app\/uploads\/2023\/01\/UPJS_ENG_esymbol.svg\",\"contentUrl\":\"https:\/\/www.upjs.sk\/app\/uploads\/2023\/01\/UPJS_ENG_esymbol.svg\",\"width\":448,\"height\":139,\"caption\":\"UPJ\u0160 Ko\u0161ice\"},\"image\":{\"@id\":\"https:\/\/www.upjs.sk\/en\/#\/schema\/logo\/image\/\"},\"sameAs\":[\"https:\/\/www.facebook.com\/UniverzitaPavlaJozefaSafarikaVkosiciach\/\",\"https:\/\/x.com\/UPJS_kosice\",\"https:\/\/www.instagram.com\/upjs_kosice\",\"https:\/\/www.linkedin.com\/company\/pavol-jozef-afrik-university-in-koice\/\"]}]}<\/script>\n<!-- \/ Yoast SEO plugin. -->","yoast_head_json":{"title":"Survey of research projects of Pavol Jozef \u0160af\u00e1rik University in Ko\u0161ice - UPJ\u0160 Ko\u0161ice","robots":{"index":"index","follow":"follow","max-snippet":"max-snippet:-1","max-image-preview":"max-image-preview:large","max-video-preview":"max-video-preview:-1"},"canonical":"https:\/\/www.upjs.sk\/en\/information\/science-and-research\/scientific-and-research-activities-phd-studies\/research-projects\/survey-of-reseach-projects\/","og_locale":"en_US","og_type":"article","og_title":"Survey of research projects of Pavol Jozef \u0160af\u00e1rik University in Ko\u0161ice - UPJ\u0160 Ko\u0161ice","og_description":"Survey of research projects of Pavol Jozef \u0160af\u00e1rik University in Ko\u0161ice in 2015 Survey of research projects of Pavol Jozef \u0160af\u00e1rik University in Ko\u0161ice in 2014 Survey of research projects of Pavol Jozef \u0160af\u00e1rik University in Ko\u0161ice in 2013 Survey of research projects of Pavol Jozef \u0160af\u00e1rik University in Ko\u0161ice in 2012 Survey of research &hellip; Continued","og_url":"https:\/\/www.upjs.sk\/en\/information\/science-and-research\/scientific-and-research-activities-phd-studies\/research-projects\/survey-of-reseach-projects\/","og_site_name":"UPJ\u0160 Ko\u0161ice","article_publisher":"https:\/\/www.facebook.com\/UniverzitaPavlaJozefaSafarikaVkosiciach\/","twitter_card":"summary_large_image","twitter_site":"@UPJS_kosice","twitter_misc":{"Est. reading time":"1 minute"},"schema":{"@context":"https:\/\/schema.org","@graph":[{"@type":"WebPage","@id":"https:\/\/www.upjs.sk\/en\/information\/science-and-research\/scientific-and-research-activities-phd-studies\/research-projects\/survey-of-reseach-projects\/","url":"https:\/\/www.upjs.sk\/en\/information\/science-and-research\/scientific-and-research-activities-phd-studies\/research-projects\/survey-of-reseach-projects\/","name":"Survey of research projects of Pavol Jozef \u0160af\u00e1rik University in Ko\u0161ice - UPJ\u0160 Ko\u0161ice","isPartOf":{"@id":"https:\/\/www.upjs.sk\/en\/#website"},"datePublished":"2016-10-28T14:23:50+00:00","breadcrumb":{"@id":"https:\/\/www.upjs.sk\/en\/information\/science-and-research\/scientific-and-research-activities-phd-studies\/research-projects\/survey-of-reseach-projects\/#breadcrumb"},"inLanguage":"en-US","potentialAction":[{"@type":"ReadAction","target":["https:\/\/www.upjs.sk\/en\/information\/science-and-research\/scientific-and-research-activities-phd-studies\/research-projects\/survey-of-reseach-projects\/"]}]},{"@type":"BreadcrumbList","@id":"https:\/\/www.upjs.sk\/en\/information\/science-and-research\/scientific-and-research-activities-phd-studies\/research-projects\/survey-of-reseach-projects\/#breadcrumb","itemListElement":[{"@type":"ListItem","position":1,"name":"Home","item":"https:\/\/www.upjs.sk\/en\/"},{"@type":"ListItem","position":2,"name":"Information","item":"https:\/\/www.upjs.sk\/en\/information\/"},{"@type":"ListItem","position":3,"name":"Science, Research and Development","item":"https:\/\/www.upjs.sk\/en\/information\/science-and-research\/"},{"@type":"ListItem","position":4,"name":"Scientific and Research Activities, PhD Studies","item":"https:\/\/www.upjs.sk\/en\/information\/science-and-research\/scientific-and-research-activities-phd-studies\/"},{"@type":"ListItem","position":5,"name":"Research Projects","item":"https:\/\/www.upjs.sk\/en\/information\/science-and-research\/scientific-and-research-activities-phd-studies\/research-projects\/"},{"@type":"ListItem","position":6,"name":"Survey of research projects of Pavol Jozef \u0160af\u00e1rik University in Ko\u0161ice"}]},{"@type":"WebSite","@id":"https:\/\/www.upjs.sk\/en\/#website","url":"https:\/\/www.upjs.sk\/en\/","name":"UPJ\u0160 Ko\u0161ice","description":"Wisdom of the Past, Knowledge of the Present, Education of the Future","publisher":{"@id":"https:\/\/www.upjs.sk\/en\/#organization"},"potentialAction":[{"@type":"SearchAction","target":{"@type":"EntryPoint","urlTemplate":"https:\/\/www.upjs.sk\/en\/?s={search_term_string}"},"query-input":{"@type":"PropertyValueSpecification","valueRequired":true,"valueName":"search_term_string"}}],"inLanguage":"en-US"},{"@type":"Organization","@id":"https:\/\/www.upjs.sk\/en\/#organization","name":"UPJ\u0160 Ko\u0161ice","url":"https:\/\/www.upjs.sk\/en\/","logo":{"@type":"ImageObject","inLanguage":"en-US","@id":"https:\/\/www.upjs.sk\/en\/#\/schema\/logo\/image\/","url":"https:\/\/www.upjs.sk\/app\/uploads\/2023\/01\/UPJS_ENG_esymbol.svg","contentUrl":"https:\/\/www.upjs.sk\/app\/uploads\/2023\/01\/UPJS_ENG_esymbol.svg","width":448,"height":139,"caption":"UPJ\u0160 Ko\u0161ice"},"image":{"@id":"https:\/\/www.upjs.sk\/en\/#\/schema\/logo\/image\/"},"sameAs":["https:\/\/www.facebook.com\/UniverzitaPavlaJozefaSafarikaVkosiciach\/","https:\/\/x.com\/UPJS_kosice","https:\/\/www.instagram.com\/upjs_kosice","https:\/\/www.linkedin.com\/company\/pavol-jozef-afrik-university-in-koice\/"]}]}},"_links":{"self":[{"href":"https:\/\/www.upjs.sk\/en\/wp-json\/wp\/v2\/pages\/40021","targetHints":{"allow":["GET"]}}],"collection":[{"href":"https:\/\/www.upjs.sk\/en\/wp-json\/wp\/v2\/pages"}],"about":[{"href":"https:\/\/www.upjs.sk\/en\/wp-json\/wp\/v2\/types\/page"}],"author":[{"embeddable":true,"href":"https:\/\/www.upjs.sk\/en\/wp-json\/wp\/v2\/users\/1"}],"replies":[{"embeddable":true,"href":"https:\/\/www.upjs.sk\/en\/wp-json\/wp\/v2\/comments?post=40021"}],"version-history":[{"count":0,"href":"https:\/\/www.upjs.sk\/en\/wp-json\/wp\/v2\/pages\/40021\/revisions"}],"up":[{"embeddable":true,"href":"https:\/\/www.upjs.sk\/en\/wp-json\/wp\/v2\/pages\/24634"}],"wp:attachment":[{"href":"https:\/\/www.upjs.sk\/en\/wp-json\/wp\/v2\/media?parent=40021"}],"wp:term":[{"taxonomy":"category","embeddable":true,"href":"https:\/\/www.upjs.sk\/en\/wp-json\/wp\/v2\/categories?post=40021"},{"taxonomy":"post_tag","embeddable":true,"href":"https:\/\/www.upjs.sk\/en\/wp-json\/wp\/v2\/tags?post=40021"}],"curies":[{"name":"wp","href":"https:\/\/api.w.org\/{rel}","templated":true}]}}