{"id":40116,"date":"2017-02-03T11:12:44","date_gmt":"2017-02-03T11:12:44","guid":{"rendered":""},"modified":"2022-11-09T22:17:03","modified_gmt":"2022-11-09T22:17:03","slug":"rndr-r-tarasenko","status":"publish","type":"page","link":"https:\/\/www.upjs.sk\/en\/information\/science-and-research\/scientific-and-research-activities-phd-studies\/top-research-teams\/qmagna-upjs\/about-the-team\/rndr-r-tarasenko\/","title":{"rendered":"RNDr. R\u00f3bert Tarasenko, Ph.D."},"content":{"rendered":"<p style=\"text-align: justify;\"><strong>Dr. R. Tarasenko<\/strong> devotes his research activities to the preparation, characterization, and study of magnetic properties of low-dimensional magnetic systems, such as organometallic quasi-two-dimensional quantum antiferromagnets based on Cu(II) ions. He studies the influence of spatial and spin anisotropy on the character of the ground state of studied systems [<em>R. Tarasenko et al., Phys. Rev. B 87 (2013) 174401<\/em>]. He also contributes to experimental studies of the compounds with giant magnetocaloric effect, in which the release or absorption of energy is observed when the external magnetic field changes (Fig. 5) [<em>F. S. Guo et al., Chem. \u2013 Eur. J. 19 (2013) 14876<\/em>].<br \/> \u00a0<\/p>\n<p style=\"text-align: center;\"><img decoding=\"async\" alt=\"\" src=\"https:\/\/www.upjs.sk\/app\/uploads\/2022\/09\/obr-tarasenko.gif\" style=\"height:395px; width:400px\" \/><\/p>\n<p style=\"text-align: justify;\"> Fig. 5: Diagram of the magnetocaloric cooling cycle and of an analogous cycle of traditional cooling by evaporating the medium in the evaporator. [<a href=\"https:\/\/cs.wikipedia.org\/wiki\/Magnetokalorick%C3%BDjev\" target=\"_blank\" rel=\"noopener\">https:\/\/cs.wikipedia.org\/wiki\/Magnetokalorick%C3%BDjev<\/a>]<\/p>\n","protected":false},"excerpt":{"rendered":"<p>Dr. R. Tarasenko devotes his research activities to the preparation, characterization, and study of magnetic properties of low-dimensional magnetic systems, such as organometallic quasi-two-dimensional quantum antiferromagnets based on Cu(II) ions. He studies the influence of spatial and spin anisotropy on the character of the ground state of studied systems [R. Tarasenko et al., Phys. Rev. &hellip; <a href=\"https:\/\/www.upjs.sk\/en\/information\/science-and-research\/scientific-and-research-activities-phd-studies\/top-research-teams\/qmagna-upjs\/about-the-team\/rndr-r-tarasenko\/\">Continued<\/a><\/p>\n","protected":false},"author":1,"featured_media":9069,"parent":24903,"menu_order":1,"comment_status":"closed","ping_status":"closed","template":"","meta":{"_acf_changed":false,"_editorskit_title_hidden":false,"_editorskit_reading_time":0,"_editorskit_is_block_options_detached":false,"_editorskit_block_options_position":"{}","footnotes":""},"categories":[],"tags":[],"class_list":["post-40116","page","type-page","status-publish","has-post-thumbnail","hentry"],"acf":{"acf_link_na_externy_obsah":""},"yoast_head":"<!-- This site is optimized with the Yoast SEO plugin v27.4 - https:\/\/yoast.com\/product\/yoast-seo-wordpress\/ -->\n<title>RNDr. R\u00f3bert Tarasenko, Ph.D. - UPJ\u0160 Ko\u0161ice<\/title>\n<meta name=\"robots\" content=\"index, follow, max-snippet:-1, max-image-preview:large, max-video-preview:-1\" \/>\n<link rel=\"canonical\" href=\"https:\/\/www.upjs.sk\/en\/information\/science-and-research\/scientific-and-research-activities-phd-studies\/top-research-teams\/qmagna-upjs\/about-the-team\/rndr-r-tarasenko\/\" \/>\n<meta property=\"og:locale\" content=\"en_US\" \/>\n<meta property=\"og:type\" content=\"article\" \/>\n<meta property=\"og:title\" content=\"RNDr. R\u00f3bert Tarasenko, Ph.D. - UPJ\u0160 Ko\u0161ice\" \/>\n<meta property=\"og:description\" content=\"Dr. R. Tarasenko devotes his research activities to the preparation, characterization, and study of magnetic properties of low-dimensional magnetic systems, such as organometallic quasi-two-dimensional quantum antiferromagnets based on Cu(II) ions. He studies the influence of spatial and spin anisotropy on the character of the ground state of studied systems [R. Tarasenko et al., Phys. Rev. &hellip; Continued\" \/>\n<meta property=\"og:url\" content=\"https:\/\/www.upjs.sk\/en\/information\/science-and-research\/scientific-and-research-activities-phd-studies\/top-research-teams\/qmagna-upjs\/about-the-team\/rndr-r-tarasenko\/\" \/>\n<meta property=\"og:site_name\" content=\"UPJ\u0160 Ko\u0161ice\" \/>\n<meta property=\"article:publisher\" content=\"https:\/\/www.facebook.com\/UniverzitaPavlaJozefaSafarikaVkosiciach\/\" \/>\n<meta property=\"article:modified_time\" content=\"2022-11-09T22:17:03+00:00\" \/>\n<meta property=\"og:image\" content=\"https:\/\/www.upjs.sk\/app\/uploads\/2022\/09\/obr-tarasenko.gif\" \/>\n\t<meta property=\"og:image:width\" content=\"400\" \/>\n\t<meta property=\"og:image:height\" content=\"395\" \/>\n\t<meta property=\"og:image:type\" content=\"image\/gif\" \/>\n<meta name=\"twitter:card\" content=\"summary_large_image\" \/>\n<meta name=\"twitter:site\" content=\"@UPJS_kosice\" \/>\n<meta name=\"twitter:label1\" content=\"Est. reading time\" \/>\n\t<meta name=\"twitter:data1\" content=\"1 minute\" \/>\n<script type=\"application\/ld+json\" class=\"yoast-schema-graph\">{\"@context\":\"https:\\\/\\\/schema.org\",\"@graph\":[{\"@type\":\"WebPage\",\"@id\":\"https:\\\/\\\/www.upjs.sk\\\/en\\\/information\\\/science-and-research\\\/scientific-and-research-activities-phd-studies\\\/top-research-teams\\\/qmagna-upjs\\\/about-the-team\\\/rndr-r-tarasenko\\\/\",\"url\":\"https:\\\/\\\/www.upjs.sk\\\/en\\\/information\\\/science-and-research\\\/scientific-and-research-activities-phd-studies\\\/top-research-teams\\\/qmagna-upjs\\\/about-the-team\\\/rndr-r-tarasenko\\\/\",\"name\":\"RNDr. R\u00f3bert Tarasenko, Ph.D. - UPJ\u0160 Ko\u0161ice\",\"isPartOf\":{\"@id\":\"https:\\\/\\\/www.upjs.sk\\\/en\\\/#website\"},\"primaryImageOfPage\":{\"@id\":\"https:\\\/\\\/www.upjs.sk\\\/en\\\/information\\\/science-and-research\\\/scientific-and-research-activities-phd-studies\\\/top-research-teams\\\/qmagna-upjs\\\/about-the-team\\\/rndr-r-tarasenko\\\/#primaryimage\"},\"image\":{\"@id\":\"https:\\\/\\\/www.upjs.sk\\\/en\\\/information\\\/science-and-research\\\/scientific-and-research-activities-phd-studies\\\/top-research-teams\\\/qmagna-upjs\\\/about-the-team\\\/rndr-r-tarasenko\\\/#primaryimage\"},\"thumbnailUrl\":\"https:\\\/\\\/www.upjs.sk\\\/app\\\/uploads\\\/2022\\\/09\\\/obr-tarasenko.gif\",\"datePublished\":\"2017-02-03T11:12:44+00:00\",\"dateModified\":\"2022-11-09T22:17:03+00:00\",\"breadcrumb\":{\"@id\":\"https:\\\/\\\/www.upjs.sk\\\/en\\\/information\\\/science-and-research\\\/scientific-and-research-activities-phd-studies\\\/top-research-teams\\\/qmagna-upjs\\\/about-the-team\\\/rndr-r-tarasenko\\\/#breadcrumb\"},\"inLanguage\":\"en-US\",\"potentialAction\":[{\"@type\":\"ReadAction\",\"target\":[\"https:\\\/\\\/www.upjs.sk\\\/en\\\/information\\\/science-and-research\\\/scientific-and-research-activities-phd-studies\\\/top-research-teams\\\/qmagna-upjs\\\/about-the-team\\\/rndr-r-tarasenko\\\/\"]}]},{\"@type\":\"ImageObject\",\"inLanguage\":\"en-US\",\"@id\":\"https:\\\/\\\/www.upjs.sk\\\/en\\\/information\\\/science-and-research\\\/scientific-and-research-activities-phd-studies\\\/top-research-teams\\\/qmagna-upjs\\\/about-the-team\\\/rndr-r-tarasenko\\\/#primaryimage\",\"url\":\"https:\\\/\\\/www.upjs.sk\\\/app\\\/uploads\\\/2022\\\/09\\\/obr-tarasenko.gif\",\"contentUrl\":\"https:\\\/\\\/www.upjs.sk\\\/app\\\/uploads\\\/2022\\\/09\\\/obr-tarasenko.gif\",\"width\":400,\"height\":395},{\"@type\":\"BreadcrumbList\",\"@id\":\"https:\\\/\\\/www.upjs.sk\\\/en\\\/information\\\/science-and-research\\\/scientific-and-research-activities-phd-studies\\\/top-research-teams\\\/qmagna-upjs\\\/about-the-team\\\/rndr-r-tarasenko\\\/#breadcrumb\",\"itemListElement\":[{\"@type\":\"ListItem\",\"position\":1,\"name\":\"Home\",\"item\":\"https:\\\/\\\/www.upjs.sk\\\/en\\\/\"},{\"@type\":\"ListItem\",\"position\":2,\"name\":\"Information\",\"item\":\"https:\\\/\\\/www.upjs.sk\\\/en\\\/information\\\/\"},{\"@type\":\"ListItem\",\"position\":3,\"name\":\"Science, Research and Development\",\"item\":\"https:\\\/\\\/www.upjs.sk\\\/en\\\/information\\\/science-and-research\\\/\"},{\"@type\":\"ListItem\",\"position\":4,\"name\":\"Scientific and Research Activities, PhD Studies\",\"item\":\"https:\\\/\\\/www.upjs.sk\\\/en\\\/information\\\/science-and-research\\\/scientific-and-research-activities-phd-studies\\\/\"},{\"@type\":\"ListItem\",\"position\":5,\"name\":\"Top Research Teams\",\"item\":\"https:\\\/\\\/www.upjs.sk\\\/en\\\/information\\\/science-and-research\\\/scientific-and-research-activities-phd-studies\\\/top-research-teams\\\/\"},{\"@type\":\"ListItem\",\"position\":6,\"name\":\"Quantum Magnetism and Nanophysics (QMAGNA)\",\"item\":\"https:\\\/\\\/www.upjs.sk\\\/en\\\/information\\\/science-and-research\\\/scientific-and-research-activities-phd-studies\\\/top-research-teams\\\/qmagna-upjs\\\/\"},{\"@type\":\"ListItem\",\"position\":7,\"name\":\"About the team\",\"item\":\"https:\\\/\\\/www.upjs.sk\\\/en\\\/information\\\/science-and-research\\\/scientific-and-research-activities-phd-studies\\\/top-research-teams\\\/qmagna-upjs\\\/about-the-team\\\/\"},{\"@type\":\"ListItem\",\"position\":8,\"name\":\"RNDr. R\u00f3bert Tarasenko, Ph.D.\"}]},{\"@type\":\"WebSite\",\"@id\":\"https:\\\/\\\/www.upjs.sk\\\/en\\\/#website\",\"url\":\"https:\\\/\\\/www.upjs.sk\\\/en\\\/\",\"name\":\"UPJ\u0160 Ko\u0161ice\",\"description\":\"Wisdom of the Past, Knowledge of the Present, Education of the Future\",\"publisher\":{\"@id\":\"https:\\\/\\\/www.upjs.sk\\\/en\\\/#organization\"},\"potentialAction\":[{\"@type\":\"SearchAction\",\"target\":{\"@type\":\"EntryPoint\",\"urlTemplate\":\"https:\\\/\\\/www.upjs.sk\\\/en\\\/?s={search_term_string}\"},\"query-input\":{\"@type\":\"PropertyValueSpecification\",\"valueRequired\":true,\"valueName\":\"search_term_string\"}}],\"inLanguage\":\"en-US\"},{\"@type\":\"Organization\",\"@id\":\"https:\\\/\\\/www.upjs.sk\\\/en\\\/#organization\",\"name\":\"UPJ\u0160 Ko\u0161ice\",\"url\":\"https:\\\/\\\/www.upjs.sk\\\/en\\\/\",\"logo\":{\"@type\":\"ImageObject\",\"inLanguage\":\"en-US\",\"@id\":\"https:\\\/\\\/www.upjs.sk\\\/en\\\/#\\\/schema\\\/logo\\\/image\\\/\",\"url\":\"https:\\\/\\\/www.upjs.sk\\\/app\\\/uploads\\\/2023\\\/01\\\/UPJS_ENG_esymbol.svg\",\"contentUrl\":\"https:\\\/\\\/www.upjs.sk\\\/app\\\/uploads\\\/2023\\\/01\\\/UPJS_ENG_esymbol.svg\",\"width\":448,\"height\":139,\"caption\":\"UPJ\u0160 Ko\u0161ice\"},\"image\":{\"@id\":\"https:\\\/\\\/www.upjs.sk\\\/en\\\/#\\\/schema\\\/logo\\\/image\\\/\"},\"sameAs\":[\"https:\\\/\\\/www.facebook.com\\\/UniverzitaPavlaJozefaSafarikaVkosiciach\\\/\",\"https:\\\/\\\/x.com\\\/UPJS_kosice\",\"https:\\\/\\\/www.instagram.com\\\/upjs_kosice\",\"https:\\\/\\\/www.linkedin.com\\\/company\\\/pavol-jozef-afrik-university-in-koice\\\/\"]}]}<\/script>\n<!-- \/ Yoast SEO plugin. -->","yoast_head_json":{"title":"RNDr. R\u00f3bert Tarasenko, Ph.D. - UPJ\u0160 Ko\u0161ice","robots":{"index":"index","follow":"follow","max-snippet":"max-snippet:-1","max-image-preview":"max-image-preview:large","max-video-preview":"max-video-preview:-1"},"canonical":"https:\/\/www.upjs.sk\/en\/information\/science-and-research\/scientific-and-research-activities-phd-studies\/top-research-teams\/qmagna-upjs\/about-the-team\/rndr-r-tarasenko\/","og_locale":"en_US","og_type":"article","og_title":"RNDr. R\u00f3bert Tarasenko, Ph.D. - UPJ\u0160 Ko\u0161ice","og_description":"Dr. R. Tarasenko devotes his research activities to the preparation, characterization, and study of magnetic properties of low-dimensional magnetic systems, such as organometallic quasi-two-dimensional quantum antiferromagnets based on Cu(II) ions. He studies the influence of spatial and spin anisotropy on the character of the ground state of studied systems [R. Tarasenko et al., Phys. Rev. &hellip; Continued","og_url":"https:\/\/www.upjs.sk\/en\/information\/science-and-research\/scientific-and-research-activities-phd-studies\/top-research-teams\/qmagna-upjs\/about-the-team\/rndr-r-tarasenko\/","og_site_name":"UPJ\u0160 Ko\u0161ice","article_publisher":"https:\/\/www.facebook.com\/UniverzitaPavlaJozefaSafarikaVkosiciach\/","article_modified_time":"2022-11-09T22:17:03+00:00","og_image":[{"width":400,"height":395,"url":"https:\/\/www.upjs.sk\/app\/uploads\/2022\/09\/obr-tarasenko.gif","type":"image\/gif"}],"twitter_card":"summary_large_image","twitter_site":"@UPJS_kosice","twitter_misc":{"Est. reading time":"1 minute"},"schema":{"@context":"https:\/\/schema.org","@graph":[{"@type":"WebPage","@id":"https:\/\/www.upjs.sk\/en\/information\/science-and-research\/scientific-and-research-activities-phd-studies\/top-research-teams\/qmagna-upjs\/about-the-team\/rndr-r-tarasenko\/","url":"https:\/\/www.upjs.sk\/en\/information\/science-and-research\/scientific-and-research-activities-phd-studies\/top-research-teams\/qmagna-upjs\/about-the-team\/rndr-r-tarasenko\/","name":"RNDr. R\u00f3bert Tarasenko, Ph.D. - UPJ\u0160 Ko\u0161ice","isPartOf":{"@id":"https:\/\/www.upjs.sk\/en\/#website"},"primaryImageOfPage":{"@id":"https:\/\/www.upjs.sk\/en\/information\/science-and-research\/scientific-and-research-activities-phd-studies\/top-research-teams\/qmagna-upjs\/about-the-team\/rndr-r-tarasenko\/#primaryimage"},"image":{"@id":"https:\/\/www.upjs.sk\/en\/information\/science-and-research\/scientific-and-research-activities-phd-studies\/top-research-teams\/qmagna-upjs\/about-the-team\/rndr-r-tarasenko\/#primaryimage"},"thumbnailUrl":"https:\/\/www.upjs.sk\/app\/uploads\/2022\/09\/obr-tarasenko.gif","datePublished":"2017-02-03T11:12:44+00:00","dateModified":"2022-11-09T22:17:03+00:00","breadcrumb":{"@id":"https:\/\/www.upjs.sk\/en\/information\/science-and-research\/scientific-and-research-activities-phd-studies\/top-research-teams\/qmagna-upjs\/about-the-team\/rndr-r-tarasenko\/#breadcrumb"},"inLanguage":"en-US","potentialAction":[{"@type":"ReadAction","target":["https:\/\/www.upjs.sk\/en\/information\/science-and-research\/scientific-and-research-activities-phd-studies\/top-research-teams\/qmagna-upjs\/about-the-team\/rndr-r-tarasenko\/"]}]},{"@type":"ImageObject","inLanguage":"en-US","@id":"https:\/\/www.upjs.sk\/en\/information\/science-and-research\/scientific-and-research-activities-phd-studies\/top-research-teams\/qmagna-upjs\/about-the-team\/rndr-r-tarasenko\/#primaryimage","url":"https:\/\/www.upjs.sk\/app\/uploads\/2022\/09\/obr-tarasenko.gif","contentUrl":"https:\/\/www.upjs.sk\/app\/uploads\/2022\/09\/obr-tarasenko.gif","width":400,"height":395},{"@type":"BreadcrumbList","@id":"https:\/\/www.upjs.sk\/en\/information\/science-and-research\/scientific-and-research-activities-phd-studies\/top-research-teams\/qmagna-upjs\/about-the-team\/rndr-r-tarasenko\/#breadcrumb","itemListElement":[{"@type":"ListItem","position":1,"name":"Home","item":"https:\/\/www.upjs.sk\/en\/"},{"@type":"ListItem","position":2,"name":"Information","item":"https:\/\/www.upjs.sk\/en\/information\/"},{"@type":"ListItem","position":3,"name":"Science, Research and Development","item":"https:\/\/www.upjs.sk\/en\/information\/science-and-research\/"},{"@type":"ListItem","position":4,"name":"Scientific and Research Activities, PhD Studies","item":"https:\/\/www.upjs.sk\/en\/information\/science-and-research\/scientific-and-research-activities-phd-studies\/"},{"@type":"ListItem","position":5,"name":"Top Research Teams","item":"https:\/\/www.upjs.sk\/en\/information\/science-and-research\/scientific-and-research-activities-phd-studies\/top-research-teams\/"},{"@type":"ListItem","position":6,"name":"Quantum Magnetism and Nanophysics (QMAGNA)","item":"https:\/\/www.upjs.sk\/en\/information\/science-and-research\/scientific-and-research-activities-phd-studies\/top-research-teams\/qmagna-upjs\/"},{"@type":"ListItem","position":7,"name":"About the team","item":"https:\/\/www.upjs.sk\/en\/information\/science-and-research\/scientific-and-research-activities-phd-studies\/top-research-teams\/qmagna-upjs\/about-the-team\/"},{"@type":"ListItem","position":8,"name":"RNDr. R\u00f3bert Tarasenko, Ph.D."}]},{"@type":"WebSite","@id":"https:\/\/www.upjs.sk\/en\/#website","url":"https:\/\/www.upjs.sk\/en\/","name":"UPJ\u0160 Ko\u0161ice","description":"Wisdom of the Past, Knowledge of the Present, Education of the Future","publisher":{"@id":"https:\/\/www.upjs.sk\/en\/#organization"},"potentialAction":[{"@type":"SearchAction","target":{"@type":"EntryPoint","urlTemplate":"https:\/\/www.upjs.sk\/en\/?s={search_term_string}"},"query-input":{"@type":"PropertyValueSpecification","valueRequired":true,"valueName":"search_term_string"}}],"inLanguage":"en-US"},{"@type":"Organization","@id":"https:\/\/www.upjs.sk\/en\/#organization","name":"UPJ\u0160 Ko\u0161ice","url":"https:\/\/www.upjs.sk\/en\/","logo":{"@type":"ImageObject","inLanguage":"en-US","@id":"https:\/\/www.upjs.sk\/en\/#\/schema\/logo\/image\/","url":"https:\/\/www.upjs.sk\/app\/uploads\/2023\/01\/UPJS_ENG_esymbol.svg","contentUrl":"https:\/\/www.upjs.sk\/app\/uploads\/2023\/01\/UPJS_ENG_esymbol.svg","width":448,"height":139,"caption":"UPJ\u0160 Ko\u0161ice"},"image":{"@id":"https:\/\/www.upjs.sk\/en\/#\/schema\/logo\/image\/"},"sameAs":["https:\/\/www.facebook.com\/UniverzitaPavlaJozefaSafarikaVkosiciach\/","https:\/\/x.com\/UPJS_kosice","https:\/\/www.instagram.com\/upjs_kosice","https:\/\/www.linkedin.com\/company\/pavol-jozef-afrik-university-in-koice\/"]}]}},"_links":{"self":[{"href":"https:\/\/www.upjs.sk\/en\/wp-json\/wp\/v2\/pages\/40116","targetHints":{"allow":["GET"]}}],"collection":[{"href":"https:\/\/www.upjs.sk\/en\/wp-json\/wp\/v2\/pages"}],"about":[{"href":"https:\/\/www.upjs.sk\/en\/wp-json\/wp\/v2\/types\/page"}],"author":[{"embeddable":true,"href":"https:\/\/www.upjs.sk\/en\/wp-json\/wp\/v2\/users\/1"}],"replies":[{"embeddable":true,"href":"https:\/\/www.upjs.sk\/en\/wp-json\/wp\/v2\/comments?post=40116"}],"version-history":[{"count":1,"href":"https:\/\/www.upjs.sk\/en\/wp-json\/wp\/v2\/pages\/40116\/revisions"}],"predecessor-version":[{"id":40117,"href":"https:\/\/www.upjs.sk\/en\/wp-json\/wp\/v2\/pages\/40116\/revisions\/40117"}],"up":[{"embeddable":true,"href":"https:\/\/www.upjs.sk\/en\/wp-json\/wp\/v2\/pages\/24903"}],"wp:featuredmedia":[{"embeddable":true,"href":"https:\/\/www.upjs.sk\/en\/wp-json\/wp\/v2\/media\/9069"}],"wp:attachment":[{"href":"https:\/\/www.upjs.sk\/en\/wp-json\/wp\/v2\/media?parent=40116"}],"wp:term":[{"taxonomy":"category","embeddable":true,"href":"https:\/\/www.upjs.sk\/en\/wp-json\/wp\/v2\/categories?post=40116"},{"taxonomy":"post_tag","embeddable":true,"href":"https:\/\/www.upjs.sk\/en\/wp-json\/wp\/v2\/tags?post=40116"}],"curies":[{"name":"wp","href":"https:\/\/api.w.org\/{rel}","templated":true}]}}