{"id":40122,"date":"2017-02-03T10:37:59","date_gmt":"2017-02-03T10:37:59","guid":{"rendered":""},"modified":"2022-11-09T22:17:07","modified_gmt":"2022-11-09T22:17:07","slug":"doc-a-orendacova","status":"publish","type":"page","link":"https:\/\/www.upjs.sk\/en\/information\/science-and-research\/scientific-and-research-activities-phd-studies\/top-research-teams\/qmagna-upjs\/about-the-team\/doc-a-orendacova\/","title":{"rendered":"Assoc. Prof. A. Orend\u00e1\u010dov\u00e1, DrSc."},"content":{"rendered":"<p style=\"text-align: justify;\"><strong>Assoc. Prof. A. Orend\u00e1\u010dov\u00e1<\/strong>, <strong>DrSc.<\/strong> studies exotic transitions in two-dimensional quantum magnetic structures based on Cu(II) ions, resulting from the interaction of both spin and spatial anisotropy and magnetic field. She also studies the topological excitations, the so-called quantum vortices, induced by the magnetic field, which can cause the Berezinski-Kosterlitz-Thouless phase transition (Fig. 2) [<em>A. Orend\u00e1\u010dov\u00e1, et al. Phys. Rev. B 80 (2009) 144418<\/em>].<\/p>\n<p style=\"text-align: center;\"><img decoding=\"async\" alt=\"\" src=\"https:\/\/www.upjs.sk\/app\/uploads\/2022\/09\/obr-orendacova.jpg\" style=\"height:200px; width:500px\" \/><br \/> \u00a0<\/p>\n<p style=\"text-align: justify;\">Fig. 2: Isolated vortices (left) and a pair of vortex-antivortex (right)\u00a0 [<a href=\"http:\/\/www.nobelprize.org\" target=\"_blank\" rel=\"noopener\">www.nobelprize.org<\/a>]<\/p>\n<p style=\"text-align: justify;\">In a cooperation with other members of the team, she studies the heat transport and relaxation processes in low-dimensional rare-earth based magnets with a potential in magnetic refrigeration [<em>V. Tk\u00e1\u010d, et al., Phys. Rev. B 92 (2015) 024406<\/em>].<br \/> \u00a0<\/p>\n","protected":false},"excerpt":{"rendered":"<p>Assoc. Prof. A. Orend\u00e1\u010dov\u00e1, DrSc. studies exotic transitions in two-dimensional quantum magnetic structures based on Cu(II) ions, resulting from the interaction of both spin and spatial anisotropy and magnetic field. She also studies the topological excitations, the so-called quantum vortices, induced by the magnetic field, which can cause the Berezinski-Kosterlitz-Thouless phase transition (Fig. 2) [A. &hellip; <a href=\"https:\/\/www.upjs.sk\/en\/information\/science-and-research\/scientific-and-research-activities-phd-studies\/top-research-teams\/qmagna-upjs\/about-the-team\/doc-a-orendacova\/\">Continued<\/a><\/p>\n","protected":false},"author":1,"featured_media":9056,"parent":24903,"menu_order":4,"comment_status":"closed","ping_status":"closed","template":"","meta":{"_acf_changed":false,"_editorskit_title_hidden":false,"_editorskit_reading_time":0,"_editorskit_is_block_options_detached":false,"_editorskit_block_options_position":"{}","footnotes":""},"categories":[],"tags":[],"class_list":["post-40122","page","type-page","status-publish","has-post-thumbnail","hentry"],"acf":{"acf_link_na_externy_obsah":""},"yoast_head":"<!-- This site is optimized with the Yoast SEO plugin v27.4 - https:\/\/yoast.com\/product\/yoast-seo-wordpress\/ -->\n<title>Assoc. Prof. A. Orend\u00e1\u010dov\u00e1, DrSc. - UPJ\u0160 Ko\u0161ice<\/title>\n<meta name=\"robots\" content=\"index, follow, max-snippet:-1, max-image-preview:large, max-video-preview:-1\" \/>\n<link rel=\"canonical\" href=\"https:\/\/www.upjs.sk\/en\/information\/science-and-research\/scientific-and-research-activities-phd-studies\/top-research-teams\/qmagna-upjs\/about-the-team\/doc-a-orendacova\/\" \/>\n<meta property=\"og:locale\" content=\"en_US\" \/>\n<meta property=\"og:type\" content=\"article\" \/>\n<meta property=\"og:title\" content=\"Assoc. Prof. A. Orend\u00e1\u010dov\u00e1, DrSc. - UPJ\u0160 Ko\u0161ice\" \/>\n<meta property=\"og:description\" content=\"Assoc. Prof. A. Orend\u00e1\u010dov\u00e1, DrSc. studies exotic transitions in two-dimensional quantum magnetic structures based on Cu(II) ions, resulting from the interaction of both spin and spatial anisotropy and magnetic field. She also studies the topological excitations, the so-called quantum vortices, induced by the magnetic field, which can cause the Berezinski-Kosterlitz-Thouless phase transition (Fig. 2) [A. &hellip; Continued\" \/>\n<meta property=\"og:url\" content=\"https:\/\/www.upjs.sk\/en\/information\/science-and-research\/scientific-and-research-activities-phd-studies\/top-research-teams\/qmagna-upjs\/about-the-team\/doc-a-orendacova\/\" \/>\n<meta property=\"og:site_name\" content=\"UPJ\u0160 Ko\u0161ice\" \/>\n<meta property=\"article:publisher\" content=\"https:\/\/www.facebook.com\/UniverzitaPavlaJozefaSafarikaVkosiciach\/\" \/>\n<meta property=\"article:modified_time\" content=\"2022-11-09T22:17:07+00:00\" \/>\n<meta property=\"og:image\" content=\"https:\/\/www.upjs.sk\/app\/uploads\/2022\/09\/obr-orendacova.jpg\" \/>\n\t<meta property=\"og:image:width\" content=\"575\" \/>\n\t<meta property=\"og:image:height\" content=\"230\" \/>\n\t<meta property=\"og:image:type\" content=\"image\/jpeg\" \/>\n<meta name=\"twitter:card\" content=\"summary_large_image\" \/>\n<meta name=\"twitter:site\" content=\"@UPJS_kosice\" \/>\n<meta name=\"twitter:label1\" content=\"Est. reading time\" \/>\n\t<meta name=\"twitter:data1\" content=\"1 minute\" \/>\n<script type=\"application\/ld+json\" class=\"yoast-schema-graph\">{\"@context\":\"https:\\\/\\\/schema.org\",\"@graph\":[{\"@type\":\"WebPage\",\"@id\":\"https:\\\/\\\/www.upjs.sk\\\/en\\\/information\\\/science-and-research\\\/scientific-and-research-activities-phd-studies\\\/top-research-teams\\\/qmagna-upjs\\\/about-the-team\\\/doc-a-orendacova\\\/\",\"url\":\"https:\\\/\\\/www.upjs.sk\\\/en\\\/information\\\/science-and-research\\\/scientific-and-research-activities-phd-studies\\\/top-research-teams\\\/qmagna-upjs\\\/about-the-team\\\/doc-a-orendacova\\\/\",\"name\":\"Assoc. Prof. A. Orend\u00e1\u010dov\u00e1, DrSc. - UPJ\u0160 Ko\u0161ice\",\"isPartOf\":{\"@id\":\"https:\\\/\\\/www.upjs.sk\\\/en\\\/#website\"},\"primaryImageOfPage\":{\"@id\":\"https:\\\/\\\/www.upjs.sk\\\/en\\\/information\\\/science-and-research\\\/scientific-and-research-activities-phd-studies\\\/top-research-teams\\\/qmagna-upjs\\\/about-the-team\\\/doc-a-orendacova\\\/#primaryimage\"},\"image\":{\"@id\":\"https:\\\/\\\/www.upjs.sk\\\/en\\\/information\\\/science-and-research\\\/scientific-and-research-activities-phd-studies\\\/top-research-teams\\\/qmagna-upjs\\\/about-the-team\\\/doc-a-orendacova\\\/#primaryimage\"},\"thumbnailUrl\":\"https:\\\/\\\/www.upjs.sk\\\/app\\\/uploads\\\/2022\\\/09\\\/obr-orendacova.jpg\",\"datePublished\":\"2017-02-03T10:37:59+00:00\",\"dateModified\":\"2022-11-09T22:17:07+00:00\",\"breadcrumb\":{\"@id\":\"https:\\\/\\\/www.upjs.sk\\\/en\\\/information\\\/science-and-research\\\/scientific-and-research-activities-phd-studies\\\/top-research-teams\\\/qmagna-upjs\\\/about-the-team\\\/doc-a-orendacova\\\/#breadcrumb\"},\"inLanguage\":\"en-US\",\"potentialAction\":[{\"@type\":\"ReadAction\",\"target\":[\"https:\\\/\\\/www.upjs.sk\\\/en\\\/information\\\/science-and-research\\\/scientific-and-research-activities-phd-studies\\\/top-research-teams\\\/qmagna-upjs\\\/about-the-team\\\/doc-a-orendacova\\\/\"]}]},{\"@type\":\"ImageObject\",\"inLanguage\":\"en-US\",\"@id\":\"https:\\\/\\\/www.upjs.sk\\\/en\\\/information\\\/science-and-research\\\/scientific-and-research-activities-phd-studies\\\/top-research-teams\\\/qmagna-upjs\\\/about-the-team\\\/doc-a-orendacova\\\/#primaryimage\",\"url\":\"https:\\\/\\\/www.upjs.sk\\\/app\\\/uploads\\\/2022\\\/09\\\/obr-orendacova.jpg\",\"contentUrl\":\"https:\\\/\\\/www.upjs.sk\\\/app\\\/uploads\\\/2022\\\/09\\\/obr-orendacova.jpg\",\"width\":575,\"height\":230},{\"@type\":\"BreadcrumbList\",\"@id\":\"https:\\\/\\\/www.upjs.sk\\\/en\\\/information\\\/science-and-research\\\/scientific-and-research-activities-phd-studies\\\/top-research-teams\\\/qmagna-upjs\\\/about-the-team\\\/doc-a-orendacova\\\/#breadcrumb\",\"itemListElement\":[{\"@type\":\"ListItem\",\"position\":1,\"name\":\"Home\",\"item\":\"https:\\\/\\\/www.upjs.sk\\\/en\\\/\"},{\"@type\":\"ListItem\",\"position\":2,\"name\":\"Information\",\"item\":\"https:\\\/\\\/www.upjs.sk\\\/en\\\/information\\\/\"},{\"@type\":\"ListItem\",\"position\":3,\"name\":\"Science, Research and Development\",\"item\":\"https:\\\/\\\/www.upjs.sk\\\/en\\\/information\\\/science-and-research\\\/\"},{\"@type\":\"ListItem\",\"position\":4,\"name\":\"Scientific and Research Activities, PhD Studies\",\"item\":\"https:\\\/\\\/www.upjs.sk\\\/en\\\/information\\\/science-and-research\\\/scientific-and-research-activities-phd-studies\\\/\"},{\"@type\":\"ListItem\",\"position\":5,\"name\":\"Top Research Teams\",\"item\":\"https:\\\/\\\/www.upjs.sk\\\/en\\\/information\\\/science-and-research\\\/scientific-and-research-activities-phd-studies\\\/top-research-teams\\\/\"},{\"@type\":\"ListItem\",\"position\":6,\"name\":\"Quantum Magnetism and Nanophysics (QMAGNA)\",\"item\":\"https:\\\/\\\/www.upjs.sk\\\/en\\\/information\\\/science-and-research\\\/scientific-and-research-activities-phd-studies\\\/top-research-teams\\\/qmagna-upjs\\\/\"},{\"@type\":\"ListItem\",\"position\":7,\"name\":\"About the team\",\"item\":\"https:\\\/\\\/www.upjs.sk\\\/en\\\/information\\\/science-and-research\\\/scientific-and-research-activities-phd-studies\\\/top-research-teams\\\/qmagna-upjs\\\/about-the-team\\\/\"},{\"@type\":\"ListItem\",\"position\":8,\"name\":\"Assoc. Prof. A. Orend\u00e1\u010dov\u00e1, DrSc.\"}]},{\"@type\":\"WebSite\",\"@id\":\"https:\\\/\\\/www.upjs.sk\\\/en\\\/#website\",\"url\":\"https:\\\/\\\/www.upjs.sk\\\/en\\\/\",\"name\":\"UPJ\u0160 Ko\u0161ice\",\"description\":\"Wisdom of the Past, Knowledge of the Present, Education of the Future\",\"publisher\":{\"@id\":\"https:\\\/\\\/www.upjs.sk\\\/en\\\/#organization\"},\"potentialAction\":[{\"@type\":\"SearchAction\",\"target\":{\"@type\":\"EntryPoint\",\"urlTemplate\":\"https:\\\/\\\/www.upjs.sk\\\/en\\\/?s={search_term_string}\"},\"query-input\":{\"@type\":\"PropertyValueSpecification\",\"valueRequired\":true,\"valueName\":\"search_term_string\"}}],\"inLanguage\":\"en-US\"},{\"@type\":\"Organization\",\"@id\":\"https:\\\/\\\/www.upjs.sk\\\/en\\\/#organization\",\"name\":\"UPJ\u0160 Ko\u0161ice\",\"url\":\"https:\\\/\\\/www.upjs.sk\\\/en\\\/\",\"logo\":{\"@type\":\"ImageObject\",\"inLanguage\":\"en-US\",\"@id\":\"https:\\\/\\\/www.upjs.sk\\\/en\\\/#\\\/schema\\\/logo\\\/image\\\/\",\"url\":\"https:\\\/\\\/www.upjs.sk\\\/app\\\/uploads\\\/2023\\\/01\\\/UPJS_ENG_esymbol.svg\",\"contentUrl\":\"https:\\\/\\\/www.upjs.sk\\\/app\\\/uploads\\\/2023\\\/01\\\/UPJS_ENG_esymbol.svg\",\"width\":448,\"height\":139,\"caption\":\"UPJ\u0160 Ko\u0161ice\"},\"image\":{\"@id\":\"https:\\\/\\\/www.upjs.sk\\\/en\\\/#\\\/schema\\\/logo\\\/image\\\/\"},\"sameAs\":[\"https:\\\/\\\/www.facebook.com\\\/UniverzitaPavlaJozefaSafarikaVkosiciach\\\/\",\"https:\\\/\\\/x.com\\\/UPJS_kosice\",\"https:\\\/\\\/www.instagram.com\\\/upjs_kosice\",\"https:\\\/\\\/www.linkedin.com\\\/company\\\/pavol-jozef-afrik-university-in-koice\\\/\"]}]}<\/script>\n<!-- \/ Yoast SEO plugin. -->","yoast_head_json":{"title":"Assoc. Prof. A. Orend\u00e1\u010dov\u00e1, DrSc. - UPJ\u0160 Ko\u0161ice","robots":{"index":"index","follow":"follow","max-snippet":"max-snippet:-1","max-image-preview":"max-image-preview:large","max-video-preview":"max-video-preview:-1"},"canonical":"https:\/\/www.upjs.sk\/en\/information\/science-and-research\/scientific-and-research-activities-phd-studies\/top-research-teams\/qmagna-upjs\/about-the-team\/doc-a-orendacova\/","og_locale":"en_US","og_type":"article","og_title":"Assoc. Prof. A. Orend\u00e1\u010dov\u00e1, DrSc. - UPJ\u0160 Ko\u0161ice","og_description":"Assoc. Prof. A. Orend\u00e1\u010dov\u00e1, DrSc. studies exotic transitions in two-dimensional quantum magnetic structures based on Cu(II) ions, resulting from the interaction of both spin and spatial anisotropy and magnetic field. She also studies the topological excitations, the so-called quantum vortices, induced by the magnetic field, which can cause the Berezinski-Kosterlitz-Thouless phase transition (Fig. 2) [A. &hellip; Continued","og_url":"https:\/\/www.upjs.sk\/en\/information\/science-and-research\/scientific-and-research-activities-phd-studies\/top-research-teams\/qmagna-upjs\/about-the-team\/doc-a-orendacova\/","og_site_name":"UPJ\u0160 Ko\u0161ice","article_publisher":"https:\/\/www.facebook.com\/UniverzitaPavlaJozefaSafarikaVkosiciach\/","article_modified_time":"2022-11-09T22:17:07+00:00","og_image":[{"width":575,"height":230,"url":"https:\/\/www.upjs.sk\/app\/uploads\/2022\/09\/obr-orendacova.jpg","type":"image\/jpeg"}],"twitter_card":"summary_large_image","twitter_site":"@UPJS_kosice","twitter_misc":{"Est. reading time":"1 minute"},"schema":{"@context":"https:\/\/schema.org","@graph":[{"@type":"WebPage","@id":"https:\/\/www.upjs.sk\/en\/information\/science-and-research\/scientific-and-research-activities-phd-studies\/top-research-teams\/qmagna-upjs\/about-the-team\/doc-a-orendacova\/","url":"https:\/\/www.upjs.sk\/en\/information\/science-and-research\/scientific-and-research-activities-phd-studies\/top-research-teams\/qmagna-upjs\/about-the-team\/doc-a-orendacova\/","name":"Assoc. Prof. A. Orend\u00e1\u010dov\u00e1, DrSc. - UPJ\u0160 Ko\u0161ice","isPartOf":{"@id":"https:\/\/www.upjs.sk\/en\/#website"},"primaryImageOfPage":{"@id":"https:\/\/www.upjs.sk\/en\/information\/science-and-research\/scientific-and-research-activities-phd-studies\/top-research-teams\/qmagna-upjs\/about-the-team\/doc-a-orendacova\/#primaryimage"},"image":{"@id":"https:\/\/www.upjs.sk\/en\/information\/science-and-research\/scientific-and-research-activities-phd-studies\/top-research-teams\/qmagna-upjs\/about-the-team\/doc-a-orendacova\/#primaryimage"},"thumbnailUrl":"https:\/\/www.upjs.sk\/app\/uploads\/2022\/09\/obr-orendacova.jpg","datePublished":"2017-02-03T10:37:59+00:00","dateModified":"2022-11-09T22:17:07+00:00","breadcrumb":{"@id":"https:\/\/www.upjs.sk\/en\/information\/science-and-research\/scientific-and-research-activities-phd-studies\/top-research-teams\/qmagna-upjs\/about-the-team\/doc-a-orendacova\/#breadcrumb"},"inLanguage":"en-US","potentialAction":[{"@type":"ReadAction","target":["https:\/\/www.upjs.sk\/en\/information\/science-and-research\/scientific-and-research-activities-phd-studies\/top-research-teams\/qmagna-upjs\/about-the-team\/doc-a-orendacova\/"]}]},{"@type":"ImageObject","inLanguage":"en-US","@id":"https:\/\/www.upjs.sk\/en\/information\/science-and-research\/scientific-and-research-activities-phd-studies\/top-research-teams\/qmagna-upjs\/about-the-team\/doc-a-orendacova\/#primaryimage","url":"https:\/\/www.upjs.sk\/app\/uploads\/2022\/09\/obr-orendacova.jpg","contentUrl":"https:\/\/www.upjs.sk\/app\/uploads\/2022\/09\/obr-orendacova.jpg","width":575,"height":230},{"@type":"BreadcrumbList","@id":"https:\/\/www.upjs.sk\/en\/information\/science-and-research\/scientific-and-research-activities-phd-studies\/top-research-teams\/qmagna-upjs\/about-the-team\/doc-a-orendacova\/#breadcrumb","itemListElement":[{"@type":"ListItem","position":1,"name":"Home","item":"https:\/\/www.upjs.sk\/en\/"},{"@type":"ListItem","position":2,"name":"Information","item":"https:\/\/www.upjs.sk\/en\/information\/"},{"@type":"ListItem","position":3,"name":"Science, Research and Development","item":"https:\/\/www.upjs.sk\/en\/information\/science-and-research\/"},{"@type":"ListItem","position":4,"name":"Scientific and Research Activities, PhD Studies","item":"https:\/\/www.upjs.sk\/en\/information\/science-and-research\/scientific-and-research-activities-phd-studies\/"},{"@type":"ListItem","position":5,"name":"Top Research Teams","item":"https:\/\/www.upjs.sk\/en\/information\/science-and-research\/scientific-and-research-activities-phd-studies\/top-research-teams\/"},{"@type":"ListItem","position":6,"name":"Quantum Magnetism and Nanophysics (QMAGNA)","item":"https:\/\/www.upjs.sk\/en\/information\/science-and-research\/scientific-and-research-activities-phd-studies\/top-research-teams\/qmagna-upjs\/"},{"@type":"ListItem","position":7,"name":"About the team","item":"https:\/\/www.upjs.sk\/en\/information\/science-and-research\/scientific-and-research-activities-phd-studies\/top-research-teams\/qmagna-upjs\/about-the-team\/"},{"@type":"ListItem","position":8,"name":"Assoc. Prof. A. Orend\u00e1\u010dov\u00e1, DrSc."}]},{"@type":"WebSite","@id":"https:\/\/www.upjs.sk\/en\/#website","url":"https:\/\/www.upjs.sk\/en\/","name":"UPJ\u0160 Ko\u0161ice","description":"Wisdom of the Past, Knowledge of the Present, Education of the Future","publisher":{"@id":"https:\/\/www.upjs.sk\/en\/#organization"},"potentialAction":[{"@type":"SearchAction","target":{"@type":"EntryPoint","urlTemplate":"https:\/\/www.upjs.sk\/en\/?s={search_term_string}"},"query-input":{"@type":"PropertyValueSpecification","valueRequired":true,"valueName":"search_term_string"}}],"inLanguage":"en-US"},{"@type":"Organization","@id":"https:\/\/www.upjs.sk\/en\/#organization","name":"UPJ\u0160 Ko\u0161ice","url":"https:\/\/www.upjs.sk\/en\/","logo":{"@type":"ImageObject","inLanguage":"en-US","@id":"https:\/\/www.upjs.sk\/en\/#\/schema\/logo\/image\/","url":"https:\/\/www.upjs.sk\/app\/uploads\/2023\/01\/UPJS_ENG_esymbol.svg","contentUrl":"https:\/\/www.upjs.sk\/app\/uploads\/2023\/01\/UPJS_ENG_esymbol.svg","width":448,"height":139,"caption":"UPJ\u0160 Ko\u0161ice"},"image":{"@id":"https:\/\/www.upjs.sk\/en\/#\/schema\/logo\/image\/"},"sameAs":["https:\/\/www.facebook.com\/UniverzitaPavlaJozefaSafarikaVkosiciach\/","https:\/\/x.com\/UPJS_kosice","https:\/\/www.instagram.com\/upjs_kosice","https:\/\/www.linkedin.com\/company\/pavol-jozef-afrik-university-in-koice\/"]}]}},"_links":{"self":[{"href":"https:\/\/www.upjs.sk\/en\/wp-json\/wp\/v2\/pages\/40122","targetHints":{"allow":["GET"]}}],"collection":[{"href":"https:\/\/www.upjs.sk\/en\/wp-json\/wp\/v2\/pages"}],"about":[{"href":"https:\/\/www.upjs.sk\/en\/wp-json\/wp\/v2\/types\/page"}],"author":[{"embeddable":true,"href":"https:\/\/www.upjs.sk\/en\/wp-json\/wp\/v2\/users\/1"}],"replies":[{"embeddable":true,"href":"https:\/\/www.upjs.sk\/en\/wp-json\/wp\/v2\/comments?post=40122"}],"version-history":[{"count":1,"href":"https:\/\/www.upjs.sk\/en\/wp-json\/wp\/v2\/pages\/40122\/revisions"}],"predecessor-version":[{"id":40123,"href":"https:\/\/www.upjs.sk\/en\/wp-json\/wp\/v2\/pages\/40122\/revisions\/40123"}],"up":[{"embeddable":true,"href":"https:\/\/www.upjs.sk\/en\/wp-json\/wp\/v2\/pages\/24903"}],"wp:featuredmedia":[{"embeddable":true,"href":"https:\/\/www.upjs.sk\/en\/wp-json\/wp\/v2\/media\/9056"}],"wp:attachment":[{"href":"https:\/\/www.upjs.sk\/en\/wp-json\/wp\/v2\/media?parent=40122"}],"wp:term":[{"taxonomy":"category","embeddable":true,"href":"https:\/\/www.upjs.sk\/en\/wp-json\/wp\/v2\/categories?post=40122"},{"taxonomy":"post_tag","embeddable":true,"href":"https:\/\/www.upjs.sk\/en\/wp-json\/wp\/v2\/tags?post=40122"}],"curies":[{"name":"wp","href":"https:\/\/api.w.org\/{rel}","templated":true}]}}