{"id":40155,"date":"2017-12-12T07:49:43","date_gmt":"2017-12-12T07:49:43","guid":{"rendered":""},"modified":"2017-12-12T07:49:43","modified_gmt":"2017-12-12T07:49:43","slug":"academic-descendants","status":"publish","type":"page","link":"https:\/\/www.upjs.sk\/en\/information\/science-and-research\/scientific-and-research-activities-phd-studies\/top-research-teams\/kosdim\/information\/academic-descendants\/","title":{"rendered":"Academic descendants of members of KOSDIM team"},"content":{"rendered":"<table border=\"0\" cellpadding=\"3\" cellspacing=\"1\">\n<tbody>\n<tr>\n<td colspan=\"3\" style=\"width: 5%; vertical-align: top;\"><strong>prof. S. Jendro\u013e<\/strong><\/td>\n<\/tr>\n<tr>\n<td style=\"width: 5%; text-align: center; vertical-align: top;\">1.<br \/> \t\t\t2.<br \/> \t\t\t3.<br \/> \t\t\t4.<br \/> \t\t\t5.<br \/> \t\t\t6.<br \/> \t\t\t7.<br \/> \t\t\t8.<br \/> \t\t\t9.<br \/> \t\t\t10.<br \/> \t\t\t11.<br \/> \t\t\t12.<br \/> \t\t\t13.<br \/> \t\t\t14.<br \/> \t\t\t15.<br \/> \t\t\t16.<br \/> \t\t\t17.<\/td>\n<td style=\"width: 40%; vertical-align: top;\">Michal <strong>Tk\u00e1\u010d<\/strong>, prof., RNDr., CSc.<br \/> \t\t\tMartin <strong>Ba\u010da<\/strong>, prof., RNDr., CSc.\u00a0 (1\/2)<br \/> \t\t\tMari\u00e1n <strong>Kle\u0161\u010d<\/strong>, doc., RNDr., PhD.<br \/> \t\t\tIvan <strong>Koh\u00fatek<\/strong>, Ing., PhD.<br \/> \t\t\tTom\u00e1\u0161 <strong>Madaras<\/strong>, doc., RNDr., PhD.<br \/> \t\t\tIgor <strong>Fabrici<\/strong>, RNDr., Dr. rer. nat.<br \/> \t\t\tMilan <strong>Tuh\u00e1rsky<\/strong>, RNDr., PhD.<br \/> \t\t\tFranti\u0161ek <strong>Kardo\u0161<\/strong>, RNDr., PhD.<br \/> \t\t\tJozef <strong>Mi\u0161kuf<\/strong>, RNDr., PhD.<br \/> \t\t\tDanka <strong>Bruothov\u00e1<\/strong>, RNDr., PhD.<br \/> \t\t\tErika <strong>\u0160krabu\u013e\u00e1kov\u00e1<\/strong>, RNDr., PhD.<br \/> \t\t\tKrist\u00edna <strong>Budajov\u00e1<\/strong>, RNDr., PhD.<br \/> \t\t\tJ\u00falius <strong>Czap<\/strong>, RNDr., PhD.<br \/> \t\t\tPeter <strong>\u0160ugerek<\/strong>, RNDr., PhD.<br \/> \t\t\tM\u00e1ria <strong>Macekov\u00e1<\/strong>, RNDr., PhD.<br \/> \t\t\tMichaela <strong>Vrbjarov\u00e1<\/strong>, RNDr., PhD.<br \/> \t\t\tM\u00e1ria <strong>Timkov\u00e1<\/strong>, RNDr., PhD.<\/td>\n<td style=\"width: 25%; vertical-align: top;\">1991<br \/> \t\t\t1992<br \/> \t\t\t1995<br \/> \t\t\t2001<br \/> \t\t\t2001<br \/> \t\t\t2002<br \/> \t\t\t2006<br \/> \t\t\t2007<br \/> \t\t\t2008<br \/> \t\t\t2008<br \/> \t\t\t2009<br \/> \t\t\t2010<br \/> \t\t\t2010<br \/> \t\t\t2013<br \/> \t\t\t2016<br \/> \t\t\t2016<br \/> \t\t\t2016<\/td>\n<\/tr>\n<tr>\n<td colspan=\"3\" style=\"width: 5%; vertical-align: top;\"><strong>prof. M. Hor\u0148\u00e1k<\/strong><\/td>\n<\/tr>\n<tr>\n<td style=\"width: 5%; text-align: center; vertical-align: top;\">1.<br \/> \t\t\t2.<br \/> \t\t\t3.<br \/> \t\t\t4.<br \/> \t\t\t5.<br \/> \t\t\t6.<\/td>\n<td style=\"width: 40%; vertical-align: top;\">Attila <strong>Nagy<\/strong>, RNDr., CSc.<br \/> \t\t\tRoman <strong>Sot\u00e1k<\/strong>, doc., RNDr., PhD.<br \/> \t\t\t\u0160tefan <strong>P\u010dola<\/strong>, RNDr., PhD.<br \/> \t\t\tErik <strong>Bruoth<\/strong>, RNDr., PhD.<br \/> \t\t\tZuzana <strong>Kockov\u00e1<\/strong>, RNDr., PhD.<br \/> \t\t\tJana <strong>Zl\u00e1malov\u00e1<\/strong>, RNDr., PhD.<\/td>\n<td style=\"width: 25%; vertical-align: top;\">1996 (co-supervisor)<br \/> \t\t\t1997<br \/> \t\t\t2006<br \/> \t\t\t2008<br \/> \t\t\t2009<br \/> \t\t\t2010<\/td>\n<\/tr>\n<tr>\n<td colspan=\"3\" style=\"width: 5%; vertical-align: top;\"><strong>doc. T. Madaras<\/strong><\/td>\n<\/tr>\n<tr>\n<td style=\"width: 5%; text-align: center; vertical-align: top;\">1.<br \/> \t\t\t2.<br \/> \t\t\t3.<\/td>\n<td style=\"width: 40%; vertical-align: top;\">D\u00e1vid <strong>Hud\u00e1k<\/strong>, RNDr., PhD.<br \/> \t\t\tJana <strong>Coroni\u010dov\u00e1 Hurajov\u00e1<\/strong>, RNDr., PhD.<br \/> \t\t\tPeter <strong>Hud\u00e1k<\/strong>, RNDr., PhD.<\/td>\n<td style=\"width: 25%; vertical-align: top;\">2013<br \/> \t\t\t2014<br \/> \t\t\t2015<\/td>\n<\/tr>\n<tr>\n<td colspan=\"3\" style=\"width: 5%; vertical-align: top;\"><strong>doc. R. Sot\u00e1k<\/strong><\/td>\n<\/tr>\n<tr>\n<td style=\"width: 5%; text-align: center; vertical-align: top;\">1.<br \/> \t\t\t2.<br \/> \t\t\t3.<br \/> \t\t\t4.<\/td>\n<td style=\"width: 40%; vertical-align: top;\">Janka <strong>Oravcov\u00e1<\/strong>, RNDr., PhD.<br \/> \t\t\tRobert <strong>Hajduk<\/strong>, RNDr., PhD.<br \/> \t\t\tGabriela <strong>Karafov\u00e1<\/strong>, RNDr., PhD.<br \/> \t\t\tMartina <strong>Mockov\u010diakov\u00e1<\/strong>, RNDr., PhD.<\/td>\n<td style=\"width: 25%; vertical-align: top;\">2008<br \/> \t\t\t2008<br \/> \t\t\t2013<br \/> \t\t\t2013<\/td>\n<\/tr>\n<tr>\n<td colspan=\"3\" style=\"width: 5%; vertical-align: top;\"><strong>doc. G. Semani\u0161in<\/strong><\/td>\n<\/tr>\n<tr>\n<td style=\"width: 5%; text-align: center; vertical-align: top;\">1.<br \/> \t\t\t2.<br \/> \t\t\t3.<\/td>\n<td style=\"width: 40%; vertical-align: top;\">Peter <strong>Katreni\u010d<\/strong>, RNDr., PhD.<br \/> \t\t\tFranti\u0161ek <strong>Gal\u010d\u00edk<\/strong>, RNDr., PhD.<br \/> \t\t\tJ\u00e1n <strong>Katreni\u010d<\/strong>, RNDr., PhD.<\/td>\n<td style=\"width: 25%; vertical-align: top;\">2008<br \/> \t\t\t2009<br \/> \t\t\t2011<\/td>\n<\/tr>\n<tr>\n<td colspan=\"3\" style=\"width: 5%; vertical-align: top;\"><strong>RNDr. I. Fabrici<\/strong><\/td>\n<\/tr>\n<tr>\n<td style=\"width: 5%; text-align: center; vertical-align: top;\">1.<\/td>\n<td style=\"width: 40%; vertical-align: top;\">M\u00e1ria <strong>Timkov\u00e1<\/strong>, RNDr., PhD.\u00a0<\/td>\n<td style=\"width: 25%; vertical-align: top;\">2016 (co-supervisor)<\/td>\n<\/tr>\n<\/tbody>\n<\/table>\n","protected":false},"excerpt":{"rendered":"<p>prof. S. Jendro\u013e 1. 2. 3. 4. 5. 6. 7. 8. 9. 10. 11. 12. 13. 14. 15. 16. 17. Michal Tk\u00e1\u010d, prof., RNDr., CSc. Martin Ba\u010da, prof., RNDr., CSc.\u00a0 (1\/2) Mari\u00e1n Kle\u0161\u010d, doc., RNDr., PhD. Ivan Koh\u00fatek, Ing., PhD. Tom\u00e1\u0161 Madaras, doc., RNDr., PhD. Igor Fabrici, RNDr., Dr. rer. nat. Milan Tuh\u00e1rsky, RNDr., PhD. &hellip; <a href=\"https:\/\/www.upjs.sk\/en\/information\/science-and-research\/scientific-and-research-activities-phd-studies\/top-research-teams\/kosdim\/information\/academic-descendants\/\">Continued<\/a><\/p>\n","protected":false},"author":1,"featured_media":0,"parent":25734,"menu_order":1,"comment_status":"closed","ping_status":"closed","template":"","meta":{"_acf_changed":false,"_editorskit_title_hidden":false,"_editorskit_reading_time":0,"_editorskit_is_block_options_detached":false,"_editorskit_block_options_position":"{}","footnotes":""},"categories":[],"tags":[],"class_list":["post-40155","page","type-page","status-publish","hentry"],"acf":{"acf_link_na_externy_obsah":""},"yoast_head":"<!-- This site is optimized with the Yoast SEO plugin v27.4 - https:\/\/yoast.com\/product\/yoast-seo-wordpress\/ -->\n<title>Academic descendants of members of KOSDIM team - UPJ\u0160 Ko\u0161ice<\/title>\n<meta name=\"robots\" content=\"index, follow, max-snippet:-1, max-image-preview:large, max-video-preview:-1\" \/>\n<link rel=\"canonical\" href=\"https:\/\/www.upjs.sk\/en\/information\/science-and-research\/scientific-and-research-activities-phd-studies\/top-research-teams\/kosdim\/information\/academic-descendants\/\" \/>\n<meta property=\"og:locale\" content=\"en_US\" \/>\n<meta property=\"og:type\" content=\"article\" \/>\n<meta property=\"og:title\" content=\"Academic descendants of members of KOSDIM team - UPJ\u0160 Ko\u0161ice\" \/>\n<meta property=\"og:description\" content=\"prof. S. Jendro\u013e 1. 2. 3. 4. 5. 6. 7. 8. 9. 10. 11. 12. 13. 14. 15. 16. 17. Michal Tk\u00e1\u010d, prof., RNDr., CSc. Martin Ba\u010da, prof., RNDr., CSc.\u00a0 (1\/2) Mari\u00e1n Kle\u0161\u010d, doc., RNDr., PhD. Ivan Koh\u00fatek, Ing., PhD. Tom\u00e1\u0161 Madaras, doc., RNDr., PhD. Igor Fabrici, RNDr., Dr. rer. nat. Milan Tuh\u00e1rsky, RNDr., PhD. &hellip; Continued\" \/>\n<meta property=\"og:url\" content=\"https:\/\/www.upjs.sk\/en\/information\/science-and-research\/scientific-and-research-activities-phd-studies\/top-research-teams\/kosdim\/information\/academic-descendants\/\" \/>\n<meta property=\"og:site_name\" content=\"UPJ\u0160 Ko\u0161ice\" \/>\n<meta property=\"article:publisher\" content=\"https:\/\/www.facebook.com\/UniverzitaPavlaJozefaSafarikaVkosiciach\/\" \/>\n<meta name=\"twitter:card\" content=\"summary_large_image\" \/>\n<meta name=\"twitter:site\" content=\"@UPJS_kosice\" \/>\n<meta name=\"twitter:label1\" content=\"Est. reading time\" \/>\n\t<meta name=\"twitter:data1\" content=\"1 minute\" \/>\n<script type=\"application\/ld+json\" class=\"yoast-schema-graph\">{\"@context\":\"https:\\\/\\\/schema.org\",\"@graph\":[{\"@type\":\"WebPage\",\"@id\":\"https:\\\/\\\/www.upjs.sk\\\/en\\\/information\\\/science-and-research\\\/scientific-and-research-activities-phd-studies\\\/top-research-teams\\\/kosdim\\\/information\\\/academic-descendants\\\/\",\"url\":\"https:\\\/\\\/www.upjs.sk\\\/en\\\/information\\\/science-and-research\\\/scientific-and-research-activities-phd-studies\\\/top-research-teams\\\/kosdim\\\/information\\\/academic-descendants\\\/\",\"name\":\"Academic descendants of members of KOSDIM team - UPJ\u0160 Ko\u0161ice\",\"isPartOf\":{\"@id\":\"https:\\\/\\\/www.upjs.sk\\\/en\\\/#website\"},\"datePublished\":\"2017-12-12T07:49:43+00:00\",\"breadcrumb\":{\"@id\":\"https:\\\/\\\/www.upjs.sk\\\/en\\\/information\\\/science-and-research\\\/scientific-and-research-activities-phd-studies\\\/top-research-teams\\\/kosdim\\\/information\\\/academic-descendants\\\/#breadcrumb\"},\"inLanguage\":\"en-US\",\"potentialAction\":[{\"@type\":\"ReadAction\",\"target\":[\"https:\\\/\\\/www.upjs.sk\\\/en\\\/information\\\/science-and-research\\\/scientific-and-research-activities-phd-studies\\\/top-research-teams\\\/kosdim\\\/information\\\/academic-descendants\\\/\"]}]},{\"@type\":\"BreadcrumbList\",\"@id\":\"https:\\\/\\\/www.upjs.sk\\\/en\\\/information\\\/science-and-research\\\/scientific-and-research-activities-phd-studies\\\/top-research-teams\\\/kosdim\\\/information\\\/academic-descendants\\\/#breadcrumb\",\"itemListElement\":[{\"@type\":\"ListItem\",\"position\":1,\"name\":\"Home\",\"item\":\"https:\\\/\\\/www.upjs.sk\\\/en\\\/\"},{\"@type\":\"ListItem\",\"position\":2,\"name\":\"Information\",\"item\":\"https:\\\/\\\/www.upjs.sk\\\/en\\\/information\\\/\"},{\"@type\":\"ListItem\",\"position\":3,\"name\":\"Science, Research and Development\",\"item\":\"https:\\\/\\\/www.upjs.sk\\\/en\\\/information\\\/science-and-research\\\/\"},{\"@type\":\"ListItem\",\"position\":4,\"name\":\"Scientific and Research Activities, PhD Studies\",\"item\":\"https:\\\/\\\/www.upjs.sk\\\/en\\\/information\\\/science-and-research\\\/scientific-and-research-activities-phd-studies\\\/\"},{\"@type\":\"ListItem\",\"position\":5,\"name\":\"Top Research Teams\",\"item\":\"https:\\\/\\\/www.upjs.sk\\\/en\\\/information\\\/science-and-research\\\/scientific-and-research-activities-phd-studies\\\/top-research-teams\\\/\"},{\"@type\":\"ListItem\",\"position\":6,\"name\":\"The Ko\u0161ice Group of Discrete Mathematics (KOSDIM)\",\"item\":\"https:\\\/\\\/www.upjs.sk\\\/en\\\/information\\\/science-and-research\\\/scientific-and-research-activities-phd-studies\\\/top-research-teams\\\/kosdim\\\/\"},{\"@type\":\"ListItem\",\"position\":7,\"name\":\"Basic information\",\"item\":\"https:\\\/\\\/www.upjs.sk\\\/en\\\/information\\\/science-and-research\\\/scientific-and-research-activities-phd-studies\\\/top-research-teams\\\/kosdim\\\/information\\\/\"},{\"@type\":\"ListItem\",\"position\":8,\"name\":\"Academic descendants of members of KOSDIM team\"}]},{\"@type\":\"WebSite\",\"@id\":\"https:\\\/\\\/www.upjs.sk\\\/en\\\/#website\",\"url\":\"https:\\\/\\\/www.upjs.sk\\\/en\\\/\",\"name\":\"UPJ\u0160 Ko\u0161ice\",\"description\":\"Wisdom of the Past, Knowledge of the Present, Education of the Future\",\"publisher\":{\"@id\":\"https:\\\/\\\/www.upjs.sk\\\/en\\\/#organization\"},\"potentialAction\":[{\"@type\":\"SearchAction\",\"target\":{\"@type\":\"EntryPoint\",\"urlTemplate\":\"https:\\\/\\\/www.upjs.sk\\\/en\\\/?s={search_term_string}\"},\"query-input\":{\"@type\":\"PropertyValueSpecification\",\"valueRequired\":true,\"valueName\":\"search_term_string\"}}],\"inLanguage\":\"en-US\"},{\"@type\":\"Organization\",\"@id\":\"https:\\\/\\\/www.upjs.sk\\\/en\\\/#organization\",\"name\":\"UPJ\u0160 Ko\u0161ice\",\"url\":\"https:\\\/\\\/www.upjs.sk\\\/en\\\/\",\"logo\":{\"@type\":\"ImageObject\",\"inLanguage\":\"en-US\",\"@id\":\"https:\\\/\\\/www.upjs.sk\\\/en\\\/#\\\/schema\\\/logo\\\/image\\\/\",\"url\":\"https:\\\/\\\/www.upjs.sk\\\/app\\\/uploads\\\/2023\\\/01\\\/UPJS_ENG_esymbol.svg\",\"contentUrl\":\"https:\\\/\\\/www.upjs.sk\\\/app\\\/uploads\\\/2023\\\/01\\\/UPJS_ENG_esymbol.svg\",\"width\":448,\"height\":139,\"caption\":\"UPJ\u0160 Ko\u0161ice\"},\"image\":{\"@id\":\"https:\\\/\\\/www.upjs.sk\\\/en\\\/#\\\/schema\\\/logo\\\/image\\\/\"},\"sameAs\":[\"https:\\\/\\\/www.facebook.com\\\/UniverzitaPavlaJozefaSafarikaVkosiciach\\\/\",\"https:\\\/\\\/x.com\\\/UPJS_kosice\",\"https:\\\/\\\/www.instagram.com\\\/upjs_kosice\",\"https:\\\/\\\/www.linkedin.com\\\/company\\\/pavol-jozef-afrik-university-in-koice\\\/\"]}]}<\/script>\n<!-- \/ Yoast SEO plugin. -->","yoast_head_json":{"title":"Academic descendants of members of KOSDIM team - UPJ\u0160 Ko\u0161ice","robots":{"index":"index","follow":"follow","max-snippet":"max-snippet:-1","max-image-preview":"max-image-preview:large","max-video-preview":"max-video-preview:-1"},"canonical":"https:\/\/www.upjs.sk\/en\/information\/science-and-research\/scientific-and-research-activities-phd-studies\/top-research-teams\/kosdim\/information\/academic-descendants\/","og_locale":"en_US","og_type":"article","og_title":"Academic descendants of members of KOSDIM team - UPJ\u0160 Ko\u0161ice","og_description":"prof. S. Jendro\u013e 1. 2. 3. 4. 5. 6. 7. 8. 9. 10. 11. 12. 13. 14. 15. 16. 17. Michal Tk\u00e1\u010d, prof., RNDr., CSc. Martin Ba\u010da, prof., RNDr., CSc.\u00a0 (1\/2) Mari\u00e1n Kle\u0161\u010d, doc., RNDr., PhD. Ivan Koh\u00fatek, Ing., PhD. Tom\u00e1\u0161 Madaras, doc., RNDr., PhD. Igor Fabrici, RNDr., Dr. rer. nat. Milan Tuh\u00e1rsky, RNDr., PhD. &hellip; Continued","og_url":"https:\/\/www.upjs.sk\/en\/information\/science-and-research\/scientific-and-research-activities-phd-studies\/top-research-teams\/kosdim\/information\/academic-descendants\/","og_site_name":"UPJ\u0160 Ko\u0161ice","article_publisher":"https:\/\/www.facebook.com\/UniverzitaPavlaJozefaSafarikaVkosiciach\/","twitter_card":"summary_large_image","twitter_site":"@UPJS_kosice","twitter_misc":{"Est. reading time":"1 minute"},"schema":{"@context":"https:\/\/schema.org","@graph":[{"@type":"WebPage","@id":"https:\/\/www.upjs.sk\/en\/information\/science-and-research\/scientific-and-research-activities-phd-studies\/top-research-teams\/kosdim\/information\/academic-descendants\/","url":"https:\/\/www.upjs.sk\/en\/information\/science-and-research\/scientific-and-research-activities-phd-studies\/top-research-teams\/kosdim\/information\/academic-descendants\/","name":"Academic descendants of members of KOSDIM team - UPJ\u0160 Ko\u0161ice","isPartOf":{"@id":"https:\/\/www.upjs.sk\/en\/#website"},"datePublished":"2017-12-12T07:49:43+00:00","breadcrumb":{"@id":"https:\/\/www.upjs.sk\/en\/information\/science-and-research\/scientific-and-research-activities-phd-studies\/top-research-teams\/kosdim\/information\/academic-descendants\/#breadcrumb"},"inLanguage":"en-US","potentialAction":[{"@type":"ReadAction","target":["https:\/\/www.upjs.sk\/en\/information\/science-and-research\/scientific-and-research-activities-phd-studies\/top-research-teams\/kosdim\/information\/academic-descendants\/"]}]},{"@type":"BreadcrumbList","@id":"https:\/\/www.upjs.sk\/en\/information\/science-and-research\/scientific-and-research-activities-phd-studies\/top-research-teams\/kosdim\/information\/academic-descendants\/#breadcrumb","itemListElement":[{"@type":"ListItem","position":1,"name":"Home","item":"https:\/\/www.upjs.sk\/en\/"},{"@type":"ListItem","position":2,"name":"Information","item":"https:\/\/www.upjs.sk\/en\/information\/"},{"@type":"ListItem","position":3,"name":"Science, Research and Development","item":"https:\/\/www.upjs.sk\/en\/information\/science-and-research\/"},{"@type":"ListItem","position":4,"name":"Scientific and Research Activities, PhD Studies","item":"https:\/\/www.upjs.sk\/en\/information\/science-and-research\/scientific-and-research-activities-phd-studies\/"},{"@type":"ListItem","position":5,"name":"Top Research Teams","item":"https:\/\/www.upjs.sk\/en\/information\/science-and-research\/scientific-and-research-activities-phd-studies\/top-research-teams\/"},{"@type":"ListItem","position":6,"name":"The Ko\u0161ice Group of Discrete Mathematics (KOSDIM)","item":"https:\/\/www.upjs.sk\/en\/information\/science-and-research\/scientific-and-research-activities-phd-studies\/top-research-teams\/kosdim\/"},{"@type":"ListItem","position":7,"name":"Basic information","item":"https:\/\/www.upjs.sk\/en\/information\/science-and-research\/scientific-and-research-activities-phd-studies\/top-research-teams\/kosdim\/information\/"},{"@type":"ListItem","position":8,"name":"Academic descendants of members of KOSDIM team"}]},{"@type":"WebSite","@id":"https:\/\/www.upjs.sk\/en\/#website","url":"https:\/\/www.upjs.sk\/en\/","name":"UPJ\u0160 Ko\u0161ice","description":"Wisdom of the Past, Knowledge of the Present, Education of the Future","publisher":{"@id":"https:\/\/www.upjs.sk\/en\/#organization"},"potentialAction":[{"@type":"SearchAction","target":{"@type":"EntryPoint","urlTemplate":"https:\/\/www.upjs.sk\/en\/?s={search_term_string}"},"query-input":{"@type":"PropertyValueSpecification","valueRequired":true,"valueName":"search_term_string"}}],"inLanguage":"en-US"},{"@type":"Organization","@id":"https:\/\/www.upjs.sk\/en\/#organization","name":"UPJ\u0160 Ko\u0161ice","url":"https:\/\/www.upjs.sk\/en\/","logo":{"@type":"ImageObject","inLanguage":"en-US","@id":"https:\/\/www.upjs.sk\/en\/#\/schema\/logo\/image\/","url":"https:\/\/www.upjs.sk\/app\/uploads\/2023\/01\/UPJS_ENG_esymbol.svg","contentUrl":"https:\/\/www.upjs.sk\/app\/uploads\/2023\/01\/UPJS_ENG_esymbol.svg","width":448,"height":139,"caption":"UPJ\u0160 Ko\u0161ice"},"image":{"@id":"https:\/\/www.upjs.sk\/en\/#\/schema\/logo\/image\/"},"sameAs":["https:\/\/www.facebook.com\/UniverzitaPavlaJozefaSafarikaVkosiciach\/","https:\/\/x.com\/UPJS_kosice","https:\/\/www.instagram.com\/upjs_kosice","https:\/\/www.linkedin.com\/company\/pavol-jozef-afrik-university-in-koice\/"]}]}},"_links":{"self":[{"href":"https:\/\/www.upjs.sk\/en\/wp-json\/wp\/v2\/pages\/40155","targetHints":{"allow":["GET"]}}],"collection":[{"href":"https:\/\/www.upjs.sk\/en\/wp-json\/wp\/v2\/pages"}],"about":[{"href":"https:\/\/www.upjs.sk\/en\/wp-json\/wp\/v2\/types\/page"}],"author":[{"embeddable":true,"href":"https:\/\/www.upjs.sk\/en\/wp-json\/wp\/v2\/users\/1"}],"replies":[{"embeddable":true,"href":"https:\/\/www.upjs.sk\/en\/wp-json\/wp\/v2\/comments?post=40155"}],"version-history":[{"count":0,"href":"https:\/\/www.upjs.sk\/en\/wp-json\/wp\/v2\/pages\/40155\/revisions"}],"up":[{"embeddable":true,"href":"https:\/\/www.upjs.sk\/en\/wp-json\/wp\/v2\/pages\/25734"}],"wp:attachment":[{"href":"https:\/\/www.upjs.sk\/en\/wp-json\/wp\/v2\/media?parent=40155"}],"wp:term":[{"taxonomy":"category","embeddable":true,"href":"https:\/\/www.upjs.sk\/en\/wp-json\/wp\/v2\/categories?post=40155"},{"taxonomy":"post_tag","embeddable":true,"href":"https:\/\/www.upjs.sk\/en\/wp-json\/wp\/v2\/tags?post=40155"}],"curies":[{"name":"wp","href":"https:\/\/api.w.org\/{rel}","templated":true}]}}