{"id":40157,"date":"2016-11-04T11:21:41","date_gmt":"2016-11-04T11:21:41","guid":{"rendered":"https:\/\/www.upjs.sk\/information\/science-research-and-development-kat_id-327\/innovation-development-and-european-agenda-kat_id-362\/eu-structural-funds-projects-at-upjs-kat_id-2093\/gallery\/"},"modified":"2016-11-04T11:21:41","modified_gmt":"2016-11-04T11:21:41","slug":"gallery","status":"publish","type":"page","link":"https:\/\/www.upjs.sk\/en\/information\/science-and-research\/innovation-development-and-european-agenda\/eu-structural-funds-projects-upjs\/gallery\/","title":{"rendered":"Gallery"},"content":{"rendered":"<p>\u25ba <a href=\"https:\/\/www.upjs.sk\/vyskum\/inovacie-rozvoj-eu-problematika\/projekty-strukturalne-fondy\/fotogaleria-rekonstrukcia-budovy-ff-upjs\/\"><strong>Implementation of the project &#8220;Building an OPEN DOOR university by introducing modern IT and the reconstruction of the building of the Faculty of Arts in the area of the Pavol Jozef \u0160af\u00e1rik University in Ko\u0161ice&#8221; &#8211; ITMS project code: 26250120028<\/strong><\/a><\/p>\n<p><strong>\u25ba Implementation of the project &#8220;Modernization of IT at the Pavol Jozef \u0160af\u00e1rik University in Ko\u0161ice and the reconstruction of the University Library, Classrooms &#8211; ITMS code 26250120003&#8221;<\/strong><\/p>\n<ul>\n<li><a href=\"https:\/\/www.upjs.sk\/vyskum\/inovacie-rozvoj-eu-problematika\/projekty-strukturalne-fondy\/fotogaleria-aula-kostliveho\">Reconstruction of the Lecture Hall of the Faculty of Medicine at Kostliv\u00e9ho str.<\/a><\/li>\n<li><a href=\"https:\/\/www.upjs.sk\/vyskum\/inovacie-rozvoj-eu-problematika\/projekty-strukturalne-fondy\/fotogaleria-uk-moyzesova9\">Reconstruction and the introduction of modern IT technologies in the University Library at Moyzesovej no. 9<\/a><\/li>\n<li><a href=\"https:\/\/www.upjs.sk\/vyskum\/inovacie-rozvoj-eu-problematika\/projekty-strukturalne-fondy\/fotogaleria-m5-srobarova2\">Reconstruction and the introduction of modern IT technologies in the M5 Lecture Hall in the area of \u0160rob\u00e1rov\u00e1 no. 2<\/a><\/li>\n<li><a href=\"https:\/\/www.upjs.sk\/vyskum\/inovacie-rozvoj-eu-problematika\/projekty-strukturalne-fondy\/fotogaleria-m6-srobarova2\">Reconstruction and the introduction of modern IT technologies in the M6 Lecture Hall in the area of \u0160rob\u00e1rov\u00e1 no. 2<\/a><\/li>\n<li><a href=\"https:\/\/www.upjs.sk\/vyskum\/inovacie-rozvoj-eu-problematika\/projekty-strukturalne-fondy\/fotogaleria-nonstop-ucebna-pa9\">The newly built non-stop study room of computer science at park Angelinum 9<\/a><\/li>\n<\/ul>\n<p><strong>\u25ba Implementation of the project: \u201eNetwork of excellent workplaces for oncology \/SEPO\/ &#8211; ITMS code 26220120024\u201c<\/strong><\/p>\n<ul>\n<li><a href=\"https:\/\/www.upjs.sk\/vyskum\/inovacie-rozvoj-eu-problematika\/unikatne-pristroje\/laboratorium-analytickej-cytometrie\/\">Confocal Microscope &#8211; commissioning<\/a><\/li>\n<\/ul>\n","protected":false},"excerpt":{"rendered":"<p>\u25ba Implementation of the project &#8220;Building an OPEN DOOR university by introducing modern IT and the reconstruction of the building of the Faculty of Arts in the area of the Pavol Jozef \u0160af\u00e1rik University in Ko\u0161ice&#8221; &#8211; ITMS project code: 26250120028 \u25ba Implementation of the project &#8220;Modernization of IT at the Pavol Jozef \u0160af\u00e1rik University &hellip; <a href=\"https:\/\/www.upjs.sk\/en\/information\/science-and-research\/innovation-development-and-european-agenda\/eu-structural-funds-projects-upjs\/gallery\/\">Continued<\/a><\/p>\n","protected":false},"author":1,"featured_media":0,"parent":26361,"menu_order":1,"comment_status":"closed","ping_status":"closed","template":"","meta":{"_acf_changed":false,"_editorskit_title_hidden":false,"_editorskit_reading_time":0,"_editorskit_is_block_options_detached":false,"_editorskit_block_options_position":"{}","footnotes":""},"categories":[],"tags":[],"class_list":["post-40157","page","type-page","status-publish","hentry"],"acf":{"acf_link_na_externy_obsah":""},"yoast_head":"<!-- This site is optimized with the Yoast SEO plugin v27.4 - https:\/\/yoast.com\/product\/yoast-seo-wordpress\/ -->\n<title>Gallery - UPJ\u0160 Ko\u0161ice<\/title>\n<meta name=\"robots\" content=\"index, follow, max-snippet:-1, max-image-preview:large, max-video-preview:-1\" \/>\n<link rel=\"canonical\" href=\"https:\/\/www.upjs.sk\/en\/information\/science-and-research\/innovation-development-and-european-agenda\/eu-structural-funds-projects-upjs\/gallery\/\" \/>\n<meta property=\"og:locale\" content=\"en_US\" \/>\n<meta property=\"og:type\" content=\"article\" \/>\n<meta property=\"og:title\" content=\"Gallery - UPJ\u0160 Ko\u0161ice\" \/>\n<meta property=\"og:description\" content=\"\u25ba Implementation of the project &#8220;Building an OPEN DOOR university by introducing modern IT and the reconstruction of the building of the Faculty of Arts in the area of the Pavol Jozef \u0160af\u00e1rik University in Ko\u0161ice&#8221; &#8211; ITMS project code: 26250120028 \u25ba Implementation of the project &#8220;Modernization of IT at the Pavol Jozef \u0160af\u00e1rik University &hellip; Continued\" \/>\n<meta property=\"og:url\" content=\"https:\/\/www.upjs.sk\/en\/information\/science-and-research\/innovation-development-and-european-agenda\/eu-structural-funds-projects-upjs\/gallery\/\" \/>\n<meta property=\"og:site_name\" content=\"UPJ\u0160 Ko\u0161ice\" \/>\n<meta property=\"article:publisher\" content=\"https:\/\/www.facebook.com\/UniverzitaPavlaJozefaSafarikaVkosiciach\/\" \/>\n<meta name=\"twitter:card\" content=\"summary_large_image\" \/>\n<meta name=\"twitter:site\" content=\"@UPJS_kosice\" \/>\n<meta name=\"twitter:label1\" content=\"Est. reading time\" \/>\n\t<meta name=\"twitter:data1\" content=\"1 minute\" \/>\n<script type=\"application\/ld+json\" class=\"yoast-schema-graph\">{\"@context\":\"https:\\\/\\\/schema.org\",\"@graph\":[{\"@type\":\"WebPage\",\"@id\":\"https:\\\/\\\/www.upjs.sk\\\/en\\\/information\\\/science-and-research\\\/innovation-development-and-european-agenda\\\/eu-structural-funds-projects-upjs\\\/gallery\\\/\",\"url\":\"https:\\\/\\\/www.upjs.sk\\\/en\\\/information\\\/science-and-research\\\/innovation-development-and-european-agenda\\\/eu-structural-funds-projects-upjs\\\/gallery\\\/\",\"name\":\"Gallery - UPJ\u0160 Ko\u0161ice\",\"isPartOf\":{\"@id\":\"https:\\\/\\\/www.upjs.sk\\\/en\\\/#website\"},\"datePublished\":\"2016-11-04T11:21:41+00:00\",\"breadcrumb\":{\"@id\":\"https:\\\/\\\/www.upjs.sk\\\/en\\\/information\\\/science-and-research\\\/innovation-development-and-european-agenda\\\/eu-structural-funds-projects-upjs\\\/gallery\\\/#breadcrumb\"},\"inLanguage\":\"en-US\",\"potentialAction\":[{\"@type\":\"ReadAction\",\"target\":[\"https:\\\/\\\/www.upjs.sk\\\/en\\\/information\\\/science-and-research\\\/innovation-development-and-european-agenda\\\/eu-structural-funds-projects-upjs\\\/gallery\\\/\"]}]},{\"@type\":\"BreadcrumbList\",\"@id\":\"https:\\\/\\\/www.upjs.sk\\\/en\\\/information\\\/science-and-research\\\/innovation-development-and-european-agenda\\\/eu-structural-funds-projects-upjs\\\/gallery\\\/#breadcrumb\",\"itemListElement\":[{\"@type\":\"ListItem\",\"position\":1,\"name\":\"Home\",\"item\":\"https:\\\/\\\/www.upjs.sk\\\/en\\\/\"},{\"@type\":\"ListItem\",\"position\":2,\"name\":\"Information\",\"item\":\"https:\\\/\\\/www.upjs.sk\\\/en\\\/information\\\/\"},{\"@type\":\"ListItem\",\"position\":3,\"name\":\"Science, Research and Development\",\"item\":\"https:\\\/\\\/www.upjs.sk\\\/en\\\/information\\\/science-and-research\\\/\"},{\"@type\":\"ListItem\",\"position\":4,\"name\":\"Innovation, Development and European Agenda\",\"item\":\"https:\\\/\\\/www.upjs.sk\\\/en\\\/information\\\/science-and-research\\\/innovation-development-and-european-agenda\\\/\"},{\"@type\":\"ListItem\",\"position\":5,\"name\":\"EU Structural Funds Projects at UPJ\u0160\",\"item\":\"https:\\\/\\\/www.upjs.sk\\\/en\\\/information\\\/science-and-research\\\/innovation-development-and-european-agenda\\\/eu-structural-funds-projects-upjs\\\/\"},{\"@type\":\"ListItem\",\"position\":6,\"name\":\"Gallery\"}]},{\"@type\":\"WebSite\",\"@id\":\"https:\\\/\\\/www.upjs.sk\\\/en\\\/#website\",\"url\":\"https:\\\/\\\/www.upjs.sk\\\/en\\\/\",\"name\":\"UPJ\u0160 Ko\u0161ice\",\"description\":\"Wisdom of the Past, Knowledge of the Present, Education of the Future\",\"publisher\":{\"@id\":\"https:\\\/\\\/www.upjs.sk\\\/en\\\/#organization\"},\"potentialAction\":[{\"@type\":\"SearchAction\",\"target\":{\"@type\":\"EntryPoint\",\"urlTemplate\":\"https:\\\/\\\/www.upjs.sk\\\/en\\\/?s={search_term_string}\"},\"query-input\":{\"@type\":\"PropertyValueSpecification\",\"valueRequired\":true,\"valueName\":\"search_term_string\"}}],\"inLanguage\":\"en-US\"},{\"@type\":\"Organization\",\"@id\":\"https:\\\/\\\/www.upjs.sk\\\/en\\\/#organization\",\"name\":\"UPJ\u0160 Ko\u0161ice\",\"url\":\"https:\\\/\\\/www.upjs.sk\\\/en\\\/\",\"logo\":{\"@type\":\"ImageObject\",\"inLanguage\":\"en-US\",\"@id\":\"https:\\\/\\\/www.upjs.sk\\\/en\\\/#\\\/schema\\\/logo\\\/image\\\/\",\"url\":\"https:\\\/\\\/www.upjs.sk\\\/app\\\/uploads\\\/2023\\\/01\\\/UPJS_ENG_esymbol.svg\",\"contentUrl\":\"https:\\\/\\\/www.upjs.sk\\\/app\\\/uploads\\\/2023\\\/01\\\/UPJS_ENG_esymbol.svg\",\"width\":448,\"height\":139,\"caption\":\"UPJ\u0160 Ko\u0161ice\"},\"image\":{\"@id\":\"https:\\\/\\\/www.upjs.sk\\\/en\\\/#\\\/schema\\\/logo\\\/image\\\/\"},\"sameAs\":[\"https:\\\/\\\/www.facebook.com\\\/UniverzitaPavlaJozefaSafarikaVkosiciach\\\/\",\"https:\\\/\\\/x.com\\\/UPJS_kosice\",\"https:\\\/\\\/www.instagram.com\\\/upjs_kosice\",\"https:\\\/\\\/www.linkedin.com\\\/company\\\/pavol-jozef-afrik-university-in-koice\\\/\"]}]}<\/script>\n<!-- \/ Yoast SEO plugin. -->","yoast_head_json":{"title":"Gallery - UPJ\u0160 Ko\u0161ice","robots":{"index":"index","follow":"follow","max-snippet":"max-snippet:-1","max-image-preview":"max-image-preview:large","max-video-preview":"max-video-preview:-1"},"canonical":"https:\/\/www.upjs.sk\/en\/information\/science-and-research\/innovation-development-and-european-agenda\/eu-structural-funds-projects-upjs\/gallery\/","og_locale":"en_US","og_type":"article","og_title":"Gallery - UPJ\u0160 Ko\u0161ice","og_description":"\u25ba Implementation of the project &#8220;Building an OPEN DOOR university by introducing modern IT and the reconstruction of the building of the Faculty of Arts in the area of the Pavol Jozef \u0160af\u00e1rik University in Ko\u0161ice&#8221; &#8211; ITMS project code: 26250120028 \u25ba Implementation of the project &#8220;Modernization of IT at the Pavol Jozef \u0160af\u00e1rik University &hellip; Continued","og_url":"https:\/\/www.upjs.sk\/en\/information\/science-and-research\/innovation-development-and-european-agenda\/eu-structural-funds-projects-upjs\/gallery\/","og_site_name":"UPJ\u0160 Ko\u0161ice","article_publisher":"https:\/\/www.facebook.com\/UniverzitaPavlaJozefaSafarikaVkosiciach\/","twitter_card":"summary_large_image","twitter_site":"@UPJS_kosice","twitter_misc":{"Est. reading time":"1 minute"},"schema":{"@context":"https:\/\/schema.org","@graph":[{"@type":"WebPage","@id":"https:\/\/www.upjs.sk\/en\/information\/science-and-research\/innovation-development-and-european-agenda\/eu-structural-funds-projects-upjs\/gallery\/","url":"https:\/\/www.upjs.sk\/en\/information\/science-and-research\/innovation-development-and-european-agenda\/eu-structural-funds-projects-upjs\/gallery\/","name":"Gallery - UPJ\u0160 Ko\u0161ice","isPartOf":{"@id":"https:\/\/www.upjs.sk\/en\/#website"},"datePublished":"2016-11-04T11:21:41+00:00","breadcrumb":{"@id":"https:\/\/www.upjs.sk\/en\/information\/science-and-research\/innovation-development-and-european-agenda\/eu-structural-funds-projects-upjs\/gallery\/#breadcrumb"},"inLanguage":"en-US","potentialAction":[{"@type":"ReadAction","target":["https:\/\/www.upjs.sk\/en\/information\/science-and-research\/innovation-development-and-european-agenda\/eu-structural-funds-projects-upjs\/gallery\/"]}]},{"@type":"BreadcrumbList","@id":"https:\/\/www.upjs.sk\/en\/information\/science-and-research\/innovation-development-and-european-agenda\/eu-structural-funds-projects-upjs\/gallery\/#breadcrumb","itemListElement":[{"@type":"ListItem","position":1,"name":"Home","item":"https:\/\/www.upjs.sk\/en\/"},{"@type":"ListItem","position":2,"name":"Information","item":"https:\/\/www.upjs.sk\/en\/information\/"},{"@type":"ListItem","position":3,"name":"Science, Research and Development","item":"https:\/\/www.upjs.sk\/en\/information\/science-and-research\/"},{"@type":"ListItem","position":4,"name":"Innovation, Development and European Agenda","item":"https:\/\/www.upjs.sk\/en\/information\/science-and-research\/innovation-development-and-european-agenda\/"},{"@type":"ListItem","position":5,"name":"EU Structural Funds Projects at UPJ\u0160","item":"https:\/\/www.upjs.sk\/en\/information\/science-and-research\/innovation-development-and-european-agenda\/eu-structural-funds-projects-upjs\/"},{"@type":"ListItem","position":6,"name":"Gallery"}]},{"@type":"WebSite","@id":"https:\/\/www.upjs.sk\/en\/#website","url":"https:\/\/www.upjs.sk\/en\/","name":"UPJ\u0160 Ko\u0161ice","description":"Wisdom of the Past, Knowledge of the Present, Education of the Future","publisher":{"@id":"https:\/\/www.upjs.sk\/en\/#organization"},"potentialAction":[{"@type":"SearchAction","target":{"@type":"EntryPoint","urlTemplate":"https:\/\/www.upjs.sk\/en\/?s={search_term_string}"},"query-input":{"@type":"PropertyValueSpecification","valueRequired":true,"valueName":"search_term_string"}}],"inLanguage":"en-US"},{"@type":"Organization","@id":"https:\/\/www.upjs.sk\/en\/#organization","name":"UPJ\u0160 Ko\u0161ice","url":"https:\/\/www.upjs.sk\/en\/","logo":{"@type":"ImageObject","inLanguage":"en-US","@id":"https:\/\/www.upjs.sk\/en\/#\/schema\/logo\/image\/","url":"https:\/\/www.upjs.sk\/app\/uploads\/2023\/01\/UPJS_ENG_esymbol.svg","contentUrl":"https:\/\/www.upjs.sk\/app\/uploads\/2023\/01\/UPJS_ENG_esymbol.svg","width":448,"height":139,"caption":"UPJ\u0160 Ko\u0161ice"},"image":{"@id":"https:\/\/www.upjs.sk\/en\/#\/schema\/logo\/image\/"},"sameAs":["https:\/\/www.facebook.com\/UniverzitaPavlaJozefaSafarikaVkosiciach\/","https:\/\/x.com\/UPJS_kosice","https:\/\/www.instagram.com\/upjs_kosice","https:\/\/www.linkedin.com\/company\/pavol-jozef-afrik-university-in-koice\/"]}]}},"_links":{"self":[{"href":"https:\/\/www.upjs.sk\/en\/wp-json\/wp\/v2\/pages\/40157","targetHints":{"allow":["GET"]}}],"collection":[{"href":"https:\/\/www.upjs.sk\/en\/wp-json\/wp\/v2\/pages"}],"about":[{"href":"https:\/\/www.upjs.sk\/en\/wp-json\/wp\/v2\/types\/page"}],"author":[{"embeddable":true,"href":"https:\/\/www.upjs.sk\/en\/wp-json\/wp\/v2\/users\/1"}],"replies":[{"embeddable":true,"href":"https:\/\/www.upjs.sk\/en\/wp-json\/wp\/v2\/comments?post=40157"}],"version-history":[{"count":0,"href":"https:\/\/www.upjs.sk\/en\/wp-json\/wp\/v2\/pages\/40157\/revisions"}],"up":[{"embeddable":true,"href":"https:\/\/www.upjs.sk\/en\/wp-json\/wp\/v2\/pages\/26361"}],"wp:attachment":[{"href":"https:\/\/www.upjs.sk\/en\/wp-json\/wp\/v2\/media?parent=40157"}],"wp:term":[{"taxonomy":"category","embeddable":true,"href":"https:\/\/www.upjs.sk\/en\/wp-json\/wp\/v2\/categories?post=40157"},{"taxonomy":"post_tag","embeddable":true,"href":"https:\/\/www.upjs.sk\/en\/wp-json\/wp\/v2\/tags?post=40157"}],"curies":[{"name":"wp","href":"https:\/\/api.w.org\/{rel}","templated":true}]}}