{"id":40160,"date":"2016-11-06T15:09:44","date_gmt":"2016-11-06T15:09:44","guid":{"rendered":"https:\/\/www.upjs.sk\/information\/science-research-and-development-kat_id-327\/innovation-development-and-european-agenda-kat_id-362\/university-science-parks-kat_id-2096\/technicom\/"},"modified":"2024-01-17T14:19:54","modified_gmt":"2024-01-17T13:19:54","slug":"technicom","status":"publish","type":"page","link":"https:\/\/www.upjs.sk\/en\/information\/science-and-research\/innovation-development-and-european-agenda\/university-science-parks\/technicom\/","title":{"rendered":"TECHNICOM"},"content":{"rendered":"<p style=\"text-align: justify;\">The Faculty of Science of the Pavol Jozef \u0160af\u00e1rik University in Ko\u0161ice cooperates within this project with the University of Pre\u0161ov in Pre\u0161ov and with the Technical University in Ko\u0161ice, who is the main coordinator of the project.<\/p>\n<p style=\"text-align: justify;\">The strategic objective of this project is to build the \u201c<strong><a href=\"https:\/\/www.upjs.sk\/en\/faculty-of-science\/technicom\/\">Technicom<\/a><\/strong>\u201d University Science Park, which will be an internationally acknowledged centre of research and transfer of technologies in the field of innovative applications to support knowledge-based technologies. The first specific objective of the project is to ensure the organization and management of building and running the USP through scientific management. The second specific objective is to build a real and functioning park infrastructure as a sophisticated research and technology unit. The third specific objective is to ensure top applied research and development in selected areas of science, including the social and humanitarian dimensions:<\/p>\n<p style=\"text-align: justify; margin-left: 40px;\"><strong>\u2022<\/strong> information and communication technologies<br \/>\n<strong>\u2022<\/strong> electrical engineering, automation and control systems<br \/>\n<strong>\u2022<\/strong> engineering<br \/>\n<strong>\u2022<\/strong> civil engineering (construction, transport, geodesy)<br \/>\n<strong>\u2022<\/strong> environmental engineering (mining, metallurgy, sciences of water management) including the social<br \/>\nand humanitarian dimensions.<\/p>\n<p style=\"text-align: justify;\">The main objective is to reach the following functions:<\/p>\n<p style=\"text-align: justify;\"><strong>\u2022<\/strong> to ensure the creation of business incubators for small and for medium \u201cHi-Tech\u201d businesses, for start-ups, and for spin-off firms, which are generated mainly on the basis of relevant research results and developments, which\u00a0 were carried out within the research and innovating activities and projects of the universities and the institutes of the Slovak Academy of Sciences,<br \/>\n<strong>\u2022<\/strong> to support a wide-ranging, effective and mutually beneficial cooperation concentrating on research and development among the institutes of the universities, the Slovak Academy of Sciences, and the organizations from the social and economic spheres,<br \/>\n<strong>\u2022<\/strong> to ensure proper conditions for a sustainable development of research with a permanent impact on transfer of knowledge and technologies, and on the innovative practice on regional, national and on international level,<br \/>\n<strong>\u2022<\/strong> to become a primary contact for those firms, which are interested in a cooperation with research and development teams from the institutes of the universities.<\/p>\n<p style=\"text-align: justify;\"><a href=\"\/app\/uploads\/2022\/09\/UVP_Logo_RGB-1.jpg\" target=\"_blank\" rel=\"noopener\"><img decoding=\"async\" style=\"height: 50px; width: 120px;\" src=\"\/app\/uploads\/2022\/09\/UVP_Logo_RGB-1.jpg\"><\/a><a href=\"\/app\/uploads\/2022\/09\/UVP_Logo_RGB-2.jpg\" target=\"_blank\" rel=\"noopener\"><img decoding=\"async\" style=\"height: 50px; width: 120px;\" src=\"\/app\/uploads\/2022\/09\/UVP_Logo_RGB-2.jpg\"><\/a><a href=\"\/app\/uploads\/2022\/09\/UVP_Logo_RGB-3.jpg\" target=\"_blank\" rel=\"noopener\"><img decoding=\"async\" style=\"height: 50px; width: 120px;\" src=\"\/app\/uploads\/2022\/09\/UVP_Logo_RGB-3.jpg\"><\/a><a href=\"\/app\/uploads\/2022\/09\/UVP_Logo_RGB-4.jpg\" target=\"_blank\" rel=\"noopener\"><img decoding=\"async\" style=\"height: 50px; width: 120px;\" src=\"\/app\/uploads\/2022\/09\/UVP_Logo_RGB-4.jpg\"><\/a><a href=\"\/app\/uploads\/2022\/09\/UVP_Logo_RGB-5.jpg\" target=\"_blank\" rel=\"noopener\"><img decoding=\"async\" style=\"height: 50px; width: 120px;\" src=\"\/app\/uploads\/2022\/09\/UVP_Logo_RGB-5.jpg\"><\/a><\/p>\n","protected":false},"excerpt":{"rendered":"<p>The Faculty of Science of the Pavol Jozef \u0160af\u00e1rik University in Ko\u0161ice cooperates within this project with the University of Pre\u0161ov in Pre\u0161ov and with the Technical University in Ko\u0161ice, who is the main coordinator of the project. The strategic objective of this project is to build the \u201cTechnicom\u201d University Science Park, which will be &hellip; <a href=\"https:\/\/www.upjs.sk\/en\/information\/science-and-research\/innovation-development-and-european-agenda\/university-science-parks\/technicom\/\">Continued<\/a><\/p>\n","protected":false},"author":1,"featured_media":13544,"parent":26431,"menu_order":0,"comment_status":"closed","ping_status":"closed","template":"","meta":{"_acf_changed":false,"_editorskit_title_hidden":false,"_editorskit_reading_time":0,"_editorskit_is_block_options_detached":false,"_editorskit_block_options_position":"{}","footnotes":""},"categories":[],"tags":[],"class_list":["post-40160","page","type-page","status-publish","has-post-thumbnail","hentry"],"acf":{"acf_link_na_externy_obsah":""},"yoast_head":"<!-- This site is optimized with the Yoast SEO plugin v27.4 - https:\/\/yoast.com\/product\/yoast-seo-wordpress\/ -->\n<title>TECHNICOM - UPJ\u0160 Ko\u0161ice<\/title>\n<meta name=\"robots\" content=\"index, follow, max-snippet:-1, max-image-preview:large, max-video-preview:-1\" \/>\n<link rel=\"canonical\" href=\"https:\/\/www.upjs.sk\/en\/information\/science-and-research\/innovation-development-and-european-agenda\/university-science-parks\/technicom\/\" \/>\n<meta property=\"og:locale\" content=\"en_US\" \/>\n<meta property=\"og:type\" content=\"article\" \/>\n<meta property=\"og:title\" content=\"TECHNICOM - UPJ\u0160 Ko\u0161ice\" \/>\n<meta property=\"og:description\" content=\"The Faculty of Science of the Pavol Jozef \u0160af\u00e1rik University in Ko\u0161ice cooperates within this project with the University of Pre\u0161ov in Pre\u0161ov and with the Technical University in Ko\u0161ice, who is the main coordinator of the project. The strategic objective of this project is to build the \u201cTechnicom\u201d University Science Park, which will be &hellip; Continued\" \/>\n<meta property=\"og:url\" content=\"https:\/\/www.upjs.sk\/en\/information\/science-and-research\/innovation-development-and-european-agenda\/university-science-parks\/technicom\/\" \/>\n<meta property=\"og:site_name\" content=\"UPJ\u0160 Ko\u0161ice\" \/>\n<meta property=\"article:publisher\" content=\"https:\/\/www.facebook.com\/UniverzitaPavlaJozefaSafarikaVkosiciach\/\" \/>\n<meta property=\"article:modified_time\" content=\"2024-01-17T13:19:54+00:00\" \/>\n<meta property=\"og:image\" content=\"https:\/\/www.upjs.sk\/app\/uploads\/2022\/10\/technicom13.jpg\" \/>\n\t<meta property=\"og:image:width\" content=\"600\" \/>\n\t<meta property=\"og:image:height\" content=\"400\" \/>\n\t<meta property=\"og:image:type\" content=\"image\/jpeg\" \/>\n<meta name=\"twitter:card\" content=\"summary_large_image\" \/>\n<meta name=\"twitter:site\" content=\"@UPJS_kosice\" \/>\n<meta name=\"twitter:label1\" content=\"Est. reading time\" \/>\n\t<meta name=\"twitter:data1\" content=\"2 minutes\" \/>\n<script type=\"application\/ld+json\" class=\"yoast-schema-graph\">{\"@context\":\"https:\\\/\\\/schema.org\",\"@graph\":[{\"@type\":\"WebPage\",\"@id\":\"https:\\\/\\\/www.upjs.sk\\\/en\\\/information\\\/science-and-research\\\/innovation-development-and-european-agenda\\\/university-science-parks\\\/technicom\\\/\",\"url\":\"https:\\\/\\\/www.upjs.sk\\\/en\\\/information\\\/science-and-research\\\/innovation-development-and-european-agenda\\\/university-science-parks\\\/technicom\\\/\",\"name\":\"TECHNICOM - UPJ\u0160 Ko\u0161ice\",\"isPartOf\":{\"@id\":\"https:\\\/\\\/www.upjs.sk\\\/en\\\/#website\"},\"primaryImageOfPage\":{\"@id\":\"https:\\\/\\\/www.upjs.sk\\\/en\\\/information\\\/science-and-research\\\/innovation-development-and-european-agenda\\\/university-science-parks\\\/technicom\\\/#primaryimage\"},\"image\":{\"@id\":\"https:\\\/\\\/www.upjs.sk\\\/en\\\/information\\\/science-and-research\\\/innovation-development-and-european-agenda\\\/university-science-parks\\\/technicom\\\/#primaryimage\"},\"thumbnailUrl\":\"https:\\\/\\\/www.upjs.sk\\\/app\\\/uploads\\\/2022\\\/10\\\/technicom13.jpg\",\"datePublished\":\"2016-11-06T15:09:44+00:00\",\"dateModified\":\"2024-01-17T13:19:54+00:00\",\"breadcrumb\":{\"@id\":\"https:\\\/\\\/www.upjs.sk\\\/en\\\/information\\\/science-and-research\\\/innovation-development-and-european-agenda\\\/university-science-parks\\\/technicom\\\/#breadcrumb\"},\"inLanguage\":\"en-US\",\"potentialAction\":[{\"@type\":\"ReadAction\",\"target\":[\"https:\\\/\\\/www.upjs.sk\\\/en\\\/information\\\/science-and-research\\\/innovation-development-and-european-agenda\\\/university-science-parks\\\/technicom\\\/\"]}]},{\"@type\":\"ImageObject\",\"inLanguage\":\"en-US\",\"@id\":\"https:\\\/\\\/www.upjs.sk\\\/en\\\/information\\\/science-and-research\\\/innovation-development-and-european-agenda\\\/university-science-parks\\\/technicom\\\/#primaryimage\",\"url\":\"https:\\\/\\\/www.upjs.sk\\\/app\\\/uploads\\\/2022\\\/10\\\/technicom13.jpg\",\"contentUrl\":\"https:\\\/\\\/www.upjs.sk\\\/app\\\/uploads\\\/2022\\\/10\\\/technicom13.jpg\",\"width\":600,\"height\":400},{\"@type\":\"BreadcrumbList\",\"@id\":\"https:\\\/\\\/www.upjs.sk\\\/en\\\/information\\\/science-and-research\\\/innovation-development-and-european-agenda\\\/university-science-parks\\\/technicom\\\/#breadcrumb\",\"itemListElement\":[{\"@type\":\"ListItem\",\"position\":1,\"name\":\"Home\",\"item\":\"https:\\\/\\\/www.upjs.sk\\\/en\\\/\"},{\"@type\":\"ListItem\",\"position\":2,\"name\":\"Information\",\"item\":\"https:\\\/\\\/www.upjs.sk\\\/en\\\/information\\\/\"},{\"@type\":\"ListItem\",\"position\":3,\"name\":\"Science, Research and Development\",\"item\":\"https:\\\/\\\/www.upjs.sk\\\/en\\\/information\\\/science-and-research\\\/\"},{\"@type\":\"ListItem\",\"position\":4,\"name\":\"Innovation, Development and European Agenda\",\"item\":\"https:\\\/\\\/www.upjs.sk\\\/en\\\/information\\\/science-and-research\\\/innovation-development-and-european-agenda\\\/\"},{\"@type\":\"ListItem\",\"position\":5,\"name\":\"University Science Parks\",\"item\":\"https:\\\/\\\/www.upjs.sk\\\/en\\\/information\\\/science-and-research\\\/innovation-development-and-european-agenda\\\/university-science-parks\\\/\"},{\"@type\":\"ListItem\",\"position\":6,\"name\":\"TECHNICOM\"}]},{\"@type\":\"WebSite\",\"@id\":\"https:\\\/\\\/www.upjs.sk\\\/en\\\/#website\",\"url\":\"https:\\\/\\\/www.upjs.sk\\\/en\\\/\",\"name\":\"UPJ\u0160 Ko\u0161ice\",\"description\":\"Wisdom of the Past, Knowledge of the Present, Education of the Future\",\"publisher\":{\"@id\":\"https:\\\/\\\/www.upjs.sk\\\/en\\\/#organization\"},\"potentialAction\":[{\"@type\":\"SearchAction\",\"target\":{\"@type\":\"EntryPoint\",\"urlTemplate\":\"https:\\\/\\\/www.upjs.sk\\\/en\\\/?s={search_term_string}\"},\"query-input\":{\"@type\":\"PropertyValueSpecification\",\"valueRequired\":true,\"valueName\":\"search_term_string\"}}],\"inLanguage\":\"en-US\"},{\"@type\":\"Organization\",\"@id\":\"https:\\\/\\\/www.upjs.sk\\\/en\\\/#organization\",\"name\":\"UPJ\u0160 Ko\u0161ice\",\"url\":\"https:\\\/\\\/www.upjs.sk\\\/en\\\/\",\"logo\":{\"@type\":\"ImageObject\",\"inLanguage\":\"en-US\",\"@id\":\"https:\\\/\\\/www.upjs.sk\\\/en\\\/#\\\/schema\\\/logo\\\/image\\\/\",\"url\":\"https:\\\/\\\/www.upjs.sk\\\/app\\\/uploads\\\/2023\\\/01\\\/UPJS_ENG_esymbol.svg\",\"contentUrl\":\"https:\\\/\\\/www.upjs.sk\\\/app\\\/uploads\\\/2023\\\/01\\\/UPJS_ENG_esymbol.svg\",\"width\":448,\"height\":139,\"caption\":\"UPJ\u0160 Ko\u0161ice\"},\"image\":{\"@id\":\"https:\\\/\\\/www.upjs.sk\\\/en\\\/#\\\/schema\\\/logo\\\/image\\\/\"},\"sameAs\":[\"https:\\\/\\\/www.facebook.com\\\/UniverzitaPavlaJozefaSafarikaVkosiciach\\\/\",\"https:\\\/\\\/x.com\\\/UPJS_kosice\",\"https:\\\/\\\/www.instagram.com\\\/upjs_kosice\",\"https:\\\/\\\/www.linkedin.com\\\/company\\\/pavol-jozef-afrik-university-in-koice\\\/\"]}]}<\/script>\n<!-- \/ Yoast SEO plugin. -->","yoast_head_json":{"title":"TECHNICOM - UPJ\u0160 Ko\u0161ice","robots":{"index":"index","follow":"follow","max-snippet":"max-snippet:-1","max-image-preview":"max-image-preview:large","max-video-preview":"max-video-preview:-1"},"canonical":"https:\/\/www.upjs.sk\/en\/information\/science-and-research\/innovation-development-and-european-agenda\/university-science-parks\/technicom\/","og_locale":"en_US","og_type":"article","og_title":"TECHNICOM - UPJ\u0160 Ko\u0161ice","og_description":"The Faculty of Science of the Pavol Jozef \u0160af\u00e1rik University in Ko\u0161ice cooperates within this project with the University of Pre\u0161ov in Pre\u0161ov and with the Technical University in Ko\u0161ice, who is the main coordinator of the project. The strategic objective of this project is to build the \u201cTechnicom\u201d University Science Park, which will be &hellip; Continued","og_url":"https:\/\/www.upjs.sk\/en\/information\/science-and-research\/innovation-development-and-european-agenda\/university-science-parks\/technicom\/","og_site_name":"UPJ\u0160 Ko\u0161ice","article_publisher":"https:\/\/www.facebook.com\/UniverzitaPavlaJozefaSafarikaVkosiciach\/","article_modified_time":"2024-01-17T13:19:54+00:00","og_image":[{"width":600,"height":400,"url":"https:\/\/www.upjs.sk\/app\/uploads\/2022\/10\/technicom13.jpg","type":"image\/jpeg"}],"twitter_card":"summary_large_image","twitter_site":"@UPJS_kosice","twitter_misc":{"Est. reading time":"2 minutes"},"schema":{"@context":"https:\/\/schema.org","@graph":[{"@type":"WebPage","@id":"https:\/\/www.upjs.sk\/en\/information\/science-and-research\/innovation-development-and-european-agenda\/university-science-parks\/technicom\/","url":"https:\/\/www.upjs.sk\/en\/information\/science-and-research\/innovation-development-and-european-agenda\/university-science-parks\/technicom\/","name":"TECHNICOM - UPJ\u0160 Ko\u0161ice","isPartOf":{"@id":"https:\/\/www.upjs.sk\/en\/#website"},"primaryImageOfPage":{"@id":"https:\/\/www.upjs.sk\/en\/information\/science-and-research\/innovation-development-and-european-agenda\/university-science-parks\/technicom\/#primaryimage"},"image":{"@id":"https:\/\/www.upjs.sk\/en\/information\/science-and-research\/innovation-development-and-european-agenda\/university-science-parks\/technicom\/#primaryimage"},"thumbnailUrl":"https:\/\/www.upjs.sk\/app\/uploads\/2022\/10\/technicom13.jpg","datePublished":"2016-11-06T15:09:44+00:00","dateModified":"2024-01-17T13:19:54+00:00","breadcrumb":{"@id":"https:\/\/www.upjs.sk\/en\/information\/science-and-research\/innovation-development-and-european-agenda\/university-science-parks\/technicom\/#breadcrumb"},"inLanguage":"en-US","potentialAction":[{"@type":"ReadAction","target":["https:\/\/www.upjs.sk\/en\/information\/science-and-research\/innovation-development-and-european-agenda\/university-science-parks\/technicom\/"]}]},{"@type":"ImageObject","inLanguage":"en-US","@id":"https:\/\/www.upjs.sk\/en\/information\/science-and-research\/innovation-development-and-european-agenda\/university-science-parks\/technicom\/#primaryimage","url":"https:\/\/www.upjs.sk\/app\/uploads\/2022\/10\/technicom13.jpg","contentUrl":"https:\/\/www.upjs.sk\/app\/uploads\/2022\/10\/technicom13.jpg","width":600,"height":400},{"@type":"BreadcrumbList","@id":"https:\/\/www.upjs.sk\/en\/information\/science-and-research\/innovation-development-and-european-agenda\/university-science-parks\/technicom\/#breadcrumb","itemListElement":[{"@type":"ListItem","position":1,"name":"Home","item":"https:\/\/www.upjs.sk\/en\/"},{"@type":"ListItem","position":2,"name":"Information","item":"https:\/\/www.upjs.sk\/en\/information\/"},{"@type":"ListItem","position":3,"name":"Science, Research and Development","item":"https:\/\/www.upjs.sk\/en\/information\/science-and-research\/"},{"@type":"ListItem","position":4,"name":"Innovation, Development and European Agenda","item":"https:\/\/www.upjs.sk\/en\/information\/science-and-research\/innovation-development-and-european-agenda\/"},{"@type":"ListItem","position":5,"name":"University Science Parks","item":"https:\/\/www.upjs.sk\/en\/information\/science-and-research\/innovation-development-and-european-agenda\/university-science-parks\/"},{"@type":"ListItem","position":6,"name":"TECHNICOM"}]},{"@type":"WebSite","@id":"https:\/\/www.upjs.sk\/en\/#website","url":"https:\/\/www.upjs.sk\/en\/","name":"UPJ\u0160 Ko\u0161ice","description":"Wisdom of the Past, Knowledge of the Present, Education of the Future","publisher":{"@id":"https:\/\/www.upjs.sk\/en\/#organization"},"potentialAction":[{"@type":"SearchAction","target":{"@type":"EntryPoint","urlTemplate":"https:\/\/www.upjs.sk\/en\/?s={search_term_string}"},"query-input":{"@type":"PropertyValueSpecification","valueRequired":true,"valueName":"search_term_string"}}],"inLanguage":"en-US"},{"@type":"Organization","@id":"https:\/\/www.upjs.sk\/en\/#organization","name":"UPJ\u0160 Ko\u0161ice","url":"https:\/\/www.upjs.sk\/en\/","logo":{"@type":"ImageObject","inLanguage":"en-US","@id":"https:\/\/www.upjs.sk\/en\/#\/schema\/logo\/image\/","url":"https:\/\/www.upjs.sk\/app\/uploads\/2023\/01\/UPJS_ENG_esymbol.svg","contentUrl":"https:\/\/www.upjs.sk\/app\/uploads\/2023\/01\/UPJS_ENG_esymbol.svg","width":448,"height":139,"caption":"UPJ\u0160 Ko\u0161ice"},"image":{"@id":"https:\/\/www.upjs.sk\/en\/#\/schema\/logo\/image\/"},"sameAs":["https:\/\/www.facebook.com\/UniverzitaPavlaJozefaSafarikaVkosiciach\/","https:\/\/x.com\/UPJS_kosice","https:\/\/www.instagram.com\/upjs_kosice","https:\/\/www.linkedin.com\/company\/pavol-jozef-afrik-university-in-koice\/"]}]}},"_links":{"self":[{"href":"https:\/\/www.upjs.sk\/en\/wp-json\/wp\/v2\/pages\/40160","targetHints":{"allow":["GET"]}}],"collection":[{"href":"https:\/\/www.upjs.sk\/en\/wp-json\/wp\/v2\/pages"}],"about":[{"href":"https:\/\/www.upjs.sk\/en\/wp-json\/wp\/v2\/types\/page"}],"author":[{"embeddable":true,"href":"https:\/\/www.upjs.sk\/en\/wp-json\/wp\/v2\/users\/1"}],"replies":[{"embeddable":true,"href":"https:\/\/www.upjs.sk\/en\/wp-json\/wp\/v2\/comments?post=40160"}],"version-history":[{"count":3,"href":"https:\/\/www.upjs.sk\/en\/wp-json\/wp\/v2\/pages\/40160\/revisions"}],"predecessor-version":[{"id":71326,"href":"https:\/\/www.upjs.sk\/en\/wp-json\/wp\/v2\/pages\/40160\/revisions\/71326"}],"up":[{"embeddable":true,"href":"https:\/\/www.upjs.sk\/en\/wp-json\/wp\/v2\/pages\/26431"}],"wp:featuredmedia":[{"embeddable":true,"href":"https:\/\/www.upjs.sk\/en\/wp-json\/wp\/v2\/media\/13544"}],"wp:attachment":[{"href":"https:\/\/www.upjs.sk\/en\/wp-json\/wp\/v2\/media?parent=40160"}],"wp:term":[{"taxonomy":"category","embeddable":true,"href":"https:\/\/www.upjs.sk\/en\/wp-json\/wp\/v2\/categories?post=40160"},{"taxonomy":"post_tag","embeddable":true,"href":"https:\/\/www.upjs.sk\/en\/wp-json\/wp\/v2\/tags?post=40160"}],"curies":[{"name":"wp","href":"https:\/\/api.w.org\/{rel}","templated":true}]}}