{"id":40315,"date":"2016-11-06T17:17:17","date_gmt":"2016-11-06T17:17:17","guid":{"rendered":"https:\/\/www.upjs.sk\/information\/science-research-and-development-kat_id-327\/innovation-development-and-european-agenda-kat_id-362\/unique-laboratories-and-equipment-kat_id-2098\/14697-2\/"},"modified":"2016-11-06T17:17:17","modified_gmt":"2016-11-06T17:17:17","slug":"14697-2","status":"publish","type":"page","link":"https:\/\/www.upjs.sk\/en\/information\/science-and-research\/innovation-development-and-european-agenda\/unique-laboratories\/14697-2\/","title":{"rendered":"Laboratory of Translational Research of Respiratory and Metabolic Diseases"},"content":{"rendered":"<p>\u00a0<\/p>\n<table align=\"center\" border=\"1\" cellpadding=\"2\" cellspacing=\"0\" style=\"width:80%\">\n<tbody>\n<tr>\n<td style=\"width: 30%; height: 23px; vertical-align: top;\"><strong>Head of the Laboratory<\/strong><\/td>\n<td style=\"width: 50%; height: 23px;\">prof. MUDr. Ru\u017eena Tk\u00e1\u010dov\u00e1, DrSc.<\/td>\n<\/tr>\n<tr>\n<td style=\"width: 30%; height: 17px; vertical-align: top;\"><strong>Location<\/strong><\/td>\n<td style=\"width: 50%; height: 17px;\">Rastislavova 43., Ko\u0161ice<\/td>\n<\/tr>\n<tr>\n<td style=\"width: 30%; height: 17px; vertical-align: top;\"><strong>Equipment<\/strong><\/td>\n<td style=\"width: 50%; height: 17px;\">Spiroergometer ZAN 600<br \/> \t\t\tBodyStat<br \/> \t\t\tEndoPAT 2000<br \/> \t\t\tComplior SP<br \/> \t\t\tHOEFER electrophoresis unit, model SE600<br \/> \t\t\tChemiBIS 2.0<br \/> \t\t\tRobotic Stations QIAcube and QIAgility<br \/> \t\t\tEco Real-Time PCR cykler with\u00a0High resolution melting Seahorse XF24<br \/> \t\t\tPatch clamp<br \/> \t\t\tXvivo\u00a0System Closed Incubation System<br \/> \t\t\tLaser fluorescence confocal microscope<\/td>\n<\/tr>\n<\/tbody>\n<\/table>\n<p>\u00a0<\/p>\n","protected":false},"excerpt":{"rendered":"<p>\u00a0 Head of the Laboratory prof. MUDr. Ru\u017eena Tk\u00e1\u010dov\u00e1, DrSc. Location Rastislavova 43., Ko\u0161ice Equipment Spiroergometer ZAN 600 BodyStat EndoPAT 2000 Complior SP HOEFER electrophoresis unit, model SE600 ChemiBIS 2.0 Robotic Stations QIAcube and QIAgility Eco Real-Time PCR cykler with\u00a0High resolution melting Seahorse XF24 Patch clamp Xvivo\u00a0System Closed Incubation System Laser fluorescence confocal microscope \u00a0<\/p>\n","protected":false},"author":1,"featured_media":40316,"parent":26445,"menu_order":8,"comment_status":"closed","ping_status":"closed","template":"","meta":{"_acf_changed":false,"_editorskit_title_hidden":false,"_editorskit_reading_time":0,"_editorskit_is_block_options_detached":false,"_editorskit_block_options_position":"{}","footnotes":""},"categories":[],"tags":[],"class_list":["post-40315","page","type-page","status-publish","has-post-thumbnail","hentry"],"acf":{"acf_link_na_externy_obsah":""},"yoast_head":"<!-- This site is optimized with the Yoast SEO plugin v27.4 - https:\/\/yoast.com\/product\/yoast-seo-wordpress\/ -->\n<title>Laboratory of Translational Research of Respiratory and Metabolic Diseases - UPJ\u0160 Ko\u0161ice<\/title>\n<meta name=\"robots\" content=\"index, follow, max-snippet:-1, max-image-preview:large, max-video-preview:-1\" \/>\n<link rel=\"canonical\" href=\"https:\/\/www.upjs.sk\/en\/information\/science-and-research\/innovation-development-and-european-agenda\/unique-laboratories\/14697-2\/\" \/>\n<meta property=\"og:locale\" content=\"en_US\" \/>\n<meta property=\"og:type\" content=\"article\" \/>\n<meta property=\"og:title\" content=\"Laboratory of Translational Research of Respiratory and Metabolic Diseases - UPJ\u0160 Ko\u0161ice\" \/>\n<meta property=\"og:description\" content=\"\u00a0 Head of the Laboratory prof. MUDr. Ru\u017eena Tk\u00e1\u010dov\u00e1, DrSc. Location Rastislavova 43., Ko\u0161ice Equipment Spiroergometer ZAN 600 BodyStat EndoPAT 2000 Complior SP HOEFER electrophoresis unit, model SE600 ChemiBIS 2.0 Robotic Stations QIAcube and QIAgility Eco Real-Time PCR cykler with\u00a0High resolution melting Seahorse XF24 Patch clamp Xvivo\u00a0System Closed Incubation System Laser fluorescence confocal microscope \u00a0\" \/>\n<meta property=\"og:url\" content=\"https:\/\/www.upjs.sk\/en\/information\/science-and-research\/innovation-development-and-european-agenda\/unique-laboratories\/14697-2\/\" \/>\n<meta property=\"og:site_name\" content=\"UPJ\u0160 Ko\u0161ice\" \/>\n<meta property=\"article:publisher\" content=\"https:\/\/www.facebook.com\/UniverzitaPavlaJozefaSafarikaVkosiciach\/\" \/>\n<meta property=\"og:image\" content=\"https:\/\/www.upjs.sk\/app\/uploads\/2022\/11\/translacnamedicina2.jpg\" \/>\n\t<meta property=\"og:image:width\" content=\"480\" \/>\n\t<meta property=\"og:image:height\" content=\"360\" \/>\n\t<meta property=\"og:image:type\" content=\"image\/jpeg\" \/>\n<meta name=\"twitter:card\" content=\"summary_large_image\" \/>\n<meta name=\"twitter:site\" content=\"@UPJS_kosice\" \/>\n<script type=\"application\/ld+json\" class=\"yoast-schema-graph\">{\"@context\":\"https:\\\/\\\/schema.org\",\"@graph\":[{\"@type\":\"WebPage\",\"@id\":\"https:\\\/\\\/www.upjs.sk\\\/en\\\/information\\\/science-and-research\\\/innovation-development-and-european-agenda\\\/unique-laboratories\\\/14697-2\\\/\",\"url\":\"https:\\\/\\\/www.upjs.sk\\\/en\\\/information\\\/science-and-research\\\/innovation-development-and-european-agenda\\\/unique-laboratories\\\/14697-2\\\/\",\"name\":\"Laboratory of Translational Research of Respiratory and Metabolic Diseases - UPJ\u0160 Ko\u0161ice\",\"isPartOf\":{\"@id\":\"https:\\\/\\\/www.upjs.sk\\\/en\\\/#website\"},\"primaryImageOfPage\":{\"@id\":\"https:\\\/\\\/www.upjs.sk\\\/en\\\/information\\\/science-and-research\\\/innovation-development-and-european-agenda\\\/unique-laboratories\\\/14697-2\\\/#primaryimage\"},\"image\":{\"@id\":\"https:\\\/\\\/www.upjs.sk\\\/en\\\/information\\\/science-and-research\\\/innovation-development-and-european-agenda\\\/unique-laboratories\\\/14697-2\\\/#primaryimage\"},\"thumbnailUrl\":\"https:\\\/\\\/www.upjs.sk\\\/app\\\/uploads\\\/2022\\\/11\\\/translacnamedicina2.jpg\",\"datePublished\":\"2016-11-06T17:17:17+00:00\",\"breadcrumb\":{\"@id\":\"https:\\\/\\\/www.upjs.sk\\\/en\\\/information\\\/science-and-research\\\/innovation-development-and-european-agenda\\\/unique-laboratories\\\/14697-2\\\/#breadcrumb\"},\"inLanguage\":\"en-US\",\"potentialAction\":[{\"@type\":\"ReadAction\",\"target\":[\"https:\\\/\\\/www.upjs.sk\\\/en\\\/information\\\/science-and-research\\\/innovation-development-and-european-agenda\\\/unique-laboratories\\\/14697-2\\\/\"]}]},{\"@type\":\"ImageObject\",\"inLanguage\":\"en-US\",\"@id\":\"https:\\\/\\\/www.upjs.sk\\\/en\\\/information\\\/science-and-research\\\/innovation-development-and-european-agenda\\\/unique-laboratories\\\/14697-2\\\/#primaryimage\",\"url\":\"https:\\\/\\\/www.upjs.sk\\\/app\\\/uploads\\\/2022\\\/11\\\/translacnamedicina2.jpg\",\"contentUrl\":\"https:\\\/\\\/www.upjs.sk\\\/app\\\/uploads\\\/2022\\\/11\\\/translacnamedicina2.jpg\",\"width\":480,\"height\":360},{\"@type\":\"BreadcrumbList\",\"@id\":\"https:\\\/\\\/www.upjs.sk\\\/en\\\/information\\\/science-and-research\\\/innovation-development-and-european-agenda\\\/unique-laboratories\\\/14697-2\\\/#breadcrumb\",\"itemListElement\":[{\"@type\":\"ListItem\",\"position\":1,\"name\":\"Home\",\"item\":\"https:\\\/\\\/www.upjs.sk\\\/en\\\/\"},{\"@type\":\"ListItem\",\"position\":2,\"name\":\"Information\",\"item\":\"https:\\\/\\\/www.upjs.sk\\\/en\\\/information\\\/\"},{\"@type\":\"ListItem\",\"position\":3,\"name\":\"Science, Research and Development\",\"item\":\"https:\\\/\\\/www.upjs.sk\\\/en\\\/information\\\/science-and-research\\\/\"},{\"@type\":\"ListItem\",\"position\":4,\"name\":\"Innovation, Development and European Agenda\",\"item\":\"https:\\\/\\\/www.upjs.sk\\\/en\\\/information\\\/science-and-research\\\/innovation-development-and-european-agenda\\\/\"},{\"@type\":\"ListItem\",\"position\":5,\"name\":\"Unique Laboratories and Equipment\",\"item\":\"https:\\\/\\\/www.upjs.sk\\\/en\\\/information\\\/science-and-research\\\/innovation-development-and-european-agenda\\\/unique-laboratories\\\/\"},{\"@type\":\"ListItem\",\"position\":6,\"name\":\"Laboratory of Translational Research of Respiratory and Metabolic Diseases\"}]},{\"@type\":\"WebSite\",\"@id\":\"https:\\\/\\\/www.upjs.sk\\\/en\\\/#website\",\"url\":\"https:\\\/\\\/www.upjs.sk\\\/en\\\/\",\"name\":\"UPJ\u0160 Ko\u0161ice\",\"description\":\"Wisdom of the Past, Knowledge of the Present, Education of the Future\",\"publisher\":{\"@id\":\"https:\\\/\\\/www.upjs.sk\\\/en\\\/#organization\"},\"potentialAction\":[{\"@type\":\"SearchAction\",\"target\":{\"@type\":\"EntryPoint\",\"urlTemplate\":\"https:\\\/\\\/www.upjs.sk\\\/en\\\/?s={search_term_string}\"},\"query-input\":{\"@type\":\"PropertyValueSpecification\",\"valueRequired\":true,\"valueName\":\"search_term_string\"}}],\"inLanguage\":\"en-US\"},{\"@type\":\"Organization\",\"@id\":\"https:\\\/\\\/www.upjs.sk\\\/en\\\/#organization\",\"name\":\"UPJ\u0160 Ko\u0161ice\",\"url\":\"https:\\\/\\\/www.upjs.sk\\\/en\\\/\",\"logo\":{\"@type\":\"ImageObject\",\"inLanguage\":\"en-US\",\"@id\":\"https:\\\/\\\/www.upjs.sk\\\/en\\\/#\\\/schema\\\/logo\\\/image\\\/\",\"url\":\"https:\\\/\\\/www.upjs.sk\\\/app\\\/uploads\\\/2023\\\/01\\\/UPJS_ENG_esymbol.svg\",\"contentUrl\":\"https:\\\/\\\/www.upjs.sk\\\/app\\\/uploads\\\/2023\\\/01\\\/UPJS_ENG_esymbol.svg\",\"width\":448,\"height\":139,\"caption\":\"UPJ\u0160 Ko\u0161ice\"},\"image\":{\"@id\":\"https:\\\/\\\/www.upjs.sk\\\/en\\\/#\\\/schema\\\/logo\\\/image\\\/\"},\"sameAs\":[\"https:\\\/\\\/www.facebook.com\\\/UniverzitaPavlaJozefaSafarikaVkosiciach\\\/\",\"https:\\\/\\\/x.com\\\/UPJS_kosice\",\"https:\\\/\\\/www.instagram.com\\\/upjs_kosice\",\"https:\\\/\\\/www.linkedin.com\\\/company\\\/pavol-jozef-afrik-university-in-koice\\\/\"]}]}<\/script>\n<!-- \/ Yoast SEO plugin. -->","yoast_head_json":{"title":"Laboratory of Translational Research of Respiratory and Metabolic Diseases - UPJ\u0160 Ko\u0161ice","robots":{"index":"index","follow":"follow","max-snippet":"max-snippet:-1","max-image-preview":"max-image-preview:large","max-video-preview":"max-video-preview:-1"},"canonical":"https:\/\/www.upjs.sk\/en\/information\/science-and-research\/innovation-development-and-european-agenda\/unique-laboratories\/14697-2\/","og_locale":"en_US","og_type":"article","og_title":"Laboratory of Translational Research of Respiratory and Metabolic Diseases - UPJ\u0160 Ko\u0161ice","og_description":"\u00a0 Head of the Laboratory prof. MUDr. Ru\u017eena Tk\u00e1\u010dov\u00e1, DrSc. Location Rastislavova 43., Ko\u0161ice Equipment Spiroergometer ZAN 600 BodyStat EndoPAT 2000 Complior SP HOEFER electrophoresis unit, model SE600 ChemiBIS 2.0 Robotic Stations QIAcube and QIAgility Eco Real-Time PCR cykler with\u00a0High resolution melting Seahorse XF24 Patch clamp Xvivo\u00a0System Closed Incubation System Laser fluorescence confocal microscope \u00a0","og_url":"https:\/\/www.upjs.sk\/en\/information\/science-and-research\/innovation-development-and-european-agenda\/unique-laboratories\/14697-2\/","og_site_name":"UPJ\u0160 Ko\u0161ice","article_publisher":"https:\/\/www.facebook.com\/UniverzitaPavlaJozefaSafarikaVkosiciach\/","og_image":[{"width":480,"height":360,"url":"https:\/\/www.upjs.sk\/app\/uploads\/2022\/11\/translacnamedicina2.jpg","type":"image\/jpeg"}],"twitter_card":"summary_large_image","twitter_site":"@UPJS_kosice","schema":{"@context":"https:\/\/schema.org","@graph":[{"@type":"WebPage","@id":"https:\/\/www.upjs.sk\/en\/information\/science-and-research\/innovation-development-and-european-agenda\/unique-laboratories\/14697-2\/","url":"https:\/\/www.upjs.sk\/en\/information\/science-and-research\/innovation-development-and-european-agenda\/unique-laboratories\/14697-2\/","name":"Laboratory of Translational Research of Respiratory and Metabolic Diseases - UPJ\u0160 Ko\u0161ice","isPartOf":{"@id":"https:\/\/www.upjs.sk\/en\/#website"},"primaryImageOfPage":{"@id":"https:\/\/www.upjs.sk\/en\/information\/science-and-research\/innovation-development-and-european-agenda\/unique-laboratories\/14697-2\/#primaryimage"},"image":{"@id":"https:\/\/www.upjs.sk\/en\/information\/science-and-research\/innovation-development-and-european-agenda\/unique-laboratories\/14697-2\/#primaryimage"},"thumbnailUrl":"https:\/\/www.upjs.sk\/app\/uploads\/2022\/11\/translacnamedicina2.jpg","datePublished":"2016-11-06T17:17:17+00:00","breadcrumb":{"@id":"https:\/\/www.upjs.sk\/en\/information\/science-and-research\/innovation-development-and-european-agenda\/unique-laboratories\/14697-2\/#breadcrumb"},"inLanguage":"en-US","potentialAction":[{"@type":"ReadAction","target":["https:\/\/www.upjs.sk\/en\/information\/science-and-research\/innovation-development-and-european-agenda\/unique-laboratories\/14697-2\/"]}]},{"@type":"ImageObject","inLanguage":"en-US","@id":"https:\/\/www.upjs.sk\/en\/information\/science-and-research\/innovation-development-and-european-agenda\/unique-laboratories\/14697-2\/#primaryimage","url":"https:\/\/www.upjs.sk\/app\/uploads\/2022\/11\/translacnamedicina2.jpg","contentUrl":"https:\/\/www.upjs.sk\/app\/uploads\/2022\/11\/translacnamedicina2.jpg","width":480,"height":360},{"@type":"BreadcrumbList","@id":"https:\/\/www.upjs.sk\/en\/information\/science-and-research\/innovation-development-and-european-agenda\/unique-laboratories\/14697-2\/#breadcrumb","itemListElement":[{"@type":"ListItem","position":1,"name":"Home","item":"https:\/\/www.upjs.sk\/en\/"},{"@type":"ListItem","position":2,"name":"Information","item":"https:\/\/www.upjs.sk\/en\/information\/"},{"@type":"ListItem","position":3,"name":"Science, Research and Development","item":"https:\/\/www.upjs.sk\/en\/information\/science-and-research\/"},{"@type":"ListItem","position":4,"name":"Innovation, Development and European Agenda","item":"https:\/\/www.upjs.sk\/en\/information\/science-and-research\/innovation-development-and-european-agenda\/"},{"@type":"ListItem","position":5,"name":"Unique Laboratories and Equipment","item":"https:\/\/www.upjs.sk\/en\/information\/science-and-research\/innovation-development-and-european-agenda\/unique-laboratories\/"},{"@type":"ListItem","position":6,"name":"Laboratory of Translational Research of Respiratory and Metabolic Diseases"}]},{"@type":"WebSite","@id":"https:\/\/www.upjs.sk\/en\/#website","url":"https:\/\/www.upjs.sk\/en\/","name":"UPJ\u0160 Ko\u0161ice","description":"Wisdom of the Past, Knowledge of the Present, Education of the Future","publisher":{"@id":"https:\/\/www.upjs.sk\/en\/#organization"},"potentialAction":[{"@type":"SearchAction","target":{"@type":"EntryPoint","urlTemplate":"https:\/\/www.upjs.sk\/en\/?s={search_term_string}"},"query-input":{"@type":"PropertyValueSpecification","valueRequired":true,"valueName":"search_term_string"}}],"inLanguage":"en-US"},{"@type":"Organization","@id":"https:\/\/www.upjs.sk\/en\/#organization","name":"UPJ\u0160 Ko\u0161ice","url":"https:\/\/www.upjs.sk\/en\/","logo":{"@type":"ImageObject","inLanguage":"en-US","@id":"https:\/\/www.upjs.sk\/en\/#\/schema\/logo\/image\/","url":"https:\/\/www.upjs.sk\/app\/uploads\/2023\/01\/UPJS_ENG_esymbol.svg","contentUrl":"https:\/\/www.upjs.sk\/app\/uploads\/2023\/01\/UPJS_ENG_esymbol.svg","width":448,"height":139,"caption":"UPJ\u0160 Ko\u0161ice"},"image":{"@id":"https:\/\/www.upjs.sk\/en\/#\/schema\/logo\/image\/"},"sameAs":["https:\/\/www.facebook.com\/UniverzitaPavlaJozefaSafarikaVkosiciach\/","https:\/\/x.com\/UPJS_kosice","https:\/\/www.instagram.com\/upjs_kosice","https:\/\/www.linkedin.com\/company\/pavol-jozef-afrik-university-in-koice\/"]}]}},"_links":{"self":[{"href":"https:\/\/www.upjs.sk\/en\/wp-json\/wp\/v2\/pages\/40315","targetHints":{"allow":["GET"]}}],"collection":[{"href":"https:\/\/www.upjs.sk\/en\/wp-json\/wp\/v2\/pages"}],"about":[{"href":"https:\/\/www.upjs.sk\/en\/wp-json\/wp\/v2\/types\/page"}],"author":[{"embeddable":true,"href":"https:\/\/www.upjs.sk\/en\/wp-json\/wp\/v2\/users\/1"}],"replies":[{"embeddable":true,"href":"https:\/\/www.upjs.sk\/en\/wp-json\/wp\/v2\/comments?post=40315"}],"version-history":[{"count":0,"href":"https:\/\/www.upjs.sk\/en\/wp-json\/wp\/v2\/pages\/40315\/revisions"}],"up":[{"embeddable":true,"href":"https:\/\/www.upjs.sk\/en\/wp-json\/wp\/v2\/pages\/26445"}],"wp:featuredmedia":[{"embeddable":true,"href":"https:\/\/www.upjs.sk\/en\/wp-json\/wp\/v2\/media\/40316"}],"wp:attachment":[{"href":"https:\/\/www.upjs.sk\/en\/wp-json\/wp\/v2\/media?parent=40315"}],"wp:term":[{"taxonomy":"category","embeddable":true,"href":"https:\/\/www.upjs.sk\/en\/wp-json\/wp\/v2\/categories?post=40315"},{"taxonomy":"post_tag","embeddable":true,"href":"https:\/\/www.upjs.sk\/en\/wp-json\/wp\/v2\/tags?post=40315"}],"curies":[{"name":"wp","href":"https:\/\/api.w.org\/{rel}","templated":true}]}}