{"id":40801,"date":"2019-03-27T10:58:40","date_gmt":"2019-03-27T10:58:12","guid":{"rendered":"https:\/\/www.upjs.sk\/information\/international-relations-kat_id-328\/erasmus-mobilities-kat_id-771\/international-credit-mobility\/"},"modified":"2023-01-12T14:43:41","modified_gmt":"2023-01-12T13:43:41","slug":"international-credit-mobility","status":"publish","type":"page","link":"https:\/\/www.upjs.sk\/en\/information\/international-relations\/erasmus\/ka171\/international-credit-mobility\/","title":{"rendered":"What is an International Credit Mobility?"},"content":{"rendered":"\n<p>International Credit Mobility (ICM or KA107 for short) is an activity under the Erasmus+ Key Action 1 (KA1): Mobility of Individuals, more precisely under Erasmus+ Key Action 107 (KA107): Mobility of Individuals between Programme and Partner Countries.<\/p>\n\n\n\n<p>Through ICM, a&nbsp;Higher Education Institution (HEI) in a&nbsp;Partner Country can send its students and\/or staff to a partner HEI in a&nbsp;Programme Country<em> and<\/em><em>&nbsp;<em>vice versa<\/em>.<\/em><\/p>\n\n\n\n<p><strong>Types of ICM activities and eligible organisations:<\/strong><br>The following types of mobilities are supported:<\/p>\n\n\n\n<ul class=\"wp-block-list\">\n<li>student mobility for studies<\/li>\n\n\n\n<li>student mobility for traineeships<\/li>\n\n\n\n<li>staff mobility for teaching<\/li>\n\n\n\n<li>staff mobility for training<\/li>\n<\/ul>\n\n\n\n<figure class=\"wp-block-table is-style-stripes\"><table><thead><tr><th><\/th><th>Sending organisation can be\u2026<\/th><th>Receiving organisation can be\u2026<\/th><\/tr><\/thead><tbody><tr><td><strong>Student mobility for studies (SMS)<\/strong><\/td><td>Programme or Partner Country HEI<\/td><td>Programme or Partner Country HEI<\/td><\/tr><tr><td><strong>Student mobility for traineeships (SMP)<\/strong><\/td><td>Programme or Partner Country HEI<\/td><td>Programme or Partner Country HEI<br>or<br>Programme or Partner Country public or private organisation<\/td><\/tr><tr><td><strong>Staff mobility for teaching (STA)<\/strong><\/td><td>Programme or Partner Country HEI<br>or<br>Programme or Partner Country public or private organisation<\/td><td>Programme or Partner Country HEI<\/td><\/tr><tr><td><strong>Staff mobility for training (STT)<\/strong><\/td><td>Programme or Partner Country HEI<\/td><td>Programme or Partner Country HEI<br>or<br>Programme Country public or private organisation<\/td><\/tr><\/tbody><\/table><\/figure>\n\n\n<style>.wp-block-kadence-advancedbtn.kb-btns_40dec5-26{gap:var(--global-kb-gap-xs, 0.5rem );justify-content:center;align-items:center;}.kt-btns_40dec5-26 .kt-button{font-weight:bold;font-style:normal;}.kt-btns_40dec5-26 .kt-btn-wrap-0{margin-right:5px;}.wp-block-kadence-advancedbtn.kt-btns_40dec5-26 .kt-btn-wrap-0 .kt-button{color:#000000;border-color:#D6D6D6;border-style:solid;margin-top:0px;margin-right:0px;margin-bottom:0px;margin-left:0px;}.wp-block-kadence-advancedbtn.kt-btns_40dec5-26 .kt-btn-wrap-0 .kt-button:hover, .wp-block-kadence-advancedbtn.kt-btns_40dec5-26 .kt-btn-wrap-0 .kt-button:focus{color:#ffffff;border-color:#164082;}.wp-block-kadence-advancedbtn.kt-btns_40dec5-26 .kt-btn-wrap-0 .kt-button::before{display:none;}.wp-block-kadence-advancedbtn.kt-btns_40dec5-26 .kt-btn-wrap-0 .kt-button:hover, .wp-block-kadence-advancedbtn.kt-btns_40dec5-26 .kt-btn-wrap-0 .kt-button:focus{background:#164082;}.kt-btns_40dec5-26 .kt-btn-wrap-1{margin-right:5px;}.wp-block-kadence-advancedbtn.kt-btns_40dec5-26 .kt-btn-wrap-1 .kt-button{color:#000000;border-color:#D6D6D6;border-style:solid;}.wp-block-kadence-advancedbtn.kt-btns_40dec5-26 .kt-btn-wrap-1 .kt-button:hover, .wp-block-kadence-advancedbtn.kt-btns_40dec5-26 .kt-btn-wrap-1 .kt-button:focus{color:#ffffff;border-color:#164082;}.wp-block-kadence-advancedbtn.kt-btns_40dec5-26 .kt-btn-wrap-1 .kt-button::before{display:none;}.wp-block-kadence-advancedbtn.kt-btns_40dec5-26 .kt-btn-wrap-1 .kt-button:hover, .wp-block-kadence-advancedbtn.kt-btns_40dec5-26 .kt-btn-wrap-1 .kt-button:focus{background:#164082;}.kt-btns_40dec5-26 .kt-btn-wrap-2{margin-right:5px;}.wp-block-kadence-advancedbtn.kt-btns_40dec5-26 .kt-btn-wrap-2 .kt-button{color:#000000;border-color:#D6D6D6;border-style:solid;margin-top:0px;margin-right:0px;margin-bottom:0px;margin-left:0px;}.wp-block-kadence-advancedbtn.kt-btns_40dec5-26 .kt-btn-wrap-2 .kt-button:hover, .wp-block-kadence-advancedbtn.kt-btns_40dec5-26 .kt-btn-wrap-2 .kt-button:focus{color:#ffffff;border-color:#164082;}.wp-block-kadence-advancedbtn.kt-btns_40dec5-26 .kt-btn-wrap-2 .kt-button::before{display:none;}.wp-block-kadence-advancedbtn.kt-btns_40dec5-26 .kt-btn-wrap-2 .kt-button:hover, .wp-block-kadence-advancedbtn.kt-btns_40dec5-26 .kt-btn-wrap-2 .kt-button:focus{background:#164082;}.kt-btns_40dec5-26 .kt-btn-wrap-3{margin-right:5px;}.wp-block-kadence-advancedbtn.kt-btns_40dec5-26 .kt-btn-wrap-3 .kt-button{color:#000000;border-color:#D6D6D6;border-style:solid;}.wp-block-kadence-advancedbtn.kt-btns_40dec5-26 .kt-btn-wrap-3 .kt-button:hover, .wp-block-kadence-advancedbtn.kt-btns_40dec5-26 .kt-btn-wrap-3 .kt-button:focus{color:#ffffff;border-color:#164082;}.wp-block-kadence-advancedbtn.kt-btns_40dec5-26 .kt-btn-wrap-3 .kt-button::before{display:none;}.wp-block-kadence-advancedbtn.kt-btns_40dec5-26 .kt-btn-wrap-3 .kt-button:hover, .wp-block-kadence-advancedbtn.kt-btns_40dec5-26 .kt-btn-wrap-3 .kt-button:focus{background:#164082;}<\/style>\n<div class=\"wp-block-kadence-advancedbtn kt-btn-align-center kt-btn-tablet-align-inherit kt-btn-mobile-align-inherit kt-btns-wrap kt-btns_40dec5-26 kt-force-btn-fullwidth kt-mobile-collapse-btn-fullwidth\"><div class=\"kt-btn-wrap kt-btn-wrap-0\"><a class=\"kt-button button kt-btn-0-action kt-btn-size-standard kt-btn-style-basic kt-btn-svg-show-always kt-btn-has-text-true kt-btn-has-svg-false\" href=\"https:\/\/www.upjs.sk\/en\/information\/international-relations\/erasmus\/general-information\/\" style=\"border-width:1px\"><span class=\"kt-btn-inner-text\">Programme<br>Countries<\/span><\/a><\/div><div class=\"kt-btn-wrap kt-btn-wrap-1\"><a class=\"kt-button button kt-btn-1-action kt-btn-size-standard kt-btn-style-basic kt-btn-svg-show-always kt-btn-has-text-true kt-btn-has-svg-false\" href=\"https:\/\/www.upjs.sk\/en\/information\/international-relations\/erasmus\/general-information\/\" style=\"border-width:1px\"><span class=\"kt-btn-inner-text\">Partner <br>Countries<\/span><\/a><\/div><div class=\"kt-btn-wrap kt-btn-wrap-2\"><a class=\"kt-button button kt-btn-2-action kt-btn-size-standard kt-btn-style-basic kt-btn-svg-show-always kt-btn-has-text-true kt-btn-has-svg-false\" href=\"\/en\/information\/international-relations\/erasmus#partners\" style=\"border-width:1px\"><span class=\"kt-btn-inner-text\">Partner<br>institutions<\/span><\/a><\/div><div class=\"kt-btn-wrap kt-btn-wrap-3\"><a class=\"kt-button button kt-btn-3-action kt-btn-size-standard kt-btn-style-basic kt-btn-svg-show-always kt-btn-has-text-true kt-btn-has-svg-false\" href=\"\/app\/uploads\/2022\/11\/Grants-KA107-Calls-201820192020.pdf\" style=\"border-width:1px\"><span class=\"kt-btn-inner-text\">Financial<br>Support<\/span><\/a><\/div><\/div>\n\n\n\n<h5 class=\"wp-block-heading\"><strong>Contact persons at the International Relations Office:<\/strong><br><\/h5>\n\n\n\n<p>Erasmus+ institutional coordinator<br><strong>Mgr. M\u00e1ria Vasi\u013eov\u00e1, PhD.<\/strong><br>VoIP (enum): +421 55 234 1159<br>e-mail: <a href=\"mailto:zahrodd@upjs.sk\">zahrodd@upjs.sk<\/a>, <a href=\"mailto:maria.vasilova@upjs.sk\">maria.vasilova@upjs.sk<\/a><\/p>\n\n\n\n<p><strong>Mgr. Veronika Petru\u0148ov\u00e1<\/strong><br>VoIP (enum): +421 55 234 1679<br>e-mail: <a href=\"mailto:zahrodd@upjs.sk\">zahrodd@upjs.sk<\/a>, <a href=\"mailto:veronika.petrunova@upjs.sk\">veronika.petrunova@upjs.sk<\/a><\/p>\n","protected":false},"excerpt":{"rendered":"<p>International Credit Mobility (ICM or KA107 for short) is an activity under the Erasmus+ Key Action 1 (KA1): Mobility of Individuals, more precisely under Erasmus+ Key Action 107 (KA107): Mobility of Individuals between Programme and Partner Countries. Through ICM, a&nbsp;Higher Education Institution (HEI) in a&nbsp;Partner Country can send its students and\/or staff to a partner &hellip; <a href=\"https:\/\/www.upjs.sk\/en\/information\/international-relations\/erasmus\/ka171\/international-credit-mobility\/\">Continued<\/a><\/p>\n","protected":false},"author":1,"featured_media":0,"parent":40800,"menu_order":1,"comment_status":"closed","ping_status":"closed","template":"","meta":{"_acf_changed":false,"_editorskit_title_hidden":false,"_editorskit_reading_time":1,"_editorskit_is_block_options_detached":false,"_editorskit_block_options_position":"{}","footnotes":""},"categories":[],"tags":[],"class_list":["post-40801","page","type-page","status-publish","hentry"],"acf":{"acf_link_na_externy_obsah":""},"yoast_head":"<!-- This site is optimized with the Yoast SEO plugin v27.4 - https:\/\/yoast.com\/product\/yoast-seo-wordpress\/ -->\n<title>What is an International Credit Mobility? - UPJ\u0160 Ko\u0161ice<\/title>\n<meta name=\"robots\" content=\"index, follow, max-snippet:-1, max-image-preview:large, max-video-preview:-1\" \/>\n<link rel=\"canonical\" href=\"https:\/\/www.upjs.sk\/en\/information\/international-relations\/erasmus\/ka171\/international-credit-mobility\/\" \/>\n<meta property=\"og:locale\" content=\"en_US\" \/>\n<meta property=\"og:type\" content=\"article\" \/>\n<meta property=\"og:title\" content=\"What is an International Credit Mobility? - UPJ\u0160 Ko\u0161ice\" \/>\n<meta property=\"og:description\" content=\"International Credit Mobility (ICM or KA107 for short) is an activity under the Erasmus+ Key Action 1 (KA1): Mobility of Individuals, more precisely under Erasmus+ Key Action 107 (KA107): Mobility of Individuals between Programme and Partner Countries. Through ICM, a&nbsp;Higher Education Institution (HEI) in a&nbsp;Partner Country can send its students and\/or staff to a partner &hellip; Continued\" \/>\n<meta property=\"og:url\" content=\"https:\/\/www.upjs.sk\/en\/information\/international-relations\/erasmus\/ka171\/international-credit-mobility\/\" \/>\n<meta property=\"og:site_name\" content=\"UPJ\u0160 Ko\u0161ice\" \/>\n<meta property=\"article:publisher\" content=\"https:\/\/www.facebook.com\/UniverzitaPavlaJozefaSafarikaVkosiciach\/\" \/>\n<meta property=\"article:modified_time\" content=\"2023-01-12T13:43:41+00:00\" \/>\n<meta name=\"twitter:card\" content=\"summary_large_image\" \/>\n<meta name=\"twitter:site\" content=\"@UPJS_kosice\" \/>\n<meta name=\"twitter:label1\" content=\"Est. reading time\" \/>\n\t<meta name=\"twitter:data1\" content=\"2 minutes\" \/>\n<script type=\"application\/ld+json\" class=\"yoast-schema-graph\">{\"@context\":\"https:\\\/\\\/schema.org\",\"@graph\":[{\"@type\":\"WebPage\",\"@id\":\"https:\\\/\\\/www.upjs.sk\\\/en\\\/information\\\/international-relations\\\/erasmus\\\/ka171\\\/international-credit-mobility\\\/\",\"url\":\"https:\\\/\\\/www.upjs.sk\\\/en\\\/information\\\/international-relations\\\/erasmus\\\/ka171\\\/international-credit-mobility\\\/\",\"name\":\"What is an International Credit Mobility? - UPJ\u0160 Ko\u0161ice\",\"isPartOf\":{\"@id\":\"https:\\\/\\\/www.upjs.sk\\\/en\\\/#website\"},\"datePublished\":\"2019-03-27T10:58:12+00:00\",\"dateModified\":\"2023-01-12T13:43:41+00:00\",\"breadcrumb\":{\"@id\":\"https:\\\/\\\/www.upjs.sk\\\/en\\\/information\\\/international-relations\\\/erasmus\\\/ka171\\\/international-credit-mobility\\\/#breadcrumb\"},\"inLanguage\":\"en-US\",\"potentialAction\":[{\"@type\":\"ReadAction\",\"target\":[\"https:\\\/\\\/www.upjs.sk\\\/en\\\/information\\\/international-relations\\\/erasmus\\\/ka171\\\/international-credit-mobility\\\/\"]}]},{\"@type\":\"BreadcrumbList\",\"@id\":\"https:\\\/\\\/www.upjs.sk\\\/en\\\/information\\\/international-relations\\\/erasmus\\\/ka171\\\/international-credit-mobility\\\/#breadcrumb\",\"itemListElement\":[{\"@type\":\"ListItem\",\"position\":1,\"name\":\"Home\",\"item\":\"https:\\\/\\\/www.upjs.sk\\\/en\\\/\"},{\"@type\":\"ListItem\",\"position\":2,\"name\":\"Information\",\"item\":\"https:\\\/\\\/www.upjs.sk\\\/en\\\/information\\\/\"},{\"@type\":\"ListItem\",\"position\":3,\"name\":\"International Relations\",\"item\":\"https:\\\/\\\/www.upjs.sk\\\/en\\\/information\\\/international-relations\\\/\"},{\"@type\":\"ListItem\",\"position\":4,\"name\":\"Erasmus+\",\"item\":\"https:\\\/\\\/www.upjs.sk\\\/en\\\/information\\\/international-relations\\\/erasmus\\\/\"},{\"@type\":\"ListItem\",\"position\":5,\"name\":\"Erasmus+ KA171\",\"item\":\"https:\\\/\\\/www.upjs.sk\\\/en\\\/information\\\/international-relations\\\/erasmus\\\/ka171\\\/\"},{\"@type\":\"ListItem\",\"position\":6,\"name\":\"What is an International Credit Mobility?\"}]},{\"@type\":\"WebSite\",\"@id\":\"https:\\\/\\\/www.upjs.sk\\\/en\\\/#website\",\"url\":\"https:\\\/\\\/www.upjs.sk\\\/en\\\/\",\"name\":\"UPJ\u0160 Ko\u0161ice\",\"description\":\"Wisdom of the Past, Knowledge of the Present, Education of the Future\",\"publisher\":{\"@id\":\"https:\\\/\\\/www.upjs.sk\\\/en\\\/#organization\"},\"potentialAction\":[{\"@type\":\"SearchAction\",\"target\":{\"@type\":\"EntryPoint\",\"urlTemplate\":\"https:\\\/\\\/www.upjs.sk\\\/en\\\/?s={search_term_string}\"},\"query-input\":{\"@type\":\"PropertyValueSpecification\",\"valueRequired\":true,\"valueName\":\"search_term_string\"}}],\"inLanguage\":\"en-US\"},{\"@type\":\"Organization\",\"@id\":\"https:\\\/\\\/www.upjs.sk\\\/en\\\/#organization\",\"name\":\"UPJ\u0160 Ko\u0161ice\",\"url\":\"https:\\\/\\\/www.upjs.sk\\\/en\\\/\",\"logo\":{\"@type\":\"ImageObject\",\"inLanguage\":\"en-US\",\"@id\":\"https:\\\/\\\/www.upjs.sk\\\/en\\\/#\\\/schema\\\/logo\\\/image\\\/\",\"url\":\"https:\\\/\\\/www.upjs.sk\\\/app\\\/uploads\\\/2023\\\/01\\\/UPJS_ENG_esymbol.svg\",\"contentUrl\":\"https:\\\/\\\/www.upjs.sk\\\/app\\\/uploads\\\/2023\\\/01\\\/UPJS_ENG_esymbol.svg\",\"width\":448,\"height\":139,\"caption\":\"UPJ\u0160 Ko\u0161ice\"},\"image\":{\"@id\":\"https:\\\/\\\/www.upjs.sk\\\/en\\\/#\\\/schema\\\/logo\\\/image\\\/\"},\"sameAs\":[\"https:\\\/\\\/www.facebook.com\\\/UniverzitaPavlaJozefaSafarikaVkosiciach\\\/\",\"https:\\\/\\\/x.com\\\/UPJS_kosice\",\"https:\\\/\\\/www.instagram.com\\\/upjs_kosice\",\"https:\\\/\\\/www.linkedin.com\\\/company\\\/pavol-jozef-afrik-university-in-koice\\\/\"]}]}<\/script>\n<!-- \/ Yoast SEO plugin. -->","yoast_head_json":{"title":"What is an International Credit Mobility? - UPJ\u0160 Ko\u0161ice","robots":{"index":"index","follow":"follow","max-snippet":"max-snippet:-1","max-image-preview":"max-image-preview:large","max-video-preview":"max-video-preview:-1"},"canonical":"https:\/\/www.upjs.sk\/en\/information\/international-relations\/erasmus\/ka171\/international-credit-mobility\/","og_locale":"en_US","og_type":"article","og_title":"What is an International Credit Mobility? - UPJ\u0160 Ko\u0161ice","og_description":"International Credit Mobility (ICM or KA107 for short) is an activity under the Erasmus+ Key Action 1 (KA1): Mobility of Individuals, more precisely under Erasmus+ Key Action 107 (KA107): Mobility of Individuals between Programme and Partner Countries. Through ICM, a&nbsp;Higher Education Institution (HEI) in a&nbsp;Partner Country can send its students and\/or staff to a partner &hellip; Continued","og_url":"https:\/\/www.upjs.sk\/en\/information\/international-relations\/erasmus\/ka171\/international-credit-mobility\/","og_site_name":"UPJ\u0160 Ko\u0161ice","article_publisher":"https:\/\/www.facebook.com\/UniverzitaPavlaJozefaSafarikaVkosiciach\/","article_modified_time":"2023-01-12T13:43:41+00:00","twitter_card":"summary_large_image","twitter_site":"@UPJS_kosice","twitter_misc":{"Est. reading time":"2 minutes"},"schema":{"@context":"https:\/\/schema.org","@graph":[{"@type":"WebPage","@id":"https:\/\/www.upjs.sk\/en\/information\/international-relations\/erasmus\/ka171\/international-credit-mobility\/","url":"https:\/\/www.upjs.sk\/en\/information\/international-relations\/erasmus\/ka171\/international-credit-mobility\/","name":"What is an International Credit Mobility? - UPJ\u0160 Ko\u0161ice","isPartOf":{"@id":"https:\/\/www.upjs.sk\/en\/#website"},"datePublished":"2019-03-27T10:58:12+00:00","dateModified":"2023-01-12T13:43:41+00:00","breadcrumb":{"@id":"https:\/\/www.upjs.sk\/en\/information\/international-relations\/erasmus\/ka171\/international-credit-mobility\/#breadcrumb"},"inLanguage":"en-US","potentialAction":[{"@type":"ReadAction","target":["https:\/\/www.upjs.sk\/en\/information\/international-relations\/erasmus\/ka171\/international-credit-mobility\/"]}]},{"@type":"BreadcrumbList","@id":"https:\/\/www.upjs.sk\/en\/information\/international-relations\/erasmus\/ka171\/international-credit-mobility\/#breadcrumb","itemListElement":[{"@type":"ListItem","position":1,"name":"Home","item":"https:\/\/www.upjs.sk\/en\/"},{"@type":"ListItem","position":2,"name":"Information","item":"https:\/\/www.upjs.sk\/en\/information\/"},{"@type":"ListItem","position":3,"name":"International Relations","item":"https:\/\/www.upjs.sk\/en\/information\/international-relations\/"},{"@type":"ListItem","position":4,"name":"Erasmus+","item":"https:\/\/www.upjs.sk\/en\/information\/international-relations\/erasmus\/"},{"@type":"ListItem","position":5,"name":"Erasmus+ KA171","item":"https:\/\/www.upjs.sk\/en\/information\/international-relations\/erasmus\/ka171\/"},{"@type":"ListItem","position":6,"name":"What is an International Credit Mobility?"}]},{"@type":"WebSite","@id":"https:\/\/www.upjs.sk\/en\/#website","url":"https:\/\/www.upjs.sk\/en\/","name":"UPJ\u0160 Ko\u0161ice","description":"Wisdom of the Past, Knowledge of the Present, Education of the Future","publisher":{"@id":"https:\/\/www.upjs.sk\/en\/#organization"},"potentialAction":[{"@type":"SearchAction","target":{"@type":"EntryPoint","urlTemplate":"https:\/\/www.upjs.sk\/en\/?s={search_term_string}"},"query-input":{"@type":"PropertyValueSpecification","valueRequired":true,"valueName":"search_term_string"}}],"inLanguage":"en-US"},{"@type":"Organization","@id":"https:\/\/www.upjs.sk\/en\/#organization","name":"UPJ\u0160 Ko\u0161ice","url":"https:\/\/www.upjs.sk\/en\/","logo":{"@type":"ImageObject","inLanguage":"en-US","@id":"https:\/\/www.upjs.sk\/en\/#\/schema\/logo\/image\/","url":"https:\/\/www.upjs.sk\/app\/uploads\/2023\/01\/UPJS_ENG_esymbol.svg","contentUrl":"https:\/\/www.upjs.sk\/app\/uploads\/2023\/01\/UPJS_ENG_esymbol.svg","width":448,"height":139,"caption":"UPJ\u0160 Ko\u0161ice"},"image":{"@id":"https:\/\/www.upjs.sk\/en\/#\/schema\/logo\/image\/"},"sameAs":["https:\/\/www.facebook.com\/UniverzitaPavlaJozefaSafarikaVkosiciach\/","https:\/\/x.com\/UPJS_kosice","https:\/\/www.instagram.com\/upjs_kosice","https:\/\/www.linkedin.com\/company\/pavol-jozef-afrik-university-in-koice\/"]}]}},"_links":{"self":[{"href":"https:\/\/www.upjs.sk\/en\/wp-json\/wp\/v2\/pages\/40801","targetHints":{"allow":["GET"]}}],"collection":[{"href":"https:\/\/www.upjs.sk\/en\/wp-json\/wp\/v2\/pages"}],"about":[{"href":"https:\/\/www.upjs.sk\/en\/wp-json\/wp\/v2\/types\/page"}],"author":[{"embeddable":true,"href":"https:\/\/www.upjs.sk\/en\/wp-json\/wp\/v2\/users\/1"}],"replies":[{"embeddable":true,"href":"https:\/\/www.upjs.sk\/en\/wp-json\/wp\/v2\/comments?post=40801"}],"version-history":[{"count":3,"href":"https:\/\/www.upjs.sk\/en\/wp-json\/wp\/v2\/pages\/40801\/revisions"}],"predecessor-version":[{"id":48602,"href":"https:\/\/www.upjs.sk\/en\/wp-json\/wp\/v2\/pages\/40801\/revisions\/48602"}],"up":[{"embeddable":true,"href":"https:\/\/www.upjs.sk\/en\/wp-json\/wp\/v2\/pages\/40800"}],"wp:attachment":[{"href":"https:\/\/www.upjs.sk\/en\/wp-json\/wp\/v2\/media?parent=40801"}],"wp:term":[{"taxonomy":"category","embeddable":true,"href":"https:\/\/www.upjs.sk\/en\/wp-json\/wp\/v2\/categories?post=40801"},{"taxonomy":"post_tag","embeddable":true,"href":"https:\/\/www.upjs.sk\/en\/wp-json\/wp\/v2\/tags?post=40801"}],"curies":[{"name":"wp","href":"https:\/\/api.w.org\/{rel}","templated":true}]}}