{"id":40802,"date":"2019-03-28T10:36:40","date_gmt":"2019-03-28T10:36:23","guid":{"rendered":"https:\/\/www.upjs.sk\/information\/international-relations-kat_id-328\/erasmus-mobilities-kat_id-771\/partnership\/"},"modified":"2023-12-18T15:14:56","modified_gmt":"2023-12-18T14:14:56","slug":"partnership","status":"publish","type":"page","link":"https:\/\/www.upjs.sk\/en\/information\/international-relations\/erasmus\/ka171\/partnership\/","title":{"rendered":"How to Establish a Partnership"},"content":{"rendered":"\n<h4 class=\"wp-block-heading\"><strong>Step 1: Identifying cooperation possibilities, exchange of information<\/strong><\/h4>\n\n\n\n<p>Please check our faculties, institutes or departments and their study programmes to see in which field(s) you would like to cooperate.<\/p>\n\n\n\n<p>The Course Catalogue with subjects in English is available at: <a href=\"https:\/\/www.upjs.sk\/en\/information\/international-relations\/erasmus\/calendar-catalogue\/course-catalogue-2023-2024\/\">https:\/\/www.upjs.sk\/en\/information\/international-relations\/erasmus\/calendar-catalogue\/course-catalogue-2023-2024\/<\/a><\/p>\n\n\n\n<p>To discuss the possibilities for cooperation, please contact:<\/p>\n\n\n\n<ul class=\"wp-block-list\">\n<li>a staff member at the faculty, institute or department you wish to cooperate with: it can be an Erasmus+ coordinator from the list: <a href=\"https:\/\/www.upjs.sk\/en\/information\/international-relations\/erasmus\/coordinators\/\">https:\/\/www.upjs.sk\/en\/information\/international-relations\/erasmus\/coordinators\/<\/a> or head of the department or some academic staff member you already know;<\/li>\n\n\n\n<li>the International Relations Office: <a href=\"https:\/\/www.upjs.sk\/en\/information\/international-relations\/\">https:\/\/www.upjs.sk\/en\/information\/international-relations\/<\/a> (and the IRO will forward your proposal to a responsible person at the faculty, institute or department).<\/li>\n<\/ul>\n\n\n\n<p>If there is a mutual interest for cooperation, it is necessary to discuss with a responsible person at the faculty, institute or department:<\/p>\n\n\n\n<ul class=\"wp-block-list\">\n<li>which study fields will be involved;<\/li>\n\n\n\n<li>which faculty(ies), institute(s) or department(s) on both sides will be included;<\/li>\n\n\n\n<li>what types of mobilities should be implemented (student mobility for studies \u2013 long-term mobility; student mobility for studies \u2013 short-term mobility of PhD students; student mobility for traineeships \u2013 long-term mobility; &nbsp;student mobility for traineeships \u2013 short-term mobility of PhD students; staff mobility for teaching; staff mobility for training). It is not necessary to plan all mobility types, but the priority should be given to student mobilities. No reciprocity is necessary;<\/li>\n\n\n\n<li>how many students and\/or staff (incoming \/ outgoing) should be exchanged within the project duration;<\/li>\n\n\n\n<li>how long should each mobility last. A minimum duration of the activity is the following: student mobility for studies \u2013 long-term mobility: 2 months; student mobility for studies \u2013 short-term mobility of PhD students: 5 days; &nbsp;student mobility for traineeships \u2013 long-term mobility: 2 months; student mobility for traineeships \u2013 short-term mobility of PhD students: 5 days; staff mobility: 5 days (for staff mobilities and short term student mobilities, it is possible to give the individual support also for 1 day of travel before the activity and 1 day of travel after the activity);<\/li>\n\n\n\n<li>in case of student mobilities: what study cycles will be involved (Bachelor \/ Master \/ PhD), which courses will be available, what will be the language of instruction at each institution;<\/li>\n\n\n\n<li>in case of staff mobilities: what will be the language of teaching \/ training at each institution.<\/li>\n<\/ul>\n\n\n\n<p>Then, we will need from our faculty(ies), institute(s) or department(s) to send to the International Relations Office a&nbsp;Proposal which will include the above-mentioned information and answers to 4 questions:<\/p>\n\n\n\n<ul class=\"wp-block-list\">\n<li>the relevance of the planned mobilities:<em> \u201cExplain why the planned mobility project is relevant to the internationalisation strategy of the higher education institutions involved (both in the Programme and Partner Country). Justify the proposed type(s) of mobility (student studies, student traineeships, staff teaching or staff training).\u201d<\/em><\/li>\n\n\n\n<li>the quality of cooperation agreements:<em> \u201eDetail your previous experience of similar projects with higher education institutions in this Partner Country.<\/em><\/li>\n\n\n\n<li>the quality of the project design:<em> \u201eDescribe the different phases of the mobility project and provide a summary of how the partner organizations plan to carry out the selection of participants, the support they will provide before, during and after the mobility, and to recognize their mobility period (especially in the Partner Country). Please indicate the specific measures to ensure the participation of participants with fewer opportunities.\u201d<\/em><\/li>\n\n\n\n<li>the impact and dissemination:<em> \u201eExplain the desired impact of the mobility project on participants, beneficiaries, partner organisations and at local, regional and national levels. Describe the measures which will be taken to disseminate the results of the mobility project at faculty and institution levels, and beyond where applicable, in both the Programme and Partner Countries.\u201d<\/em><\/li>\n\n\n\n<li>We would like to also know your point of view, and therefore, it would be very helpful if you could cooperate with our faculty(ies), institute(s) or department(s) in answering these questions.<\/li>\n<\/ul>\n\n\n\n<p>The Higher Educational Institution (HEI) in the Partner Country needs to have a&nbsp;valid Organizational ID (OID): <a href=\"https:\/\/webgate.ec.europa.eu\/erasmus-esc\/index\/organisations\/search-for-an-organisation\">https:\/\/webgate.ec.europa.eu\/erasmus-esc\/index\/organisations\/search-for-an-organisation<\/a>. If you do not have one, you will need to get one before the implementation of the mobilities at the latest (Non-academic organisations do not need an OID).<\/p>\n\n\n\n<p>If you already know that you are planning to send some students with fewer opportunities (physical, mental, health-related, economic, social etc. situation) that would prevent them from participating in a mobility activity unless extra financial support (i.e. support beyond normal financial support), please let us know, so we will apply for an additional financial support for students with fewer opportunities.<\/p>\n\n\n\n<h4 class=\"wp-block-heading\"><strong>Step 2: Application process<\/strong><\/h4>\n\n\n\n<p>Based on the Proposals received from our faculty(ies), institute(s) and department(s), the International Relations Office of our university will fill in the application on behalf of you and other partners we would like to cooperate with, and submit the application to our National Agency. We can submit <strong>only one<\/strong> application for ICM per Call for Proposals, which should contain information on all the mobility activities we intend to carry out with you and the other partners.<\/p>\n\n\n\n<p>The deadline for submitting the application to our National Agency is in February (usually around mid-February) and therefore, we need to receive the Proposals in January at the latest (depending on our internal deadline for Proposals).<\/p>\n\n\n\n<h4 class=\"wp-block-heading\"><strong>Step 3: Applications results<\/strong><\/h4>\n\n\n\n<p>Once we have submitted the application to the National Agency, it will undergo an evaluation procedure. The results are known in summer. After receiving the results, we will know what regions (and thus also what countries and HEIs\/partners) were approved, how much budget was approved for each region and what types of mobilities can be implemented.<\/p>\n\n\n\n<p>The results will be then discussed with our faculties, institutes and departments involved to agree on the most optimal redistribution of the approved budget and mobilities.&nbsp;&nbsp;<\/p>\n\n\n\n<p>The approved budget will be sent to the Pavol Jozef \u0160af\u00e1rik University in Ko\u0161ice and the IRO will ensure the transfer of the grants (financial support) to the participants directly.<\/p>\n\n\n\n<h4 class=\"wp-block-heading\"><strong>Step 4: Inter-institutional agreement (IIA)<\/strong><\/h4>\n\n\n\n<p><br>If a cooperation with your institution is approved, we will inform you about the planned mobilities and the financial support for each mobility, we will create a draft of the inter-institutional agreement and send it to you for approval and signature. The IIA has to be duly signed prior selection of participants and implementation of mobilities. &nbsp;<\/p>\n\n\n\n<h4 class=\"wp-block-heading\"><strong>Documents for partner HEIs:<\/strong><\/h4>\n\n\n\n<ul class=\"wp-block-list\">\n<li><a href=\"https:\/\/www.upjs.sk\/app\/uploads\/2023\/12\/IIA_KA171-a-KA131_international-mobility.docx\" target=\"_blank\" aria-label=\" (opens in a new tab)\" rel=\"noreferrer noopener\" class=\"ek-link\">Inter-institutional agreement<\/a><\/li>\n\n\n\n<li><a href=\"https:\/\/www.upjs.sk\/public\/media\/20662\/ISCED-F-2013-codes.pdf\" target=\"_blank\" rel=\"noreferrer noopener\" class=\"ek-link\">ISCED-F codes<\/a><\/li>\n<\/ul>\n","protected":false},"excerpt":{"rendered":"<p>Step 1: Identifying cooperation possibilities, exchange of information Please check our faculties, institutes or departments and their study programmes to see in which field(s) you would like to cooperate. The Course Catalogue with subjects in English is available at: https:\/\/www.upjs.sk\/en\/information\/international-relations\/erasmus\/calendar-catalogue\/course-catalogue-2023-2024\/ To discuss the possibilities for cooperation, please contact: If there is a mutual interest for &hellip; <a href=\"https:\/\/www.upjs.sk\/en\/information\/international-relations\/erasmus\/ka171\/partnership\/\">Continued<\/a><\/p>\n","protected":false},"author":1,"featured_media":0,"parent":40800,"menu_order":2,"comment_status":"closed","ping_status":"closed","template":"","meta":{"_acf_changed":false,"_editorskit_title_hidden":false,"_editorskit_reading_time":0,"_editorskit_is_block_options_detached":false,"_editorskit_block_options_position":"{}","footnotes":""},"categories":[],"tags":[],"class_list":["post-40802","page","type-page","status-publish","hentry"],"acf":{"acf_link_na_externy_obsah":""},"yoast_head":"<!-- This site is optimized with the Yoast SEO plugin v27.4 - https:\/\/yoast.com\/product\/yoast-seo-wordpress\/ -->\n<title>How to Establish a Partnership - UPJ\u0160 Ko\u0161ice<\/title>\n<meta name=\"robots\" content=\"index, follow, max-snippet:-1, max-image-preview:large, max-video-preview:-1\" \/>\n<link rel=\"canonical\" href=\"https:\/\/www.upjs.sk\/en\/information\/international-relations\/erasmus\/ka171\/partnership\/\" \/>\n<meta property=\"og:locale\" content=\"en_US\" \/>\n<meta property=\"og:type\" content=\"article\" \/>\n<meta property=\"og:title\" content=\"How to Establish a Partnership - UPJ\u0160 Ko\u0161ice\" \/>\n<meta property=\"og:description\" content=\"Step 1: Identifying cooperation possibilities, exchange of information Please check our faculties, institutes or departments and their study programmes to see in which field(s) you would like to cooperate. The Course Catalogue with subjects in English is available at: https:\/\/www.upjs.sk\/en\/information\/international-relations\/erasmus\/calendar-catalogue\/course-catalogue-2023-2024\/ To discuss the possibilities for cooperation, please contact: If there is a mutual interest for &hellip; Continued\" \/>\n<meta property=\"og:url\" content=\"https:\/\/www.upjs.sk\/en\/information\/international-relations\/erasmus\/ka171\/partnership\/\" \/>\n<meta property=\"og:site_name\" content=\"UPJ\u0160 Ko\u0161ice\" \/>\n<meta property=\"article:publisher\" content=\"https:\/\/www.facebook.com\/UniverzitaPavlaJozefaSafarikaVkosiciach\/\" \/>\n<meta property=\"article:modified_time\" content=\"2023-12-18T14:14:56+00:00\" \/>\n<meta name=\"twitter:card\" content=\"summary_large_image\" \/>\n<meta name=\"twitter:site\" content=\"@UPJS_kosice\" \/>\n<meta name=\"twitter:label1\" content=\"Est. reading time\" \/>\n\t<meta name=\"twitter:data1\" content=\"6 minutes\" \/>\n<script type=\"application\/ld+json\" class=\"yoast-schema-graph\">{\"@context\":\"https:\\\/\\\/schema.org\",\"@graph\":[{\"@type\":\"WebPage\",\"@id\":\"https:\\\/\\\/www.upjs.sk\\\/en\\\/information\\\/international-relations\\\/erasmus\\\/ka171\\\/partnership\\\/\",\"url\":\"https:\\\/\\\/www.upjs.sk\\\/en\\\/information\\\/international-relations\\\/erasmus\\\/ka171\\\/partnership\\\/\",\"name\":\"How to Establish a Partnership - UPJ\u0160 Ko\u0161ice\",\"isPartOf\":{\"@id\":\"https:\\\/\\\/www.upjs.sk\\\/en\\\/#website\"},\"datePublished\":\"2019-03-28T10:36:23+00:00\",\"dateModified\":\"2023-12-18T14:14:56+00:00\",\"breadcrumb\":{\"@id\":\"https:\\\/\\\/www.upjs.sk\\\/en\\\/information\\\/international-relations\\\/erasmus\\\/ka171\\\/partnership\\\/#breadcrumb\"},\"inLanguage\":\"en-US\",\"potentialAction\":[{\"@type\":\"ReadAction\",\"target\":[\"https:\\\/\\\/www.upjs.sk\\\/en\\\/information\\\/international-relations\\\/erasmus\\\/ka171\\\/partnership\\\/\"]}]},{\"@type\":\"BreadcrumbList\",\"@id\":\"https:\\\/\\\/www.upjs.sk\\\/en\\\/information\\\/international-relations\\\/erasmus\\\/ka171\\\/partnership\\\/#breadcrumb\",\"itemListElement\":[{\"@type\":\"ListItem\",\"position\":1,\"name\":\"Home\",\"item\":\"https:\\\/\\\/www.upjs.sk\\\/en\\\/\"},{\"@type\":\"ListItem\",\"position\":2,\"name\":\"Information\",\"item\":\"https:\\\/\\\/www.upjs.sk\\\/en\\\/information\\\/\"},{\"@type\":\"ListItem\",\"position\":3,\"name\":\"International Relations\",\"item\":\"https:\\\/\\\/www.upjs.sk\\\/en\\\/information\\\/international-relations\\\/\"},{\"@type\":\"ListItem\",\"position\":4,\"name\":\"Erasmus+\",\"item\":\"https:\\\/\\\/www.upjs.sk\\\/en\\\/information\\\/international-relations\\\/erasmus\\\/\"},{\"@type\":\"ListItem\",\"position\":5,\"name\":\"Erasmus+ KA171\",\"item\":\"https:\\\/\\\/www.upjs.sk\\\/en\\\/information\\\/international-relations\\\/erasmus\\\/ka171\\\/\"},{\"@type\":\"ListItem\",\"position\":6,\"name\":\"How to Establish a Partnership\"}]},{\"@type\":\"WebSite\",\"@id\":\"https:\\\/\\\/www.upjs.sk\\\/en\\\/#website\",\"url\":\"https:\\\/\\\/www.upjs.sk\\\/en\\\/\",\"name\":\"UPJ\u0160 Ko\u0161ice\",\"description\":\"Wisdom of the Past, Knowledge of the Present, Education of the Future\",\"publisher\":{\"@id\":\"https:\\\/\\\/www.upjs.sk\\\/en\\\/#organization\"},\"potentialAction\":[{\"@type\":\"SearchAction\",\"target\":{\"@type\":\"EntryPoint\",\"urlTemplate\":\"https:\\\/\\\/www.upjs.sk\\\/en\\\/?s={search_term_string}\"},\"query-input\":{\"@type\":\"PropertyValueSpecification\",\"valueRequired\":true,\"valueName\":\"search_term_string\"}}],\"inLanguage\":\"en-US\"},{\"@type\":\"Organization\",\"@id\":\"https:\\\/\\\/www.upjs.sk\\\/en\\\/#organization\",\"name\":\"UPJ\u0160 Ko\u0161ice\",\"url\":\"https:\\\/\\\/www.upjs.sk\\\/en\\\/\",\"logo\":{\"@type\":\"ImageObject\",\"inLanguage\":\"en-US\",\"@id\":\"https:\\\/\\\/www.upjs.sk\\\/en\\\/#\\\/schema\\\/logo\\\/image\\\/\",\"url\":\"https:\\\/\\\/www.upjs.sk\\\/app\\\/uploads\\\/2023\\\/01\\\/UPJS_ENG_esymbol.svg\",\"contentUrl\":\"https:\\\/\\\/www.upjs.sk\\\/app\\\/uploads\\\/2023\\\/01\\\/UPJS_ENG_esymbol.svg\",\"width\":448,\"height\":139,\"caption\":\"UPJ\u0160 Ko\u0161ice\"},\"image\":{\"@id\":\"https:\\\/\\\/www.upjs.sk\\\/en\\\/#\\\/schema\\\/logo\\\/image\\\/\"},\"sameAs\":[\"https:\\\/\\\/www.facebook.com\\\/UniverzitaPavlaJozefaSafarikaVkosiciach\\\/\",\"https:\\\/\\\/x.com\\\/UPJS_kosice\",\"https:\\\/\\\/www.instagram.com\\\/upjs_kosice\",\"https:\\\/\\\/www.linkedin.com\\\/company\\\/pavol-jozef-afrik-university-in-koice\\\/\"]}]}<\/script>\n<!-- \/ Yoast SEO plugin. -->","yoast_head_json":{"title":"How to Establish a Partnership - UPJ\u0160 Ko\u0161ice","robots":{"index":"index","follow":"follow","max-snippet":"max-snippet:-1","max-image-preview":"max-image-preview:large","max-video-preview":"max-video-preview:-1"},"canonical":"https:\/\/www.upjs.sk\/en\/information\/international-relations\/erasmus\/ka171\/partnership\/","og_locale":"en_US","og_type":"article","og_title":"How to Establish a Partnership - UPJ\u0160 Ko\u0161ice","og_description":"Step 1: Identifying cooperation possibilities, exchange of information Please check our faculties, institutes or departments and their study programmes to see in which field(s) you would like to cooperate. The Course Catalogue with subjects in English is available at: https:\/\/www.upjs.sk\/en\/information\/international-relations\/erasmus\/calendar-catalogue\/course-catalogue-2023-2024\/ To discuss the possibilities for cooperation, please contact: If there is a mutual interest for &hellip; Continued","og_url":"https:\/\/www.upjs.sk\/en\/information\/international-relations\/erasmus\/ka171\/partnership\/","og_site_name":"UPJ\u0160 Ko\u0161ice","article_publisher":"https:\/\/www.facebook.com\/UniverzitaPavlaJozefaSafarikaVkosiciach\/","article_modified_time":"2023-12-18T14:14:56+00:00","twitter_card":"summary_large_image","twitter_site":"@UPJS_kosice","twitter_misc":{"Est. reading time":"6 minutes"},"schema":{"@context":"https:\/\/schema.org","@graph":[{"@type":"WebPage","@id":"https:\/\/www.upjs.sk\/en\/information\/international-relations\/erasmus\/ka171\/partnership\/","url":"https:\/\/www.upjs.sk\/en\/information\/international-relations\/erasmus\/ka171\/partnership\/","name":"How to Establish a Partnership - UPJ\u0160 Ko\u0161ice","isPartOf":{"@id":"https:\/\/www.upjs.sk\/en\/#website"},"datePublished":"2019-03-28T10:36:23+00:00","dateModified":"2023-12-18T14:14:56+00:00","breadcrumb":{"@id":"https:\/\/www.upjs.sk\/en\/information\/international-relations\/erasmus\/ka171\/partnership\/#breadcrumb"},"inLanguage":"en-US","potentialAction":[{"@type":"ReadAction","target":["https:\/\/www.upjs.sk\/en\/information\/international-relations\/erasmus\/ka171\/partnership\/"]}]},{"@type":"BreadcrumbList","@id":"https:\/\/www.upjs.sk\/en\/information\/international-relations\/erasmus\/ka171\/partnership\/#breadcrumb","itemListElement":[{"@type":"ListItem","position":1,"name":"Home","item":"https:\/\/www.upjs.sk\/en\/"},{"@type":"ListItem","position":2,"name":"Information","item":"https:\/\/www.upjs.sk\/en\/information\/"},{"@type":"ListItem","position":3,"name":"International Relations","item":"https:\/\/www.upjs.sk\/en\/information\/international-relations\/"},{"@type":"ListItem","position":4,"name":"Erasmus+","item":"https:\/\/www.upjs.sk\/en\/information\/international-relations\/erasmus\/"},{"@type":"ListItem","position":5,"name":"Erasmus+ KA171","item":"https:\/\/www.upjs.sk\/en\/information\/international-relations\/erasmus\/ka171\/"},{"@type":"ListItem","position":6,"name":"How to Establish a Partnership"}]},{"@type":"WebSite","@id":"https:\/\/www.upjs.sk\/en\/#website","url":"https:\/\/www.upjs.sk\/en\/","name":"UPJ\u0160 Ko\u0161ice","description":"Wisdom of the Past, Knowledge of the Present, Education of the Future","publisher":{"@id":"https:\/\/www.upjs.sk\/en\/#organization"},"potentialAction":[{"@type":"SearchAction","target":{"@type":"EntryPoint","urlTemplate":"https:\/\/www.upjs.sk\/en\/?s={search_term_string}"},"query-input":{"@type":"PropertyValueSpecification","valueRequired":true,"valueName":"search_term_string"}}],"inLanguage":"en-US"},{"@type":"Organization","@id":"https:\/\/www.upjs.sk\/en\/#organization","name":"UPJ\u0160 Ko\u0161ice","url":"https:\/\/www.upjs.sk\/en\/","logo":{"@type":"ImageObject","inLanguage":"en-US","@id":"https:\/\/www.upjs.sk\/en\/#\/schema\/logo\/image\/","url":"https:\/\/www.upjs.sk\/app\/uploads\/2023\/01\/UPJS_ENG_esymbol.svg","contentUrl":"https:\/\/www.upjs.sk\/app\/uploads\/2023\/01\/UPJS_ENG_esymbol.svg","width":448,"height":139,"caption":"UPJ\u0160 Ko\u0161ice"},"image":{"@id":"https:\/\/www.upjs.sk\/en\/#\/schema\/logo\/image\/"},"sameAs":["https:\/\/www.facebook.com\/UniverzitaPavlaJozefaSafarikaVkosiciach\/","https:\/\/x.com\/UPJS_kosice","https:\/\/www.instagram.com\/upjs_kosice","https:\/\/www.linkedin.com\/company\/pavol-jozef-afrik-university-in-koice\/"]}]}},"_links":{"self":[{"href":"https:\/\/www.upjs.sk\/en\/wp-json\/wp\/v2\/pages\/40802","targetHints":{"allow":["GET"]}}],"collection":[{"href":"https:\/\/www.upjs.sk\/en\/wp-json\/wp\/v2\/pages"}],"about":[{"href":"https:\/\/www.upjs.sk\/en\/wp-json\/wp\/v2\/types\/page"}],"author":[{"embeddable":true,"href":"https:\/\/www.upjs.sk\/en\/wp-json\/wp\/v2\/users\/1"}],"replies":[{"embeddable":true,"href":"https:\/\/www.upjs.sk\/en\/wp-json\/wp\/v2\/comments?post=40802"}],"version-history":[{"count":7,"href":"https:\/\/www.upjs.sk\/en\/wp-json\/wp\/v2\/pages\/40802\/revisions"}],"predecessor-version":[{"id":70827,"href":"https:\/\/www.upjs.sk\/en\/wp-json\/wp\/v2\/pages\/40802\/revisions\/70827"}],"up":[{"embeddable":true,"href":"https:\/\/www.upjs.sk\/en\/wp-json\/wp\/v2\/pages\/40800"}],"wp:attachment":[{"href":"https:\/\/www.upjs.sk\/en\/wp-json\/wp\/v2\/media?parent=40802"}],"wp:term":[{"taxonomy":"category","embeddable":true,"href":"https:\/\/www.upjs.sk\/en\/wp-json\/wp\/v2\/categories?post=40802"},{"taxonomy":"post_tag","embeddable":true,"href":"https:\/\/www.upjs.sk\/en\/wp-json\/wp\/v2\/tags?post=40802"}],"curies":[{"name":"wp","href":"https:\/\/api.w.org\/{rel}","templated":true}]}}