{"id":40911,"date":"2016-10-23T23:02:25","date_gmt":"2016-10-23T23:02:25","guid":{"rendered":"https:\/\/www.upjs.sk\/information\/international-relations-kat_id-328\/erasmus-projects-kat_id-2077\/14596-2\/"},"modified":"2023-01-31T11:16:39","modified_gmt":"2023-01-31T10:16:39","slug":"14596-2","status":"publish","type":"page","link":"https:\/\/www.upjs.sk\/en\/information\/international-relations\/erasmus-projects\/14596-2\/","title":{"rendered":"Modernizing Health Education in Universities (ModeHEd)"},"content":{"rendered":"\n<h3 class=\"wp-block-heading\">&nbsp;<\/h3>\n\n\n\n<h3 class=\"wp-block-heading\">Project Title: Modernizing Health Education in Universities<\/h3>\n\n\n\n<p>Project shortcut: ModeHEd<\/p>\n\n\n\n<p>UPJ\u0160 coordinator:&nbsp;Ing. Jaroslav Majern\u00edk, PhD.<\/p>\n\n\n\n<p>Project coordinator: Hochschule f\u00fcr Technik, Wirtschaft und Kultur Leipzig, Germany. <a href=\"http:\/\/www.htwk-leipzig.de\/de\/\">http:\/\/www.htwk-leipzig.de\/de\/<\/a><\/p>\n\n\n\n<p><span style=\"font-size: 16px;\">Project partners: &nbsp;<\/span><\/p>\n\n\n\n<ul class=\"wp-block-list\">\n<li>Hochschule f\u00fcr Technik, Wirtschaft und Kultur Leipzig (Germany)<\/li>\n\n\n\n<li>Univerzita Karlova v&nbsp;Praze (Czech Republic)<\/li>\n\n\n\n<li>Univerzita Pavla Jozefa \u0160af\u00e1rika v&nbsp;Ko\u0161iciach, Lek\u00e1rska fakulta (Slovak Republic)<\/li>\n\n\n\n<li>Ferghana State University (Uzbekistan)<\/li>\n\n\n\n<li>Tashkent Medical Academy (Uzbekistan)<\/li>\n\n\n\n<li>S.D.Asfendiyarov Kazakh National Medical University named (Kazakhstan)<\/li>\n\n\n\n<li>Namangan State University (Uzbekistan)<\/li>\n\n\n\n<li>The Center of the Development of the medical education (Uzbekistan)<\/li>\n\n\n\n<li>Uzbek State Institute of Physical Culture (Uzbekistan)<\/li>\n\n\n\n<li>South Kazakhstan State Pharmaceutical Academy (Kazakhstan)<\/li>\n\n\n\n<li>Bukhara State Medical Institute (Uzbekistan)<\/li>\n\n\n\n<li>Kazakh state women&#8217;s teacher training university (Kazakhstan)<\/li>\n\n\n\n<li>Andijan State University (Uzbekistan)<\/li>\n\n\n\n<li>Kokand State Pedagogical institute (Uzbekistan)<\/li>\n\n\n\n<li>Uzbek Medical-Pedagogical Association (Uzbekistan)<\/li>\n<\/ul>\n\n\n\n<p>Duration: 10\/2015 &#8211; 10\/2018<\/p>\n\n\n\n<p><span style=\"font-size: 16px;\"><span style=\"color: #484848; font-family: roboto,sans-serif; line-height: 14.666666984558105px;\">Goal \/ annotation:&nbsp;<\/span>Overall wider objective of the project is supporting public health in Uzbekistan by modernization of Curriculum of Health Sciences in universities of Uzbekistan and Kazakhstan and therefore following steps are undertaken: adapting, modernizing, restructuring health sciences education, and bring innovative teaching technologies into training process as multimedia and audio-visual components; elaborating guidelines for application of generated outcomes; introducing new curricula into education process of PC universities and provide sustainability.<\/span><\/p>\n\n\n\n<p>&nbsp;<\/p>\n","protected":false},"excerpt":{"rendered":"<p>&nbsp; Project Title: Modernizing Health Education in Universities Project shortcut: ModeHEd UPJ\u0160 coordinator:&nbsp;Ing. Jaroslav Majern\u00edk, PhD. Project coordinator: Hochschule f\u00fcr Technik, Wirtschaft und Kultur Leipzig, Germany. http:\/\/www.htwk-leipzig.de\/de\/ Project partners: &nbsp; Duration: 10\/2015 &#8211; 10\/2018 Goal \/ annotation:&nbsp;Overall wider objective of the project is supporting public health in Uzbekistan by modernization of Curriculum of Health Sciences &hellip; <a href=\"https:\/\/www.upjs.sk\/en\/information\/international-relations\/erasmus-projects\/14596-2\/\">Continued<\/a><\/p>\n","protected":false},"author":1,"featured_media":0,"parent":28033,"menu_order":1,"comment_status":"closed","ping_status":"closed","template":"","meta":{"_acf_changed":false,"_editorskit_title_hidden":false,"_editorskit_reading_time":1,"_editorskit_is_block_options_detached":false,"_editorskit_block_options_position":"{}","footnotes":""},"categories":[],"tags":[],"class_list":["post-40911","page","type-page","status-publish","hentry"],"acf":{"acf_link_na_externy_obsah":""},"yoast_head":"<!-- This site is optimized with the Yoast SEO plugin v27.4 - https:\/\/yoast.com\/product\/yoast-seo-wordpress\/ -->\n<title>Modernizing Health Education in Universities (ModeHEd) - UPJ\u0160 Ko\u0161ice<\/title>\n<meta name=\"robots\" content=\"index, follow, max-snippet:-1, max-image-preview:large, max-video-preview:-1\" \/>\n<link rel=\"canonical\" href=\"https:\/\/www.upjs.sk\/en\/information\/international-relations\/erasmus-projects\/14596-2\/\" \/>\n<meta property=\"og:locale\" content=\"en_US\" \/>\n<meta property=\"og:type\" content=\"article\" \/>\n<meta property=\"og:title\" content=\"Modernizing Health Education in Universities (ModeHEd) - UPJ\u0160 Ko\u0161ice\" \/>\n<meta property=\"og:description\" content=\"&nbsp; Project Title: Modernizing Health Education in Universities Project shortcut: ModeHEd UPJ\u0160 coordinator:&nbsp;Ing. Jaroslav Majern\u00edk, PhD. Project coordinator: Hochschule f\u00fcr Technik, Wirtschaft und Kultur Leipzig, Germany. http:\/\/www.htwk-leipzig.de\/de\/ Project partners: &nbsp; Duration: 10\/2015 &#8211; 10\/2018 Goal \/ annotation:&nbsp;Overall wider objective of the project is supporting public health in Uzbekistan by modernization of Curriculum of Health Sciences &hellip; Continued\" \/>\n<meta property=\"og:url\" content=\"https:\/\/www.upjs.sk\/en\/information\/international-relations\/erasmus-projects\/14596-2\/\" \/>\n<meta property=\"og:site_name\" content=\"UPJ\u0160 Ko\u0161ice\" \/>\n<meta property=\"article:publisher\" content=\"https:\/\/www.facebook.com\/UniverzitaPavlaJozefaSafarikaVkosiciach\/\" \/>\n<meta property=\"article:modified_time\" content=\"2023-01-31T10:16:39+00:00\" \/>\n<meta name=\"twitter:card\" content=\"summary_large_image\" \/>\n<meta name=\"twitter:site\" content=\"@UPJS_kosice\" \/>\n<meta name=\"twitter:label1\" content=\"Est. reading time\" \/>\n\t<meta name=\"twitter:data1\" content=\"2 minutes\" \/>\n<script type=\"application\/ld+json\" class=\"yoast-schema-graph\">{\"@context\":\"https:\\\/\\\/schema.org\",\"@graph\":[{\"@type\":\"WebPage\",\"@id\":\"https:\\\/\\\/www.upjs.sk\\\/en\\\/information\\\/international-relations\\\/erasmus-projects\\\/14596-2\\\/\",\"url\":\"https:\\\/\\\/www.upjs.sk\\\/en\\\/information\\\/international-relations\\\/erasmus-projects\\\/14596-2\\\/\",\"name\":\"Modernizing Health Education in Universities (ModeHEd) - UPJ\u0160 Ko\u0161ice\",\"isPartOf\":{\"@id\":\"https:\\\/\\\/www.upjs.sk\\\/en\\\/#website\"},\"datePublished\":\"2016-10-23T23:02:25+00:00\",\"dateModified\":\"2023-01-31T10:16:39+00:00\",\"breadcrumb\":{\"@id\":\"https:\\\/\\\/www.upjs.sk\\\/en\\\/information\\\/international-relations\\\/erasmus-projects\\\/14596-2\\\/#breadcrumb\"},\"inLanguage\":\"en-US\",\"potentialAction\":[{\"@type\":\"ReadAction\",\"target\":[\"https:\\\/\\\/www.upjs.sk\\\/en\\\/information\\\/international-relations\\\/erasmus-projects\\\/14596-2\\\/\"]}]},{\"@type\":\"BreadcrumbList\",\"@id\":\"https:\\\/\\\/www.upjs.sk\\\/en\\\/information\\\/international-relations\\\/erasmus-projects\\\/14596-2\\\/#breadcrumb\",\"itemListElement\":[{\"@type\":\"ListItem\",\"position\":1,\"name\":\"Home\",\"item\":\"https:\\\/\\\/www.upjs.sk\\\/en\\\/\"},{\"@type\":\"ListItem\",\"position\":2,\"name\":\"Information\",\"item\":\"https:\\\/\\\/www.upjs.sk\\\/en\\\/information\\\/\"},{\"@type\":\"ListItem\",\"position\":3,\"name\":\"International Relations\",\"item\":\"https:\\\/\\\/www.upjs.sk\\\/en\\\/information\\\/international-relations\\\/\"},{\"@type\":\"ListItem\",\"position\":4,\"name\":\"Erasmus+ Projects\",\"item\":\"https:\\\/\\\/www.upjs.sk\\\/en\\\/information\\\/international-relations\\\/erasmus-projects\\\/\"},{\"@type\":\"ListItem\",\"position\":5,\"name\":\"Modernizing Health Education in Universities (ModeHEd)\"}]},{\"@type\":\"WebSite\",\"@id\":\"https:\\\/\\\/www.upjs.sk\\\/en\\\/#website\",\"url\":\"https:\\\/\\\/www.upjs.sk\\\/en\\\/\",\"name\":\"UPJ\u0160 Ko\u0161ice\",\"description\":\"Wisdom of the Past, Knowledge of the Present, Education of the Future\",\"publisher\":{\"@id\":\"https:\\\/\\\/www.upjs.sk\\\/en\\\/#organization\"},\"potentialAction\":[{\"@type\":\"SearchAction\",\"target\":{\"@type\":\"EntryPoint\",\"urlTemplate\":\"https:\\\/\\\/www.upjs.sk\\\/en\\\/?s={search_term_string}\"},\"query-input\":{\"@type\":\"PropertyValueSpecification\",\"valueRequired\":true,\"valueName\":\"search_term_string\"}}],\"inLanguage\":\"en-US\"},{\"@type\":\"Organization\",\"@id\":\"https:\\\/\\\/www.upjs.sk\\\/en\\\/#organization\",\"name\":\"UPJ\u0160 Ko\u0161ice\",\"url\":\"https:\\\/\\\/www.upjs.sk\\\/en\\\/\",\"logo\":{\"@type\":\"ImageObject\",\"inLanguage\":\"en-US\",\"@id\":\"https:\\\/\\\/www.upjs.sk\\\/en\\\/#\\\/schema\\\/logo\\\/image\\\/\",\"url\":\"https:\\\/\\\/www.upjs.sk\\\/app\\\/uploads\\\/2023\\\/01\\\/UPJS_ENG_esymbol.svg\",\"contentUrl\":\"https:\\\/\\\/www.upjs.sk\\\/app\\\/uploads\\\/2023\\\/01\\\/UPJS_ENG_esymbol.svg\",\"width\":448,\"height\":139,\"caption\":\"UPJ\u0160 Ko\u0161ice\"},\"image\":{\"@id\":\"https:\\\/\\\/www.upjs.sk\\\/en\\\/#\\\/schema\\\/logo\\\/image\\\/\"},\"sameAs\":[\"https:\\\/\\\/www.facebook.com\\\/UniverzitaPavlaJozefaSafarikaVkosiciach\\\/\",\"https:\\\/\\\/x.com\\\/UPJS_kosice\",\"https:\\\/\\\/www.instagram.com\\\/upjs_kosice\",\"https:\\\/\\\/www.linkedin.com\\\/company\\\/pavol-jozef-afrik-university-in-koice\\\/\"]}]}<\/script>\n<!-- \/ Yoast SEO plugin. -->","yoast_head_json":{"title":"Modernizing Health Education in Universities (ModeHEd) - UPJ\u0160 Ko\u0161ice","robots":{"index":"index","follow":"follow","max-snippet":"max-snippet:-1","max-image-preview":"max-image-preview:large","max-video-preview":"max-video-preview:-1"},"canonical":"https:\/\/www.upjs.sk\/en\/information\/international-relations\/erasmus-projects\/14596-2\/","og_locale":"en_US","og_type":"article","og_title":"Modernizing Health Education in Universities (ModeHEd) - UPJ\u0160 Ko\u0161ice","og_description":"&nbsp; Project Title: Modernizing Health Education in Universities Project shortcut: ModeHEd UPJ\u0160 coordinator:&nbsp;Ing. Jaroslav Majern\u00edk, PhD. Project coordinator: Hochschule f\u00fcr Technik, Wirtschaft und Kultur Leipzig, Germany. http:\/\/www.htwk-leipzig.de\/de\/ Project partners: &nbsp; Duration: 10\/2015 &#8211; 10\/2018 Goal \/ annotation:&nbsp;Overall wider objective of the project is supporting public health in Uzbekistan by modernization of Curriculum of Health Sciences &hellip; Continued","og_url":"https:\/\/www.upjs.sk\/en\/information\/international-relations\/erasmus-projects\/14596-2\/","og_site_name":"UPJ\u0160 Ko\u0161ice","article_publisher":"https:\/\/www.facebook.com\/UniverzitaPavlaJozefaSafarikaVkosiciach\/","article_modified_time":"2023-01-31T10:16:39+00:00","twitter_card":"summary_large_image","twitter_site":"@UPJS_kosice","twitter_misc":{"Est. reading time":"2 minutes"},"schema":{"@context":"https:\/\/schema.org","@graph":[{"@type":"WebPage","@id":"https:\/\/www.upjs.sk\/en\/information\/international-relations\/erasmus-projects\/14596-2\/","url":"https:\/\/www.upjs.sk\/en\/information\/international-relations\/erasmus-projects\/14596-2\/","name":"Modernizing Health Education in Universities (ModeHEd) - UPJ\u0160 Ko\u0161ice","isPartOf":{"@id":"https:\/\/www.upjs.sk\/en\/#website"},"datePublished":"2016-10-23T23:02:25+00:00","dateModified":"2023-01-31T10:16:39+00:00","breadcrumb":{"@id":"https:\/\/www.upjs.sk\/en\/information\/international-relations\/erasmus-projects\/14596-2\/#breadcrumb"},"inLanguage":"en-US","potentialAction":[{"@type":"ReadAction","target":["https:\/\/www.upjs.sk\/en\/information\/international-relations\/erasmus-projects\/14596-2\/"]}]},{"@type":"BreadcrumbList","@id":"https:\/\/www.upjs.sk\/en\/information\/international-relations\/erasmus-projects\/14596-2\/#breadcrumb","itemListElement":[{"@type":"ListItem","position":1,"name":"Home","item":"https:\/\/www.upjs.sk\/en\/"},{"@type":"ListItem","position":2,"name":"Information","item":"https:\/\/www.upjs.sk\/en\/information\/"},{"@type":"ListItem","position":3,"name":"International Relations","item":"https:\/\/www.upjs.sk\/en\/information\/international-relations\/"},{"@type":"ListItem","position":4,"name":"Erasmus+ Projects","item":"https:\/\/www.upjs.sk\/en\/information\/international-relations\/erasmus-projects\/"},{"@type":"ListItem","position":5,"name":"Modernizing Health Education in Universities (ModeHEd)"}]},{"@type":"WebSite","@id":"https:\/\/www.upjs.sk\/en\/#website","url":"https:\/\/www.upjs.sk\/en\/","name":"UPJ\u0160 Ko\u0161ice","description":"Wisdom of the Past, Knowledge of the Present, Education of the Future","publisher":{"@id":"https:\/\/www.upjs.sk\/en\/#organization"},"potentialAction":[{"@type":"SearchAction","target":{"@type":"EntryPoint","urlTemplate":"https:\/\/www.upjs.sk\/en\/?s={search_term_string}"},"query-input":{"@type":"PropertyValueSpecification","valueRequired":true,"valueName":"search_term_string"}}],"inLanguage":"en-US"},{"@type":"Organization","@id":"https:\/\/www.upjs.sk\/en\/#organization","name":"UPJ\u0160 Ko\u0161ice","url":"https:\/\/www.upjs.sk\/en\/","logo":{"@type":"ImageObject","inLanguage":"en-US","@id":"https:\/\/www.upjs.sk\/en\/#\/schema\/logo\/image\/","url":"https:\/\/www.upjs.sk\/app\/uploads\/2023\/01\/UPJS_ENG_esymbol.svg","contentUrl":"https:\/\/www.upjs.sk\/app\/uploads\/2023\/01\/UPJS_ENG_esymbol.svg","width":448,"height":139,"caption":"UPJ\u0160 Ko\u0161ice"},"image":{"@id":"https:\/\/www.upjs.sk\/en\/#\/schema\/logo\/image\/"},"sameAs":["https:\/\/www.facebook.com\/UniverzitaPavlaJozefaSafarikaVkosiciach\/","https:\/\/x.com\/UPJS_kosice","https:\/\/www.instagram.com\/upjs_kosice","https:\/\/www.linkedin.com\/company\/pavol-jozef-afrik-university-in-koice\/"]}]}},"_links":{"self":[{"href":"https:\/\/www.upjs.sk\/en\/wp-json\/wp\/v2\/pages\/40911","targetHints":{"allow":["GET"]}}],"collection":[{"href":"https:\/\/www.upjs.sk\/en\/wp-json\/wp\/v2\/pages"}],"about":[{"href":"https:\/\/www.upjs.sk\/en\/wp-json\/wp\/v2\/types\/page"}],"author":[{"embeddable":true,"href":"https:\/\/www.upjs.sk\/en\/wp-json\/wp\/v2\/users\/1"}],"replies":[{"embeddable":true,"href":"https:\/\/www.upjs.sk\/en\/wp-json\/wp\/v2\/comments?post=40911"}],"version-history":[{"count":2,"href":"https:\/\/www.upjs.sk\/en\/wp-json\/wp\/v2\/pages\/40911\/revisions"}],"predecessor-version":[{"id":51798,"href":"https:\/\/www.upjs.sk\/en\/wp-json\/wp\/v2\/pages\/40911\/revisions\/51798"}],"up":[{"embeddable":true,"href":"https:\/\/www.upjs.sk\/en\/wp-json\/wp\/v2\/pages\/28033"}],"wp:attachment":[{"href":"https:\/\/www.upjs.sk\/en\/wp-json\/wp\/v2\/media?parent=40911"}],"wp:term":[{"taxonomy":"category","embeddable":true,"href":"https:\/\/www.upjs.sk\/en\/wp-json\/wp\/v2\/categories?post=40911"},{"taxonomy":"post_tag","embeddable":true,"href":"https:\/\/www.upjs.sk\/en\/wp-json\/wp\/v2\/tags?post=40911"}],"curies":[{"name":"wp","href":"https:\/\/api.w.org\/{rel}","templated":true}]}}