{"id":40912,"date":"2016-10-23T23:11:07","date_gmt":"2016-10-23T23:11:07","guid":{"rendered":"https:\/\/www.upjs.sk\/information\/international-relations-kat_id-328\/erasmus-projects-kat_id-2077\/14597-2\/"},"modified":"2023-01-31T11:16:45","modified_gmt":"2023-01-31T10:16:45","slug":"14597-2","status":"publish","type":"page","link":"https:\/\/www.upjs.sk\/en\/information\/international-relations\/erasmus-projects\/14597-2\/","title":{"rendered":"Clinical reasoning skills enhancements with the use of simulations and algorithms (CROESUS)"},"content":{"rendered":"\n<p>Project Title: Clinical reasoning skills enhancements with the use of simulations and algorithms<\/p>\n\n\n\n<p>Project shortcut: CROESUS<\/p>\n\n\n\n<p>UPJ\u0160 coordinator:&nbsp;Ing. Jaroslav Majern\u00edk PhD.<\/p>\n\n\n\n<p>Project coordinator: <a title=\"IBA MU\" href=\"http:\/\/www.iba.muni.cz\/index-en.php\">Institute of Biostatistics and Analysis at Masaryk University<\/a>, Czech Republic. <a href=\"https:\/\/www.iba.muni.cz\/index.php\">https:\/\/www.iba.muni.cz\/index.php<\/a><\/p>\n\n\n\n<p>Project partners:<\/p>\n\n\n\n<ul class=\"wp-block-list\">\n<li><a title=\"IBA MU\" href=\"http:\/\/www.iba.muni.cz\/index-en.php\">Institute of Biostatistics and Analysis at Masaryk University<\/a> (Czech Republic)<\/li>\n\n\n\n<li>Univerzita Pavla Jozefa \u0160af\u00e1rika v&nbsp;Ko\u0161iciach, Lek\u00e1rska fakulta (Slovak Republic)<\/li>\n\n\n\n<li><a title=\"ELU SGUL\" href=\"http:\/\/www.elu.sgul.ac.uk\/\">Department of Medical education at St George&#8217;s University of London<\/a> (Great Britain)<\/li>\n<\/ul>\n\n\n\n<p>Duration: 9\/2014 &#8211; 8\/2016<\/p>\n\n\n\n<p>Goal \/ annotation: Medical education is unique in the sense that apart from ordinary teaching and learning interactions it includes the notion of clinical apprenticeship and the acquisition of clinical skills. CROESUS will change the old-fashioned way of teaching and move the clinical phase of medical education at participating institutions inside MEFANET (The Medical Faculties Network) from traditional classroom teaching approaches to active learning using self-directed, personalised collaborative learning environments.<\/p>\n\n\n\n<p>Web: <a href=\"http:\/\/www.croesus.eu\/index.php\">http:\/\/www.croesus.eu\/index.php<\/a><\/p>\n","protected":false},"excerpt":{"rendered":"<p>Project Title: Clinical reasoning skills enhancements with the use of simulations and algorithms Project shortcut: CROESUS UPJ\u0160 coordinator:&nbsp;Ing. Jaroslav Majern\u00edk PhD. Project coordinator: Institute of Biostatistics and Analysis at Masaryk University, Czech Republic. https:\/\/www.iba.muni.cz\/index.php Project partners: Duration: 9\/2014 &#8211; 8\/2016 Goal \/ annotation: Medical education is unique in the sense that apart from ordinary teaching &hellip; <a href=\"https:\/\/www.upjs.sk\/en\/information\/international-relations\/erasmus-projects\/14597-2\/\">Continued<\/a><\/p>\n","protected":false},"author":1,"featured_media":0,"parent":28033,"menu_order":2,"comment_status":"closed","ping_status":"closed","template":"","meta":{"_acf_changed":false,"_editorskit_title_hidden":false,"_editorskit_reading_time":1,"_editorskit_is_block_options_detached":false,"_editorskit_block_options_position":"{}","footnotes":""},"categories":[],"tags":[],"class_list":["post-40912","page","type-page","status-publish","hentry"],"acf":{"acf_link_na_externy_obsah":""},"yoast_head":"<!-- This site is optimized with the Yoast SEO plugin v27.4 - https:\/\/yoast.com\/product\/yoast-seo-wordpress\/ -->\n<title>Clinical reasoning skills enhancements with the use of simulations and algorithms (CROESUS) - UPJ\u0160 Ko\u0161ice<\/title>\n<meta name=\"robots\" content=\"index, follow, max-snippet:-1, max-image-preview:large, max-video-preview:-1\" \/>\n<link rel=\"canonical\" href=\"https:\/\/www.upjs.sk\/en\/information\/international-relations\/erasmus-projects\/14597-2\/\" \/>\n<meta property=\"og:locale\" content=\"en_US\" \/>\n<meta property=\"og:type\" content=\"article\" \/>\n<meta property=\"og:title\" content=\"Clinical reasoning skills enhancements with the use of simulations and algorithms (CROESUS) - UPJ\u0160 Ko\u0161ice\" \/>\n<meta property=\"og:description\" content=\"Project Title: Clinical reasoning skills enhancements with the use of simulations and algorithms Project shortcut: CROESUS UPJ\u0160 coordinator:&nbsp;Ing. Jaroslav Majern\u00edk PhD. Project coordinator: Institute of Biostatistics and Analysis at Masaryk University, Czech Republic. https:\/\/www.iba.muni.cz\/index.php Project partners: Duration: 9\/2014 &#8211; 8\/2016 Goal \/ annotation: Medical education is unique in the sense that apart from ordinary teaching &hellip; Continued\" \/>\n<meta property=\"og:url\" content=\"https:\/\/www.upjs.sk\/en\/information\/international-relations\/erasmus-projects\/14597-2\/\" \/>\n<meta property=\"og:site_name\" content=\"UPJ\u0160 Ko\u0161ice\" \/>\n<meta property=\"article:publisher\" content=\"https:\/\/www.facebook.com\/UniverzitaPavlaJozefaSafarikaVkosiciach\/\" \/>\n<meta property=\"article:modified_time\" content=\"2023-01-31T10:16:45+00:00\" \/>\n<meta name=\"twitter:card\" content=\"summary_large_image\" \/>\n<meta name=\"twitter:site\" content=\"@UPJS_kosice\" \/>\n<meta name=\"twitter:label1\" content=\"Est. reading time\" \/>\n\t<meta name=\"twitter:data1\" content=\"1 minute\" \/>\n<script type=\"application\/ld+json\" class=\"yoast-schema-graph\">{\"@context\":\"https:\\\/\\\/schema.org\",\"@graph\":[{\"@type\":\"WebPage\",\"@id\":\"https:\\\/\\\/www.upjs.sk\\\/en\\\/information\\\/international-relations\\\/erasmus-projects\\\/14597-2\\\/\",\"url\":\"https:\\\/\\\/www.upjs.sk\\\/en\\\/information\\\/international-relations\\\/erasmus-projects\\\/14597-2\\\/\",\"name\":\"Clinical reasoning skills enhancements with the use of simulations and algorithms (CROESUS) - UPJ\u0160 Ko\u0161ice\",\"isPartOf\":{\"@id\":\"https:\\\/\\\/www.upjs.sk\\\/en\\\/#website\"},\"datePublished\":\"2016-10-23T23:11:07+00:00\",\"dateModified\":\"2023-01-31T10:16:45+00:00\",\"breadcrumb\":{\"@id\":\"https:\\\/\\\/www.upjs.sk\\\/en\\\/information\\\/international-relations\\\/erasmus-projects\\\/14597-2\\\/#breadcrumb\"},\"inLanguage\":\"en-US\",\"potentialAction\":[{\"@type\":\"ReadAction\",\"target\":[\"https:\\\/\\\/www.upjs.sk\\\/en\\\/information\\\/international-relations\\\/erasmus-projects\\\/14597-2\\\/\"]}]},{\"@type\":\"BreadcrumbList\",\"@id\":\"https:\\\/\\\/www.upjs.sk\\\/en\\\/information\\\/international-relations\\\/erasmus-projects\\\/14597-2\\\/#breadcrumb\",\"itemListElement\":[{\"@type\":\"ListItem\",\"position\":1,\"name\":\"Home\",\"item\":\"https:\\\/\\\/www.upjs.sk\\\/en\\\/\"},{\"@type\":\"ListItem\",\"position\":2,\"name\":\"Information\",\"item\":\"https:\\\/\\\/www.upjs.sk\\\/en\\\/information\\\/\"},{\"@type\":\"ListItem\",\"position\":3,\"name\":\"International Relations\",\"item\":\"https:\\\/\\\/www.upjs.sk\\\/en\\\/information\\\/international-relations\\\/\"},{\"@type\":\"ListItem\",\"position\":4,\"name\":\"Erasmus+ Projects\",\"item\":\"https:\\\/\\\/www.upjs.sk\\\/en\\\/information\\\/international-relations\\\/erasmus-projects\\\/\"},{\"@type\":\"ListItem\",\"position\":5,\"name\":\"Clinical reasoning skills enhancements with the use of simulations and algorithms (CROESUS)\"}]},{\"@type\":\"WebSite\",\"@id\":\"https:\\\/\\\/www.upjs.sk\\\/en\\\/#website\",\"url\":\"https:\\\/\\\/www.upjs.sk\\\/en\\\/\",\"name\":\"UPJ\u0160 Ko\u0161ice\",\"description\":\"Wisdom of the Past, Knowledge of the Present, Education of the Future\",\"publisher\":{\"@id\":\"https:\\\/\\\/www.upjs.sk\\\/en\\\/#organization\"},\"potentialAction\":[{\"@type\":\"SearchAction\",\"target\":{\"@type\":\"EntryPoint\",\"urlTemplate\":\"https:\\\/\\\/www.upjs.sk\\\/en\\\/?s={search_term_string}\"},\"query-input\":{\"@type\":\"PropertyValueSpecification\",\"valueRequired\":true,\"valueName\":\"search_term_string\"}}],\"inLanguage\":\"en-US\"},{\"@type\":\"Organization\",\"@id\":\"https:\\\/\\\/www.upjs.sk\\\/en\\\/#organization\",\"name\":\"UPJ\u0160 Ko\u0161ice\",\"url\":\"https:\\\/\\\/www.upjs.sk\\\/en\\\/\",\"logo\":{\"@type\":\"ImageObject\",\"inLanguage\":\"en-US\",\"@id\":\"https:\\\/\\\/www.upjs.sk\\\/en\\\/#\\\/schema\\\/logo\\\/image\\\/\",\"url\":\"https:\\\/\\\/www.upjs.sk\\\/app\\\/uploads\\\/2023\\\/01\\\/UPJS_ENG_esymbol.svg\",\"contentUrl\":\"https:\\\/\\\/www.upjs.sk\\\/app\\\/uploads\\\/2023\\\/01\\\/UPJS_ENG_esymbol.svg\",\"width\":448,\"height\":139,\"caption\":\"UPJ\u0160 Ko\u0161ice\"},\"image\":{\"@id\":\"https:\\\/\\\/www.upjs.sk\\\/en\\\/#\\\/schema\\\/logo\\\/image\\\/\"},\"sameAs\":[\"https:\\\/\\\/www.facebook.com\\\/UniverzitaPavlaJozefaSafarikaVkosiciach\\\/\",\"https:\\\/\\\/x.com\\\/UPJS_kosice\",\"https:\\\/\\\/www.instagram.com\\\/upjs_kosice\",\"https:\\\/\\\/www.linkedin.com\\\/company\\\/pavol-jozef-afrik-university-in-koice\\\/\"]}]}<\/script>\n<!-- \/ Yoast SEO plugin. -->","yoast_head_json":{"title":"Clinical reasoning skills enhancements with the use of simulations and algorithms (CROESUS) - UPJ\u0160 Ko\u0161ice","robots":{"index":"index","follow":"follow","max-snippet":"max-snippet:-1","max-image-preview":"max-image-preview:large","max-video-preview":"max-video-preview:-1"},"canonical":"https:\/\/www.upjs.sk\/en\/information\/international-relations\/erasmus-projects\/14597-2\/","og_locale":"en_US","og_type":"article","og_title":"Clinical reasoning skills enhancements with the use of simulations and algorithms (CROESUS) - UPJ\u0160 Ko\u0161ice","og_description":"Project Title: Clinical reasoning skills enhancements with the use of simulations and algorithms Project shortcut: CROESUS UPJ\u0160 coordinator:&nbsp;Ing. Jaroslav Majern\u00edk PhD. Project coordinator: Institute of Biostatistics and Analysis at Masaryk University, Czech Republic. https:\/\/www.iba.muni.cz\/index.php Project partners: Duration: 9\/2014 &#8211; 8\/2016 Goal \/ annotation: Medical education is unique in the sense that apart from ordinary teaching &hellip; Continued","og_url":"https:\/\/www.upjs.sk\/en\/information\/international-relations\/erasmus-projects\/14597-2\/","og_site_name":"UPJ\u0160 Ko\u0161ice","article_publisher":"https:\/\/www.facebook.com\/UniverzitaPavlaJozefaSafarikaVkosiciach\/","article_modified_time":"2023-01-31T10:16:45+00:00","twitter_card":"summary_large_image","twitter_site":"@UPJS_kosice","twitter_misc":{"Est. reading time":"1 minute"},"schema":{"@context":"https:\/\/schema.org","@graph":[{"@type":"WebPage","@id":"https:\/\/www.upjs.sk\/en\/information\/international-relations\/erasmus-projects\/14597-2\/","url":"https:\/\/www.upjs.sk\/en\/information\/international-relations\/erasmus-projects\/14597-2\/","name":"Clinical reasoning skills enhancements with the use of simulations and algorithms (CROESUS) - UPJ\u0160 Ko\u0161ice","isPartOf":{"@id":"https:\/\/www.upjs.sk\/en\/#website"},"datePublished":"2016-10-23T23:11:07+00:00","dateModified":"2023-01-31T10:16:45+00:00","breadcrumb":{"@id":"https:\/\/www.upjs.sk\/en\/information\/international-relations\/erasmus-projects\/14597-2\/#breadcrumb"},"inLanguage":"en-US","potentialAction":[{"@type":"ReadAction","target":["https:\/\/www.upjs.sk\/en\/information\/international-relations\/erasmus-projects\/14597-2\/"]}]},{"@type":"BreadcrumbList","@id":"https:\/\/www.upjs.sk\/en\/information\/international-relations\/erasmus-projects\/14597-2\/#breadcrumb","itemListElement":[{"@type":"ListItem","position":1,"name":"Home","item":"https:\/\/www.upjs.sk\/en\/"},{"@type":"ListItem","position":2,"name":"Information","item":"https:\/\/www.upjs.sk\/en\/information\/"},{"@type":"ListItem","position":3,"name":"International Relations","item":"https:\/\/www.upjs.sk\/en\/information\/international-relations\/"},{"@type":"ListItem","position":4,"name":"Erasmus+ Projects","item":"https:\/\/www.upjs.sk\/en\/information\/international-relations\/erasmus-projects\/"},{"@type":"ListItem","position":5,"name":"Clinical reasoning skills enhancements with the use of simulations and algorithms (CROESUS)"}]},{"@type":"WebSite","@id":"https:\/\/www.upjs.sk\/en\/#website","url":"https:\/\/www.upjs.sk\/en\/","name":"UPJ\u0160 Ko\u0161ice","description":"Wisdom of the Past, Knowledge of the Present, Education of the Future","publisher":{"@id":"https:\/\/www.upjs.sk\/en\/#organization"},"potentialAction":[{"@type":"SearchAction","target":{"@type":"EntryPoint","urlTemplate":"https:\/\/www.upjs.sk\/en\/?s={search_term_string}"},"query-input":{"@type":"PropertyValueSpecification","valueRequired":true,"valueName":"search_term_string"}}],"inLanguage":"en-US"},{"@type":"Organization","@id":"https:\/\/www.upjs.sk\/en\/#organization","name":"UPJ\u0160 Ko\u0161ice","url":"https:\/\/www.upjs.sk\/en\/","logo":{"@type":"ImageObject","inLanguage":"en-US","@id":"https:\/\/www.upjs.sk\/en\/#\/schema\/logo\/image\/","url":"https:\/\/www.upjs.sk\/app\/uploads\/2023\/01\/UPJS_ENG_esymbol.svg","contentUrl":"https:\/\/www.upjs.sk\/app\/uploads\/2023\/01\/UPJS_ENG_esymbol.svg","width":448,"height":139,"caption":"UPJ\u0160 Ko\u0161ice"},"image":{"@id":"https:\/\/www.upjs.sk\/en\/#\/schema\/logo\/image\/"},"sameAs":["https:\/\/www.facebook.com\/UniverzitaPavlaJozefaSafarikaVkosiciach\/","https:\/\/x.com\/UPJS_kosice","https:\/\/www.instagram.com\/upjs_kosice","https:\/\/www.linkedin.com\/company\/pavol-jozef-afrik-university-in-koice\/"]}]}},"_links":{"self":[{"href":"https:\/\/www.upjs.sk\/en\/wp-json\/wp\/v2\/pages\/40912","targetHints":{"allow":["GET"]}}],"collection":[{"href":"https:\/\/www.upjs.sk\/en\/wp-json\/wp\/v2\/pages"}],"about":[{"href":"https:\/\/www.upjs.sk\/en\/wp-json\/wp\/v2\/types\/page"}],"author":[{"embeddable":true,"href":"https:\/\/www.upjs.sk\/en\/wp-json\/wp\/v2\/users\/1"}],"replies":[{"embeddable":true,"href":"https:\/\/www.upjs.sk\/en\/wp-json\/wp\/v2\/comments?post=40912"}],"version-history":[{"count":2,"href":"https:\/\/www.upjs.sk\/en\/wp-json\/wp\/v2\/pages\/40912\/revisions"}],"predecessor-version":[{"id":51799,"href":"https:\/\/www.upjs.sk\/en\/wp-json\/wp\/v2\/pages\/40912\/revisions\/51799"}],"up":[{"embeddable":true,"href":"https:\/\/www.upjs.sk\/en\/wp-json\/wp\/v2\/pages\/28033"}],"wp:attachment":[{"href":"https:\/\/www.upjs.sk\/en\/wp-json\/wp\/v2\/media?parent=40912"}],"wp:term":[{"taxonomy":"category","embeddable":true,"href":"https:\/\/www.upjs.sk\/en\/wp-json\/wp\/v2\/categories?post=40912"},{"taxonomy":"post_tag","embeddable":true,"href":"https:\/\/www.upjs.sk\/en\/wp-json\/wp\/v2\/tags?post=40912"}],"curies":[{"name":"wp","href":"https:\/\/api.w.org\/{rel}","templated":true}]}}