{"id":40925,"date":"2020-05-25T15:41:00","date_gmt":"2020-05-25T15:41:00","guid":{"rendered":"https:\/\/www.upjs.sk\/information\/international-relations-kat_id-328\/ranking-of-the-university-kat_id-2474\/best-global-universities-2020\/"},"modified":"2022-12-02T15:20:38","modified_gmt":"2022-12-02T14:20:38","slug":"best-global-universities","status":"publish","type":"page","link":"https:\/\/www.upjs.sk\/en\/information\/international-relations\/rankings\/best-global-universities\/","title":{"rendered":"Best Global Universities"},"content":{"rendered":"\n<p>The&nbsp;<a href=\"https:\/\/www.usnews.com\/education\/best-global-universities\/rankings\" target=\"_blank\" rel=\"noreferrer noopener\">Best Global Universities<\/a>&nbsp;rankings published by the&nbsp;U.S. News&nbsp;&amp; World Report rank universities based on&nbsp;13 indicators focused on mainly on research performance and reputation of universities. 1,500 universities from over 80 countries were ranked in the Best Global Universities 2020 published in&nbsp;fall 2019. Four universities from Slovakia were included in the rankings, namely Pavol Jozef \u0160af\u00e1rik University in Ko\u0161ice, Comenius University in Bratislava, the Slovak University of Technology in Bratislava, and the Technical University of Ko\u0161ice.<\/p>\n\n\n\n<p>Based on the overall evaluation, our university ranked 987th. Among&nbsp;53 universities of the&nbsp;V4, UPJ\u0160 placed 22nd.&nbsp;When comparing Czech and&nbsp;Slovak universities,&nbsp;UPJ\u0160 was the eighth best university out of&nbsp;16 and the second best among Slovak universities.<\/p>\n\n\n\n<figure class=\"wp-block-table is-style-stripes\"><table><thead><tr><th>Overall rank<\/th><th>Rank in CZ and SK<\/th><th>Country<\/th><th>Institution<\/th><\/tr><\/thead><tbody><tr><td>210<\/td><td>1<\/td><td>CZ<\/td><td>Charles University<\/td><\/tr><tr><td>465<\/td><td>2<\/td><td>CZ<\/td><td>Czech Technical University in Prague<\/td><\/tr><tr><td>519<\/td><td>3<\/td><td>CZ<\/td><td>Palack\u00fd University Olomouc<\/td><\/tr><tr><td>563<\/td><td>4<\/td><td>SK<\/td><td>Comenius University in Bratislava<\/td><\/tr><tr><td>577<\/td><td>5<\/td><td>CZ<\/td><td>Masaryk University<\/td><\/tr><tr><td>904<\/td><td>6<\/td><td>CZ<\/td><td>University of South Bohemia<\/td><\/tr><tr><td>921<\/td><td>7<\/td><td>CZ<\/td><td>Brno University of Technology<\/td><\/tr><tr><td><strong>987<\/strong><\/td><td><strong>8<\/strong><\/td><td><strong>SK<\/strong><\/td><td><strong>Pavol Jozef \u0160af\u00e1rik University in Ko\u0161ice<\/strong><\/td><\/tr><tr><td>1003<\/td><td>9<\/td><td>CZ<\/td><td>Czech University of Life Sciences Prague<\/td><\/tr><tr><td>1144<\/td><td>10<\/td><td>CZ<\/td><td>University of Chemistry and Technology, Prague<\/td><\/tr><tr><td>1223<\/td><td>11<\/td><td>SK<\/td><td>Slovak University of Technology in Bratislava<\/td><\/tr><tr><td>1228<\/td><td>12<\/td><td>CZ<\/td><td>Mendel University in Brno<\/td><\/tr><tr><td>1333<\/td><td>13<\/td><td>CZ<\/td><td>VSB &#8211; Technical University of Ostrava<\/td><\/tr><tr><td>1390<\/td><td>14<\/td><td>CZ<\/td><td>University of West Bohemia<\/td><\/tr><tr><td>1471<\/td><td>15<\/td><td>CZ<\/td><td>University of Pardubice<\/td><\/tr><tr><td>1476<\/td><td>16<\/td><td>SK<\/td><td>Technical University of Ko\u0161ice<\/td><\/tr><\/tbody><\/table><\/figure>\n","protected":false},"excerpt":{"rendered":"<p>The&nbsp;Best Global Universities&nbsp;rankings published by the&nbsp;U.S. News&nbsp;&amp; World Report rank universities based on&nbsp;13 indicators focused on mainly on research performance and reputation of universities. 1,500 universities from over 80 countries were ranked in the Best Global Universities 2020 published in&nbsp;fall 2019. Four universities from Slovakia were included in the rankings, namely Pavol Jozef \u0160af\u00e1rik University &hellip; <a href=\"https:\/\/www.upjs.sk\/en\/information\/international-relations\/rankings\/best-global-universities\/\">Continued<\/a><\/p>\n","protected":false},"author":1,"featured_media":0,"parent":28088,"menu_order":8,"comment_status":"closed","ping_status":"closed","template":"","meta":{"_acf_changed":false,"_editorskit_title_hidden":false,"_editorskit_reading_time":1,"_editorskit_is_block_options_detached":false,"_editorskit_block_options_position":"{}","footnotes":""},"categories":[],"tags":[],"class_list":["post-40925","page","type-page","status-publish","hentry"],"acf":{"acf_link_na_externy_obsah":""},"yoast_head":"<!-- This site is optimized with the Yoast SEO plugin v27.2 - https:\/\/yoast.com\/product\/yoast-seo-wordpress\/ -->\n<title>Best Global Universities - UPJ\u0160 Ko\u0161ice<\/title>\n<meta name=\"robots\" content=\"index, follow, max-snippet:-1, max-image-preview:large, max-video-preview:-1\" \/>\n<link rel=\"canonical\" href=\"https:\/\/www.upjs.sk\/en\/information\/international-relations\/rankings\/best-global-universities\/\" \/>\n<meta property=\"og:locale\" content=\"en_US\" \/>\n<meta property=\"og:type\" content=\"article\" \/>\n<meta property=\"og:title\" content=\"Best Global Universities - UPJ\u0160 Ko\u0161ice\" \/>\n<meta property=\"og:description\" content=\"The&nbsp;Best Global Universities&nbsp;rankings published by the&nbsp;U.S. News&nbsp;&amp; World Report rank universities based on&nbsp;13 indicators focused on mainly on research performance and reputation of universities. 1,500 universities from over 80 countries were ranked in the Best Global Universities 2020 published in&nbsp;fall 2019. Four universities from Slovakia were included in the rankings, namely Pavol Jozef \u0160af\u00e1rik University &hellip; Continued\" \/>\n<meta property=\"og:url\" content=\"https:\/\/www.upjs.sk\/en\/information\/international-relations\/rankings\/best-global-universities\/\" \/>\n<meta property=\"og:site_name\" content=\"UPJ\u0160 Ko\u0161ice\" \/>\n<meta property=\"article:publisher\" content=\"https:\/\/www.facebook.com\/UniverzitaPavlaJozefaSafarikaVkosiciach\/\" \/>\n<meta property=\"article:modified_time\" content=\"2022-12-02T14:20:38+00:00\" \/>\n<meta name=\"twitter:card\" content=\"summary_large_image\" \/>\n<meta name=\"twitter:site\" content=\"@UPJS_kosice\" \/>\n<meta name=\"twitter:label1\" content=\"Est. reading time\" \/>\n\t<meta name=\"twitter:data1\" content=\"2 minutes\" \/>\n<script type=\"application\/ld+json\" class=\"yoast-schema-graph\">{\"@context\":\"https:\/\/schema.org\",\"@graph\":[{\"@type\":\"WebPage\",\"@id\":\"https:\/\/www.upjs.sk\/en\/information\/international-relations\/rankings\/best-global-universities\/\",\"url\":\"https:\/\/www.upjs.sk\/en\/information\/international-relations\/rankings\/best-global-universities\/\",\"name\":\"Best Global Universities - UPJ\u0160 Ko\u0161ice\",\"isPartOf\":{\"@id\":\"https:\/\/www.upjs.sk\/en\/#website\"},\"datePublished\":\"2020-05-25T15:41:00+00:00\",\"dateModified\":\"2022-12-02T14:20:38+00:00\",\"breadcrumb\":{\"@id\":\"https:\/\/www.upjs.sk\/en\/information\/international-relations\/rankings\/best-global-universities\/#breadcrumb\"},\"inLanguage\":\"en-US\",\"potentialAction\":[{\"@type\":\"ReadAction\",\"target\":[\"https:\/\/www.upjs.sk\/en\/information\/international-relations\/rankings\/best-global-universities\/\"]}]},{\"@type\":\"BreadcrumbList\",\"@id\":\"https:\/\/www.upjs.sk\/en\/information\/international-relations\/rankings\/best-global-universities\/#breadcrumb\",\"itemListElement\":[{\"@type\":\"ListItem\",\"position\":1,\"name\":\"Home\",\"item\":\"https:\/\/www.upjs.sk\/en\/\"},{\"@type\":\"ListItem\",\"position\":2,\"name\":\"Information\",\"item\":\"https:\/\/www.upjs.sk\/en\/information\/\"},{\"@type\":\"ListItem\",\"position\":3,\"name\":\"International Relations\",\"item\":\"https:\/\/www.upjs.sk\/en\/information\/international-relations\/\"},{\"@type\":\"ListItem\",\"position\":4,\"name\":\"Rankings\",\"item\":\"https:\/\/www.upjs.sk\/en\/information\/international-relations\/rankings\/\"},{\"@type\":\"ListItem\",\"position\":5,\"name\":\"Best Global Universities\"}]},{\"@type\":\"WebSite\",\"@id\":\"https:\/\/www.upjs.sk\/en\/#website\",\"url\":\"https:\/\/www.upjs.sk\/en\/\",\"name\":\"UPJ\u0160 Ko\u0161ice\",\"description\":\"Wisdom of the Past, Knowledge of the Present, Education of the Future\",\"publisher\":{\"@id\":\"https:\/\/www.upjs.sk\/en\/#organization\"},\"potentialAction\":[{\"@type\":\"SearchAction\",\"target\":{\"@type\":\"EntryPoint\",\"urlTemplate\":\"https:\/\/www.upjs.sk\/en\/?s={search_term_string}\"},\"query-input\":{\"@type\":\"PropertyValueSpecification\",\"valueRequired\":true,\"valueName\":\"search_term_string\"}}],\"inLanguage\":\"en-US\"},{\"@type\":\"Organization\",\"@id\":\"https:\/\/www.upjs.sk\/en\/#organization\",\"name\":\"UPJ\u0160 Ko\u0161ice\",\"url\":\"https:\/\/www.upjs.sk\/en\/\",\"logo\":{\"@type\":\"ImageObject\",\"inLanguage\":\"en-US\",\"@id\":\"https:\/\/www.upjs.sk\/en\/#\/schema\/logo\/image\/\",\"url\":\"https:\/\/www.upjs.sk\/app\/uploads\/2023\/01\/UPJS_ENG_esymbol.svg\",\"contentUrl\":\"https:\/\/www.upjs.sk\/app\/uploads\/2023\/01\/UPJS_ENG_esymbol.svg\",\"width\":448,\"height\":139,\"caption\":\"UPJ\u0160 Ko\u0161ice\"},\"image\":{\"@id\":\"https:\/\/www.upjs.sk\/en\/#\/schema\/logo\/image\/\"},\"sameAs\":[\"https:\/\/www.facebook.com\/UniverzitaPavlaJozefaSafarikaVkosiciach\/\",\"https:\/\/x.com\/UPJS_kosice\",\"https:\/\/www.instagram.com\/upjs_kosice\",\"https:\/\/www.linkedin.com\/company\/pavol-jozef-afrik-university-in-koice\/\"]}]}<\/script>\n<!-- \/ Yoast SEO plugin. -->","yoast_head_json":{"title":"Best Global Universities - UPJ\u0160 Ko\u0161ice","robots":{"index":"index","follow":"follow","max-snippet":"max-snippet:-1","max-image-preview":"max-image-preview:large","max-video-preview":"max-video-preview:-1"},"canonical":"https:\/\/www.upjs.sk\/en\/information\/international-relations\/rankings\/best-global-universities\/","og_locale":"en_US","og_type":"article","og_title":"Best Global Universities - UPJ\u0160 Ko\u0161ice","og_description":"The&nbsp;Best Global Universities&nbsp;rankings published by the&nbsp;U.S. News&nbsp;&amp; World Report rank universities based on&nbsp;13 indicators focused on mainly on research performance and reputation of universities. 1,500 universities from over 80 countries were ranked in the Best Global Universities 2020 published in&nbsp;fall 2019. Four universities from Slovakia were included in the rankings, namely Pavol Jozef \u0160af\u00e1rik University &hellip; Continued","og_url":"https:\/\/www.upjs.sk\/en\/information\/international-relations\/rankings\/best-global-universities\/","og_site_name":"UPJ\u0160 Ko\u0161ice","article_publisher":"https:\/\/www.facebook.com\/UniverzitaPavlaJozefaSafarikaVkosiciach\/","article_modified_time":"2022-12-02T14:20:38+00:00","twitter_card":"summary_large_image","twitter_site":"@UPJS_kosice","twitter_misc":{"Est. reading time":"2 minutes"},"schema":{"@context":"https:\/\/schema.org","@graph":[{"@type":"WebPage","@id":"https:\/\/www.upjs.sk\/en\/information\/international-relations\/rankings\/best-global-universities\/","url":"https:\/\/www.upjs.sk\/en\/information\/international-relations\/rankings\/best-global-universities\/","name":"Best Global Universities - UPJ\u0160 Ko\u0161ice","isPartOf":{"@id":"https:\/\/www.upjs.sk\/en\/#website"},"datePublished":"2020-05-25T15:41:00+00:00","dateModified":"2022-12-02T14:20:38+00:00","breadcrumb":{"@id":"https:\/\/www.upjs.sk\/en\/information\/international-relations\/rankings\/best-global-universities\/#breadcrumb"},"inLanguage":"en-US","potentialAction":[{"@type":"ReadAction","target":["https:\/\/www.upjs.sk\/en\/information\/international-relations\/rankings\/best-global-universities\/"]}]},{"@type":"BreadcrumbList","@id":"https:\/\/www.upjs.sk\/en\/information\/international-relations\/rankings\/best-global-universities\/#breadcrumb","itemListElement":[{"@type":"ListItem","position":1,"name":"Home","item":"https:\/\/www.upjs.sk\/en\/"},{"@type":"ListItem","position":2,"name":"Information","item":"https:\/\/www.upjs.sk\/en\/information\/"},{"@type":"ListItem","position":3,"name":"International Relations","item":"https:\/\/www.upjs.sk\/en\/information\/international-relations\/"},{"@type":"ListItem","position":4,"name":"Rankings","item":"https:\/\/www.upjs.sk\/en\/information\/international-relations\/rankings\/"},{"@type":"ListItem","position":5,"name":"Best Global Universities"}]},{"@type":"WebSite","@id":"https:\/\/www.upjs.sk\/en\/#website","url":"https:\/\/www.upjs.sk\/en\/","name":"UPJ\u0160 Ko\u0161ice","description":"Wisdom of the Past, Knowledge of the Present, Education of the Future","publisher":{"@id":"https:\/\/www.upjs.sk\/en\/#organization"},"potentialAction":[{"@type":"SearchAction","target":{"@type":"EntryPoint","urlTemplate":"https:\/\/www.upjs.sk\/en\/?s={search_term_string}"},"query-input":{"@type":"PropertyValueSpecification","valueRequired":true,"valueName":"search_term_string"}}],"inLanguage":"en-US"},{"@type":"Organization","@id":"https:\/\/www.upjs.sk\/en\/#organization","name":"UPJ\u0160 Ko\u0161ice","url":"https:\/\/www.upjs.sk\/en\/","logo":{"@type":"ImageObject","inLanguage":"en-US","@id":"https:\/\/www.upjs.sk\/en\/#\/schema\/logo\/image\/","url":"https:\/\/www.upjs.sk\/app\/uploads\/2023\/01\/UPJS_ENG_esymbol.svg","contentUrl":"https:\/\/www.upjs.sk\/app\/uploads\/2023\/01\/UPJS_ENG_esymbol.svg","width":448,"height":139,"caption":"UPJ\u0160 Ko\u0161ice"},"image":{"@id":"https:\/\/www.upjs.sk\/en\/#\/schema\/logo\/image\/"},"sameAs":["https:\/\/www.facebook.com\/UniverzitaPavlaJozefaSafarikaVkosiciach\/","https:\/\/x.com\/UPJS_kosice","https:\/\/www.instagram.com\/upjs_kosice","https:\/\/www.linkedin.com\/company\/pavol-jozef-afrik-university-in-koice\/"]}]}},"_links":{"self":[{"href":"https:\/\/www.upjs.sk\/en\/wp-json\/wp\/v2\/pages\/40925","targetHints":{"allow":["GET"]}}],"collection":[{"href":"https:\/\/www.upjs.sk\/en\/wp-json\/wp\/v2\/pages"}],"about":[{"href":"https:\/\/www.upjs.sk\/en\/wp-json\/wp\/v2\/types\/page"}],"author":[{"embeddable":true,"href":"https:\/\/www.upjs.sk\/en\/wp-json\/wp\/v2\/users\/1"}],"replies":[{"embeddable":true,"href":"https:\/\/www.upjs.sk\/en\/wp-json\/wp\/v2\/comments?post=40925"}],"version-history":[{"count":1,"href":"https:\/\/www.upjs.sk\/en\/wp-json\/wp\/v2\/pages\/40925\/revisions"}],"predecessor-version":[{"id":45183,"href":"https:\/\/www.upjs.sk\/en\/wp-json\/wp\/v2\/pages\/40925\/revisions\/45183"}],"up":[{"embeddable":true,"href":"https:\/\/www.upjs.sk\/en\/wp-json\/wp\/v2\/pages\/28088"}],"wp:attachment":[{"href":"https:\/\/www.upjs.sk\/en\/wp-json\/wp\/v2\/media?parent=40925"}],"wp:term":[{"taxonomy":"category","embeddable":true,"href":"https:\/\/www.upjs.sk\/en\/wp-json\/wp\/v2\/categories?post=40925"},{"taxonomy":"post_tag","embeddable":true,"href":"https:\/\/www.upjs.sk\/en\/wp-json\/wp\/v2\/tags?post=40925"}],"curies":[{"name":"wp","href":"https:\/\/api.w.org\/{rel}","templated":true}]}}