{"id":40931,"date":"2020-05-25T19:13:04","date_gmt":"2020-05-25T19:13:04","guid":{"rendered":"https:\/\/www.upjs.sk\/information\/international-relations-kat_id-328\/ranking-of-the-university-kat_id-2474\/urap-2019-2020\/"},"modified":"2023-01-27T08:05:04","modified_gmt":"2023-01-27T07:05:04","slug":"urap","status":"publish","type":"page","link":"https:\/\/www.upjs.sk\/en\/information\/international-relations\/rankings\/urap\/","title":{"rendered":"University Ranking by Academic Performance"},"content":{"rendered":"\n<p><a href=\"https:\/\/www.urapcenter.org\/\" target=\"_blank\" rel=\"noreferrer noopener\">URAP<\/a>&nbsp;or&nbsp;University Ranking by Academic Performance evaluates universities based on their academic perfomence using data from&nbsp;the Web of Science and InCites. The&nbsp;URAP rankings published in december 2019 consisted of&nbsp;2,500 universities&nbsp;from&nbsp;116 countries, making it one of the most comprehensive&nbsp;ranking systems in the world.<\/p>\n\n\n\n<p>Based on the overall score, UPJ\u0160 ranked 1232nd.&nbsp;Out of the 25 Czech and Slovak universities that were included in URAP 2019-2020, our university placed&nbsp;11th and, at the same time, it received the third best score from among the seven Slovak universities, which were selected for&nbsp;the world ranking based on their scores.<\/p>\n\n\n\n<figure class=\"wp-block-table is-style-stripes\"><table><thead><tr><th>Overall rank<\/th><th>Ranking in CZ and SK<\/th><th>Country<\/th><th>Institution<\/th><\/tr><\/thead><tbody><tr><td>185<\/td><td>1<\/td><td>CZ<\/td><td>Charles University<\/td><\/tr><tr><td>487<\/td><td>2<\/td><td>CZ<\/td><td>Masaryk University<\/td><\/tr><tr><td>631<\/td><td>3<\/td><td>CZ<\/td><td>Palack\u00fd University Olomouc<\/td><\/tr><tr><td>669<\/td><td>4<\/td><td>CZ<\/td><td>Czech Technical University in Prague<\/td><\/tr><tr><td>720<\/td><td>5<\/td><td>SK<\/td><td>Comenius University in Bratislava<\/td><\/tr><tr><td>813<\/td><td>6<\/td><td>CZ<\/td><td>Brno University of Technology<\/td><\/tr><tr><td>917<\/td><td>7<\/td><td>CZ<\/td><td>University of Chemistry and Technology, Prague<\/td><\/tr><tr><td>941<\/td><td>8<\/td><td>CZ<\/td><td>University of South Bohemia<\/td><\/tr><tr><td>979<\/td><td>9<\/td><td>CZ<\/td><td>Czech University of Life Sciences Prague<\/td><\/tr><tr><td>1157<\/td><td>10<\/td><td>SK<\/td><td>Slovak University of Technology in Bratislava<\/td><\/tr><tr><td><strong>1232<\/strong><\/td><td><strong>11<\/strong><\/td><td><strong>SK<\/strong><\/td><td><strong>Pavol Jozef \u0160af\u00e1rik University in Ko\u0161ice<\/strong><\/td><\/tr><tr><td>1379<\/td><td>12<\/td><td>CZ<\/td><td>VSB &#8211; Technical University of Ostrava<\/td><\/tr><tr><td>1478<\/td><td>13<\/td><td>CZ<\/td><td>Mendel University in Brno<\/td><\/tr><tr><td>1507<\/td><td>14<\/td><td>CZ<\/td><td>University of West Bohemia<\/td><\/tr><tr><td>1527<\/td><td>15<\/td><td>CZ<\/td><td>University of Pardubice<\/td><\/tr><tr><td>1552<\/td><td>16<\/td><td>CZ<\/td><td>University of Ostrava<\/td><\/tr><tr><td>1689<\/td><td>17<\/td><td>SK<\/td><td>Technical University of Ko\u0161ice<\/td><\/tr><tr><td>1943<\/td><td>18<\/td><td>CZ<\/td><td>Tomas Bata University in Zl\u00edn<\/td><\/tr><tr><td>2003<\/td><td>19<\/td><td>CZ<\/td><td>University of Veterinary and Pharmaceutical Sciences Brno<\/td><\/tr><tr><td>2005<\/td><td>20<\/td><td>CZ<\/td><td>Technical University of Liberec<\/td><\/tr><tr><td>2219<\/td><td>21<\/td><td>SK<\/td><td>Technical University in Zvolen<\/td><\/tr><tr><td>2279<\/td><td>22<\/td><td>CZ<\/td><td>University of Hradec Kr\u00e1lov\u00e9<\/td><\/tr><tr><td>2318<\/td><td>23<\/td><td>SK<\/td><td>Slovak Medical University in Bratislava<\/td><\/tr><tr><td>2391<\/td><td>24<\/td><td>CZ<\/td><td>Jan Evangelista Purkyn\u011b University in \u00dast\u00ed nad Labem<\/td><\/tr><tr><td>2420<\/td><td>25<\/td><td>SK<\/td><td>Slovak University of Agriculture in Nitra<\/td><\/tr><\/tbody><\/table><\/figure>\n","protected":false},"excerpt":{"rendered":"<p>URAP&nbsp;or&nbsp;University Ranking by Academic Performance evaluates universities based on their academic perfomence using data from&nbsp;the Web of Science and InCites. The&nbsp;URAP rankings published in december 2019 consisted of&nbsp;2,500 universities&nbsp;from&nbsp;116 countries, making it one of the most comprehensive&nbsp;ranking systems in the world. Based on the overall score, UPJ\u0160 ranked 1232nd.&nbsp;Out of the 25 Czech and Slovak &hellip; <a href=\"https:\/\/www.upjs.sk\/en\/information\/international-relations\/rankings\/urap\/\">Continued<\/a><\/p>\n","protected":false},"author":1,"featured_media":0,"parent":28088,"menu_order":2,"comment_status":"closed","ping_status":"closed","template":"","meta":{"_acf_changed":false,"_editorskit_title_hidden":false,"_editorskit_reading_time":1,"_editorskit_is_block_options_detached":false,"_editorskit_block_options_position":"{}","footnotes":""},"categories":[],"tags":[],"class_list":["post-40931","page","type-page","status-publish","hentry"],"acf":{"acf_link_na_externy_obsah":""},"yoast_head":"<!-- This site is optimized with the Yoast SEO plugin v27.2 - https:\/\/yoast.com\/product\/yoast-seo-wordpress\/ -->\n<title>University Ranking by Academic Performance - UPJ\u0160 Ko\u0161ice<\/title>\n<meta name=\"robots\" content=\"index, follow, max-snippet:-1, max-image-preview:large, max-video-preview:-1\" \/>\n<link rel=\"canonical\" href=\"https:\/\/www.upjs.sk\/en\/information\/international-relations\/rankings\/urap\/\" \/>\n<meta property=\"og:locale\" content=\"en_US\" \/>\n<meta property=\"og:type\" content=\"article\" \/>\n<meta property=\"og:title\" content=\"University Ranking by Academic Performance - UPJ\u0160 Ko\u0161ice\" \/>\n<meta property=\"og:description\" content=\"URAP&nbsp;or&nbsp;University Ranking by Academic Performance evaluates universities based on their academic perfomence using data from&nbsp;the Web of Science and InCites. The&nbsp;URAP rankings published in december 2019 consisted of&nbsp;2,500 universities&nbsp;from&nbsp;116 countries, making it one of the most comprehensive&nbsp;ranking systems in the world. Based on the overall score, UPJ\u0160 ranked 1232nd.&nbsp;Out of the 25 Czech and Slovak &hellip; Continued\" \/>\n<meta property=\"og:url\" content=\"https:\/\/www.upjs.sk\/en\/information\/international-relations\/rankings\/urap\/\" \/>\n<meta property=\"og:site_name\" content=\"UPJ\u0160 Ko\u0161ice\" \/>\n<meta property=\"article:publisher\" content=\"https:\/\/www.facebook.com\/UniverzitaPavlaJozefaSafarikaVkosiciach\/\" \/>\n<meta property=\"article:modified_time\" content=\"2023-01-27T07:05:04+00:00\" \/>\n<meta name=\"twitter:card\" content=\"summary_large_image\" \/>\n<meta name=\"twitter:site\" content=\"@UPJS_kosice\" \/>\n<meta name=\"twitter:label1\" content=\"Est. reading time\" \/>\n\t<meta name=\"twitter:data1\" content=\"2 minutes\" \/>\n<script type=\"application\/ld+json\" class=\"yoast-schema-graph\">{\"@context\":\"https:\/\/schema.org\",\"@graph\":[{\"@type\":\"WebPage\",\"@id\":\"https:\/\/www.upjs.sk\/en\/information\/international-relations\/rankings\/urap\/\",\"url\":\"https:\/\/www.upjs.sk\/en\/information\/international-relations\/rankings\/urap\/\",\"name\":\"University Ranking by Academic Performance - UPJ\u0160 Ko\u0161ice\",\"isPartOf\":{\"@id\":\"https:\/\/www.upjs.sk\/en\/#website\"},\"datePublished\":\"2020-05-25T19:13:04+00:00\",\"dateModified\":\"2023-01-27T07:05:04+00:00\",\"breadcrumb\":{\"@id\":\"https:\/\/www.upjs.sk\/en\/information\/international-relations\/rankings\/urap\/#breadcrumb\"},\"inLanguage\":\"en-US\",\"potentialAction\":[{\"@type\":\"ReadAction\",\"target\":[\"https:\/\/www.upjs.sk\/en\/information\/international-relations\/rankings\/urap\/\"]}]},{\"@type\":\"BreadcrumbList\",\"@id\":\"https:\/\/www.upjs.sk\/en\/information\/international-relations\/rankings\/urap\/#breadcrumb\",\"itemListElement\":[{\"@type\":\"ListItem\",\"position\":1,\"name\":\"Home\",\"item\":\"https:\/\/www.upjs.sk\/en\/\"},{\"@type\":\"ListItem\",\"position\":2,\"name\":\"Information\",\"item\":\"https:\/\/www.upjs.sk\/en\/information\/\"},{\"@type\":\"ListItem\",\"position\":3,\"name\":\"International Relations\",\"item\":\"https:\/\/www.upjs.sk\/en\/information\/international-relations\/\"},{\"@type\":\"ListItem\",\"position\":4,\"name\":\"Rankings\",\"item\":\"https:\/\/www.upjs.sk\/en\/information\/international-relations\/rankings\/\"},{\"@type\":\"ListItem\",\"position\":5,\"name\":\"University Ranking by Academic Performance\"}]},{\"@type\":\"WebSite\",\"@id\":\"https:\/\/www.upjs.sk\/en\/#website\",\"url\":\"https:\/\/www.upjs.sk\/en\/\",\"name\":\"UPJ\u0160 Ko\u0161ice\",\"description\":\"Wisdom of the Past, Knowledge of the Present, Education of the Future\",\"publisher\":{\"@id\":\"https:\/\/www.upjs.sk\/en\/#organization\"},\"potentialAction\":[{\"@type\":\"SearchAction\",\"target\":{\"@type\":\"EntryPoint\",\"urlTemplate\":\"https:\/\/www.upjs.sk\/en\/?s={search_term_string}\"},\"query-input\":{\"@type\":\"PropertyValueSpecification\",\"valueRequired\":true,\"valueName\":\"search_term_string\"}}],\"inLanguage\":\"en-US\"},{\"@type\":\"Organization\",\"@id\":\"https:\/\/www.upjs.sk\/en\/#organization\",\"name\":\"UPJ\u0160 Ko\u0161ice\",\"url\":\"https:\/\/www.upjs.sk\/en\/\",\"logo\":{\"@type\":\"ImageObject\",\"inLanguage\":\"en-US\",\"@id\":\"https:\/\/www.upjs.sk\/en\/#\/schema\/logo\/image\/\",\"url\":\"https:\/\/www.upjs.sk\/app\/uploads\/2023\/01\/UPJS_ENG_esymbol.svg\",\"contentUrl\":\"https:\/\/www.upjs.sk\/app\/uploads\/2023\/01\/UPJS_ENG_esymbol.svg\",\"width\":448,\"height\":139,\"caption\":\"UPJ\u0160 Ko\u0161ice\"},\"image\":{\"@id\":\"https:\/\/www.upjs.sk\/en\/#\/schema\/logo\/image\/\"},\"sameAs\":[\"https:\/\/www.facebook.com\/UniverzitaPavlaJozefaSafarikaVkosiciach\/\",\"https:\/\/x.com\/UPJS_kosice\",\"https:\/\/www.instagram.com\/upjs_kosice\",\"https:\/\/www.linkedin.com\/company\/pavol-jozef-afrik-university-in-koice\/\"]}]}<\/script>\n<!-- \/ Yoast SEO plugin. -->","yoast_head_json":{"title":"University Ranking by Academic Performance - UPJ\u0160 Ko\u0161ice","robots":{"index":"index","follow":"follow","max-snippet":"max-snippet:-1","max-image-preview":"max-image-preview:large","max-video-preview":"max-video-preview:-1"},"canonical":"https:\/\/www.upjs.sk\/en\/information\/international-relations\/rankings\/urap\/","og_locale":"en_US","og_type":"article","og_title":"University Ranking by Academic Performance - UPJ\u0160 Ko\u0161ice","og_description":"URAP&nbsp;or&nbsp;University Ranking by Academic Performance evaluates universities based on their academic perfomence using data from&nbsp;the Web of Science and InCites. The&nbsp;URAP rankings published in december 2019 consisted of&nbsp;2,500 universities&nbsp;from&nbsp;116 countries, making it one of the most comprehensive&nbsp;ranking systems in the world. Based on the overall score, UPJ\u0160 ranked 1232nd.&nbsp;Out of the 25 Czech and Slovak &hellip; Continued","og_url":"https:\/\/www.upjs.sk\/en\/information\/international-relations\/rankings\/urap\/","og_site_name":"UPJ\u0160 Ko\u0161ice","article_publisher":"https:\/\/www.facebook.com\/UniverzitaPavlaJozefaSafarikaVkosiciach\/","article_modified_time":"2023-01-27T07:05:04+00:00","twitter_card":"summary_large_image","twitter_site":"@UPJS_kosice","twitter_misc":{"Est. reading time":"2 minutes"},"schema":{"@context":"https:\/\/schema.org","@graph":[{"@type":"WebPage","@id":"https:\/\/www.upjs.sk\/en\/information\/international-relations\/rankings\/urap\/","url":"https:\/\/www.upjs.sk\/en\/information\/international-relations\/rankings\/urap\/","name":"University Ranking by Academic Performance - UPJ\u0160 Ko\u0161ice","isPartOf":{"@id":"https:\/\/www.upjs.sk\/en\/#website"},"datePublished":"2020-05-25T19:13:04+00:00","dateModified":"2023-01-27T07:05:04+00:00","breadcrumb":{"@id":"https:\/\/www.upjs.sk\/en\/information\/international-relations\/rankings\/urap\/#breadcrumb"},"inLanguage":"en-US","potentialAction":[{"@type":"ReadAction","target":["https:\/\/www.upjs.sk\/en\/information\/international-relations\/rankings\/urap\/"]}]},{"@type":"BreadcrumbList","@id":"https:\/\/www.upjs.sk\/en\/information\/international-relations\/rankings\/urap\/#breadcrumb","itemListElement":[{"@type":"ListItem","position":1,"name":"Home","item":"https:\/\/www.upjs.sk\/en\/"},{"@type":"ListItem","position":2,"name":"Information","item":"https:\/\/www.upjs.sk\/en\/information\/"},{"@type":"ListItem","position":3,"name":"International Relations","item":"https:\/\/www.upjs.sk\/en\/information\/international-relations\/"},{"@type":"ListItem","position":4,"name":"Rankings","item":"https:\/\/www.upjs.sk\/en\/information\/international-relations\/rankings\/"},{"@type":"ListItem","position":5,"name":"University Ranking by Academic Performance"}]},{"@type":"WebSite","@id":"https:\/\/www.upjs.sk\/en\/#website","url":"https:\/\/www.upjs.sk\/en\/","name":"UPJ\u0160 Ko\u0161ice","description":"Wisdom of the Past, Knowledge of the Present, Education of the Future","publisher":{"@id":"https:\/\/www.upjs.sk\/en\/#organization"},"potentialAction":[{"@type":"SearchAction","target":{"@type":"EntryPoint","urlTemplate":"https:\/\/www.upjs.sk\/en\/?s={search_term_string}"},"query-input":{"@type":"PropertyValueSpecification","valueRequired":true,"valueName":"search_term_string"}}],"inLanguage":"en-US"},{"@type":"Organization","@id":"https:\/\/www.upjs.sk\/en\/#organization","name":"UPJ\u0160 Ko\u0161ice","url":"https:\/\/www.upjs.sk\/en\/","logo":{"@type":"ImageObject","inLanguage":"en-US","@id":"https:\/\/www.upjs.sk\/en\/#\/schema\/logo\/image\/","url":"https:\/\/www.upjs.sk\/app\/uploads\/2023\/01\/UPJS_ENG_esymbol.svg","contentUrl":"https:\/\/www.upjs.sk\/app\/uploads\/2023\/01\/UPJS_ENG_esymbol.svg","width":448,"height":139,"caption":"UPJ\u0160 Ko\u0161ice"},"image":{"@id":"https:\/\/www.upjs.sk\/en\/#\/schema\/logo\/image\/"},"sameAs":["https:\/\/www.facebook.com\/UniverzitaPavlaJozefaSafarikaVkosiciach\/","https:\/\/x.com\/UPJS_kosice","https:\/\/www.instagram.com\/upjs_kosice","https:\/\/www.linkedin.com\/company\/pavol-jozef-afrik-university-in-koice\/"]}]}},"_links":{"self":[{"href":"https:\/\/www.upjs.sk\/en\/wp-json\/wp\/v2\/pages\/40931","targetHints":{"allow":["GET"]}}],"collection":[{"href":"https:\/\/www.upjs.sk\/en\/wp-json\/wp\/v2\/pages"}],"about":[{"href":"https:\/\/www.upjs.sk\/en\/wp-json\/wp\/v2\/types\/page"}],"author":[{"embeddable":true,"href":"https:\/\/www.upjs.sk\/en\/wp-json\/wp\/v2\/users\/1"}],"replies":[{"embeddable":true,"href":"https:\/\/www.upjs.sk\/en\/wp-json\/wp\/v2\/comments?post=40931"}],"version-history":[{"count":1,"href":"https:\/\/www.upjs.sk\/en\/wp-json\/wp\/v2\/pages\/40931\/revisions"}],"predecessor-version":[{"id":45180,"href":"https:\/\/www.upjs.sk\/en\/wp-json\/wp\/v2\/pages\/40931\/revisions\/45180"}],"up":[{"embeddable":true,"href":"https:\/\/www.upjs.sk\/en\/wp-json\/wp\/v2\/pages\/28088"}],"wp:attachment":[{"href":"https:\/\/www.upjs.sk\/en\/wp-json\/wp\/v2\/media?parent=40931"}],"wp:term":[{"taxonomy":"category","embeddable":true,"href":"https:\/\/www.upjs.sk\/en\/wp-json\/wp\/v2\/categories?post=40931"},{"taxonomy":"post_tag","embeddable":true,"href":"https:\/\/www.upjs.sk\/en\/wp-json\/wp\/v2\/tags?post=40931"}],"curies":[{"name":"wp","href":"https:\/\/api.w.org\/{rel}","templated":true}]}}