{"id":40940,"date":"2021-01-14T15:07:18","date_gmt":"2021-01-14T15:07:18","guid":{"rendered":"https:\/\/www.upjs.sk\/information\/international-relations-kat_id-328\/hrs4r-at-upjs-kat_id-2647\/commissions\/"},"modified":"2021-01-14T15:07:18","modified_gmt":"2021-01-14T15:07:18","slug":"commissions","status":"publish","type":"page","link":"https:\/\/www.upjs.sk\/en\/information\/international-relations\/hrs4r-2\/commissions\/","title":{"rendered":"Commissions and working groups within HRS4R at UPJ\u0160"},"content":{"rendered":"<table border=\"1\" cellpadding=\"0\" cellspacing=\"0\">\n<tbody>\n<tr>\n<td style=\"width:208px;\">\n<p align=\"center\"><strong>Commissions and working groups<\/strong><\/p>\n<\/td>\n<td style=\"width:397px;\">\n<p align=\"center\"><strong>Mission and role of the commission<\/strong><\/p>\n<\/td>\n<\/tr>\n<tr>\n<td style=\"width:208px;\">\n<p>Steering Committee<\/p>\n<\/td>\n<td style=\"width:397px;\">\n<p>Project management: content, time, administrative, financial<\/p>\n<\/td>\n<\/tr>\n<tr>\n<td style=\"width:208px;\">\n<p>Document Analysis Commission<\/p>\n<\/td>\n<td style=\"width:397px;\">\n<p>Content analysis of the documents and regulations at UPJ\u0160, analysis of the OTM-R methodology, elaboration of the OTM-R document<\/p>\n<\/td>\n<\/tr>\n<tr>\n<td style=\"width:208px;\">\n<p>Soft Analysis Commission<\/p>\n<\/td>\n<td style=\"width:397px;\">\n<p>Elaboration of the questionnaire, Implementation of the survey, evaluation of the questionnaires<\/p>\n<\/td>\n<\/tr>\n<tr>\n<td style=\"width:208px;\">\n<ul>\n<li>working group of prof. L. Lova\u0161<\/li>\n<\/ul>\n<\/td>\n<td style=\"width:397px;\">\n<p>Elaboration of the questionnaire, evaluation of the questionnaires<\/p>\n<\/td>\n<\/tr>\n<tr>\n<td style=\"width:208px;\">\n<ul>\n<li>Working group for opposing the questionnaire<\/li>\n<\/ul>\n<\/td>\n<td style=\"width:397px;\">\n<p>After compiling the questionnaire, its analysis and summarization of comments to the Soft Analysis Commission<\/p>\n<\/td>\n<\/tr>\n<tr>\n<td style=\"width:208px;\">\n<p>GAP Analysis Commission<\/p>\n<\/td>\n<td style=\"width:397px;\">\n<p>Evaluation of deficiencies on the basis of data from technical analysis and from the Soft Analysis Commission, elaboration of the GAP analysis document<\/p>\n<\/td>\n<\/tr>\n<tr>\n<td style=\"width:208px;\">\n<p>Action Plan Commission<\/p>\n<\/td>\n<td style=\"width:397px;\">\n<p>Elaboration of the proposal and the final version of the action plan before sending it to the EC, implementation of the action plan<\/p>\n<\/td>\n<\/tr>\n<tr>\n<td style=\"width:208px;\">\n<ul>\n<li>working group for opposing the GAP document and the action plan<\/li>\n<\/ul>\n<\/td>\n<td style=\"width:397px;\">\n<p>After compiling the GAP analysis document, its analysis and summarization of comments to the GAP Analysis Commission, after compiling the action plan, its analysis and summarization of comments to the Action Plan Commission<\/p>\n<\/td>\n<\/tr>\n<\/tbody>\n<\/table>\n<p>\u00a0<\/p>\n<table border=\"1\" cellpadding=\"0\" cellspacing=\"0\" style=\"width:605px\">\n<tbody>\n<tr>\n<td style=\"width:208px;\">\n<ul>\n<li>working group of the vice-deans of the faculties<\/li>\n<\/ul>\n<\/td>\n<td style=\"width:397px;\">\n<p>Commenting the working versions of the questionnaires, ensuring and filling in the questionnaires and meeting deadlines, ensuring staff for the ad hoc working groups<\/p>\n<\/td>\n<\/tr>\n<\/tbody>\n<\/table>\n<p>\u00a0<\/p>\n","protected":false},"excerpt":{"rendered":"<p>Commissions and working groups Mission and role of the commission Steering Committee Project management: content, time, administrative, financial Document Analysis Commission Content analysis of the documents and regulations at UPJ\u0160, analysis of the OTM-R methodology, elaboration of the OTM-R document Soft Analysis Commission Elaboration of the questionnaire, Implementation of the survey, evaluation of the questionnaires &hellip; <a href=\"https:\/\/www.upjs.sk\/en\/information\/international-relations\/hrs4r-2\/commissions\/\">Continued<\/a><\/p>\n","protected":false},"author":1,"featured_media":0,"parent":86917,"menu_order":1,"comment_status":"closed","ping_status":"closed","template":"","meta":{"_acf_changed":false,"_editorskit_title_hidden":false,"_editorskit_reading_time":0,"_editorskit_is_block_options_detached":false,"_editorskit_block_options_position":"{}","footnotes":""},"categories":[],"tags":[],"class_list":["post-40940","page","type-page","status-publish","hentry"],"acf":{"acf_link_na_externy_obsah":""},"yoast_head":"<!-- This site is optimized with the Yoast SEO plugin v27.4 - https:\/\/yoast.com\/product\/yoast-seo-wordpress\/ -->\n<title>Commissions and working groups within HRS4R at UPJ\u0160 - UPJ\u0160 Ko\u0161ice<\/title>\n<meta name=\"robots\" content=\"index, follow, max-snippet:-1, max-image-preview:large, max-video-preview:-1\" \/>\n<link rel=\"canonical\" href=\"https:\/\/www.upjs.sk\/en\/information\/international-relations\/hrs4r-2\/commissions\/\" \/>\n<meta property=\"og:locale\" content=\"en_US\" \/>\n<meta property=\"og:type\" content=\"article\" \/>\n<meta property=\"og:title\" content=\"Commissions and working groups within HRS4R at UPJ\u0160 - UPJ\u0160 Ko\u0161ice\" \/>\n<meta property=\"og:description\" content=\"Commissions and working groups Mission and role of the commission Steering Committee Project management: content, time, administrative, financial Document Analysis Commission Content analysis of the documents and regulations at UPJ\u0160, analysis of the OTM-R methodology, elaboration of the OTM-R document Soft Analysis Commission Elaboration of the questionnaire, Implementation of the survey, evaluation of the questionnaires &hellip; Continued\" \/>\n<meta property=\"og:url\" content=\"https:\/\/www.upjs.sk\/en\/information\/international-relations\/hrs4r-2\/commissions\/\" \/>\n<meta property=\"og:site_name\" content=\"UPJ\u0160 Ko\u0161ice\" \/>\n<meta property=\"article:publisher\" content=\"https:\/\/www.facebook.com\/UniverzitaPavlaJozefaSafarikaVkosiciach\/\" \/>\n<meta name=\"twitter:card\" content=\"summary_large_image\" \/>\n<meta name=\"twitter:site\" content=\"@UPJS_kosice\" \/>\n<meta name=\"twitter:label1\" content=\"Est. reading time\" \/>\n\t<meta name=\"twitter:data1\" content=\"1 minute\" \/>\n<script type=\"application\/ld+json\" class=\"yoast-schema-graph\">{\"@context\":\"https:\\\/\\\/schema.org\",\"@graph\":[{\"@type\":\"WebPage\",\"@id\":\"https:\\\/\\\/www.upjs.sk\\\/en\\\/information\\\/international-relations\\\/hrs4r-2\\\/commissions\\\/\",\"url\":\"https:\\\/\\\/www.upjs.sk\\\/en\\\/information\\\/international-relations\\\/hrs4r-2\\\/commissions\\\/\",\"name\":\"Commissions and working groups within HRS4R at UPJ\u0160 - UPJ\u0160 Ko\u0161ice\",\"isPartOf\":{\"@id\":\"https:\\\/\\\/www.upjs.sk\\\/en\\\/#website\"},\"datePublished\":\"2021-01-14T15:07:18+00:00\",\"breadcrumb\":{\"@id\":\"https:\\\/\\\/www.upjs.sk\\\/en\\\/information\\\/international-relations\\\/hrs4r-2\\\/commissions\\\/#breadcrumb\"},\"inLanguage\":\"en-US\",\"potentialAction\":[{\"@type\":\"ReadAction\",\"target\":[\"https:\\\/\\\/www.upjs.sk\\\/en\\\/information\\\/international-relations\\\/hrs4r-2\\\/commissions\\\/\"]}]},{\"@type\":\"BreadcrumbList\",\"@id\":\"https:\\\/\\\/www.upjs.sk\\\/en\\\/information\\\/international-relations\\\/hrs4r-2\\\/commissions\\\/#breadcrumb\",\"itemListElement\":[{\"@type\":\"ListItem\",\"position\":1,\"name\":\"Home\",\"item\":\"https:\\\/\\\/www.upjs.sk\\\/en\\\/\"},{\"@type\":\"ListItem\",\"position\":2,\"name\":\"Information\",\"item\":\"https:\\\/\\\/www.upjs.sk\\\/en\\\/information\\\/\"},{\"@type\":\"ListItem\",\"position\":3,\"name\":\"International Relations\",\"item\":\"https:\\\/\\\/www.upjs.sk\\\/en\\\/information\\\/international-relations\\\/\"},{\"@type\":\"ListItem\",\"position\":4,\"name\":\"Commissions and working groups within HRS4R at UPJ\u0160\"}]},{\"@type\":\"WebSite\",\"@id\":\"https:\\\/\\\/www.upjs.sk\\\/en\\\/#website\",\"url\":\"https:\\\/\\\/www.upjs.sk\\\/en\\\/\",\"name\":\"UPJ\u0160 Ko\u0161ice\",\"description\":\"Wisdom of the Past, Knowledge of the Present, Education of the Future\",\"publisher\":{\"@id\":\"https:\\\/\\\/www.upjs.sk\\\/en\\\/#organization\"},\"potentialAction\":[{\"@type\":\"SearchAction\",\"target\":{\"@type\":\"EntryPoint\",\"urlTemplate\":\"https:\\\/\\\/www.upjs.sk\\\/en\\\/?s={search_term_string}\"},\"query-input\":{\"@type\":\"PropertyValueSpecification\",\"valueRequired\":true,\"valueName\":\"search_term_string\"}}],\"inLanguage\":\"en-US\"},{\"@type\":\"Organization\",\"@id\":\"https:\\\/\\\/www.upjs.sk\\\/en\\\/#organization\",\"name\":\"UPJ\u0160 Ko\u0161ice\",\"url\":\"https:\\\/\\\/www.upjs.sk\\\/en\\\/\",\"logo\":{\"@type\":\"ImageObject\",\"inLanguage\":\"en-US\",\"@id\":\"https:\\\/\\\/www.upjs.sk\\\/en\\\/#\\\/schema\\\/logo\\\/image\\\/\",\"url\":\"https:\\\/\\\/www.upjs.sk\\\/app\\\/uploads\\\/2023\\\/01\\\/UPJS_ENG_esymbol.svg\",\"contentUrl\":\"https:\\\/\\\/www.upjs.sk\\\/app\\\/uploads\\\/2023\\\/01\\\/UPJS_ENG_esymbol.svg\",\"width\":448,\"height\":139,\"caption\":\"UPJ\u0160 Ko\u0161ice\"},\"image\":{\"@id\":\"https:\\\/\\\/www.upjs.sk\\\/en\\\/#\\\/schema\\\/logo\\\/image\\\/\"},\"sameAs\":[\"https:\\\/\\\/www.facebook.com\\\/UniverzitaPavlaJozefaSafarikaVkosiciach\\\/\",\"https:\\\/\\\/x.com\\\/UPJS_kosice\",\"https:\\\/\\\/www.instagram.com\\\/upjs_kosice\",\"https:\\\/\\\/www.linkedin.com\\\/company\\\/pavol-jozef-afrik-university-in-koice\\\/\"]}]}<\/script>\n<!-- \/ Yoast SEO plugin. -->","yoast_head_json":{"title":"Commissions and working groups within HRS4R at UPJ\u0160 - UPJ\u0160 Ko\u0161ice","robots":{"index":"index","follow":"follow","max-snippet":"max-snippet:-1","max-image-preview":"max-image-preview:large","max-video-preview":"max-video-preview:-1"},"canonical":"https:\/\/www.upjs.sk\/en\/information\/international-relations\/hrs4r-2\/commissions\/","og_locale":"en_US","og_type":"article","og_title":"Commissions and working groups within HRS4R at UPJ\u0160 - UPJ\u0160 Ko\u0161ice","og_description":"Commissions and working groups Mission and role of the commission Steering Committee Project management: content, time, administrative, financial Document Analysis Commission Content analysis of the documents and regulations at UPJ\u0160, analysis of the OTM-R methodology, elaboration of the OTM-R document Soft Analysis Commission Elaboration of the questionnaire, Implementation of the survey, evaluation of the questionnaires &hellip; Continued","og_url":"https:\/\/www.upjs.sk\/en\/information\/international-relations\/hrs4r-2\/commissions\/","og_site_name":"UPJ\u0160 Ko\u0161ice","article_publisher":"https:\/\/www.facebook.com\/UniverzitaPavlaJozefaSafarikaVkosiciach\/","twitter_card":"summary_large_image","twitter_site":"@UPJS_kosice","twitter_misc":{"Est. reading time":"1 minute"},"schema":{"@context":"https:\/\/schema.org","@graph":[{"@type":"WebPage","@id":"https:\/\/www.upjs.sk\/en\/information\/international-relations\/hrs4r-2\/commissions\/","url":"https:\/\/www.upjs.sk\/en\/information\/international-relations\/hrs4r-2\/commissions\/","name":"Commissions and working groups within HRS4R at UPJ\u0160 - UPJ\u0160 Ko\u0161ice","isPartOf":{"@id":"https:\/\/www.upjs.sk\/en\/#website"},"datePublished":"2021-01-14T15:07:18+00:00","breadcrumb":{"@id":"https:\/\/www.upjs.sk\/en\/information\/international-relations\/hrs4r-2\/commissions\/#breadcrumb"},"inLanguage":"en-US","potentialAction":[{"@type":"ReadAction","target":["https:\/\/www.upjs.sk\/en\/information\/international-relations\/hrs4r-2\/commissions\/"]}]},{"@type":"BreadcrumbList","@id":"https:\/\/www.upjs.sk\/en\/information\/international-relations\/hrs4r-2\/commissions\/#breadcrumb","itemListElement":[{"@type":"ListItem","position":1,"name":"Home","item":"https:\/\/www.upjs.sk\/en\/"},{"@type":"ListItem","position":2,"name":"Information","item":"https:\/\/www.upjs.sk\/en\/information\/"},{"@type":"ListItem","position":3,"name":"International Relations","item":"https:\/\/www.upjs.sk\/en\/information\/international-relations\/"},{"@type":"ListItem","position":4,"name":"Commissions and working groups within HRS4R at UPJ\u0160"}]},{"@type":"WebSite","@id":"https:\/\/www.upjs.sk\/en\/#website","url":"https:\/\/www.upjs.sk\/en\/","name":"UPJ\u0160 Ko\u0161ice","description":"Wisdom of the Past, Knowledge of the Present, Education of the Future","publisher":{"@id":"https:\/\/www.upjs.sk\/en\/#organization"},"potentialAction":[{"@type":"SearchAction","target":{"@type":"EntryPoint","urlTemplate":"https:\/\/www.upjs.sk\/en\/?s={search_term_string}"},"query-input":{"@type":"PropertyValueSpecification","valueRequired":true,"valueName":"search_term_string"}}],"inLanguage":"en-US"},{"@type":"Organization","@id":"https:\/\/www.upjs.sk\/en\/#organization","name":"UPJ\u0160 Ko\u0161ice","url":"https:\/\/www.upjs.sk\/en\/","logo":{"@type":"ImageObject","inLanguage":"en-US","@id":"https:\/\/www.upjs.sk\/en\/#\/schema\/logo\/image\/","url":"https:\/\/www.upjs.sk\/app\/uploads\/2023\/01\/UPJS_ENG_esymbol.svg","contentUrl":"https:\/\/www.upjs.sk\/app\/uploads\/2023\/01\/UPJS_ENG_esymbol.svg","width":448,"height":139,"caption":"UPJ\u0160 Ko\u0161ice"},"image":{"@id":"https:\/\/www.upjs.sk\/en\/#\/schema\/logo\/image\/"},"sameAs":["https:\/\/www.facebook.com\/UniverzitaPavlaJozefaSafarikaVkosiciach\/","https:\/\/x.com\/UPJS_kosice","https:\/\/www.instagram.com\/upjs_kosice","https:\/\/www.linkedin.com\/company\/pavol-jozef-afrik-university-in-koice\/"]}]}},"_links":{"self":[{"href":"https:\/\/www.upjs.sk\/en\/wp-json\/wp\/v2\/pages\/40940","targetHints":{"allow":["GET"]}}],"collection":[{"href":"https:\/\/www.upjs.sk\/en\/wp-json\/wp\/v2\/pages"}],"about":[{"href":"https:\/\/www.upjs.sk\/en\/wp-json\/wp\/v2\/types\/page"}],"author":[{"embeddable":true,"href":"https:\/\/www.upjs.sk\/en\/wp-json\/wp\/v2\/users\/1"}],"replies":[{"embeddable":true,"href":"https:\/\/www.upjs.sk\/en\/wp-json\/wp\/v2\/comments?post=40940"}],"version-history":[{"count":0,"href":"https:\/\/www.upjs.sk\/en\/wp-json\/wp\/v2\/pages\/40940\/revisions"}],"up":[{"embeddable":true,"href":"https:\/\/www.upjs.sk\/en\/wp-json\/wp\/v2\/pages\/86917"}],"wp:attachment":[{"href":"https:\/\/www.upjs.sk\/en\/wp-json\/wp\/v2\/media?parent=40940"}],"wp:term":[{"taxonomy":"category","embeddable":true,"href":"https:\/\/www.upjs.sk\/en\/wp-json\/wp\/v2\/categories?post=40940"},{"taxonomy":"post_tag","embeddable":true,"href":"https:\/\/www.upjs.sk\/en\/wp-json\/wp\/v2\/tags?post=40940"}],"curies":[{"name":"wp","href":"https:\/\/api.w.org\/{rel}","templated":true}]}}