{"id":41195,"date":"2008-08-27T14:33:21","date_gmt":"2008-08-27T14:33:21","guid":{"rendered":"https:\/\/www.upjs.sk\/about-the-university-kat_id-315\/mission-of-the-university-kat_id-334\/"},"modified":"2026-03-30T13:16:33","modified_gmt":"2026-03-30T11:16:33","slug":"mission","status":"publish","type":"page","link":"https:\/\/www.upjs.sk\/en\/university\/about-the-university\/mission\/","title":{"rendered":"Mission of the University"},"content":{"rendered":"\n<p><strong><mark style=\"background-color:rgba(0, 0, 0, 0)\" class=\"has-inline-color has-zakladna-modra-color\">The mission of Pavol Jozef \u0160af\u00e1rik University in Ko\u0161ice<\/mark><\/strong> is to contribute to the advancement of education, knowledge, science, and culture in alignment with the needs of society, to develop knowledge, skills, transferable competencies, wisdom, creativity, and human well-being, thereby contributing to the development of a knowledge-based society. This mission is rooted in the historical MISSION &#8211; VALUES &#8211; VISION traditions of Universitas Cassoviensis and its significance in advancing human knowledge, education, and culture, as well as its commitment to serving the truth and promoting the ideals of mankind.<\/p>\n\n\n\n<p>In fulfilling this mission, Pavol Jozef \u0160af\u00e1rik University in Ko\u0161ice adheres to <strong>its values set out<\/strong> <strong>in the UPJ\u0160 Statute, which are anchored in the academic freedoms enshrined in the Constitution of the Slovak Republic<\/strong>, particularly the freedom of education and scientific research, as well as in the autonomy and independence from political or power structures. Equally important are the principles of understanding and tolerance, which ensure equal treatment in education and research for all students and sta\u00ad, regardless of gender, religion or belief, marital status, race, language, political or other opinions, trade union activities, national or social origin, disability, age, or socioeconomic background.<\/p>\n\n\n\n<p><strong><mark style=\"background-color:rgba(0, 0, 0, 0)\" class=\"has-inline-color has-zakladna-modra-color\">The vision of Pavol Jozef \u0160af\u00e1rik University in Ko\u0161ice<\/mark><\/strong> is to provide modern and innovative education, promote excellent research, and contribute to societal development through education, science, and collaboration with both the public and private sectors. Our primary goal is to position ourselves as a modern, internationally recognised institution delivering education and conducting research of international repute.<\/p>\n\n\n\n<p>The university is aware of its societal responsibility, which extends beyond regional and national boundaries. It aims to be a cosmopolitan university with the ambition to be a leading university in Slovakia and to rank among the top quarter of the best universities in Central Europe.<\/p>\n\n\n\n<p><\/p>\n","protected":false},"excerpt":{"rendered":"<p>The mission of Pavol Jozef \u0160af\u00e1rik University in Ko\u0161ice is to contribute to the advancement of education, knowledge, science, and culture in alignment with the needs of society, to develop knowledge, skills, transferable competencies, wisdom, creativity, and human well-being, thereby contributing to the development of a knowledge-based society. This mission is rooted in the historical &hellip; <a href=\"https:\/\/www.upjs.sk\/en\/university\/about-the-university\/mission\/\">Continued<\/a><\/p>\n","protected":false},"author":1,"featured_media":0,"parent":41193,"menu_order":3,"comment_status":"closed","ping_status":"closed","template":"","meta":{"_acf_changed":false,"_editorskit_title_hidden":false,"_editorskit_reading_time":1,"_editorskit_is_block_options_detached":false,"_editorskit_block_options_position":"{}","footnotes":""},"categories":[],"tags":[],"class_list":["post-41195","page","type-page","status-publish","hentry"],"acf":{"acf_link_na_externy_obsah":""},"yoast_head":"<!-- This site is optimized with the Yoast SEO plugin v27.4 - https:\/\/yoast.com\/product\/yoast-seo-wordpress\/ -->\n<title>Mission of the University - UPJ\u0160 Ko\u0161ice<\/title>\n<meta name=\"robots\" content=\"index, follow, max-snippet:-1, max-image-preview:large, max-video-preview:-1\" \/>\n<link rel=\"canonical\" href=\"https:\/\/www.upjs.sk\/en\/university\/about-the-university\/mission\/\" \/>\n<meta property=\"og:locale\" content=\"en_US\" \/>\n<meta property=\"og:type\" content=\"article\" \/>\n<meta property=\"og:title\" content=\"Mission of the University - UPJ\u0160 Ko\u0161ice\" \/>\n<meta property=\"og:description\" content=\"The mission of Pavol Jozef \u0160af\u00e1rik University in Ko\u0161ice is to contribute to the advancement of education, knowledge, science, and culture in alignment with the needs of society, to develop knowledge, skills, transferable competencies, wisdom, creativity, and human well-being, thereby contributing to the development of a knowledge-based society. This mission is rooted in the historical &hellip; Continued\" \/>\n<meta property=\"og:url\" content=\"https:\/\/www.upjs.sk\/en\/university\/about-the-university\/mission\/\" \/>\n<meta property=\"og:site_name\" content=\"UPJ\u0160 Ko\u0161ice\" \/>\n<meta property=\"article:publisher\" content=\"https:\/\/www.facebook.com\/UniverzitaPavlaJozefaSafarikaVkosiciach\/\" \/>\n<meta property=\"article:modified_time\" content=\"2026-03-30T11:16:33+00:00\" \/>\n<meta name=\"twitter:card\" content=\"summary_large_image\" \/>\n<meta name=\"twitter:site\" content=\"@UPJS_kosice\" \/>\n<script type=\"application\/ld+json\" class=\"yoast-schema-graph\">{\"@context\":\"https:\\\/\\\/schema.org\",\"@graph\":[{\"@type\":\"WebPage\",\"@id\":\"https:\\\/\\\/www.upjs.sk\\\/en\\\/university\\\/about-the-university\\\/mission\\\/\",\"url\":\"https:\\\/\\\/www.upjs.sk\\\/en\\\/university\\\/about-the-university\\\/mission\\\/\",\"name\":\"Mission of the University - UPJ\u0160 Ko\u0161ice\",\"isPartOf\":{\"@id\":\"https:\\\/\\\/www.upjs.sk\\\/en\\\/#website\"},\"datePublished\":\"2008-08-27T14:33:21+00:00\",\"dateModified\":\"2026-03-30T11:16:33+00:00\",\"breadcrumb\":{\"@id\":\"https:\\\/\\\/www.upjs.sk\\\/en\\\/university\\\/about-the-university\\\/mission\\\/#breadcrumb\"},\"inLanguage\":\"en-US\",\"potentialAction\":[{\"@type\":\"ReadAction\",\"target\":[\"https:\\\/\\\/www.upjs.sk\\\/en\\\/university\\\/about-the-university\\\/mission\\\/\"]}]},{\"@type\":\"BreadcrumbList\",\"@id\":\"https:\\\/\\\/www.upjs.sk\\\/en\\\/university\\\/about-the-university\\\/mission\\\/#breadcrumb\",\"itemListElement\":[{\"@type\":\"ListItem\",\"position\":1,\"name\":\"Home\",\"item\":\"https:\\\/\\\/www.upjs.sk\\\/en\\\/\"},{\"@type\":\"ListItem\",\"position\":2,\"name\":\"University\",\"item\":\"https:\\\/\\\/www.upjs.sk\\\/en\\\/university\\\/\"},{\"@type\":\"ListItem\",\"position\":3,\"name\":\"About the University\",\"item\":\"https:\\\/\\\/www.upjs.sk\\\/en\\\/university\\\/about-the-university\\\/\"},{\"@type\":\"ListItem\",\"position\":4,\"name\":\"Mission of the University\"}]},{\"@type\":\"WebSite\",\"@id\":\"https:\\\/\\\/www.upjs.sk\\\/en\\\/#website\",\"url\":\"https:\\\/\\\/www.upjs.sk\\\/en\\\/\",\"name\":\"UPJ\u0160 Ko\u0161ice\",\"description\":\"Wisdom of the Past, Knowledge of the Present, Education of the Future\",\"publisher\":{\"@id\":\"https:\\\/\\\/www.upjs.sk\\\/en\\\/#organization\"},\"potentialAction\":[{\"@type\":\"SearchAction\",\"target\":{\"@type\":\"EntryPoint\",\"urlTemplate\":\"https:\\\/\\\/www.upjs.sk\\\/en\\\/?s={search_term_string}\"},\"query-input\":{\"@type\":\"PropertyValueSpecification\",\"valueRequired\":true,\"valueName\":\"search_term_string\"}}],\"inLanguage\":\"en-US\"},{\"@type\":\"Organization\",\"@id\":\"https:\\\/\\\/www.upjs.sk\\\/en\\\/#organization\",\"name\":\"UPJ\u0160 Ko\u0161ice\",\"url\":\"https:\\\/\\\/www.upjs.sk\\\/en\\\/\",\"logo\":{\"@type\":\"ImageObject\",\"inLanguage\":\"en-US\",\"@id\":\"https:\\\/\\\/www.upjs.sk\\\/en\\\/#\\\/schema\\\/logo\\\/image\\\/\",\"url\":\"https:\\\/\\\/www.upjs.sk\\\/app\\\/uploads\\\/2023\\\/01\\\/UPJS_ENG_esymbol.svg\",\"contentUrl\":\"https:\\\/\\\/www.upjs.sk\\\/app\\\/uploads\\\/2023\\\/01\\\/UPJS_ENG_esymbol.svg\",\"width\":448,\"height\":139,\"caption\":\"UPJ\u0160 Ko\u0161ice\"},\"image\":{\"@id\":\"https:\\\/\\\/www.upjs.sk\\\/en\\\/#\\\/schema\\\/logo\\\/image\\\/\"},\"sameAs\":[\"https:\\\/\\\/www.facebook.com\\\/UniverzitaPavlaJozefaSafarikaVkosiciach\\\/\",\"https:\\\/\\\/x.com\\\/UPJS_kosice\",\"https:\\\/\\\/www.instagram.com\\\/upjs_kosice\",\"https:\\\/\\\/www.linkedin.com\\\/company\\\/pavol-jozef-afrik-university-in-koice\\\/\"]}]}<\/script>\n<!-- \/ Yoast SEO plugin. -->","yoast_head_json":{"title":"Mission of the University - UPJ\u0160 Ko\u0161ice","robots":{"index":"index","follow":"follow","max-snippet":"max-snippet:-1","max-image-preview":"max-image-preview:large","max-video-preview":"max-video-preview:-1"},"canonical":"https:\/\/www.upjs.sk\/en\/university\/about-the-university\/mission\/","og_locale":"en_US","og_type":"article","og_title":"Mission of the University - UPJ\u0160 Ko\u0161ice","og_description":"The mission of Pavol Jozef \u0160af\u00e1rik University in Ko\u0161ice is to contribute to the advancement of education, knowledge, science, and culture in alignment with the needs of society, to develop knowledge, skills, transferable competencies, wisdom, creativity, and human well-being, thereby contributing to the development of a knowledge-based society. This mission is rooted in the historical &hellip; Continued","og_url":"https:\/\/www.upjs.sk\/en\/university\/about-the-university\/mission\/","og_site_name":"UPJ\u0160 Ko\u0161ice","article_publisher":"https:\/\/www.facebook.com\/UniverzitaPavlaJozefaSafarikaVkosiciach\/","article_modified_time":"2026-03-30T11:16:33+00:00","twitter_card":"summary_large_image","twitter_site":"@UPJS_kosice","schema":{"@context":"https:\/\/schema.org","@graph":[{"@type":"WebPage","@id":"https:\/\/www.upjs.sk\/en\/university\/about-the-university\/mission\/","url":"https:\/\/www.upjs.sk\/en\/university\/about-the-university\/mission\/","name":"Mission of the University - UPJ\u0160 Ko\u0161ice","isPartOf":{"@id":"https:\/\/www.upjs.sk\/en\/#website"},"datePublished":"2008-08-27T14:33:21+00:00","dateModified":"2026-03-30T11:16:33+00:00","breadcrumb":{"@id":"https:\/\/www.upjs.sk\/en\/university\/about-the-university\/mission\/#breadcrumb"},"inLanguage":"en-US","potentialAction":[{"@type":"ReadAction","target":["https:\/\/www.upjs.sk\/en\/university\/about-the-university\/mission\/"]}]},{"@type":"BreadcrumbList","@id":"https:\/\/www.upjs.sk\/en\/university\/about-the-university\/mission\/#breadcrumb","itemListElement":[{"@type":"ListItem","position":1,"name":"Home","item":"https:\/\/www.upjs.sk\/en\/"},{"@type":"ListItem","position":2,"name":"University","item":"https:\/\/www.upjs.sk\/en\/university\/"},{"@type":"ListItem","position":3,"name":"About the University","item":"https:\/\/www.upjs.sk\/en\/university\/about-the-university\/"},{"@type":"ListItem","position":4,"name":"Mission of the University"}]},{"@type":"WebSite","@id":"https:\/\/www.upjs.sk\/en\/#website","url":"https:\/\/www.upjs.sk\/en\/","name":"UPJ\u0160 Ko\u0161ice","description":"Wisdom of the Past, Knowledge of the Present, Education of the Future","publisher":{"@id":"https:\/\/www.upjs.sk\/en\/#organization"},"potentialAction":[{"@type":"SearchAction","target":{"@type":"EntryPoint","urlTemplate":"https:\/\/www.upjs.sk\/en\/?s={search_term_string}"},"query-input":{"@type":"PropertyValueSpecification","valueRequired":true,"valueName":"search_term_string"}}],"inLanguage":"en-US"},{"@type":"Organization","@id":"https:\/\/www.upjs.sk\/en\/#organization","name":"UPJ\u0160 Ko\u0161ice","url":"https:\/\/www.upjs.sk\/en\/","logo":{"@type":"ImageObject","inLanguage":"en-US","@id":"https:\/\/www.upjs.sk\/en\/#\/schema\/logo\/image\/","url":"https:\/\/www.upjs.sk\/app\/uploads\/2023\/01\/UPJS_ENG_esymbol.svg","contentUrl":"https:\/\/www.upjs.sk\/app\/uploads\/2023\/01\/UPJS_ENG_esymbol.svg","width":448,"height":139,"caption":"UPJ\u0160 Ko\u0161ice"},"image":{"@id":"https:\/\/www.upjs.sk\/en\/#\/schema\/logo\/image\/"},"sameAs":["https:\/\/www.facebook.com\/UniverzitaPavlaJozefaSafarikaVkosiciach\/","https:\/\/x.com\/UPJS_kosice","https:\/\/www.instagram.com\/upjs_kosice","https:\/\/www.linkedin.com\/company\/pavol-jozef-afrik-university-in-koice\/"]}]}},"_links":{"self":[{"href":"https:\/\/www.upjs.sk\/en\/wp-json\/wp\/v2\/pages\/41195","targetHints":{"allow":["GET"]}}],"collection":[{"href":"https:\/\/www.upjs.sk\/en\/wp-json\/wp\/v2\/pages"}],"about":[{"href":"https:\/\/www.upjs.sk\/en\/wp-json\/wp\/v2\/types\/page"}],"author":[{"embeddable":true,"href":"https:\/\/www.upjs.sk\/en\/wp-json\/wp\/v2\/users\/1"}],"replies":[{"embeddable":true,"href":"https:\/\/www.upjs.sk\/en\/wp-json\/wp\/v2\/comments?post=41195"}],"version-history":[{"count":7,"href":"https:\/\/www.upjs.sk\/en\/wp-json\/wp\/v2\/pages\/41195\/revisions"}],"predecessor-version":[{"id":103641,"href":"https:\/\/www.upjs.sk\/en\/wp-json\/wp\/v2\/pages\/41195\/revisions\/103641"}],"up":[{"embeddable":true,"href":"https:\/\/www.upjs.sk\/en\/wp-json\/wp\/v2\/pages\/41193"}],"wp:attachment":[{"href":"https:\/\/www.upjs.sk\/en\/wp-json\/wp\/v2\/media?parent=41195"}],"wp:term":[{"taxonomy":"category","embeddable":true,"href":"https:\/\/www.upjs.sk\/en\/wp-json\/wp\/v2\/categories?post=41195"},{"taxonomy":"post_tag","embeddable":true,"href":"https:\/\/www.upjs.sk\/en\/wp-json\/wp\/v2\/tags?post=41195"}],"curies":[{"name":"wp","href":"https:\/\/api.w.org\/{rel}","templated":true}]}}