{"id":41238,"date":"2012-03-16T11:03:54","date_gmt":"2012-03-16T11:03:54","guid":{"rendered":"https:\/\/www.upjs.sk\/about-the-university-kat_id-315\/organizational-structure-kat_id-403\/other-units-kat_id-726\/"},"modified":"2022-11-09T23:24:09","modified_gmt":"2022-11-09T23:24:09","slug":"other-units","status":"publish","type":"page","link":"https:\/\/www.upjs.sk\/en\/university\/about-the-university\/structure\/other-units\/","title":{"rendered":"Other Units"},"content":{"rendered":"<p><strong><a href=\"\/en\/departments\/tudent-hostel-and-canteen\/\">Student Hostel and Canteen<\/a><\/strong><\/p>\n<p>Medick\u00e1 4 a 6, 040 11 Ko\u0161ice<br \/> Popradsk\u00e1 66, 040 11 Ko\u0161ice<br \/> Popradsk\u00e1 76, 040 11 Ko\u0161ice<\/p>\n<p><strong><a href=\"https:\/\/www.upjs.sk\/en\/departments\/university-counselling-center\/\">University Counselling Center<\/a><\/strong><\/p>\n<p>\u0160rob\u00e1rova 2, 041 80 Ko\u0161ice<\/p>\n<p><strong><a href=\"https:\/\/www.upjs.sk\/pracoviska\/ccvapp\/\">Lifelong Learning Centre and Projects Support<\/a><\/strong><\/p>\n<p>\u0160rob\u00e1rova 2, 041 80 Ko\u0161ice<\/p>\n","protected":false},"excerpt":{"rendered":"<p>Student Hostel and Canteen Medick\u00e1 4 a 6, 040 11 Ko\u0161ice Popradsk\u00e1 66, 040 11 Ko\u0161ice Popradsk\u00e1 76, 040 11 Ko\u0161ice University Counselling Center \u0160rob\u00e1rova 2, 041 80 Ko\u0161ice Lifelong Learning Centre and Projects Support \u0160rob\u00e1rova 2, 041 80 Ko\u0161ice<\/p>\n","protected":false},"author":1,"featured_media":0,"parent":41229,"menu_order":4,"comment_status":"closed","ping_status":"closed","template":"","meta":{"_acf_changed":false,"_editorskit_title_hidden":false,"_editorskit_reading_time":0,"_editorskit_is_block_options_detached":false,"_editorskit_block_options_position":"{}","footnotes":""},"categories":[],"tags":[],"class_list":["post-41238","page","type-page","status-publish","hentry"],"acf":{"acf_link_na_externy_obsah":""},"yoast_head":"<!-- This site is optimized with the Yoast SEO plugin v27.2 - https:\/\/yoast.com\/product\/yoast-seo-wordpress\/ -->\n<title>Other Units - UPJ\u0160 Ko\u0161ice<\/title>\n<meta name=\"robots\" content=\"index, follow, max-snippet:-1, max-image-preview:large, max-video-preview:-1\" \/>\n<link rel=\"canonical\" href=\"https:\/\/www.upjs.sk\/en\/university\/about-the-university\/structure\/other-units\/\" \/>\n<meta property=\"og:locale\" content=\"en_US\" \/>\n<meta property=\"og:type\" content=\"article\" \/>\n<meta property=\"og:title\" content=\"Other Units - UPJ\u0160 Ko\u0161ice\" \/>\n<meta property=\"og:description\" content=\"Student Hostel and Canteen Medick\u00e1 4 a 6, 040 11 Ko\u0161ice Popradsk\u00e1 66, 040 11 Ko\u0161ice Popradsk\u00e1 76, 040 11 Ko\u0161ice University Counselling Center \u0160rob\u00e1rova 2, 041 80 Ko\u0161ice Lifelong Learning Centre and Projects Support \u0160rob\u00e1rova 2, 041 80 Ko\u0161ice\" \/>\n<meta property=\"og:url\" content=\"https:\/\/www.upjs.sk\/en\/university\/about-the-university\/structure\/other-units\/\" \/>\n<meta property=\"og:site_name\" content=\"UPJ\u0160 Ko\u0161ice\" \/>\n<meta property=\"article:publisher\" content=\"https:\/\/www.facebook.com\/UniverzitaPavlaJozefaSafarikaVkosiciach\/\" \/>\n<meta property=\"article:modified_time\" content=\"2022-11-09T23:24:09+00:00\" \/>\n<meta name=\"twitter:card\" content=\"summary_large_image\" \/>\n<meta name=\"twitter:site\" content=\"@UPJS_kosice\" \/>\n<script type=\"application\/ld+json\" class=\"yoast-schema-graph\">{\"@context\":\"https:\/\/schema.org\",\"@graph\":[{\"@type\":\"WebPage\",\"@id\":\"https:\/\/www.upjs.sk\/en\/university\/about-the-university\/structure\/other-units\/\",\"url\":\"https:\/\/www.upjs.sk\/en\/university\/about-the-university\/structure\/other-units\/\",\"name\":\"Other Units - UPJ\u0160 Ko\u0161ice\",\"isPartOf\":{\"@id\":\"https:\/\/www.upjs.sk\/en\/#website\"},\"datePublished\":\"2012-03-16T11:03:54+00:00\",\"dateModified\":\"2022-11-09T23:24:09+00:00\",\"breadcrumb\":{\"@id\":\"https:\/\/www.upjs.sk\/en\/university\/about-the-university\/structure\/other-units\/#breadcrumb\"},\"inLanguage\":\"en-US\",\"potentialAction\":[{\"@type\":\"ReadAction\",\"target\":[\"https:\/\/www.upjs.sk\/en\/university\/about-the-university\/structure\/other-units\/\"]}]},{\"@type\":\"BreadcrumbList\",\"@id\":\"https:\/\/www.upjs.sk\/en\/university\/about-the-university\/structure\/other-units\/#breadcrumb\",\"itemListElement\":[{\"@type\":\"ListItem\",\"position\":1,\"name\":\"Home\",\"item\":\"https:\/\/www.upjs.sk\/en\/\"},{\"@type\":\"ListItem\",\"position\":2,\"name\":\"University\",\"item\":\"https:\/\/www.upjs.sk\/en\/university\/\"},{\"@type\":\"ListItem\",\"position\":3,\"name\":\"About the University\",\"item\":\"https:\/\/www.upjs.sk\/en\/university\/about-the-university\/\"},{\"@type\":\"ListItem\",\"position\":4,\"name\":\"Organizational Structure\",\"item\":\"https:\/\/www.upjs.sk\/en\/university\/about-the-university\/structure\/\"},{\"@type\":\"ListItem\",\"position\":5,\"name\":\"Other Units\"}]},{\"@type\":\"WebSite\",\"@id\":\"https:\/\/www.upjs.sk\/en\/#website\",\"url\":\"https:\/\/www.upjs.sk\/en\/\",\"name\":\"UPJ\u0160 Ko\u0161ice\",\"description\":\"Wisdom of the Past, Knowledge of the Present, Education of the Future\",\"publisher\":{\"@id\":\"https:\/\/www.upjs.sk\/en\/#organization\"},\"potentialAction\":[{\"@type\":\"SearchAction\",\"target\":{\"@type\":\"EntryPoint\",\"urlTemplate\":\"https:\/\/www.upjs.sk\/en\/?s={search_term_string}\"},\"query-input\":{\"@type\":\"PropertyValueSpecification\",\"valueRequired\":true,\"valueName\":\"search_term_string\"}}],\"inLanguage\":\"en-US\"},{\"@type\":\"Organization\",\"@id\":\"https:\/\/www.upjs.sk\/en\/#organization\",\"name\":\"UPJ\u0160 Ko\u0161ice\",\"url\":\"https:\/\/www.upjs.sk\/en\/\",\"logo\":{\"@type\":\"ImageObject\",\"inLanguage\":\"en-US\",\"@id\":\"https:\/\/www.upjs.sk\/en\/#\/schema\/logo\/image\/\",\"url\":\"https:\/\/www.upjs.sk\/app\/uploads\/2023\/01\/UPJS_ENG_esymbol.svg\",\"contentUrl\":\"https:\/\/www.upjs.sk\/app\/uploads\/2023\/01\/UPJS_ENG_esymbol.svg\",\"width\":448,\"height\":139,\"caption\":\"UPJ\u0160 Ko\u0161ice\"},\"image\":{\"@id\":\"https:\/\/www.upjs.sk\/en\/#\/schema\/logo\/image\/\"},\"sameAs\":[\"https:\/\/www.facebook.com\/UniverzitaPavlaJozefaSafarikaVkosiciach\/\",\"https:\/\/x.com\/UPJS_kosice\",\"https:\/\/www.instagram.com\/upjs_kosice\",\"https:\/\/www.linkedin.com\/company\/pavol-jozef-afrik-university-in-koice\/\"]}]}<\/script>\n<!-- \/ Yoast SEO plugin. -->","yoast_head_json":{"title":"Other Units - UPJ\u0160 Ko\u0161ice","robots":{"index":"index","follow":"follow","max-snippet":"max-snippet:-1","max-image-preview":"max-image-preview:large","max-video-preview":"max-video-preview:-1"},"canonical":"https:\/\/www.upjs.sk\/en\/university\/about-the-university\/structure\/other-units\/","og_locale":"en_US","og_type":"article","og_title":"Other Units - UPJ\u0160 Ko\u0161ice","og_description":"Student Hostel and Canteen Medick\u00e1 4 a 6, 040 11 Ko\u0161ice Popradsk\u00e1 66, 040 11 Ko\u0161ice Popradsk\u00e1 76, 040 11 Ko\u0161ice University Counselling Center \u0160rob\u00e1rova 2, 041 80 Ko\u0161ice Lifelong Learning Centre and Projects Support \u0160rob\u00e1rova 2, 041 80 Ko\u0161ice","og_url":"https:\/\/www.upjs.sk\/en\/university\/about-the-university\/structure\/other-units\/","og_site_name":"UPJ\u0160 Ko\u0161ice","article_publisher":"https:\/\/www.facebook.com\/UniverzitaPavlaJozefaSafarikaVkosiciach\/","article_modified_time":"2022-11-09T23:24:09+00:00","twitter_card":"summary_large_image","twitter_site":"@UPJS_kosice","schema":{"@context":"https:\/\/schema.org","@graph":[{"@type":"WebPage","@id":"https:\/\/www.upjs.sk\/en\/university\/about-the-university\/structure\/other-units\/","url":"https:\/\/www.upjs.sk\/en\/university\/about-the-university\/structure\/other-units\/","name":"Other Units - UPJ\u0160 Ko\u0161ice","isPartOf":{"@id":"https:\/\/www.upjs.sk\/en\/#website"},"datePublished":"2012-03-16T11:03:54+00:00","dateModified":"2022-11-09T23:24:09+00:00","breadcrumb":{"@id":"https:\/\/www.upjs.sk\/en\/university\/about-the-university\/structure\/other-units\/#breadcrumb"},"inLanguage":"en-US","potentialAction":[{"@type":"ReadAction","target":["https:\/\/www.upjs.sk\/en\/university\/about-the-university\/structure\/other-units\/"]}]},{"@type":"BreadcrumbList","@id":"https:\/\/www.upjs.sk\/en\/university\/about-the-university\/structure\/other-units\/#breadcrumb","itemListElement":[{"@type":"ListItem","position":1,"name":"Home","item":"https:\/\/www.upjs.sk\/en\/"},{"@type":"ListItem","position":2,"name":"University","item":"https:\/\/www.upjs.sk\/en\/university\/"},{"@type":"ListItem","position":3,"name":"About the University","item":"https:\/\/www.upjs.sk\/en\/university\/about-the-university\/"},{"@type":"ListItem","position":4,"name":"Organizational Structure","item":"https:\/\/www.upjs.sk\/en\/university\/about-the-university\/structure\/"},{"@type":"ListItem","position":5,"name":"Other Units"}]},{"@type":"WebSite","@id":"https:\/\/www.upjs.sk\/en\/#website","url":"https:\/\/www.upjs.sk\/en\/","name":"UPJ\u0160 Ko\u0161ice","description":"Wisdom of the Past, Knowledge of the Present, Education of the Future","publisher":{"@id":"https:\/\/www.upjs.sk\/en\/#organization"},"potentialAction":[{"@type":"SearchAction","target":{"@type":"EntryPoint","urlTemplate":"https:\/\/www.upjs.sk\/en\/?s={search_term_string}"},"query-input":{"@type":"PropertyValueSpecification","valueRequired":true,"valueName":"search_term_string"}}],"inLanguage":"en-US"},{"@type":"Organization","@id":"https:\/\/www.upjs.sk\/en\/#organization","name":"UPJ\u0160 Ko\u0161ice","url":"https:\/\/www.upjs.sk\/en\/","logo":{"@type":"ImageObject","inLanguage":"en-US","@id":"https:\/\/www.upjs.sk\/en\/#\/schema\/logo\/image\/","url":"https:\/\/www.upjs.sk\/app\/uploads\/2023\/01\/UPJS_ENG_esymbol.svg","contentUrl":"https:\/\/www.upjs.sk\/app\/uploads\/2023\/01\/UPJS_ENG_esymbol.svg","width":448,"height":139,"caption":"UPJ\u0160 Ko\u0161ice"},"image":{"@id":"https:\/\/www.upjs.sk\/en\/#\/schema\/logo\/image\/"},"sameAs":["https:\/\/www.facebook.com\/UniverzitaPavlaJozefaSafarikaVkosiciach\/","https:\/\/x.com\/UPJS_kosice","https:\/\/www.instagram.com\/upjs_kosice","https:\/\/www.linkedin.com\/company\/pavol-jozef-afrik-university-in-koice\/"]}]}},"_links":{"self":[{"href":"https:\/\/www.upjs.sk\/en\/wp-json\/wp\/v2\/pages\/41238","targetHints":{"allow":["GET"]}}],"collection":[{"href":"https:\/\/www.upjs.sk\/en\/wp-json\/wp\/v2\/pages"}],"about":[{"href":"https:\/\/www.upjs.sk\/en\/wp-json\/wp\/v2\/types\/page"}],"author":[{"embeddable":true,"href":"https:\/\/www.upjs.sk\/en\/wp-json\/wp\/v2\/users\/1"}],"replies":[{"embeddable":true,"href":"https:\/\/www.upjs.sk\/en\/wp-json\/wp\/v2\/comments?post=41238"}],"version-history":[{"count":1,"href":"https:\/\/www.upjs.sk\/en\/wp-json\/wp\/v2\/pages\/41238\/revisions"}],"predecessor-version":[{"id":41561,"href":"https:\/\/www.upjs.sk\/en\/wp-json\/wp\/v2\/pages\/41238\/revisions\/41561"}],"up":[{"embeddable":true,"href":"https:\/\/www.upjs.sk\/en\/wp-json\/wp\/v2\/pages\/41229"}],"wp:attachment":[{"href":"https:\/\/www.upjs.sk\/en\/wp-json\/wp\/v2\/media?parent=41238"}],"wp:term":[{"taxonomy":"category","embeddable":true,"href":"https:\/\/www.upjs.sk\/en\/wp-json\/wp\/v2\/categories?post=41238"},{"taxonomy":"post_tag","embeddable":true,"href":"https:\/\/www.upjs.sk\/en\/wp-json\/wp\/v2\/tags?post=41238"}],"curies":[{"name":"wp","href":"https:\/\/api.w.org\/{rel}","templated":true}]}}