{"id":41259,"date":"2021-04-23T09:48:15","date_gmt":"2021-04-23T08:48:15","guid":{"rendered":"https:\/\/www.upjs.sk\/internal-quality-assurance-and-verification-system-kat_id-2280\/quality-culture-kat_id-2830\/"},"modified":"2023-02-06T11:18:06","modified_gmt":"2023-02-06T10:18:06","slug":"culture","status":"publish","type":"page","link":"https:\/\/www.upjs.sk\/en\/internal-system-evaluation-quality\/culture\/","title":{"rendered":"Quality culture"},"content":{"rendered":"<table style=\"width: 100%;\" border=\"0\" cellspacing=\"1\" cellpadding=\"1\" align=\"center\">\n<tbody>\n<tr>\n<td style=\"text-align: right;\"><span style=\"color: #000066;\"><em><strong>\u201eAnticipate the need for change and make it in time, <\/strong><\/em><\/span><br \/>\n<span style=\"color: #000066;\"><em><strong>is the key to advancing the university .&#8221;<\/strong><\/em><\/span><\/td>\n<\/tr>\n<\/tbody>\n<\/table>\n<p style=\"text-align: justify;\">\n<p>The quality culture at UPJ\u0160 is expressed by the vision, values and constant support of the university management to the process of improvement.<\/p>\n<p>The quality culture is embodied in <a href=\"https:\/\/www.upjs.sk\/public\/media\/2062\/long-term-strategy-of-upjs-2020-2025.pdf\" target=\"_blank\" rel=\"noopener\">strategic goals<\/a>, the fulfillment of which is monitored by monitoring selected indicators of group and individual performance.<\/p>\n<p style=\"text-align: justify;\">The quality culture at UPJ\u0160 is based on:<\/p>\n<ul>\n<li style=\"text-align: justify;\">European Standards and Guidelines, ESG<\/li>\n<li style=\"text-align: justify;\"><a href=\"https:\/\/www.slov-lex.sk\/static\/pdf\/2002\/131\/ZZ_2002_131_20210401.pdf\" target=\"_blank\" rel=\"noopener\">Act no. 131\/2002 Coll.<\/a> on Higher Education Institutions and on Amendments to Certain Acts<\/li>\n<li style=\"text-align: justify;\"><a href=\"https:\/\/www.slov-lex.sk\/static\/pdf\/2018\/269\/ZZ_2018_269.pdf\" target=\"_blank\" rel=\"noopener\">Act no. 269\/2018 Coll.<\/a> on quality assurance in higher education<\/li>\n<li style=\"text-align: justify;\"><a href=\"https:\/\/saavs.sk\/en\/standards\/\" target=\"_blank\" rel=\"noopener\">standards<\/a> of the Slovak Accreditation Agency for Higher Education,<\/li>\n<li style=\"text-align: justify;\">criteria of credit rating agencies,<\/li>\n<li style=\"text-align: justify;\">guidelines governing the implementation of the European Credit Transfer and Accumulation System (ECTS).<\/li>\n<\/ul>\n<p style=\"text-align: justify;\">The importance of quality culture for UPJ\u0160 is anchored in the <a href=\"https:\/\/www.upjs.sk\/public\/media\/2062\/statute-of-upjs-2021.pdf\" target=\"_blank\" rel=\"noopener\">Statute of UPJ\u0160<\/a>. Basic principles, processes and tools of quality culture management are defined by the <a href=\"https:\/\/intranet.upjs.sk\/op\/op.Public.php?documentid=5890\" target=\"_blank\" rel=\"noopener\">Rules of the Internal Quality Assurance and Verification System<\/a>.<\/p>\n<p style=\"text-align: justify;\">The basis for ensuring a quality culture at UPJ\u0160 is the synergistic functioning of educational activities, creative activities and all supporting activities at the university level.<\/p>\n<p style=\"text-align: center;\"><img decoding=\"async\" class=\"aligncenter\" style=\"width: 30%;\" src=\"\/app\/uploads\/2023\/02\/vsk-kultura-kvality.png\" \/><\/p>\n<p style=\"text-align: justify;\"><strong><span style=\"font-size: 18px;\"><span style=\"color: #996633;\">UNIVERSITY MISSION<\/span><\/span><\/strong><\/p>\n<table style=\"width: 100%;\" border=\"0\" cellspacing=\"1\" cellpadding=\"1\" align=\"center\">\n<tbody>\n<tr>\n<td style=\"text-align: right;\"><span style=\"color: #000066;\"><strong><em>\u201eIn order for UPJ\u0160 to be a modern and internationally established institution,<br \/>\nit must constantly look for ways to develop<br \/>\nits personal and scientific potential.\u201c<\/em><\/strong><\/span><\/td>\n<\/tr>\n<\/tbody>\n<\/table>\n<p style=\"text-align: justify;\">The main mission of UPJ\u0160 is to provide three-level higher education on the basis of the latest scientific knowledge in a broad international context, in accordance with European trends in this field, the Bologna Declaration and other documents.<\/p>\n<p style=\"text-align: justify;\">UPJ\u0160 declares itself the status of a research university at which internationally recognized scientific research is carried out, which is competitive in both domestic and foreign research environments. UPJ\u0160 is involved in the European Research Area by obtaining international scientific projects or bilateral and intergovernmental agreements on cooperation and participation in European research consortia. Thanks to this, UPJ\u0160 is one of the important and recognized educational and scientific institutions not only in the Slovak Republic, but also in developed Europe.<\/p>\n<p style=\"text-align: justify;\">UPJ\u0160 wants to strengthen its position as a major university, it wants to become a sought-after research partner in Europe, it wants to be an attractive educational place for domestic and foreign students, it wants to increase its influence on economic and social processes not only in Ko\u0161ice, Ko\u0161ice region, but also in Slovakia. By creating mutually beneficial partnerships with employers, the third sector and European consortia, it wants to help increase the real chances of their own graduates in practice and contribute to the development of key sectors of the commercial sector.<\/p>\n<p style=\"text-align: justify;\">Individual strategic goals and tools for their fulfillment are elaborated in the update of the <a href=\"https:\/\/www.upjs.sk\/public\/media\/2062\/long-term-strategy-of-upjs-2020-2025.pdf\" target=\"_blank\" rel=\"noopener\">Long-term strategy of UPJ\u0160 for the years 2020 &#8211; 2025<\/a><\/p>\n<hr \/>\n<p>List of documents<\/p>\n<ul>\n<li><a href=\"https:\/\/www.upjs.sk\/public\/media\/2062\/statute-of-upjs-2021.pdf\" target=\"_blank\" rel=\"noopener\">Statute of UPJ\u0160<\/a><\/li>\n<li><a href=\"https:\/\/www.upjs.sk\/public\/media\/2062\/long-term-strategy-of-upjs-2020-2025.pdf\" target=\"_blank\" rel=\"noopener\">Long-term strategy of UPJ\u0160 for the years 2020 &#8211; 2025<\/a><\/li>\n<li><a href=\"https:\/\/intranet.upjs.sk\/op\/op.Public.php?documentid=5890\" target=\"_blank\" rel=\"noopener\">Rector&#8217;s decision no. 8\/2021 issuing the Rules of the Internal Quality Assurance and Verification System of education, scientific, research, development, artistic or other creative and supportive activities at Pavol Jozef \u0160af\u00e1rik University in Ko\u0161ice<\/a><\/li>\n<\/ul>\n","protected":false},"excerpt":{"rendered":"<p>\u201eAnticipate the need for change and make it in time, is the key to advancing the university .&#8221; The quality culture at UPJ\u0160 is expressed by the vision, values and constant support of the university management to the process of improvement. The quality culture is embodied in strategic goals, the fulfillment of which is monitored &hellip; <a href=\"https:\/\/www.upjs.sk\/en\/internal-system-evaluation-quality\/culture\/\">Continued<\/a><\/p>\n","protected":false},"author":1,"featured_media":1876,"parent":41250,"menu_order":6,"comment_status":"closed","ping_status":"closed","template":"","meta":{"_acf_changed":false,"_editorskit_title_hidden":false,"_editorskit_reading_time":0,"_editorskit_is_block_options_detached":false,"_editorskit_block_options_position":"{}","footnotes":""},"categories":[],"tags":[],"class_list":["post-41259","page","type-page","status-publish","has-post-thumbnail","hentry"],"acf":{"acf_link_na_externy_obsah":""},"yoast_head":"<!-- This site is optimized with the Yoast SEO plugin v27.5 - https:\/\/yoast.com\/product\/yoast-seo-wordpress\/ -->\n<title>Quality culture - UPJ\u0160 Ko\u0161ice<\/title>\n<meta name=\"robots\" content=\"index, follow, max-snippet:-1, max-image-preview:large, max-video-preview:-1\" \/>\n<link rel=\"canonical\" href=\"https:\/\/www.upjs.sk\/en\/internal-system-evaluation-quality\/culture\/\" \/>\n<meta property=\"og:locale\" content=\"en_US\" \/>\n<meta property=\"og:type\" content=\"article\" \/>\n<meta property=\"og:title\" content=\"Quality culture - UPJ\u0160 Ko\u0161ice\" \/>\n<meta property=\"og:description\" content=\"\u201eAnticipate the need for change and make it in time, is the key to advancing the university .&#8221; The quality culture at UPJ\u0160 is expressed by the vision, values and constant support of the university management to the process of improvement. The quality culture is embodied in strategic goals, the fulfillment of which is monitored &hellip; Continued\" \/>\n<meta property=\"og:url\" content=\"https:\/\/www.upjs.sk\/en\/internal-system-evaluation-quality\/culture\/\" \/>\n<meta property=\"og:site_name\" content=\"UPJ\u0160 Ko\u0161ice\" \/>\n<meta property=\"article:publisher\" content=\"https:\/\/www.facebook.com\/UniverzitaPavlaJozefaSafarikaVkosiciach\/\" \/>\n<meta property=\"article:modified_time\" content=\"2023-02-06T10:18:06+00:00\" \/>\n<meta property=\"og:image\" content=\"https:\/\/www.upjs.sk\/app\/uploads\/2022\/08\/kultura-kvality-obr.jpg\" \/>\n\t<meta property=\"og:image:width\" content=\"400\" \/>\n\t<meta property=\"og:image:height\" content=\"315\" \/>\n\t<meta property=\"og:image:type\" content=\"image\/jpeg\" \/>\n<meta name=\"twitter:card\" content=\"summary_large_image\" \/>\n<meta name=\"twitter:site\" content=\"@UPJS_kosice\" \/>\n<meta name=\"twitter:label1\" content=\"Est. reading time\" \/>\n\t<meta name=\"twitter:data1\" content=\"3 minutes\" \/>\n<script type=\"application\/ld+json\" class=\"yoast-schema-graph\">{\"@context\":\"https:\\\/\\\/schema.org\",\"@graph\":[{\"@type\":\"WebPage\",\"@id\":\"https:\\\/\\\/www.upjs.sk\\\/en\\\/internal-system-evaluation-quality\\\/culture\\\/\",\"url\":\"https:\\\/\\\/www.upjs.sk\\\/en\\\/internal-system-evaluation-quality\\\/culture\\\/\",\"name\":\"Quality culture - UPJ\u0160 Ko\u0161ice\",\"isPartOf\":{\"@id\":\"https:\\\/\\\/www.upjs.sk\\\/en\\\/#website\"},\"primaryImageOfPage\":{\"@id\":\"https:\\\/\\\/www.upjs.sk\\\/en\\\/internal-system-evaluation-quality\\\/culture\\\/#primaryimage\"},\"image\":{\"@id\":\"https:\\\/\\\/www.upjs.sk\\\/en\\\/internal-system-evaluation-quality\\\/culture\\\/#primaryimage\"},\"thumbnailUrl\":\"https:\\\/\\\/www.upjs.sk\\\/app\\\/uploads\\\/2022\\\/08\\\/kultura-kvality-obr.jpg\",\"datePublished\":\"2021-04-23T08:48:15+00:00\",\"dateModified\":\"2023-02-06T10:18:06+00:00\",\"breadcrumb\":{\"@id\":\"https:\\\/\\\/www.upjs.sk\\\/en\\\/internal-system-evaluation-quality\\\/culture\\\/#breadcrumb\"},\"inLanguage\":\"en-US\",\"potentialAction\":[{\"@type\":\"ReadAction\",\"target\":[\"https:\\\/\\\/www.upjs.sk\\\/en\\\/internal-system-evaluation-quality\\\/culture\\\/\"]}]},{\"@type\":\"ImageObject\",\"inLanguage\":\"en-US\",\"@id\":\"https:\\\/\\\/www.upjs.sk\\\/en\\\/internal-system-evaluation-quality\\\/culture\\\/#primaryimage\",\"url\":\"https:\\\/\\\/www.upjs.sk\\\/app\\\/uploads\\\/2022\\\/08\\\/kultura-kvality-obr.jpg\",\"contentUrl\":\"https:\\\/\\\/www.upjs.sk\\\/app\\\/uploads\\\/2022\\\/08\\\/kultura-kvality-obr.jpg\",\"width\":400,\"height\":315},{\"@type\":\"BreadcrumbList\",\"@id\":\"https:\\\/\\\/www.upjs.sk\\\/en\\\/internal-system-evaluation-quality\\\/culture\\\/#breadcrumb\",\"itemListElement\":[{\"@type\":\"ListItem\",\"position\":1,\"name\":\"Home\",\"item\":\"https:\\\/\\\/www.upjs.sk\\\/en\\\/\"},{\"@type\":\"ListItem\",\"position\":2,\"name\":\"Internal quality assurance and verification system\",\"item\":\"https:\\\/\\\/www.upjs.sk\\\/en\\\/internal-system-evaluation-quality\\\/\"},{\"@type\":\"ListItem\",\"position\":3,\"name\":\"Quality culture\"}]},{\"@type\":\"WebSite\",\"@id\":\"https:\\\/\\\/www.upjs.sk\\\/en\\\/#website\",\"url\":\"https:\\\/\\\/www.upjs.sk\\\/en\\\/\",\"name\":\"UPJ\u0160 Ko\u0161ice\",\"description\":\"Wisdom of the Past, Knowledge of the Present, Education of the Future\",\"publisher\":{\"@id\":\"https:\\\/\\\/www.upjs.sk\\\/en\\\/#organization\"},\"potentialAction\":[{\"@type\":\"SearchAction\",\"target\":{\"@type\":\"EntryPoint\",\"urlTemplate\":\"https:\\\/\\\/www.upjs.sk\\\/en\\\/?s={search_term_string}\"},\"query-input\":{\"@type\":\"PropertyValueSpecification\",\"valueRequired\":true,\"valueName\":\"search_term_string\"}}],\"inLanguage\":\"en-US\"},{\"@type\":\"Organization\",\"@id\":\"https:\\\/\\\/www.upjs.sk\\\/en\\\/#organization\",\"name\":\"UPJ\u0160 Ko\u0161ice\",\"url\":\"https:\\\/\\\/www.upjs.sk\\\/en\\\/\",\"logo\":{\"@type\":\"ImageObject\",\"inLanguage\":\"en-US\",\"@id\":\"https:\\\/\\\/www.upjs.sk\\\/en\\\/#\\\/schema\\\/logo\\\/image\\\/\",\"url\":\"https:\\\/\\\/www.upjs.sk\\\/app\\\/uploads\\\/2023\\\/01\\\/UPJS_ENG_esymbol.svg\",\"contentUrl\":\"https:\\\/\\\/www.upjs.sk\\\/app\\\/uploads\\\/2023\\\/01\\\/UPJS_ENG_esymbol.svg\",\"width\":448,\"height\":139,\"caption\":\"UPJ\u0160 Ko\u0161ice\"},\"image\":{\"@id\":\"https:\\\/\\\/www.upjs.sk\\\/en\\\/#\\\/schema\\\/logo\\\/image\\\/\"},\"sameAs\":[\"https:\\\/\\\/www.facebook.com\\\/UniverzitaPavlaJozefaSafarikaVkosiciach\\\/\",\"https:\\\/\\\/x.com\\\/UPJS_kosice\",\"https:\\\/\\\/www.instagram.com\\\/upjs_kosice\",\"https:\\\/\\\/www.linkedin.com\\\/company\\\/pavol-jozef-afrik-university-in-koice\\\/\"]}]}<\/script>\n<!-- \/ Yoast SEO plugin. -->","yoast_head_json":{"title":"Quality culture - UPJ\u0160 Ko\u0161ice","robots":{"index":"index","follow":"follow","max-snippet":"max-snippet:-1","max-image-preview":"max-image-preview:large","max-video-preview":"max-video-preview:-1"},"canonical":"https:\/\/www.upjs.sk\/en\/internal-system-evaluation-quality\/culture\/","og_locale":"en_US","og_type":"article","og_title":"Quality culture - UPJ\u0160 Ko\u0161ice","og_description":"\u201eAnticipate the need for change and make it in time, is the key to advancing the university .&#8221; The quality culture at UPJ\u0160 is expressed by the vision, values and constant support of the university management to the process of improvement. The quality culture is embodied in strategic goals, the fulfillment of which is monitored &hellip; Continued","og_url":"https:\/\/www.upjs.sk\/en\/internal-system-evaluation-quality\/culture\/","og_site_name":"UPJ\u0160 Ko\u0161ice","article_publisher":"https:\/\/www.facebook.com\/UniverzitaPavlaJozefaSafarikaVkosiciach\/","article_modified_time":"2023-02-06T10:18:06+00:00","og_image":[{"width":400,"height":315,"url":"https:\/\/www.upjs.sk\/app\/uploads\/2022\/08\/kultura-kvality-obr.jpg","type":"image\/jpeg"}],"twitter_card":"summary_large_image","twitter_site":"@UPJS_kosice","twitter_misc":{"Est. reading time":"3 minutes"},"schema":{"@context":"https:\/\/schema.org","@graph":[{"@type":"WebPage","@id":"https:\/\/www.upjs.sk\/en\/internal-system-evaluation-quality\/culture\/","url":"https:\/\/www.upjs.sk\/en\/internal-system-evaluation-quality\/culture\/","name":"Quality culture - UPJ\u0160 Ko\u0161ice","isPartOf":{"@id":"https:\/\/www.upjs.sk\/en\/#website"},"primaryImageOfPage":{"@id":"https:\/\/www.upjs.sk\/en\/internal-system-evaluation-quality\/culture\/#primaryimage"},"image":{"@id":"https:\/\/www.upjs.sk\/en\/internal-system-evaluation-quality\/culture\/#primaryimage"},"thumbnailUrl":"https:\/\/www.upjs.sk\/app\/uploads\/2022\/08\/kultura-kvality-obr.jpg","datePublished":"2021-04-23T08:48:15+00:00","dateModified":"2023-02-06T10:18:06+00:00","breadcrumb":{"@id":"https:\/\/www.upjs.sk\/en\/internal-system-evaluation-quality\/culture\/#breadcrumb"},"inLanguage":"en-US","potentialAction":[{"@type":"ReadAction","target":["https:\/\/www.upjs.sk\/en\/internal-system-evaluation-quality\/culture\/"]}]},{"@type":"ImageObject","inLanguage":"en-US","@id":"https:\/\/www.upjs.sk\/en\/internal-system-evaluation-quality\/culture\/#primaryimage","url":"https:\/\/www.upjs.sk\/app\/uploads\/2022\/08\/kultura-kvality-obr.jpg","contentUrl":"https:\/\/www.upjs.sk\/app\/uploads\/2022\/08\/kultura-kvality-obr.jpg","width":400,"height":315},{"@type":"BreadcrumbList","@id":"https:\/\/www.upjs.sk\/en\/internal-system-evaluation-quality\/culture\/#breadcrumb","itemListElement":[{"@type":"ListItem","position":1,"name":"Home","item":"https:\/\/www.upjs.sk\/en\/"},{"@type":"ListItem","position":2,"name":"Internal quality assurance and verification system","item":"https:\/\/www.upjs.sk\/en\/internal-system-evaluation-quality\/"},{"@type":"ListItem","position":3,"name":"Quality culture"}]},{"@type":"WebSite","@id":"https:\/\/www.upjs.sk\/en\/#website","url":"https:\/\/www.upjs.sk\/en\/","name":"UPJ\u0160 Ko\u0161ice","description":"Wisdom of the Past, Knowledge of the Present, Education of the Future","publisher":{"@id":"https:\/\/www.upjs.sk\/en\/#organization"},"potentialAction":[{"@type":"SearchAction","target":{"@type":"EntryPoint","urlTemplate":"https:\/\/www.upjs.sk\/en\/?s={search_term_string}"},"query-input":{"@type":"PropertyValueSpecification","valueRequired":true,"valueName":"search_term_string"}}],"inLanguage":"en-US"},{"@type":"Organization","@id":"https:\/\/www.upjs.sk\/en\/#organization","name":"UPJ\u0160 Ko\u0161ice","url":"https:\/\/www.upjs.sk\/en\/","logo":{"@type":"ImageObject","inLanguage":"en-US","@id":"https:\/\/www.upjs.sk\/en\/#\/schema\/logo\/image\/","url":"https:\/\/www.upjs.sk\/app\/uploads\/2023\/01\/UPJS_ENG_esymbol.svg","contentUrl":"https:\/\/www.upjs.sk\/app\/uploads\/2023\/01\/UPJS_ENG_esymbol.svg","width":448,"height":139,"caption":"UPJ\u0160 Ko\u0161ice"},"image":{"@id":"https:\/\/www.upjs.sk\/en\/#\/schema\/logo\/image\/"},"sameAs":["https:\/\/www.facebook.com\/UniverzitaPavlaJozefaSafarikaVkosiciach\/","https:\/\/x.com\/UPJS_kosice","https:\/\/www.instagram.com\/upjs_kosice","https:\/\/www.linkedin.com\/company\/pavol-jozef-afrik-university-in-koice\/"]}]}},"_links":{"self":[{"href":"https:\/\/www.upjs.sk\/en\/wp-json\/wp\/v2\/pages\/41259","targetHints":{"allow":["GET"]}}],"collection":[{"href":"https:\/\/www.upjs.sk\/en\/wp-json\/wp\/v2\/pages"}],"about":[{"href":"https:\/\/www.upjs.sk\/en\/wp-json\/wp\/v2\/types\/page"}],"author":[{"embeddable":true,"href":"https:\/\/www.upjs.sk\/en\/wp-json\/wp\/v2\/users\/1"}],"replies":[{"embeddable":true,"href":"https:\/\/www.upjs.sk\/en\/wp-json\/wp\/v2\/comments?post=41259"}],"version-history":[{"count":4,"href":"https:\/\/www.upjs.sk\/en\/wp-json\/wp\/v2\/pages\/41259\/revisions"}],"predecessor-version":[{"id":52729,"href":"https:\/\/www.upjs.sk\/en\/wp-json\/wp\/v2\/pages\/41259\/revisions\/52729"}],"up":[{"embeddable":true,"href":"https:\/\/www.upjs.sk\/en\/wp-json\/wp\/v2\/pages\/41250"}],"wp:featuredmedia":[{"embeddable":true,"href":"https:\/\/www.upjs.sk\/en\/wp-json\/wp\/v2\/media\/1876"}],"wp:attachment":[{"href":"https:\/\/www.upjs.sk\/en\/wp-json\/wp\/v2\/media?parent=41259"}],"wp:term":[{"taxonomy":"category","embeddable":true,"href":"https:\/\/www.upjs.sk\/en\/wp-json\/wp\/v2\/categories?post=41259"},{"taxonomy":"post_tag","embeddable":true,"href":"https:\/\/www.upjs.sk\/en\/wp-json\/wp\/v2\/tags?post=41259"}],"curies":[{"name":"wp","href":"https:\/\/api.w.org\/{rel}","templated":true}]}}