{"id":41273,"date":"2018-10-19T13:43:08","date_gmt":"2018-10-19T13:43:08","guid":{"rendered":"https:\/\/www.upjs.sk\/strategic-framework-for-gender-equality-policy-at-upjs-in-kosice-kat_id-2482\/"},"modified":"2026-03-12T10:16:44","modified_gmt":"2026-03-12T09:16:44","slug":"strategic-framework","status":"publish","type":"page","link":"https:\/\/www.upjs.sk\/en\/university\/strategic-framework\/","title":{"rendered":"Strategic Framework for Gender Equality Policy at UPJ\u0160 in Ko\u0161ice"},"content":{"rendered":"<ul>\n<li><a href=\"https:\/\/www.upjs.sk\/app\/uploads\/2022\/11\/Gender-Equality-Plan-UPJS-2022.pdf\" target=\"_blank\" rel=\"noopener\"><strong>Gender Equality Plan of UPJ\u0160 for the period of 2022 \u2013 2025<\/strong><\/a> <span style=\"font-size: 11px;\"><strong><span style=\"color: #c0392b;\">new<\/span><\/strong><\/span><\/li>\n<li><a href=\"https:\/\/www.upjs.sk\/app\/uploads\/2026\/03\/EN_preklad_Dodatok-1-k-Planu-RR.pdf\" target=\"_blank\" rel=\"noopener\">Amendment No.1 to the Gender Equality Plan at UPJ\u0160 in Ko\u0161ice<\/a><\/li>\n<li><a href=\"https:\/\/www.upjs.sk\/app\/uploads\/2022\/11\/Strategic-Framework-for-Gender-Equality-Policy-at-UPJS.pdf\" target=\"_blank\" rel=\"noopener\">Strategic Framework for Gender Equality Policy at UPJ\u0160 in Ko\u0161ice<\/a><br \/>\n<a href=\"https:\/\/www.upjs.sk\/app\/uploads\/2022\/11\/Strategic-Framework-annex2.pdf\" target=\"_blank\" rel=\"noopener\">Annex No. 2<\/a><br \/>\n<a href=\"https:\/\/www.upjs.sk\/app\/uploads\/2022\/11\/Strategic-Framework-annex3.pdf\" target=\"_blank\" rel=\"noopener\">Annex No. 3<\/a><\/li>\n<\/ul>\n","protected":false},"excerpt":{"rendered":"<p>Gender Equality Plan of UPJ\u0160 for the period of 2022 \u2013 2025 new Amendment No.1 to the Gender Equality Plan at UPJ\u0160 in Ko\u0161ice Strategic Framework for Gender Equality Policy at UPJ\u0160 in Ko\u0161ice Annex No. 2 Annex No. 3<\/p>\n","protected":false},"author":1,"featured_media":0,"parent":41191,"menu_order":8,"comment_status":"closed","ping_status":"closed","template":"","meta":{"_acf_changed":false,"_editorskit_title_hidden":false,"_editorskit_reading_time":1,"_editorskit_is_block_options_detached":false,"_editorskit_block_options_position":"{}","footnotes":""},"categories":[],"tags":[],"class_list":["post-41273","page","type-page","status-publish","hentry"],"acf":{"acf_link_na_externy_obsah":""},"yoast_head":"<!-- This site is optimized with the Yoast SEO plugin v27.4 - https:\/\/yoast.com\/product\/yoast-seo-wordpress\/ -->\n<title>Strategic Framework for Gender Equality Policy at UPJ\u0160 in Ko\u0161ice - UPJ\u0160 Ko\u0161ice<\/title>\n<meta name=\"robots\" content=\"index, follow, max-snippet:-1, max-image-preview:large, max-video-preview:-1\" \/>\n<link rel=\"canonical\" href=\"https:\/\/www.upjs.sk\/en\/university\/strategic-framework\/\" \/>\n<meta property=\"og:locale\" content=\"en_US\" \/>\n<meta property=\"og:type\" content=\"article\" \/>\n<meta property=\"og:title\" content=\"Strategic Framework for Gender Equality Policy at UPJ\u0160 in Ko\u0161ice - UPJ\u0160 Ko\u0161ice\" \/>\n<meta property=\"og:description\" content=\"Gender Equality Plan of UPJ\u0160 for the period of 2022 \u2013 2025 new Amendment No.1 to the Gender Equality Plan at UPJ\u0160 in Ko\u0161ice Strategic Framework for Gender Equality Policy at UPJ\u0160 in Ko\u0161ice Annex No. 2 Annex No. 3\" \/>\n<meta property=\"og:url\" content=\"https:\/\/www.upjs.sk\/en\/university\/strategic-framework\/\" \/>\n<meta property=\"og:site_name\" content=\"UPJ\u0160 Ko\u0161ice\" \/>\n<meta property=\"article:publisher\" content=\"https:\/\/www.facebook.com\/UniverzitaPavlaJozefaSafarikaVkosiciach\/\" \/>\n<meta property=\"article:modified_time\" content=\"2026-03-12T09:16:44+00:00\" \/>\n<meta name=\"twitter:card\" content=\"summary_large_image\" \/>\n<meta name=\"twitter:site\" content=\"@UPJS_kosice\" \/>\n<meta name=\"twitter:label1\" content=\"Est. reading time\" \/>\n\t<meta name=\"twitter:data1\" content=\"1 minute\" \/>\n<script type=\"application\/ld+json\" class=\"yoast-schema-graph\">{\"@context\":\"https:\\\/\\\/schema.org\",\"@graph\":[{\"@type\":\"WebPage\",\"@id\":\"https:\\\/\\\/www.upjs.sk\\\/en\\\/university\\\/strategic-framework\\\/\",\"url\":\"https:\\\/\\\/www.upjs.sk\\\/en\\\/university\\\/strategic-framework\\\/\",\"name\":\"Strategic Framework for Gender Equality Policy at UPJ\u0160 in Ko\u0161ice - UPJ\u0160 Ko\u0161ice\",\"isPartOf\":{\"@id\":\"https:\\\/\\\/www.upjs.sk\\\/en\\\/#website\"},\"datePublished\":\"2018-10-19T13:43:08+00:00\",\"dateModified\":\"2026-03-12T09:16:44+00:00\",\"breadcrumb\":{\"@id\":\"https:\\\/\\\/www.upjs.sk\\\/en\\\/university\\\/strategic-framework\\\/#breadcrumb\"},\"inLanguage\":\"en-US\",\"potentialAction\":[{\"@type\":\"ReadAction\",\"target\":[\"https:\\\/\\\/www.upjs.sk\\\/en\\\/university\\\/strategic-framework\\\/\"]}]},{\"@type\":\"BreadcrumbList\",\"@id\":\"https:\\\/\\\/www.upjs.sk\\\/en\\\/university\\\/strategic-framework\\\/#breadcrumb\",\"itemListElement\":[{\"@type\":\"ListItem\",\"position\":1,\"name\":\"Home\",\"item\":\"https:\\\/\\\/www.upjs.sk\\\/en\\\/\"},{\"@type\":\"ListItem\",\"position\":2,\"name\":\"University\",\"item\":\"https:\\\/\\\/www.upjs.sk\\\/en\\\/university\\\/\"},{\"@type\":\"ListItem\",\"position\":3,\"name\":\"Strategic Framework for Gender Equality Policy at UPJ\u0160 in Ko\u0161ice\"}]},{\"@type\":\"WebSite\",\"@id\":\"https:\\\/\\\/www.upjs.sk\\\/en\\\/#website\",\"url\":\"https:\\\/\\\/www.upjs.sk\\\/en\\\/\",\"name\":\"UPJ\u0160 Ko\u0161ice\",\"description\":\"Wisdom of the Past, Knowledge of the Present, Education of the Future\",\"publisher\":{\"@id\":\"https:\\\/\\\/www.upjs.sk\\\/en\\\/#organization\"},\"potentialAction\":[{\"@type\":\"SearchAction\",\"target\":{\"@type\":\"EntryPoint\",\"urlTemplate\":\"https:\\\/\\\/www.upjs.sk\\\/en\\\/?s={search_term_string}\"},\"query-input\":{\"@type\":\"PropertyValueSpecification\",\"valueRequired\":true,\"valueName\":\"search_term_string\"}}],\"inLanguage\":\"en-US\"},{\"@type\":\"Organization\",\"@id\":\"https:\\\/\\\/www.upjs.sk\\\/en\\\/#organization\",\"name\":\"UPJ\u0160 Ko\u0161ice\",\"url\":\"https:\\\/\\\/www.upjs.sk\\\/en\\\/\",\"logo\":{\"@type\":\"ImageObject\",\"inLanguage\":\"en-US\",\"@id\":\"https:\\\/\\\/www.upjs.sk\\\/en\\\/#\\\/schema\\\/logo\\\/image\\\/\",\"url\":\"https:\\\/\\\/www.upjs.sk\\\/app\\\/uploads\\\/2023\\\/01\\\/UPJS_ENG_esymbol.svg\",\"contentUrl\":\"https:\\\/\\\/www.upjs.sk\\\/app\\\/uploads\\\/2023\\\/01\\\/UPJS_ENG_esymbol.svg\",\"width\":448,\"height\":139,\"caption\":\"UPJ\u0160 Ko\u0161ice\"},\"image\":{\"@id\":\"https:\\\/\\\/www.upjs.sk\\\/en\\\/#\\\/schema\\\/logo\\\/image\\\/\"},\"sameAs\":[\"https:\\\/\\\/www.facebook.com\\\/UniverzitaPavlaJozefaSafarikaVkosiciach\\\/\",\"https:\\\/\\\/x.com\\\/UPJS_kosice\",\"https:\\\/\\\/www.instagram.com\\\/upjs_kosice\",\"https:\\\/\\\/www.linkedin.com\\\/company\\\/pavol-jozef-afrik-university-in-koice\\\/\"]}]}<\/script>\n<!-- \/ Yoast SEO plugin. -->","yoast_head_json":{"title":"Strategic Framework for Gender Equality Policy at UPJ\u0160 in Ko\u0161ice - UPJ\u0160 Ko\u0161ice","robots":{"index":"index","follow":"follow","max-snippet":"max-snippet:-1","max-image-preview":"max-image-preview:large","max-video-preview":"max-video-preview:-1"},"canonical":"https:\/\/www.upjs.sk\/en\/university\/strategic-framework\/","og_locale":"en_US","og_type":"article","og_title":"Strategic Framework for Gender Equality Policy at UPJ\u0160 in Ko\u0161ice - UPJ\u0160 Ko\u0161ice","og_description":"Gender Equality Plan of UPJ\u0160 for the period of 2022 \u2013 2025 new Amendment No.1 to the Gender Equality Plan at UPJ\u0160 in Ko\u0161ice Strategic Framework for Gender Equality Policy at UPJ\u0160 in Ko\u0161ice Annex No. 2 Annex No. 3","og_url":"https:\/\/www.upjs.sk\/en\/university\/strategic-framework\/","og_site_name":"UPJ\u0160 Ko\u0161ice","article_publisher":"https:\/\/www.facebook.com\/UniverzitaPavlaJozefaSafarikaVkosiciach\/","article_modified_time":"2026-03-12T09:16:44+00:00","twitter_card":"summary_large_image","twitter_site":"@UPJS_kosice","twitter_misc":{"Est. reading time":"1 minute"},"schema":{"@context":"https:\/\/schema.org","@graph":[{"@type":"WebPage","@id":"https:\/\/www.upjs.sk\/en\/university\/strategic-framework\/","url":"https:\/\/www.upjs.sk\/en\/university\/strategic-framework\/","name":"Strategic Framework for Gender Equality Policy at UPJ\u0160 in Ko\u0161ice - UPJ\u0160 Ko\u0161ice","isPartOf":{"@id":"https:\/\/www.upjs.sk\/en\/#website"},"datePublished":"2018-10-19T13:43:08+00:00","dateModified":"2026-03-12T09:16:44+00:00","breadcrumb":{"@id":"https:\/\/www.upjs.sk\/en\/university\/strategic-framework\/#breadcrumb"},"inLanguage":"en-US","potentialAction":[{"@type":"ReadAction","target":["https:\/\/www.upjs.sk\/en\/university\/strategic-framework\/"]}]},{"@type":"BreadcrumbList","@id":"https:\/\/www.upjs.sk\/en\/university\/strategic-framework\/#breadcrumb","itemListElement":[{"@type":"ListItem","position":1,"name":"Home","item":"https:\/\/www.upjs.sk\/en\/"},{"@type":"ListItem","position":2,"name":"University","item":"https:\/\/www.upjs.sk\/en\/university\/"},{"@type":"ListItem","position":3,"name":"Strategic Framework for Gender Equality Policy at UPJ\u0160 in Ko\u0161ice"}]},{"@type":"WebSite","@id":"https:\/\/www.upjs.sk\/en\/#website","url":"https:\/\/www.upjs.sk\/en\/","name":"UPJ\u0160 Ko\u0161ice","description":"Wisdom of the Past, Knowledge of the Present, Education of the Future","publisher":{"@id":"https:\/\/www.upjs.sk\/en\/#organization"},"potentialAction":[{"@type":"SearchAction","target":{"@type":"EntryPoint","urlTemplate":"https:\/\/www.upjs.sk\/en\/?s={search_term_string}"},"query-input":{"@type":"PropertyValueSpecification","valueRequired":true,"valueName":"search_term_string"}}],"inLanguage":"en-US"},{"@type":"Organization","@id":"https:\/\/www.upjs.sk\/en\/#organization","name":"UPJ\u0160 Ko\u0161ice","url":"https:\/\/www.upjs.sk\/en\/","logo":{"@type":"ImageObject","inLanguage":"en-US","@id":"https:\/\/www.upjs.sk\/en\/#\/schema\/logo\/image\/","url":"https:\/\/www.upjs.sk\/app\/uploads\/2023\/01\/UPJS_ENG_esymbol.svg","contentUrl":"https:\/\/www.upjs.sk\/app\/uploads\/2023\/01\/UPJS_ENG_esymbol.svg","width":448,"height":139,"caption":"UPJ\u0160 Ko\u0161ice"},"image":{"@id":"https:\/\/www.upjs.sk\/en\/#\/schema\/logo\/image\/"},"sameAs":["https:\/\/www.facebook.com\/UniverzitaPavlaJozefaSafarikaVkosiciach\/","https:\/\/x.com\/UPJS_kosice","https:\/\/www.instagram.com\/upjs_kosice","https:\/\/www.linkedin.com\/company\/pavol-jozef-afrik-university-in-koice\/"]}]}},"_links":{"self":[{"href":"https:\/\/www.upjs.sk\/en\/wp-json\/wp\/v2\/pages\/41273","targetHints":{"allow":["GET"]}}],"collection":[{"href":"https:\/\/www.upjs.sk\/en\/wp-json\/wp\/v2\/pages"}],"about":[{"href":"https:\/\/www.upjs.sk\/en\/wp-json\/wp\/v2\/types\/page"}],"author":[{"embeddable":true,"href":"https:\/\/www.upjs.sk\/en\/wp-json\/wp\/v2\/users\/1"}],"replies":[{"embeddable":true,"href":"https:\/\/www.upjs.sk\/en\/wp-json\/wp\/v2\/comments?post=41273"}],"version-history":[{"count":5,"href":"https:\/\/www.upjs.sk\/en\/wp-json\/wp\/v2\/pages\/41273\/revisions"}],"predecessor-version":[{"id":102873,"href":"https:\/\/www.upjs.sk\/en\/wp-json\/wp\/v2\/pages\/41273\/revisions\/102873"}],"up":[{"embeddable":true,"href":"https:\/\/www.upjs.sk\/en\/wp-json\/wp\/v2\/pages\/41191"}],"wp:attachment":[{"href":"https:\/\/www.upjs.sk\/en\/wp-json\/wp\/v2\/media?parent=41273"}],"wp:term":[{"taxonomy":"category","embeddable":true,"href":"https:\/\/www.upjs.sk\/en\/wp-json\/wp\/v2\/categories?post=41273"},{"taxonomy":"post_tag","embeddable":true,"href":"https:\/\/www.upjs.sk\/en\/wp-json\/wp\/v2\/tags?post=41273"}],"curies":[{"name":"wp","href":"https:\/\/api.w.org\/{rel}","templated":true}]}}