{"id":41287,"date":"2019-01-31T20:14:34","date_gmt":"2019-01-31T20:14:34","guid":{"rendered":"https:\/\/www.upjs.sk\/studies-at-upjs-kat_id-2488\/"},"modified":"2024-04-23T13:55:28","modified_gmt":"2024-04-23T11:55:28","slug":"studies-at-upjs","status":"publish","type":"page","link":"https:\/\/www.upjs.sk\/en\/university\/studies-at-upjs\/","title":{"rendered":"Studies at UPJ\u0160"},"content":{"rendered":"\n<p>Pavol Jozef \u0160af\u00e1rik University in Ko\u0161ice ranks among important and recognized educational and scientific institutions not just in the Slovak Republic but also in advanced Europe. At present, the University consists of the Faculties of Medicine, Science, Law, Public Administration, and the Faculty of Arts that educate physicians, experts in natural sciences, mathematics and information science, teachers, legal professionals, public administration specialists, psychologists, social workers, political scientists, historians, translators and interpreters, experts in the English language and linguistics, literary scholarship and cultures of the English speaking countries, gender studies, specialists in philosophy, applied ethics, mass media studies, teachers of Slovak, English, Latin languages and literatures, psychology in double-major study programmes. Graduates from this second oldest classical Slovak university have a good reputation both in this country and abroad.<\/p>\n\n\n\n<ul class=\"wp-block-list\">\n<li><a href=\"http:\/\/www.upjs.sk\/en\/actualities\/electronic-application\">Application Procedure<\/a><\/li>\n\n\n\n<li><a aria-label=\"Rector\u2019s Decision no. 4\/2023 (opens in a new tab)\" href=\"https:\/\/intranet.upjs.sk\/op\/op.Public.php?documentid=8224\" target=\"_blank\" rel=\"noreferrer noopener\" class=\"ek-link\">Rector\u2019s Decision no. 4\/2023<\/a> on the determination of tuition fees, fees associated with studies and on the reimbursement of costs associated with increasing qualifications in the academic year 2023\/2024 at UPJ\u0160 in Ko\u0161ice<\/li>\n\n\n\n<li><a href=\"https:\/\/intranet.upjs.sk\/op\/op.Public.php?documentid=9291\" target=\"_blank\" aria-label=\"Rector\u2019s Decision no. 6\/2024 (opens in a new tab)\" rel=\"noreferrer noopener\" class=\"ek-link\">Rector\u2019s Decision no. 6\/2024<\/a> on the determination of tuition fees, fees associated with studies and on the reimbursement of costs associated with increasing qualifications in the academic year 2024\/2025 at UPJ\u0160 in Ko\u0161ice<\/li>\n<\/ul>\n\n\n\n<div style=\"height:21px\" aria-hidden=\"true\" class=\"wp-block-spacer\"><\/div>\n\n\n\n<p><strong>Studies in English<\/strong><\/p>\n\n\n\n<ul class=\"wp-block-list\">\n<li><a href=\"https:\/\/www.upjs.sk\/lekarska-fakulta\/en\/\">Faculty of Medicine<\/a><\/li>\n\n\n\n<li><a href=\"https:\/\/www.upjs.sk\/prirodovedecka-fakulta\/en\/\">Faculty of Science<\/a><\/li>\n\n\n\n<li><a href=\"https:\/\/www.upjs.sk\/pravnicka-fakulta\/en\/\">Faculty of Law<\/a><\/li>\n\n\n\n<li><a href=\"https:\/\/www.upjs.sk\/fakulta-verejnej-spravy\/en\/\">Faculty of Public administration<\/a><\/li>\n\n\n\n<li><a href=\"https:\/\/www.upjs.sk\/filozoficka-fakulta\/en\/\">Faculty of Arts<\/a><\/li>\n<\/ul>\n\n\n\n<div style=\"height:21px\" aria-hidden=\"true\" class=\"wp-block-spacer\"><\/div>\n\n\n\n<p><strong><a href=\"https:\/\/www.upjs.sk\/uk\/o-univerzite\/zaujemcovia-o-studium\/\" class=\"ek-link\">Information in Ukrainian<\/a><\/strong><\/p>\n","protected":false},"excerpt":{"rendered":"<p>Pavol Jozef \u0160af\u00e1rik University in Ko\u0161ice ranks among important and recognized educational and scientific institutions not just in the Slovak Republic but also in advanced Europe. At present, the University consists of the Faculties of Medicine, Science, Law, Public Administration, and the Faculty of Arts that educate physicians, experts in natural sciences, mathematics and information &hellip; <a href=\"https:\/\/www.upjs.sk\/en\/university\/studies-at-upjs\/\">Continued<\/a><\/p>\n","protected":false},"author":1,"featured_media":41288,"parent":41191,"menu_order":9,"comment_status":"closed","ping_status":"closed","template":"","meta":{"_acf_changed":false,"_editorskit_title_hidden":false,"_editorskit_reading_time":1,"_editorskit_is_block_options_detached":false,"_editorskit_block_options_position":"{}","footnotes":""},"categories":[],"tags":[],"class_list":["post-41287","page","type-page","status-publish","has-post-thumbnail","hentry"],"acf":{"acf_link_na_externy_obsah":""},"yoast_head":"<!-- This site is optimized with the Yoast SEO plugin v27.2 - https:\/\/yoast.com\/product\/yoast-seo-wordpress\/ -->\n<title>Studies at UPJ\u0160 - UPJ\u0160 Ko\u0161ice<\/title>\n<meta name=\"robots\" content=\"index, follow, max-snippet:-1, max-image-preview:large, max-video-preview:-1\" \/>\n<link rel=\"canonical\" href=\"https:\/\/www.upjs.sk\/en\/university\/studies-at-upjs\/\" \/>\n<meta property=\"og:locale\" content=\"en_US\" \/>\n<meta property=\"og:type\" content=\"article\" \/>\n<meta property=\"og:title\" content=\"Studies at UPJ\u0160 - UPJ\u0160 Ko\u0161ice\" \/>\n<meta property=\"og:description\" content=\"Pavol Jozef \u0160af\u00e1rik University in Ko\u0161ice ranks among important and recognized educational and scientific institutions not just in the Slovak Republic but also in advanced Europe. At present, the University consists of the Faculties of Medicine, Science, Law, Public Administration, and the Faculty of Arts that educate physicians, experts in natural sciences, mathematics and information &hellip; Continued\" \/>\n<meta property=\"og:url\" content=\"https:\/\/www.upjs.sk\/en\/university\/studies-at-upjs\/\" \/>\n<meta property=\"og:site_name\" content=\"UPJ\u0160 Ko\u0161ice\" \/>\n<meta property=\"article:publisher\" content=\"https:\/\/www.facebook.com\/UniverzitaPavlaJozefaSafarikaVkosiciach\/\" \/>\n<meta property=\"article:modified_time\" content=\"2024-04-23T11:55:28+00:00\" \/>\n<meta property=\"og:image\" content=\"https:\/\/www.upjs.sk\/app\/uploads\/2022\/11\/upjs1.jpg\" \/>\n\t<meta property=\"og:image:width\" content=\"600\" \/>\n\t<meta property=\"og:image:height\" content=\"399\" \/>\n\t<meta property=\"og:image:type\" content=\"image\/jpeg\" \/>\n<meta name=\"twitter:card\" content=\"summary_large_image\" \/>\n<meta name=\"twitter:site\" content=\"@UPJS_kosice\" \/>\n<meta name=\"twitter:label1\" content=\"Est. reading time\" \/>\n\t<meta name=\"twitter:data1\" content=\"2 minutes\" \/>\n<script type=\"application\/ld+json\" class=\"yoast-schema-graph\">{\"@context\":\"https:\/\/schema.org\",\"@graph\":[{\"@type\":\"WebPage\",\"@id\":\"https:\/\/www.upjs.sk\/en\/university\/studies-at-upjs\/\",\"url\":\"https:\/\/www.upjs.sk\/en\/university\/studies-at-upjs\/\",\"name\":\"Studies at UPJ\u0160 - UPJ\u0160 Ko\u0161ice\",\"isPartOf\":{\"@id\":\"https:\/\/www.upjs.sk\/en\/#website\"},\"primaryImageOfPage\":{\"@id\":\"https:\/\/www.upjs.sk\/en\/university\/studies-at-upjs\/#primaryimage\"},\"image\":{\"@id\":\"https:\/\/www.upjs.sk\/en\/university\/studies-at-upjs\/#primaryimage\"},\"thumbnailUrl\":\"https:\/\/www.upjs.sk\/app\/uploads\/2022\/11\/upjs1.jpg\",\"datePublished\":\"2019-01-31T20:14:34+00:00\",\"dateModified\":\"2024-04-23T11:55:28+00:00\",\"breadcrumb\":{\"@id\":\"https:\/\/www.upjs.sk\/en\/university\/studies-at-upjs\/#breadcrumb\"},\"inLanguage\":\"en-US\",\"potentialAction\":[{\"@type\":\"ReadAction\",\"target\":[\"https:\/\/www.upjs.sk\/en\/university\/studies-at-upjs\/\"]}]},{\"@type\":\"ImageObject\",\"inLanguage\":\"en-US\",\"@id\":\"https:\/\/www.upjs.sk\/en\/university\/studies-at-upjs\/#primaryimage\",\"url\":\"https:\/\/www.upjs.sk\/app\/uploads\/2022\/11\/upjs1.jpg\",\"contentUrl\":\"https:\/\/www.upjs.sk\/app\/uploads\/2022\/11\/upjs1.jpg\",\"width\":600,\"height\":399},{\"@type\":\"BreadcrumbList\",\"@id\":\"https:\/\/www.upjs.sk\/en\/university\/studies-at-upjs\/#breadcrumb\",\"itemListElement\":[{\"@type\":\"ListItem\",\"position\":1,\"name\":\"Home\",\"item\":\"https:\/\/www.upjs.sk\/en\/\"},{\"@type\":\"ListItem\",\"position\":2,\"name\":\"University\",\"item\":\"https:\/\/www.upjs.sk\/en\/university\/\"},{\"@type\":\"ListItem\",\"position\":3,\"name\":\"Studies at UPJ\u0160\"}]},{\"@type\":\"WebSite\",\"@id\":\"https:\/\/www.upjs.sk\/en\/#website\",\"url\":\"https:\/\/www.upjs.sk\/en\/\",\"name\":\"UPJ\u0160 Ko\u0161ice\",\"description\":\"Wisdom of the Past, Knowledge of the Present, Education of the Future\",\"publisher\":{\"@id\":\"https:\/\/www.upjs.sk\/en\/#organization\"},\"potentialAction\":[{\"@type\":\"SearchAction\",\"target\":{\"@type\":\"EntryPoint\",\"urlTemplate\":\"https:\/\/www.upjs.sk\/en\/?s={search_term_string}\"},\"query-input\":{\"@type\":\"PropertyValueSpecification\",\"valueRequired\":true,\"valueName\":\"search_term_string\"}}],\"inLanguage\":\"en-US\"},{\"@type\":\"Organization\",\"@id\":\"https:\/\/www.upjs.sk\/en\/#organization\",\"name\":\"UPJ\u0160 Ko\u0161ice\",\"url\":\"https:\/\/www.upjs.sk\/en\/\",\"logo\":{\"@type\":\"ImageObject\",\"inLanguage\":\"en-US\",\"@id\":\"https:\/\/www.upjs.sk\/en\/#\/schema\/logo\/image\/\",\"url\":\"https:\/\/www.upjs.sk\/app\/uploads\/2023\/01\/UPJS_ENG_esymbol.svg\",\"contentUrl\":\"https:\/\/www.upjs.sk\/app\/uploads\/2023\/01\/UPJS_ENG_esymbol.svg\",\"width\":448,\"height\":139,\"caption\":\"UPJ\u0160 Ko\u0161ice\"},\"image\":{\"@id\":\"https:\/\/www.upjs.sk\/en\/#\/schema\/logo\/image\/\"},\"sameAs\":[\"https:\/\/www.facebook.com\/UniverzitaPavlaJozefaSafarikaVkosiciach\/\",\"https:\/\/x.com\/UPJS_kosice\",\"https:\/\/www.instagram.com\/upjs_kosice\",\"https:\/\/www.linkedin.com\/company\/pavol-jozef-afrik-university-in-koice\/\"]}]}<\/script>\n<!-- \/ Yoast SEO plugin. -->","yoast_head_json":{"title":"Studies at UPJ\u0160 - UPJ\u0160 Ko\u0161ice","robots":{"index":"index","follow":"follow","max-snippet":"max-snippet:-1","max-image-preview":"max-image-preview:large","max-video-preview":"max-video-preview:-1"},"canonical":"https:\/\/www.upjs.sk\/en\/university\/studies-at-upjs\/","og_locale":"en_US","og_type":"article","og_title":"Studies at UPJ\u0160 - UPJ\u0160 Ko\u0161ice","og_description":"Pavol Jozef \u0160af\u00e1rik University in Ko\u0161ice ranks among important and recognized educational and scientific institutions not just in the Slovak Republic but also in advanced Europe. At present, the University consists of the Faculties of Medicine, Science, Law, Public Administration, and the Faculty of Arts that educate physicians, experts in natural sciences, mathematics and information &hellip; Continued","og_url":"https:\/\/www.upjs.sk\/en\/university\/studies-at-upjs\/","og_site_name":"UPJ\u0160 Ko\u0161ice","article_publisher":"https:\/\/www.facebook.com\/UniverzitaPavlaJozefaSafarikaVkosiciach\/","article_modified_time":"2024-04-23T11:55:28+00:00","og_image":[{"width":600,"height":399,"url":"https:\/\/www.upjs.sk\/app\/uploads\/2022\/11\/upjs1.jpg","type":"image\/jpeg"}],"twitter_card":"summary_large_image","twitter_site":"@UPJS_kosice","twitter_misc":{"Est. reading time":"2 minutes"},"schema":{"@context":"https:\/\/schema.org","@graph":[{"@type":"WebPage","@id":"https:\/\/www.upjs.sk\/en\/university\/studies-at-upjs\/","url":"https:\/\/www.upjs.sk\/en\/university\/studies-at-upjs\/","name":"Studies at UPJ\u0160 - UPJ\u0160 Ko\u0161ice","isPartOf":{"@id":"https:\/\/www.upjs.sk\/en\/#website"},"primaryImageOfPage":{"@id":"https:\/\/www.upjs.sk\/en\/university\/studies-at-upjs\/#primaryimage"},"image":{"@id":"https:\/\/www.upjs.sk\/en\/university\/studies-at-upjs\/#primaryimage"},"thumbnailUrl":"https:\/\/www.upjs.sk\/app\/uploads\/2022\/11\/upjs1.jpg","datePublished":"2019-01-31T20:14:34+00:00","dateModified":"2024-04-23T11:55:28+00:00","breadcrumb":{"@id":"https:\/\/www.upjs.sk\/en\/university\/studies-at-upjs\/#breadcrumb"},"inLanguage":"en-US","potentialAction":[{"@type":"ReadAction","target":["https:\/\/www.upjs.sk\/en\/university\/studies-at-upjs\/"]}]},{"@type":"ImageObject","inLanguage":"en-US","@id":"https:\/\/www.upjs.sk\/en\/university\/studies-at-upjs\/#primaryimage","url":"https:\/\/www.upjs.sk\/app\/uploads\/2022\/11\/upjs1.jpg","contentUrl":"https:\/\/www.upjs.sk\/app\/uploads\/2022\/11\/upjs1.jpg","width":600,"height":399},{"@type":"BreadcrumbList","@id":"https:\/\/www.upjs.sk\/en\/university\/studies-at-upjs\/#breadcrumb","itemListElement":[{"@type":"ListItem","position":1,"name":"Home","item":"https:\/\/www.upjs.sk\/en\/"},{"@type":"ListItem","position":2,"name":"University","item":"https:\/\/www.upjs.sk\/en\/university\/"},{"@type":"ListItem","position":3,"name":"Studies at UPJ\u0160"}]},{"@type":"WebSite","@id":"https:\/\/www.upjs.sk\/en\/#website","url":"https:\/\/www.upjs.sk\/en\/","name":"UPJ\u0160 Ko\u0161ice","description":"Wisdom of the Past, Knowledge of the Present, Education of the Future","publisher":{"@id":"https:\/\/www.upjs.sk\/en\/#organization"},"potentialAction":[{"@type":"SearchAction","target":{"@type":"EntryPoint","urlTemplate":"https:\/\/www.upjs.sk\/en\/?s={search_term_string}"},"query-input":{"@type":"PropertyValueSpecification","valueRequired":true,"valueName":"search_term_string"}}],"inLanguage":"en-US"},{"@type":"Organization","@id":"https:\/\/www.upjs.sk\/en\/#organization","name":"UPJ\u0160 Ko\u0161ice","url":"https:\/\/www.upjs.sk\/en\/","logo":{"@type":"ImageObject","inLanguage":"en-US","@id":"https:\/\/www.upjs.sk\/en\/#\/schema\/logo\/image\/","url":"https:\/\/www.upjs.sk\/app\/uploads\/2023\/01\/UPJS_ENG_esymbol.svg","contentUrl":"https:\/\/www.upjs.sk\/app\/uploads\/2023\/01\/UPJS_ENG_esymbol.svg","width":448,"height":139,"caption":"UPJ\u0160 Ko\u0161ice"},"image":{"@id":"https:\/\/www.upjs.sk\/en\/#\/schema\/logo\/image\/"},"sameAs":["https:\/\/www.facebook.com\/UniverzitaPavlaJozefaSafarikaVkosiciach\/","https:\/\/x.com\/UPJS_kosice","https:\/\/www.instagram.com\/upjs_kosice","https:\/\/www.linkedin.com\/company\/pavol-jozef-afrik-university-in-koice\/"]}]}},"_links":{"self":[{"href":"https:\/\/www.upjs.sk\/en\/wp-json\/wp\/v2\/pages\/41287","targetHints":{"allow":["GET"]}}],"collection":[{"href":"https:\/\/www.upjs.sk\/en\/wp-json\/wp\/v2\/pages"}],"about":[{"href":"https:\/\/www.upjs.sk\/en\/wp-json\/wp\/v2\/types\/page"}],"author":[{"embeddable":true,"href":"https:\/\/www.upjs.sk\/en\/wp-json\/wp\/v2\/users\/1"}],"replies":[{"embeddable":true,"href":"https:\/\/www.upjs.sk\/en\/wp-json\/wp\/v2\/comments?post=41287"}],"version-history":[{"count":12,"href":"https:\/\/www.upjs.sk\/en\/wp-json\/wp\/v2\/pages\/41287\/revisions"}],"predecessor-version":[{"id":74669,"href":"https:\/\/www.upjs.sk\/en\/wp-json\/wp\/v2\/pages\/41287\/revisions\/74669"}],"up":[{"embeddable":true,"href":"https:\/\/www.upjs.sk\/en\/wp-json\/wp\/v2\/pages\/41191"}],"wp:featuredmedia":[{"embeddable":true,"href":"https:\/\/www.upjs.sk\/en\/wp-json\/wp\/v2\/media\/41288"}],"wp:attachment":[{"href":"https:\/\/www.upjs.sk\/en\/wp-json\/wp\/v2\/media?parent=41287"}],"wp:term":[{"taxonomy":"category","embeddable":true,"href":"https:\/\/www.upjs.sk\/en\/wp-json\/wp\/v2\/categories?post=41287"},{"taxonomy":"post_tag","embeddable":true,"href":"https:\/\/www.upjs.sk\/en\/wp-json\/wp\/v2\/tags?post=41287"}],"curies":[{"name":"wp","href":"https:\/\/api.w.org\/{rel}","templated":true}]}}