{"id":41327,"date":"2022-11-09T22:47:42","date_gmt":"2022-11-09T22:47:15","guid":{"rendered":"https:\/\/www.upjs.sk\/human-resources-strategy-for-researchers-kat_id-2783\/implementation-phase-kat_id-2792\/"},"modified":"2023-08-19T19:21:53","modified_gmt":"2023-08-19T17:21:53","slug":"implementation-phase","status":"publish","type":"page","link":"https:\/\/www.upjs.sk\/en\/hrs4r\/implementation-phase\/","title":{"rendered":"Implementation Phase"},"content":{"rendered":"<style>.wp-block-kadence-advancedheading.kt-adv-heading_64ece5-6b, .wp-block-kadence-advancedheading.kt-adv-heading_64ece5-6b[data-kb-block=\"kb-adv-heading_64ece5-6b\"]{text-align:center;font-size:24px;font-style:normal;}.wp-block-kadence-advancedheading.kt-adv-heading_64ece5-6b mark.kt-highlight, .wp-block-kadence-advancedheading.kt-adv-heading_64ece5-6b[data-kb-block=\"kb-adv-heading_64ece5-6b\"] mark.kt-highlight{font-style:normal;color:#f76a0c;-webkit-box-decoration-break:clone;box-decoration-break:clone;padding-top:0px;padding-right:0px;padding-bottom:0px;padding-left:0px;}@media all and (max-width: 767px){.wp-block-kadence-advancedheading.kt-adv-heading_64ece5-6b, .wp-block-kadence-advancedheading.kt-adv-heading_64ece5-6b[data-kb-block=\"kb-adv-heading_64ece5-6b\"]{text-align:left!important;}}<\/style>\n<h5 class=\"kt-adv-heading_64ece5-6b studujnaupjs-heading-text wp-block-kadence-advancedheading has-zakladna-modra-color has-text-color\" data-kb-block=\"kb-adv-heading_64ece5-6b\"><strong>Commission for the HRS4R processes in the implementation phase<\/strong><\/h5>\n\n\n\n<p><\/p>\n\n\n\n<figure class=\"wp-block-table is-style-stripes\"><table class=\"has-fixed-layout\"><thead><tr><th><strong>Commissions and working groups<\/strong><\/th><th><strong>Mission and role of the commission<\/strong><\/th><\/tr><\/thead><tbody><tr><td><strong>Implementation Commission<\/strong><\/td><td>Management of the project: content, time, administration, financing.The members of the implementation commission are responsible for the process of action plan implementation at the level of the university management and heads of workplaces. Based on the initiatives of the project team, they deal with the content, time, administrative and financial management, and provide the so-called top-down monitoring of the implemented processes.<\/td><\/tr><tr><td><strong>Expert commissions<\/strong><\/td><td>The members of the expert commissions manage the process of action plan implementation in terms of specific areas that require special attention or a special approach with regard to the specifics of individual university workplaces.The members of the expert commissions will be appointed by the implementation commission. Experts on a given issue are nominated to the commissions, as well as employees of university workplaces, thus ensuring the so-called bottom-up monitoring of the implemented processes.<\/td><\/tr><tr><td><strong>Working groups at the individual working places of the university<\/strong><\/td><td>The members of the working groups are nominated either by the implementation commission or the expert commissions.Their task is to implement and adapt the processes at the level of the individual workplaces of the university, their monitoring and regular submission of information on the progress for the implementation commission, or if necessary, also for the expert commissions.<\/td><\/tr><\/tbody><\/table><\/figure>\n\n\n<style>.wp-block-kadence-advancedheading.kt-adv-heading_471ddb-40, .wp-block-kadence-advancedheading.kt-adv-heading_471ddb-40[data-kb-block=\"kb-adv-heading_471ddb-40\"]{text-align:center;font-size:24px;font-style:normal;}.wp-block-kadence-advancedheading.kt-adv-heading_471ddb-40 mark.kt-highlight, .wp-block-kadence-advancedheading.kt-adv-heading_471ddb-40[data-kb-block=\"kb-adv-heading_471ddb-40\"] mark.kt-highlight{font-style:normal;color:#f76a0c;-webkit-box-decoration-break:clone;box-decoration-break:clone;padding-top:0px;padding-right:0px;padding-bottom:0px;padding-left:0px;}@media all and (max-width: 767px){.wp-block-kadence-advancedheading.kt-adv-heading_471ddb-40, .wp-block-kadence-advancedheading.kt-adv-heading_471ddb-40[data-kb-block=\"kb-adv-heading_471ddb-40\"]{text-align:left!important;}}<\/style>\n<h5 class=\"kt-adv-heading_471ddb-40 studujnaupjs-heading-text wp-block-kadence-advancedheading has-zakladna-modra-color has-text-color\" data-kb-block=\"kb-adv-heading_471ddb-40\"><strong><strong>HRS4R Implementation Commission<\/strong><\/strong><\/h5>\n\n\n\n<p><\/p>\n\n\n\n<figure class=\"wp-block-table is-style-stripes\"><table class=\"has-fixed-layout\"><tbody><tr><td>Prof. RNDr. Pavol Sov\u00e1k, CSc.<\/td><td>Rector<\/td><\/tr><tr><td>RNDr. Ing. Michal Tk\u00e1\u010d, PhD.<\/td><td>Bursar<\/td><\/tr><tr><td>Assoc. Prof. Ing. Silvia Ru\u010dinsk\u00e1, PhD.<\/td><td>Vice-Rector for International Relations and Mobility<\/td><\/tr><tr><td>Prof. RNDr. Peter Fedoro\u010dko, CSc.<\/td><td>Vice-Rector for Science, Research, and the PhD. Study<\/td><\/tr><tr><td>Prof. RNDr. Gabriel Semani\u0161in, PhD.<\/td><td>Vice-Rector for Informatisation and Quality Management<\/td><\/tr><tr><td>Prof. PaedDr. Martin Pek\u00e1r, PhD.<\/td><td>Vice-Rector for Higher Education, Academic Traditions and Ceremonies<\/td><\/tr><tr><td>doc.JUDr.Regina Hu\u010dkov\u00e1, PhD.<\/td><td>Vice-Rector for Marketing and Public Relations<\/td><\/tr><tr><td>prof. MUDr. Pavol Jar\u010du\u0161ka, PhD.<\/td><td>Vice-Rector for the Development and the European Agenda<\/td><\/tr><tr><td>Assoc. Prof. JUDr. Ren\u00e1ta Ba\u010d\u00e1rov\u00e1, PhD., LL.M.<\/td><td>Chairman of the UPJ\u0161 Academic Senate<\/td><\/tr><tr><td>Assoc. Prof. RNDr. Du\u0161an \u0160veda, CSc.<\/td><td>Head of the Lifelong Learning Centre and Projects Support<\/td><\/tr><tr><td>RNDr. Edita Vojtov\u00e1<\/td><td>Head of the Department of Organizational Activities and Human Resources<\/td><\/tr><\/tbody><\/table><\/figure>\n\n\n<style>.wp-block-kadence-advancedheading.kt-adv-heading_5f2018-45, .wp-block-kadence-advancedheading.kt-adv-heading_5f2018-45[data-kb-block=\"kb-adv-heading_5f2018-45\"]{text-align:center;font-size:24px;font-style:normal;}.wp-block-kadence-advancedheading.kt-adv-heading_5f2018-45 mark.kt-highlight, .wp-block-kadence-advancedheading.kt-adv-heading_5f2018-45[data-kb-block=\"kb-adv-heading_5f2018-45\"] mark.kt-highlight{font-style:normal;color:#f76a0c;-webkit-box-decoration-break:clone;box-decoration-break:clone;padding-top:0px;padding-right:0px;padding-bottom:0px;padding-left:0px;}@media all and (max-width: 767px){.wp-block-kadence-advancedheading.kt-adv-heading_5f2018-45, .wp-block-kadence-advancedheading.kt-adv-heading_5f2018-45[data-kb-block=\"kb-adv-heading_5f2018-45\"]{text-align:left!important;}}<\/style>\n<h5 class=\"kt-adv-heading_5f2018-45 studujnaupjs-heading-text wp-block-kadence-advancedheading has-zakladna-modra-color has-text-color\" data-kb-block=\"kb-adv-heading_5f2018-45\"><strong><strong><strong>Expert commissions<\/strong><\/strong><\/strong><\/h5>\n\n\n\n<p><\/p>\n\n\n\n<figure class=\"wp-block-table is-style-stripes\"><table class=\"has-fixed-layout\"><thead><tr><td class=\"has-text-align-center\" data-align=\"center\"><strong>Name and sign of the commission<\/strong><\/td><td class=\"has-text-align-center\" data-align=\"center\"><strong>Areas of focus of the commissions&nbsp;<\/strong><\/td><\/tr><\/thead><tbody><tr><td class=\"has-text-align-center\" data-align=\"center\">A<br>Expert Committee on Scientific Integrity<\/td><td class=\"has-text-align-center\" data-align=\"center\">Ethics, accountability, transparency, open access<\/td><\/tr><tr><td class=\"has-text-align-center\" data-align=\"center\">B<br>Expert Committee on Technology Transfer<\/td><td class=\"has-text-align-center\" data-align=\"center\">Transfer, state support<\/td><\/tr><tr><td class=\"has-text-align-center\" data-align=\"center\">C<br>Expert Committee for Evaluation and Award Systems<\/td><td class=\"has-text-align-center\" data-align=\"center\">Evaluation of teachers, remuneration, evaluating pedagogical performance<\/td><\/tr><tr><td class=\"has-text-align-center\" data-align=\"center\">D<br>Expert Commission for Professional Development and Skills<\/td><td class=\"has-text-align-center\" data-align=\"center\">Researchers&#8217; competencies (project management, cyber security, leadership, managerial skills&#8230;)<\/td><\/tr><tr><td class=\"has-text-align-center\" data-align=\"center\">E<br>Expert Commission for the Promotion of Research Results<\/td><td class=\"has-text-align-center\" data-align=\"center\">Promotion of research results<\/td><\/tr><tr><td class=\"has-text-align-center\" data-align=\"center\">F<br>Expert Commission for the Promotion of Internationalization<\/td><td class=\"has-text-align-center\" data-align=\"center\">bilingual environment, tolerant environment<\/td><\/tr><tr><td class=\"has-text-align-center\" data-align=\"center\">G<br>Expert Commission for the Support of Gender Equality<\/td><td class=\"has-text-align-center\" data-align=\"center\">gender equality, non &#8211; discrimination<\/td><\/tr><tr><td class=\"has-text-align-center\" data-align=\"center\">H<br>Expert Commission on OTM-R policy<\/td><td class=\"has-text-align-center\" data-align=\"center\">Human resources<\/td><\/tr><tr><td class=\"has-text-align-center\" data-align=\"center\">I<br>Expert Commission for Career Growth and Mentoring<\/td><td class=\"has-text-align-center\" data-align=\"center\">career growth of researchers, mentoring, filing complaints&nbsp;<\/td><\/tr><tr><td class=\"has-text-align-center\" data-align=\"center\">J<br>Expert Commission for Young Researchers (R1 a R2)<\/td><td class=\"has-text-align-center\" data-align=\"center\">professional development of R1 and R2 researchers<\/td><\/tr><tr><td class=\"has-text-align-center\" data-align=\"center\">K<br>Expert commission for Evaluating the Level of Satisfaction with the Implemented Policy<\/td><td class=\"has-text-align-center\" data-align=\"center\">feedback on the satisfaction of researchers at UPJ\u0160 with the process of implementation of the action plan&nbsp;<\/td><\/tr><tr><td class=\"has-text-align-center\" data-align=\"center\">L<br>Expert Commission for Policy and Strategy Development at UPJ\u0160<\/td><td class=\"has-text-align-center\" data-align=\"center\">incorporating the results of the action plan into the university&#8217;s strategy and how the results of the action plan are used in policies and process management<\/td><\/tr><\/tbody><\/table><\/figure>\n","protected":false},"excerpt":{"rendered":"<p>Commission for the HRS4R processes in the implementation phase Commissions and working groups Mission and role of the commission Implementation Commission Management of the project: content, time, administration, financing.The members of the implementation commission are responsible for the process of action plan implementation at the level of the university management and heads of workplaces. Based &hellip; <a href=\"https:\/\/www.upjs.sk\/en\/hrs4r\/implementation-phase\/\">Continued<\/a><\/p>\n","protected":false},"author":1,"featured_media":0,"parent":41312,"menu_order":6,"comment_status":"closed","ping_status":"closed","template":"","meta":{"_acf_changed":false,"_editorskit_title_hidden":false,"_editorskit_reading_time":2,"_editorskit_is_block_options_detached":false,"_editorskit_block_options_position":"{}","footnotes":""},"categories":[],"tags":[],"class_list":["post-41327","page","type-page","status-publish","hentry"],"acf":{"acf_link_na_externy_obsah":""},"yoast_head":"<!-- This site is optimized with the Yoast SEO plugin v27.2 - https:\/\/yoast.com\/product\/yoast-seo-wordpress\/ -->\n<title>Implementation Phase - UPJ\u0160 Ko\u0161ice<\/title>\n<meta name=\"robots\" content=\"index, follow, max-snippet:-1, max-image-preview:large, max-video-preview:-1\" \/>\n<link rel=\"canonical\" href=\"https:\/\/www.upjs.sk\/en\/hrs4r\/implementation-phase\/\" \/>\n<meta property=\"og:locale\" content=\"en_US\" \/>\n<meta property=\"og:type\" content=\"article\" \/>\n<meta property=\"og:title\" content=\"Implementation Phase - UPJ\u0160 Ko\u0161ice\" \/>\n<meta property=\"og:description\" content=\"Commission for the HRS4R processes in the implementation phase Commissions and working groups Mission and role of the commission Implementation Commission Management of the project: content, time, administration, financing.The members of the implementation commission are responsible for the process of action plan implementation at the level of the university management and heads of workplaces. Based &hellip; Continued\" \/>\n<meta property=\"og:url\" content=\"https:\/\/www.upjs.sk\/en\/hrs4r\/implementation-phase\/\" \/>\n<meta property=\"og:site_name\" content=\"UPJ\u0160 Ko\u0161ice\" \/>\n<meta property=\"article:publisher\" content=\"https:\/\/www.facebook.com\/UniverzitaPavlaJozefaSafarikaVkosiciach\/\" \/>\n<meta property=\"article:modified_time\" content=\"2023-08-19T17:21:53+00:00\" \/>\n<meta name=\"twitter:card\" content=\"summary_large_image\" \/>\n<meta name=\"twitter:site\" content=\"@UPJS_kosice\" \/>\n<meta name=\"twitter:label1\" content=\"Est. reading time\" \/>\n\t<meta name=\"twitter:data1\" content=\"4 minutes\" \/>\n<script type=\"application\/ld+json\" class=\"yoast-schema-graph\">{\"@context\":\"https:\/\/schema.org\",\"@graph\":[{\"@type\":\"WebPage\",\"@id\":\"https:\/\/www.upjs.sk\/en\/hrs4r\/implementation-phase\/\",\"url\":\"https:\/\/www.upjs.sk\/en\/hrs4r\/implementation-phase\/\",\"name\":\"Implementation Phase - UPJ\u0160 Ko\u0161ice\",\"isPartOf\":{\"@id\":\"https:\/\/www.upjs.sk\/en\/#website\"},\"datePublished\":\"2022-11-09T22:47:15+00:00\",\"dateModified\":\"2023-08-19T17:21:53+00:00\",\"breadcrumb\":{\"@id\":\"https:\/\/www.upjs.sk\/en\/hrs4r\/implementation-phase\/#breadcrumb\"},\"inLanguage\":\"en-US\",\"potentialAction\":[{\"@type\":\"ReadAction\",\"target\":[\"https:\/\/www.upjs.sk\/en\/hrs4r\/implementation-phase\/\"]}]},{\"@type\":\"BreadcrumbList\",\"@id\":\"https:\/\/www.upjs.sk\/en\/hrs4r\/implementation-phase\/#breadcrumb\",\"itemListElement\":[{\"@type\":\"ListItem\",\"position\":1,\"name\":\"Home\",\"item\":\"https:\/\/www.upjs.sk\/en\/\"},{\"@type\":\"ListItem\",\"position\":2,\"name\":\"Human Resources Strategy for Researchers\",\"item\":\"https:\/\/www.upjs.sk\/en\/hrs4r\/\"},{\"@type\":\"ListItem\",\"position\":3,\"name\":\"Implementation Phase\"}]},{\"@type\":\"WebSite\",\"@id\":\"https:\/\/www.upjs.sk\/en\/#website\",\"url\":\"https:\/\/www.upjs.sk\/en\/\",\"name\":\"UPJ\u0160 Ko\u0161ice\",\"description\":\"Wisdom of the Past, Knowledge of the Present, Education of the Future\",\"publisher\":{\"@id\":\"https:\/\/www.upjs.sk\/en\/#organization\"},\"potentialAction\":[{\"@type\":\"SearchAction\",\"target\":{\"@type\":\"EntryPoint\",\"urlTemplate\":\"https:\/\/www.upjs.sk\/en\/?s={search_term_string}\"},\"query-input\":{\"@type\":\"PropertyValueSpecification\",\"valueRequired\":true,\"valueName\":\"search_term_string\"}}],\"inLanguage\":\"en-US\"},{\"@type\":\"Organization\",\"@id\":\"https:\/\/www.upjs.sk\/en\/#organization\",\"name\":\"UPJ\u0160 Ko\u0161ice\",\"url\":\"https:\/\/www.upjs.sk\/en\/\",\"logo\":{\"@type\":\"ImageObject\",\"inLanguage\":\"en-US\",\"@id\":\"https:\/\/www.upjs.sk\/en\/#\/schema\/logo\/image\/\",\"url\":\"https:\/\/www.upjs.sk\/app\/uploads\/2023\/01\/UPJS_ENG_esymbol.svg\",\"contentUrl\":\"https:\/\/www.upjs.sk\/app\/uploads\/2023\/01\/UPJS_ENG_esymbol.svg\",\"width\":448,\"height\":139,\"caption\":\"UPJ\u0160 Ko\u0161ice\"},\"image\":{\"@id\":\"https:\/\/www.upjs.sk\/en\/#\/schema\/logo\/image\/\"},\"sameAs\":[\"https:\/\/www.facebook.com\/UniverzitaPavlaJozefaSafarikaVkosiciach\/\",\"https:\/\/x.com\/UPJS_kosice\",\"https:\/\/www.instagram.com\/upjs_kosice\",\"https:\/\/www.linkedin.com\/company\/pavol-jozef-afrik-university-in-koice\/\"]}]}<\/script>\n<!-- \/ Yoast SEO plugin. -->","yoast_head_json":{"title":"Implementation Phase - UPJ\u0160 Ko\u0161ice","robots":{"index":"index","follow":"follow","max-snippet":"max-snippet:-1","max-image-preview":"max-image-preview:large","max-video-preview":"max-video-preview:-1"},"canonical":"https:\/\/www.upjs.sk\/en\/hrs4r\/implementation-phase\/","og_locale":"en_US","og_type":"article","og_title":"Implementation Phase - UPJ\u0160 Ko\u0161ice","og_description":"Commission for the HRS4R processes in the implementation phase Commissions and working groups Mission and role of the commission Implementation Commission Management of the project: content, time, administration, financing.The members of the implementation commission are responsible for the process of action plan implementation at the level of the university management and heads of workplaces. Based &hellip; Continued","og_url":"https:\/\/www.upjs.sk\/en\/hrs4r\/implementation-phase\/","og_site_name":"UPJ\u0160 Ko\u0161ice","article_publisher":"https:\/\/www.facebook.com\/UniverzitaPavlaJozefaSafarikaVkosiciach\/","article_modified_time":"2023-08-19T17:21:53+00:00","twitter_card":"summary_large_image","twitter_site":"@UPJS_kosice","twitter_misc":{"Est. reading time":"4 minutes"},"schema":{"@context":"https:\/\/schema.org","@graph":[{"@type":"WebPage","@id":"https:\/\/www.upjs.sk\/en\/hrs4r\/implementation-phase\/","url":"https:\/\/www.upjs.sk\/en\/hrs4r\/implementation-phase\/","name":"Implementation Phase - UPJ\u0160 Ko\u0161ice","isPartOf":{"@id":"https:\/\/www.upjs.sk\/en\/#website"},"datePublished":"2022-11-09T22:47:15+00:00","dateModified":"2023-08-19T17:21:53+00:00","breadcrumb":{"@id":"https:\/\/www.upjs.sk\/en\/hrs4r\/implementation-phase\/#breadcrumb"},"inLanguage":"en-US","potentialAction":[{"@type":"ReadAction","target":["https:\/\/www.upjs.sk\/en\/hrs4r\/implementation-phase\/"]}]},{"@type":"BreadcrumbList","@id":"https:\/\/www.upjs.sk\/en\/hrs4r\/implementation-phase\/#breadcrumb","itemListElement":[{"@type":"ListItem","position":1,"name":"Home","item":"https:\/\/www.upjs.sk\/en\/"},{"@type":"ListItem","position":2,"name":"Human Resources Strategy for Researchers","item":"https:\/\/www.upjs.sk\/en\/hrs4r\/"},{"@type":"ListItem","position":3,"name":"Implementation Phase"}]},{"@type":"WebSite","@id":"https:\/\/www.upjs.sk\/en\/#website","url":"https:\/\/www.upjs.sk\/en\/","name":"UPJ\u0160 Ko\u0161ice","description":"Wisdom of the Past, Knowledge of the Present, Education of the Future","publisher":{"@id":"https:\/\/www.upjs.sk\/en\/#organization"},"potentialAction":[{"@type":"SearchAction","target":{"@type":"EntryPoint","urlTemplate":"https:\/\/www.upjs.sk\/en\/?s={search_term_string}"},"query-input":{"@type":"PropertyValueSpecification","valueRequired":true,"valueName":"search_term_string"}}],"inLanguage":"en-US"},{"@type":"Organization","@id":"https:\/\/www.upjs.sk\/en\/#organization","name":"UPJ\u0160 Ko\u0161ice","url":"https:\/\/www.upjs.sk\/en\/","logo":{"@type":"ImageObject","inLanguage":"en-US","@id":"https:\/\/www.upjs.sk\/en\/#\/schema\/logo\/image\/","url":"https:\/\/www.upjs.sk\/app\/uploads\/2023\/01\/UPJS_ENG_esymbol.svg","contentUrl":"https:\/\/www.upjs.sk\/app\/uploads\/2023\/01\/UPJS_ENG_esymbol.svg","width":448,"height":139,"caption":"UPJ\u0160 Ko\u0161ice"},"image":{"@id":"https:\/\/www.upjs.sk\/en\/#\/schema\/logo\/image\/"},"sameAs":["https:\/\/www.facebook.com\/UniverzitaPavlaJozefaSafarikaVkosiciach\/","https:\/\/x.com\/UPJS_kosice","https:\/\/www.instagram.com\/upjs_kosice","https:\/\/www.linkedin.com\/company\/pavol-jozef-afrik-university-in-koice\/"]}]}},"_links":{"self":[{"href":"https:\/\/www.upjs.sk\/en\/wp-json\/wp\/v2\/pages\/41327","targetHints":{"allow":["GET"]}}],"collection":[{"href":"https:\/\/www.upjs.sk\/en\/wp-json\/wp\/v2\/pages"}],"about":[{"href":"https:\/\/www.upjs.sk\/en\/wp-json\/wp\/v2\/types\/page"}],"author":[{"embeddable":true,"href":"https:\/\/www.upjs.sk\/en\/wp-json\/wp\/v2\/users\/1"}],"replies":[{"embeddable":true,"href":"https:\/\/www.upjs.sk\/en\/wp-json\/wp\/v2\/comments?post=41327"}],"version-history":[{"count":3,"href":"https:\/\/www.upjs.sk\/en\/wp-json\/wp\/v2\/pages\/41327\/revisions"}],"predecessor-version":[{"id":64905,"href":"https:\/\/www.upjs.sk\/en\/wp-json\/wp\/v2\/pages\/41327\/revisions\/64905"}],"up":[{"embeddable":true,"href":"https:\/\/www.upjs.sk\/en\/wp-json\/wp\/v2\/pages\/41312"}],"wp:attachment":[{"href":"https:\/\/www.upjs.sk\/en\/wp-json\/wp\/v2\/media?parent=41327"}],"wp:term":[{"taxonomy":"category","embeddable":true,"href":"https:\/\/www.upjs.sk\/en\/wp-json\/wp\/v2\/categories?post=41327"},{"taxonomy":"post_tag","embeddable":true,"href":"https:\/\/www.upjs.sk\/en\/wp-json\/wp\/v2\/tags?post=41327"}],"curies":[{"name":"wp","href":"https:\/\/api.w.org\/{rel}","templated":true}]}}