{"id":41372,"date":"2021-08-16T10:00:07","date_gmt":"2021-08-16T10:00:07","guid":{"rendered":"https:\/\/www.upjs.sk\/university\/about-the-university-kat_id-315\/university-profile-kat_id-1066\/gender-equality-policy\/"},"modified":"2021-08-16T10:00:07","modified_gmt":"2021-08-16T10:00:07","slug":"gender-equality-policy","status":"publish","type":"page","link":"https:\/\/www.upjs.sk\/en\/university\/about-the-university\/university-profile-a\/gender-equality-policy\/","title":{"rendered":"Gender Equality Policy"},"content":{"rendered":"<p>\u2666 <strong>COMMISSION FOR GENDER EQUALITY<\/strong><\/p>\n<p>The Commission for Gender Equality is an advisory body to the Rector for the creation and implementation of the gender equality policy at the P. J. \u0160af\u00e1rik University in Ko\u0161ice. In its activities, it relies on the Strategic Framework for Gender Equality Policy at UPJ\u0160 in Ko\u0161ice.<\/p>\n<p> \u2666 <strong>MEMBERS<\/strong><\/p>\n<p><strong>Mgr. Adriana Jesenkov\u00e1, PhD. \u2013 chairman<\/strong><br \/> Department of Philosophy, Faculty of Arts UPJ\u0160 in Ko\u0161ice<\/p>\n<p><strong>JUDr. Peter \u010curo\u0161, PhD.<\/strong><br \/> Gustav Radbruch Institute of Theory of Law, Faculty of Law UPJ\u0160 in Ko\u0161ice<\/p>\n<p><strong>PhDr. Anna Janovsk\u00e1, PhD.<\/strong><br \/> Department of Educational Psychology and Psychology of Health, Faculty of Arts UPJ\u0160 in Ko\u0161ice<\/p>\n<p><strong>PhDr. Darina Kore\u0148ov\u00e1, PhD.<\/strong><br \/> Department of Economics and Management of Public Administration, Faculty of Public Administration UPJ\u0160 in Ko\u0161ice<\/p>\n<p><strong>JUDr. Daniela Lama\u010dkov\u00e1<\/strong><br \/> Law Clinics, Faculty of Law UPJ\u0160 in Ko\u0161ice<\/p>\n<p><strong>Doc. PhDr. Be\u00e1ta R\u00e1czov\u00e1, PhD.<\/strong><br \/> Department of Psychology, Faculty of Arts UPJ\u0160 in Ko\u0161ice<\/p>\n<p>\u00a0<\/p>\n<p><strong>\u2666 EXPERT COMMISSION FOR GENDER EQUALITY SUPPORT<\/strong><\/p>\n<p>The Expert Commission was establish for the purpose of\u00a0<a href=\"https:\/\/www.upjs.sk\/en\/university\/hrs4r\/\">Human Resourses Strategy for Researchers<\/a> (HRS4R).<\/p>\n<p>\u00a0<\/p>\n<p><strong>\u2666 MEMBERS<\/strong><\/p>\n<p><strong>doc. Mgr. Adriana Jesenkov\u00e1 PhD.<\/strong><br \/> Department of Philosophy, Faculty of Arts UPJ\u0160 in Ko\u0161ice<\/p>\n<p><strong>doc. PhDr. Be\u00e1ta R\u00e1czov\u00e1 PhD.<\/strong><br \/> Department of Psychology, Faculty of Arts UPJ\u0160 in Ko\u0161ice<\/p>\n<p><strong>JUDr. Daniela Lama\u010dkov\u00e1 PhD.<\/strong><br \/> Law Clinics, Faculty of Law UPJ\u0160 in Ko\u0161ice<\/p>\n<p><strong>JUDr. Dominik \u0160oltys PhD.<\/strong><br \/> Gustav Radbruch Institute of Theory of Law, Faculty of Law UPJ\u0160 in Ko\u0161ice<\/p>\n<p><strong>PhDr. Darina Kore\u0148ov\u00e1 PhD.<\/strong><br \/> Department of Economics and Management of Public Administration, Faculty of Public Administration UPJ\u0160 in Ko\u0161ice<\/p>\n<p><strong>PhDr. Anna Janovsk\u00e1 PhD.<\/strong><br \/> Department of Educational Psychology and Psychology of Health, Faculty of Arts UPJ\u0160 in Ko\u0161ice<\/p>\n<p><strong>Dr. h. c. doc. Mgr. Sl\u00e1vka Toma\u0161\u010d\u00edkov\u00e1 PhD.<\/strong><br \/> Department of British and American Studies, Faculty of Arts UPJ\u0160 in Ko\u0161ice<\/p>\n<p><strong>Mgr. M\u00e1ria Vasi\u013eov\u00e1 PhD.<\/strong><br \/> International Relations Office, Rectorate of UPJ\u0160 in Ko\u0161ice<\/p>\n<p><strong>doc. Ing. Silvia Ru\u010dinsk\u00e1, PhD.<\/strong><br \/> Vice-Rector for International Relations and Mobility<br \/> Department of Public Policy and Theory of Public Administration, Faculty of Public Administration UPJ\u0160 in Ko\u0161ice<\/p>\n<p><strong>prof. RNDr. Peter Fedoro\u010dko, CSc.<\/strong><br \/> Vice-Rector for Science, Research, and the PhD. Study<br \/> Institute of Biology and Ecology, Faculty of Science UPJ\u0160 in Ko\u0161ice<\/p>\n<p><strong>RNDr. Ing. Michal Tk\u00e1\u010d, PhD.<\/strong><br \/> Bursar, Rectorate of UPJ\u0160 in Ko\u0161ice<\/p>\n<p>\u00a0<\/p>\n<p>\u2666 <a href=\"https:\/\/www.upjs.sk\/en\/university\/strategic-framework\/\" target=\"_blank\" rel=\"noopener\"><strong>Strategic Framework for Gender Equality Policy at UPJ\u0160 in Ko\u0161ice<\/strong><\/a><\/p>\n<p><strong>\u2666 <a href=\"https:\/\/www.upjs.sk\/public\/media\/17719\/Plan-rodovej-rovnosti-UPJS-2022.pdf\">Gender Equality Plan for 2022 &#8211; 2025<\/a><\/strong><\/p>\n<p><strong>\u2666 <a href=\"\/public\/media\/17717\/u-multirank-gender-monitor-2022.pdf\">U-Multirank Gender Monitor 2022 &#8211; On the Gender Disparities in HEI<\/a><\/strong><\/p>\n<p>\u00a0<\/p>\n","protected":false},"excerpt":{"rendered":"<p>\u2666 COMMISSION FOR GENDER EQUALITY The Commission for Gender Equality is an advisory body to the Rector for the creation and implementation of the gender equality policy at the P. J. \u0160af\u00e1rik University in Ko\u0161ice. In its activities, it relies on the Strategic Framework for Gender Equality Policy at UPJ\u0160 in Ko\u0161ice. \u2666 MEMBERS Mgr. &hellip; <a href=\"https:\/\/www.upjs.sk\/en\/university\/about-the-university\/university-profile-a\/gender-equality-policy\/\">Continued<\/a><\/p>\n","protected":false},"author":1,"featured_media":0,"parent":41241,"menu_order":0,"comment_status":"closed","ping_status":"closed","template":"","meta":{"_acf_changed":false,"_editorskit_title_hidden":false,"_editorskit_reading_time":0,"_editorskit_is_block_options_detached":false,"_editorskit_block_options_position":"{}","footnotes":""},"categories":[],"tags":[],"class_list":["post-41372","page","type-page","status-publish","hentry"],"acf":{"acf_link_na_externy_obsah":""},"yoast_head":"<!-- This site is optimized with the Yoast SEO plugin v27.4 - https:\/\/yoast.com\/product\/yoast-seo-wordpress\/ -->\n<title>Gender Equality Policy - UPJ\u0160 Ko\u0161ice<\/title>\n<meta name=\"robots\" content=\"index, follow, max-snippet:-1, max-image-preview:large, max-video-preview:-1\" \/>\n<link rel=\"canonical\" href=\"https:\/\/www.upjs.sk\/en\/university\/about-the-university\/university-profile-a\/gender-equality-policy\/\" \/>\n<meta property=\"og:locale\" content=\"en_US\" \/>\n<meta property=\"og:type\" content=\"article\" \/>\n<meta property=\"og:title\" content=\"Gender Equality Policy - UPJ\u0160 Ko\u0161ice\" \/>\n<meta property=\"og:description\" content=\"\u2666 COMMISSION FOR GENDER EQUALITY The Commission for Gender Equality is an advisory body to the Rector for the creation and implementation of the gender equality policy at the P. J. \u0160af\u00e1rik University in Ko\u0161ice. In its activities, it relies on the Strategic Framework for Gender Equality Policy at UPJ\u0160 in Ko\u0161ice. \u2666 MEMBERS Mgr. &hellip; Continued\" \/>\n<meta property=\"og:url\" content=\"https:\/\/www.upjs.sk\/en\/university\/about-the-university\/university-profile-a\/gender-equality-policy\/\" \/>\n<meta property=\"og:site_name\" content=\"UPJ\u0160 Ko\u0161ice\" \/>\n<meta property=\"article:publisher\" content=\"https:\/\/www.facebook.com\/UniverzitaPavlaJozefaSafarikaVkosiciach\/\" \/>\n<meta name=\"twitter:card\" content=\"summary_large_image\" \/>\n<meta name=\"twitter:site\" content=\"@UPJS_kosice\" \/>\n<meta name=\"twitter:label1\" content=\"Est. reading time\" \/>\n\t<meta name=\"twitter:data1\" content=\"2 minutes\" \/>\n<script type=\"application\/ld+json\" class=\"yoast-schema-graph\">{\"@context\":\"https:\\\/\\\/schema.org\",\"@graph\":[{\"@type\":\"WebPage\",\"@id\":\"https:\\\/\\\/www.upjs.sk\\\/en\\\/university\\\/about-the-university\\\/university-profile-a\\\/gender-equality-policy\\\/\",\"url\":\"https:\\\/\\\/www.upjs.sk\\\/en\\\/university\\\/about-the-university\\\/university-profile-a\\\/gender-equality-policy\\\/\",\"name\":\"Gender Equality Policy - UPJ\u0160 Ko\u0161ice\",\"isPartOf\":{\"@id\":\"https:\\\/\\\/www.upjs.sk\\\/en\\\/#website\"},\"datePublished\":\"2021-08-16T10:00:07+00:00\",\"breadcrumb\":{\"@id\":\"https:\\\/\\\/www.upjs.sk\\\/en\\\/university\\\/about-the-university\\\/university-profile-a\\\/gender-equality-policy\\\/#breadcrumb\"},\"inLanguage\":\"en-US\",\"potentialAction\":[{\"@type\":\"ReadAction\",\"target\":[\"https:\\\/\\\/www.upjs.sk\\\/en\\\/university\\\/about-the-university\\\/university-profile-a\\\/gender-equality-policy\\\/\"]}]},{\"@type\":\"BreadcrumbList\",\"@id\":\"https:\\\/\\\/www.upjs.sk\\\/en\\\/university\\\/about-the-university\\\/university-profile-a\\\/gender-equality-policy\\\/#breadcrumb\",\"itemListElement\":[{\"@type\":\"ListItem\",\"position\":1,\"name\":\"Home\",\"item\":\"https:\\\/\\\/www.upjs.sk\\\/en\\\/\"},{\"@type\":\"ListItem\",\"position\":2,\"name\":\"University\",\"item\":\"https:\\\/\\\/www.upjs.sk\\\/en\\\/university\\\/\"},{\"@type\":\"ListItem\",\"position\":3,\"name\":\"About the University\",\"item\":\"https:\\\/\\\/www.upjs.sk\\\/en\\\/university\\\/about-the-university\\\/\"},{\"@type\":\"ListItem\",\"position\":4,\"name\":\"University Profile\",\"item\":\"https:\\\/\\\/www.upjs.sk\\\/en\\\/university\\\/about-the-university\\\/university-profile-a\\\/\"},{\"@type\":\"ListItem\",\"position\":5,\"name\":\"Gender Equality Policy\"}]},{\"@type\":\"WebSite\",\"@id\":\"https:\\\/\\\/www.upjs.sk\\\/en\\\/#website\",\"url\":\"https:\\\/\\\/www.upjs.sk\\\/en\\\/\",\"name\":\"UPJ\u0160 Ko\u0161ice\",\"description\":\"Wisdom of the Past, Knowledge of the Present, Education of the Future\",\"publisher\":{\"@id\":\"https:\\\/\\\/www.upjs.sk\\\/en\\\/#organization\"},\"potentialAction\":[{\"@type\":\"SearchAction\",\"target\":{\"@type\":\"EntryPoint\",\"urlTemplate\":\"https:\\\/\\\/www.upjs.sk\\\/en\\\/?s={search_term_string}\"},\"query-input\":{\"@type\":\"PropertyValueSpecification\",\"valueRequired\":true,\"valueName\":\"search_term_string\"}}],\"inLanguage\":\"en-US\"},{\"@type\":\"Organization\",\"@id\":\"https:\\\/\\\/www.upjs.sk\\\/en\\\/#organization\",\"name\":\"UPJ\u0160 Ko\u0161ice\",\"url\":\"https:\\\/\\\/www.upjs.sk\\\/en\\\/\",\"logo\":{\"@type\":\"ImageObject\",\"inLanguage\":\"en-US\",\"@id\":\"https:\\\/\\\/www.upjs.sk\\\/en\\\/#\\\/schema\\\/logo\\\/image\\\/\",\"url\":\"https:\\\/\\\/www.upjs.sk\\\/app\\\/uploads\\\/2023\\\/01\\\/UPJS_ENG_esymbol.svg\",\"contentUrl\":\"https:\\\/\\\/www.upjs.sk\\\/app\\\/uploads\\\/2023\\\/01\\\/UPJS_ENG_esymbol.svg\",\"width\":448,\"height\":139,\"caption\":\"UPJ\u0160 Ko\u0161ice\"},\"image\":{\"@id\":\"https:\\\/\\\/www.upjs.sk\\\/en\\\/#\\\/schema\\\/logo\\\/image\\\/\"},\"sameAs\":[\"https:\\\/\\\/www.facebook.com\\\/UniverzitaPavlaJozefaSafarikaVkosiciach\\\/\",\"https:\\\/\\\/x.com\\\/UPJS_kosice\",\"https:\\\/\\\/www.instagram.com\\\/upjs_kosice\",\"https:\\\/\\\/www.linkedin.com\\\/company\\\/pavol-jozef-afrik-university-in-koice\\\/\"]}]}<\/script>\n<!-- \/ Yoast SEO plugin. -->","yoast_head_json":{"title":"Gender Equality Policy - UPJ\u0160 Ko\u0161ice","robots":{"index":"index","follow":"follow","max-snippet":"max-snippet:-1","max-image-preview":"max-image-preview:large","max-video-preview":"max-video-preview:-1"},"canonical":"https:\/\/www.upjs.sk\/en\/university\/about-the-university\/university-profile-a\/gender-equality-policy\/","og_locale":"en_US","og_type":"article","og_title":"Gender Equality Policy - UPJ\u0160 Ko\u0161ice","og_description":"\u2666 COMMISSION FOR GENDER EQUALITY The Commission for Gender Equality is an advisory body to the Rector for the creation and implementation of the gender equality policy at the P. J. \u0160af\u00e1rik University in Ko\u0161ice. In its activities, it relies on the Strategic Framework for Gender Equality Policy at UPJ\u0160 in Ko\u0161ice. \u2666 MEMBERS Mgr. &hellip; Continued","og_url":"https:\/\/www.upjs.sk\/en\/university\/about-the-university\/university-profile-a\/gender-equality-policy\/","og_site_name":"UPJ\u0160 Ko\u0161ice","article_publisher":"https:\/\/www.facebook.com\/UniverzitaPavlaJozefaSafarikaVkosiciach\/","twitter_card":"summary_large_image","twitter_site":"@UPJS_kosice","twitter_misc":{"Est. reading time":"2 minutes"},"schema":{"@context":"https:\/\/schema.org","@graph":[{"@type":"WebPage","@id":"https:\/\/www.upjs.sk\/en\/university\/about-the-university\/university-profile-a\/gender-equality-policy\/","url":"https:\/\/www.upjs.sk\/en\/university\/about-the-university\/university-profile-a\/gender-equality-policy\/","name":"Gender Equality Policy - UPJ\u0160 Ko\u0161ice","isPartOf":{"@id":"https:\/\/www.upjs.sk\/en\/#website"},"datePublished":"2021-08-16T10:00:07+00:00","breadcrumb":{"@id":"https:\/\/www.upjs.sk\/en\/university\/about-the-university\/university-profile-a\/gender-equality-policy\/#breadcrumb"},"inLanguage":"en-US","potentialAction":[{"@type":"ReadAction","target":["https:\/\/www.upjs.sk\/en\/university\/about-the-university\/university-profile-a\/gender-equality-policy\/"]}]},{"@type":"BreadcrumbList","@id":"https:\/\/www.upjs.sk\/en\/university\/about-the-university\/university-profile-a\/gender-equality-policy\/#breadcrumb","itemListElement":[{"@type":"ListItem","position":1,"name":"Home","item":"https:\/\/www.upjs.sk\/en\/"},{"@type":"ListItem","position":2,"name":"University","item":"https:\/\/www.upjs.sk\/en\/university\/"},{"@type":"ListItem","position":3,"name":"About the University","item":"https:\/\/www.upjs.sk\/en\/university\/about-the-university\/"},{"@type":"ListItem","position":4,"name":"University Profile","item":"https:\/\/www.upjs.sk\/en\/university\/about-the-university\/university-profile-a\/"},{"@type":"ListItem","position":5,"name":"Gender Equality Policy"}]},{"@type":"WebSite","@id":"https:\/\/www.upjs.sk\/en\/#website","url":"https:\/\/www.upjs.sk\/en\/","name":"UPJ\u0160 Ko\u0161ice","description":"Wisdom of the Past, Knowledge of the Present, Education of the Future","publisher":{"@id":"https:\/\/www.upjs.sk\/en\/#organization"},"potentialAction":[{"@type":"SearchAction","target":{"@type":"EntryPoint","urlTemplate":"https:\/\/www.upjs.sk\/en\/?s={search_term_string}"},"query-input":{"@type":"PropertyValueSpecification","valueRequired":true,"valueName":"search_term_string"}}],"inLanguage":"en-US"},{"@type":"Organization","@id":"https:\/\/www.upjs.sk\/en\/#organization","name":"UPJ\u0160 Ko\u0161ice","url":"https:\/\/www.upjs.sk\/en\/","logo":{"@type":"ImageObject","inLanguage":"en-US","@id":"https:\/\/www.upjs.sk\/en\/#\/schema\/logo\/image\/","url":"https:\/\/www.upjs.sk\/app\/uploads\/2023\/01\/UPJS_ENG_esymbol.svg","contentUrl":"https:\/\/www.upjs.sk\/app\/uploads\/2023\/01\/UPJS_ENG_esymbol.svg","width":448,"height":139,"caption":"UPJ\u0160 Ko\u0161ice"},"image":{"@id":"https:\/\/www.upjs.sk\/en\/#\/schema\/logo\/image\/"},"sameAs":["https:\/\/www.facebook.com\/UniverzitaPavlaJozefaSafarikaVkosiciach\/","https:\/\/x.com\/UPJS_kosice","https:\/\/www.instagram.com\/upjs_kosice","https:\/\/www.linkedin.com\/company\/pavol-jozef-afrik-university-in-koice\/"]}]}},"_links":{"self":[{"href":"https:\/\/www.upjs.sk\/en\/wp-json\/wp\/v2\/pages\/41372","targetHints":{"allow":["GET"]}}],"collection":[{"href":"https:\/\/www.upjs.sk\/en\/wp-json\/wp\/v2\/pages"}],"about":[{"href":"https:\/\/www.upjs.sk\/en\/wp-json\/wp\/v2\/types\/page"}],"author":[{"embeddable":true,"href":"https:\/\/www.upjs.sk\/en\/wp-json\/wp\/v2\/users\/1"}],"replies":[{"embeddable":true,"href":"https:\/\/www.upjs.sk\/en\/wp-json\/wp\/v2\/comments?post=41372"}],"version-history":[{"count":0,"href":"https:\/\/www.upjs.sk\/en\/wp-json\/wp\/v2\/pages\/41372\/revisions"}],"up":[{"embeddable":true,"href":"https:\/\/www.upjs.sk\/en\/wp-json\/wp\/v2\/pages\/41241"}],"wp:attachment":[{"href":"https:\/\/www.upjs.sk\/en\/wp-json\/wp\/v2\/media?parent=41372"}],"wp:term":[{"taxonomy":"category","embeddable":true,"href":"https:\/\/www.upjs.sk\/en\/wp-json\/wp\/v2\/categories?post=41372"},{"taxonomy":"post_tag","embeddable":true,"href":"https:\/\/www.upjs.sk\/en\/wp-json\/wp\/v2\/tags?post=41372"}],"curies":[{"name":"wp","href":"https:\/\/api.w.org\/{rel}","templated":true}]}}