{"id":41398,"date":"2022-01-14T09:15:06","date_gmt":"2022-01-14T09:15:06","guid":{"rendered":"https:\/\/www.upjs.sk\/university\/internal-quality-assurance-and-verification-system-kat_id-2280\/questionnaire-surveys-kat_id-2837\/student-survey-saavs\/"},"modified":"2023-08-09T10:23:31","modified_gmt":"2023-08-09T08:23:31","slug":"student-survey-saavs","status":"publish","type":"page","link":"https:\/\/www.upjs.sk\/en\/internal-system-evaluation-quality\/indicators\/surveys\/student-survey-saavs\/","title":{"rendered":"Student survey SAAV\u0160"},"content":{"rendered":"\n<div style=\"height:20px\" aria-hidden=\"true\" class=\"wp-block-spacer\"><\/div>\n\n\n\n<ul class=\"wp-block-list\">\n<li><a aria-label=\"External quality assessment at UPJ\u0160 - Student survey SAAV\u0160 (opens in a new tab)\" href=\"https:\/\/saavs.sk\/en\/survey-first-results\/\" target=\"_blank\" rel=\"noreferrer noopener\" class=\"ek-link\"><strong>External quality assessment at UPJ\u0160 &#8211; Student survey SAAV\u0160<\/strong><\/a><\/li>\n<\/ul>\n\n\n\n<p><\/p>\n","protected":false},"excerpt":{"rendered":"","protected":false},"author":1,"featured_media":64040,"parent":41271,"menu_order":1,"comment_status":"closed","ping_status":"closed","template":"","meta":{"_acf_changed":false,"_editorskit_title_hidden":false,"_editorskit_reading_time":0,"_editorskit_is_block_options_detached":false,"_editorskit_block_options_position":"{}","footnotes":""},"categories":[],"tags":[],"class_list":["post-41398","page","type-page","status-publish","has-post-thumbnail","hentry"],"acf":{"acf_link_na_externy_obsah":""},"yoast_head":"<!-- This site is optimized with the Yoast SEO plugin v27.4 - https:\/\/yoast.com\/product\/yoast-seo-wordpress\/ -->\n<title>Student survey SAAV\u0160 - UPJ\u0160 Ko\u0161ice<\/title>\n<meta name=\"robots\" content=\"index, follow, max-snippet:-1, max-image-preview:large, max-video-preview:-1\" \/>\n<link rel=\"canonical\" href=\"https:\/\/www.upjs.sk\/en\/internal-system-evaluation-quality\/indicators\/surveys\/student-survey-saavs\/\" \/>\n<meta property=\"og:locale\" content=\"en_US\" \/>\n<meta property=\"og:type\" content=\"article\" \/>\n<meta property=\"og:title\" content=\"Student survey SAAV\u0160 - UPJ\u0160 Ko\u0161ice\" \/>\n<meta property=\"og:url\" content=\"https:\/\/www.upjs.sk\/en\/internal-system-evaluation-quality\/indicators\/surveys\/student-survey-saavs\/\" \/>\n<meta property=\"og:site_name\" content=\"UPJ\u0160 Ko\u0161ice\" \/>\n<meta property=\"article:publisher\" content=\"https:\/\/www.facebook.com\/UniverzitaPavlaJozefaSafarikaVkosiciach\/\" \/>\n<meta property=\"article:modified_time\" content=\"2023-08-09T08:23:31+00:00\" \/>\n<meta property=\"og:image\" content=\"https:\/\/www.upjs.sk\/app\/uploads\/2023\/08\/akad-stvrthodinka-bm-1.jpg\" \/>\n\t<meta property=\"og:image:width\" content=\"329\" \/>\n\t<meta property=\"og:image:height\" content=\"266\" \/>\n\t<meta property=\"og:image:type\" content=\"image\/jpeg\" \/>\n<meta name=\"twitter:card\" content=\"summary_large_image\" \/>\n<meta name=\"twitter:site\" content=\"@UPJS_kosice\" \/>\n<meta name=\"twitter:label1\" content=\"Est. reading time\" \/>\n\t<meta name=\"twitter:data1\" content=\"1 minute\" \/>\n<script type=\"application\/ld+json\" class=\"yoast-schema-graph\">{\"@context\":\"https:\\\/\\\/schema.org\",\"@graph\":[{\"@type\":\"WebPage\",\"@id\":\"https:\\\/\\\/www.upjs.sk\\\/en\\\/internal-system-evaluation-quality\\\/indicators\\\/surveys\\\/student-survey-saavs\\\/\",\"url\":\"https:\\\/\\\/www.upjs.sk\\\/en\\\/internal-system-evaluation-quality\\\/indicators\\\/surveys\\\/student-survey-saavs\\\/\",\"name\":\"Student survey SAAV\u0160 - UPJ\u0160 Ko\u0161ice\",\"isPartOf\":{\"@id\":\"https:\\\/\\\/www.upjs.sk\\\/en\\\/#website\"},\"primaryImageOfPage\":{\"@id\":\"https:\\\/\\\/www.upjs.sk\\\/en\\\/internal-system-evaluation-quality\\\/indicators\\\/surveys\\\/student-survey-saavs\\\/#primaryimage\"},\"image\":{\"@id\":\"https:\\\/\\\/www.upjs.sk\\\/en\\\/internal-system-evaluation-quality\\\/indicators\\\/surveys\\\/student-survey-saavs\\\/#primaryimage\"},\"thumbnailUrl\":\"https:\\\/\\\/www.upjs.sk\\\/app\\\/uploads\\\/2023\\\/08\\\/akad-stvrthodinka-bm-1.jpg\",\"datePublished\":\"2022-01-14T09:15:06+00:00\",\"dateModified\":\"2023-08-09T08:23:31+00:00\",\"breadcrumb\":{\"@id\":\"https:\\\/\\\/www.upjs.sk\\\/en\\\/internal-system-evaluation-quality\\\/indicators\\\/surveys\\\/student-survey-saavs\\\/#breadcrumb\"},\"inLanguage\":\"en-US\",\"potentialAction\":[{\"@type\":\"ReadAction\",\"target\":[\"https:\\\/\\\/www.upjs.sk\\\/en\\\/internal-system-evaluation-quality\\\/indicators\\\/surveys\\\/student-survey-saavs\\\/\"]}]},{\"@type\":\"ImageObject\",\"inLanguage\":\"en-US\",\"@id\":\"https:\\\/\\\/www.upjs.sk\\\/en\\\/internal-system-evaluation-quality\\\/indicators\\\/surveys\\\/student-survey-saavs\\\/#primaryimage\",\"url\":\"https:\\\/\\\/www.upjs.sk\\\/app\\\/uploads\\\/2023\\\/08\\\/akad-stvrthodinka-bm-1.jpg\",\"contentUrl\":\"https:\\\/\\\/www.upjs.sk\\\/app\\\/uploads\\\/2023\\\/08\\\/akad-stvrthodinka-bm-1.jpg\",\"width\":329,\"height\":266},{\"@type\":\"BreadcrumbList\",\"@id\":\"https:\\\/\\\/www.upjs.sk\\\/en\\\/internal-system-evaluation-quality\\\/indicators\\\/surveys\\\/student-survey-saavs\\\/#breadcrumb\",\"itemListElement\":[{\"@type\":\"ListItem\",\"position\":1,\"name\":\"Home\",\"item\":\"https:\\\/\\\/www.upjs.sk\\\/en\\\/\"},{\"@type\":\"ListItem\",\"position\":2,\"name\":\"Internal quality assurance and verification system\",\"item\":\"https:\\\/\\\/www.upjs.sk\\\/en\\\/internal-system-evaluation-quality\\\/\"},{\"@type\":\"ListItem\",\"position\":3,\"name\":\"Quality indicators\",\"item\":\"https:\\\/\\\/www.upjs.sk\\\/en\\\/internal-system-evaluation-quality\\\/indicators\\\/\"},{\"@type\":\"ListItem\",\"position\":4,\"name\":\"Questionnaire Surveys\",\"item\":\"https:\\\/\\\/www.upjs.sk\\\/en\\\/internal-system-evaluation-quality\\\/indicators\\\/surveys\\\/\"},{\"@type\":\"ListItem\",\"position\":5,\"name\":\"Student survey SAAV\u0160\"}]},{\"@type\":\"WebSite\",\"@id\":\"https:\\\/\\\/www.upjs.sk\\\/en\\\/#website\",\"url\":\"https:\\\/\\\/www.upjs.sk\\\/en\\\/\",\"name\":\"UPJ\u0160 Ko\u0161ice\",\"description\":\"Wisdom of the Past, Knowledge of the Present, Education of the Future\",\"publisher\":{\"@id\":\"https:\\\/\\\/www.upjs.sk\\\/en\\\/#organization\"},\"potentialAction\":[{\"@type\":\"SearchAction\",\"target\":{\"@type\":\"EntryPoint\",\"urlTemplate\":\"https:\\\/\\\/www.upjs.sk\\\/en\\\/?s={search_term_string}\"},\"query-input\":{\"@type\":\"PropertyValueSpecification\",\"valueRequired\":true,\"valueName\":\"search_term_string\"}}],\"inLanguage\":\"en-US\"},{\"@type\":\"Organization\",\"@id\":\"https:\\\/\\\/www.upjs.sk\\\/en\\\/#organization\",\"name\":\"UPJ\u0160 Ko\u0161ice\",\"url\":\"https:\\\/\\\/www.upjs.sk\\\/en\\\/\",\"logo\":{\"@type\":\"ImageObject\",\"inLanguage\":\"en-US\",\"@id\":\"https:\\\/\\\/www.upjs.sk\\\/en\\\/#\\\/schema\\\/logo\\\/image\\\/\",\"url\":\"https:\\\/\\\/www.upjs.sk\\\/app\\\/uploads\\\/2023\\\/01\\\/UPJS_ENG_esymbol.svg\",\"contentUrl\":\"https:\\\/\\\/www.upjs.sk\\\/app\\\/uploads\\\/2023\\\/01\\\/UPJS_ENG_esymbol.svg\",\"width\":448,\"height\":139,\"caption\":\"UPJ\u0160 Ko\u0161ice\"},\"image\":{\"@id\":\"https:\\\/\\\/www.upjs.sk\\\/en\\\/#\\\/schema\\\/logo\\\/image\\\/\"},\"sameAs\":[\"https:\\\/\\\/www.facebook.com\\\/UniverzitaPavlaJozefaSafarikaVkosiciach\\\/\",\"https:\\\/\\\/x.com\\\/UPJS_kosice\",\"https:\\\/\\\/www.instagram.com\\\/upjs_kosice\",\"https:\\\/\\\/www.linkedin.com\\\/company\\\/pavol-jozef-afrik-university-in-koice\\\/\"]}]}<\/script>\n<!-- \/ Yoast SEO plugin. -->","yoast_head_json":{"title":"Student survey SAAV\u0160 - UPJ\u0160 Ko\u0161ice","robots":{"index":"index","follow":"follow","max-snippet":"max-snippet:-1","max-image-preview":"max-image-preview:large","max-video-preview":"max-video-preview:-1"},"canonical":"https:\/\/www.upjs.sk\/en\/internal-system-evaluation-quality\/indicators\/surveys\/student-survey-saavs\/","og_locale":"en_US","og_type":"article","og_title":"Student survey SAAV\u0160 - UPJ\u0160 Ko\u0161ice","og_url":"https:\/\/www.upjs.sk\/en\/internal-system-evaluation-quality\/indicators\/surveys\/student-survey-saavs\/","og_site_name":"UPJ\u0160 Ko\u0161ice","article_publisher":"https:\/\/www.facebook.com\/UniverzitaPavlaJozefaSafarikaVkosiciach\/","article_modified_time":"2023-08-09T08:23:31+00:00","og_image":[{"width":329,"height":266,"url":"https:\/\/www.upjs.sk\/app\/uploads\/2023\/08\/akad-stvrthodinka-bm-1.jpg","type":"image\/jpeg"}],"twitter_card":"summary_large_image","twitter_site":"@UPJS_kosice","twitter_misc":{"Est. reading time":"1 minute"},"schema":{"@context":"https:\/\/schema.org","@graph":[{"@type":"WebPage","@id":"https:\/\/www.upjs.sk\/en\/internal-system-evaluation-quality\/indicators\/surveys\/student-survey-saavs\/","url":"https:\/\/www.upjs.sk\/en\/internal-system-evaluation-quality\/indicators\/surveys\/student-survey-saavs\/","name":"Student survey SAAV\u0160 - UPJ\u0160 Ko\u0161ice","isPartOf":{"@id":"https:\/\/www.upjs.sk\/en\/#website"},"primaryImageOfPage":{"@id":"https:\/\/www.upjs.sk\/en\/internal-system-evaluation-quality\/indicators\/surveys\/student-survey-saavs\/#primaryimage"},"image":{"@id":"https:\/\/www.upjs.sk\/en\/internal-system-evaluation-quality\/indicators\/surveys\/student-survey-saavs\/#primaryimage"},"thumbnailUrl":"https:\/\/www.upjs.sk\/app\/uploads\/2023\/08\/akad-stvrthodinka-bm-1.jpg","datePublished":"2022-01-14T09:15:06+00:00","dateModified":"2023-08-09T08:23:31+00:00","breadcrumb":{"@id":"https:\/\/www.upjs.sk\/en\/internal-system-evaluation-quality\/indicators\/surveys\/student-survey-saavs\/#breadcrumb"},"inLanguage":"en-US","potentialAction":[{"@type":"ReadAction","target":["https:\/\/www.upjs.sk\/en\/internal-system-evaluation-quality\/indicators\/surveys\/student-survey-saavs\/"]}]},{"@type":"ImageObject","inLanguage":"en-US","@id":"https:\/\/www.upjs.sk\/en\/internal-system-evaluation-quality\/indicators\/surveys\/student-survey-saavs\/#primaryimage","url":"https:\/\/www.upjs.sk\/app\/uploads\/2023\/08\/akad-stvrthodinka-bm-1.jpg","contentUrl":"https:\/\/www.upjs.sk\/app\/uploads\/2023\/08\/akad-stvrthodinka-bm-1.jpg","width":329,"height":266},{"@type":"BreadcrumbList","@id":"https:\/\/www.upjs.sk\/en\/internal-system-evaluation-quality\/indicators\/surveys\/student-survey-saavs\/#breadcrumb","itemListElement":[{"@type":"ListItem","position":1,"name":"Home","item":"https:\/\/www.upjs.sk\/en\/"},{"@type":"ListItem","position":2,"name":"Internal quality assurance and verification system","item":"https:\/\/www.upjs.sk\/en\/internal-system-evaluation-quality\/"},{"@type":"ListItem","position":3,"name":"Quality indicators","item":"https:\/\/www.upjs.sk\/en\/internal-system-evaluation-quality\/indicators\/"},{"@type":"ListItem","position":4,"name":"Questionnaire Surveys","item":"https:\/\/www.upjs.sk\/en\/internal-system-evaluation-quality\/indicators\/surveys\/"},{"@type":"ListItem","position":5,"name":"Student survey SAAV\u0160"}]},{"@type":"WebSite","@id":"https:\/\/www.upjs.sk\/en\/#website","url":"https:\/\/www.upjs.sk\/en\/","name":"UPJ\u0160 Ko\u0161ice","description":"Wisdom of the Past, Knowledge of the Present, Education of the Future","publisher":{"@id":"https:\/\/www.upjs.sk\/en\/#organization"},"potentialAction":[{"@type":"SearchAction","target":{"@type":"EntryPoint","urlTemplate":"https:\/\/www.upjs.sk\/en\/?s={search_term_string}"},"query-input":{"@type":"PropertyValueSpecification","valueRequired":true,"valueName":"search_term_string"}}],"inLanguage":"en-US"},{"@type":"Organization","@id":"https:\/\/www.upjs.sk\/en\/#organization","name":"UPJ\u0160 Ko\u0161ice","url":"https:\/\/www.upjs.sk\/en\/","logo":{"@type":"ImageObject","inLanguage":"en-US","@id":"https:\/\/www.upjs.sk\/en\/#\/schema\/logo\/image\/","url":"https:\/\/www.upjs.sk\/app\/uploads\/2023\/01\/UPJS_ENG_esymbol.svg","contentUrl":"https:\/\/www.upjs.sk\/app\/uploads\/2023\/01\/UPJS_ENG_esymbol.svg","width":448,"height":139,"caption":"UPJ\u0160 Ko\u0161ice"},"image":{"@id":"https:\/\/www.upjs.sk\/en\/#\/schema\/logo\/image\/"},"sameAs":["https:\/\/www.facebook.com\/UniverzitaPavlaJozefaSafarikaVkosiciach\/","https:\/\/x.com\/UPJS_kosice","https:\/\/www.instagram.com\/upjs_kosice","https:\/\/www.linkedin.com\/company\/pavol-jozef-afrik-university-in-koice\/"]}]}},"_links":{"self":[{"href":"https:\/\/www.upjs.sk\/en\/wp-json\/wp\/v2\/pages\/41398","targetHints":{"allow":["GET"]}}],"collection":[{"href":"https:\/\/www.upjs.sk\/en\/wp-json\/wp\/v2\/pages"}],"about":[{"href":"https:\/\/www.upjs.sk\/en\/wp-json\/wp\/v2\/types\/page"}],"author":[{"embeddable":true,"href":"https:\/\/www.upjs.sk\/en\/wp-json\/wp\/v2\/users\/1"}],"replies":[{"embeddable":true,"href":"https:\/\/www.upjs.sk\/en\/wp-json\/wp\/v2\/comments?post=41398"}],"version-history":[{"count":11,"href":"https:\/\/www.upjs.sk\/en\/wp-json\/wp\/v2\/pages\/41398\/revisions"}],"predecessor-version":[{"id":64043,"href":"https:\/\/www.upjs.sk\/en\/wp-json\/wp\/v2\/pages\/41398\/revisions\/64043"}],"up":[{"embeddable":true,"href":"https:\/\/www.upjs.sk\/en\/wp-json\/wp\/v2\/pages\/41271"}],"wp:featuredmedia":[{"embeddable":true,"href":"https:\/\/www.upjs.sk\/en\/wp-json\/wp\/v2\/media\/64040"}],"wp:attachment":[{"href":"https:\/\/www.upjs.sk\/en\/wp-json\/wp\/v2\/media?parent=41398"}],"wp:term":[{"taxonomy":"category","embeddable":true,"href":"https:\/\/www.upjs.sk\/en\/wp-json\/wp\/v2\/categories?post=41398"},{"taxonomy":"post_tag","embeddable":true,"href":"https:\/\/www.upjs.sk\/en\/wp-json\/wp\/v2\/tags?post=41398"}],"curies":[{"name":"wp","href":"https:\/\/api.w.org\/{rel}","templated":true}]}}