{"id":41402,"date":"2017-09-05T11:31:04","date_gmt":"2017-09-05T11:31:04","guid":{"rendered":"https:\/\/www.upjs.sk\/university\/internal-quality-assurance-and-verification-system-kat_id-2280\/questionnaire-surveys-kat_id-2837\/why-should-i-participate\/"},"modified":"2017-09-05T11:31:04","modified_gmt":"2017-09-05T11:31:04","slug":"why-should-i-participate","status":"publish","type":"page","link":"https:\/\/www.upjs.sk\/en\/internal-system-evaluation-quality\/indicators\/surveys\/why-should-i-participate\/","title":{"rendered":"Why should I participate?"},"content":{"rendered":"<p style=\"text-align:justify\">Your answers are very important to help us improve your studies at the UPJ\u0160 and make changes that will be beneficial to you and other students.<\/p>\n<p style=\"text-align:justify\">All data will be collected and used to form future decisions across the spectrum of areas that are important for students. We will inform about how and where we made changes and what new services were introduced based on what the students told us.<\/p>\n","protected":false},"excerpt":{"rendered":"<p>Your answers are very important to help us improve your studies at the UPJ\u0160 and make changes that will be beneficial to you and other students. All data will be collected and used to form future decisions across the spectrum of areas that are important for students. We will inform about how and where we &hellip; <a href=\"https:\/\/www.upjs.sk\/en\/internal-system-evaluation-quality\/indicators\/surveys\/why-should-i-participate\/\">Continued<\/a><\/p>\n","protected":false},"author":1,"featured_media":0,"parent":41271,"menu_order":3,"comment_status":"closed","ping_status":"closed","template":"","meta":{"_acf_changed":false,"_editorskit_title_hidden":false,"_editorskit_reading_time":0,"_editorskit_is_block_options_detached":false,"_editorskit_block_options_position":"{}","footnotes":""},"categories":[],"tags":[],"class_list":["post-41402","page","type-page","status-publish","hentry"],"acf":{"acf_link_na_externy_obsah":""},"yoast_head":"<!-- This site is optimized with the Yoast SEO plugin v27.2 - https:\/\/yoast.com\/product\/yoast-seo-wordpress\/ -->\n<title>Why should I participate? - UPJ\u0160 Ko\u0161ice<\/title>\n<meta name=\"robots\" content=\"index, follow, max-snippet:-1, max-image-preview:large, max-video-preview:-1\" \/>\n<link rel=\"canonical\" href=\"https:\/\/www.upjs.sk\/en\/internal-system-evaluation-quality\/indicators\/surveys\/why-should-i-participate\/\" \/>\n<meta property=\"og:locale\" content=\"en_US\" \/>\n<meta property=\"og:type\" content=\"article\" \/>\n<meta property=\"og:title\" content=\"Why should I participate? - UPJ\u0160 Ko\u0161ice\" \/>\n<meta property=\"og:description\" content=\"Your answers are very important to help us improve your studies at the UPJ\u0160 and make changes that will be beneficial to you and other students. All data will be collected and used to form future decisions across the spectrum of areas that are important for students. We will inform about how and where we &hellip; Continued\" \/>\n<meta property=\"og:url\" content=\"https:\/\/www.upjs.sk\/en\/internal-system-evaluation-quality\/indicators\/surveys\/why-should-i-participate\/\" \/>\n<meta property=\"og:site_name\" content=\"UPJ\u0160 Ko\u0161ice\" \/>\n<meta property=\"article:publisher\" content=\"https:\/\/www.facebook.com\/UniverzitaPavlaJozefaSafarikaVkosiciach\/\" \/>\n<meta name=\"twitter:card\" content=\"summary_large_image\" \/>\n<meta name=\"twitter:site\" content=\"@UPJS_kosice\" \/>\n<script type=\"application\/ld+json\" class=\"yoast-schema-graph\">{\"@context\":\"https:\/\/schema.org\",\"@graph\":[{\"@type\":\"WebPage\",\"@id\":\"https:\/\/www.upjs.sk\/en\/internal-system-evaluation-quality\/indicators\/surveys\/why-should-i-participate\/\",\"url\":\"https:\/\/www.upjs.sk\/en\/internal-system-evaluation-quality\/indicators\/surveys\/why-should-i-participate\/\",\"name\":\"Why should I participate? - UPJ\u0160 Ko\u0161ice\",\"isPartOf\":{\"@id\":\"https:\/\/www.upjs.sk\/en\/#website\"},\"datePublished\":\"2017-09-05T11:31:04+00:00\",\"breadcrumb\":{\"@id\":\"https:\/\/www.upjs.sk\/en\/internal-system-evaluation-quality\/indicators\/surveys\/why-should-i-participate\/#breadcrumb\"},\"inLanguage\":\"en-US\",\"potentialAction\":[{\"@type\":\"ReadAction\",\"target\":[\"https:\/\/www.upjs.sk\/en\/internal-system-evaluation-quality\/indicators\/surveys\/why-should-i-participate\/\"]}]},{\"@type\":\"BreadcrumbList\",\"@id\":\"https:\/\/www.upjs.sk\/en\/internal-system-evaluation-quality\/indicators\/surveys\/why-should-i-participate\/#breadcrumb\",\"itemListElement\":[{\"@type\":\"ListItem\",\"position\":1,\"name\":\"Home\",\"item\":\"https:\/\/www.upjs.sk\/en\/\"},{\"@type\":\"ListItem\",\"position\":2,\"name\":\"Internal quality assurance and verification system\",\"item\":\"https:\/\/www.upjs.sk\/en\/internal-system-evaluation-quality\/\"},{\"@type\":\"ListItem\",\"position\":3,\"name\":\"Quality indicators\",\"item\":\"https:\/\/www.upjs.sk\/en\/internal-system-evaluation-quality\/indicators\/\"},{\"@type\":\"ListItem\",\"position\":4,\"name\":\"Questionnaire Surveys\",\"item\":\"https:\/\/www.upjs.sk\/en\/internal-system-evaluation-quality\/indicators\/surveys\/\"},{\"@type\":\"ListItem\",\"position\":5,\"name\":\"Why should I participate?\"}]},{\"@type\":\"WebSite\",\"@id\":\"https:\/\/www.upjs.sk\/en\/#website\",\"url\":\"https:\/\/www.upjs.sk\/en\/\",\"name\":\"UPJ\u0160 Ko\u0161ice\",\"description\":\"Wisdom of the Past, Knowledge of the Present, Education of the Future\",\"publisher\":{\"@id\":\"https:\/\/www.upjs.sk\/en\/#organization\"},\"potentialAction\":[{\"@type\":\"SearchAction\",\"target\":{\"@type\":\"EntryPoint\",\"urlTemplate\":\"https:\/\/www.upjs.sk\/en\/?s={search_term_string}\"},\"query-input\":{\"@type\":\"PropertyValueSpecification\",\"valueRequired\":true,\"valueName\":\"search_term_string\"}}],\"inLanguage\":\"en-US\"},{\"@type\":\"Organization\",\"@id\":\"https:\/\/www.upjs.sk\/en\/#organization\",\"name\":\"UPJ\u0160 Ko\u0161ice\",\"url\":\"https:\/\/www.upjs.sk\/en\/\",\"logo\":{\"@type\":\"ImageObject\",\"inLanguage\":\"en-US\",\"@id\":\"https:\/\/www.upjs.sk\/en\/#\/schema\/logo\/image\/\",\"url\":\"https:\/\/www.upjs.sk\/app\/uploads\/2023\/01\/UPJS_ENG_esymbol.svg\",\"contentUrl\":\"https:\/\/www.upjs.sk\/app\/uploads\/2023\/01\/UPJS_ENG_esymbol.svg\",\"width\":448,\"height\":139,\"caption\":\"UPJ\u0160 Ko\u0161ice\"},\"image\":{\"@id\":\"https:\/\/www.upjs.sk\/en\/#\/schema\/logo\/image\/\"},\"sameAs\":[\"https:\/\/www.facebook.com\/UniverzitaPavlaJozefaSafarikaVkosiciach\/\",\"https:\/\/x.com\/UPJS_kosice\",\"https:\/\/www.instagram.com\/upjs_kosice\",\"https:\/\/www.linkedin.com\/company\/pavol-jozef-afrik-university-in-koice\/\"]}]}<\/script>\n<!-- \/ Yoast SEO plugin. -->","yoast_head_json":{"title":"Why should I participate? - UPJ\u0160 Ko\u0161ice","robots":{"index":"index","follow":"follow","max-snippet":"max-snippet:-1","max-image-preview":"max-image-preview:large","max-video-preview":"max-video-preview:-1"},"canonical":"https:\/\/www.upjs.sk\/en\/internal-system-evaluation-quality\/indicators\/surveys\/why-should-i-participate\/","og_locale":"en_US","og_type":"article","og_title":"Why should I participate? - UPJ\u0160 Ko\u0161ice","og_description":"Your answers are very important to help us improve your studies at the UPJ\u0160 and make changes that will be beneficial to you and other students. All data will be collected and used to form future decisions across the spectrum of areas that are important for students. We will inform about how and where we &hellip; Continued","og_url":"https:\/\/www.upjs.sk\/en\/internal-system-evaluation-quality\/indicators\/surveys\/why-should-i-participate\/","og_site_name":"UPJ\u0160 Ko\u0161ice","article_publisher":"https:\/\/www.facebook.com\/UniverzitaPavlaJozefaSafarikaVkosiciach\/","twitter_card":"summary_large_image","twitter_site":"@UPJS_kosice","schema":{"@context":"https:\/\/schema.org","@graph":[{"@type":"WebPage","@id":"https:\/\/www.upjs.sk\/en\/internal-system-evaluation-quality\/indicators\/surveys\/why-should-i-participate\/","url":"https:\/\/www.upjs.sk\/en\/internal-system-evaluation-quality\/indicators\/surveys\/why-should-i-participate\/","name":"Why should I participate? - UPJ\u0160 Ko\u0161ice","isPartOf":{"@id":"https:\/\/www.upjs.sk\/en\/#website"},"datePublished":"2017-09-05T11:31:04+00:00","breadcrumb":{"@id":"https:\/\/www.upjs.sk\/en\/internal-system-evaluation-quality\/indicators\/surveys\/why-should-i-participate\/#breadcrumb"},"inLanguage":"en-US","potentialAction":[{"@type":"ReadAction","target":["https:\/\/www.upjs.sk\/en\/internal-system-evaluation-quality\/indicators\/surveys\/why-should-i-participate\/"]}]},{"@type":"BreadcrumbList","@id":"https:\/\/www.upjs.sk\/en\/internal-system-evaluation-quality\/indicators\/surveys\/why-should-i-participate\/#breadcrumb","itemListElement":[{"@type":"ListItem","position":1,"name":"Home","item":"https:\/\/www.upjs.sk\/en\/"},{"@type":"ListItem","position":2,"name":"Internal quality assurance and verification system","item":"https:\/\/www.upjs.sk\/en\/internal-system-evaluation-quality\/"},{"@type":"ListItem","position":3,"name":"Quality indicators","item":"https:\/\/www.upjs.sk\/en\/internal-system-evaluation-quality\/indicators\/"},{"@type":"ListItem","position":4,"name":"Questionnaire Surveys","item":"https:\/\/www.upjs.sk\/en\/internal-system-evaluation-quality\/indicators\/surveys\/"},{"@type":"ListItem","position":5,"name":"Why should I participate?"}]},{"@type":"WebSite","@id":"https:\/\/www.upjs.sk\/en\/#website","url":"https:\/\/www.upjs.sk\/en\/","name":"UPJ\u0160 Ko\u0161ice","description":"Wisdom of the Past, Knowledge of the Present, Education of the Future","publisher":{"@id":"https:\/\/www.upjs.sk\/en\/#organization"},"potentialAction":[{"@type":"SearchAction","target":{"@type":"EntryPoint","urlTemplate":"https:\/\/www.upjs.sk\/en\/?s={search_term_string}"},"query-input":{"@type":"PropertyValueSpecification","valueRequired":true,"valueName":"search_term_string"}}],"inLanguage":"en-US"},{"@type":"Organization","@id":"https:\/\/www.upjs.sk\/en\/#organization","name":"UPJ\u0160 Ko\u0161ice","url":"https:\/\/www.upjs.sk\/en\/","logo":{"@type":"ImageObject","inLanguage":"en-US","@id":"https:\/\/www.upjs.sk\/en\/#\/schema\/logo\/image\/","url":"https:\/\/www.upjs.sk\/app\/uploads\/2023\/01\/UPJS_ENG_esymbol.svg","contentUrl":"https:\/\/www.upjs.sk\/app\/uploads\/2023\/01\/UPJS_ENG_esymbol.svg","width":448,"height":139,"caption":"UPJ\u0160 Ko\u0161ice"},"image":{"@id":"https:\/\/www.upjs.sk\/en\/#\/schema\/logo\/image\/"},"sameAs":["https:\/\/www.facebook.com\/UniverzitaPavlaJozefaSafarikaVkosiciach\/","https:\/\/x.com\/UPJS_kosice","https:\/\/www.instagram.com\/upjs_kosice","https:\/\/www.linkedin.com\/company\/pavol-jozef-afrik-university-in-koice\/"]}]}},"_links":{"self":[{"href":"https:\/\/www.upjs.sk\/en\/wp-json\/wp\/v2\/pages\/41402","targetHints":{"allow":["GET"]}}],"collection":[{"href":"https:\/\/www.upjs.sk\/en\/wp-json\/wp\/v2\/pages"}],"about":[{"href":"https:\/\/www.upjs.sk\/en\/wp-json\/wp\/v2\/types\/page"}],"author":[{"embeddable":true,"href":"https:\/\/www.upjs.sk\/en\/wp-json\/wp\/v2\/users\/1"}],"replies":[{"embeddable":true,"href":"https:\/\/www.upjs.sk\/en\/wp-json\/wp\/v2\/comments?post=41402"}],"version-history":[{"count":0,"href":"https:\/\/www.upjs.sk\/en\/wp-json\/wp\/v2\/pages\/41402\/revisions"}],"up":[{"embeddable":true,"href":"https:\/\/www.upjs.sk\/en\/wp-json\/wp\/v2\/pages\/41271"}],"wp:attachment":[{"href":"https:\/\/www.upjs.sk\/en\/wp-json\/wp\/v2\/media?parent=41402"}],"wp:term":[{"taxonomy":"category","embeddable":true,"href":"https:\/\/www.upjs.sk\/en\/wp-json\/wp\/v2\/categories?post=41402"},{"taxonomy":"post_tag","embeddable":true,"href":"https:\/\/www.upjs.sk\/en\/wp-json\/wp\/v2\/tags?post=41402"}],"curies":[{"name":"wp","href":"https:\/\/api.w.org\/{rel}","templated":true}]}}