{"id":41407,"date":"2017-09-05T11:41:35","date_gmt":"2017-09-05T11:41:35","guid":{"rendered":"https:\/\/www.upjs.sk\/university\/internal-quality-assurance-and-verification-system-kat_id-2280\/questionnaire-surveys-kat_id-2837\/assessment-of-the-subjects\/"},"modified":"2023-08-07T15:21:55","modified_gmt":"2023-08-07T13:21:55","slug":"assessment-of-the-subjects","status":"publish","type":"page","link":"https:\/\/www.upjs.sk\/en\/internal-system-evaluation-quality\/indicators\/surveys\/assessment-of-the-subjects\/","title":{"rendered":"Student Satisfaction Survey of the UPJ\u0160 &#8211; assessment of the subjects"},"content":{"rendered":"\n<p>The Student Satisfaction Survey (UPJ\u0160) \u2013 assessment of the subjects is realized at the university\/faculty after each semester (twice a year) and allows students to assess and express their opinions and observations regarding to the subjects they attended in the given semester. They express an opinion about e.g.:<\/p>\n\n\n\n<ul class=\"wp-block-list\">\n<li>quality of lectures,<\/li>\n\n\n\n<li>structure and overall quality of practical workshops and seminars,<\/li>\n\n\n\n<li>continuous evaluation and exam,<\/li>\n\n\n\n<li>self-assessment and overall evaluation of the subject.<\/li>\n<\/ul>\n\n\n\n<div style=\"height:25px\" aria-hidden=\"true\" class=\"wp-block-spacer\"><\/div>\n\n\n\n<p>Students can also express additional observations and suggestions that could contribute to increasing students&#8217; satisfaction. The questionnaire is accessible in the AiS with sender anonymity preserved.<\/p>\n\n\n\n<p>\u2666 <strong>Questionnaire<\/strong> &#8211; <a href=\"\/public\/media\/16416\/A-Studenti-hodnotenie-predmetov-2017.docx\" target=\"_blank\" rel=\"noopener\">docx<\/a>, <a href=\"https:\/\/www.upjs.sk\/en\/download-attachment\/41411\" target=\"_blank\" aria-label=\"pdf. (opens in a new tab)\" rel=\"noreferrer noopener\" class=\"ek-link\">pdf.<\/a><\/p>\n","protected":false},"excerpt":{"rendered":"<p>The Student Satisfaction Survey (UPJ\u0160) \u2013 assessment of the subjects is realized at the university\/faculty after each semester (twice a year) and allows students to assess and express their opinions and observations regarding to the subjects they attended in the given semester. They express an opinion about e.g.: Students can also express additional observations and &hellip; <a href=\"https:\/\/www.upjs.sk\/en\/internal-system-evaluation-quality\/indicators\/surveys\/assessment-of-the-subjects\/\">Continued<\/a><\/p>\n","protected":false},"author":1,"featured_media":0,"parent":41271,"menu_order":11,"comment_status":"closed","ping_status":"closed","template":"","meta":{"_acf_changed":false,"_editorskit_title_hidden":false,"_editorskit_reading_time":0,"_editorskit_is_block_options_detached":false,"_editorskit_block_options_position":"{}","footnotes":""},"categories":[],"tags":[],"class_list":["post-41407","page","type-page","status-publish","hentry"],"acf":{"acf_link_na_externy_obsah":""},"yoast_head":"<!-- This site is optimized with the Yoast SEO plugin v27.2 - https:\/\/yoast.com\/product\/yoast-seo-wordpress\/ -->\n<title>Student Satisfaction Survey of the UPJ\u0160 - assessment of the subjects - UPJ\u0160 Ko\u0161ice<\/title>\n<meta name=\"robots\" content=\"index, follow, max-snippet:-1, max-image-preview:large, max-video-preview:-1\" \/>\n<link rel=\"canonical\" href=\"https:\/\/www.upjs.sk\/en\/internal-system-evaluation-quality\/indicators\/surveys\/assessment-of-the-subjects\/\" \/>\n<meta property=\"og:locale\" content=\"en_US\" \/>\n<meta property=\"og:type\" content=\"article\" \/>\n<meta property=\"og:title\" content=\"Student Satisfaction Survey of the UPJ\u0160 - assessment of the subjects - UPJ\u0160 Ko\u0161ice\" \/>\n<meta property=\"og:description\" content=\"The Student Satisfaction Survey (UPJ\u0160) \u2013 assessment of the subjects is realized at the university\/faculty after each semester (twice a year) and allows students to assess and express their opinions and observations regarding to the subjects they attended in the given semester. They express an opinion about e.g.: Students can also express additional observations and &hellip; Continued\" \/>\n<meta property=\"og:url\" content=\"https:\/\/www.upjs.sk\/en\/internal-system-evaluation-quality\/indicators\/surveys\/assessment-of-the-subjects\/\" \/>\n<meta property=\"og:site_name\" content=\"UPJ\u0160 Ko\u0161ice\" \/>\n<meta property=\"article:publisher\" content=\"https:\/\/www.facebook.com\/UniverzitaPavlaJozefaSafarikaVkosiciach\/\" \/>\n<meta property=\"article:modified_time\" content=\"2023-08-07T13:21:55+00:00\" \/>\n<meta name=\"twitter:card\" content=\"summary_large_image\" \/>\n<meta name=\"twitter:site\" content=\"@UPJS_kosice\" \/>\n<meta name=\"twitter:label1\" content=\"Est. reading time\" \/>\n\t<meta name=\"twitter:data1\" content=\"1 minute\" \/>\n<script type=\"application\/ld+json\" class=\"yoast-schema-graph\">{\"@context\":\"https:\/\/schema.org\",\"@graph\":[{\"@type\":\"WebPage\",\"@id\":\"https:\/\/www.upjs.sk\/en\/internal-system-evaluation-quality\/indicators\/surveys\/assessment-of-the-subjects\/\",\"url\":\"https:\/\/www.upjs.sk\/en\/internal-system-evaluation-quality\/indicators\/surveys\/assessment-of-the-subjects\/\",\"name\":\"Student Satisfaction Survey of the UPJ\u0160 - assessment of the subjects - UPJ\u0160 Ko\u0161ice\",\"isPartOf\":{\"@id\":\"https:\/\/www.upjs.sk\/en\/#website\"},\"datePublished\":\"2017-09-05T11:41:35+00:00\",\"dateModified\":\"2023-08-07T13:21:55+00:00\",\"breadcrumb\":{\"@id\":\"https:\/\/www.upjs.sk\/en\/internal-system-evaluation-quality\/indicators\/surveys\/assessment-of-the-subjects\/#breadcrumb\"},\"inLanguage\":\"en-US\",\"potentialAction\":[{\"@type\":\"ReadAction\",\"target\":[\"https:\/\/www.upjs.sk\/en\/internal-system-evaluation-quality\/indicators\/surveys\/assessment-of-the-subjects\/\"]}]},{\"@type\":\"BreadcrumbList\",\"@id\":\"https:\/\/www.upjs.sk\/en\/internal-system-evaluation-quality\/indicators\/surveys\/assessment-of-the-subjects\/#breadcrumb\",\"itemListElement\":[{\"@type\":\"ListItem\",\"position\":1,\"name\":\"Home\",\"item\":\"https:\/\/www.upjs.sk\/en\/\"},{\"@type\":\"ListItem\",\"position\":2,\"name\":\"Internal quality assurance and verification system\",\"item\":\"https:\/\/www.upjs.sk\/en\/internal-system-evaluation-quality\/\"},{\"@type\":\"ListItem\",\"position\":3,\"name\":\"Quality indicators\",\"item\":\"https:\/\/www.upjs.sk\/en\/internal-system-evaluation-quality\/indicators\/\"},{\"@type\":\"ListItem\",\"position\":4,\"name\":\"Questionnaire Surveys\",\"item\":\"https:\/\/www.upjs.sk\/en\/internal-system-evaluation-quality\/indicators\/surveys\/\"},{\"@type\":\"ListItem\",\"position\":5,\"name\":\"Student Satisfaction Survey of the UPJ\u0160 &#8211; assessment of the subjects\"}]},{\"@type\":\"WebSite\",\"@id\":\"https:\/\/www.upjs.sk\/en\/#website\",\"url\":\"https:\/\/www.upjs.sk\/en\/\",\"name\":\"UPJ\u0160 Ko\u0161ice\",\"description\":\"Wisdom of the Past, Knowledge of the Present, Education of the Future\",\"publisher\":{\"@id\":\"https:\/\/www.upjs.sk\/en\/#organization\"},\"potentialAction\":[{\"@type\":\"SearchAction\",\"target\":{\"@type\":\"EntryPoint\",\"urlTemplate\":\"https:\/\/www.upjs.sk\/en\/?s={search_term_string}\"},\"query-input\":{\"@type\":\"PropertyValueSpecification\",\"valueRequired\":true,\"valueName\":\"search_term_string\"}}],\"inLanguage\":\"en-US\"},{\"@type\":\"Organization\",\"@id\":\"https:\/\/www.upjs.sk\/en\/#organization\",\"name\":\"UPJ\u0160 Ko\u0161ice\",\"url\":\"https:\/\/www.upjs.sk\/en\/\",\"logo\":{\"@type\":\"ImageObject\",\"inLanguage\":\"en-US\",\"@id\":\"https:\/\/www.upjs.sk\/en\/#\/schema\/logo\/image\/\",\"url\":\"https:\/\/www.upjs.sk\/app\/uploads\/2023\/01\/UPJS_ENG_esymbol.svg\",\"contentUrl\":\"https:\/\/www.upjs.sk\/app\/uploads\/2023\/01\/UPJS_ENG_esymbol.svg\",\"width\":448,\"height\":139,\"caption\":\"UPJ\u0160 Ko\u0161ice\"},\"image\":{\"@id\":\"https:\/\/www.upjs.sk\/en\/#\/schema\/logo\/image\/\"},\"sameAs\":[\"https:\/\/www.facebook.com\/UniverzitaPavlaJozefaSafarikaVkosiciach\/\",\"https:\/\/x.com\/UPJS_kosice\",\"https:\/\/www.instagram.com\/upjs_kosice\",\"https:\/\/www.linkedin.com\/company\/pavol-jozef-afrik-university-in-koice\/\"]}]}<\/script>\n<!-- \/ Yoast SEO plugin. -->","yoast_head_json":{"title":"Student Satisfaction Survey of the UPJ\u0160 - assessment of the subjects - UPJ\u0160 Ko\u0161ice","robots":{"index":"index","follow":"follow","max-snippet":"max-snippet:-1","max-image-preview":"max-image-preview:large","max-video-preview":"max-video-preview:-1"},"canonical":"https:\/\/www.upjs.sk\/en\/internal-system-evaluation-quality\/indicators\/surveys\/assessment-of-the-subjects\/","og_locale":"en_US","og_type":"article","og_title":"Student Satisfaction Survey of the UPJ\u0160 - assessment of the subjects - UPJ\u0160 Ko\u0161ice","og_description":"The Student Satisfaction Survey (UPJ\u0160) \u2013 assessment of the subjects is realized at the university\/faculty after each semester (twice a year) and allows students to assess and express their opinions and observations regarding to the subjects they attended in the given semester. They express an opinion about e.g.: Students can also express additional observations and &hellip; Continued","og_url":"https:\/\/www.upjs.sk\/en\/internal-system-evaluation-quality\/indicators\/surveys\/assessment-of-the-subjects\/","og_site_name":"UPJ\u0160 Ko\u0161ice","article_publisher":"https:\/\/www.facebook.com\/UniverzitaPavlaJozefaSafarikaVkosiciach\/","article_modified_time":"2023-08-07T13:21:55+00:00","twitter_card":"summary_large_image","twitter_site":"@UPJS_kosice","twitter_misc":{"Est. reading time":"1 minute"},"schema":{"@context":"https:\/\/schema.org","@graph":[{"@type":"WebPage","@id":"https:\/\/www.upjs.sk\/en\/internal-system-evaluation-quality\/indicators\/surveys\/assessment-of-the-subjects\/","url":"https:\/\/www.upjs.sk\/en\/internal-system-evaluation-quality\/indicators\/surveys\/assessment-of-the-subjects\/","name":"Student Satisfaction Survey of the UPJ\u0160 - assessment of the subjects - UPJ\u0160 Ko\u0161ice","isPartOf":{"@id":"https:\/\/www.upjs.sk\/en\/#website"},"datePublished":"2017-09-05T11:41:35+00:00","dateModified":"2023-08-07T13:21:55+00:00","breadcrumb":{"@id":"https:\/\/www.upjs.sk\/en\/internal-system-evaluation-quality\/indicators\/surveys\/assessment-of-the-subjects\/#breadcrumb"},"inLanguage":"en-US","potentialAction":[{"@type":"ReadAction","target":["https:\/\/www.upjs.sk\/en\/internal-system-evaluation-quality\/indicators\/surveys\/assessment-of-the-subjects\/"]}]},{"@type":"BreadcrumbList","@id":"https:\/\/www.upjs.sk\/en\/internal-system-evaluation-quality\/indicators\/surveys\/assessment-of-the-subjects\/#breadcrumb","itemListElement":[{"@type":"ListItem","position":1,"name":"Home","item":"https:\/\/www.upjs.sk\/en\/"},{"@type":"ListItem","position":2,"name":"Internal quality assurance and verification system","item":"https:\/\/www.upjs.sk\/en\/internal-system-evaluation-quality\/"},{"@type":"ListItem","position":3,"name":"Quality indicators","item":"https:\/\/www.upjs.sk\/en\/internal-system-evaluation-quality\/indicators\/"},{"@type":"ListItem","position":4,"name":"Questionnaire Surveys","item":"https:\/\/www.upjs.sk\/en\/internal-system-evaluation-quality\/indicators\/surveys\/"},{"@type":"ListItem","position":5,"name":"Student Satisfaction Survey of the UPJ\u0160 &#8211; assessment of the subjects"}]},{"@type":"WebSite","@id":"https:\/\/www.upjs.sk\/en\/#website","url":"https:\/\/www.upjs.sk\/en\/","name":"UPJ\u0160 Ko\u0161ice","description":"Wisdom of the Past, Knowledge of the Present, Education of the Future","publisher":{"@id":"https:\/\/www.upjs.sk\/en\/#organization"},"potentialAction":[{"@type":"SearchAction","target":{"@type":"EntryPoint","urlTemplate":"https:\/\/www.upjs.sk\/en\/?s={search_term_string}"},"query-input":{"@type":"PropertyValueSpecification","valueRequired":true,"valueName":"search_term_string"}}],"inLanguage":"en-US"},{"@type":"Organization","@id":"https:\/\/www.upjs.sk\/en\/#organization","name":"UPJ\u0160 Ko\u0161ice","url":"https:\/\/www.upjs.sk\/en\/","logo":{"@type":"ImageObject","inLanguage":"en-US","@id":"https:\/\/www.upjs.sk\/en\/#\/schema\/logo\/image\/","url":"https:\/\/www.upjs.sk\/app\/uploads\/2023\/01\/UPJS_ENG_esymbol.svg","contentUrl":"https:\/\/www.upjs.sk\/app\/uploads\/2023\/01\/UPJS_ENG_esymbol.svg","width":448,"height":139,"caption":"UPJ\u0160 Ko\u0161ice"},"image":{"@id":"https:\/\/www.upjs.sk\/en\/#\/schema\/logo\/image\/"},"sameAs":["https:\/\/www.facebook.com\/UniverzitaPavlaJozefaSafarikaVkosiciach\/","https:\/\/x.com\/UPJS_kosice","https:\/\/www.instagram.com\/upjs_kosice","https:\/\/www.linkedin.com\/company\/pavol-jozef-afrik-university-in-koice\/"]}]}},"_links":{"self":[{"href":"https:\/\/www.upjs.sk\/en\/wp-json\/wp\/v2\/pages\/41407","targetHints":{"allow":["GET"]}}],"collection":[{"href":"https:\/\/www.upjs.sk\/en\/wp-json\/wp\/v2\/pages"}],"about":[{"href":"https:\/\/www.upjs.sk\/en\/wp-json\/wp\/v2\/types\/page"}],"author":[{"embeddable":true,"href":"https:\/\/www.upjs.sk\/en\/wp-json\/wp\/v2\/users\/1"}],"replies":[{"embeddable":true,"href":"https:\/\/www.upjs.sk\/en\/wp-json\/wp\/v2\/comments?post=41407"}],"version-history":[{"count":1,"href":"https:\/\/www.upjs.sk\/en\/wp-json\/wp\/v2\/pages\/41407\/revisions"}],"predecessor-version":[{"id":63926,"href":"https:\/\/www.upjs.sk\/en\/wp-json\/wp\/v2\/pages\/41407\/revisions\/63926"}],"up":[{"embeddable":true,"href":"https:\/\/www.upjs.sk\/en\/wp-json\/wp\/v2\/pages\/41271"}],"wp:attachment":[{"href":"https:\/\/www.upjs.sk\/en\/wp-json\/wp\/v2\/media?parent=41407"}],"wp:term":[{"taxonomy":"category","embeddable":true,"href":"https:\/\/www.upjs.sk\/en\/wp-json\/wp\/v2\/categories?post=41407"},{"taxonomy":"post_tag","embeddable":true,"href":"https:\/\/www.upjs.sk\/en\/wp-json\/wp\/v2\/tags?post=41407"}],"curies":[{"name":"wp","href":"https:\/\/api.w.org\/{rel}","templated":true}]}}