{"id":41430,"date":"2021-12-14T21:36:37","date_gmt":"2021-12-14T21:36:37","guid":{"rendered":"https:\/\/www.upjs.sk\/university\/internal-quality-assurance-and-verification-system-kat_id-2280\/evaluation-reports-kat_id-2839\/support-activities\/"},"modified":"2021-12-14T21:36:37","modified_gmt":"2021-12-14T21:36:37","slug":"support-activities","status":"publish","type":"page","link":"https:\/\/www.upjs.sk\/en\/internal-system-evaluation-quality\/indicators\/reports\/support-activities\/","title":{"rendered":"Support activities"},"content":{"rendered":"<ul>\n<li><a href=\"http:\/\/www.upjs.sk\/vyskum\/inovacie-rozvoj-eu-problematika\/spravy-o-rozvoji\/\">Vy\u0301ro\u010dna\u0301 spra\u0301va o rozvoji UPJ\u0160 v Ko\u0161iciach<\/a><\/li>\n<li><a href=\"https:\/\/www.upjs.sk\/medzinarodne-vztahy\/spravy-o-medzinarod-vztahoch\/\">Vy\u0301ro\u010dna\u0301 spra\u0301va o medzina\u0301rodny\u0301ch vz\u0165ahoch UPJ\u0160 v Ko\u0161iciach<\/a><\/li>\n<li><a href=\"https:\/\/www.upjs.sk\/univerzita\/legislativa-dokumenty\/spravy\/o-hospodareni-upjs\/\">Vy\u0301ro\u010dna\u0301 spra\u0301va o hospoda\u0301reni\u0301 na UPJ\u0160 v Ko\u0161iciach<\/a><\/li>\n<li>Vy\u0301ro\u010dna\u0301 spra\u0301va o aktivita\u0301ch v oblasti vz\u0165ahov s verejnos\u0165ou za rok<\/li>\n<li>Vy\u0301ro\u010dna\u0301 spra\u0301va o kvalite celo\u017eivotne\u0301ho vzdela\u0301vania na UPJ\u0160 v Ko\u0161iciach<\/li>\n<\/ul>\n","protected":false},"excerpt":{"rendered":"<p>Vy\u0301ro\u010dna\u0301 spra\u0301va o rozvoji UPJ\u0160 v Ko\u0161iciach Vy\u0301ro\u010dna\u0301 spra\u0301va o medzina\u0301rodny\u0301ch vz\u0165ahoch UPJ\u0160 v Ko\u0161iciach Vy\u0301ro\u010dna\u0301 spra\u0301va o hospoda\u0301reni\u0301 na UPJ\u0160 v Ko\u0161iciach Vy\u0301ro\u010dna\u0301 spra\u0301va o aktivita\u0301ch v oblasti vz\u0165ahov s verejnos\u0165ou za rok Vy\u0301ro\u010dna\u0301 spra\u0301va o kvalite celo\u017eivotne\u0301ho vzdela\u0301vania na UPJ\u0160 v Ko\u0161iciach<\/p>\n","protected":false},"author":1,"featured_media":41431,"parent":41272,"menu_order":2,"comment_status":"closed","ping_status":"closed","template":"","meta":{"_acf_changed":false,"_editorskit_title_hidden":false,"_editorskit_reading_time":0,"_editorskit_is_block_options_detached":false,"_editorskit_block_options_position":"{}","footnotes":""},"categories":[],"tags":[],"class_list":["post-41430","page","type-page","status-publish","has-post-thumbnail","hentry"],"acf":{"acf_link_na_externy_obsah":""},"yoast_head":"<!-- This site is optimized with the Yoast SEO plugin v27.2 - https:\/\/yoast.com\/product\/yoast-seo-wordpress\/ -->\n<title>Support activities - UPJ\u0160 Ko\u0161ice<\/title>\n<meta name=\"robots\" content=\"index, follow, max-snippet:-1, max-image-preview:large, max-video-preview:-1\" \/>\n<link rel=\"canonical\" href=\"https:\/\/www.upjs.sk\/en\/internal-system-evaluation-quality\/indicators\/reports\/support-activities\/\" \/>\n<meta property=\"og:locale\" content=\"en_US\" \/>\n<meta property=\"og:type\" content=\"article\" \/>\n<meta property=\"og:title\" content=\"Support activities - UPJ\u0160 Ko\u0161ice\" \/>\n<meta property=\"og:description\" content=\"Vy\u0301ro\u010dna\u0301 spra\u0301va o rozvoji UPJ\u0160 v Ko\u0161iciach Vy\u0301ro\u010dna\u0301 spra\u0301va o medzina\u0301rodny\u0301ch vz\u0165ahoch UPJ\u0160 v Ko\u0161iciach Vy\u0301ro\u010dna\u0301 spra\u0301va o hospoda\u0301reni\u0301 na UPJ\u0160 v Ko\u0161iciach Vy\u0301ro\u010dna\u0301 spra\u0301va o aktivita\u0301ch v oblasti vz\u0165ahov s verejnos\u0165ou za rok Vy\u0301ro\u010dna\u0301 spra\u0301va o kvalite celo\u017eivotne\u0301ho vzdela\u0301vania na UPJ\u0160 v Ko\u0161iciach\" \/>\n<meta property=\"og:url\" content=\"https:\/\/www.upjs.sk\/en\/internal-system-evaluation-quality\/indicators\/reports\/support-activities\/\" \/>\n<meta property=\"og:site_name\" content=\"UPJ\u0160 Ko\u0161ice\" \/>\n<meta property=\"article:publisher\" content=\"https:\/\/www.facebook.com\/UniverzitaPavlaJozefaSafarikaVkosiciach\/\" \/>\n<meta property=\"og:image\" content=\"https:\/\/www.upjs.sk\/app\/uploads\/2022\/11\/tvoriva-cinnost-en.jpg\" \/>\n\t<meta property=\"og:image:width\" content=\"451\" \/>\n\t<meta property=\"og:image:height\" content=\"251\" \/>\n\t<meta property=\"og:image:type\" content=\"image\/jpeg\" \/>\n<meta name=\"twitter:card\" content=\"summary_large_image\" \/>\n<meta name=\"twitter:site\" content=\"@UPJS_kosice\" \/>\n<script type=\"application\/ld+json\" class=\"yoast-schema-graph\">{\"@context\":\"https:\/\/schema.org\",\"@graph\":[{\"@type\":\"WebPage\",\"@id\":\"https:\/\/www.upjs.sk\/en\/internal-system-evaluation-quality\/indicators\/reports\/support-activities\/\",\"url\":\"https:\/\/www.upjs.sk\/en\/internal-system-evaluation-quality\/indicators\/reports\/support-activities\/\",\"name\":\"Support activities - UPJ\u0160 Ko\u0161ice\",\"isPartOf\":{\"@id\":\"https:\/\/www.upjs.sk\/en\/#website\"},\"primaryImageOfPage\":{\"@id\":\"https:\/\/www.upjs.sk\/en\/internal-system-evaluation-quality\/indicators\/reports\/support-activities\/#primaryimage\"},\"image\":{\"@id\":\"https:\/\/www.upjs.sk\/en\/internal-system-evaluation-quality\/indicators\/reports\/support-activities\/#primaryimage\"},\"thumbnailUrl\":\"https:\/\/www.upjs.sk\/app\/uploads\/2022\/11\/tvoriva-cinnost-en.jpg\",\"datePublished\":\"2021-12-14T21:36:37+00:00\",\"breadcrumb\":{\"@id\":\"https:\/\/www.upjs.sk\/en\/internal-system-evaluation-quality\/indicators\/reports\/support-activities\/#breadcrumb\"},\"inLanguage\":\"en-US\",\"potentialAction\":[{\"@type\":\"ReadAction\",\"target\":[\"https:\/\/www.upjs.sk\/en\/internal-system-evaluation-quality\/indicators\/reports\/support-activities\/\"]}]},{\"@type\":\"ImageObject\",\"inLanguage\":\"en-US\",\"@id\":\"https:\/\/www.upjs.sk\/en\/internal-system-evaluation-quality\/indicators\/reports\/support-activities\/#primaryimage\",\"url\":\"https:\/\/www.upjs.sk\/app\/uploads\/2022\/11\/tvoriva-cinnost-en.jpg\",\"contentUrl\":\"https:\/\/www.upjs.sk\/app\/uploads\/2022\/11\/tvoriva-cinnost-en.jpg\",\"width\":451,\"height\":251},{\"@type\":\"BreadcrumbList\",\"@id\":\"https:\/\/www.upjs.sk\/en\/internal-system-evaluation-quality\/indicators\/reports\/support-activities\/#breadcrumb\",\"itemListElement\":[{\"@type\":\"ListItem\",\"position\":1,\"name\":\"Home\",\"item\":\"https:\/\/www.upjs.sk\/en\/\"},{\"@type\":\"ListItem\",\"position\":2,\"name\":\"Internal quality assurance and verification system\",\"item\":\"https:\/\/www.upjs.sk\/en\/internal-system-evaluation-quality\/\"},{\"@type\":\"ListItem\",\"position\":3,\"name\":\"Evaluation reports\",\"item\":\"https:\/\/www.upjs.sk\/en\/internal-system-evaluation-quality\/reports\/\"},{\"@type\":\"ListItem\",\"position\":4,\"name\":\"Support activities\"}]},{\"@type\":\"WebSite\",\"@id\":\"https:\/\/www.upjs.sk\/en\/#website\",\"url\":\"https:\/\/www.upjs.sk\/en\/\",\"name\":\"UPJ\u0160 Ko\u0161ice\",\"description\":\"Wisdom of the Past, Knowledge of the Present, Education of the Future\",\"publisher\":{\"@id\":\"https:\/\/www.upjs.sk\/en\/#organization\"},\"potentialAction\":[{\"@type\":\"SearchAction\",\"target\":{\"@type\":\"EntryPoint\",\"urlTemplate\":\"https:\/\/www.upjs.sk\/en\/?s={search_term_string}\"},\"query-input\":{\"@type\":\"PropertyValueSpecification\",\"valueRequired\":true,\"valueName\":\"search_term_string\"}}],\"inLanguage\":\"en-US\"},{\"@type\":\"Organization\",\"@id\":\"https:\/\/www.upjs.sk\/en\/#organization\",\"name\":\"UPJ\u0160 Ko\u0161ice\",\"url\":\"https:\/\/www.upjs.sk\/en\/\",\"logo\":{\"@type\":\"ImageObject\",\"inLanguage\":\"en-US\",\"@id\":\"https:\/\/www.upjs.sk\/en\/#\/schema\/logo\/image\/\",\"url\":\"https:\/\/www.upjs.sk\/app\/uploads\/2023\/01\/UPJS_ENG_esymbol.svg\",\"contentUrl\":\"https:\/\/www.upjs.sk\/app\/uploads\/2023\/01\/UPJS_ENG_esymbol.svg\",\"width\":448,\"height\":139,\"caption\":\"UPJ\u0160 Ko\u0161ice\"},\"image\":{\"@id\":\"https:\/\/www.upjs.sk\/en\/#\/schema\/logo\/image\/\"},\"sameAs\":[\"https:\/\/www.facebook.com\/UniverzitaPavlaJozefaSafarikaVkosiciach\/\",\"https:\/\/x.com\/UPJS_kosice\",\"https:\/\/www.instagram.com\/upjs_kosice\",\"https:\/\/www.linkedin.com\/company\/pavol-jozef-afrik-university-in-koice\/\"]}]}<\/script>\n<!-- \/ Yoast SEO plugin. -->","yoast_head_json":{"title":"Support activities - UPJ\u0160 Ko\u0161ice","robots":{"index":"index","follow":"follow","max-snippet":"max-snippet:-1","max-image-preview":"max-image-preview:large","max-video-preview":"max-video-preview:-1"},"canonical":"https:\/\/www.upjs.sk\/en\/internal-system-evaluation-quality\/indicators\/reports\/support-activities\/","og_locale":"en_US","og_type":"article","og_title":"Support activities - UPJ\u0160 Ko\u0161ice","og_description":"Vy\u0301ro\u010dna\u0301 spra\u0301va o rozvoji UPJ\u0160 v Ko\u0161iciach Vy\u0301ro\u010dna\u0301 spra\u0301va o medzina\u0301rodny\u0301ch vz\u0165ahoch UPJ\u0160 v Ko\u0161iciach Vy\u0301ro\u010dna\u0301 spra\u0301va o hospoda\u0301reni\u0301 na UPJ\u0160 v Ko\u0161iciach Vy\u0301ro\u010dna\u0301 spra\u0301va o aktivita\u0301ch v oblasti vz\u0165ahov s verejnos\u0165ou za rok Vy\u0301ro\u010dna\u0301 spra\u0301va o kvalite celo\u017eivotne\u0301ho vzdela\u0301vania na UPJ\u0160 v Ko\u0161iciach","og_url":"https:\/\/www.upjs.sk\/en\/internal-system-evaluation-quality\/indicators\/reports\/support-activities\/","og_site_name":"UPJ\u0160 Ko\u0161ice","article_publisher":"https:\/\/www.facebook.com\/UniverzitaPavlaJozefaSafarikaVkosiciach\/","og_image":[{"width":451,"height":251,"url":"https:\/\/www.upjs.sk\/app\/uploads\/2022\/11\/tvoriva-cinnost-en.jpg","type":"image\/jpeg"}],"twitter_card":"summary_large_image","twitter_site":"@UPJS_kosice","schema":{"@context":"https:\/\/schema.org","@graph":[{"@type":"WebPage","@id":"https:\/\/www.upjs.sk\/en\/internal-system-evaluation-quality\/indicators\/reports\/support-activities\/","url":"https:\/\/www.upjs.sk\/en\/internal-system-evaluation-quality\/indicators\/reports\/support-activities\/","name":"Support activities - UPJ\u0160 Ko\u0161ice","isPartOf":{"@id":"https:\/\/www.upjs.sk\/en\/#website"},"primaryImageOfPage":{"@id":"https:\/\/www.upjs.sk\/en\/internal-system-evaluation-quality\/indicators\/reports\/support-activities\/#primaryimage"},"image":{"@id":"https:\/\/www.upjs.sk\/en\/internal-system-evaluation-quality\/indicators\/reports\/support-activities\/#primaryimage"},"thumbnailUrl":"https:\/\/www.upjs.sk\/app\/uploads\/2022\/11\/tvoriva-cinnost-en.jpg","datePublished":"2021-12-14T21:36:37+00:00","breadcrumb":{"@id":"https:\/\/www.upjs.sk\/en\/internal-system-evaluation-quality\/indicators\/reports\/support-activities\/#breadcrumb"},"inLanguage":"en-US","potentialAction":[{"@type":"ReadAction","target":["https:\/\/www.upjs.sk\/en\/internal-system-evaluation-quality\/indicators\/reports\/support-activities\/"]}]},{"@type":"ImageObject","inLanguage":"en-US","@id":"https:\/\/www.upjs.sk\/en\/internal-system-evaluation-quality\/indicators\/reports\/support-activities\/#primaryimage","url":"https:\/\/www.upjs.sk\/app\/uploads\/2022\/11\/tvoriva-cinnost-en.jpg","contentUrl":"https:\/\/www.upjs.sk\/app\/uploads\/2022\/11\/tvoriva-cinnost-en.jpg","width":451,"height":251},{"@type":"BreadcrumbList","@id":"https:\/\/www.upjs.sk\/en\/internal-system-evaluation-quality\/indicators\/reports\/support-activities\/#breadcrumb","itemListElement":[{"@type":"ListItem","position":1,"name":"Home","item":"https:\/\/www.upjs.sk\/en\/"},{"@type":"ListItem","position":2,"name":"Internal quality assurance and verification system","item":"https:\/\/www.upjs.sk\/en\/internal-system-evaluation-quality\/"},{"@type":"ListItem","position":3,"name":"Evaluation reports","item":"https:\/\/www.upjs.sk\/en\/internal-system-evaluation-quality\/reports\/"},{"@type":"ListItem","position":4,"name":"Support activities"}]},{"@type":"WebSite","@id":"https:\/\/www.upjs.sk\/en\/#website","url":"https:\/\/www.upjs.sk\/en\/","name":"UPJ\u0160 Ko\u0161ice","description":"Wisdom of the Past, Knowledge of the Present, Education of the Future","publisher":{"@id":"https:\/\/www.upjs.sk\/en\/#organization"},"potentialAction":[{"@type":"SearchAction","target":{"@type":"EntryPoint","urlTemplate":"https:\/\/www.upjs.sk\/en\/?s={search_term_string}"},"query-input":{"@type":"PropertyValueSpecification","valueRequired":true,"valueName":"search_term_string"}}],"inLanguage":"en-US"},{"@type":"Organization","@id":"https:\/\/www.upjs.sk\/en\/#organization","name":"UPJ\u0160 Ko\u0161ice","url":"https:\/\/www.upjs.sk\/en\/","logo":{"@type":"ImageObject","inLanguage":"en-US","@id":"https:\/\/www.upjs.sk\/en\/#\/schema\/logo\/image\/","url":"https:\/\/www.upjs.sk\/app\/uploads\/2023\/01\/UPJS_ENG_esymbol.svg","contentUrl":"https:\/\/www.upjs.sk\/app\/uploads\/2023\/01\/UPJS_ENG_esymbol.svg","width":448,"height":139,"caption":"UPJ\u0160 Ko\u0161ice"},"image":{"@id":"https:\/\/www.upjs.sk\/en\/#\/schema\/logo\/image\/"},"sameAs":["https:\/\/www.facebook.com\/UniverzitaPavlaJozefaSafarikaVkosiciach\/","https:\/\/x.com\/UPJS_kosice","https:\/\/www.instagram.com\/upjs_kosice","https:\/\/www.linkedin.com\/company\/pavol-jozef-afrik-university-in-koice\/"]}]}},"_links":{"self":[{"href":"https:\/\/www.upjs.sk\/en\/wp-json\/wp\/v2\/pages\/41430","targetHints":{"allow":["GET"]}}],"collection":[{"href":"https:\/\/www.upjs.sk\/en\/wp-json\/wp\/v2\/pages"}],"about":[{"href":"https:\/\/www.upjs.sk\/en\/wp-json\/wp\/v2\/types\/page"}],"author":[{"embeddable":true,"href":"https:\/\/www.upjs.sk\/en\/wp-json\/wp\/v2\/users\/1"}],"replies":[{"embeddable":true,"href":"https:\/\/www.upjs.sk\/en\/wp-json\/wp\/v2\/comments?post=41430"}],"version-history":[{"count":0,"href":"https:\/\/www.upjs.sk\/en\/wp-json\/wp\/v2\/pages\/41430\/revisions"}],"up":[{"embeddable":true,"href":"https:\/\/www.upjs.sk\/en\/wp-json\/wp\/v2\/pages\/41272"}],"wp:featuredmedia":[{"embeddable":true,"href":"https:\/\/www.upjs.sk\/en\/wp-json\/wp\/v2\/media\/41431"}],"wp:attachment":[{"href":"https:\/\/www.upjs.sk\/en\/wp-json\/wp\/v2\/media?parent=41430"}],"wp:term":[{"taxonomy":"category","embeddable":true,"href":"https:\/\/www.upjs.sk\/en\/wp-json\/wp\/v2\/categories?post=41430"},{"taxonomy":"post_tag","embeddable":true,"href":"https:\/\/www.upjs.sk\/en\/wp-json\/wp\/v2\/tags?post=41430"}],"curies":[{"name":"wp","href":"https:\/\/api.w.org\/{rel}","templated":true}]}}