{"id":41438,"date":"2021-12-14T21:32:12","date_gmt":"2021-12-14T21:32:12","guid":{"rendered":"https:\/\/www.upjs.sk\/university\/internal-quality-assurance-and-verification-system-kat_id-2280\/evaluation-reports-kat_id-2839\/activity\/"},"modified":"2022-11-09T22:57:11","modified_gmt":"2022-11-09T22:57:11","slug":"activity","status":"publish","type":"page","link":"https:\/\/www.upjs.sk\/en\/internal-system-evaluation-quality\/indicators\/reports\/activity\/","title":{"rendered":"Creative activity"},"content":{"rendered":"<p style=\"text-align:justify\"><strong>UPJ\u0160 <\/strong>periodicky <strong>monitoruje a\u00a0vyhodnocuje kvalitu tvorivej \u010dinnosti<\/strong>. Z\u00e1very z\u00a0tohoto procesu s\u00fa zhrnut\u00e9 do <strong>V\u00fdro\u010dnej spr\u00e1vy o\u00a0kvalite tvorivej \u010dinnosti na UPJ\u0160 v Ko\u0161iciach<\/strong>, ktor\u00fa schva\u013euje Vedeck\u00e1 rada UPJ\u0160.<\/p>\n<p>Spr\u00e1va za rok<a href=\"https:\/\/intranet.upjs.sk\/op\/op.Public.php?documentid=3772\" target=\"_blank\" rel=\"noopener\"> 2019<\/a> bola prerokovan\u00e1 a\u00a0schv\u00e1len\u00e1 na zasadnut\u00ed VR UPJ\u0160 d\u0148a 29.5.2020. \u010eal\u0161ie v\u00fdro\u010dn\u00e9 spr\u00e1vy s\u00fa dostupn\u00e9 v\u00a0<a href=\"https:\/\/www.upjs.sk\/vyskum\/vedeckovyskumna-cinnost\/spravy-o-vedeckovyskumnej-cinnosti\/\">arch\u00edve<\/a>.<\/p>\n<h4 style=\"text-align:center\"> <strong><span style=\"color:#996633\"><span style=\"font-size:20px\">Spr\u00e1vy o\u00a0tvorivej \u010dinnosti na jednotliv\u00fdch fakult\u00e1ch<\/span><\/span><\/strong><\/h4>\n<div class=\"btgrid\">\n<div class=\"row row-1\">\n<div class=\"col col-md-4\">\n<div class=\"content\">\n<p style=\"text-align:center\"><img decoding=\"async\" alt=\"\" src=\"https:\/\/www.upjs.sk\/app\/uploads\/2022\/08\/UPJSlogo.jpg\" style=\"width:70%\" \/><\/p>\n<\/p><\/div>\n<\/p><\/div>\n<div class=\"col col-md-4\">\n<div class=\"content\">\n<p style=\"text-align:center\"><a href=\"https:\/\/www.upjs.sk\/lekarska-fakulta\/vyskum-na-fakulte\/koncepcia-rozvoja-vvc\/\"><img decoding=\"async\" alt=\"\" src=\"https:\/\/www.upjs.sk\/app\/uploads\/2022\/08\/LFlogo.jpg\" style=\"width:70%\" \/><\/a><\/p>\n<\/p><\/div>\n<\/p><\/div>\n<div class=\"col col-md-4\">\n<div class=\"content\">\n<p style=\"text-align:center\"><a href=\"https:\/\/www.upjs.sk\/prirodovedecka-fakulta\/veda-vyskum\/\"><img decoding=\"async\" alt=\"\" src=\"https:\/\/www.upjs.sk\/app\/uploads\/2022\/08\/PFlogo.jpg\" style=\"width:70%\" \/><\/a><\/p>\n<\/p><\/div>\n<\/p><\/div>\n<\/p><\/div>\n<\/p><\/div>\n<div class=\"btgrid\">\n<div class=\"row row-1\">\n<div class=\"col col-md-4\">\n<div class=\"content\">\n<p style=\"text-align:center\"><a href=\"https:\/\/intranet.upjs.sk\/out\/out.ViewDocument.php?documentid=4358&#038;showtree=1\" target=\"_blank\" rel=\"noopener\"><img decoding=\"async\" alt=\"\" src=\"https:\/\/www.upjs.sk\/app\/uploads\/2022\/08\/PravFlogo.jpg\" style=\"width:70%\" \/><\/a><\/p>\n<\/p><\/div>\n<\/p><\/div>\n<div class=\"col col-md-4\">\n<div class=\"content\">\n<p style=\"text-align:center\"><a href=\"https:\/\/intranet.upjs.sk\/out\/out.ViewFolder.php?folderid=440&#038;showtree=1\" target=\"_blank\" rel=\"noopener\"><img decoding=\"async\" alt=\"\" src=\"https:\/\/www.upjs.sk\/app\/uploads\/2022\/08\/FVSlogo.jpg\" style=\"width:70%\" \/><\/a><\/p>\n<\/p><\/div>\n<\/p><\/div>\n<div class=\"col col-md-4\">\n<div class=\"content\">\n<p style=\"text-align:center\"><a href=\"https:\/\/www.upjs.sk\/filozoficka-fakulta\/vyskum\/spravy\/\"><img decoding=\"async\" alt=\"\" src=\"https:\/\/www.upjs.sk\/app\/uploads\/2022\/08\/FFlogo.jpg\" style=\"width:70%\" \/><\/a><\/p>\n<\/p><\/div>\n<\/p><\/div>\n<\/p><\/div>\n<\/p><\/div>\n<p>\u00a0<\/p>\n<\/p><\/div>\n","protected":false},"excerpt":{"rendered":"<p>UPJ\u0160 periodicky monitoruje a\u00a0vyhodnocuje kvalitu tvorivej \u010dinnosti. Z\u00e1very z\u00a0tohoto procesu s\u00fa zhrnut\u00e9 do V\u00fdro\u010dnej spr\u00e1vy o\u00a0kvalite tvorivej \u010dinnosti na UPJ\u0160 v Ko\u0161iciach, ktor\u00fa schva\u013euje Vedeck\u00e1 rada UPJ\u0160. Spr\u00e1va za rok 2019 bola prerokovan\u00e1 a\u00a0schv\u00e1len\u00e1 na zasadnut\u00ed VR UPJ\u0160 d\u0148a 29.5.2020. \u010eal\u0161ie v\u00fdro\u010dn\u00e9 spr\u00e1vy s\u00fa dostupn\u00e9 v\u00a0arch\u00edve. Spr\u00e1vy o\u00a0tvorivej \u010dinnosti na jednotliv\u00fdch fakult\u00e1ch \u00a0<\/p>\n","protected":false},"author":1,"featured_media":41431,"parent":41272,"menu_order":1,"comment_status":"closed","ping_status":"closed","template":"","meta":{"_acf_changed":false,"_editorskit_title_hidden":false,"_editorskit_reading_time":0,"_editorskit_is_block_options_detached":false,"_editorskit_block_options_position":"{}","footnotes":""},"categories":[],"tags":[],"class_list":["post-41438","page","type-page","status-publish","has-post-thumbnail","hentry"],"acf":{"acf_link_na_externy_obsah":""},"yoast_head":"<!-- This site is optimized with the Yoast SEO plugin v27.2 - https:\/\/yoast.com\/product\/yoast-seo-wordpress\/ -->\n<title>Creative activity - UPJ\u0160 Ko\u0161ice<\/title>\n<meta name=\"robots\" content=\"index, follow, max-snippet:-1, max-image-preview:large, max-video-preview:-1\" \/>\n<link rel=\"canonical\" href=\"https:\/\/www.upjs.sk\/en\/internal-system-evaluation-quality\/indicators\/reports\/activity\/\" \/>\n<meta property=\"og:locale\" content=\"en_US\" \/>\n<meta property=\"og:type\" content=\"article\" \/>\n<meta property=\"og:title\" content=\"Creative activity - UPJ\u0160 Ko\u0161ice\" \/>\n<meta property=\"og:description\" content=\"UPJ\u0160 periodicky monitoruje a\u00a0vyhodnocuje kvalitu tvorivej \u010dinnosti. Z\u00e1very z\u00a0tohoto procesu s\u00fa zhrnut\u00e9 do V\u00fdro\u010dnej spr\u00e1vy o\u00a0kvalite tvorivej \u010dinnosti na UPJ\u0160 v Ko\u0161iciach, ktor\u00fa schva\u013euje Vedeck\u00e1 rada UPJ\u0160. Spr\u00e1va za rok 2019 bola prerokovan\u00e1 a\u00a0schv\u00e1len\u00e1 na zasadnut\u00ed VR UPJ\u0160 d\u0148a 29.5.2020. \u010eal\u0161ie v\u00fdro\u010dn\u00e9 spr\u00e1vy s\u00fa dostupn\u00e9 v\u00a0arch\u00edve. Spr\u00e1vy o\u00a0tvorivej \u010dinnosti na jednotliv\u00fdch fakult\u00e1ch \u00a0\" \/>\n<meta property=\"og:url\" content=\"https:\/\/www.upjs.sk\/en\/internal-system-evaluation-quality\/indicators\/reports\/activity\/\" \/>\n<meta property=\"og:site_name\" content=\"UPJ\u0160 Ko\u0161ice\" \/>\n<meta property=\"article:publisher\" content=\"https:\/\/www.facebook.com\/UniverzitaPavlaJozefaSafarikaVkosiciach\/\" \/>\n<meta property=\"article:modified_time\" content=\"2022-11-09T22:57:11+00:00\" \/>\n<meta property=\"og:image\" content=\"https:\/\/www.upjs.sk\/app\/uploads\/2022\/11\/tvoriva-cinnost-en.jpg\" \/>\n\t<meta property=\"og:image:width\" content=\"451\" \/>\n\t<meta property=\"og:image:height\" content=\"251\" \/>\n\t<meta property=\"og:image:type\" content=\"image\/jpeg\" \/>\n<meta name=\"twitter:card\" content=\"summary_large_image\" \/>\n<meta name=\"twitter:site\" content=\"@UPJS_kosice\" \/>\n<script type=\"application\/ld+json\" class=\"yoast-schema-graph\">{\"@context\":\"https:\/\/schema.org\",\"@graph\":[{\"@type\":\"WebPage\",\"@id\":\"https:\/\/www.upjs.sk\/en\/internal-system-evaluation-quality\/indicators\/reports\/activity\/\",\"url\":\"https:\/\/www.upjs.sk\/en\/internal-system-evaluation-quality\/indicators\/reports\/activity\/\",\"name\":\"Creative activity - UPJ\u0160 Ko\u0161ice\",\"isPartOf\":{\"@id\":\"https:\/\/www.upjs.sk\/en\/#website\"},\"primaryImageOfPage\":{\"@id\":\"https:\/\/www.upjs.sk\/en\/internal-system-evaluation-quality\/indicators\/reports\/activity\/#primaryimage\"},\"image\":{\"@id\":\"https:\/\/www.upjs.sk\/en\/internal-system-evaluation-quality\/indicators\/reports\/activity\/#primaryimage\"},\"thumbnailUrl\":\"https:\/\/www.upjs.sk\/app\/uploads\/2022\/11\/tvoriva-cinnost-en.jpg\",\"datePublished\":\"2021-12-14T21:32:12+00:00\",\"dateModified\":\"2022-11-09T22:57:11+00:00\",\"breadcrumb\":{\"@id\":\"https:\/\/www.upjs.sk\/en\/internal-system-evaluation-quality\/indicators\/reports\/activity\/#breadcrumb\"},\"inLanguage\":\"en-US\",\"potentialAction\":[{\"@type\":\"ReadAction\",\"target\":[\"https:\/\/www.upjs.sk\/en\/internal-system-evaluation-quality\/indicators\/reports\/activity\/\"]}]},{\"@type\":\"ImageObject\",\"inLanguage\":\"en-US\",\"@id\":\"https:\/\/www.upjs.sk\/en\/internal-system-evaluation-quality\/indicators\/reports\/activity\/#primaryimage\",\"url\":\"https:\/\/www.upjs.sk\/app\/uploads\/2022\/11\/tvoriva-cinnost-en.jpg\",\"contentUrl\":\"https:\/\/www.upjs.sk\/app\/uploads\/2022\/11\/tvoriva-cinnost-en.jpg\",\"width\":451,\"height\":251},{\"@type\":\"BreadcrumbList\",\"@id\":\"https:\/\/www.upjs.sk\/en\/internal-system-evaluation-quality\/indicators\/reports\/activity\/#breadcrumb\",\"itemListElement\":[{\"@type\":\"ListItem\",\"position\":1,\"name\":\"Home\",\"item\":\"https:\/\/www.upjs.sk\/en\/\"},{\"@type\":\"ListItem\",\"position\":2,\"name\":\"Internal quality assurance and verification system\",\"item\":\"https:\/\/www.upjs.sk\/en\/internal-system-evaluation-quality\/\"},{\"@type\":\"ListItem\",\"position\":3,\"name\":\"Evaluation reports\",\"item\":\"https:\/\/www.upjs.sk\/en\/internal-system-evaluation-quality\/reports\/\"},{\"@type\":\"ListItem\",\"position\":4,\"name\":\"Creative activity\"}]},{\"@type\":\"WebSite\",\"@id\":\"https:\/\/www.upjs.sk\/en\/#website\",\"url\":\"https:\/\/www.upjs.sk\/en\/\",\"name\":\"UPJ\u0160 Ko\u0161ice\",\"description\":\"Wisdom of the Past, Knowledge of the Present, Education of the Future\",\"publisher\":{\"@id\":\"https:\/\/www.upjs.sk\/en\/#organization\"},\"potentialAction\":[{\"@type\":\"SearchAction\",\"target\":{\"@type\":\"EntryPoint\",\"urlTemplate\":\"https:\/\/www.upjs.sk\/en\/?s={search_term_string}\"},\"query-input\":{\"@type\":\"PropertyValueSpecification\",\"valueRequired\":true,\"valueName\":\"search_term_string\"}}],\"inLanguage\":\"en-US\"},{\"@type\":\"Organization\",\"@id\":\"https:\/\/www.upjs.sk\/en\/#organization\",\"name\":\"UPJ\u0160 Ko\u0161ice\",\"url\":\"https:\/\/www.upjs.sk\/en\/\",\"logo\":{\"@type\":\"ImageObject\",\"inLanguage\":\"en-US\",\"@id\":\"https:\/\/www.upjs.sk\/en\/#\/schema\/logo\/image\/\",\"url\":\"https:\/\/www.upjs.sk\/app\/uploads\/2023\/01\/UPJS_ENG_esymbol.svg\",\"contentUrl\":\"https:\/\/www.upjs.sk\/app\/uploads\/2023\/01\/UPJS_ENG_esymbol.svg\",\"width\":448,\"height\":139,\"caption\":\"UPJ\u0160 Ko\u0161ice\"},\"image\":{\"@id\":\"https:\/\/www.upjs.sk\/en\/#\/schema\/logo\/image\/\"},\"sameAs\":[\"https:\/\/www.facebook.com\/UniverzitaPavlaJozefaSafarikaVkosiciach\/\",\"https:\/\/x.com\/UPJS_kosice\",\"https:\/\/www.instagram.com\/upjs_kosice\",\"https:\/\/www.linkedin.com\/company\/pavol-jozef-afrik-university-in-koice\/\"]}]}<\/script>\n<!-- \/ Yoast SEO plugin. -->","yoast_head_json":{"title":"Creative activity - UPJ\u0160 Ko\u0161ice","robots":{"index":"index","follow":"follow","max-snippet":"max-snippet:-1","max-image-preview":"max-image-preview:large","max-video-preview":"max-video-preview:-1"},"canonical":"https:\/\/www.upjs.sk\/en\/internal-system-evaluation-quality\/indicators\/reports\/activity\/","og_locale":"en_US","og_type":"article","og_title":"Creative activity - UPJ\u0160 Ko\u0161ice","og_description":"UPJ\u0160 periodicky monitoruje a\u00a0vyhodnocuje kvalitu tvorivej \u010dinnosti. Z\u00e1very z\u00a0tohoto procesu s\u00fa zhrnut\u00e9 do V\u00fdro\u010dnej spr\u00e1vy o\u00a0kvalite tvorivej \u010dinnosti na UPJ\u0160 v Ko\u0161iciach, ktor\u00fa schva\u013euje Vedeck\u00e1 rada UPJ\u0160. Spr\u00e1va za rok 2019 bola prerokovan\u00e1 a\u00a0schv\u00e1len\u00e1 na zasadnut\u00ed VR UPJ\u0160 d\u0148a 29.5.2020. \u010eal\u0161ie v\u00fdro\u010dn\u00e9 spr\u00e1vy s\u00fa dostupn\u00e9 v\u00a0arch\u00edve. Spr\u00e1vy o\u00a0tvorivej \u010dinnosti na jednotliv\u00fdch fakult\u00e1ch \u00a0","og_url":"https:\/\/www.upjs.sk\/en\/internal-system-evaluation-quality\/indicators\/reports\/activity\/","og_site_name":"UPJ\u0160 Ko\u0161ice","article_publisher":"https:\/\/www.facebook.com\/UniverzitaPavlaJozefaSafarikaVkosiciach\/","article_modified_time":"2022-11-09T22:57:11+00:00","og_image":[{"width":451,"height":251,"url":"https:\/\/www.upjs.sk\/app\/uploads\/2022\/11\/tvoriva-cinnost-en.jpg","type":"image\/jpeg"}],"twitter_card":"summary_large_image","twitter_site":"@UPJS_kosice","schema":{"@context":"https:\/\/schema.org","@graph":[{"@type":"WebPage","@id":"https:\/\/www.upjs.sk\/en\/internal-system-evaluation-quality\/indicators\/reports\/activity\/","url":"https:\/\/www.upjs.sk\/en\/internal-system-evaluation-quality\/indicators\/reports\/activity\/","name":"Creative activity - UPJ\u0160 Ko\u0161ice","isPartOf":{"@id":"https:\/\/www.upjs.sk\/en\/#website"},"primaryImageOfPage":{"@id":"https:\/\/www.upjs.sk\/en\/internal-system-evaluation-quality\/indicators\/reports\/activity\/#primaryimage"},"image":{"@id":"https:\/\/www.upjs.sk\/en\/internal-system-evaluation-quality\/indicators\/reports\/activity\/#primaryimage"},"thumbnailUrl":"https:\/\/www.upjs.sk\/app\/uploads\/2022\/11\/tvoriva-cinnost-en.jpg","datePublished":"2021-12-14T21:32:12+00:00","dateModified":"2022-11-09T22:57:11+00:00","breadcrumb":{"@id":"https:\/\/www.upjs.sk\/en\/internal-system-evaluation-quality\/indicators\/reports\/activity\/#breadcrumb"},"inLanguage":"en-US","potentialAction":[{"@type":"ReadAction","target":["https:\/\/www.upjs.sk\/en\/internal-system-evaluation-quality\/indicators\/reports\/activity\/"]}]},{"@type":"ImageObject","inLanguage":"en-US","@id":"https:\/\/www.upjs.sk\/en\/internal-system-evaluation-quality\/indicators\/reports\/activity\/#primaryimage","url":"https:\/\/www.upjs.sk\/app\/uploads\/2022\/11\/tvoriva-cinnost-en.jpg","contentUrl":"https:\/\/www.upjs.sk\/app\/uploads\/2022\/11\/tvoriva-cinnost-en.jpg","width":451,"height":251},{"@type":"BreadcrumbList","@id":"https:\/\/www.upjs.sk\/en\/internal-system-evaluation-quality\/indicators\/reports\/activity\/#breadcrumb","itemListElement":[{"@type":"ListItem","position":1,"name":"Home","item":"https:\/\/www.upjs.sk\/en\/"},{"@type":"ListItem","position":2,"name":"Internal quality assurance and verification system","item":"https:\/\/www.upjs.sk\/en\/internal-system-evaluation-quality\/"},{"@type":"ListItem","position":3,"name":"Evaluation reports","item":"https:\/\/www.upjs.sk\/en\/internal-system-evaluation-quality\/reports\/"},{"@type":"ListItem","position":4,"name":"Creative activity"}]},{"@type":"WebSite","@id":"https:\/\/www.upjs.sk\/en\/#website","url":"https:\/\/www.upjs.sk\/en\/","name":"UPJ\u0160 Ko\u0161ice","description":"Wisdom of the Past, Knowledge of the Present, Education of the Future","publisher":{"@id":"https:\/\/www.upjs.sk\/en\/#organization"},"potentialAction":[{"@type":"SearchAction","target":{"@type":"EntryPoint","urlTemplate":"https:\/\/www.upjs.sk\/en\/?s={search_term_string}"},"query-input":{"@type":"PropertyValueSpecification","valueRequired":true,"valueName":"search_term_string"}}],"inLanguage":"en-US"},{"@type":"Organization","@id":"https:\/\/www.upjs.sk\/en\/#organization","name":"UPJ\u0160 Ko\u0161ice","url":"https:\/\/www.upjs.sk\/en\/","logo":{"@type":"ImageObject","inLanguage":"en-US","@id":"https:\/\/www.upjs.sk\/en\/#\/schema\/logo\/image\/","url":"https:\/\/www.upjs.sk\/app\/uploads\/2023\/01\/UPJS_ENG_esymbol.svg","contentUrl":"https:\/\/www.upjs.sk\/app\/uploads\/2023\/01\/UPJS_ENG_esymbol.svg","width":448,"height":139,"caption":"UPJ\u0160 Ko\u0161ice"},"image":{"@id":"https:\/\/www.upjs.sk\/en\/#\/schema\/logo\/image\/"},"sameAs":["https:\/\/www.facebook.com\/UniverzitaPavlaJozefaSafarikaVkosiciach\/","https:\/\/x.com\/UPJS_kosice","https:\/\/www.instagram.com\/upjs_kosice","https:\/\/www.linkedin.com\/company\/pavol-jozef-afrik-university-in-koice\/"]}]}},"_links":{"self":[{"href":"https:\/\/www.upjs.sk\/en\/wp-json\/wp\/v2\/pages\/41438","targetHints":{"allow":["GET"]}}],"collection":[{"href":"https:\/\/www.upjs.sk\/en\/wp-json\/wp\/v2\/pages"}],"about":[{"href":"https:\/\/www.upjs.sk\/en\/wp-json\/wp\/v2\/types\/page"}],"author":[{"embeddable":true,"href":"https:\/\/www.upjs.sk\/en\/wp-json\/wp\/v2\/users\/1"}],"replies":[{"embeddable":true,"href":"https:\/\/www.upjs.sk\/en\/wp-json\/wp\/v2\/comments?post=41438"}],"version-history":[{"count":1,"href":"https:\/\/www.upjs.sk\/en\/wp-json\/wp\/v2\/pages\/41438\/revisions"}],"predecessor-version":[{"id":41439,"href":"https:\/\/www.upjs.sk\/en\/wp-json\/wp\/v2\/pages\/41438\/revisions\/41439"}],"up":[{"embeddable":true,"href":"https:\/\/www.upjs.sk\/en\/wp-json\/wp\/v2\/pages\/41272"}],"wp:featuredmedia":[{"embeddable":true,"href":"https:\/\/www.upjs.sk\/en\/wp-json\/wp\/v2\/media\/41431"}],"wp:attachment":[{"href":"https:\/\/www.upjs.sk\/en\/wp-json\/wp\/v2\/media?parent=41438"}],"wp:term":[{"taxonomy":"category","embeddable":true,"href":"https:\/\/www.upjs.sk\/en\/wp-json\/wp\/v2\/categories?post=41438"},{"taxonomy":"post_tag","embeddable":true,"href":"https:\/\/www.upjs.sk\/en\/wp-json\/wp\/v2\/tags?post=41438"}],"curies":[{"name":"wp","href":"https:\/\/api.w.org\/{rel}","templated":true}]}}