{"id":41441,"date":"2012-03-15T09:25:25","date_gmt":"2012-03-15T09:25:25","guid":{"rendered":"https:\/\/www.upjs.sk\/university\/fields-of-study-kat_id-2489\/bachelors-study-faculty-of-medicine\/"},"modified":"2012-03-15T09:25:25","modified_gmt":"2012-03-15T09:25:25","slug":"bachelors-study-faculty-of-medicine","status":"publish","type":"page","link":"https:\/\/www.upjs.sk\/en\/university\/fields-of-study\/bachelors-study-faculty-of-medicine\/","title":{"rendered":"Bachelor&#8217;s study &#8211; Faculty of Medicine"},"content":{"rendered":"<p>\u00a0<\/p>\n<div align=\"center\">\n<table align=\"center\" border=\"1\" cellpadding=\"2\" cellspacing=\"0\" style=\"width:97%\">\n<tbody>\n<tr>\n<td bgcolor=\"#cc9966\" style=\"vertical-align:center\" width=\"22%\">\n<div align=\"center\"><span style=\"color:#ffffff\">Study Programme<\/span><\/div>\n<\/td>\n<td bgcolor=\"#cc9966\" style=\"vertical-align:center\" width=\"30%\">\n<div align=\"center\"><span style=\"color:#ffffff\">Field of Study<\/span><\/div>\n<\/td>\n<td bgcolor=\"#cc9966\" style=\"vertical-align:center\" width=\"45%\">\n<div align=\"center\"><span style=\"color:#ffffff\">Guarantee<\/span><\/div>\n<\/td>\n<\/tr>\n<tr>\n<td style=\"text-align:left; vertical-align:top\">Physiotherapy<\/td>\n<td style=\"text-align:left; vertical-align:top\">Healthcare Sciences<br \/> \t\t\t<span style=\"font-size:x-small\">full-time form<\/span><\/td>\n<td style=\"text-align:left; vertical-align:top\">doc. MUDr. Peter Tak\u00e1\u010d, PhD.<\/td>\n<\/tr>\n<tr>\n<td style=\"vertical-align:top\" width=\"143\">\n<div style=\"text-align:left\">Nursing<\/div>\n<\/td>\n<td style=\"vertical-align:top\" width=\"224\">\n<div style=\"text-align:left\">Nursing<\/div>\n<div style=\"text-align:left\"><span style=\"font-size:x-small\">full-time form<\/span><\/div>\n<\/td>\n<td style=\"text-align:left; vertical-align:top\" width=\"296\">prof. PhDr. Lucia Dimunov\u00e1, PhD.<\/td>\n<\/tr>\n<tr>\n<td style=\"vertical-align:top\" width=\"143\">\n<div style=\"text-align:left\">Public health<\/div>\n<\/td>\n<td style=\"vertical-align:top\" width=\"224\">\n<div style=\"text-align:left\">Public health<\/div>\n<div style=\"text-align:left\"><span style=\"font-size:x-small\">full-time form<\/span><\/div>\n<\/td>\n<td style=\"vertical-align:top\" width=\"296\">\n<div style=\"text-align:left\">prof. MUDr. \u013dubom\u00edr Leg\u00e1th, PhD.<\/div>\n<\/td>\n<\/tr>\n<tr>\n<td style=\"vertical-align:top\" width=\"143\">Laboratory testing methods in healthcare<\/td>\n<td style=\"vertical-align:top\" width=\"224\">Healthcare Sciences<br \/> \t\t\t<span style=\"font-size:x-small\">full-time form<\/span><\/td>\n<td style=\"vertical-align:top\" width=\"296\">doc. RNDr. Miroslava Rabajdov\u00e1, PhD.<\/td>\n<\/tr>\n<\/tbody>\n<\/table><\/div>\n<div>\u00a0<\/div>\n<div>\u00a0<\/div>\n","protected":false},"excerpt":{"rendered":"<p>\u00a0 Study Programme Field of Study Guarantee Physiotherapy Healthcare Sciences full-time form doc. MUDr. Peter Tak\u00e1\u010d, PhD. Nursing Nursing full-time form prof. PhDr. Lucia Dimunov\u00e1, PhD. Public health Public health full-time form prof. MUDr. \u013dubom\u00edr Leg\u00e1th, PhD. Laboratory testing methods in healthcare Healthcare Sciences full-time form doc. RNDr. Miroslava Rabajdov\u00e1, PhD. \u00a0 \u00a0<\/p>\n","protected":false},"author":1,"featured_media":0,"parent":41300,"menu_order":3,"comment_status":"closed","ping_status":"closed","template":"","meta":{"_acf_changed":false,"_editorskit_title_hidden":false,"_editorskit_reading_time":0,"_editorskit_is_block_options_detached":false,"_editorskit_block_options_position":"{}","footnotes":""},"categories":[],"tags":[],"class_list":["post-41441","page","type-page","status-publish","hentry"],"acf":{"acf_link_na_externy_obsah":""},"yoast_head":"<!-- This site is optimized with the Yoast SEO plugin v27.4 - https:\/\/yoast.com\/product\/yoast-seo-wordpress\/ -->\n<title>Bachelor&#039;s study - Faculty of Medicine - UPJ\u0160 Ko\u0161ice<\/title>\n<meta name=\"robots\" content=\"index, follow, max-snippet:-1, max-image-preview:large, max-video-preview:-1\" \/>\n<link rel=\"canonical\" href=\"https:\/\/www.upjs.sk\/en\/university\/fields-of-study\/bachelors-study-faculty-of-medicine\/\" \/>\n<meta property=\"og:locale\" content=\"en_US\" \/>\n<meta property=\"og:type\" content=\"article\" \/>\n<meta property=\"og:title\" content=\"Bachelor&#039;s study - Faculty of Medicine - UPJ\u0160 Ko\u0161ice\" \/>\n<meta property=\"og:description\" content=\"\u00a0 Study Programme Field of Study Guarantee Physiotherapy Healthcare Sciences full-time form doc. MUDr. Peter Tak\u00e1\u010d, PhD. Nursing Nursing full-time form prof. PhDr. Lucia Dimunov\u00e1, PhD. Public health Public health full-time form prof. MUDr. \u013dubom\u00edr Leg\u00e1th, PhD. Laboratory testing methods in healthcare Healthcare Sciences full-time form doc. RNDr. Miroslava Rabajdov\u00e1, PhD. \u00a0 \u00a0\" \/>\n<meta property=\"og:url\" content=\"https:\/\/www.upjs.sk\/en\/university\/fields-of-study\/bachelors-study-faculty-of-medicine\/\" \/>\n<meta property=\"og:site_name\" content=\"UPJ\u0160 Ko\u0161ice\" \/>\n<meta property=\"article:publisher\" content=\"https:\/\/www.facebook.com\/UniverzitaPavlaJozefaSafarikaVkosiciach\/\" \/>\n<meta name=\"twitter:card\" content=\"summary_large_image\" \/>\n<meta name=\"twitter:site\" content=\"@UPJS_kosice\" \/>\n<script type=\"application\/ld+json\" class=\"yoast-schema-graph\">{\"@context\":\"https:\\\/\\\/schema.org\",\"@graph\":[{\"@type\":\"WebPage\",\"@id\":\"https:\\\/\\\/www.upjs.sk\\\/en\\\/university\\\/fields-of-study\\\/bachelors-study-faculty-of-medicine\\\/\",\"url\":\"https:\\\/\\\/www.upjs.sk\\\/en\\\/university\\\/fields-of-study\\\/bachelors-study-faculty-of-medicine\\\/\",\"name\":\"Bachelor's study - Faculty of Medicine - UPJ\u0160 Ko\u0161ice\",\"isPartOf\":{\"@id\":\"https:\\\/\\\/www.upjs.sk\\\/en\\\/#website\"},\"datePublished\":\"2012-03-15T09:25:25+00:00\",\"breadcrumb\":{\"@id\":\"https:\\\/\\\/www.upjs.sk\\\/en\\\/university\\\/fields-of-study\\\/bachelors-study-faculty-of-medicine\\\/#breadcrumb\"},\"inLanguage\":\"en-US\",\"potentialAction\":[{\"@type\":\"ReadAction\",\"target\":[\"https:\\\/\\\/www.upjs.sk\\\/en\\\/university\\\/fields-of-study\\\/bachelors-study-faculty-of-medicine\\\/\"]}]},{\"@type\":\"BreadcrumbList\",\"@id\":\"https:\\\/\\\/www.upjs.sk\\\/en\\\/university\\\/fields-of-study\\\/bachelors-study-faculty-of-medicine\\\/#breadcrumb\",\"itemListElement\":[{\"@type\":\"ListItem\",\"position\":1,\"name\":\"Home\",\"item\":\"https:\\\/\\\/www.upjs.sk\\\/en\\\/\"},{\"@type\":\"ListItem\",\"position\":2,\"name\":\"University\",\"item\":\"https:\\\/\\\/www.upjs.sk\\\/en\\\/university\\\/\"},{\"@type\":\"ListItem\",\"position\":3,\"name\":\"Fields of Study\",\"item\":\"https:\\\/\\\/www.upjs.sk\\\/en\\\/university\\\/fields-of-study\\\/\"},{\"@type\":\"ListItem\",\"position\":4,\"name\":\"Bachelor&#8217;s study &#8211; Faculty of Medicine\"}]},{\"@type\":\"WebSite\",\"@id\":\"https:\\\/\\\/www.upjs.sk\\\/en\\\/#website\",\"url\":\"https:\\\/\\\/www.upjs.sk\\\/en\\\/\",\"name\":\"UPJ\u0160 Ko\u0161ice\",\"description\":\"Wisdom of the Past, Knowledge of the Present, Education of the Future\",\"publisher\":{\"@id\":\"https:\\\/\\\/www.upjs.sk\\\/en\\\/#organization\"},\"potentialAction\":[{\"@type\":\"SearchAction\",\"target\":{\"@type\":\"EntryPoint\",\"urlTemplate\":\"https:\\\/\\\/www.upjs.sk\\\/en\\\/?s={search_term_string}\"},\"query-input\":{\"@type\":\"PropertyValueSpecification\",\"valueRequired\":true,\"valueName\":\"search_term_string\"}}],\"inLanguage\":\"en-US\"},{\"@type\":\"Organization\",\"@id\":\"https:\\\/\\\/www.upjs.sk\\\/en\\\/#organization\",\"name\":\"UPJ\u0160 Ko\u0161ice\",\"url\":\"https:\\\/\\\/www.upjs.sk\\\/en\\\/\",\"logo\":{\"@type\":\"ImageObject\",\"inLanguage\":\"en-US\",\"@id\":\"https:\\\/\\\/www.upjs.sk\\\/en\\\/#\\\/schema\\\/logo\\\/image\\\/\",\"url\":\"https:\\\/\\\/www.upjs.sk\\\/app\\\/uploads\\\/2023\\\/01\\\/UPJS_ENG_esymbol.svg\",\"contentUrl\":\"https:\\\/\\\/www.upjs.sk\\\/app\\\/uploads\\\/2023\\\/01\\\/UPJS_ENG_esymbol.svg\",\"width\":448,\"height\":139,\"caption\":\"UPJ\u0160 Ko\u0161ice\"},\"image\":{\"@id\":\"https:\\\/\\\/www.upjs.sk\\\/en\\\/#\\\/schema\\\/logo\\\/image\\\/\"},\"sameAs\":[\"https:\\\/\\\/www.facebook.com\\\/UniverzitaPavlaJozefaSafarikaVkosiciach\\\/\",\"https:\\\/\\\/x.com\\\/UPJS_kosice\",\"https:\\\/\\\/www.instagram.com\\\/upjs_kosice\",\"https:\\\/\\\/www.linkedin.com\\\/company\\\/pavol-jozef-afrik-university-in-koice\\\/\"]}]}<\/script>\n<!-- \/ Yoast SEO plugin. -->","yoast_head_json":{"title":"Bachelor's study - Faculty of Medicine - UPJ\u0160 Ko\u0161ice","robots":{"index":"index","follow":"follow","max-snippet":"max-snippet:-1","max-image-preview":"max-image-preview:large","max-video-preview":"max-video-preview:-1"},"canonical":"https:\/\/www.upjs.sk\/en\/university\/fields-of-study\/bachelors-study-faculty-of-medicine\/","og_locale":"en_US","og_type":"article","og_title":"Bachelor's study - Faculty of Medicine - UPJ\u0160 Ko\u0161ice","og_description":"\u00a0 Study Programme Field of Study Guarantee Physiotherapy Healthcare Sciences full-time form doc. MUDr. Peter Tak\u00e1\u010d, PhD. Nursing Nursing full-time form prof. PhDr. Lucia Dimunov\u00e1, PhD. Public health Public health full-time form prof. MUDr. \u013dubom\u00edr Leg\u00e1th, PhD. Laboratory testing methods in healthcare Healthcare Sciences full-time form doc. RNDr. Miroslava Rabajdov\u00e1, PhD. \u00a0 \u00a0","og_url":"https:\/\/www.upjs.sk\/en\/university\/fields-of-study\/bachelors-study-faculty-of-medicine\/","og_site_name":"UPJ\u0160 Ko\u0161ice","article_publisher":"https:\/\/www.facebook.com\/UniverzitaPavlaJozefaSafarikaVkosiciach\/","twitter_card":"summary_large_image","twitter_site":"@UPJS_kosice","schema":{"@context":"https:\/\/schema.org","@graph":[{"@type":"WebPage","@id":"https:\/\/www.upjs.sk\/en\/university\/fields-of-study\/bachelors-study-faculty-of-medicine\/","url":"https:\/\/www.upjs.sk\/en\/university\/fields-of-study\/bachelors-study-faculty-of-medicine\/","name":"Bachelor's study - Faculty of Medicine - UPJ\u0160 Ko\u0161ice","isPartOf":{"@id":"https:\/\/www.upjs.sk\/en\/#website"},"datePublished":"2012-03-15T09:25:25+00:00","breadcrumb":{"@id":"https:\/\/www.upjs.sk\/en\/university\/fields-of-study\/bachelors-study-faculty-of-medicine\/#breadcrumb"},"inLanguage":"en-US","potentialAction":[{"@type":"ReadAction","target":["https:\/\/www.upjs.sk\/en\/university\/fields-of-study\/bachelors-study-faculty-of-medicine\/"]}]},{"@type":"BreadcrumbList","@id":"https:\/\/www.upjs.sk\/en\/university\/fields-of-study\/bachelors-study-faculty-of-medicine\/#breadcrumb","itemListElement":[{"@type":"ListItem","position":1,"name":"Home","item":"https:\/\/www.upjs.sk\/en\/"},{"@type":"ListItem","position":2,"name":"University","item":"https:\/\/www.upjs.sk\/en\/university\/"},{"@type":"ListItem","position":3,"name":"Fields of Study","item":"https:\/\/www.upjs.sk\/en\/university\/fields-of-study\/"},{"@type":"ListItem","position":4,"name":"Bachelor&#8217;s study &#8211; Faculty of Medicine"}]},{"@type":"WebSite","@id":"https:\/\/www.upjs.sk\/en\/#website","url":"https:\/\/www.upjs.sk\/en\/","name":"UPJ\u0160 Ko\u0161ice","description":"Wisdom of the Past, Knowledge of the Present, Education of the Future","publisher":{"@id":"https:\/\/www.upjs.sk\/en\/#organization"},"potentialAction":[{"@type":"SearchAction","target":{"@type":"EntryPoint","urlTemplate":"https:\/\/www.upjs.sk\/en\/?s={search_term_string}"},"query-input":{"@type":"PropertyValueSpecification","valueRequired":true,"valueName":"search_term_string"}}],"inLanguage":"en-US"},{"@type":"Organization","@id":"https:\/\/www.upjs.sk\/en\/#organization","name":"UPJ\u0160 Ko\u0161ice","url":"https:\/\/www.upjs.sk\/en\/","logo":{"@type":"ImageObject","inLanguage":"en-US","@id":"https:\/\/www.upjs.sk\/en\/#\/schema\/logo\/image\/","url":"https:\/\/www.upjs.sk\/app\/uploads\/2023\/01\/UPJS_ENG_esymbol.svg","contentUrl":"https:\/\/www.upjs.sk\/app\/uploads\/2023\/01\/UPJS_ENG_esymbol.svg","width":448,"height":139,"caption":"UPJ\u0160 Ko\u0161ice"},"image":{"@id":"https:\/\/www.upjs.sk\/en\/#\/schema\/logo\/image\/"},"sameAs":["https:\/\/www.facebook.com\/UniverzitaPavlaJozefaSafarikaVkosiciach\/","https:\/\/x.com\/UPJS_kosice","https:\/\/www.instagram.com\/upjs_kosice","https:\/\/www.linkedin.com\/company\/pavol-jozef-afrik-university-in-koice\/"]}]}},"_links":{"self":[{"href":"https:\/\/www.upjs.sk\/en\/wp-json\/wp\/v2\/pages\/41441","targetHints":{"allow":["GET"]}}],"collection":[{"href":"https:\/\/www.upjs.sk\/en\/wp-json\/wp\/v2\/pages"}],"about":[{"href":"https:\/\/www.upjs.sk\/en\/wp-json\/wp\/v2\/types\/page"}],"author":[{"embeddable":true,"href":"https:\/\/www.upjs.sk\/en\/wp-json\/wp\/v2\/users\/1"}],"replies":[{"embeddable":true,"href":"https:\/\/www.upjs.sk\/en\/wp-json\/wp\/v2\/comments?post=41441"}],"version-history":[{"count":0,"href":"https:\/\/www.upjs.sk\/en\/wp-json\/wp\/v2\/pages\/41441\/revisions"}],"up":[{"embeddable":true,"href":"https:\/\/www.upjs.sk\/en\/wp-json\/wp\/v2\/pages\/41300"}],"wp:attachment":[{"href":"https:\/\/www.upjs.sk\/en\/wp-json\/wp\/v2\/media?parent=41441"}],"wp:term":[{"taxonomy":"category","embeddable":true,"href":"https:\/\/www.upjs.sk\/en\/wp-json\/wp\/v2\/categories?post=41441"},{"taxonomy":"post_tag","embeddable":true,"href":"https:\/\/www.upjs.sk\/en\/wp-json\/wp\/v2\/tags?post=41441"}],"curies":[{"name":"wp","href":"https:\/\/api.w.org\/{rel}","templated":true}]}}