{"id":41445,"date":"2012-03-15T10:10:38","date_gmt":"2012-03-15T10:10:38","guid":{"rendered":"https:\/\/www.upjs.sk\/university\/fields-of-study-kat_id-2489\/masters-study-faculty-of-science\/"},"modified":"2012-03-15T10:10:38","modified_gmt":"2012-03-15T10:10:38","slug":"masters-study-faculty-of-science","status":"publish","type":"page","link":"https:\/\/www.upjs.sk\/en\/university\/fields-of-study\/masters-study-faculty-of-science\/","title":{"rendered":"Master&#8217;s study &#8211; Faculty of Science"},"content":{"rendered":"<p>\u00a0<\/p>\n<div align=\"center\">\n<table border=\"1\" cellpadding=\"2\" cellspacing=\"0\" style=\"width:95%\">\n<tbody>\n<tr>\n<td bgcolor=\"#cc9966\" style=\"vertical-align:center\" width=\"22%\">\n<div align=\"center\"><span style=\"color:#ffffff\"><strong>Study Programme<\/strong><\/span><\/div>\n<\/td>\n<td bgcolor=\"#cc9966\" style=\"vertical-align:center\" width=\"30%\">\n<div align=\"center\"><span style=\"color:#ffffff\"><strong>Field of Study<\/strong><\/span><\/div>\n<\/td>\n<td bgcolor=\"#cc9966\" style=\"vertical-align:center\" width=\"45%\">\n<div align=\"center\"><span style=\"color:#ffffff\"><strong>Guarantee<\/strong><\/span><\/div>\n<\/td>\n<\/tr>\n<tr>\n<td style=\"vertical-align:top\" width=\"199\">\n<div style=\"text-align:left\">Teaching of Biology &#8211; teacher preparation programme (in combination)<\/div>\n<\/td>\n<td style=\"vertical-align:top\" width=\"228\">\n<p style=\"text-align:left\">Teacher Training and Education Science<br \/> \t\t\t<span style=\"font-size:x-small\">full-time\u00a0form<\/span><\/p>\n<\/td>\n<td style=\"vertical-align:top\" width=\"50%\">\n<p style=\"text-align:left\">doc. RNDr. Katar\u00edna Kim\u00e1kov\u00e1, CSc.<br \/> \t\t\tprof. PhDr. O\u013ega Orosov\u00e1, CSc.<\/p>\n<\/td>\n<\/tr>\n<tr>\n<td style=\"vertical-align:top\" width=\"199\">\n<div style=\"text-align:left\">Teaching of Physics &#8211; teacher preparation programme (in combination)<\/div>\n<\/td>\n<td style=\"vertical-align:top\" width=\"228\">\n<p style=\"text-align:left\">Teacher Training and Education Science<br \/> \t\t\t<span style=\"font-size:x-small\">full-time\u00a0form<\/span><\/p>\n<\/td>\n<td style=\"text-align:left; vertical-align:top\" width=\"50%\">prof. RNDr. Peter Koll\u00e1r, CSc.<br \/> \t\t\tprof. PhDr. O\u013ega Orosov\u00e1, CSc.<\/td>\n<\/tr>\n<tr>\n<td style=\"vertical-align:top\" width=\"199\">\n<div style=\"text-align:left\">Teaching of Chemistry &#8211; teacher preparation programme (in combination)<\/div>\n<\/td>\n<td style=\"vertical-align:top\" width=\"228\">\n<p style=\"text-align:left\">Teacher Training and Education Science<br \/> \t\t\t<span style=\"font-size:x-small\">full-time\u00a0form<\/span><\/p>\n<\/td>\n<td style=\"text-align:left; vertical-align:top\" width=\"50%\">doc. RNDr. M\u00e1ria Ganajov\u00e1, PhD.<br \/> \t\t\tprof. PhDr. O\u013ega Orosov\u00e1, CSc.<\/td>\n<\/tr>\n<tr>\n<td style=\"vertical-align:top\" width=\"199\">\n<div style=\"text-align:left\">Teaching of Geography &#8211; teacher preparation programme (in combination)<\/div>\n<\/td>\n<td style=\"vertical-align:top\" width=\"228\">\n<p style=\"text-align:left\">Teacher Training and Education Science<br \/> \t\t\t<span style=\"font-size:x-small\">full-time\u00a0form<\/span><\/p>\n<\/td>\n<td style=\"vertical-align:top\" width=\"50%\">\n<div style=\"text-align:left\">doc. Mgr. Michal Gallay,PhD.<br \/> \t\t\tprof. PhDr. O\u013ega Orosov\u00e1, CSc.<\/div>\n<\/td>\n<\/tr>\n<tr>\n<td style=\"vertical-align:top\" width=\"199\">\n<div style=\"text-align:left\">Teaching of Mathematics &#8211; teacher preparation programme (in combination)<\/div>\n<\/td>\n<td style=\"vertical-align:top\" width=\"228\">\n<p style=\"text-align:left\">Teacher Training and Education Science<br \/> \t\t\t<span style=\"font-size:x-small\">full-time\u00a0form<\/span><\/p>\n<\/td>\n<td style=\"vertical-align:top\" width=\"50%\">\n<p style=\"text-align:left\">prof. RNDr. Jozef Dobo\u0161, CSc.<br \/> \t\t\tprof. PhDr. O\u013ega Orosov\u00e1, CSc.<\/p>\n<\/td>\n<\/tr>\n<tr>\n<td style=\"vertical-align:top\" width=\"199\">\n<div style=\"text-align:left\">Teaching of Informatics &#8211; teacher preparation programme (in combination)<\/div>\n<\/td>\n<td style=\"vertical-align:top\" width=\"228\">\n<p style=\"text-align:left\">Teacher Training and Education Science<br \/> \t\t\t<span style=\"font-size:x-small\">full-time\u00a0form<\/span><\/p>\n<\/td>\n<td style=\"vertical-align:top\" width=\"50%\">\n<p style=\"text-align:left\">prof. RNDr. Stanislav Kraj\u010di, PhD.<br \/> \t\t\tprof. PhDr. O\u013ega Orosov\u00e1, CSc.<\/p>\n<\/td>\n<\/tr>\n<tr>\n<td style=\"vertical-align:top\" width=\"199\">Data Science and Artificial Intelligence<\/td>\n<td style=\"vertical-align:top\" width=\"228\">Informatics &#8211; Mathematics<br \/> \t\t\t<span style=\"font-size:x-small\">full-time\u00a0form<\/span><\/td>\n<td style=\"vertical-align:top\" width=\"50%\">prof. RNDr. Gabriel Semani\u0161in, PhD.<\/td>\n<\/tr>\n<tr>\n<td style=\"vertical-align:top\" width=\"199\">\n<div style=\"text-align:left\">Botany and Plant Physiology (SL, EL)<\/div>\n<div style=\"text-align:left\">\u00a0<\/div>\n<\/td>\n<td style=\"vertical-align:top\" width=\"228\">\n<p style=\"text-align:left\">Biology<br \/> \t\t\t<span style=\"font-size:x-small\">full-time\u00a0form<\/span><\/p>\n<\/td>\n<td style=\"text-align:left; vertical-align:top\" width=\"50%\">prof. RNDr. Martin Ba\u010dkor, DrSc.<\/td>\n<\/tr>\n<tr>\n<td style=\"vertical-align:top\" width=\"199\">\n<div style=\"text-align:left\">Zoology and Animal Physiology<\/div>\n<\/td>\n<td style=\"vertical-align:top\" width=\"228\">\n<div style=\"text-align:left\">Biology<\/div>\n<div style=\"text-align:left\"><span style=\"font-size:x-small\">full-time\u00a0form<\/span><\/div>\n<\/td>\n<td style=\"text-align:left; vertical-align:top\" width=\"50%\">prof. RNDr.\u00a0Be\u0148adik \u0160majda, PhD.<\/td>\n<\/tr>\n<tr>\n<td style=\"vertical-align:top\" width=\"199\">\n<div style=\"text-align:left\">Genetics and\u00a0 Molecular Cytologys (SL, EL)<\/div>\n<\/td>\n<td style=\"vertical-align:top\" width=\"228\">\n<div style=\"text-align:left\">Biology\u00a0<\/div>\n<div style=\"text-align:left\"><span style=\"font-size:x-small\">full-time\u00a0form<\/span><\/div>\n<\/td>\n<td style=\"vertical-align:top\" width=\"50%\">\n<div style=\"text-align:left\">prof. RNDr. Eva \u010cell\u00e1rov\u00e1, DrSc.<\/div>\n<\/td>\n<\/tr>\n<tr>\n<td style=\"vertical-align:top\" width=\"199\">\n<div style=\"text-align:left\">Biophysics<\/div>\n<\/td>\n<td style=\"vertical-align:top\" width=\"228\">\n<div align=\"left\">\n<p style=\"text-align:left\">Physics<br \/> \t\t\t<span style=\"font-size:x-small\">full-time\u00a0form<\/span><\/p>\n<\/p><\/div>\n<\/td>\n<td style=\"vertical-align:top\" width=\"296\">\n<div style=\"text-align:left\">prof. RNDr. Pavol Mi\u0161kovsk\u00fd, DrSc.<\/div>\n<\/td>\n<\/tr>\n<tr>\n<td style=\"vertical-align:top\" width=\"199\">\n<div style=\"text-align:left\">Condensed Matter Physics<br \/> \t\t\t(SL, EL)<\/div>\n<\/td>\n<td style=\"vertical-align:top\" width=\"228\">\n<div align=\"left\">Physics<br \/> \t\t\t<span style=\"font-size:x-small\">full-time form<\/span><\/div>\n<\/td>\n<td style=\"vertical-align:top\" width=\"296\">\n<div style=\"text-align:left\">prof. Ing. Martin Orend\u00e1\u010d, CSc.<\/div>\n<\/td>\n<\/tr>\n<tr>\n<td style=\"vertical-align:top\" width=\"199\">\n<div style=\"text-align:left\">Theoretical Physics and Astrophysics<br \/> \t\t\t(SL, EL)<\/div>\n<\/td>\n<td style=\"vertical-align:top\" width=\"228\">\n<div style=\"text-align:left\">Physics<br \/> \t\t\t<span style=\"font-size:x-small\">full-time form<\/span><\/div>\n<\/td>\n<td style=\"vertical-align:top\" width=\"296\">\n<div style=\"text-align:left\">prof. RNDr. Michal Ja\u0161\u010dur, CSc.<\/div>\n<\/td>\n<\/tr>\n<tr>\n<td style=\"vertical-align:top\" width=\"199\">Nuclear and Sub-nuclear Physics<\/td>\n<td style=\"vertical-align:top\" width=\"228\">Physics<br \/> \t\t\t<span style=\"font-size:x-small\">full-time form<\/span><\/td>\n<td style=\"vertical-align:top\" width=\"296\">prof.\u00a0RNDr. Milan \u017dukovi\u010d, PhD.<\/td>\n<\/tr>\n<tr>\n<td style=\"vertical-align:top\" width=\"199\">\n<div style=\"text-align:left\">\n<p align=\"left\">Analytical Chemistry<\/p>\n<\/p><\/div>\n<\/td>\n<td style=\"text-align:left; vertical-align:top\" width=\"228\">Chemistry<br \/> \t\t\t<span style=\"font-size:x-small\">full-time\u00a0form<\/span><\/td>\n<td style=\"text-align:left; vertical-align:top\" width=\"50%\">prof. Yaroslav Baze\u013e, DrSc.<\/td>\n<\/tr>\n<tr>\n<td style=\"vertical-align:top\" width=\"199\">\n<div style=\"text-align:left\">\n<div align=\"left\">Inorganic Chemistry<br \/> \t\t\t(SL, EL)<\/div>\n<\/p><\/div>\n<\/td>\n<td style=\"vertical-align:top\" width=\"228\">\n<div style=\"text-align:left\">Chemistry<br \/> \t\t\t<span style=\"font-size:x-small\">full-time\u00a0form<\/span><\/div>\n<\/td>\n<td style=\"vertical-align:top\" width=\"50%\">\n<div style=\"text-align:left\">prof. RNDr. Juraj \u010cern\u00e1k, DrSc.<\/div>\n<\/td>\n<\/tr>\n<tr>\n<td style=\"text-align:left; vertical-align:top\" width=\"199\">Biochemistry<\/td>\n<td style=\"vertical-align:top\" width=\"228\">\n<p style=\"text-align:left\">Chemistry<br \/> \t\t\t<span style=\"font-size:x-small\">full-time\u00a0form<\/span><\/p>\n<\/td>\n<td style=\"vertical-align:top\" width=\"50%\">\n<div style=\"text-align:left\">prof. Ing. Mari\u00e1n Antal\u00edk, DrSc.<\/div>\n<\/td>\n<\/tr>\n<tr>\n<td style=\"vertical-align:top\" width=\"199\">\n<div style=\"text-align:left\">Physical Chemistry<\/div>\n<\/td>\n<td style=\"vertical-align:top\" width=\"228\">\n<p style=\"text-align:left\">Chemistry<br \/> \t\t\t<span style=\"font-size:x-small\">full-time\u00a0form<\/span><\/p>\n<\/td>\n<td style=\"text-align:left; vertical-align:top\" width=\"50%\">prof. RNDr. Andrej Ori\u0148\u00e1k, PhD.<\/td>\n<\/tr>\n<tr>\n<td style=\"vertical-align:top\" width=\"199\">\n<div style=\"text-align:left\">Organic Chemistry<\/div>\n<\/td>\n<td style=\"text-align:left; vertical-align:top\" width=\"228\">Chemistry<br \/> \t\t\t<span style=\"font-size:x-small\">full-time\u00a0form<\/span><\/td>\n<td style=\"vertical-align:top\" width=\"50%\">\n<div style=\"text-align:left\">prof. RNDr. Jozef Gonda, DrSc.<\/div>\n<\/td>\n<\/tr>\n<tr>\n<td style=\"text-align:left; vertical-align:top\" width=\"199\">Geography and Geoinformatics<\/td>\n<td style=\"text-align:left; vertical-align:top\" width=\"228\">Geography<br \/> \t\t\t<span style=\"font-size:x-small\">full-time\u00a0form<\/span><\/td>\n<td style=\"text-align:left; vertical-align:top\" width=\"50%\">prof. Mgr. Jaroslav Hofierka, PhD.<\/td>\n<\/tr>\n<tr>\n<td style=\"text-align:left; vertical-align:top\" width=\"199\">Mathematics of Economics and Finance<\/td>\n<td style=\"text-align:left; vertical-align:top\" width=\"228\">Mathematics<br \/> \t\t\t<span style=\"font-size:x-small\">full-time\u00a0form<\/span><\/td>\n<td style=\"text-align:left; vertical-align:top\" width=\"50%\">prof. RNDr. Katar\u00edna Cechl\u00e1rov\u00e1, CSc.<\/td>\n<\/tr>\n<tr>\n<td style=\"text-align:left; vertical-align:top\" width=\"199\">Informatical Mathematics<\/td>\n<td style=\"text-align:left; vertical-align:top\" width=\"228\">Mathematics<br \/> \t\t\t<span style=\"font-size:x-small\">full-time\u00a0form<\/span><\/td>\n<td style=\"text-align:left; vertical-align:top\" width=\"50%\">prof. RNDr. Mirko Hor\u0148\u00e1k, CSc.<\/td>\n<\/tr>\n<tr>\n<td style=\"text-align:left; vertical-align:top\" width=\"199\">Managerial Mathematics<\/td>\n<td style=\"text-align:left; vertical-align:top\" width=\"228\">Mathematics<br \/> \t\t\t<span style=\"font-size:x-small\">full-time\u00a0form<\/span><\/td>\n<td style=\"text-align:left; vertical-align:top\" width=\"50%\">prof. RNDr. Danica Studenovsk\u00e1, CSc.<\/td>\n<\/tr>\n<tr>\n<td style=\"vertical-align:top\" width=\"199\">\n<div style=\"text-align:left\">Informatics<\/div>\n<\/td>\n<td style=\"vertical-align:top\" width=\"228\">\n<div style=\"text-align:left\">Informatics<\/div>\n<div style=\"text-align:left\"><span style=\"font-size:x-small\">full-time\u00a0form<\/span><\/div>\n<\/td>\n<td style=\"vertical-align:top\" width=\"50%\">\n<p style=\"text-align:left\">prof. RNDr. Viliam Geffert, DrSc.<\/p>\n<\/td>\n<\/tr>\n<tr>\n<td style=\"vertical-align:top\" width=\"199\">Informatics &#8211; conversion programme<\/td>\n<td style=\"vertical-align:top\" width=\"228\">\n<div style=\"text-align:left\">Informatics<\/div>\n<div style=\"text-align:left\"><span style=\"font-size:x-small\">full-time\u00a0form<\/span><\/div>\n<\/td>\n<td style=\"vertical-align:top\" width=\"50%\">prof. RNDr. Viliam Geffert, DrSc.<\/td>\n<\/tr>\n<tr>\n<td style=\"vertical-align:top\" width=\"199\">\n<div style=\"text-align:left\">Genereal Ecology and Ecology of Individual and Populations<br \/> \t\t\t(SL, EL)<\/div>\n<\/td>\n<td style=\"vertical-align:top\" width=\"228\">\n<div style=\"text-align:left\">Ecological and Environmental Sciences<span style=\"font-size:x-small\">\u00a0 <\/span><\/div>\n<div style=\"text-align:left\">\n<div style=\"text-align:left\"><span style=\"font-size:x-small\"><span style=\"font-size:x-small\">full-time\u00a0form<\/span>\u00a0<\/span><\/div>\n<\/p><\/div>\n<\/td>\n<td style=\"text-align:left; vertical-align:top\" width=\"50%\">prof. RNDr. \u013dubom\u00edr Kov\u00e1\u010d, CSc.<\/td>\n<\/tr>\n<\/tbody>\n<\/table><\/div>\n<p>\u00a0<\/p>\n<p>SL = Slovac Language<br \/> EL = English Language<br \/> \u00a0<\/p>\n","protected":false},"excerpt":{"rendered":"<p>\u00a0 Study Programme Field of Study Guarantee Teaching of Biology &#8211; teacher preparation programme (in combination) Teacher Training and Education Science full-time\u00a0form doc. RNDr. Katar\u00edna Kim\u00e1kov\u00e1, CSc. prof. PhDr. O\u013ega Orosov\u00e1, CSc. Teaching of Physics &#8211; teacher preparation programme (in combination) Teacher Training and Education Science full-time\u00a0form prof. RNDr. Peter Koll\u00e1r, CSc. prof. PhDr. O\u013ega &hellip; <a href=\"https:\/\/www.upjs.sk\/en\/university\/fields-of-study\/masters-study-faculty-of-science\/\">Continued<\/a><\/p>\n","protected":false},"author":1,"featured_media":0,"parent":41300,"menu_order":1,"comment_status":"closed","ping_status":"closed","template":"","meta":{"_acf_changed":false,"_editorskit_title_hidden":false,"_editorskit_reading_time":0,"_editorskit_is_block_options_detached":false,"_editorskit_block_options_position":"{}","footnotes":""},"categories":[],"tags":[],"class_list":["post-41445","page","type-page","status-publish","hentry"],"acf":{"acf_link_na_externy_obsah":""},"yoast_head":"<!-- This site is optimized with the Yoast SEO plugin v27.5 - https:\/\/yoast.com\/product\/yoast-seo-wordpress\/ -->\n<title>Master&#039;s study - Faculty of Science - UPJ\u0160 Ko\u0161ice<\/title>\n<meta name=\"robots\" content=\"index, follow, max-snippet:-1, max-image-preview:large, max-video-preview:-1\" \/>\n<link rel=\"canonical\" href=\"https:\/\/www.upjs.sk\/en\/university\/fields-of-study\/masters-study-faculty-of-science\/\" \/>\n<meta property=\"og:locale\" content=\"en_US\" \/>\n<meta property=\"og:type\" content=\"article\" \/>\n<meta property=\"og:title\" content=\"Master&#039;s study - Faculty of Science - UPJ\u0160 Ko\u0161ice\" \/>\n<meta property=\"og:description\" content=\"\u00a0 Study Programme Field of Study Guarantee Teaching of Biology &#8211; teacher preparation programme (in combination) Teacher Training and Education Science full-time\u00a0form doc. RNDr. Katar\u00edna Kim\u00e1kov\u00e1, CSc. prof. PhDr. O\u013ega Orosov\u00e1, CSc. Teaching of Physics &#8211; teacher preparation programme (in combination) Teacher Training and Education Science full-time\u00a0form prof. RNDr. Peter Koll\u00e1r, CSc. prof. PhDr. O\u013ega &hellip; Continued\" \/>\n<meta property=\"og:url\" content=\"https:\/\/www.upjs.sk\/en\/university\/fields-of-study\/masters-study-faculty-of-science\/\" \/>\n<meta property=\"og:site_name\" content=\"UPJ\u0160 Ko\u0161ice\" \/>\n<meta property=\"article:publisher\" content=\"https:\/\/www.facebook.com\/UniverzitaPavlaJozefaSafarikaVkosiciach\/\" \/>\n<meta name=\"twitter:card\" content=\"summary_large_image\" \/>\n<meta name=\"twitter:site\" content=\"@UPJS_kosice\" \/>\n<meta name=\"twitter:label1\" content=\"Est. reading time\" \/>\n\t<meta name=\"twitter:data1\" content=\"2 minutes\" \/>\n<script type=\"application\/ld+json\" class=\"yoast-schema-graph\">{\"@context\":\"https:\\\/\\\/schema.org\",\"@graph\":[{\"@type\":\"WebPage\",\"@id\":\"https:\\\/\\\/www.upjs.sk\\\/en\\\/university\\\/fields-of-study\\\/masters-study-faculty-of-science\\\/\",\"url\":\"https:\\\/\\\/www.upjs.sk\\\/en\\\/university\\\/fields-of-study\\\/masters-study-faculty-of-science\\\/\",\"name\":\"Master's study - Faculty of Science - UPJ\u0160 Ko\u0161ice\",\"isPartOf\":{\"@id\":\"https:\\\/\\\/www.upjs.sk\\\/en\\\/#website\"},\"datePublished\":\"2012-03-15T10:10:38+00:00\",\"breadcrumb\":{\"@id\":\"https:\\\/\\\/www.upjs.sk\\\/en\\\/university\\\/fields-of-study\\\/masters-study-faculty-of-science\\\/#breadcrumb\"},\"inLanguage\":\"en-US\",\"potentialAction\":[{\"@type\":\"ReadAction\",\"target\":[\"https:\\\/\\\/www.upjs.sk\\\/en\\\/university\\\/fields-of-study\\\/masters-study-faculty-of-science\\\/\"]}]},{\"@type\":\"BreadcrumbList\",\"@id\":\"https:\\\/\\\/www.upjs.sk\\\/en\\\/university\\\/fields-of-study\\\/masters-study-faculty-of-science\\\/#breadcrumb\",\"itemListElement\":[{\"@type\":\"ListItem\",\"position\":1,\"name\":\"Home\",\"item\":\"https:\\\/\\\/www.upjs.sk\\\/en\\\/\"},{\"@type\":\"ListItem\",\"position\":2,\"name\":\"University\",\"item\":\"https:\\\/\\\/www.upjs.sk\\\/en\\\/university\\\/\"},{\"@type\":\"ListItem\",\"position\":3,\"name\":\"Fields of Study\",\"item\":\"https:\\\/\\\/www.upjs.sk\\\/en\\\/university\\\/fields-of-study\\\/\"},{\"@type\":\"ListItem\",\"position\":4,\"name\":\"Master&#8217;s study &#8211; Faculty of Science\"}]},{\"@type\":\"WebSite\",\"@id\":\"https:\\\/\\\/www.upjs.sk\\\/en\\\/#website\",\"url\":\"https:\\\/\\\/www.upjs.sk\\\/en\\\/\",\"name\":\"UPJ\u0160 Ko\u0161ice\",\"description\":\"Wisdom of the Past, Knowledge of the Present, Education of the Future\",\"publisher\":{\"@id\":\"https:\\\/\\\/www.upjs.sk\\\/en\\\/#organization\"},\"potentialAction\":[{\"@type\":\"SearchAction\",\"target\":{\"@type\":\"EntryPoint\",\"urlTemplate\":\"https:\\\/\\\/www.upjs.sk\\\/en\\\/?s={search_term_string}\"},\"query-input\":{\"@type\":\"PropertyValueSpecification\",\"valueRequired\":true,\"valueName\":\"search_term_string\"}}],\"inLanguage\":\"en-US\"},{\"@type\":\"Organization\",\"@id\":\"https:\\\/\\\/www.upjs.sk\\\/en\\\/#organization\",\"name\":\"UPJ\u0160 Ko\u0161ice\",\"url\":\"https:\\\/\\\/www.upjs.sk\\\/en\\\/\",\"logo\":{\"@type\":\"ImageObject\",\"inLanguage\":\"en-US\",\"@id\":\"https:\\\/\\\/www.upjs.sk\\\/en\\\/#\\\/schema\\\/logo\\\/image\\\/\",\"url\":\"https:\\\/\\\/www.upjs.sk\\\/app\\\/uploads\\\/2023\\\/01\\\/UPJS_ENG_esymbol.svg\",\"contentUrl\":\"https:\\\/\\\/www.upjs.sk\\\/app\\\/uploads\\\/2023\\\/01\\\/UPJS_ENG_esymbol.svg\",\"width\":448,\"height\":139,\"caption\":\"UPJ\u0160 Ko\u0161ice\"},\"image\":{\"@id\":\"https:\\\/\\\/www.upjs.sk\\\/en\\\/#\\\/schema\\\/logo\\\/image\\\/\"},\"sameAs\":[\"https:\\\/\\\/www.facebook.com\\\/UniverzitaPavlaJozefaSafarikaVkosiciach\\\/\",\"https:\\\/\\\/x.com\\\/UPJS_kosice\",\"https:\\\/\\\/www.instagram.com\\\/upjs_kosice\",\"https:\\\/\\\/www.linkedin.com\\\/company\\\/pavol-jozef-afrik-university-in-koice\\\/\"]}]}<\/script>\n<!-- \/ Yoast SEO plugin. -->","yoast_head_json":{"title":"Master's study - Faculty of Science - UPJ\u0160 Ko\u0161ice","robots":{"index":"index","follow":"follow","max-snippet":"max-snippet:-1","max-image-preview":"max-image-preview:large","max-video-preview":"max-video-preview:-1"},"canonical":"https:\/\/www.upjs.sk\/en\/university\/fields-of-study\/masters-study-faculty-of-science\/","og_locale":"en_US","og_type":"article","og_title":"Master's study - Faculty of Science - UPJ\u0160 Ko\u0161ice","og_description":"\u00a0 Study Programme Field of Study Guarantee Teaching of Biology &#8211; teacher preparation programme (in combination) Teacher Training and Education Science full-time\u00a0form doc. RNDr. Katar\u00edna Kim\u00e1kov\u00e1, CSc. prof. PhDr. O\u013ega Orosov\u00e1, CSc. Teaching of Physics &#8211; teacher preparation programme (in combination) Teacher Training and Education Science full-time\u00a0form prof. RNDr. Peter Koll\u00e1r, CSc. prof. PhDr. O\u013ega &hellip; Continued","og_url":"https:\/\/www.upjs.sk\/en\/university\/fields-of-study\/masters-study-faculty-of-science\/","og_site_name":"UPJ\u0160 Ko\u0161ice","article_publisher":"https:\/\/www.facebook.com\/UniverzitaPavlaJozefaSafarikaVkosiciach\/","twitter_card":"summary_large_image","twitter_site":"@UPJS_kosice","twitter_misc":{"Est. reading time":"2 minutes"},"schema":{"@context":"https:\/\/schema.org","@graph":[{"@type":"WebPage","@id":"https:\/\/www.upjs.sk\/en\/university\/fields-of-study\/masters-study-faculty-of-science\/","url":"https:\/\/www.upjs.sk\/en\/university\/fields-of-study\/masters-study-faculty-of-science\/","name":"Master's study - Faculty of Science - UPJ\u0160 Ko\u0161ice","isPartOf":{"@id":"https:\/\/www.upjs.sk\/en\/#website"},"datePublished":"2012-03-15T10:10:38+00:00","breadcrumb":{"@id":"https:\/\/www.upjs.sk\/en\/university\/fields-of-study\/masters-study-faculty-of-science\/#breadcrumb"},"inLanguage":"en-US","potentialAction":[{"@type":"ReadAction","target":["https:\/\/www.upjs.sk\/en\/university\/fields-of-study\/masters-study-faculty-of-science\/"]}]},{"@type":"BreadcrumbList","@id":"https:\/\/www.upjs.sk\/en\/university\/fields-of-study\/masters-study-faculty-of-science\/#breadcrumb","itemListElement":[{"@type":"ListItem","position":1,"name":"Home","item":"https:\/\/www.upjs.sk\/en\/"},{"@type":"ListItem","position":2,"name":"University","item":"https:\/\/www.upjs.sk\/en\/university\/"},{"@type":"ListItem","position":3,"name":"Fields of Study","item":"https:\/\/www.upjs.sk\/en\/university\/fields-of-study\/"},{"@type":"ListItem","position":4,"name":"Master&#8217;s study &#8211; Faculty of Science"}]},{"@type":"WebSite","@id":"https:\/\/www.upjs.sk\/en\/#website","url":"https:\/\/www.upjs.sk\/en\/","name":"UPJ\u0160 Ko\u0161ice","description":"Wisdom of the Past, Knowledge of the Present, Education of the Future","publisher":{"@id":"https:\/\/www.upjs.sk\/en\/#organization"},"potentialAction":[{"@type":"SearchAction","target":{"@type":"EntryPoint","urlTemplate":"https:\/\/www.upjs.sk\/en\/?s={search_term_string}"},"query-input":{"@type":"PropertyValueSpecification","valueRequired":true,"valueName":"search_term_string"}}],"inLanguage":"en-US"},{"@type":"Organization","@id":"https:\/\/www.upjs.sk\/en\/#organization","name":"UPJ\u0160 Ko\u0161ice","url":"https:\/\/www.upjs.sk\/en\/","logo":{"@type":"ImageObject","inLanguage":"en-US","@id":"https:\/\/www.upjs.sk\/en\/#\/schema\/logo\/image\/","url":"https:\/\/www.upjs.sk\/app\/uploads\/2023\/01\/UPJS_ENG_esymbol.svg","contentUrl":"https:\/\/www.upjs.sk\/app\/uploads\/2023\/01\/UPJS_ENG_esymbol.svg","width":448,"height":139,"caption":"UPJ\u0160 Ko\u0161ice"},"image":{"@id":"https:\/\/www.upjs.sk\/en\/#\/schema\/logo\/image\/"},"sameAs":["https:\/\/www.facebook.com\/UniverzitaPavlaJozefaSafarikaVkosiciach\/","https:\/\/x.com\/UPJS_kosice","https:\/\/www.instagram.com\/upjs_kosice","https:\/\/www.linkedin.com\/company\/pavol-jozef-afrik-university-in-koice\/"]}]}},"_links":{"self":[{"href":"https:\/\/www.upjs.sk\/en\/wp-json\/wp\/v2\/pages\/41445","targetHints":{"allow":["GET"]}}],"collection":[{"href":"https:\/\/www.upjs.sk\/en\/wp-json\/wp\/v2\/pages"}],"about":[{"href":"https:\/\/www.upjs.sk\/en\/wp-json\/wp\/v2\/types\/page"}],"author":[{"embeddable":true,"href":"https:\/\/www.upjs.sk\/en\/wp-json\/wp\/v2\/users\/1"}],"replies":[{"embeddable":true,"href":"https:\/\/www.upjs.sk\/en\/wp-json\/wp\/v2\/comments?post=41445"}],"version-history":[{"count":0,"href":"https:\/\/www.upjs.sk\/en\/wp-json\/wp\/v2\/pages\/41445\/revisions"}],"up":[{"embeddable":true,"href":"https:\/\/www.upjs.sk\/en\/wp-json\/wp\/v2\/pages\/41300"}],"wp:attachment":[{"href":"https:\/\/www.upjs.sk\/en\/wp-json\/wp\/v2\/media?parent=41445"}],"wp:term":[{"taxonomy":"category","embeddable":true,"href":"https:\/\/www.upjs.sk\/en\/wp-json\/wp\/v2\/categories?post=41445"},{"taxonomy":"post_tag","embeddable":true,"href":"https:\/\/www.upjs.sk\/en\/wp-json\/wp\/v2\/tags?post=41445"}],"curies":[{"name":"wp","href":"https:\/\/api.w.org\/{rel}","templated":true}]}}