{"id":41448,"date":"2012-03-15T09:43:38","date_gmt":"2012-03-15T09:43:38","guid":{"rendered":"https:\/\/www.upjs.sk\/university\/fields-of-study-kat_id-2489\/bachelors-study-faculty-of-science\/"},"modified":"2012-03-15T09:43:38","modified_gmt":"2012-03-15T09:43:38","slug":"bachelors-study-faculty-of-science","status":"publish","type":"page","link":"https:\/\/www.upjs.sk\/en\/university\/fields-of-study\/bachelors-study-faculty-of-science\/","title":{"rendered":"Bachelor&#8217;s study &#8211; Faculty of Science"},"content":{"rendered":"<p>\u00a0<\/p>\n<table align=\"center\" border=\"1\" cellpadding=\"2\" cellspacing=\"0\" style=\"width:97%\">\n<tbody>\n<tr>\n<td bgcolor=\"#cc9966\" style=\"vertical-align:center\" width=\"22%\">\n<div align=\"center\"><span style=\"color:#ffffff\">Study Programme<\/span><\/div>\n<\/td>\n<td bgcolor=\"#cc9966\" style=\"vertical-align:center\" width=\"30%\">\n<div align=\"center\"><span style=\"color:#ffffff\">Field of Study<\/span><\/div>\n<\/td>\n<td bgcolor=\"#cc9966\" style=\"vertical-align:center\" width=\"45%\">\n<div align=\"center\"><span style=\"color:#ffffff\">Guarantee<\/span><\/div>\n<\/td>\n<\/tr>\n<tr>\n<td style=\"vertical-align:top\" width=\"232\">\n<div>Biology<\/div>\n<\/td>\n<td style=\"vertical-align:top\" width=\"232\">\n<div>Biology<br \/> \t\t\t<span style=\"font-size:x-small\">full-time\u00a0form<\/span><\/div>\n<\/td>\n<td style=\"vertical-align:top\" width=\"233\">\n<div>doc. RNDr. Zuzana Daxnerov\u00e1, PhD.<\/div>\n<\/td>\n<\/tr>\n<tr>\n<td style=\"vertical-align:top\" width=\"232\">\n<div>Physics<\/div>\n<\/td>\n<td style=\"vertical-align:top\" width=\"232\">\n<div>Physics (SL, EL)<br \/> \t\t\t<span style=\"font-size:x-small\">full-time\u00a0form<\/span><\/div>\n<\/td>\n<td style=\"vertical-align:top\" width=\"233\">\n<div>prof. RNDr. Michal Ja\u0161\u010dur, CSc.<\/div>\n<\/td>\n<\/tr>\n<tr>\n<td style=\"vertical-align:top\" width=\"232\">Physics<\/td>\n<td style=\"vertical-align:top\" width=\"232\">Biophysics<br \/> \t\t\t<span style=\"font-size:x-small\">full-time\u00a0form<\/span><\/td>\n<td style=\"vertical-align:top\" width=\"233\">doc. Mgr. Daniel\u00a0Jancura, PhD.<\/td>\n<\/tr>\n<tr>\n<td style=\"vertical-align:top\" width=\"232\">\n<div>Chemistry<\/div>\n<\/td>\n<td style=\"vertical-align:top\" width=\"232\">\n<div>Chemistry<br \/> \t\t\t<span style=\"font-size:x-small\">full-time\u00a0form<\/span><\/div>\n<\/td>\n<td style=\"vertical-align:top\" width=\"233\">\n<div>doc. RNDr. Ivan Poto\u010d\u0148\u00e1k, PhD.<\/div>\n<\/td>\n<\/tr>\n<tr>\n<td style=\"vertical-align:top\" width=\"232\">\n<div>Informatics<\/div>\n<\/td>\n<td style=\"vertical-align:top\" width=\"232\">\n<div>Informatics<\/div>\n<div><span style=\"font-size:x-small\">full-time\u00a0form<\/span><\/div>\n<\/td>\n<td style=\"vertical-align:top\" width=\"50%\">\n<div>prof. RNDr. Viliam Geffert, DrSc.<\/div>\n<\/td>\n<\/tr>\n<tr>\n<td style=\"vertical-align:top\" width=\"232\"><span class=\"hps\">Applied Informatics<\/span><\/td>\n<td style=\"vertical-align:top\" width=\"232\">Informatics<br \/> \t\t\t<span class=\"hps\"><span style=\"font-size:x-small\">full-time and part-time form<\/span><\/span><\/td>\n<td style=\"vertical-align:top\" width=\"50%\">prof. RNDr. Gabriel Semani\u0161in, PhD.<\/td>\n<\/tr>\n<tr>\n<td style=\"vertical-align:top\" width=\"232\">\n<div>Mathematics<\/div>\n<\/td>\n<td style=\"vertical-align:top\" width=\"232\">\n<div>Mathematics<br \/> \t\t\t<span style=\"font-size:x-small\">full-time\u00a0form<\/span><\/div>\n<\/td>\n<td style=\"vertical-align:top\" width=\"50%\">\n<div>doc. RNDr. Miroslav Plo\u0161\u010dica, CSc.<\/div>\n<\/td>\n<\/tr>\n<tr>\n<td style=\"vertical-align:top\" width=\"232\">Mathematics of Economics and Finance<\/td>\n<td style=\"vertical-align:top\" width=\"232\">\n<div>Mathematics<br \/> \t\t\t<span style=\"font-size:x-small\">full-time\u00a0form<\/span><\/div>\n<\/td>\n<td style=\"vertical-align:top\" width=\"50%\">prof. RNDr. Katar\u00edna Cechl\u00e1rov\u00e1, DrSc.<\/td>\n<\/tr>\n<tr>\n<td style=\"vertical-align:top\" width=\"232\">Data Science and Artificial Intelligence<\/td>\n<td style=\"vertical-align:top\" width=\"232\">Mathematics &#8211; Informatics<\/td>\n<td style=\"vertical-align:top\" width=\"50%\">prof. RNDr. Ivan \u017de\u017eula,CSc.<\/td>\n<\/tr>\n<tr>\n<td style=\"vertical-align:top\" width=\"232\">\n<div>General Ecology and Ecology of Individual and Populations<\/div>\n<\/td>\n<td style=\"vertical-align:top\" width=\"232\">\n<div>Ecological and Environmental Sciences<br \/> \t\t\t<span style=\"font-size:x-small\">full-time\u00a0form<\/span><\/div>\n<\/td>\n<td style=\"vertical-align:top\" width=\"233\">\n<p>doc. RNDr. Marcel Uhrin, PhD.<\/p>\n<\/td>\n<\/tr>\n<tr>\n<td style=\"vertical-align:top\" width=\"232\">\n<p>Biology &#8211;<br \/> \t\t\tGeography<br \/> \t\t\t<span style=\"font-size:10px\">Interdisciplinary study<\/span><\/p>\n<\/td>\n<td style=\"vertical-align:top\" width=\"232\">\n<p>Biology &#8211; Earth Sciences<br \/> \t\t\t<span style=\"font-size:x-small\">full-time\u00a0form<\/span><\/p>\n<\/td>\n<td style=\"vertical-align:top\" width=\"233\">\n<p>prof. RNDr. Pavol M\u00e1rtonfi, PhD.<br \/> \t\t\tdoc. Mgr. Michal Gallay, PhD.<\/p>\n<\/td>\n<\/tr>\n<tr>\n<td style=\"vertical-align:top\" width=\"232\">\n<p>Biology &#8211;<br \/> \t\t\tInformatics<br \/> \t\t\t<span style=\"font-size:10px\">Interdisciplinary study<\/span><\/p>\n<\/td>\n<td style=\"vertical-align:top\" width=\"232\">\n<p>Biology &#8211; Informatics<br \/> \t\t\t<span style=\"font-size:x-small\">full-time\u00a0form<\/span><\/p>\n<\/td>\n<td style=\"vertical-align:top\" width=\"233\">\n<p>prof. RNDr. Pavol M\u00e1rtonfi,\u00a0PhD.<br \/> \t\t\tprof. RNDr. Stanislav Kraj\u010di, PhD.<\/p>\n<\/td>\n<\/tr>\n<tr>\n<td style=\"vertical-align:top\" width=\"232\">\n<p>Biology &#8211;<br \/> \t\t\tChemistry<br \/> \t\t\t<span style=\"font-size:10px\">Interdisciplinary study<\/span><\/p>\n<\/td>\n<td style=\"vertical-align:top\" width=\"232\">\n<div>Biology &#8211; Chemistry<br \/> \t\t\t<span style=\"font-size:x-small\">full-time\u00a0form<\/span><\/div>\n<\/td>\n<td style=\"vertical-align:top\" width=\"233\">\n<p>prof. RNDr. Pavol M\u00e1rtonfi, PhD.<br \/> \t\t\tprof. RNDr. Vladim\u00edr Zele\u0148\u00e1k, DrSc.<\/p>\n<\/td>\n<\/tr>\n<tr>\n<td style=\"vertical-align:top\" width=\"232\">\n<p>Biology &#8211;<br \/> \t\t\tPhilosophy<br \/> \t\t\t<span style=\"font-size:10px\">Interdisciplinary study<\/span><\/p>\n<\/td>\n<td style=\"vertical-align:top\" width=\"232\">\n<p>Biology &#8211; Philosophy<br \/> \t\t\t<span style=\"font-size:x-small\">full-time\u00a0form<\/span><\/p>\n<\/td>\n<td style=\"vertical-align:top\" width=\"233\">\n<div align=\"left\">prof.\u00a0RNDr.\u00a0Pavol M\u00e1rtonfi, PhD.<br \/> \t\t\tprof. PhDr. Eugen Andreansk\u00fd, PhD.<\/div>\n<\/td>\n<\/tr>\n<tr>\n<td style=\"vertical-align:top\" width=\"232\">\n<p>Chemistry &#8211;<br \/> \t\t\tGeography<br \/> \t\t\t<span style=\"font-size:10px\">Interdisciplinary study<\/span><\/p>\n<\/td>\n<td style=\"vertical-align:top\" width=\"232\">\n<p>Chemistry &#8211; Earth Sciences<br \/> \t\t\t<span style=\"font-size:x-small\">full-time\u00a0form<\/span><\/p>\n<\/td>\n<td style=\"vertical-align:top\" width=\"233\">\n<div>prof. RNDr. Vladim\u00edr Zele\u0148\u00e1k, DrSc.<br \/> \t\t\tdoc. Mgr. Michal Gallay, PhD.<\/div>\n<\/td>\n<\/tr>\n<tr>\n<td style=\"vertical-align:top\" width=\"232\">\n<p>Chemistry &#8211; Informatics<br \/> \t\t\t<span style=\"font-size:10px\">Interdisciplinary study<\/span><\/p>\n<\/td>\n<td style=\"vertical-align:top\" width=\"232\">\n<p>Chemistry &#8211; Informatics<br \/> \t\t\t<span style=\"font-size:x-small\">full-time\u00a0form<\/span><\/p>\n<\/td>\n<td style=\"vertical-align:top\" width=\"233\">\n<p>prof. RNDr. Vladim\u00edr Zele\u0148\u00e1k, DrSc.<br \/> \t\t\tprof. RNDr. Stanislav Kraj\u010di, PhD.<\/p>\n<\/td>\n<\/tr>\n<tr>\n<td style=\"vertical-align:top\" width=\"232\">\n<div>Geography<\/div>\n<\/td>\n<td style=\"vertical-align:top\" width=\"232\">\n<div>Earth Sciences<br \/> \t\t\t<span style=\"font-size:x-small\">full-time\u00a0form<\/span><\/div>\n<\/td>\n<td style=\"vertical-align:top\" width=\"233\">\n<div>prof. Mgr. Jaroslav Hofierka, PhD.<\/div>\n<\/td>\n<\/tr>\n<tr>\n<td style=\"vertical-align:top\" width=\"232\">\n<p>Geography &#8211;<br \/> \t\t\tPhilosophy<br \/> \t\t\t<span style=\"font-size:10px\">Interdisciplinary study<\/span><\/p>\n<\/td>\n<td style=\"vertical-align:top\" width=\"232\">\n<p>Earth Sciences &#8211; Philosophy<br \/> \t\t\t<span style=\"font-size:x-small\">full-time\u00a0form<\/span><\/p>\n<\/td>\n<td style=\"vertical-align:top\" width=\"233\">\n<div align=\"left\">doc. Mgr. Michal Gallay, PhD.<br \/> \t\t\tprof. PhDr. Eugen Andreansk\u00fd, PhD.<\/div>\n<\/td>\n<\/tr>\n<tr>\n<td style=\"vertical-align:top\" width=\"232\">\n<p>Geography -Informatics<br \/> \t\t\t<span style=\"font-size:10px\">Interdisciplinary study<\/span><\/p>\n<\/td>\n<td style=\"vertical-align:top\" width=\"232\">\n<p>Earth Sciences &#8211; Informatics\u00a0<br \/> \t\t\t<span style=\"font-size:x-small\">full-time\u00a0form<\/span><\/p>\n<\/td>\n<td style=\"vertical-align:top\" width=\"233\">doc. Mgr. Michal Gallay, PhD.<br \/> \t\t\tprof. RNDr. Stanislav Kraj\u010di, PhD.<\/td>\n<\/tr>\n<tr>\n<td style=\"vertical-align:top\" width=\"232\">\n<p>Geography &#8211; Psychology<br \/> \t\t\t<span style=\"font-size:10px\">Interdisciplinary study<\/span><\/p>\n<\/td>\n<td style=\"vertical-align:top\" width=\"232\">\n<p>Earth Sciences &#8211; Psychology<br \/> \t\t\t<span style=\"font-size:x-small\">full-time\u00a0form<\/span><\/p>\n<\/td>\n<td style=\"vertical-align:top\" width=\"233\">\n<p>doc. Mgr. Michal Gallay, PhD.<br \/> \t\t\tprof. PhDr. O\u013ega Orosov\u00e1, CSc.<\/p>\n<\/td>\n<\/tr>\n<tr>\n<td style=\"vertical-align:top\" width=\"232\">\n<p>Physics &#8211; Biology<br \/> \t\t\t<span style=\"font-size:10px\">Interdisciplinary study<\/span><\/p>\n<\/td>\n<td style=\"vertical-align:top\" width=\"232\">\n<p>Physics &#8211; Biology<br \/> \t\t\t<span style=\"font-size:x-small\">full-time\u00a0form<\/span><\/p>\n<\/td>\n<td style=\"vertical-align:top\" width=\"233\">\n<p>prof. RNDr. Peter Koll\u00e1r, DrSc.<br \/> \t\t\tprof.\u00a0RNDr.\u00a0Pavol M\u00e1rtonfi, PhD.<\/p>\n<\/td>\n<\/tr>\n<tr>\n<td style=\"vertical-align:top\" width=\"232\">\n<p>Physics &#8211; Chemistry<br \/> \t\t\t<span style=\"font-size:10px\">Interdisciplinary study<\/span><\/p>\n<\/td>\n<td style=\"vertical-align:top\" width=\"232\">\n<p>Physics &#8211; Chemistry<br \/> \t\t\t<span style=\"font-size:x-small\">full-time\u00a0form<\/span><\/p>\n<\/td>\n<td style=\"vertical-align:top\" width=\"233\">prof. RNDr. Peter Koll\u00e1r, DrSc.<br \/> \t\t\tprof. RNDr. Vladim\u00edr Zele\u0148\u00e1k, DrSc.<\/td>\n<\/tr>\n<tr>\n<td style=\"vertical-align:top\" width=\"232\">\n<p>Physics &#8211;<br \/> \t\t\tGeography<br \/> \t\t\t<span style=\"font-size:10px\">Interdisciplinary study<\/span><\/p>\n<\/td>\n<td style=\"vertical-align:top\" width=\"232\">\n<p>Physics &#8211; Earth Sciences<br \/> \t\t\t<span style=\"font-size:x-small\">full-time\u00a0form<\/span><\/p>\n<\/td>\n<td style=\"vertical-align:top\" width=\"233\">\n<p>prof. RNDr. Peter Koll\u00e1r, DrSc.<br \/> \t\t\tdoc. Mgr. Michal Gallay, PhD.<\/p>\n<\/td>\n<\/tr>\n<tr>\n<td style=\"vertical-align:top\" width=\"232\">\n<p>Physics &#8211; Informatics<br \/> \t\t\t<span style=\"font-size:10px\">Interdisciplinary study<\/span><\/p>\n<\/td>\n<td style=\"vertical-align:top\" width=\"232\">\n<p>Physics &#8211; Informatics<br \/> \t\t\t<span style=\"font-size:x-small\">full-time\u00a0form<\/span><\/p>\n<\/td>\n<td style=\"vertical-align:top\" width=\"233\">\n<p>prof. RNDr. Peter Koll\u00e1r, DrSc.<br \/> \t\t\tprof. RNDr. Stanislav Kraj\u010di, PhD.<\/p>\n<\/td>\n<\/tr>\n<tr>\n<td style=\"vertical-align:top\" width=\"232\">Biology &#8211; Psychology<br \/> \t\t\t<span style=\"font-size:10px\">Interdisciplinary study<\/span><\/td>\n<td style=\"vertical-align:top\" width=\"232\">Biology &#8211; Psychology<br \/> \t\t\t<span style=\"font-size:x-small\">full-time\u00a0form<\/span><\/td>\n<td style=\"vertical-align:top\" width=\"233\">prof.\u00a0RNDr.\u00a0Pavol M\u00e1rtonfi, PhD.<br \/> \t\t\tprof. PhDr. O\u013ega Orosov\u00e1, CSc.<\/td>\n<\/tr>\n<tr>\n<td style=\"vertical-align:top\" width=\"232\">\n<div>Mathematics &#8211; Biology<br \/> \t\t\t<span style=\"font-size:10px\">Interdisciplinary study<\/span><\/div>\n<\/td>\n<td style=\"vertical-align:top\" width=\"232\">\n<div>\n<div>Mathematics &#8211; Biology<\/div>\n<p> \t\t\t<span style=\"font-size:x-small\">full-time\u00a0form<\/span><\/div>\n<\/td>\n<td style=\"vertical-align:top\" width=\"233\">\n<div>doc. RNDr. Ondrej Hutn\u00edk, PhD.<br \/> \t\t\tprof.\u00a0RNDr.\u00a0Pavol M\u00e1rtonfi, PhD.<\/div>\n<\/td>\n<\/tr>\n<tr>\n<td style=\"vertical-align:top\" width=\"232\">\n<p>Mathematics &#8211;<br \/> \t\t\tPhysics<br \/> \t\t\t<span style=\"font-size:10px\">Interdisciplinary study<\/span><\/p>\n<\/td>\n<td style=\"vertical-align:top\" width=\"232\">\n<p>Mathematics &#8211;<br \/> \t\t\tPhysics<br \/> \t\t\t<span style=\"font-size:x-small\">full-time\u00a0form<\/span><\/p>\n<\/td>\n<td style=\"vertical-align:top\" width=\"50%\">\n<div>doc. RNDr. Ondrej Hutn\u00edk, PhD.<br \/> \t\t\tprof. RNDr. Peter Koll\u00e1r, DrSc.<\/div>\n<\/td>\n<\/tr>\n<tr>\n<td style=\"vertical-align:top\" width=\"232\">\n<p>Mathematics &#8211;<br \/> \t\t\tChemistry<br \/> \t\t\t<span style=\"font-size:10px\">Interdisciplinary study<\/span><\/p>\n<\/td>\n<td style=\"vertical-align:top\" width=\"232\">\n<p>Mathematics &#8211;<br \/> \t\t\tChemistry<br \/> \t\t\t<span style=\"font-size:x-small\">full-time\u00a0form<\/span><\/p>\n<\/td>\n<td style=\"vertical-align:top\" width=\"50%\">\n<div>doc. RNDr. Ondrej Hutn\u00edk, PhD.<br \/> \t\t\tprof. RNDr. Vladim\u00edr Zele\u0148\u00e1k, DrSc.<\/div>\n<\/td>\n<\/tr>\n<tr>\n<td style=\"vertical-align:top\" width=\"232\">\n<div>Mathematics &#8211;<br \/> \t\t\tGeography<br \/> \t\t\t<span style=\"font-size:10px\">Interdisciplinary study<\/span><\/div>\n<\/td>\n<td style=\"vertical-align:top\" width=\"232\">\n<div>Mathematics &#8211; Earth Sciences<br \/> \t\t\t<span style=\"font-size:x-small\">full-time\u00a0form<\/span><\/div>\n<\/td>\n<td style=\"vertical-align:top\" width=\"50%\">\n<div>doc. RNDr. Ondrej Hutn\u00edk, PhD.<\/div>\n<div>doc. Mgr. Michal Gallay, PhD..<\/div>\n<\/td>\n<\/tr>\n<tr>\n<td style=\"vertical-align:top\" width=\"232\">\n<p>Mathematics &#8211; Informatics<br \/> \t\t\t<span style=\"font-size:10px\">Interdisciplinary study<\/span><\/p>\n<\/td>\n<td style=\"vertical-align:top\" width=\"232\">\n<p>Mathematics &#8211; Informatics<br \/> \t\t\t<span style=\"font-size:x-small\">full-time\u00a0form<\/span><\/p>\n<\/td>\n<td style=\"vertical-align:top\" width=\"50%\">\n<div>doc. RNDr. Ondrej Hutn\u00edk, PhD.<\/div>\n<div>prof. RNDr. Stanislav Kraj\u010di, PhD.<\/div>\n<\/td>\n<\/tr>\n<tr>\n<td style=\"vertical-align:top\" width=\"232\">\n<div>Mathematics &#8211;<\/div>\n<div>Psychology<br \/> \t\t\t<span style=\"font-size:10px\">Interdisciplinary study<\/span><\/div>\n<\/td>\n<td style=\"vertical-align:top\" width=\"232\">\n<div align=\"left\">\n<p>Mathematics &#8211; Psychology<br \/> \t\t\t<span style=\"font-size:x-small\">full-time\u00a0form<\/span><\/p>\n<\/p><\/div>\n<\/td>\n<td style=\"vertical-align:top\" width=\"233\">\n<div>doc. RNDr. Ondrej Hutn\u00edk, PhD.<br \/> \t\t\tprof. PhDr. O\u013ega Orosov\u00e1, CSc.<\/div>\n<\/td>\n<\/tr>\n<\/tbody>\n<\/table>\n<div>\u00a0<\/div>\n","protected":false},"excerpt":{"rendered":"<p>\u00a0 Study Programme Field of Study Guarantee Biology Biology full-time\u00a0form doc. RNDr. Zuzana Daxnerov\u00e1, PhD. Physics Physics (SL, EL) full-time\u00a0form prof. RNDr. Michal Ja\u0161\u010dur, CSc. Physics Biophysics full-time\u00a0form doc. Mgr. Daniel\u00a0Jancura, PhD. Chemistry Chemistry full-time\u00a0form doc. RNDr. Ivan Poto\u010d\u0148\u00e1k, PhD. Informatics Informatics full-time\u00a0form prof. RNDr. Viliam Geffert, DrSc. Applied Informatics Informatics full-time and part-time form &hellip; <a href=\"https:\/\/www.upjs.sk\/en\/university\/fields-of-study\/bachelors-study-faculty-of-science\/\">Continued<\/a><\/p>\n","protected":false},"author":1,"featured_media":0,"parent":41300,"menu_order":2,"comment_status":"closed","ping_status":"closed","template":"","meta":{"_acf_changed":false,"_editorskit_title_hidden":false,"_editorskit_reading_time":0,"_editorskit_is_block_options_detached":false,"_editorskit_block_options_position":"{}","footnotes":""},"categories":[],"tags":[],"class_list":["post-41448","page","type-page","status-publish","hentry"],"acf":{"acf_link_na_externy_obsah":""},"yoast_head":"<!-- This site is optimized with the Yoast SEO plugin v27.4 - https:\/\/yoast.com\/product\/yoast-seo-wordpress\/ -->\n<title>Bachelor&#039;s study - Faculty of Science - UPJ\u0160 Ko\u0161ice<\/title>\n<meta name=\"robots\" content=\"index, follow, max-snippet:-1, max-image-preview:large, max-video-preview:-1\" \/>\n<link rel=\"canonical\" href=\"https:\/\/www.upjs.sk\/en\/university\/fields-of-study\/bachelors-study-faculty-of-science\/\" \/>\n<meta property=\"og:locale\" content=\"en_US\" \/>\n<meta property=\"og:type\" content=\"article\" \/>\n<meta property=\"og:title\" content=\"Bachelor&#039;s study - Faculty of Science - UPJ\u0160 Ko\u0161ice\" \/>\n<meta property=\"og:description\" content=\"\u00a0 Study Programme Field of Study Guarantee Biology Biology full-time\u00a0form doc. RNDr. Zuzana Daxnerov\u00e1, PhD. Physics Physics (SL, EL) full-time\u00a0form prof. RNDr. Michal Ja\u0161\u010dur, CSc. Physics Biophysics full-time\u00a0form doc. Mgr. Daniel\u00a0Jancura, PhD. Chemistry Chemistry full-time\u00a0form doc. RNDr. Ivan Poto\u010d\u0148\u00e1k, PhD. Informatics Informatics full-time\u00a0form prof. RNDr. Viliam Geffert, DrSc. Applied Informatics Informatics full-time and part-time form &hellip; Continued\" \/>\n<meta property=\"og:url\" content=\"https:\/\/www.upjs.sk\/en\/university\/fields-of-study\/bachelors-study-faculty-of-science\/\" \/>\n<meta property=\"og:site_name\" content=\"UPJ\u0160 Ko\u0161ice\" \/>\n<meta property=\"article:publisher\" content=\"https:\/\/www.facebook.com\/UniverzitaPavlaJozefaSafarikaVkosiciach\/\" \/>\n<meta name=\"twitter:card\" content=\"summary_large_image\" \/>\n<meta name=\"twitter:site\" content=\"@UPJS_kosice\" \/>\n<meta name=\"twitter:label1\" content=\"Est. reading time\" \/>\n\t<meta name=\"twitter:data1\" content=\"3 minutes\" \/>\n<script type=\"application\/ld+json\" class=\"yoast-schema-graph\">{\"@context\":\"https:\\\/\\\/schema.org\",\"@graph\":[{\"@type\":\"WebPage\",\"@id\":\"https:\\\/\\\/www.upjs.sk\\\/en\\\/university\\\/fields-of-study\\\/bachelors-study-faculty-of-science\\\/\",\"url\":\"https:\\\/\\\/www.upjs.sk\\\/en\\\/university\\\/fields-of-study\\\/bachelors-study-faculty-of-science\\\/\",\"name\":\"Bachelor's study - Faculty of Science - UPJ\u0160 Ko\u0161ice\",\"isPartOf\":{\"@id\":\"https:\\\/\\\/www.upjs.sk\\\/en\\\/#website\"},\"datePublished\":\"2012-03-15T09:43:38+00:00\",\"breadcrumb\":{\"@id\":\"https:\\\/\\\/www.upjs.sk\\\/en\\\/university\\\/fields-of-study\\\/bachelors-study-faculty-of-science\\\/#breadcrumb\"},\"inLanguage\":\"en-US\",\"potentialAction\":[{\"@type\":\"ReadAction\",\"target\":[\"https:\\\/\\\/www.upjs.sk\\\/en\\\/university\\\/fields-of-study\\\/bachelors-study-faculty-of-science\\\/\"]}]},{\"@type\":\"BreadcrumbList\",\"@id\":\"https:\\\/\\\/www.upjs.sk\\\/en\\\/university\\\/fields-of-study\\\/bachelors-study-faculty-of-science\\\/#breadcrumb\",\"itemListElement\":[{\"@type\":\"ListItem\",\"position\":1,\"name\":\"Home\",\"item\":\"https:\\\/\\\/www.upjs.sk\\\/en\\\/\"},{\"@type\":\"ListItem\",\"position\":2,\"name\":\"University\",\"item\":\"https:\\\/\\\/www.upjs.sk\\\/en\\\/university\\\/\"},{\"@type\":\"ListItem\",\"position\":3,\"name\":\"Fields of Study\",\"item\":\"https:\\\/\\\/www.upjs.sk\\\/en\\\/university\\\/fields-of-study\\\/\"},{\"@type\":\"ListItem\",\"position\":4,\"name\":\"Bachelor&#8217;s study &#8211; Faculty of Science\"}]},{\"@type\":\"WebSite\",\"@id\":\"https:\\\/\\\/www.upjs.sk\\\/en\\\/#website\",\"url\":\"https:\\\/\\\/www.upjs.sk\\\/en\\\/\",\"name\":\"UPJ\u0160 Ko\u0161ice\",\"description\":\"Wisdom of the Past, Knowledge of the Present, Education of the Future\",\"publisher\":{\"@id\":\"https:\\\/\\\/www.upjs.sk\\\/en\\\/#organization\"},\"potentialAction\":[{\"@type\":\"SearchAction\",\"target\":{\"@type\":\"EntryPoint\",\"urlTemplate\":\"https:\\\/\\\/www.upjs.sk\\\/en\\\/?s={search_term_string}\"},\"query-input\":{\"@type\":\"PropertyValueSpecification\",\"valueRequired\":true,\"valueName\":\"search_term_string\"}}],\"inLanguage\":\"en-US\"},{\"@type\":\"Organization\",\"@id\":\"https:\\\/\\\/www.upjs.sk\\\/en\\\/#organization\",\"name\":\"UPJ\u0160 Ko\u0161ice\",\"url\":\"https:\\\/\\\/www.upjs.sk\\\/en\\\/\",\"logo\":{\"@type\":\"ImageObject\",\"inLanguage\":\"en-US\",\"@id\":\"https:\\\/\\\/www.upjs.sk\\\/en\\\/#\\\/schema\\\/logo\\\/image\\\/\",\"url\":\"https:\\\/\\\/www.upjs.sk\\\/app\\\/uploads\\\/2023\\\/01\\\/UPJS_ENG_esymbol.svg\",\"contentUrl\":\"https:\\\/\\\/www.upjs.sk\\\/app\\\/uploads\\\/2023\\\/01\\\/UPJS_ENG_esymbol.svg\",\"width\":448,\"height\":139,\"caption\":\"UPJ\u0160 Ko\u0161ice\"},\"image\":{\"@id\":\"https:\\\/\\\/www.upjs.sk\\\/en\\\/#\\\/schema\\\/logo\\\/image\\\/\"},\"sameAs\":[\"https:\\\/\\\/www.facebook.com\\\/UniverzitaPavlaJozefaSafarikaVkosiciach\\\/\",\"https:\\\/\\\/x.com\\\/UPJS_kosice\",\"https:\\\/\\\/www.instagram.com\\\/upjs_kosice\",\"https:\\\/\\\/www.linkedin.com\\\/company\\\/pavol-jozef-afrik-university-in-koice\\\/\"]}]}<\/script>\n<!-- \/ Yoast SEO plugin. -->","yoast_head_json":{"title":"Bachelor's study - Faculty of Science - UPJ\u0160 Ko\u0161ice","robots":{"index":"index","follow":"follow","max-snippet":"max-snippet:-1","max-image-preview":"max-image-preview:large","max-video-preview":"max-video-preview:-1"},"canonical":"https:\/\/www.upjs.sk\/en\/university\/fields-of-study\/bachelors-study-faculty-of-science\/","og_locale":"en_US","og_type":"article","og_title":"Bachelor's study - Faculty of Science - UPJ\u0160 Ko\u0161ice","og_description":"\u00a0 Study Programme Field of Study Guarantee Biology Biology full-time\u00a0form doc. RNDr. Zuzana Daxnerov\u00e1, PhD. Physics Physics (SL, EL) full-time\u00a0form prof. RNDr. Michal Ja\u0161\u010dur, CSc. Physics Biophysics full-time\u00a0form doc. Mgr. Daniel\u00a0Jancura, PhD. Chemistry Chemistry full-time\u00a0form doc. RNDr. Ivan Poto\u010d\u0148\u00e1k, PhD. Informatics Informatics full-time\u00a0form prof. RNDr. Viliam Geffert, DrSc. Applied Informatics Informatics full-time and part-time form &hellip; Continued","og_url":"https:\/\/www.upjs.sk\/en\/university\/fields-of-study\/bachelors-study-faculty-of-science\/","og_site_name":"UPJ\u0160 Ko\u0161ice","article_publisher":"https:\/\/www.facebook.com\/UniverzitaPavlaJozefaSafarikaVkosiciach\/","twitter_card":"summary_large_image","twitter_site":"@UPJS_kosice","twitter_misc":{"Est. reading time":"3 minutes"},"schema":{"@context":"https:\/\/schema.org","@graph":[{"@type":"WebPage","@id":"https:\/\/www.upjs.sk\/en\/university\/fields-of-study\/bachelors-study-faculty-of-science\/","url":"https:\/\/www.upjs.sk\/en\/university\/fields-of-study\/bachelors-study-faculty-of-science\/","name":"Bachelor's study - Faculty of Science - UPJ\u0160 Ko\u0161ice","isPartOf":{"@id":"https:\/\/www.upjs.sk\/en\/#website"},"datePublished":"2012-03-15T09:43:38+00:00","breadcrumb":{"@id":"https:\/\/www.upjs.sk\/en\/university\/fields-of-study\/bachelors-study-faculty-of-science\/#breadcrumb"},"inLanguage":"en-US","potentialAction":[{"@type":"ReadAction","target":["https:\/\/www.upjs.sk\/en\/university\/fields-of-study\/bachelors-study-faculty-of-science\/"]}]},{"@type":"BreadcrumbList","@id":"https:\/\/www.upjs.sk\/en\/university\/fields-of-study\/bachelors-study-faculty-of-science\/#breadcrumb","itemListElement":[{"@type":"ListItem","position":1,"name":"Home","item":"https:\/\/www.upjs.sk\/en\/"},{"@type":"ListItem","position":2,"name":"University","item":"https:\/\/www.upjs.sk\/en\/university\/"},{"@type":"ListItem","position":3,"name":"Fields of Study","item":"https:\/\/www.upjs.sk\/en\/university\/fields-of-study\/"},{"@type":"ListItem","position":4,"name":"Bachelor&#8217;s study &#8211; Faculty of Science"}]},{"@type":"WebSite","@id":"https:\/\/www.upjs.sk\/en\/#website","url":"https:\/\/www.upjs.sk\/en\/","name":"UPJ\u0160 Ko\u0161ice","description":"Wisdom of the Past, Knowledge of the Present, Education of the Future","publisher":{"@id":"https:\/\/www.upjs.sk\/en\/#organization"},"potentialAction":[{"@type":"SearchAction","target":{"@type":"EntryPoint","urlTemplate":"https:\/\/www.upjs.sk\/en\/?s={search_term_string}"},"query-input":{"@type":"PropertyValueSpecification","valueRequired":true,"valueName":"search_term_string"}}],"inLanguage":"en-US"},{"@type":"Organization","@id":"https:\/\/www.upjs.sk\/en\/#organization","name":"UPJ\u0160 Ko\u0161ice","url":"https:\/\/www.upjs.sk\/en\/","logo":{"@type":"ImageObject","inLanguage":"en-US","@id":"https:\/\/www.upjs.sk\/en\/#\/schema\/logo\/image\/","url":"https:\/\/www.upjs.sk\/app\/uploads\/2023\/01\/UPJS_ENG_esymbol.svg","contentUrl":"https:\/\/www.upjs.sk\/app\/uploads\/2023\/01\/UPJS_ENG_esymbol.svg","width":448,"height":139,"caption":"UPJ\u0160 Ko\u0161ice"},"image":{"@id":"https:\/\/www.upjs.sk\/en\/#\/schema\/logo\/image\/"},"sameAs":["https:\/\/www.facebook.com\/UniverzitaPavlaJozefaSafarikaVkosiciach\/","https:\/\/x.com\/UPJS_kosice","https:\/\/www.instagram.com\/upjs_kosice","https:\/\/www.linkedin.com\/company\/pavol-jozef-afrik-university-in-koice\/"]}]}},"_links":{"self":[{"href":"https:\/\/www.upjs.sk\/en\/wp-json\/wp\/v2\/pages\/41448","targetHints":{"allow":["GET"]}}],"collection":[{"href":"https:\/\/www.upjs.sk\/en\/wp-json\/wp\/v2\/pages"}],"about":[{"href":"https:\/\/www.upjs.sk\/en\/wp-json\/wp\/v2\/types\/page"}],"author":[{"embeddable":true,"href":"https:\/\/www.upjs.sk\/en\/wp-json\/wp\/v2\/users\/1"}],"replies":[{"embeddable":true,"href":"https:\/\/www.upjs.sk\/en\/wp-json\/wp\/v2\/comments?post=41448"}],"version-history":[{"count":0,"href":"https:\/\/www.upjs.sk\/en\/wp-json\/wp\/v2\/pages\/41448\/revisions"}],"up":[{"embeddable":true,"href":"https:\/\/www.upjs.sk\/en\/wp-json\/wp\/v2\/pages\/41300"}],"wp:attachment":[{"href":"https:\/\/www.upjs.sk\/en\/wp-json\/wp\/v2\/media?parent=41448"}],"wp:term":[{"taxonomy":"category","embeddable":true,"href":"https:\/\/www.upjs.sk\/en\/wp-json\/wp\/v2\/categories?post=41448"},{"taxonomy":"post_tag","embeddable":true,"href":"https:\/\/www.upjs.sk\/en\/wp-json\/wp\/v2\/tags?post=41448"}],"curies":[{"name":"wp","href":"https:\/\/api.w.org\/{rel}","templated":true}]}}