{"id":41450,"date":"2012-03-15T10:21:57","date_gmt":"2012-03-15T10:21:57","guid":{"rendered":"https:\/\/www.upjs.sk\/university\/fields-of-study-kat_id-2489\/masters-study-faculty-of-arts\/"},"modified":"2012-03-15T10:21:57","modified_gmt":"2012-03-15T10:21:57","slug":"masters-study-faculty-of-arts","status":"publish","type":"page","link":"https:\/\/www.upjs.sk\/en\/university\/fields-of-study\/masters-study-faculty-of-arts\/","title":{"rendered":"Master&#8217;s study &#8211; Faculty of Arts"},"content":{"rendered":"<p>\u00a0<\/p>\n<table align=\"center\" border=\"1\" cellpadding=\"2\" cellspacing=\"0\" style=\"width:95%\">\n<tbody>\n<tr>\n<td bgcolor=\"#cc9966\" style=\"vertical-align:center\" width=\"22%\">\n<div align=\"center\"><strong><span style=\"color:#ffffff\">Study Programme<\/span><\/strong><\/div>\n<\/td>\n<td bgcolor=\"#cc9966\" style=\"vertical-align:center\" width=\"30%\">\n<div align=\"center\"><strong><span style=\"color:#ffffff\">Field of Study<\/span><\/strong><\/div>\n<\/td>\n<td bgcolor=\"#cc9966\" style=\"vertical-align:center\" width=\"45%\">\n<div align=\"center\"><strong><span style=\"color:#ffffff\">Guarantee<\/span><\/strong><\/div>\n<\/td>\n<\/tr>\n<tr>\n<td style=\"vertical-align:top\" width=\"190\">Philosophy<\/td>\n<td style=\"vertical-align:top\" width=\"232\">Philosophy \t\t\t<\/p>\n<div align=\"left\"><span style=\"font-size:x-small\">full-time\u00a0form<\/span><\/div>\n<\/td>\n<td style=\"vertical-align:top\" width=\"296\">prof. PhDr. Eugen Andreansk\u00fd, PhD.<\/td>\n<\/tr>\n<tr>\n<td style=\"vertical-align:top\" width=\"190\">Social work<\/td>\n<td style=\"vertical-align:top\" width=\"232\">Social work<br \/> \t\t\t<span style=\"font-size:x-small\">full-time and part-time form<\/span><\/td>\n<td style=\"vertical-align:top\" width=\"296\">prof. PhDr. Eva \u017diakov\u00e1, CSc.<\/td>\n<\/tr>\n<tr>\n<td style=\"vertical-align:top\" width=\"190\">Social work &#8211; conversion programme<\/td>\n<td style=\"vertical-align:top\" width=\"232\">Social work<br \/> \t\t\t<span style=\"font-size:x-small\">full-time form<\/span><\/td>\n<td style=\"vertical-align:top\" width=\"296\">prof. PhDr. Eva \u017diakov\u00e1, CSc.<\/td>\n<\/tr>\n<tr>\n<td style=\"vertical-align:top\" width=\"190\">Political Sciences<\/td>\n<td style=\"vertical-align:top\" width=\"232\">Political Sciences<br \/> \t\t\t<span style=\"font-size:x-small\">full-time and part-time form<\/span><\/td>\n<td style=\"vertical-align:top\" width=\"296\">prof. PhDr. Marcela Gb\u00farov\u00e1, CSc.<\/td>\n<\/tr>\n<tr>\n<td style=\"vertical-align:top\" width=\"190\">\n<div align=\"left\">Psychology<br \/> \t\t\t(SL, EL)<\/div>\n<\/td>\n<td style=\"vertical-align:top\" width=\"232\">\n<div align=\"left\">Psychology<\/div>\n<div align=\"left\"><span style=\"font-size:x-small\">full-time\u00a0form<\/span><\/div>\n<\/td>\n<td style=\"vertical-align:top\" width=\"296\">\n<div align=\"left\">\n<p align=\"left\">prof. PhDr. Margita Mes\u00e1ro\u0161ov\u00e1, CSc.<\/p>\n<\/p><\/div>\n<\/td>\n<\/tr>\n<tr>\n<td style=\"vertical-align:top\" width=\"190\">History<\/td>\n<td style=\"vertical-align:top\" width=\"232\">Historical Sciences \t\t\t<\/p>\n<div align=\"left\"><span style=\"font-size:x-small\">full-time\u00a0form<\/span><\/div>\n<\/td>\n<td style=\"vertical-align:top\" width=\"296\">\n<p align=\"left\">prof. PaedDr. \u0160tefan \u0160utaj, DrSc.\u00a0<\/p>\n<\/td>\n<\/tr>\n<tr>\n<td style=\"vertical-align:top\" width=\"190\">\n<p align=\"left\">British and American Studies<\/p>\n<\/td>\n<td style=\"vertical-align:top\" width=\"232\">\n<p align=\"left\">Philology<br \/> \t\t\t<span style=\"font-size:x-small\">full-time and part-time form<\/span><\/p>\n<\/td>\n<td style=\"vertical-align:top\" width=\"296\">\n<p align=\"left\">prof. PaedDr. L\u00edvia K\u00f6rtv\u00e9lyessy, PhD.<\/p>\n<\/td>\n<\/tr>\n<tr>\n<td style=\"vertical-align:top\" width=\"190\">English Language for European Institutions and Economy<br \/> \t\t\t(SL, EL)<\/td>\n<td style=\"vertical-align:top\" width=\"232\">Philology \t\t\t<\/p>\n<div align=\"left\"><span style=\"font-size:x-small\">full-time\u00a0form<\/span><\/div>\n<\/td>\n<td style=\"vertical-align:top\" width=\"296\">prof. Myroslava Fabian, DrSc.<br \/> \t\t\t\u00a0<\/td>\n<\/tr>\n<tr>\n<td style=\"vertical-align:top\" width=\"190\">Mass-Media Studies<\/td>\n<td style=\"vertical-align:top\" width=\"232\">Media and Communication Studies<br \/> \t\t\t<span style=\"font-size:x-small\">full-time and part-time form<\/span><\/td>\n<td style=\"vertical-align:top\" width=\"296\">prof. PhDr. J\u00e1n Gb\u00far, PhD.<\/td>\n<\/tr>\n<tr>\n<td style=\"vertical-align:top\" width=\"190\">\n<p align=\"left\">Teaching of Slovak Language and Literature &#8211; teacher preparation programme (in combination)<\/p>\n<\/td>\n<td style=\"vertical-align:top\" width=\"232\">\n<p align=\"left\">Teacher Training and Education Science<br \/> \t\t\t<span style=\"font-size:x-small\">full-time\u00a0form<\/span><\/p>\n<\/td>\n<td style=\"vertical-align:top\" width=\"296\">\n<p align=\"left\">prof. PhDr. Mari\u00e1n Andri\u010d\u00edk, PhD.<br \/> \t\t\tprof. PhDr. O\u013ega Orosov\u00e1, CSc.<\/p>\n<\/td>\n<\/tr>\n<tr>\n<td style=\"vertical-align:top\" width=\"190\">\n<p align=\"left\">Teaching of English Language and Literature &#8211; teacher preparation programme (in combination)<br \/> \t\t\t(SL, EL)<\/p>\n<\/td>\n<td style=\"vertical-align:top\" width=\"232\">\n<p align=\"left\">Teacher Training and Education Science<br \/> \t\t\t<span style=\"font-size:x-small\">full-time\u00a0form<\/span><\/p>\n<\/td>\n<td style=\"vertical-align:top\" width=\"296\">\n<p align=\"left\">doc. Mgr. So\u0148a \u0160nircov\u00e1, PhD.<br \/> \t\t\tprof. PhDr. O\u013ega Orosov\u00e1, CSc.<\/p>\n<\/td>\n<\/tr>\n<tr>\n<td style=\"vertical-align:top\" width=\"190\">\n<p align=\"left\">Teaching of German Language and Literature &#8211; teacher preparation programme (in combination)<br \/> \t\t\t(SL, GL)<\/p>\n<\/td>\n<td style=\"vertical-align:top\" width=\"232\">\n<p align=\"left\">Teacher Training and Education Science<br \/> \t\t\t<span style=\"font-size:x-small\">full-time\u00a0form<\/span><\/p>\n<\/td>\n<td style=\"vertical-align:top\" width=\"296\">\n<p align=\"left\">doc. PhDr. Anna D\u017eambov\u00e1 PhD.<br \/> \t\t\tprof. PhDr. O\u013ega Orosov\u00e1, CSc.<\/p>\n<\/td>\n<\/tr>\n<tr>\n<td style=\"vertical-align:top\" width=\"190\">\n<p align=\"left\">Teaching of Latin Language and Literature &#8211; teacher preparation programme (in combination)<\/p>\n<\/td>\n<td style=\"vertical-align:top\" width=\"232\">\n<p align=\"left\">Teacher Training and Education Science<br \/> \t\t\t<span style=\"font-size:x-small\">full-time\u00a0form<\/span><\/p>\n<\/td>\n<td style=\"vertical-align:top\" width=\"296\">doc. Mgr. Jana Balegov\u00e1, PhD.<br \/> \t\t\tprof. PhDr. O\u013ega Orosov\u00e1, CSc.<\/td>\n<\/tr>\n<tr>\n<td style=\"vertical-align:top\" width=\"190\">\n<p align=\"left\">Teaching of Civic Education &#8211; teacher preparation programme (in combination)<\/p>\n<\/td>\n<td style=\"vertical-align:top\" width=\"232\">\n<p align=\"left\">Teacher Training and Education Science<br \/> \t\t\t<span style=\"font-size:x-small\">full-time\u00a0form<\/span><\/p>\n<\/td>\n<td style=\"vertical-align:top\" width=\"296\">doc. Mgr. R\u00f3bert Stojka, PhD.<br \/> \t\t\tprof. PhDr. O\u013ega Orosov\u00e1, CSc.\u00a0<\/td>\n<\/tr>\n<tr>\n<td style=\"vertical-align:top\" width=\"190\">\n<p align=\"left\">Teaching of Psychology &#8211; teacher preparation programme (in combination)<\/p>\n<\/td>\n<td style=\"vertical-align:top\" width=\"232\">\n<p align=\"left\">Teacher Training and Education Science<br \/> \t\t\t<span style=\"font-size:x-small\">full-time\u00a0form<\/span><\/p>\n<\/td>\n<td style=\"vertical-align:top\" width=\"296\">doc. PhDr. Be\u00e1ta Gajdo\u0161ov\u00e1, PhD.<br \/> \t\t\tprof. PhDr. O\u013ega Orosov\u00e1, CSc.<\/td>\n<\/tr>\n<tr>\n<td style=\"vertical-align:top\" width=\"190\">\n<p align=\"left\">Teaching of History &#8211; teacher preparation programme (in combination)<\/p>\n<\/td>\n<td style=\"vertical-align:top\" width=\"232\">\n<p align=\"left\">Teacher Training and Education Science<br \/> \t\t\t<span style=\"font-size:x-small\">full-time\u00a0form<\/span><\/p>\n<\/td>\n<td style=\"vertical-align:top\" width=\"296\">prof. PaedDr. Martin Pek\u00e1r, PhD.<br \/> \t\t\tprof. PhDr. O\u013ega Orosov\u00e1, CSc.<\/td>\n<\/tr>\n<tr>\n<td style=\"vertical-align:top\" width=\"190\">Teaching of Ethics &#8211; teacher preparation programme (in combination)<\/td>\n<td style=\"vertical-align:top\" width=\"232\">Teacher Training and Education Science<br \/> \t\t\t<span style=\"font-size:x-small\">full-time\u00a0form<\/span><\/td>\n<td style=\"vertical-align:top\" width=\"296\">Dr. h. c. prof. Dr. Josef Dolista, PhD., LL.M.<br \/> \t\t\tprof. PhDr. O\u013ega Orosov\u00e1, CSc.<\/td>\n<\/tr>\n<\/tbody>\n<\/table>\n<p><strong>\u00a0<\/strong><\/p>\n","protected":false},"excerpt":{"rendered":"<p>\u00a0 Study Programme Field of Study Guarantee Philosophy Philosophy full-time\u00a0form prof. PhDr. Eugen Andreansk\u00fd, PhD. Social work Social work full-time and part-time form prof. PhDr. Eva \u017diakov\u00e1, CSc. Social work &#8211; conversion programme Social work full-time form prof. PhDr. Eva \u017diakov\u00e1, CSc. Political Sciences Political Sciences full-time and part-time form prof. PhDr. Marcela Gb\u00farov\u00e1, CSc. &hellip; <a href=\"https:\/\/www.upjs.sk\/en\/university\/fields-of-study\/masters-study-faculty-of-arts\/\">Continued<\/a><\/p>\n","protected":false},"author":1,"featured_media":0,"parent":41300,"menu_order":10,"comment_status":"closed","ping_status":"closed","template":"","meta":{"_acf_changed":false,"_editorskit_title_hidden":false,"_editorskit_reading_time":0,"_editorskit_is_block_options_detached":false,"_editorskit_block_options_position":"{}","footnotes":""},"categories":[],"tags":[],"class_list":["post-41450","page","type-page","status-publish","hentry"],"acf":{"acf_link_na_externy_obsah":""},"yoast_head":"<!-- This site is optimized with the Yoast SEO plugin v27.2 - https:\/\/yoast.com\/product\/yoast-seo-wordpress\/ -->\n<title>Master&#039;s study - Faculty of Arts - UPJ\u0160 Ko\u0161ice<\/title>\n<meta name=\"robots\" content=\"index, follow, max-snippet:-1, max-image-preview:large, max-video-preview:-1\" \/>\n<link rel=\"canonical\" href=\"https:\/\/www.upjs.sk\/en\/university\/fields-of-study\/masters-study-faculty-of-arts\/\" \/>\n<meta property=\"og:locale\" content=\"en_US\" \/>\n<meta property=\"og:type\" content=\"article\" \/>\n<meta property=\"og:title\" content=\"Master&#039;s study - Faculty of Arts - UPJ\u0160 Ko\u0161ice\" \/>\n<meta property=\"og:description\" content=\"\u00a0 Study Programme Field of Study Guarantee Philosophy Philosophy full-time\u00a0form prof. PhDr. Eugen Andreansk\u00fd, PhD. Social work Social work full-time and part-time form prof. PhDr. Eva \u017diakov\u00e1, CSc. Social work &#8211; conversion programme Social work full-time form prof. PhDr. Eva \u017diakov\u00e1, CSc. Political Sciences Political Sciences full-time and part-time form prof. PhDr. Marcela Gb\u00farov\u00e1, CSc. &hellip; Continued\" \/>\n<meta property=\"og:url\" content=\"https:\/\/www.upjs.sk\/en\/university\/fields-of-study\/masters-study-faculty-of-arts\/\" \/>\n<meta property=\"og:site_name\" content=\"UPJ\u0160 Ko\u0161ice\" \/>\n<meta property=\"article:publisher\" content=\"https:\/\/www.facebook.com\/UniverzitaPavlaJozefaSafarikaVkosiciach\/\" \/>\n<meta name=\"twitter:card\" content=\"summary_large_image\" \/>\n<meta name=\"twitter:site\" content=\"@UPJS_kosice\" \/>\n<meta name=\"twitter:label1\" content=\"Est. reading time\" \/>\n\t<meta name=\"twitter:data1\" content=\"2 minutes\" \/>\n<script type=\"application\/ld+json\" class=\"yoast-schema-graph\">{\"@context\":\"https:\/\/schema.org\",\"@graph\":[{\"@type\":\"WebPage\",\"@id\":\"https:\/\/www.upjs.sk\/en\/university\/fields-of-study\/masters-study-faculty-of-arts\/\",\"url\":\"https:\/\/www.upjs.sk\/en\/university\/fields-of-study\/masters-study-faculty-of-arts\/\",\"name\":\"Master's study - Faculty of Arts - UPJ\u0160 Ko\u0161ice\",\"isPartOf\":{\"@id\":\"https:\/\/www.upjs.sk\/en\/#website\"},\"datePublished\":\"2012-03-15T10:21:57+00:00\",\"breadcrumb\":{\"@id\":\"https:\/\/www.upjs.sk\/en\/university\/fields-of-study\/masters-study-faculty-of-arts\/#breadcrumb\"},\"inLanguage\":\"en-US\",\"potentialAction\":[{\"@type\":\"ReadAction\",\"target\":[\"https:\/\/www.upjs.sk\/en\/university\/fields-of-study\/masters-study-faculty-of-arts\/\"]}]},{\"@type\":\"BreadcrumbList\",\"@id\":\"https:\/\/www.upjs.sk\/en\/university\/fields-of-study\/masters-study-faculty-of-arts\/#breadcrumb\",\"itemListElement\":[{\"@type\":\"ListItem\",\"position\":1,\"name\":\"Home\",\"item\":\"https:\/\/www.upjs.sk\/en\/\"},{\"@type\":\"ListItem\",\"position\":2,\"name\":\"University\",\"item\":\"https:\/\/www.upjs.sk\/en\/university\/\"},{\"@type\":\"ListItem\",\"position\":3,\"name\":\"Fields of Study\",\"item\":\"https:\/\/www.upjs.sk\/en\/university\/fields-of-study\/\"},{\"@type\":\"ListItem\",\"position\":4,\"name\":\"Master&#8217;s study &#8211; Faculty of Arts\"}]},{\"@type\":\"WebSite\",\"@id\":\"https:\/\/www.upjs.sk\/en\/#website\",\"url\":\"https:\/\/www.upjs.sk\/en\/\",\"name\":\"UPJ\u0160 Ko\u0161ice\",\"description\":\"Wisdom of the Past, Knowledge of the Present, Education of the Future\",\"publisher\":{\"@id\":\"https:\/\/www.upjs.sk\/en\/#organization\"},\"potentialAction\":[{\"@type\":\"SearchAction\",\"target\":{\"@type\":\"EntryPoint\",\"urlTemplate\":\"https:\/\/www.upjs.sk\/en\/?s={search_term_string}\"},\"query-input\":{\"@type\":\"PropertyValueSpecification\",\"valueRequired\":true,\"valueName\":\"search_term_string\"}}],\"inLanguage\":\"en-US\"},{\"@type\":\"Organization\",\"@id\":\"https:\/\/www.upjs.sk\/en\/#organization\",\"name\":\"UPJ\u0160 Ko\u0161ice\",\"url\":\"https:\/\/www.upjs.sk\/en\/\",\"logo\":{\"@type\":\"ImageObject\",\"inLanguage\":\"en-US\",\"@id\":\"https:\/\/www.upjs.sk\/en\/#\/schema\/logo\/image\/\",\"url\":\"https:\/\/www.upjs.sk\/app\/uploads\/2023\/01\/UPJS_ENG_esymbol.svg\",\"contentUrl\":\"https:\/\/www.upjs.sk\/app\/uploads\/2023\/01\/UPJS_ENG_esymbol.svg\",\"width\":448,\"height\":139,\"caption\":\"UPJ\u0160 Ko\u0161ice\"},\"image\":{\"@id\":\"https:\/\/www.upjs.sk\/en\/#\/schema\/logo\/image\/\"},\"sameAs\":[\"https:\/\/www.facebook.com\/UniverzitaPavlaJozefaSafarikaVkosiciach\/\",\"https:\/\/x.com\/UPJS_kosice\",\"https:\/\/www.instagram.com\/upjs_kosice\",\"https:\/\/www.linkedin.com\/company\/pavol-jozef-afrik-university-in-koice\/\"]}]}<\/script>\n<!-- \/ Yoast SEO plugin. -->","yoast_head_json":{"title":"Master's study - Faculty of Arts - UPJ\u0160 Ko\u0161ice","robots":{"index":"index","follow":"follow","max-snippet":"max-snippet:-1","max-image-preview":"max-image-preview:large","max-video-preview":"max-video-preview:-1"},"canonical":"https:\/\/www.upjs.sk\/en\/university\/fields-of-study\/masters-study-faculty-of-arts\/","og_locale":"en_US","og_type":"article","og_title":"Master's study - Faculty of Arts - UPJ\u0160 Ko\u0161ice","og_description":"\u00a0 Study Programme Field of Study Guarantee Philosophy Philosophy full-time\u00a0form prof. PhDr. Eugen Andreansk\u00fd, PhD. Social work Social work full-time and part-time form prof. PhDr. Eva \u017diakov\u00e1, CSc. Social work &#8211; conversion programme Social work full-time form prof. PhDr. Eva \u017diakov\u00e1, CSc. Political Sciences Political Sciences full-time and part-time form prof. PhDr. Marcela Gb\u00farov\u00e1, CSc. &hellip; Continued","og_url":"https:\/\/www.upjs.sk\/en\/university\/fields-of-study\/masters-study-faculty-of-arts\/","og_site_name":"UPJ\u0160 Ko\u0161ice","article_publisher":"https:\/\/www.facebook.com\/UniverzitaPavlaJozefaSafarikaVkosiciach\/","twitter_card":"summary_large_image","twitter_site":"@UPJS_kosice","twitter_misc":{"Est. reading time":"2 minutes"},"schema":{"@context":"https:\/\/schema.org","@graph":[{"@type":"WebPage","@id":"https:\/\/www.upjs.sk\/en\/university\/fields-of-study\/masters-study-faculty-of-arts\/","url":"https:\/\/www.upjs.sk\/en\/university\/fields-of-study\/masters-study-faculty-of-arts\/","name":"Master's study - Faculty of Arts - UPJ\u0160 Ko\u0161ice","isPartOf":{"@id":"https:\/\/www.upjs.sk\/en\/#website"},"datePublished":"2012-03-15T10:21:57+00:00","breadcrumb":{"@id":"https:\/\/www.upjs.sk\/en\/university\/fields-of-study\/masters-study-faculty-of-arts\/#breadcrumb"},"inLanguage":"en-US","potentialAction":[{"@type":"ReadAction","target":["https:\/\/www.upjs.sk\/en\/university\/fields-of-study\/masters-study-faculty-of-arts\/"]}]},{"@type":"BreadcrumbList","@id":"https:\/\/www.upjs.sk\/en\/university\/fields-of-study\/masters-study-faculty-of-arts\/#breadcrumb","itemListElement":[{"@type":"ListItem","position":1,"name":"Home","item":"https:\/\/www.upjs.sk\/en\/"},{"@type":"ListItem","position":2,"name":"University","item":"https:\/\/www.upjs.sk\/en\/university\/"},{"@type":"ListItem","position":3,"name":"Fields of Study","item":"https:\/\/www.upjs.sk\/en\/university\/fields-of-study\/"},{"@type":"ListItem","position":4,"name":"Master&#8217;s study &#8211; Faculty of Arts"}]},{"@type":"WebSite","@id":"https:\/\/www.upjs.sk\/en\/#website","url":"https:\/\/www.upjs.sk\/en\/","name":"UPJ\u0160 Ko\u0161ice","description":"Wisdom of the Past, Knowledge of the Present, Education of the Future","publisher":{"@id":"https:\/\/www.upjs.sk\/en\/#organization"},"potentialAction":[{"@type":"SearchAction","target":{"@type":"EntryPoint","urlTemplate":"https:\/\/www.upjs.sk\/en\/?s={search_term_string}"},"query-input":{"@type":"PropertyValueSpecification","valueRequired":true,"valueName":"search_term_string"}}],"inLanguage":"en-US"},{"@type":"Organization","@id":"https:\/\/www.upjs.sk\/en\/#organization","name":"UPJ\u0160 Ko\u0161ice","url":"https:\/\/www.upjs.sk\/en\/","logo":{"@type":"ImageObject","inLanguage":"en-US","@id":"https:\/\/www.upjs.sk\/en\/#\/schema\/logo\/image\/","url":"https:\/\/www.upjs.sk\/app\/uploads\/2023\/01\/UPJS_ENG_esymbol.svg","contentUrl":"https:\/\/www.upjs.sk\/app\/uploads\/2023\/01\/UPJS_ENG_esymbol.svg","width":448,"height":139,"caption":"UPJ\u0160 Ko\u0161ice"},"image":{"@id":"https:\/\/www.upjs.sk\/en\/#\/schema\/logo\/image\/"},"sameAs":["https:\/\/www.facebook.com\/UniverzitaPavlaJozefaSafarikaVkosiciach\/","https:\/\/x.com\/UPJS_kosice","https:\/\/www.instagram.com\/upjs_kosice","https:\/\/www.linkedin.com\/company\/pavol-jozef-afrik-university-in-koice\/"]}]}},"_links":{"self":[{"href":"https:\/\/www.upjs.sk\/en\/wp-json\/wp\/v2\/pages\/41450","targetHints":{"allow":["GET"]}}],"collection":[{"href":"https:\/\/www.upjs.sk\/en\/wp-json\/wp\/v2\/pages"}],"about":[{"href":"https:\/\/www.upjs.sk\/en\/wp-json\/wp\/v2\/types\/page"}],"author":[{"embeddable":true,"href":"https:\/\/www.upjs.sk\/en\/wp-json\/wp\/v2\/users\/1"}],"replies":[{"embeddable":true,"href":"https:\/\/www.upjs.sk\/en\/wp-json\/wp\/v2\/comments?post=41450"}],"version-history":[{"count":0,"href":"https:\/\/www.upjs.sk\/en\/wp-json\/wp\/v2\/pages\/41450\/revisions"}],"up":[{"embeddable":true,"href":"https:\/\/www.upjs.sk\/en\/wp-json\/wp\/v2\/pages\/41300"}],"wp:attachment":[{"href":"https:\/\/www.upjs.sk\/en\/wp-json\/wp\/v2\/media?parent=41450"}],"wp:term":[{"taxonomy":"category","embeddable":true,"href":"https:\/\/www.upjs.sk\/en\/wp-json\/wp\/v2\/categories?post=41450"},{"taxonomy":"post_tag","embeddable":true,"href":"https:\/\/www.upjs.sk\/en\/wp-json\/wp\/v2\/tags?post=41450"}],"curies":[{"name":"wp","href":"https:\/\/api.w.org\/{rel}","templated":true}]}}