{"id":41451,"date":"2012-03-15T11:08:43","date_gmt":"2012-03-15T11:08:43","guid":{"rendered":"https:\/\/www.upjs.sk\/university\/fields-of-study-kat_id-2489\/phd-study-faculty-of-science\/"},"modified":"2012-03-15T11:08:43","modified_gmt":"2012-03-15T11:08:43","slug":"phd-study-faculty-of-science","status":"publish","type":"page","link":"https:\/\/www.upjs.sk\/en\/university\/fields-of-study\/phd-study-faculty-of-science\/","title":{"rendered":"PhD study &#8211; Faculty of Science"},"content":{"rendered":"<table align=\"center\" border=\"1\" cellpadding=\"2\" cellspacing=\"0\" class=\"mce-item-table\" data-mce-selected=\"1\" style=\"width:100%\">\n<tbody>\n<tr>\n<td style=\"background-color:#ffcc99; text-align:center; width:20%\"><strong>Field of Study<\/strong><\/td>\n<td style=\"background-color:#ffcc99; text-align:center; width:40%\"><strong>Study Programme<\/strong><\/td>\n<td style=\"background-color:#ffcc99; text-align:center; width:40%\"><strong>Guarantee<\/strong><\/td>\n<\/tr>\n<tr>\n<td>Biology<\/td>\n<td>Plant Physiology<br \/> \t\t\t<span style=\"font-size:11px\">full-time and part-time form<\/span><\/td>\n<td width=\"185\">prof. RNDr. Martin Ba\u010dkor, DrSc.<\/td>\n<\/tr>\n<tr>\n<td>Biology<\/td>\n<td>Animal Physiology<br \/> \t\t\t<span style=\"font-size:11px\">full-time and part-time form<\/span><\/td>\n<td>prof. RNDr. Be\u0148adik \u0160majda, CSc.<\/td>\n<\/tr>\n<tr>\n<td>Biology<\/td>\n<td>Genetics<br \/> \t\t\t<span style=\"font-size:11px\">full-time and part-time form<\/span><\/td>\n<td>prof. RNDr. Eva \u010cell\u00e1rov\u00e1, DrSc.<\/td>\n<\/tr>\n<tr>\n<td>Biology<\/td>\n<td>Molecular Cytology<br \/> \t\t\t<span style=\"font-size:11px\">full-time and part-time form<\/span><\/td>\n<td>prof. RNDr. Peter Fedoro\u010dko, CSc.<\/td>\n<\/tr>\n<tr>\n<td>Ecological and Environmental Sciences<\/td>\n<td>General Ecology and Ecology of Individuals and Populations<br \/> \t\t\t<span style=\"font-size:11px\">full-time and part-time form<\/span><\/td>\n<td>prof. RNDr. \u013dubom\u00edr Kov\u00e1\u010d, CSc.<\/td>\n<\/tr>\n<tr>\n<td>Physics<\/td>\n<td>Astrophysics<br \/> \t\t\t<span style=\"font-size:11px\">full-time and part-time form<\/span><\/td>\n<td>prof. RNDr. Michal Hnati\u010d, DrSc.<\/td>\n<\/tr>\n<tr>\n<td>Physics<\/td>\n<td>Biophysics<br \/> \t\t\t<span style=\"font-size:11px\">full-time and part-time form<\/span><\/td>\n<td>prof. RNDr. Pavol Mi\u0161kovsk\u00fd, DrSc.<\/td>\n<\/tr>\n<tr>\n<td>Physics<\/td>\n<td>Physics of Condensed Matter<br \/> \t\t\t<span style=\"font-size:11px\">full-time and part-time form<\/span><\/td>\n<td>prof. Ing. Martin Orend\u00e1\u010d, CSc.<\/td>\n<\/tr>\n<tr>\n<td>Physics<\/td>\n<td>Nuclear and Subnuclear Physics<br \/> \t\t\t<span style=\"font-size:11px\">full-time and part-time form<\/span><\/td>\n<td>prof. RNDr. Stanislav Vok\u00e1l, DrSc.<\/td>\n<\/tr>\n<tr>\n<td>Physics<\/td>\n<td>Advanced Materials<br \/> \t\t\t<span style=\"font-size:11px\">full-time and part-time form<\/span><\/td>\n<td>prof. RNDr. Pavol Sov\u00e1k, CSc.<\/td>\n<\/tr>\n<tr>\n<td>Physics<\/td>\n<td>Theoretical Physics<br \/> \t\t\t<span style=\"font-size:11px\">full-time and part-time form<\/span><\/td>\n<td>prof. RNDr. Michal Ja\u0161\u010dur, CSc.<\/td>\n<\/tr>\n<tr>\n<td>Physics<\/td>\n<td>Teaching theory of physics<br \/> \t\t\t<span style=\"font-size:11px\">full-time and part-time form<\/span><\/td>\n<td>prof. RNDr. Peter Koll\u00e1r, DrSc.<\/td>\n<\/tr>\n<tr>\n<td>Chemistry<\/td>\n<td>Analytical Chemistry<br \/> \t\t\t<span style=\"font-size:11px\">full-time and part-time form<\/span><\/td>\n<td>prof. Dr. Yaroslav Baze\u013e, DrSc.<\/td>\n<\/tr>\n<tr>\n<td>Chemistry<\/td>\n<td>Inorganic Chemistry<br \/> \t\t\t<span style=\"font-size:11px\">full-time and part-time form<\/span><\/td>\n<td>prof. RNDr. Juraj \u010cern\u00e1k, DrSc.<\/td>\n<\/tr>\n<tr>\n<td>Chemistry<\/td>\n<td>Biochemistry<br \/> \t\t\t<span style=\"font-size:11px\">full-time and part-time form<\/span><\/td>\n<td>prof. Ing. Mari\u00e1n Antal\u00edk, DrSc.<\/td>\n<\/tr>\n<tr>\n<td>Chemistry<\/td>\n<td>Physical Chemistry<br \/> \t\t\t<span style=\"font-size:11px\">full-time and part-time form<\/span><\/td>\n<td>prof. RNDr. Andrej Ori\u0148\u00e1k, PhD.<\/td>\n<\/tr>\n<tr>\n<td>Chemistry<\/td>\n<td>Organic Chemistry<br \/> \t\t\t<span style=\"font-size:11px\">full-time and part-time form<\/span><\/td>\n<td>doc. RNDr. J\u00e1n Imrich, CSc.<br \/> \t\t\tdoc. RNDr. Miroslava Martinkov\u00e1, PhD.<\/td>\n<\/tr>\n<tr>\n<td>Computer Science<\/td>\n<td>Informatics<br \/> \t\t\t<span style=\"font-size:11px\">full-time and part-time form<\/span><\/td>\n<td>prof. RNDr. Viliam Geffert, DrSc.<\/td>\n<\/tr>\n<tr>\n<td>Mathematics<\/td>\n<td>Applied Mathematics<br \/> \t\t\t<span style=\"font-size:11px\">full-time and part-time form<\/span><\/td>\n<td>prof. RNDr. Katar\u00edna Cechl\u00e1rov\u00e1, DrSc.<\/td>\n<\/tr>\n<tr>\n<td>Mathematics<\/td>\n<td>Discrete mathematics<br \/> \t\t\t<span style=\"font-size:11px\">full-time and part-time form<\/span><\/td>\n<td>prof. RNDr. Mirko Hor\u0148\u00e1k, CSc.<\/td>\n<\/tr>\n<tr>\n<td>Mathematics<\/td>\n<td>Theory and Practice in Mathematics Teaching<br \/> \t\t\t<span style=\"font-size:11px\">full-time and part-time form<\/span><\/td>\n<td>prof. RNDr. Jozef Dobo\u0161, CSc.<\/td>\n<\/tr>\n<tr>\n<td>Earth Sciences<\/td>\n<td>Geoinformatics and Remote Sensing<br \/> \t\t\t<span style=\"font-size:11px\">full-time and part-time form<\/span><\/td>\n<td>prof. Mgr. Jaroslav Hofierka, PhD.<\/td>\n<\/tr>\n<\/tbody>\n<\/table>\n","protected":false},"excerpt":{"rendered":"<p>Field of Study Study Programme Guarantee Biology Plant Physiology full-time and part-time form prof. RNDr. Martin Ba\u010dkor, DrSc. Biology Animal Physiology full-time and part-time form prof. RNDr. Be\u0148adik \u0160majda, CSc. Biology Genetics full-time and part-time form prof. RNDr. Eva \u010cell\u00e1rov\u00e1, DrSc. Biology Molecular Cytology full-time and part-time form prof. RNDr. Peter Fedoro\u010dko, CSc. Ecological and &hellip; <a href=\"https:\/\/www.upjs.sk\/en\/university\/fields-of-study\/phd-study-faculty-of-science\/\">Continued<\/a><\/p>\n","protected":false},"author":1,"featured_media":0,"parent":41300,"menu_order":11,"comment_status":"closed","ping_status":"closed","template":"","meta":{"_acf_changed":false,"_editorskit_title_hidden":false,"_editorskit_reading_time":0,"_editorskit_is_block_options_detached":false,"_editorskit_block_options_position":"{}","footnotes":""},"categories":[],"tags":[],"class_list":["post-41451","page","type-page","status-publish","hentry"],"acf":{"acf_link_na_externy_obsah":""},"yoast_head":"<!-- This site is optimized with the Yoast SEO plugin v27.4 - https:\/\/yoast.com\/product\/yoast-seo-wordpress\/ -->\n<title>PhD study - Faculty of Science - UPJ\u0160 Ko\u0161ice<\/title>\n<meta name=\"robots\" content=\"index, follow, max-snippet:-1, max-image-preview:large, max-video-preview:-1\" \/>\n<link rel=\"canonical\" href=\"https:\/\/www.upjs.sk\/en\/university\/fields-of-study\/phd-study-faculty-of-science\/\" \/>\n<meta property=\"og:locale\" content=\"en_US\" \/>\n<meta property=\"og:type\" content=\"article\" \/>\n<meta property=\"og:title\" content=\"PhD study - Faculty of Science - UPJ\u0160 Ko\u0161ice\" \/>\n<meta property=\"og:description\" content=\"Field of Study Study Programme Guarantee Biology Plant Physiology full-time and part-time form prof. RNDr. Martin Ba\u010dkor, DrSc. Biology Animal Physiology full-time and part-time form prof. RNDr. Be\u0148adik \u0160majda, CSc. Biology Genetics full-time and part-time form prof. RNDr. Eva \u010cell\u00e1rov\u00e1, DrSc. Biology Molecular Cytology full-time and part-time form prof. RNDr. Peter Fedoro\u010dko, CSc. Ecological and &hellip; Continued\" \/>\n<meta property=\"og:url\" content=\"https:\/\/www.upjs.sk\/en\/university\/fields-of-study\/phd-study-faculty-of-science\/\" \/>\n<meta property=\"og:site_name\" content=\"UPJ\u0160 Ko\u0161ice\" \/>\n<meta property=\"article:publisher\" content=\"https:\/\/www.facebook.com\/UniverzitaPavlaJozefaSafarikaVkosiciach\/\" \/>\n<meta name=\"twitter:card\" content=\"summary_large_image\" \/>\n<meta name=\"twitter:site\" content=\"@UPJS_kosice\" \/>\n<meta name=\"twitter:label1\" content=\"Est. reading time\" \/>\n\t<meta name=\"twitter:data1\" content=\"2 minutes\" \/>\n<script type=\"application\/ld+json\" class=\"yoast-schema-graph\">{\"@context\":\"https:\\\/\\\/schema.org\",\"@graph\":[{\"@type\":\"WebPage\",\"@id\":\"https:\\\/\\\/www.upjs.sk\\\/en\\\/university\\\/fields-of-study\\\/phd-study-faculty-of-science\\\/\",\"url\":\"https:\\\/\\\/www.upjs.sk\\\/en\\\/university\\\/fields-of-study\\\/phd-study-faculty-of-science\\\/\",\"name\":\"PhD study - Faculty of Science - UPJ\u0160 Ko\u0161ice\",\"isPartOf\":{\"@id\":\"https:\\\/\\\/www.upjs.sk\\\/en\\\/#website\"},\"datePublished\":\"2012-03-15T11:08:43+00:00\",\"breadcrumb\":{\"@id\":\"https:\\\/\\\/www.upjs.sk\\\/en\\\/university\\\/fields-of-study\\\/phd-study-faculty-of-science\\\/#breadcrumb\"},\"inLanguage\":\"en-US\",\"potentialAction\":[{\"@type\":\"ReadAction\",\"target\":[\"https:\\\/\\\/www.upjs.sk\\\/en\\\/university\\\/fields-of-study\\\/phd-study-faculty-of-science\\\/\"]}]},{\"@type\":\"BreadcrumbList\",\"@id\":\"https:\\\/\\\/www.upjs.sk\\\/en\\\/university\\\/fields-of-study\\\/phd-study-faculty-of-science\\\/#breadcrumb\",\"itemListElement\":[{\"@type\":\"ListItem\",\"position\":1,\"name\":\"Home\",\"item\":\"https:\\\/\\\/www.upjs.sk\\\/en\\\/\"},{\"@type\":\"ListItem\",\"position\":2,\"name\":\"University\",\"item\":\"https:\\\/\\\/www.upjs.sk\\\/en\\\/university\\\/\"},{\"@type\":\"ListItem\",\"position\":3,\"name\":\"Fields of Study\",\"item\":\"https:\\\/\\\/www.upjs.sk\\\/en\\\/university\\\/fields-of-study\\\/\"},{\"@type\":\"ListItem\",\"position\":4,\"name\":\"PhD study &#8211; Faculty of Science\"}]},{\"@type\":\"WebSite\",\"@id\":\"https:\\\/\\\/www.upjs.sk\\\/en\\\/#website\",\"url\":\"https:\\\/\\\/www.upjs.sk\\\/en\\\/\",\"name\":\"UPJ\u0160 Ko\u0161ice\",\"description\":\"Wisdom of the Past, Knowledge of the Present, Education of the Future\",\"publisher\":{\"@id\":\"https:\\\/\\\/www.upjs.sk\\\/en\\\/#organization\"},\"potentialAction\":[{\"@type\":\"SearchAction\",\"target\":{\"@type\":\"EntryPoint\",\"urlTemplate\":\"https:\\\/\\\/www.upjs.sk\\\/en\\\/?s={search_term_string}\"},\"query-input\":{\"@type\":\"PropertyValueSpecification\",\"valueRequired\":true,\"valueName\":\"search_term_string\"}}],\"inLanguage\":\"en-US\"},{\"@type\":\"Organization\",\"@id\":\"https:\\\/\\\/www.upjs.sk\\\/en\\\/#organization\",\"name\":\"UPJ\u0160 Ko\u0161ice\",\"url\":\"https:\\\/\\\/www.upjs.sk\\\/en\\\/\",\"logo\":{\"@type\":\"ImageObject\",\"inLanguage\":\"en-US\",\"@id\":\"https:\\\/\\\/www.upjs.sk\\\/en\\\/#\\\/schema\\\/logo\\\/image\\\/\",\"url\":\"https:\\\/\\\/www.upjs.sk\\\/app\\\/uploads\\\/2023\\\/01\\\/UPJS_ENG_esymbol.svg\",\"contentUrl\":\"https:\\\/\\\/www.upjs.sk\\\/app\\\/uploads\\\/2023\\\/01\\\/UPJS_ENG_esymbol.svg\",\"width\":448,\"height\":139,\"caption\":\"UPJ\u0160 Ko\u0161ice\"},\"image\":{\"@id\":\"https:\\\/\\\/www.upjs.sk\\\/en\\\/#\\\/schema\\\/logo\\\/image\\\/\"},\"sameAs\":[\"https:\\\/\\\/www.facebook.com\\\/UniverzitaPavlaJozefaSafarikaVkosiciach\\\/\",\"https:\\\/\\\/x.com\\\/UPJS_kosice\",\"https:\\\/\\\/www.instagram.com\\\/upjs_kosice\",\"https:\\\/\\\/www.linkedin.com\\\/company\\\/pavol-jozef-afrik-university-in-koice\\\/\"]}]}<\/script>\n<!-- \/ Yoast SEO plugin. -->","yoast_head_json":{"title":"PhD study - Faculty of Science - UPJ\u0160 Ko\u0161ice","robots":{"index":"index","follow":"follow","max-snippet":"max-snippet:-1","max-image-preview":"max-image-preview:large","max-video-preview":"max-video-preview:-1"},"canonical":"https:\/\/www.upjs.sk\/en\/university\/fields-of-study\/phd-study-faculty-of-science\/","og_locale":"en_US","og_type":"article","og_title":"PhD study - Faculty of Science - UPJ\u0160 Ko\u0161ice","og_description":"Field of Study Study Programme Guarantee Biology Plant Physiology full-time and part-time form prof. RNDr. Martin Ba\u010dkor, DrSc. Biology Animal Physiology full-time and part-time form prof. RNDr. Be\u0148adik \u0160majda, CSc. Biology Genetics full-time and part-time form prof. RNDr. Eva \u010cell\u00e1rov\u00e1, DrSc. Biology Molecular Cytology full-time and part-time form prof. RNDr. Peter Fedoro\u010dko, CSc. Ecological and &hellip; Continued","og_url":"https:\/\/www.upjs.sk\/en\/university\/fields-of-study\/phd-study-faculty-of-science\/","og_site_name":"UPJ\u0160 Ko\u0161ice","article_publisher":"https:\/\/www.facebook.com\/UniverzitaPavlaJozefaSafarikaVkosiciach\/","twitter_card":"summary_large_image","twitter_site":"@UPJS_kosice","twitter_misc":{"Est. reading time":"2 minutes"},"schema":{"@context":"https:\/\/schema.org","@graph":[{"@type":"WebPage","@id":"https:\/\/www.upjs.sk\/en\/university\/fields-of-study\/phd-study-faculty-of-science\/","url":"https:\/\/www.upjs.sk\/en\/university\/fields-of-study\/phd-study-faculty-of-science\/","name":"PhD study - Faculty of Science - UPJ\u0160 Ko\u0161ice","isPartOf":{"@id":"https:\/\/www.upjs.sk\/en\/#website"},"datePublished":"2012-03-15T11:08:43+00:00","breadcrumb":{"@id":"https:\/\/www.upjs.sk\/en\/university\/fields-of-study\/phd-study-faculty-of-science\/#breadcrumb"},"inLanguage":"en-US","potentialAction":[{"@type":"ReadAction","target":["https:\/\/www.upjs.sk\/en\/university\/fields-of-study\/phd-study-faculty-of-science\/"]}]},{"@type":"BreadcrumbList","@id":"https:\/\/www.upjs.sk\/en\/university\/fields-of-study\/phd-study-faculty-of-science\/#breadcrumb","itemListElement":[{"@type":"ListItem","position":1,"name":"Home","item":"https:\/\/www.upjs.sk\/en\/"},{"@type":"ListItem","position":2,"name":"University","item":"https:\/\/www.upjs.sk\/en\/university\/"},{"@type":"ListItem","position":3,"name":"Fields of Study","item":"https:\/\/www.upjs.sk\/en\/university\/fields-of-study\/"},{"@type":"ListItem","position":4,"name":"PhD study &#8211; Faculty of Science"}]},{"@type":"WebSite","@id":"https:\/\/www.upjs.sk\/en\/#website","url":"https:\/\/www.upjs.sk\/en\/","name":"UPJ\u0160 Ko\u0161ice","description":"Wisdom of the Past, Knowledge of the Present, Education of the Future","publisher":{"@id":"https:\/\/www.upjs.sk\/en\/#organization"},"potentialAction":[{"@type":"SearchAction","target":{"@type":"EntryPoint","urlTemplate":"https:\/\/www.upjs.sk\/en\/?s={search_term_string}"},"query-input":{"@type":"PropertyValueSpecification","valueRequired":true,"valueName":"search_term_string"}}],"inLanguage":"en-US"},{"@type":"Organization","@id":"https:\/\/www.upjs.sk\/en\/#organization","name":"UPJ\u0160 Ko\u0161ice","url":"https:\/\/www.upjs.sk\/en\/","logo":{"@type":"ImageObject","inLanguage":"en-US","@id":"https:\/\/www.upjs.sk\/en\/#\/schema\/logo\/image\/","url":"https:\/\/www.upjs.sk\/app\/uploads\/2023\/01\/UPJS_ENG_esymbol.svg","contentUrl":"https:\/\/www.upjs.sk\/app\/uploads\/2023\/01\/UPJS_ENG_esymbol.svg","width":448,"height":139,"caption":"UPJ\u0160 Ko\u0161ice"},"image":{"@id":"https:\/\/www.upjs.sk\/en\/#\/schema\/logo\/image\/"},"sameAs":["https:\/\/www.facebook.com\/UniverzitaPavlaJozefaSafarikaVkosiciach\/","https:\/\/x.com\/UPJS_kosice","https:\/\/www.instagram.com\/upjs_kosice","https:\/\/www.linkedin.com\/company\/pavol-jozef-afrik-university-in-koice\/"]}]}},"_links":{"self":[{"href":"https:\/\/www.upjs.sk\/en\/wp-json\/wp\/v2\/pages\/41451","targetHints":{"allow":["GET"]}}],"collection":[{"href":"https:\/\/www.upjs.sk\/en\/wp-json\/wp\/v2\/pages"}],"about":[{"href":"https:\/\/www.upjs.sk\/en\/wp-json\/wp\/v2\/types\/page"}],"author":[{"embeddable":true,"href":"https:\/\/www.upjs.sk\/en\/wp-json\/wp\/v2\/users\/1"}],"replies":[{"embeddable":true,"href":"https:\/\/www.upjs.sk\/en\/wp-json\/wp\/v2\/comments?post=41451"}],"version-history":[{"count":0,"href":"https:\/\/www.upjs.sk\/en\/wp-json\/wp\/v2\/pages\/41451\/revisions"}],"up":[{"embeddable":true,"href":"https:\/\/www.upjs.sk\/en\/wp-json\/wp\/v2\/pages\/41300"}],"wp:attachment":[{"href":"https:\/\/www.upjs.sk\/en\/wp-json\/wp\/v2\/media?parent=41451"}],"wp:term":[{"taxonomy":"category","embeddable":true,"href":"https:\/\/www.upjs.sk\/en\/wp-json\/wp\/v2\/categories?post=41451"},{"taxonomy":"post_tag","embeddable":true,"href":"https:\/\/www.upjs.sk\/en\/wp-json\/wp\/v2\/tags?post=41451"}],"curies":[{"name":"wp","href":"https:\/\/api.w.org\/{rel}","templated":true}]}}