{"id":58310,"date":"2023-04-14T15:55:39","date_gmt":"2023-04-14T14:55:39","guid":{"rendered":"https:\/\/www.upjs.sk\/?page_id=58310"},"modified":"2023-04-14T15:55:41","modified_gmt":"2023-04-14T14:55:41","slug":"applying-to-upjs","status":"publish","type":"page","link":"https:\/\/www.upjs.sk\/en\/applying-to-upjs\/","title":{"rendered":"Applying to UPJ\u0160"},"content":{"rendered":"<style>.kb-row-layout-id_44212b-5d > .kt-row-column-wrap{align-content:start;}:where(.kb-row-layout-id_44212b-5d > .kt-row-column-wrap) > .wp-block-kadence-column{justify-content:start;}.kb-row-layout-id_44212b-5d > .kt-row-column-wrap{column-gap:var(--global-kb-gap-md, 2rem);row-gap:var(--global-kb-gap-md, 2rem);padding-top:var(--global-kb-spacing-sm, 1.5rem);padding-bottom:var(--global-kb-spacing-sm, 1.5rem);}.kb-row-layout-id_44212b-5d > .kt-row-column-wrap > div:not(.added-for-specificity){grid-column:initial;}.kb-row-layout-id_44212b-5d > .kt-row-column-wrap{grid-template-columns:repeat(3, minmax(0, 1fr));}.kb-row-layout-id_44212b-5d > .kt-row-layout-overlay{opacity:0.30;}@media all and (max-width: 1024px){.kb-row-layout-id_44212b-5d > .kt-row-column-wrap > div:not(.added-for-specificity){grid-column:initial;}}@media all and (max-width: 1024px){.kb-row-layout-id_44212b-5d > .kt-row-column-wrap{grid-template-columns:repeat(3, minmax(0, 1fr));}}@media all and (max-width: 767px){.kb-row-layout-id_44212b-5d > .kt-row-column-wrap > div:not(.added-for-specificity){grid-column:initial;}.kb-row-layout-id_44212b-5d > .kt-row-column-wrap{grid-template-columns:minmax(0, 1fr);}}<\/style><div class=\"kb-row-layout-wrap kb-row-layout-id_44212b-5d alignnone wp-block-kadence-rowlayout\"><div class=\"kt-row-column-wrap kt-has-3-columns kt-row-layout-equal kt-tab-layout-inherit kt-mobile-layout-row kt-row-valign-top\">\n<style>.kadence-column_e4e66c-59 > .kt-inside-inner-col,.kadence-column_e4e66c-59 > .kt-inside-inner-col:before{border-top-left-radius:0px;border-top-right-radius:0px;border-bottom-right-radius:0px;border-bottom-left-radius:0px;}.kadence-column_e4e66c-59 > .kt-inside-inner-col{column-gap:var(--global-kb-gap-sm, 1rem);}.kadence-column_e4e66c-59 > .kt-inside-inner-col{flex-direction:column;}.kadence-column_e4e66c-59 > .kt-inside-inner-col > .aligncenter{width:100%;}.kadence-column_e4e66c-59 > .kt-inside-inner-col:before{opacity:0.3;}.kadence-column_e4e66c-59{position:relative;}@media all and (max-width: 1024px){.kadence-column_e4e66c-59 > .kt-inside-inner-col{flex-direction:column;justify-content:center;}}@media all and (max-width: 767px){.kadence-column_e4e66c-59 > .kt-inside-inner-col{flex-direction:column;justify-content:center;}}<\/style>\n<div class=\"wp-block-kadence-column kadence-column_e4e66c-59\"><div class=\"kt-inside-inner-col\">\n<figure class=\"wp-block-image size-large\"><img decoding=\"async\" width=\"1024\" height=\"384\" src=\"https:\/\/www.upjs.sk\/app\/uploads\/2023\/04\/25-1024x384.png\" alt=\"\" class=\"wp-image-58328\" srcset=\"https:\/\/www.upjs.sk\/app\/uploads\/2023\/04\/25-1024x384.png 1024w, https:\/\/www.upjs.sk\/app\/uploads\/2023\/04\/25-300x113.png 300w, https:\/\/www.upjs.sk\/app\/uploads\/2023\/04\/25-768x288.png 768w, https:\/\/www.upjs.sk\/app\/uploads\/2023\/04\/25.png 1480w\" sizes=\"(max-width: 1024px) 100vw, 1024px\" \/><\/figure>\n<\/div><\/div>\n\n\n<style>.kadence-column_20eeef-88 > .kt-inside-inner-col,.kadence-column_20eeef-88 > .kt-inside-inner-col:before{border-top-left-radius:0px;border-top-right-radius:0px;border-bottom-right-radius:0px;border-bottom-left-radius:0px;}.kadence-column_20eeef-88 > .kt-inside-inner-col{column-gap:var(--global-kb-gap-sm, 1rem);}.kadence-column_20eeef-88 > .kt-inside-inner-col{flex-direction:column;}.kadence-column_20eeef-88 > .kt-inside-inner-col > .aligncenter{width:100%;}.kadence-column_20eeef-88 > .kt-inside-inner-col:before{opacity:0.3;}.kadence-column_20eeef-88{position:relative;}@media all and (max-width: 1024px){.kadence-column_20eeef-88 > .kt-inside-inner-col{flex-direction:column;justify-content:center;}}@media all and (max-width: 767px){.kadence-column_20eeef-88 > .kt-inside-inner-col{flex-direction:column;justify-content:center;}}<\/style>\n<div class=\"wp-block-kadence-column kadence-column_20eeef-88\"><div class=\"kt-inside-inner-col\">\n<figure class=\"wp-block-image size-large\"><img decoding=\"async\" width=\"1024\" height=\"384\" src=\"https:\/\/www.upjs.sk\/app\/uploads\/2023\/04\/23-1024x384.png\" alt=\"\" class=\"wp-image-58334\" srcset=\"https:\/\/www.upjs.sk\/app\/uploads\/2023\/04\/23-1024x384.png 1024w, https:\/\/www.upjs.sk\/app\/uploads\/2023\/04\/23-300x113.png 300w, https:\/\/www.upjs.sk\/app\/uploads\/2023\/04\/23-768x288.png 768w, https:\/\/www.upjs.sk\/app\/uploads\/2023\/04\/23.png 1480w\" sizes=\"(max-width: 1024px) 100vw, 1024px\" \/><\/figure>\n<\/div><\/div>\n\n\n<style>.kadence-column_dddd92-98 > .kt-inside-inner-col,.kadence-column_dddd92-98 > .kt-inside-inner-col:before{border-top-left-radius:0px;border-top-right-radius:0px;border-bottom-right-radius:0px;border-bottom-left-radius:0px;}.kadence-column_dddd92-98 > .kt-inside-inner-col{column-gap:var(--global-kb-gap-sm, 1rem);}.kadence-column_dddd92-98 > .kt-inside-inner-col{flex-direction:column;}.kadence-column_dddd92-98 > .kt-inside-inner-col > .aligncenter{width:100%;}.kadence-column_dddd92-98 > .kt-inside-inner-col:before{opacity:0.3;}.kadence-column_dddd92-98{position:relative;}@media all and (max-width: 1024px){.kadence-column_dddd92-98 > .kt-inside-inner-col{flex-direction:column;justify-content:center;}}@media all and (max-width: 767px){.kadence-column_dddd92-98 > .kt-inside-inner-col{flex-direction:column;justify-content:center;}}<\/style>\n<div class=\"wp-block-kadence-column kadence-column_dddd92-98\"><div class=\"kt-inside-inner-col\">\n<figure class=\"wp-block-image size-large\"><img decoding=\"async\" width=\"1024\" height=\"384\" src=\"https:\/\/www.upjs.sk\/app\/uploads\/2023\/04\/24-1024x384.png\" alt=\"\" class=\"wp-image-58331\" srcset=\"https:\/\/www.upjs.sk\/app\/uploads\/2023\/04\/24-1024x384.png 1024w, https:\/\/www.upjs.sk\/app\/uploads\/2023\/04\/24-300x113.png 300w, https:\/\/www.upjs.sk\/app\/uploads\/2023\/04\/24-768x288.png 768w, https:\/\/www.upjs.sk\/app\/uploads\/2023\/04\/24.png 1480w\" sizes=\"(max-width: 1024px) 100vw, 1024px\" \/><\/figure>\n<\/div><\/div>\n\n<\/div><\/div>\n\n\n<p><strong><mark style=\"background-color:rgba(0, 0, 0, 0)\" class=\"has-inline-color has-zakladna-zlata-color\">Application deadlines for <\/mark><mark style=\"background-color:rgba(0, 0, 0, 0)\" class=\"has-inline-color has-zakladna-modra-color\">doctoral<\/mark><mark style=\"background-color:rgba(0, 0, 0, 0)\" class=\"has-inline-color has-zakladna-zlata-color\"> studies:<\/mark><\/strong><\/p>\n\n\n\n<ul class=\"is-style-arrow has-list-bullet-color wp-block-list\" style=\"--ek-bullet-color:#C19152\">\n<li>Applicants with Slovak citizenship \u2013 if did not apply for the same study programme in the Slovak language until 2 weeks before the entrance exam<\/li>\n\n\n\n<li>Applicants without a representative of a recruitment agency\u2013 <strong><mark style=\"background-color:rgba(0, 0, 0, 0)\" class=\"has-inline-color has-zakladna-modra-color\">until 07. June, 2023<\/mark><\/strong> (for entrance examination on 21<sup>st<\/sup>\u00a0June\u00a02023)<\/li>\n\n\n\n<li>Applicants without a representative of a recruitment agency \u2013 <strong><mark style=\"background-color:rgba(0, 0, 0, 0)\" class=\"has-inline-color has-zakladna-modra-color\">until 02. August, 2023<\/mark><\/strong>\u00a0(for entrance examination on 16<sup>th<\/sup>\u00a0August 2023)<\/li>\n\n\n\n<li>Applicants with a representative of a recruitment agency\u2013 <strong><mark style=\"background-color:rgba(0, 0, 0, 0)\" class=\"has-inline-color has-zakladna-modra-color\">according to the valid contracts<\/mark><\/strong><\/li>\n<\/ul>\n\n\n\n<div style=\"height:0px\" aria-hidden=\"true\" class=\"wp-block-spacer\"><\/div>\n\n\n\n<div style=\"height:50px\" aria-hidden=\"true\" class=\"wp-block-spacer\"><\/div>\n\n\n<style>.wp-block-kadence-advancedbtn.kb-btns_43c2ff-04{gap:var(--global-kb-gap-xs, 0.5rem );justify-content:center;align-items:center;}.kt-btns_43c2ff-04 .kt-button{font-weight:normal;font-style:normal;}.kt-btns_43c2ff-04 .kt-btn-wrap-0{margin-right:5px;}.wp-block-kadence-advancedbtn.kt-btns_43c2ff-04 .kt-btn-wrap-0 .kt-button{color:#555555;border-color:#555555;}.wp-block-kadence-advancedbtn.kt-btns_43c2ff-04 .kt-btn-wrap-0 .kt-button:hover, .wp-block-kadence-advancedbtn.kt-btns_43c2ff-04 .kt-btn-wrap-0 .kt-button:focus{color:#ffffff;border-color:#444444;}.wp-block-kadence-advancedbtn.kt-btns_43c2ff-04 .kt-btn-wrap-0 .kt-button::before{display:none;}.wp-block-kadence-advancedbtn.kt-btns_43c2ff-04 .kt-btn-wrap-0 .kt-button:hover, .wp-block-kadence-advancedbtn.kt-btns_43c2ff-04 .kt-btn-wrap-0 .kt-button:focus{background:#444444;}<\/style>\n<div class=\"wp-block-kadence-advancedbtn kb-buttons-wrap kb-btns_43c2ff-04\"><style>ul.menu .wp-block-kadence-advancedbtn .kb-btn_cf795c-78.kb-button{width:initial;}.wp-block-kadence-advancedbtn .kb-btn_cf795c-78.kb-button{color:#ffffff;background:#164082;font-size:var(--global-kb-font-size-sm, 0.9rem);text-transform:uppercase;}<\/style><a class=\"kb-button kt-button button kb-btn_cf795c-78 kt-btn-size-standard kt-btn-width-type-auto kb-btn-global-fill kt-btn-has-text-true kt-btn-has-svg-true wp-block-kadence-singlebtn\" href=\"https:\/\/e-prihlaska.upjs.sk\/ais\/eprihlas\/#!\/home?lang=EN\"><span class=\"kt-btn-inner-text\"><strong>E-application<\/strong><\/span><span class=\"kb-svg-icon-wrap kb-svg-icon-fe_externalLink kt-btn-icon-side-right\"><svg viewBox=\"0 0 24 24\"  fill=\"none\" stroke=\"currentColor\" stroke-width=\"2\" stroke-linecap=\"round\" stroke-linejoin=\"round\" xmlns=\"http:\/\/www.w3.org\/2000\/svg\"  aria-hidden=\"true\"><path d=\"M18 13v6a2 2 0 0 1-2 2H5a2 2 0 0 1-2-2V8a2 2 0 0 1 2-2h6\"\/><polyline points=\"15 3 21 3 21 9\"\/><line x1=\"10\" y1=\"14\" x2=\"21\" y2=\"3\"\/><\/svg><\/span><\/a>\n\n<style>ul.menu .wp-block-kadence-advancedbtn .kb-btn_e6a82c-a0.kb-button{width:initial;}.wp-block-kadence-advancedbtn .kb-btn_e6a82c-a0.kb-button{color:#ffffff;background:#164082;font-size:var(--global-kb-font-size-sm, 0.9rem);text-transform:uppercase;}<\/style><a class=\"kb-button kt-button button kb-btn_e6a82c-a0 kt-btn-size-standard kt-btn-width-type-auto kb-btn-global-fill kt-btn-has-text-true kt-btn-has-svg-true wp-block-kadence-singlebtn\" href=\"https:\/\/e-prihlaska.upjs.sk\/ais\/eprihlas\/manuals\/EN\/ePrihlas_I.pdf\"><span class=\"kt-btn-inner-text\"><strong>Manual for e-application<\/strong><\/span><span class=\"kb-svg-icon-wrap kb-svg-icon-fe_externalLink kt-btn-icon-side-right\"><svg viewBox=\"0 0 24 24\"  fill=\"none\" stroke=\"currentColor\" stroke-width=\"2\" stroke-linecap=\"round\" stroke-linejoin=\"round\" xmlns=\"http:\/\/www.w3.org\/2000\/svg\"  aria-hidden=\"true\"><path d=\"M18 13v6a2 2 0 0 1-2 2H5a2 2 0 0 1-2-2V8a2 2 0 0 1 2-2h6\"\/><polyline points=\"15 3 21 3 21 9\"\/><line x1=\"10\" y1=\"14\" x2=\"21\" y2=\"3\"\/><\/svg><\/span><\/a><\/div>\n\n\n\n<div style=\"height:30px\" aria-hidden=\"true\" class=\"wp-block-spacer\"><\/div>\n\n\n\n<ul class=\"is-style-arrow has-list-bullet-color wp-block-list\" style=\"--ek-bullet-color:#C19152\">\n<li><mark style=\"background-color:rgba(0, 0, 0, 0)\" class=\"has-inline-color has-cierna-color\">AiS2 is open for submitting the application forms from January 1, 2023.<\/mark><\/li>\n\n\n\n<li><strong><mark style=\"background-color:rgba(0, 0, 0, 0)\" class=\"has-inline-color has-zakladna-modra-color\">Filled in, signed and printed application form<\/mark><\/strong>\u00a0\u2013 to be able to fill in the application form, it is necessary to register <a href=\"https:\/\/e-prihlaska.upjs.sk\/ais\/eprihlas\/#!\/home?lang=EN\" class=\"ek-link\"><strong><mark style=\"background-color:rgba(0, 0, 0, 0)\" class=\"has-inline-color has-zakladna-modra-color\">here<\/mark><\/strong><\/a>.<\/li>\n\n\n\n<li>The manual on how to fill in the application in the Academic Information System 2 (AiS<sub>2<\/sub>) is available <a href=\"https:\/\/e-prihlaska.upjs.sk\/ais\/eprihlas\/manuals\/EN\/ePrihlas_I.pdf.\" class=\"ek-link\"><strong><mark style=\"background-color:rgba(0, 0, 0, 0)\" class=\"has-inline-color has-zakladna-modra-color\">here<\/mark><\/strong><\/a>.<\/li>\n\n\n\n<li>All the required information must be filled in only electronically, not by hand, including first name and surname as they appear on the passport or ID card. An application form missing any information will not be accepted.<\/li>\n\n\n\n<li>Medical confirmation\u00a0of physical and mental ability to university studies (not older than 3 months, original signed, stamped and dated by the physician) \u2013\u00a0<em>in English or Slovak language<\/em>. <strong><mark style=\"background-color:rgba(0, 0, 0, 0)\" class=\"has-inline-color has-zakladna-modra-color\">It is only required at the Faculty of Medicine<\/mark><\/strong>.<\/li>\n\n\n\n<li>Copy of passport \/ ID card<\/li>\n\n\n\n<li><a href=\"https:\/\/intranet.upjs.sk\/op\/op.Public.php?documentid=8224\" class=\"ek-link\"><strong><mark style=\"background-color:rgba(0, 0, 0, 0)\" class=\"has-inline-color has-zakladna-modra-color\">The fee for the admission procedure<\/mark><\/strong><\/a> must be paid by bank transfer (each faculty has a different account number). <\/li>\n\n\n\n<li>You need to send a confirmation of fee payment for the application and entrance procedure, which is non-refundable.<\/li>\n\n\n\n<li><strong><mark style=\"background-color:rgba(0, 0, 0, 0)\" class=\"has-inline-color has-zakladna-modra-color\">School leaving certificate<\/mark><\/strong>\u00a0\u2013 final high school diploma with grades. As determined by the Ministry of Education of the Slovak Republic, every applicant must submit a notary-authorised copy of the apostilled school leaving certificate and its notary-authorised Slovak translation by a sworn translator. Verification by notary and sworn translation must be provided in Slovakia.<\/li>\n\n\n\n<li><strong><mark style=\"background-color:rgba(0, 0, 0, 0)\" class=\"has-inline-color has-zakladna-modra-color\">The listed documents are to be submitted according to the deadline of the specific faculty.<\/mark><\/strong><\/li>\n<\/ul>\n","protected":false},"excerpt":{"rendered":"<p>Application deadlines for doctoral studies:<\/p>\n","protected":false},"author":54,"featured_media":0,"parent":0,"menu_order":7,"comment_status":"closed","ping_status":"closed","template":"","meta":{"_acf_changed":false,"_editorskit_title_hidden":false,"_editorskit_reading_time":1,"_editorskit_is_block_options_detached":false,"_editorskit_block_options_position":"{}","footnotes":""},"categories":[],"tags":[],"class_list":["post-58310","page","type-page","status-publish","hentry"],"acf":{"acf_link_na_externy_obsah":""},"yoast_head":"<!-- This site is optimized with the Yoast SEO plugin v27.4 - https:\/\/yoast.com\/product\/yoast-seo-wordpress\/ -->\n<title>Applying to UPJ\u0160 - UPJ\u0160 Ko\u0161ice<\/title>\n<meta name=\"robots\" content=\"index, follow, max-snippet:-1, max-image-preview:large, max-video-preview:-1\" \/>\n<link rel=\"canonical\" href=\"https:\/\/www.upjs.sk\/en\/applying-to-upjs\/\" \/>\n<meta property=\"og:locale\" content=\"en_US\" \/>\n<meta property=\"og:type\" content=\"article\" \/>\n<meta property=\"og:title\" content=\"Applying to UPJ\u0160 - UPJ\u0160 Ko\u0161ice\" \/>\n<meta property=\"og:description\" content=\"Application deadlines for doctoral studies:\" \/>\n<meta property=\"og:url\" content=\"https:\/\/www.upjs.sk\/en\/applying-to-upjs\/\" \/>\n<meta property=\"og:site_name\" content=\"UPJ\u0160 Ko\u0161ice\" \/>\n<meta property=\"article:publisher\" content=\"https:\/\/www.facebook.com\/UniverzitaPavlaJozefaSafarikaVkosiciach\/\" \/>\n<meta property=\"article:modified_time\" content=\"2023-04-14T14:55:41+00:00\" \/>\n<meta property=\"og:image\" content=\"https:\/\/www.upjs.sk\/app\/uploads\/2023\/04\/25-1024x384.png\" \/>\n<meta name=\"twitter:card\" content=\"summary_large_image\" \/>\n<meta name=\"twitter:site\" content=\"@UPJS_kosice\" \/>\n<meta name=\"twitter:label1\" content=\"Est. reading time\" \/>\n\t<meta name=\"twitter:data1\" content=\"3 minutes\" \/>\n<script type=\"application\/ld+json\" class=\"yoast-schema-graph\">{\"@context\":\"https:\\\/\\\/schema.org\",\"@graph\":[{\"@type\":\"WebPage\",\"@id\":\"https:\\\/\\\/www.upjs.sk\\\/en\\\/applying-to-upjs\\\/\",\"url\":\"https:\\\/\\\/www.upjs.sk\\\/en\\\/applying-to-upjs\\\/\",\"name\":\"Applying to UPJ\u0160 - UPJ\u0160 Ko\u0161ice\",\"isPartOf\":{\"@id\":\"https:\\\/\\\/www.upjs.sk\\\/en\\\/#website\"},\"primaryImageOfPage\":{\"@id\":\"https:\\\/\\\/www.upjs.sk\\\/en\\\/applying-to-upjs\\\/#primaryimage\"},\"image\":{\"@id\":\"https:\\\/\\\/www.upjs.sk\\\/en\\\/applying-to-upjs\\\/#primaryimage\"},\"thumbnailUrl\":\"https:\\\/\\\/www.upjs.sk\\\/app\\\/uploads\\\/2023\\\/04\\\/25-1024x384.png\",\"datePublished\":\"2023-04-14T14:55:39+00:00\",\"dateModified\":\"2023-04-14T14:55:41+00:00\",\"breadcrumb\":{\"@id\":\"https:\\\/\\\/www.upjs.sk\\\/en\\\/applying-to-upjs\\\/#breadcrumb\"},\"inLanguage\":\"en-US\",\"potentialAction\":[{\"@type\":\"ReadAction\",\"target\":[\"https:\\\/\\\/www.upjs.sk\\\/en\\\/applying-to-upjs\\\/\"]}]},{\"@type\":\"ImageObject\",\"inLanguage\":\"en-US\",\"@id\":\"https:\\\/\\\/www.upjs.sk\\\/en\\\/applying-to-upjs\\\/#primaryimage\",\"url\":\"https:\\\/\\\/www.upjs.sk\\\/app\\\/uploads\\\/2023\\\/04\\\/25-1024x384.png\",\"contentUrl\":\"https:\\\/\\\/www.upjs.sk\\\/app\\\/uploads\\\/2023\\\/04\\\/25-1024x384.png\"},{\"@type\":\"BreadcrumbList\",\"@id\":\"https:\\\/\\\/www.upjs.sk\\\/en\\\/applying-to-upjs\\\/#breadcrumb\",\"itemListElement\":[{\"@type\":\"ListItem\",\"position\":1,\"name\":\"Home\",\"item\":\"https:\\\/\\\/www.upjs.sk\\\/en\\\/\"},{\"@type\":\"ListItem\",\"position\":2,\"name\":\"Applying to UPJ\u0160\"}]},{\"@type\":\"WebSite\",\"@id\":\"https:\\\/\\\/www.upjs.sk\\\/en\\\/#website\",\"url\":\"https:\\\/\\\/www.upjs.sk\\\/en\\\/\",\"name\":\"UPJ\u0160 Ko\u0161ice\",\"description\":\"Wisdom of the Past, Knowledge of the Present, Education of the Future\",\"publisher\":{\"@id\":\"https:\\\/\\\/www.upjs.sk\\\/en\\\/#organization\"},\"potentialAction\":[{\"@type\":\"SearchAction\",\"target\":{\"@type\":\"EntryPoint\",\"urlTemplate\":\"https:\\\/\\\/www.upjs.sk\\\/en\\\/?s={search_term_string}\"},\"query-input\":{\"@type\":\"PropertyValueSpecification\",\"valueRequired\":true,\"valueName\":\"search_term_string\"}}],\"inLanguage\":\"en-US\"},{\"@type\":\"Organization\",\"@id\":\"https:\\\/\\\/www.upjs.sk\\\/en\\\/#organization\",\"name\":\"UPJ\u0160 Ko\u0161ice\",\"url\":\"https:\\\/\\\/www.upjs.sk\\\/en\\\/\",\"logo\":{\"@type\":\"ImageObject\",\"inLanguage\":\"en-US\",\"@id\":\"https:\\\/\\\/www.upjs.sk\\\/en\\\/#\\\/schema\\\/logo\\\/image\\\/\",\"url\":\"https:\\\/\\\/www.upjs.sk\\\/app\\\/uploads\\\/2023\\\/01\\\/UPJS_ENG_esymbol.svg\",\"contentUrl\":\"https:\\\/\\\/www.upjs.sk\\\/app\\\/uploads\\\/2023\\\/01\\\/UPJS_ENG_esymbol.svg\",\"width\":448,\"height\":139,\"caption\":\"UPJ\u0160 Ko\u0161ice\"},\"image\":{\"@id\":\"https:\\\/\\\/www.upjs.sk\\\/en\\\/#\\\/schema\\\/logo\\\/image\\\/\"},\"sameAs\":[\"https:\\\/\\\/www.facebook.com\\\/UniverzitaPavlaJozefaSafarikaVkosiciach\\\/\",\"https:\\\/\\\/x.com\\\/UPJS_kosice\",\"https:\\\/\\\/www.instagram.com\\\/upjs_kosice\",\"https:\\\/\\\/www.linkedin.com\\\/company\\\/pavol-jozef-afrik-university-in-koice\\\/\"]}]}<\/script>\n<!-- \/ Yoast SEO plugin. -->","yoast_head_json":{"title":"Applying to UPJ\u0160 - UPJ\u0160 Ko\u0161ice","robots":{"index":"index","follow":"follow","max-snippet":"max-snippet:-1","max-image-preview":"max-image-preview:large","max-video-preview":"max-video-preview:-1"},"canonical":"https:\/\/www.upjs.sk\/en\/applying-to-upjs\/","og_locale":"en_US","og_type":"article","og_title":"Applying to UPJ\u0160 - UPJ\u0160 Ko\u0161ice","og_description":"Application deadlines for doctoral studies:","og_url":"https:\/\/www.upjs.sk\/en\/applying-to-upjs\/","og_site_name":"UPJ\u0160 Ko\u0161ice","article_publisher":"https:\/\/www.facebook.com\/UniverzitaPavlaJozefaSafarikaVkosiciach\/","article_modified_time":"2023-04-14T14:55:41+00:00","og_image":[{"url":"https:\/\/www.upjs.sk\/app\/uploads\/2023\/04\/25-1024x384.png","type":"","width":"","height":""}],"twitter_card":"summary_large_image","twitter_site":"@UPJS_kosice","twitter_misc":{"Est. reading time":"3 minutes"},"schema":{"@context":"https:\/\/schema.org","@graph":[{"@type":"WebPage","@id":"https:\/\/www.upjs.sk\/en\/applying-to-upjs\/","url":"https:\/\/www.upjs.sk\/en\/applying-to-upjs\/","name":"Applying to UPJ\u0160 - UPJ\u0160 Ko\u0161ice","isPartOf":{"@id":"https:\/\/www.upjs.sk\/en\/#website"},"primaryImageOfPage":{"@id":"https:\/\/www.upjs.sk\/en\/applying-to-upjs\/#primaryimage"},"image":{"@id":"https:\/\/www.upjs.sk\/en\/applying-to-upjs\/#primaryimage"},"thumbnailUrl":"https:\/\/www.upjs.sk\/app\/uploads\/2023\/04\/25-1024x384.png","datePublished":"2023-04-14T14:55:39+00:00","dateModified":"2023-04-14T14:55:41+00:00","breadcrumb":{"@id":"https:\/\/www.upjs.sk\/en\/applying-to-upjs\/#breadcrumb"},"inLanguage":"en-US","potentialAction":[{"@type":"ReadAction","target":["https:\/\/www.upjs.sk\/en\/applying-to-upjs\/"]}]},{"@type":"ImageObject","inLanguage":"en-US","@id":"https:\/\/www.upjs.sk\/en\/applying-to-upjs\/#primaryimage","url":"https:\/\/www.upjs.sk\/app\/uploads\/2023\/04\/25-1024x384.png","contentUrl":"https:\/\/www.upjs.sk\/app\/uploads\/2023\/04\/25-1024x384.png"},{"@type":"BreadcrumbList","@id":"https:\/\/www.upjs.sk\/en\/applying-to-upjs\/#breadcrumb","itemListElement":[{"@type":"ListItem","position":1,"name":"Home","item":"https:\/\/www.upjs.sk\/en\/"},{"@type":"ListItem","position":2,"name":"Applying to UPJ\u0160"}]},{"@type":"WebSite","@id":"https:\/\/www.upjs.sk\/en\/#website","url":"https:\/\/www.upjs.sk\/en\/","name":"UPJ\u0160 Ko\u0161ice","description":"Wisdom of the Past, Knowledge of the Present, Education of the Future","publisher":{"@id":"https:\/\/www.upjs.sk\/en\/#organization"},"potentialAction":[{"@type":"SearchAction","target":{"@type":"EntryPoint","urlTemplate":"https:\/\/www.upjs.sk\/en\/?s={search_term_string}"},"query-input":{"@type":"PropertyValueSpecification","valueRequired":true,"valueName":"search_term_string"}}],"inLanguage":"en-US"},{"@type":"Organization","@id":"https:\/\/www.upjs.sk\/en\/#organization","name":"UPJ\u0160 Ko\u0161ice","url":"https:\/\/www.upjs.sk\/en\/","logo":{"@type":"ImageObject","inLanguage":"en-US","@id":"https:\/\/www.upjs.sk\/en\/#\/schema\/logo\/image\/","url":"https:\/\/www.upjs.sk\/app\/uploads\/2023\/01\/UPJS_ENG_esymbol.svg","contentUrl":"https:\/\/www.upjs.sk\/app\/uploads\/2023\/01\/UPJS_ENG_esymbol.svg","width":448,"height":139,"caption":"UPJ\u0160 Ko\u0161ice"},"image":{"@id":"https:\/\/www.upjs.sk\/en\/#\/schema\/logo\/image\/"},"sameAs":["https:\/\/www.facebook.com\/UniverzitaPavlaJozefaSafarikaVkosiciach\/","https:\/\/x.com\/UPJS_kosice","https:\/\/www.instagram.com\/upjs_kosice","https:\/\/www.linkedin.com\/company\/pavol-jozef-afrik-university-in-koice\/"]}]}},"_links":{"self":[{"href":"https:\/\/www.upjs.sk\/en\/wp-json\/wp\/v2\/pages\/58310","targetHints":{"allow":["GET"]}}],"collection":[{"href":"https:\/\/www.upjs.sk\/en\/wp-json\/wp\/v2\/pages"}],"about":[{"href":"https:\/\/www.upjs.sk\/en\/wp-json\/wp\/v2\/types\/page"}],"author":[{"embeddable":true,"href":"https:\/\/www.upjs.sk\/en\/wp-json\/wp\/v2\/users\/54"}],"replies":[{"embeddable":true,"href":"https:\/\/www.upjs.sk\/en\/wp-json\/wp\/v2\/comments?post=58310"}],"version-history":[{"count":4,"href":"https:\/\/www.upjs.sk\/en\/wp-json\/wp\/v2\/pages\/58310\/revisions"}],"predecessor-version":[{"id":58342,"href":"https:\/\/www.upjs.sk\/en\/wp-json\/wp\/v2\/pages\/58310\/revisions\/58342"}],"wp:attachment":[{"href":"https:\/\/www.upjs.sk\/en\/wp-json\/wp\/v2\/media?parent=58310"}],"wp:term":[{"taxonomy":"category","embeddable":true,"href":"https:\/\/www.upjs.sk\/en\/wp-json\/wp\/v2\/categories?post=58310"},{"taxonomy":"post_tag","embeddable":true,"href":"https:\/\/www.upjs.sk\/en\/wp-json\/wp\/v2\/tags?post=58310"}],"curies":[{"name":"wp","href":"https:\/\/api.w.org\/{rel}","templated":true}]}}