{"id":58977,"date":"2022-08-18T09:02:36","date_gmt":"2022-08-18T09:02:28","guid":{"rendered":"https:\/\/www.upjs.sk\/race-to-zero\/"},"modified":"2023-05-05T09:05:10","modified_gmt":"2023-05-05T08:05:10","slug":"race-to-zero","status":"publish","type":"page","link":"https:\/\/www.upjs.sk\/en\/university\/race-to-zero\/","title":{"rendered":"Race To Zero &#8211; Green university"},"content":{"rendered":"\n<div class=\"wp-block-themepunch-revslider revslider\" data-modal=\"false\" data-slidertitle=\"RTZ banner\" style=\"\">\n\t\t\t\t<p class=\"rs-p-wp-fix\"><\/p>\n\t\t\t\t<sr7-module data-alias=\"rtz\" data-id=\"14\" id=\"SR7_14_1\" class=\"rs-ov-hidden\" data-version=\"6.7.51\">\n\t\t\t\t\t<sr7-adjuster><\/sr7-adjuster>\n\t\t\t\t\t<sr7-content>\n\t\t\t\t\t\t<sr7-slide id=\"SR7_14_1-15\" data-key=\"15\">\n\t\t\t\t\t\t<\/sr7-slide>\n\t\t\t\t\t\t<sr7-slide id=\"SR7_14_1-16\" data-key=\"16\">\n\t\t\t\t\t\t<\/sr7-slide>\n\t\t\t\t\t\t<sr7-slide id=\"SR7_14_1-113\" data-key=\"113\">\n\t\t\t\t\t\t<\/sr7-slide>\n\t\t\t\t\t<\/sr7-content>\n\t\t\t\t\t<image_lists style=\"display:none\">\n\t\t\t\t\t\t<img data-src=\"\/\/www.upjs.sk\/app\/uploads\/2023\/01\/rtz-banner-1-SK.png\" data-libid=\"49519\" data-lib=\"medialibrary\" alt=\"UPJ\u0160 v Ko\u0161iciach je \u010dlenom kampane Race To Zero\" title=\"rtz banner 1 SK\" width=\"0\" height=\"0\" data-dbsrc=\"Ly93d3cudXBqcy5zay9hcHAvdXBsb2Fkcy8yMDIzLzAxL3J0ei1iYW5uZXItMS1TSy5wbmc=\"\/>\n\t\t\t\t\t\t<img data-src=\"\/\/www.upjs.sk\/app\/uploads\/2023\/01\/rtz-banner-1-SK-mobil.png\" data-libid=\"49522\" data-lib=\"medialibrary\" alt=\"UPJ\u0160 v Ko\u0161iciach je \u010dlenom kampane Race To Zero\" title=\"rtz banner 1 SK mobil\" width=\"0\" height=\"0\" data-dbsrc=\"Ly93d3cudXBqcy5zay9hcHAvdXBsb2Fkcy8yMDIzLzAxL3J0ei1iYW5uZXItMS1TSy1tb2JpbC5wbmc=\"\/>\n\t\t\t\t\t\t<img data-src=\"\/\/www.upjs.sk\/app\/uploads\/2023\/01\/rtz-banner-2-SK.png\" data-libid=\"49525\" data-lib=\"medialibrary\" title=\"rtz banner 2 SK\" width=\"0\" height=\"0\" data-dbsrc=\"Ly93d3cudXBqcy5zay9hcHAvdXBsb2Fkcy8yMDIzLzAxL3J0ei1iYW5uZXItMi1TSy5wbmc=\"\/>\n\t\t\t\t\t\t<img data-src=\"\/\/www.upjs.sk\/app\/uploads\/2023\/01\/rtz-banner-2-SK-mobil.png\" data-libid=\"49528\" data-lib=\"medialibrary\" title=\"rtz banner 2 SK mobil\" width=\"0\" height=\"0\" data-dbsrc=\"Ly93d3cudXBqcy5zay9hcHAvdXBsb2Fkcy8yMDIzLzAxL3J0ei1iYW5uZXItMi1TSy1tb2JpbC5wbmc=\"\/>\n\t\t\t\t\t<\/image_lists>\n\t\t\t\t<\/sr7-module>\n\t\t\t\t<script>\n\t\t\t\t\twindow.SR7 ??={};SR7.PMH ??={}; SR7.PMH[\"SR7_14_1\"] = {cn:100,state:false,fn: function() { if (window._tpt!==undefined && window._tpt.prepareModuleHeight !== undefined) {  _tpt.prepareModuleHeight({id:\"SR7_14_1\",el:[400,400,400,400,720],type:'standard',shdw:'0',gh:[400,400,400,400,555],gw:[1170,1170,1170,1170,390],vpt:['-200px&#039;,&#039;-200px&#039;,&#039;-200px&#039;,&#039;-200px&#039;,&#039;-200px'],size:{fullWidth:true, fullHeight:false},mh:'0',onh:0,onw:0,bg:{color:'{\"orig\":\"transparent\",\"type\":\"solid\",\"string\":\"transparent\"}'}});   SR7.PMH[\"SR7_14_1\"].state=true;} else if(SR7.PMH[\"SR7_14_1\"].cn-->0)\tsetTimeout( SR7.PMH[\"SR7_14_1\"].fn,19);}};SR7.PMH[\"SR7_14_1\" ].fn();\n\t\t\t\t<\/script>\n<\/div>\n\n\n<section class=\"aktuality aktuality-container mx-auto \">\r\n    <div class=\"aktuality-heading pb-6 md:pb-12\">\r\n        <h2 class=\"aktuality-heading-text uppercase block ml-4 md:ml-0 text-left md:text-center\">News<\/h2>\r\n    <\/div>\r\n        <div class=\"hidden md:grid gap-x-8 gap-y-4 lg:grid-cols-3 md:grid-cols-2 grid-cols-1 article-container lg:px-24 md:px-16 px-12 \">\r\n                     <article class=\"w-full article relative\">\n  <div data-aos=\"fade-up\" class=\"lg:w-full mx-auto\">\n      <div class=\"article-img rounded-t-lg overflow-hidden transition duration-500 ease-in-out transform-gpu hover:scale-105 hover:shadow-2xl\">\n          <a href=\"https:\/\/www.upjs.sk\/en\/upjs-employees-joined-the-national-2023-bike-to-work-campaign\/\">\n            <img decoding=\"async\" width=\"800\" height=\"533\" src=\"https:\/\/www.upjs.sk\/app\/uploads\/2023\/07\/DPNB2023l.jpg\" class=\"attachment-post-thumbnail size-post-thumbnail wp-post-image\" alt=\"\" srcset=\"https:\/\/www.upjs.sk\/app\/uploads\/2023\/07\/DPNB2023l.jpg 800w, https:\/\/www.upjs.sk\/app\/uploads\/2023\/07\/DPNB2023l-300x200.jpg 300w, https:\/\/www.upjs.sk\/app\/uploads\/2023\/07\/DPNB2023l-768x512.jpg 768w\" sizes=\"(max-width: 800px) 100vw, 800px\" \/>\n          <\/a>\n      <\/div>\n  <\/div>\n  <div class=\"artilce-content border-x border-b upjs-grey p-4 rounded-b-lg\">\n      <a href=\"https:\/\/www.upjs.sk\/en\/upjs-employees-joined-the-national-2023-bike-to-work-campaign\/\" class=\"aktualita-nadpis\">\n          <h4 class=\"aktualita-nadpis font-bold line-clamp-2\">UPJ\u0160 employees joined the national 2023 Bike to Work campaign<\/h4>\n      <\/a>\n      <div class=\"aktualita-excerpt mt-4 text-xs mb-5 line-clamp-5\">\n        \n        A total of 19 teams and 65 individuals from the University of Pavol Jozef \u0160af\u00e1rik in Ko\u0161ice (UPJ\u0160) took part in the 2023 BtW challenge. In total, UPJ\u0160 employees travelled almost 6,982 kilometers by alternative transport. UPJ\u0160 thus saved 1,613 kg of CO2 in the month of June.\n      <\/div>\n      <div class=\"inline-date absolute bottom-0 left-0  mb-4 flex justify-between items-center w-full\">\n        <div class=\"inline-block pb-1 pl-4 mt-4 text-upjs-blue underline underline-offset-1 text-xs \">\n          <a href=\"https:\/\/www.upjs.sk\/en\/upjs-employees-joined-the-national-2023-bike-to-work-campaign\/\">Read more<span aria-hidden=\"true\">&rarr;<\/span><\/a> \n       <\/div>\n\n       <div class=\"inline-block text-xs pb-1 pr-4 mt-4\">\n         25. July 2023\n       <\/div>\n      <\/div>\n  <\/div>\n<\/article>                     <article class=\"w-full article relative\">\n  <div data-aos=\"fade-up\" class=\"lg:w-full mx-auto\">\n      <div class=\"article-img rounded-t-lg overflow-hidden transition duration-500 ease-in-out transform-gpu hover:scale-105 hover:shadow-2xl\">\n          <a href=\"https:\/\/www.upjs.sk\/en\/2-rocnik-eko-tyzdna-na-upjs\/\">\n            <img decoding=\"async\" width=\"555\" height=\"390\" src=\"https:\/\/www.upjs.sk\/app\/uploads\/2022\/11\/rtz-2.-eko-tyzden.png\" class=\"attachment-post-thumbnail size-post-thumbnail wp-post-image\" alt=\"\" srcset=\"https:\/\/www.upjs.sk\/app\/uploads\/2022\/11\/rtz-2.-eko-tyzden.png 555w, https:\/\/www.upjs.sk\/app\/uploads\/2022\/11\/rtz-2.-eko-tyzden-300x211.png 300w\" sizes=\"(max-width: 555px) 100vw, 555px\" \/>\n          <\/a>\n      <\/div>\n  <\/div>\n  <div class=\"artilce-content border-x border-b upjs-grey p-4 rounded-b-lg\">\n      <a href=\"https:\/\/www.upjs.sk\/en\/2-rocnik-eko-tyzdna-na-upjs\/\" class=\"aktualita-nadpis\">\n          <h4 class=\"aktualita-nadpis font-bold line-clamp-2\">ECOweek at UPJ\u0160<\/h4>\n      <\/a>\n      <div class=\"aktualita-excerpt mt-4 text-xs mb-5 line-clamp-5\">\n        \n        The Council of the Strategic Plan \u201cUPJ\u0160 \u2013 Green University\u201d continues its activities. The second week of November at our university was ecological. As part of ECO Week, a rich programme was prepared for students and also for employees. Because of the cooperation with the management of UPJ\u0160, the University Library and the Botanical Garden &hellip; <a href=\"https:\/\/www.upjs.sk\/en\/2-rocnik-eko-tyzdna-na-upjs\/\">Continued<\/a>\n      <\/div>\n      <div class=\"inline-date absolute bottom-0 left-0  mb-4 flex justify-between items-center w-full\">\n        <div class=\"inline-block pb-1 pl-4 mt-4 text-upjs-blue underline underline-offset-1 text-xs \">\n          <a href=\"https:\/\/www.upjs.sk\/en\/2-rocnik-eko-tyzdna-na-upjs\/\">Read more<span aria-hidden=\"true\">&rarr;<\/span><\/a> \n       <\/div>\n\n       <div class=\"inline-block text-xs pb-1 pr-4 mt-4\">\n         24. November 2022\n       <\/div>\n      <\/div>\n  <\/div>\n<\/article>                     <article class=\"w-full article relative\">\n  <div data-aos=\"fade-up\" class=\"lg:w-full mx-auto\">\n      <div class=\"article-img rounded-t-lg overflow-hidden transition duration-500 ease-in-out transform-gpu hover:scale-105 hover:shadow-2xl\">\n          <a href=\"https:\/\/www.upjs.sk\/en\/27498-2\/\">\n            <img decoding=\"async\" width=\"555\" height=\"390\" src=\"https:\/\/www.upjs.sk\/app\/uploads\/2022\/07\/rtz-databaza-vyradeneho-nabytku.png\" class=\"attachment-post-thumbnail size-post-thumbnail wp-post-image\" alt=\"\" srcset=\"https:\/\/www.upjs.sk\/app\/uploads\/2022\/07\/rtz-databaza-vyradeneho-nabytku.png 555w, https:\/\/www.upjs.sk\/app\/uploads\/2022\/07\/rtz-databaza-vyradeneho-nabytku-300x211.png 300w\" sizes=\"(max-width: 555px) 100vw, 555px\" \/>\n          <\/a>\n      <\/div>\n  <\/div>\n  <div class=\"artilce-content border-x border-b upjs-grey p-4 rounded-b-lg\">\n      <a href=\"https:\/\/www.upjs.sk\/en\/27498-2\/\" class=\"aktualita-nadpis\">\n          <h4 class=\"aktualita-nadpis font-bold line-clamp-2\">UPJ\u0160 has donated furniture to charity<\/h4>\n      <\/a>\n      <div class=\"aktualita-excerpt mt-4 text-xs mb-5 line-clamp-5\">\n        \n        As part of the green benefits at UPJ\u0160, a database of discarded furniture was established. Through this database, the university offers discarded furniture for donation to charities, asylum centres, primary and secondary schools. This will give these things a second chance, not ending up in landfill, but helping where they are needed. On Wednesday, July &hellip; <a href=\"https:\/\/www.upjs.sk\/en\/27498-2\/\">Continued<\/a>\n      <\/div>\n      <div class=\"inline-date absolute bottom-0 left-0  mb-4 flex justify-between items-center w-full\">\n        <div class=\"inline-block pb-1 pl-4 mt-4 text-upjs-blue underline underline-offset-1 text-xs \">\n          <a href=\"https:\/\/www.upjs.sk\/en\/27498-2\/\">Read more<span aria-hidden=\"true\">&rarr;<\/span><\/a> \n       <\/div>\n\n       <div class=\"inline-block text-xs pb-1 pr-4 mt-4\">\n         25. July 2022\n       <\/div>\n      <\/div>\n  <\/div>\n<\/article>                     <article class=\"w-full article relative\">\n  <div data-aos=\"fade-up\" class=\"lg:w-full mx-auto\">\n      <div class=\"article-img rounded-t-lg overflow-hidden transition duration-500 ease-in-out transform-gpu hover:scale-105 hover:shadow-2xl\">\n          <a href=\"https:\/\/www.upjs.sk\/en\/eko-tyzden-2022\/\">\n            <img decoding=\"async\" width=\"555\" height=\"390\" src=\"https:\/\/www.upjs.sk\/app\/uploads\/2022\/06\/rtz-eko-tyzden-jar.png\" class=\"attachment-post-thumbnail size-post-thumbnail wp-post-image\" alt=\"\" srcset=\"https:\/\/www.upjs.sk\/app\/uploads\/2022\/06\/rtz-eko-tyzden-jar.png 555w, https:\/\/www.upjs.sk\/app\/uploads\/2022\/06\/rtz-eko-tyzden-jar-300x211.png 300w\" sizes=\"(max-width: 555px) 100vw, 555px\" \/>\n          <\/a>\n      <\/div>\n  <\/div>\n  <div class=\"artilce-content border-x border-b upjs-grey p-4 rounded-b-lg\">\n      <a href=\"https:\/\/www.upjs.sk\/en\/eko-tyzden-2022\/\" class=\"aktualita-nadpis\">\n          <h4 class=\"aktualita-nadpis font-bold line-clamp-2\">First ECO Week at UPJ\u0160<\/h4>\n      <\/a>\n      <div class=\"aktualita-excerpt mt-4 text-xs mb-5 line-clamp-5\">\n        \n        As part of the ECO Week, which took place in the first week of May, the Commission prepared a really rich programme for the strategic plan \u201cUPJ\u0160 \u2013 Green University\u201d in cooperation with the management of UPJ\u0160, the University Library and the Botanical Garden. In the Minerva building on the campus of the Faculty of &hellip; <a href=\"https:\/\/www.upjs.sk\/en\/eko-tyzden-2022\/\">Continued<\/a>\n      <\/div>\n      <div class=\"inline-date absolute bottom-0 left-0  mb-4 flex justify-between items-center w-full\">\n        <div class=\"inline-block pb-1 pl-4 mt-4 text-upjs-blue underline underline-offset-1 text-xs \">\n          <a href=\"https:\/\/www.upjs.sk\/en\/eko-tyzden-2022\/\">Read more<span aria-hidden=\"true\">&rarr;<\/span><\/a> \n       <\/div>\n\n       <div class=\"inline-block text-xs pb-1 pr-4 mt-4\">\n         14. June 2022\n       <\/div>\n      <\/div>\n  <\/div>\n<\/article>                     <article class=\"w-full article relative\">\n  <div data-aos=\"fade-up\" class=\"lg:w-full mx-auto\">\n      <div class=\"article-img rounded-t-lg overflow-hidden transition duration-500 ease-in-out transform-gpu hover:scale-105 hover:shadow-2xl\">\n          <a href=\"https:\/\/www.upjs.sk\/en\/skolenie-odpad\/\">\n            <img decoding=\"async\" width=\"555\" height=\"390\" src=\"https:\/\/www.upjs.sk\/app\/uploads\/2022\/06\/rtz-skolenie-upratovacky.png\" class=\"attachment-post-thumbnail size-post-thumbnail wp-post-image\" alt=\"\" srcset=\"https:\/\/www.upjs.sk\/app\/uploads\/2022\/06\/rtz-skolenie-upratovacky.png 555w, https:\/\/www.upjs.sk\/app\/uploads\/2022\/06\/rtz-skolenie-upratovacky-300x211.png 300w\" sizes=\"(max-width: 555px) 100vw, 555px\" \/>\n          <\/a>\n      <\/div>\n  <\/div>\n  <div class=\"artilce-content border-x border-b upjs-grey p-4 rounded-b-lg\">\n      <a href=\"https:\/\/www.upjs.sk\/en\/skolenie-odpad\/\" class=\"aktualita-nadpis\">\n          <h4 class=\"aktualita-nadpis font-bold line-clamp-2\">Proper separation training<\/h4>\n      <\/a>\n      <div class=\"aktualita-excerpt mt-4 text-xs mb-5 line-clamp-5\">\n        \n        We are convinced that our cleaners are the carriers of the philosophy of recycling waste. They are the first people who come into contact with waste. Therefore, in cooperation with KOSIT, we have prepared a training course on waste separation for them. On March 8, two training sessions were held on campus, attended by cleaners &hellip; <a href=\"https:\/\/www.upjs.sk\/en\/skolenie-odpad\/\">Continued<\/a>\n      <\/div>\n      <div class=\"inline-date absolute bottom-0 left-0  mb-4 flex justify-between items-center w-full\">\n        <div class=\"inline-block pb-1 pl-4 mt-4 text-upjs-blue underline underline-offset-1 text-xs \">\n          <a href=\"https:\/\/www.upjs.sk\/en\/skolenie-odpad\/\">Read more<span aria-hidden=\"true\">&rarr;<\/span><\/a> \n       <\/div>\n\n       <div class=\"inline-block text-xs pb-1 pr-4 mt-4\">\n         13. June 2022\n       <\/div>\n      <\/div>\n  <\/div>\n<\/article>            <\/div>\r\n    <\/section>\r\n\r\n\r\n<style type=\"text\/css\">\r\n  [data- block_63c7cdc9617dd] {\r\n    background:  ;\r\n    color: ;\r\n  }\r\n<\/style>\r\n\n\n\n<div style=\"height:30px\" aria-hidden=\"true\" class=\"wp-block-spacer\"><\/div>\n\n\n\n<p class=\"has-text-align-center\">View more \u2192<\/p>\n","protected":false},"excerpt":{"rendered":"<p>View more \u2192<\/p>\n","protected":false},"author":1,"featured_media":0,"parent":41191,"menu_order":12,"comment_status":"closed","ping_status":"closed","template":"","meta":{"_acf_changed":false,"_editorskit_title_hidden":false,"_editorskit_reading_time":1,"_editorskit_is_block_options_detached":false,"_editorskit_block_options_position":"{}","footnotes":""},"categories":[],"tags":[],"class_list":["post-58977","page","type-page","status-publish","hentry"],"acf":{"acf_link_na_externy_obsah":""},"yoast_head":"<!-- This site is optimized with the Yoast SEO plugin v27.2 - https:\/\/yoast.com\/product\/yoast-seo-wordpress\/ -->\n<title>Race To Zero - Green university - UPJ\u0160 Ko\u0161ice<\/title>\n<meta name=\"robots\" content=\"index, follow, max-snippet:-1, max-image-preview:large, max-video-preview:-1\" \/>\n<link rel=\"canonical\" href=\"https:\/\/www.upjs.sk\/en\/university\/race-to-zero\/\" \/>\n<meta property=\"og:locale\" content=\"en_US\" \/>\n<meta property=\"og:type\" content=\"article\" \/>\n<meta property=\"og:title\" content=\"Race To Zero - Green university - UPJ\u0160 Ko\u0161ice\" \/>\n<meta property=\"og:description\" content=\"View more \u2192\" \/>\n<meta property=\"og:url\" content=\"https:\/\/www.upjs.sk\/en\/university\/race-to-zero\/\" \/>\n<meta property=\"og:site_name\" content=\"UPJ\u0160 Ko\u0161ice\" \/>\n<meta property=\"article:publisher\" content=\"https:\/\/www.facebook.com\/UniverzitaPavlaJozefaSafarikaVkosiciach\/\" \/>\n<meta property=\"article:modified_time\" content=\"2023-05-05T08:05:10+00:00\" \/>\n<meta name=\"twitter:card\" content=\"summary_large_image\" \/>\n<meta name=\"twitter:site\" content=\"@UPJS_kosice\" \/>\n<meta name=\"twitter:label1\" content=\"Est. reading time\" \/>\n\t<meta name=\"twitter:data1\" content=\"1 minute\" \/>\n<script type=\"application\/ld+json\" class=\"yoast-schema-graph\">{\"@context\":\"https:\/\/schema.org\",\"@graph\":[{\"@type\":\"WebPage\",\"@id\":\"https:\/\/www.upjs.sk\/en\/university\/race-to-zero\/\",\"url\":\"https:\/\/www.upjs.sk\/en\/university\/race-to-zero\/\",\"name\":\"Race To Zero - Green university - UPJ\u0160 Ko\u0161ice\",\"isPartOf\":{\"@id\":\"https:\/\/www.upjs.sk\/en\/#website\"},\"datePublished\":\"2022-08-18T09:02:28+00:00\",\"dateModified\":\"2023-05-05T08:05:10+00:00\",\"breadcrumb\":{\"@id\":\"https:\/\/www.upjs.sk\/en\/university\/race-to-zero\/#breadcrumb\"},\"inLanguage\":\"en-US\",\"potentialAction\":[{\"@type\":\"ReadAction\",\"target\":[\"https:\/\/www.upjs.sk\/en\/university\/race-to-zero\/\"]}]},{\"@type\":\"BreadcrumbList\",\"@id\":\"https:\/\/www.upjs.sk\/en\/university\/race-to-zero\/#breadcrumb\",\"itemListElement\":[{\"@type\":\"ListItem\",\"position\":1,\"name\":\"Home\",\"item\":\"https:\/\/www.upjs.sk\/en\/\"},{\"@type\":\"ListItem\",\"position\":2,\"name\":\"University\",\"item\":\"https:\/\/www.upjs.sk\/en\/university\/\"},{\"@type\":\"ListItem\",\"position\":3,\"name\":\"Race To Zero &#8211; Green university\"}]},{\"@type\":\"WebSite\",\"@id\":\"https:\/\/www.upjs.sk\/en\/#website\",\"url\":\"https:\/\/www.upjs.sk\/en\/\",\"name\":\"UPJ\u0160 Ko\u0161ice\",\"description\":\"Wisdom of the Past, Knowledge of the Present, Education of the Future\",\"publisher\":{\"@id\":\"https:\/\/www.upjs.sk\/en\/#organization\"},\"potentialAction\":[{\"@type\":\"SearchAction\",\"target\":{\"@type\":\"EntryPoint\",\"urlTemplate\":\"https:\/\/www.upjs.sk\/en\/?s={search_term_string}\"},\"query-input\":{\"@type\":\"PropertyValueSpecification\",\"valueRequired\":true,\"valueName\":\"search_term_string\"}}],\"inLanguage\":\"en-US\"},{\"@type\":\"Organization\",\"@id\":\"https:\/\/www.upjs.sk\/en\/#organization\",\"name\":\"UPJ\u0160 Ko\u0161ice\",\"url\":\"https:\/\/www.upjs.sk\/en\/\",\"logo\":{\"@type\":\"ImageObject\",\"inLanguage\":\"en-US\",\"@id\":\"https:\/\/www.upjs.sk\/en\/#\/schema\/logo\/image\/\",\"url\":\"https:\/\/www.upjs.sk\/app\/uploads\/2023\/01\/UPJS_ENG_esymbol.svg\",\"contentUrl\":\"https:\/\/www.upjs.sk\/app\/uploads\/2023\/01\/UPJS_ENG_esymbol.svg\",\"width\":448,\"height\":139,\"caption\":\"UPJ\u0160 Ko\u0161ice\"},\"image\":{\"@id\":\"https:\/\/www.upjs.sk\/en\/#\/schema\/logo\/image\/\"},\"sameAs\":[\"https:\/\/www.facebook.com\/UniverzitaPavlaJozefaSafarikaVkosiciach\/\",\"https:\/\/x.com\/UPJS_kosice\",\"https:\/\/www.instagram.com\/upjs_kosice\",\"https:\/\/www.linkedin.com\/company\/pavol-jozef-afrik-university-in-koice\/\"]}]}<\/script>\n<!-- \/ Yoast SEO plugin. -->","yoast_head_json":{"title":"Race To Zero - Green university - UPJ\u0160 Ko\u0161ice","robots":{"index":"index","follow":"follow","max-snippet":"max-snippet:-1","max-image-preview":"max-image-preview:large","max-video-preview":"max-video-preview:-1"},"canonical":"https:\/\/www.upjs.sk\/en\/university\/race-to-zero\/","og_locale":"en_US","og_type":"article","og_title":"Race To Zero - Green university - UPJ\u0160 Ko\u0161ice","og_description":"View more \u2192","og_url":"https:\/\/www.upjs.sk\/en\/university\/race-to-zero\/","og_site_name":"UPJ\u0160 Ko\u0161ice","article_publisher":"https:\/\/www.facebook.com\/UniverzitaPavlaJozefaSafarikaVkosiciach\/","article_modified_time":"2023-05-05T08:05:10+00:00","twitter_card":"summary_large_image","twitter_site":"@UPJS_kosice","twitter_misc":{"Est. reading time":"1 minute"},"schema":{"@context":"https:\/\/schema.org","@graph":[{"@type":"WebPage","@id":"https:\/\/www.upjs.sk\/en\/university\/race-to-zero\/","url":"https:\/\/www.upjs.sk\/en\/university\/race-to-zero\/","name":"Race To Zero - Green university - UPJ\u0160 Ko\u0161ice","isPartOf":{"@id":"https:\/\/www.upjs.sk\/en\/#website"},"datePublished":"2022-08-18T09:02:28+00:00","dateModified":"2023-05-05T08:05:10+00:00","breadcrumb":{"@id":"https:\/\/www.upjs.sk\/en\/university\/race-to-zero\/#breadcrumb"},"inLanguage":"en-US","potentialAction":[{"@type":"ReadAction","target":["https:\/\/www.upjs.sk\/en\/university\/race-to-zero\/"]}]},{"@type":"BreadcrumbList","@id":"https:\/\/www.upjs.sk\/en\/university\/race-to-zero\/#breadcrumb","itemListElement":[{"@type":"ListItem","position":1,"name":"Home","item":"https:\/\/www.upjs.sk\/en\/"},{"@type":"ListItem","position":2,"name":"University","item":"https:\/\/www.upjs.sk\/en\/university\/"},{"@type":"ListItem","position":3,"name":"Race To Zero &#8211; Green university"}]},{"@type":"WebSite","@id":"https:\/\/www.upjs.sk\/en\/#website","url":"https:\/\/www.upjs.sk\/en\/","name":"UPJ\u0160 Ko\u0161ice","description":"Wisdom of the Past, Knowledge of the Present, Education of the Future","publisher":{"@id":"https:\/\/www.upjs.sk\/en\/#organization"},"potentialAction":[{"@type":"SearchAction","target":{"@type":"EntryPoint","urlTemplate":"https:\/\/www.upjs.sk\/en\/?s={search_term_string}"},"query-input":{"@type":"PropertyValueSpecification","valueRequired":true,"valueName":"search_term_string"}}],"inLanguage":"en-US"},{"@type":"Organization","@id":"https:\/\/www.upjs.sk\/en\/#organization","name":"UPJ\u0160 Ko\u0161ice","url":"https:\/\/www.upjs.sk\/en\/","logo":{"@type":"ImageObject","inLanguage":"en-US","@id":"https:\/\/www.upjs.sk\/en\/#\/schema\/logo\/image\/","url":"https:\/\/www.upjs.sk\/app\/uploads\/2023\/01\/UPJS_ENG_esymbol.svg","contentUrl":"https:\/\/www.upjs.sk\/app\/uploads\/2023\/01\/UPJS_ENG_esymbol.svg","width":448,"height":139,"caption":"UPJ\u0160 Ko\u0161ice"},"image":{"@id":"https:\/\/www.upjs.sk\/en\/#\/schema\/logo\/image\/"},"sameAs":["https:\/\/www.facebook.com\/UniverzitaPavlaJozefaSafarikaVkosiciach\/","https:\/\/x.com\/UPJS_kosice","https:\/\/www.instagram.com\/upjs_kosice","https:\/\/www.linkedin.com\/company\/pavol-jozef-afrik-university-in-koice\/"]}]}},"_links":{"self":[{"href":"https:\/\/www.upjs.sk\/en\/wp-json\/wp\/v2\/pages\/58977","targetHints":{"allow":["GET"]}}],"collection":[{"href":"https:\/\/www.upjs.sk\/en\/wp-json\/wp\/v2\/pages"}],"about":[{"href":"https:\/\/www.upjs.sk\/en\/wp-json\/wp\/v2\/types\/page"}],"author":[{"embeddable":true,"href":"https:\/\/www.upjs.sk\/en\/wp-json\/wp\/v2\/users\/1"}],"replies":[{"embeddable":true,"href":"https:\/\/www.upjs.sk\/en\/wp-json\/wp\/v2\/comments?post=58977"}],"version-history":[{"count":13,"href":"https:\/\/www.upjs.sk\/en\/wp-json\/wp\/v2\/pages\/58977\/revisions"}],"predecessor-version":[{"id":59285,"href":"https:\/\/www.upjs.sk\/en\/wp-json\/wp\/v2\/pages\/58977\/revisions\/59285"}],"up":[{"embeddable":true,"href":"https:\/\/www.upjs.sk\/en\/wp-json\/wp\/v2\/pages\/41191"}],"wp:attachment":[{"href":"https:\/\/www.upjs.sk\/en\/wp-json\/wp\/v2\/media?parent=58977"}],"wp:term":[{"taxonomy":"category","embeddable":true,"href":"https:\/\/www.upjs.sk\/en\/wp-json\/wp\/v2\/categories?post=58977"},{"taxonomy":"post_tag","embeddable":true,"href":"https:\/\/www.upjs.sk\/en\/wp-json\/wp\/v2\/tags?post=58977"}],"curies":[{"name":"wp","href":"https:\/\/api.w.org\/{rel}","templated":true}]}}