{"id":59850,"date":"2022-04-06T13:59:59","date_gmt":"2022-04-06T13:59:59","guid":{"rendered":"https:\/\/www.upjs.sk\/information\/science-and-research\/scientific-and-research-activities-phd-studies\/research-projects\/veda-repozitar\/"},"modified":"2023-05-25T20:47:54","modified_gmt":"2023-05-25T19:47:54","slug":"science-and-repository","status":"publish","type":"page","link":"https:\/\/www.upjs.sk\/en\/information\/science-and-research\/scientific-and-research-activities-phd-studies\/doctoral-studies\/science-and-repository\/","title":{"rendered":"Open Science and Repository of UPJ\u0160"},"content":{"rendered":"<p style=\"text-align: justify;\"><span style=\"color: #164082; font-size: 30px;\"><strong>Institutional Policy for Open Science at Pavol Jozef \u0160af\u00e1rik University in Ko\u0161ice<\/strong><\/span><\/p>\n<p style=\"text-align: justify;\"><img decoding=\"async\" style=\"float: left; margin-left: 5px; margin-right: 5px;\" src=\"https:\/\/www.upjs.sk\/app\/uploads\/2022\/09\/ikonkaRepozitar.jpg\" alt=\"\">The mission of Pavol Jozef \u0160af\u00e1rik University in Ko\u0161ice (UPJ\u0160) according to its statute is the dissemination of education and the protection of knowledge, the cultivation of free thinking, independent scientific research and the all-round support of the creative spirit of human society, which it fulfils through strategic documents, in particular by &#8220;updating the long-term plan of the Pavol Jozef \u0160af\u00e1rik University in Ko\u0161ice for the years 2020 to 2025&#8221;. It strives to fulfil its motto <strong>\u201cin order to be a modern and internationally established institution, UPJ\u0160 must constantly seek ways to develop its personal and scientific potential\u201d<\/strong> by making the outputs of its scientific activities accessible to the broad scientific community and the general public.<\/p>\n<p style=\"text-align: justify;\">Pavol Jozef \u0160af\u00e1rik University in Ko\u0161ice is committed to promoting free and unrestricted access to research outputs through <strong>Open Access (OA)<\/strong> and adopts this institutional policy.<\/p>\n<p style=\"text-align: justify;\"><strong>The institutional policy for Open Science at UPJ\u0160<\/strong> is based on the National Strategy for Open Science in accordance with the legislation and recommendations of the European Union concerning open science and open access to its outputs. This is primarily the <strong>Horizon Europe<\/strong> programme, which defines the condition of publishing the outputs generated within this programme under a public licence, as well as strengthening the openness of science and research (open data sharing). The UPJS strategy is based mainly on the awareness of the social and economic function of open access to the outputs of publicly funded scientific research and the key role of the university in the implementation of this idea. UPJS is convinced of the long-term benefits of open access both for the society that provides the resources for research and for the university itself by increasing the visibility and impact of this research.<\/p>\n<p style=\"text-align: justify;\">The following activities have been or will be implemented by the University of Pavol Jozef \u0160af\u00e1rik in Ko\u0161ice to promote open access:<\/p>\n<ul>\n<li style=\"text-align: justify;\">Cooperation with Slovak and foreign universities and other institutions in the development of open access policy and strategy, participation in discussion groups;<\/li>\n<li style=\"text-align: justify;\">Establishment of an <a href=\"https:\/\/zenodo.org\/communities\/pavol-jozef-safarik-university-in-kosice-slovakia\/?page=1&amp;size=20\" target=\"_blank\" rel=\"noopener\"><strong>institutional repository<\/strong><\/a> with the aim of permanent archiving and access to all research outputs produced at UPJ\u0160 (the \u201cGreen Road OA\u201d);<\/li>\n<li style=\"text-align: justify;\">Support for the publication of open access publications and journals within the university publishing house, \u0160af\u00e1rikPress.<\/li>\n<\/ul>\n<p style=\"text-align: justify;\">The following guidelines are issued by the University of Pavol Jozef \u0160af\u00e1rik in Ko\u0161ice in support of open access (see <a href=\"https:\/\/intranet.upjs.sk\/out\/out.ViewDocument.php?documentid=6176&amp;showtree=1\" target=\"_blank\" rel=\"noopener\"><strong>Rector&#8217;s Decision No. 4\/2022<\/strong><\/a> for more details).<\/p>\n<ul>\n<li style=\"text-align: justify;\">Pavol Jozef \u0160af\u00e1rik University in Ko\u0161ice recommends authors publish their work more extensively in credible and high-quality open access journals (Directory of Open Access Journals &#8211; DOAJ), thereby contributing to the dissemination of new knowledge acquired at the University (Gold OA);<\/li>\n<li style=\"text-align: justify;\">Pavol Jozef \u0160af\u00e1rik University in Ko\u0161ice requires all authors to establish a permanent and unique ORCID identifier as an aid for the unambiguous identification of authors;<\/li>\n<li style=\"text-align: justify;\">The University of Pavol Jozef \u0160af\u00e1rik in Ko\u0161ice requires unique international identification of all scientific publications published by UPJ\u0160 using DOI;<\/li>\n<li style=\"text-align: justify;\">The University of Pavol Jozef \u0160af\u00e1rik in Ko\u0161ice requires a plan for the management of scientific data from publicly funded projects in accordance with FAIR principles (findable, accessible, interoperable and reusable).<\/li>\n<\/ul>\n<p style=\"text-align: justify;\"><span style=\"color: #006699;\"><strong>What does open access mean and what does it entail?<\/strong><\/span><\/p>\n<p style=\"text-align: justify;\">Open access means <strong>immediate, free and unrestricted access to scientific publications<\/strong> for teachers, scientists, PhD students, students, but also for the general public.<\/p>\n<p style=\"text-align: justify;\">Open Access brings:<\/p>\n<ul>\n<li style=\"text-align: justify;\">instant access to research outputs for anyone, anytime, anywhere;<\/li>\n<li style=\"text-align: justify;\">removing legal, technological and commercial barriers to access to scientific information;<\/li>\n<li style=\"text-align: justify;\">accelerating scientific progress;<\/li>\n<li style=\"text-align: justify;\">publishing in prestigious impact journals;<\/li>\n<li style=\"text-align: justify;\">increasing the number of responses and the impact of authors&#8217; scientific work.<\/li>\n<\/ul>\n<p style=\"text-align: justify;\"><span style=\"color: #006699;\"><strong>Open Access initiatives<\/strong><\/span><\/p>\n<p style=\"text-align: justify;\">Open Access provides unrestricted free access to scholarly and scientific publications, articles and datasets through publishing in open access journals or by archiving articles in open access repositories.<\/p>\n<p style=\"text-align: justify;\">The basic document for introducing the idea of Open Access is currently the <a href=\"http:\/\/openaccess.mpg.de\/Berlin-Declaration\" target=\"_blank\" rel=\"noopener\">Berlin Declaration on Open Access to Knowledge in the Sciences and Humanities<\/a>, which builds on previous initiatives: the Budapest Open Access Initiative and the <a href=\"https:\/\/otvorenaveda.cvtisr.sk\/informacne-materialy\/\" target=\"_blank\" rel=\"noopener\">Bethesda Statement on Open Access Publishing<\/a>. The Berlin Declaration defines the principles and methods of Open Access. The Open Access policy has also been supported by the Government of the Slovak Republic by approving the <a href=\"https:\/\/otvorenaveda.cvtisr.sk\/\" target=\"_blank\" rel=\"noopener\"><strong>National Open Science Strategy and the Open Science Action Plan<\/strong><\/a>.<\/p>\n<p style=\"text-align: justify;\"><span style=\"color: #006699;\"><strong>Open Access Pathways<\/strong><\/span><\/p>\n<p style=\"text-align: justify;\"><strong>Green OA<\/strong> entails archiving data or scientific articles in repositories. Public access to this information is made possible through the repository. An institutional repository has been established for this purpose at UPJ\u0160.<\/p>\n<p style=\"text-align: justify;\"><strong>Gold OA<\/strong> entails the publication of scientific articles in peer-reviewed, open access journals. The publisher of such a journal makes the final version of the journal available. However, sometimes the publisher may charge the publishing author a fee for publishing the article (to cover costs).<\/p>\n<hr>\n<p style=\"text-align: justify;\"><span style=\"color: #164082; font-size: 30px;\"><strong>The Repository of Pavol Jozef \u0160af\u00e1rik University in Ko\u0161ice<\/strong><\/span><\/p>\n<p style=\"text-align: justify;\">The University of Pavol Jozef \u0160af\u00e1rik in Ko\u0161ice is joining the <a href=\"http:\/\/www.safarikpress.6f.sk\/repozitar-zenodo\/co-je-zenodo\" target=\"_blank\" rel=\"noopener\"><strong>ZENODO<\/strong><\/a> repository by establishing the UPJ\u0160 institutional community as a space for collecting and archiving scientific works and data, through which it will enable the immediate and unrestricted access of the scientific community and society as a whole to the expert information and knowledge created by the UPJ\u0160 staff.<\/p>\n<p style=\"text-align: justify;\">Through the repository, UPJ\u0160 provides <strong>immediate and unrestricted access of the scientific community<\/strong> and <strong>society as a whole to the expert information and knowledge<\/strong> created by the University, thus enabling the dissemination of research outputs to the wider public, as well as information about the University&#8217;s activities and the use of public funds.<\/p>\n<p style=\"text-align: justify;\">Through the repository, UPJ\u0160 fulfils the requirements of the EU Framework Programme for Innovation and Research <strong>Horizon 2020<\/strong> for the publication of scientific works or data, as the dissemination of knowledge in open access form is one of the basic principles of this programme.<\/p>\n<p style=\"text-align: justify;\">The UPJ\u0160 repository includes works published under the UPJ\u0160 banner (publications by employees, final and qualification theses, project outputs, digitised documents, etc.) and scientific data forming the basis of scientific publications and scientific projects under the conditions of preserving intellectual property rights. The repository also serves as a <strong>repository for the \u0160af\u00e1rikPress publishing house<\/strong>.<\/p>\n<p style=\"text-align: justify;\"><span style=\"color: #006699;\"><strong>Contribution of the UPJ\u0160 repository:<\/strong><\/span><\/p>\n<ul>\n<li style=\"text-align: justify;\">immediate presentation of research outputs in a green open access manner;<\/li>\n<li style=\"text-align: justify;\">sharing scientific information with potential partners;<\/li>\n<li style=\"text-align: justify;\">a permanent and secure digital repository, which allows not only sharing research outputs but also archiving (e.g. for the needs of reporting scientific and research outputs, etc.);<\/li>\n<li style=\"text-align: justify;\">a prestigious position among the world&#8217;s universities supporting this trend.<\/li>\n<\/ul>\n<p style=\"text-align: justify;\">Further information is provided in the <a href=\"https:\/\/intranet.upjs.sk\/op\/op.Public.php?documentid=7416\" target=\"_blank\" rel=\"noopener\">manual for working in the institutional repository<\/a>, or assistance can be provided by the responsible staff within the faculties and UPJ\u0160, or by the publishing house \u0160af\u00e1rikPress: Mgr. Andrea Dohovi\u010dov\u00e1; e-mail: <a href=\"mailto:andrea.dohovicova@upjs.sk\">andrea.dohovicova@upjs.sk.<\/a><\/p>\n<p style=\"text-align: center;\"><img decoding=\"async\" style=\"height: 112px; width: 112px;\" src=\"https:\/\/www.upjs.sk\/app\/uploads\/2022\/09\/open-access.jpg\" alt=\"\"><\/p>\n","protected":false},"excerpt":{"rendered":"<p>Institutional Policy for Open Science at Pavol Jozef \u0160af\u00e1rik University in Ko\u0161ice The mission of Pavol Jozef \u0160af\u00e1rik University in Ko\u0161ice (UPJ\u0160) according to its statute is the dissemination of education and the protection of knowledge, the cultivation of free thinking, independent scientific research and the all-round support of the creative spirit of human society, &hellip; <a href=\"https:\/\/www.upjs.sk\/en\/information\/science-and-research\/scientific-and-research-activities-phd-studies\/doctoral-studies\/science-and-repository\/\">Continued<\/a><\/p>\n","protected":false},"author":1,"featured_media":21572,"parent":59915,"menu_order":6,"comment_status":"closed","ping_status":"closed","template":"","meta":{"_acf_changed":false,"_editorskit_title_hidden":false,"_editorskit_reading_time":4,"_editorskit_is_block_options_detached":false,"_editorskit_block_options_position":"{}","footnotes":""},"categories":[],"tags":[],"class_list":["post-59850","page","type-page","status-publish","has-post-thumbnail","hentry"],"acf":{"acf_link_na_externy_obsah":""},"yoast_head":"<!-- This site is optimized with the Yoast SEO plugin v27.2 - https:\/\/yoast.com\/product\/yoast-seo-wordpress\/ -->\n<title>Open Science and Repository of UPJ\u0160 - UPJ\u0160 Ko\u0161ice<\/title>\n<meta name=\"robots\" content=\"index, follow, max-snippet:-1, max-image-preview:large, max-video-preview:-1\" \/>\n<link rel=\"canonical\" href=\"https:\/\/www.upjs.sk\/en\/information\/science-and-research\/scientific-and-research-activities-phd-studies\/doctoral-studies\/science-and-repository\/\" \/>\n<meta property=\"og:locale\" content=\"en_US\" \/>\n<meta property=\"og:type\" content=\"article\" \/>\n<meta property=\"og:title\" content=\"Open Science and Repository of UPJ\u0160 - UPJ\u0160 Ko\u0161ice\" \/>\n<meta property=\"og:description\" content=\"Institutional Policy for Open Science at Pavol Jozef \u0160af\u00e1rik University in Ko\u0161ice The mission of Pavol Jozef \u0160af\u00e1rik University in Ko\u0161ice (UPJ\u0160) according to its statute is the dissemination of education and the protection of knowledge, the cultivation of free thinking, independent scientific research and the all-round support of the creative spirit of human society, &hellip; Continued\" \/>\n<meta property=\"og:url\" content=\"https:\/\/www.upjs.sk\/en\/information\/science-and-research\/scientific-and-research-activities-phd-studies\/doctoral-studies\/science-and-repository\/\" \/>\n<meta property=\"og:site_name\" content=\"UPJ\u0160 Ko\u0161ice\" \/>\n<meta property=\"article:publisher\" content=\"https:\/\/www.facebook.com\/UniverzitaPavlaJozefaSafarikaVkosiciach\/\" \/>\n<meta property=\"article:modified_time\" content=\"2023-05-25T19:47:54+00:00\" \/>\n<meta property=\"og:image\" content=\"https:\/\/www.upjs.sk\/app\/uploads\/2022\/09\/open-access-1.jpg\" \/>\n\t<meta property=\"og:image:width\" content=\"112\" \/>\n\t<meta property=\"og:image:height\" content=\"112\" \/>\n\t<meta property=\"og:image:type\" content=\"image\/jpeg\" \/>\n<meta name=\"twitter:card\" content=\"summary_large_image\" \/>\n<meta name=\"twitter:site\" content=\"@UPJS_kosice\" \/>\n<meta name=\"twitter:label1\" content=\"Est. reading time\" \/>\n\t<meta name=\"twitter:data1\" content=\"7 minutes\" \/>\n<script type=\"application\/ld+json\" class=\"yoast-schema-graph\">{\"@context\":\"https:\/\/schema.org\",\"@graph\":[{\"@type\":\"WebPage\",\"@id\":\"https:\/\/www.upjs.sk\/en\/information\/science-and-research\/scientific-and-research-activities-phd-studies\/doctoral-studies\/science-and-repository\/\",\"url\":\"https:\/\/www.upjs.sk\/en\/information\/science-and-research\/scientific-and-research-activities-phd-studies\/doctoral-studies\/science-and-repository\/\",\"name\":\"Open Science and Repository of UPJ\u0160 - UPJ\u0160 Ko\u0161ice\",\"isPartOf\":{\"@id\":\"https:\/\/www.upjs.sk\/en\/#website\"},\"primaryImageOfPage\":{\"@id\":\"https:\/\/www.upjs.sk\/en\/information\/science-and-research\/scientific-and-research-activities-phd-studies\/doctoral-studies\/science-and-repository\/#primaryimage\"},\"image\":{\"@id\":\"https:\/\/www.upjs.sk\/en\/information\/science-and-research\/scientific-and-research-activities-phd-studies\/doctoral-studies\/science-and-repository\/#primaryimage\"},\"thumbnailUrl\":\"https:\/\/www.upjs.sk\/app\/uploads\/2022\/09\/open-access-1.jpg\",\"datePublished\":\"2022-04-06T13:59:59+00:00\",\"dateModified\":\"2023-05-25T19:47:54+00:00\",\"breadcrumb\":{\"@id\":\"https:\/\/www.upjs.sk\/en\/information\/science-and-research\/scientific-and-research-activities-phd-studies\/doctoral-studies\/science-and-repository\/#breadcrumb\"},\"inLanguage\":\"en-US\",\"potentialAction\":[{\"@type\":\"ReadAction\",\"target\":[\"https:\/\/www.upjs.sk\/en\/information\/science-and-research\/scientific-and-research-activities-phd-studies\/doctoral-studies\/science-and-repository\/\"]}]},{\"@type\":\"ImageObject\",\"inLanguage\":\"en-US\",\"@id\":\"https:\/\/www.upjs.sk\/en\/information\/science-and-research\/scientific-and-research-activities-phd-studies\/doctoral-studies\/science-and-repository\/#primaryimage\",\"url\":\"https:\/\/www.upjs.sk\/app\/uploads\/2022\/09\/open-access-1.jpg\",\"contentUrl\":\"https:\/\/www.upjs.sk\/app\/uploads\/2022\/09\/open-access-1.jpg\",\"width\":112,\"height\":112},{\"@type\":\"BreadcrumbList\",\"@id\":\"https:\/\/www.upjs.sk\/en\/information\/science-and-research\/scientific-and-research-activities-phd-studies\/doctoral-studies\/science-and-repository\/#breadcrumb\",\"itemListElement\":[{\"@type\":\"ListItem\",\"position\":1,\"name\":\"Home\",\"item\":\"https:\/\/www.upjs.sk\/en\/\"},{\"@type\":\"ListItem\",\"position\":2,\"name\":\"Information\",\"item\":\"https:\/\/www.upjs.sk\/en\/information\/\"},{\"@type\":\"ListItem\",\"position\":3,\"name\":\"Science, Research and Development\",\"item\":\"https:\/\/www.upjs.sk\/en\/information\/science-and-research\/\"},{\"@type\":\"ListItem\",\"position\":4,\"name\":\"Scientific and Research Activities, PhD Studies\",\"item\":\"https:\/\/www.upjs.sk\/en\/information\/science-and-research\/scientific-and-research-activities-phd-studies\/\"},{\"@type\":\"ListItem\",\"position\":5,\"name\":\"Scientific research and doctoral studies\",\"item\":\"https:\/\/www.upjs.sk\/en\/information\/science-and-research\/scientific-and-research-activities-phd-studies\/doctoral-studies\/\"},{\"@type\":\"ListItem\",\"position\":6,\"name\":\"Open Science and Repository of UPJ\u0160\"}]},{\"@type\":\"WebSite\",\"@id\":\"https:\/\/www.upjs.sk\/en\/#website\",\"url\":\"https:\/\/www.upjs.sk\/en\/\",\"name\":\"UPJ\u0160 Ko\u0161ice\",\"description\":\"Wisdom of the Past, Knowledge of the Present, Education of the Future\",\"publisher\":{\"@id\":\"https:\/\/www.upjs.sk\/en\/#organization\"},\"potentialAction\":[{\"@type\":\"SearchAction\",\"target\":{\"@type\":\"EntryPoint\",\"urlTemplate\":\"https:\/\/www.upjs.sk\/en\/?s={search_term_string}\"},\"query-input\":{\"@type\":\"PropertyValueSpecification\",\"valueRequired\":true,\"valueName\":\"search_term_string\"}}],\"inLanguage\":\"en-US\"},{\"@type\":\"Organization\",\"@id\":\"https:\/\/www.upjs.sk\/en\/#organization\",\"name\":\"UPJ\u0160 Ko\u0161ice\",\"url\":\"https:\/\/www.upjs.sk\/en\/\",\"logo\":{\"@type\":\"ImageObject\",\"inLanguage\":\"en-US\",\"@id\":\"https:\/\/www.upjs.sk\/en\/#\/schema\/logo\/image\/\",\"url\":\"https:\/\/www.upjs.sk\/app\/uploads\/2023\/01\/UPJS_ENG_esymbol.svg\",\"contentUrl\":\"https:\/\/www.upjs.sk\/app\/uploads\/2023\/01\/UPJS_ENG_esymbol.svg\",\"width\":448,\"height\":139,\"caption\":\"UPJ\u0160 Ko\u0161ice\"},\"image\":{\"@id\":\"https:\/\/www.upjs.sk\/en\/#\/schema\/logo\/image\/\"},\"sameAs\":[\"https:\/\/www.facebook.com\/UniverzitaPavlaJozefaSafarikaVkosiciach\/\",\"https:\/\/x.com\/UPJS_kosice\",\"https:\/\/www.instagram.com\/upjs_kosice\",\"https:\/\/www.linkedin.com\/company\/pavol-jozef-afrik-university-in-koice\/\"]}]}<\/script>\n<!-- \/ Yoast SEO plugin. -->","yoast_head_json":{"title":"Open Science and Repository of UPJ\u0160 - UPJ\u0160 Ko\u0161ice","robots":{"index":"index","follow":"follow","max-snippet":"max-snippet:-1","max-image-preview":"max-image-preview:large","max-video-preview":"max-video-preview:-1"},"canonical":"https:\/\/www.upjs.sk\/en\/information\/science-and-research\/scientific-and-research-activities-phd-studies\/doctoral-studies\/science-and-repository\/","og_locale":"en_US","og_type":"article","og_title":"Open Science and Repository of UPJ\u0160 - UPJ\u0160 Ko\u0161ice","og_description":"Institutional Policy for Open Science at Pavol Jozef \u0160af\u00e1rik University in Ko\u0161ice The mission of Pavol Jozef \u0160af\u00e1rik University in Ko\u0161ice (UPJ\u0160) according to its statute is the dissemination of education and the protection of knowledge, the cultivation of free thinking, independent scientific research and the all-round support of the creative spirit of human society, &hellip; Continued","og_url":"https:\/\/www.upjs.sk\/en\/information\/science-and-research\/scientific-and-research-activities-phd-studies\/doctoral-studies\/science-and-repository\/","og_site_name":"UPJ\u0160 Ko\u0161ice","article_publisher":"https:\/\/www.facebook.com\/UniverzitaPavlaJozefaSafarikaVkosiciach\/","article_modified_time":"2023-05-25T19:47:54+00:00","og_image":[{"width":112,"height":112,"url":"https:\/\/www.upjs.sk\/app\/uploads\/2022\/09\/open-access-1.jpg","type":"image\/jpeg"}],"twitter_card":"summary_large_image","twitter_site":"@UPJS_kosice","twitter_misc":{"Est. reading time":"7 minutes"},"schema":{"@context":"https:\/\/schema.org","@graph":[{"@type":"WebPage","@id":"https:\/\/www.upjs.sk\/en\/information\/science-and-research\/scientific-and-research-activities-phd-studies\/doctoral-studies\/science-and-repository\/","url":"https:\/\/www.upjs.sk\/en\/information\/science-and-research\/scientific-and-research-activities-phd-studies\/doctoral-studies\/science-and-repository\/","name":"Open Science and Repository of UPJ\u0160 - UPJ\u0160 Ko\u0161ice","isPartOf":{"@id":"https:\/\/www.upjs.sk\/en\/#website"},"primaryImageOfPage":{"@id":"https:\/\/www.upjs.sk\/en\/information\/science-and-research\/scientific-and-research-activities-phd-studies\/doctoral-studies\/science-and-repository\/#primaryimage"},"image":{"@id":"https:\/\/www.upjs.sk\/en\/information\/science-and-research\/scientific-and-research-activities-phd-studies\/doctoral-studies\/science-and-repository\/#primaryimage"},"thumbnailUrl":"https:\/\/www.upjs.sk\/app\/uploads\/2022\/09\/open-access-1.jpg","datePublished":"2022-04-06T13:59:59+00:00","dateModified":"2023-05-25T19:47:54+00:00","breadcrumb":{"@id":"https:\/\/www.upjs.sk\/en\/information\/science-and-research\/scientific-and-research-activities-phd-studies\/doctoral-studies\/science-and-repository\/#breadcrumb"},"inLanguage":"en-US","potentialAction":[{"@type":"ReadAction","target":["https:\/\/www.upjs.sk\/en\/information\/science-and-research\/scientific-and-research-activities-phd-studies\/doctoral-studies\/science-and-repository\/"]}]},{"@type":"ImageObject","inLanguage":"en-US","@id":"https:\/\/www.upjs.sk\/en\/information\/science-and-research\/scientific-and-research-activities-phd-studies\/doctoral-studies\/science-and-repository\/#primaryimage","url":"https:\/\/www.upjs.sk\/app\/uploads\/2022\/09\/open-access-1.jpg","contentUrl":"https:\/\/www.upjs.sk\/app\/uploads\/2022\/09\/open-access-1.jpg","width":112,"height":112},{"@type":"BreadcrumbList","@id":"https:\/\/www.upjs.sk\/en\/information\/science-and-research\/scientific-and-research-activities-phd-studies\/doctoral-studies\/science-and-repository\/#breadcrumb","itemListElement":[{"@type":"ListItem","position":1,"name":"Home","item":"https:\/\/www.upjs.sk\/en\/"},{"@type":"ListItem","position":2,"name":"Information","item":"https:\/\/www.upjs.sk\/en\/information\/"},{"@type":"ListItem","position":3,"name":"Science, Research and Development","item":"https:\/\/www.upjs.sk\/en\/information\/science-and-research\/"},{"@type":"ListItem","position":4,"name":"Scientific and Research Activities, PhD Studies","item":"https:\/\/www.upjs.sk\/en\/information\/science-and-research\/scientific-and-research-activities-phd-studies\/"},{"@type":"ListItem","position":5,"name":"Scientific research and doctoral studies","item":"https:\/\/www.upjs.sk\/en\/information\/science-and-research\/scientific-and-research-activities-phd-studies\/doctoral-studies\/"},{"@type":"ListItem","position":6,"name":"Open Science and Repository of UPJ\u0160"}]},{"@type":"WebSite","@id":"https:\/\/www.upjs.sk\/en\/#website","url":"https:\/\/www.upjs.sk\/en\/","name":"UPJ\u0160 Ko\u0161ice","description":"Wisdom of the Past, Knowledge of the Present, Education of the Future","publisher":{"@id":"https:\/\/www.upjs.sk\/en\/#organization"},"potentialAction":[{"@type":"SearchAction","target":{"@type":"EntryPoint","urlTemplate":"https:\/\/www.upjs.sk\/en\/?s={search_term_string}"},"query-input":{"@type":"PropertyValueSpecification","valueRequired":true,"valueName":"search_term_string"}}],"inLanguage":"en-US"},{"@type":"Organization","@id":"https:\/\/www.upjs.sk\/en\/#organization","name":"UPJ\u0160 Ko\u0161ice","url":"https:\/\/www.upjs.sk\/en\/","logo":{"@type":"ImageObject","inLanguage":"en-US","@id":"https:\/\/www.upjs.sk\/en\/#\/schema\/logo\/image\/","url":"https:\/\/www.upjs.sk\/app\/uploads\/2023\/01\/UPJS_ENG_esymbol.svg","contentUrl":"https:\/\/www.upjs.sk\/app\/uploads\/2023\/01\/UPJS_ENG_esymbol.svg","width":448,"height":139,"caption":"UPJ\u0160 Ko\u0161ice"},"image":{"@id":"https:\/\/www.upjs.sk\/en\/#\/schema\/logo\/image\/"},"sameAs":["https:\/\/www.facebook.com\/UniverzitaPavlaJozefaSafarikaVkosiciach\/","https:\/\/x.com\/UPJS_kosice","https:\/\/www.instagram.com\/upjs_kosice","https:\/\/www.linkedin.com\/company\/pavol-jozef-afrik-university-in-koice\/"]}]}},"_links":{"self":[{"href":"https:\/\/www.upjs.sk\/en\/wp-json\/wp\/v2\/pages\/59850","targetHints":{"allow":["GET"]}}],"collection":[{"href":"https:\/\/www.upjs.sk\/en\/wp-json\/wp\/v2\/pages"}],"about":[{"href":"https:\/\/www.upjs.sk\/en\/wp-json\/wp\/v2\/types\/page"}],"author":[{"embeddable":true,"href":"https:\/\/www.upjs.sk\/en\/wp-json\/wp\/v2\/users\/1"}],"replies":[{"embeddable":true,"href":"https:\/\/www.upjs.sk\/en\/wp-json\/wp\/v2\/comments?post=59850"}],"version-history":[{"count":4,"href":"https:\/\/www.upjs.sk\/en\/wp-json\/wp\/v2\/pages\/59850\/revisions"}],"predecessor-version":[{"id":60145,"href":"https:\/\/www.upjs.sk\/en\/wp-json\/wp\/v2\/pages\/59850\/revisions\/60145"}],"up":[{"embeddable":true,"href":"https:\/\/www.upjs.sk\/en\/wp-json\/wp\/v2\/pages\/59915"}],"wp:featuredmedia":[{"embeddable":true,"href":"https:\/\/www.upjs.sk\/en\/wp-json\/wp\/v2\/media\/21572"}],"wp:attachment":[{"href":"https:\/\/www.upjs.sk\/en\/wp-json\/wp\/v2\/media?parent=59850"}],"wp:term":[{"taxonomy":"category","embeddable":true,"href":"https:\/\/www.upjs.sk\/en\/wp-json\/wp\/v2\/categories?post=59850"},{"taxonomy":"post_tag","embeddable":true,"href":"https:\/\/www.upjs.sk\/en\/wp-json\/wp\/v2\/tags?post=59850"}],"curies":[{"name":"wp","href":"https:\/\/api.w.org\/{rel}","templated":true}]}}